{"id":9699,"date":"2026-04-16T12:54:21","date_gmt":"2026-04-16T12:54:21","guid":{"rendered":"https:\/\/aeprilclinics.nl\/botox-bocouture\/"},"modified":"2026-05-16T20:18:25","modified_gmt":"2026-05-16T20:18:25","slug":"botox-bocouture","status":"publish","type":"page","link":"https:\/\/aeprilclinics.nl\/pt-br\/botox-bocouture\/","title":{"rendered":"Botox Bocouture"},"content":{"rendered":"\n<div class=\"wp-block-media-text has-media-on-the-right is-stacked-on-mobile is-image-fill-element\" style=\"margin-bottom:var(--wp--preset--spacing--60)\"><div class=\"wp-block-media-text__content\">\n<h5 class=\"wp-block-heading\">Tratamentos Bocouture na Aepril Cosmetic Clinic<\/h5>\n\n\n\n<h2 class=\"wp-block-heading\">O que \u00e9 Bocouture?<\/h2>\n\n\n\n<p>O que \u00e9 Bocouture?<\/p>\n\n\n\n<p>O Bocouture \u00e9 um tratamento com toxina botul\u00ednica tipo A usado para relaxar temporariamente os m\u00fasculos e suavizar as rugas. O produto foi desenvolvido pela empresa farmac\u00eautica internacional Merz Pharma e \u00e9 usado em todo o mundo na \u00e1rea de est\u00e9tica m\u00e9dica. <\/p>\n\n\n\n<p>O Bocouture \u00e9 conhecido como uma das <strong>formula\u00e7\u00f5es mais puras de toxina botul\u00ednica<\/strong> porque n\u00e3o cont\u00e9m prote\u00ednas complexas. Como resultado, cont\u00e9m apenas o ingrediente ativo, o que pode contribuir para resultados previs\u00edveis e um risco menor de forma\u00e7\u00e3o de anticorpos com tratamentos repetidos. <\/p>\n\n\n\n<p>Ao relaxar temporariamente os m\u00fasculos, as rugas din\u00e2micas &#8211; rugas causadas pelo movimento muscular &#8211; s\u00e3o suavizadas. Isso cria uma apar\u00eancia mais fresca e relaxada sem que voc\u00ea perca as express\u00f5es faciais naturais. <\/p>\n\n\n\n<p>Na Aepril Cosmetic Clinic, trabalhamos com a Bocouture e <strong>sempre<\/strong> compramos <strong>diretamente do fabricante farmac\u00eautico<\/strong>, sem intermedi\u00e1rios. Isso nos permite garantir totalmente a autenticidade, a qualidade e a rastreabilidade de nossos produtos. <\/p>\n<\/div><figure class=\"wp-block-media-text__media\"><img loading=\"lazy\" decoding=\"async\" width=\"683\" height=\"1024\" src=\"https:\/\/aeprilclinics.nl\/wp-content\/uploads\/2025\/01\/BN4A7674-Verbeterd-NR-683x1024.jpg\" alt=\"\" class=\"wp-image-914 size-full\" style=\"object-position:50% 50%\" srcset=\"https:\/\/aeprilclinics.nl\/wp-content\/uploads\/2025\/01\/BN4A7674-Verbeterd-NR-683x1024.jpg 683w, https:\/\/aeprilclinics.nl\/wp-content\/uploads\/2025\/01\/BN4A7674-Verbeterd-NR-200x300.jpg 200w, https:\/\/aeprilclinics.nl\/wp-content\/uploads\/2025\/01\/BN4A7674-Verbeterd-NR-768x1152.jpg 768w, https:\/\/aeprilclinics.nl\/wp-content\/uploads\/2025\/01\/BN4A7674-Verbeterd-NR-1024x1536.jpg 1024w, https:\/\/aeprilclinics.nl\/wp-content\/uploads\/2025\/01\/BN4A7674-Verbeterd-NR-1365x2048.jpg 1365w, https:\/\/aeprilclinics.nl\/wp-content\/uploads\/2025\/01\/BN4A7674-Verbeterd-NR-180x270.jpg 180w, https:\/\/aeprilclinics.nl\/wp-content\/uploads\/2025\/01\/BN4A7674-Verbeterd-NR-scaled.jpg 1706w\" sizes=\"auto, (max-width: 683px) 100vw, 683px\" \/><\/figure><\/div>\n\n<div class=\"wp-block-cover alignfull is-light\" style=\"margin-top:var(--wp--preset--spacing--60);margin-bottom:var(--wp--preset--spacing--60)\"><span aria-hidden=\"true\" class=\"wp-block-cover__background has-accent-2-background-color has-background-dim-100 has-background-dim\"><\/span><div class=\"wp-block-cover__inner-container has-global-padding is-layout-constrained wp-block-cover-is-layout-constrained\">\n<h5 class=\"wp-block-heading has-text-align-center\">Informa\u00e7\u00f5es<\/h5>\n\n\n\n<h2 class=\"wp-block-heading has-text-align-center\">Informa\u00e7\u00f5es sobre nossos tratamentos Bocouture<\/h2>\n\n\n\n<div class=\"wp-block-columns is-layout-flex wp-container-core-columns-is-layout-b0bab6eb wp-block-columns-is-layout-flex\" style=\"margin-top:var(--wp--preset--spacing--40);margin-bottom:var(--wp--preset--spacing--40)\">\n<div class=\"wp-block-column is-layout-flow wp-block-column-is-layout-flow\">\n<div class=\"wp-block-columns is-not-stacked-on-mobile is-layout-flex wp-container-core-columns-is-layout-28f84493 wp-block-columns-is-layout-flex\">\n<div class=\"wp-block-column is-layout-flow wp-block-column-is-layout-flow\" style=\"flex-basis:50px\">\n<figure class=\"wp-block-image size-full\"><img loading=\"lazy\" decoding=\"async\" width=\"300\" height=\"315\" src=\"https:\/\/aeprilclinics.nl\/wp-content\/uploads\/2025\/01\/icon-merk.png\" alt=\"\" class=\"wp-image-1001\" srcset=\"https:\/\/aeprilclinics.nl\/wp-content\/uploads\/2025\/01\/icon-merk.png 300w, https:\/\/aeprilclinics.nl\/wp-content\/uploads\/2025\/01\/icon-merk-286x300.png 286w, https:\/\/aeprilclinics.nl\/wp-content\/uploads\/2025\/01\/icon-merk-257x270.png 257w\" sizes=\"auto, (max-width: 300px) 100vw, 300px\" \/><\/figure>\n<\/div>\n\n\n\n<div class=\"wp-block-column is-layout-flow wp-block-column-is-layout-flow\">\n<h3 class=\"wp-block-heading\">Marca:<\/h3>\n\n\n\n<p>Bocouture  <\/p>\n<\/div>\n<\/div>\n<\/div>\n\n\n\n<div class=\"wp-block-column is-layout-flow wp-block-column-is-layout-flow\">\n<div class=\"wp-block-columns is-not-stacked-on-mobile is-layout-flex wp-container-core-columns-is-layout-28f84493 wp-block-columns-is-layout-flex\">\n<div class=\"wp-block-column is-layout-flow wp-block-column-is-layout-flow\" style=\"flex-basis:50px\">\n<figure class=\"wp-block-image size-full\"><img loading=\"lazy\" decoding=\"async\" width=\"300\" height=\"315\" src=\"https:\/\/aeprilclinics.nl\/wp-content\/uploads\/2025\/01\/icon-behandeltijd.png\" alt=\"\" class=\"wp-image-1002\" srcset=\"https:\/\/aeprilclinics.nl\/wp-content\/uploads\/2025\/01\/icon-behandeltijd.png 300w, https:\/\/aeprilclinics.nl\/wp-content\/uploads\/2025\/01\/icon-behandeltijd-286x300.png 286w, https:\/\/aeprilclinics.nl\/wp-content\/uploads\/2025\/01\/icon-behandeltijd-257x270.png 257w\" sizes=\"auto, (max-width: 300px) 100vw, 300px\" \/><\/figure>\n<\/div>\n\n\n\n<div class=\"wp-block-column is-layout-flow wp-block-column-is-layout-flow\">\n<h3 class=\"wp-block-heading\">Tempo de tratamento<\/h3>\n\n\n\n<p>10 a 20 minutos<\/p>\n<\/div>\n<\/div>\n<\/div>\n\n\n\n<div class=\"wp-block-column is-layout-flow wp-block-column-is-layout-flow\">\n<div class=\"wp-block-columns is-not-stacked-on-mobile is-layout-flex wp-container-core-columns-is-layout-28f84493 wp-block-columns-is-layout-flex\">\n<div class=\"wp-block-column is-layout-flow wp-block-column-is-layout-flow\" style=\"flex-basis:50px\">\n<figure class=\"wp-block-image size-full\"><img loading=\"lazy\" decoding=\"async\" width=\"61\" height=\"64\" src=\"https:\/\/aeprilclinics.nl\/wp-content\/uploads\/2025\/01\/icon-resultaat.png\" alt=\"\" class=\"wp-image-1003\"\/><\/figure>\n<\/div>\n\n\n\n<div class=\"wp-block-column is-layout-flow wp-block-column-is-layout-flow\">\n<h3 class=\"wp-block-heading\">Resultado<\/h3>\n\n\n\n<p>2-6 meses<\/p>\n<\/div>\n<\/div>\n<\/div>\n\n\n\n<div class=\"wp-block-column is-layout-flow wp-block-column-is-layout-flow\">\n<div class=\"wp-block-columns is-not-stacked-on-mobile is-layout-flex wp-container-core-columns-is-layout-28f84493 wp-block-columns-is-layout-flex\">\n<div class=\"wp-block-column is-layout-flow wp-block-column-is-layout-flow\" style=\"flex-basis:50px\">\n<figure class=\"wp-block-image size-full\"><img loading=\"lazy\" decoding=\"async\" width=\"300\" height=\"315\" src=\"https:\/\/aeprilclinics.nl\/wp-content\/uploads\/2025\/01\/icon-prijs.png\" alt=\"\" class=\"wp-image-1004\" srcset=\"https:\/\/aeprilclinics.nl\/wp-content\/uploads\/2025\/01\/icon-prijs.png 300w, https:\/\/aeprilclinics.nl\/wp-content\/uploads\/2025\/01\/icon-prijs-286x300.png 286w, https:\/\/aeprilclinics.nl\/wp-content\/uploads\/2025\/01\/icon-prijs-257x270.png 257w\" sizes=\"auto, (max-width: 300px) 100vw, 300px\" \/><\/figure>\n<\/div>\n\n\n\n<div class=\"wp-block-column is-layout-flow wp-block-column-is-layout-flow\">\n<h3 class=\"wp-block-heading\">Pre\u00e7o<\/h3>\n\n\n\n<ul class=\"wp-block-list\">\n<li>Meia zona: \u20ac 95<\/li>\n\n\n\n<li>1 zona: \u20ac130,-<br\/>2 zonas: \u20ac230,-<br\/>3 zonas: \u20ac330,-<br\/>*Suplemento de \u20ac20,- por zona.<\/li>\n<\/ul>\n\n\n\n<p><a href=\"https:\/\/aeprilclinics.nl\/pt-br\/tarifas\/\">Veja todos os pre\u00e7os aqui<\/a><br\/><br\/><\/p>\n<\/div>\n<\/div>\n<\/div>\n<\/div>\n<\/div><\/div>\n\n<div class=\"wp-block-columns is-layout-flex wp-container-core-columns-is-layout-28f84493 wp-block-columns-is-layout-flex\">\n<div class=\"wp-block-column is-layout-flow wp-block-column-is-layout-flow\">\n<h2 class=\"wp-block-heading\">Bocouture nas Cl\u00ednicas Aepril<\/h2>\n\n\n\n<p>Na Aepril Clinics, a seguran\u00e7a est\u00e1 sempre em primeiro lugar. \u00c9 por isso que trabalhamos apenas com produtos de toxina botul\u00ednica de fabricantes farmac\u00eauticos renomados, como a Merz Pharma. <\/p>\n\n\n\n<p>Como compramos diretamente do fabricante, sabemos exatamente de onde v\u00eam nossos produtos e como eles s\u00e3o produzidos. Isso significa que nossos clientes s\u00e3o sempre tratados com produtos originais produzidos sob rigorosos padr\u00f5es de qualidade farmac\u00eautica. <\/p>\n\n\n\n<p>Tamb\u00e9m trabalhamos com parceiros farmac\u00eauticos, como a Merz, nas \u00e1reas de:<\/p>\n\n\n\n<ul class=\"wp-block-list\">\n<li>cursos de medicina<\/li>\n\n\n\n<li>educa\u00e7\u00e3o sobre produtos<\/li>\n\n\n\n<li>protocolos de tratamento<\/li>\n\n\n\n<li>garantia de qualidade<\/li>\n<\/ul>\n\n\n\n<p>Isso mant\u00e9m nossos m\u00e9dicos constantemente atualizados com os mais recentes desenvolvimentos em est\u00e9tica m\u00e9dica.<\/p>\n<\/div>\n<\/div>\n\n<div style=\"height:100px\" aria-hidden=\"true\" class=\"wp-block-spacer\"><\/div>\n\n<div class=\"wp-block-media-text is-stacked-on-mobile is-image-fill-element\"><figure class=\"wp-block-media-text__media\"><img loading=\"lazy\" decoding=\"async\" width=\"683\" height=\"1024\" src=\"https:\/\/aeprilclinics.nl\/wp-content\/uploads\/2025\/01\/BN4A9197-683x1024.jpg\" alt=\"\" class=\"wp-image-1015 size-full\" style=\"object-position:50% 50%\" srcset=\"https:\/\/aeprilclinics.nl\/wp-content\/uploads\/2025\/01\/BN4A9197-683x1024.jpg 683w, https:\/\/aeprilclinics.nl\/wp-content\/uploads\/2025\/01\/BN4A9197-200x300.jpg 200w, https:\/\/aeprilclinics.nl\/wp-content\/uploads\/2025\/01\/BN4A9197-768x1152.jpg 768w, https:\/\/aeprilclinics.nl\/wp-content\/uploads\/2025\/01\/BN4A9197-1024x1536.jpg 1024w, https:\/\/aeprilclinics.nl\/wp-content\/uploads\/2025\/01\/BN4A9197-1365x2048.jpg 1365w, https:\/\/aeprilclinics.nl\/wp-content\/uploads\/2025\/01\/BN4A9197-180x270.jpg 180w, https:\/\/aeprilclinics.nl\/wp-content\/uploads\/2025\/01\/BN4A9197-scaled.jpg 1707w\" sizes=\"auto, (max-width: 683px) 100vw, 683px\" \/><\/figure><div class=\"wp-block-media-text__content\">\n<h5 class=\"wp-block-heading\">Por que bocouture<\/h5>\n\n\n\n<h2 class=\"wp-block-heading\">Por que escolher a Bocouture?<\/h2>\n\n\n\n<p>O Bocouture est\u00e1 entre os tratamentos de toxina botul\u00ednica mais modernos da est\u00e9tica m\u00e9dica. Gra\u00e7as \u00e0 sua formula\u00e7\u00e3o purificada, ele oferece uma efic\u00e1cia altamente consistente e confi\u00e1vel. <\/p>\n\n\n\n<p>Os benef\u00edcios do Bocouture incluem:<\/p>\n\n\n\n<ul class=\"wp-block-list\">\n<li>formula\u00e7\u00e3o muito pura<\/li>\n\n\n\n<li>sem prote\u00ednas complexas<\/li>\n\n\n\n<li>resultados naturais e sutis<\/li>\n\n\n\n<li>clinicamente pesquisado e usado em todo o mundo<\/li>\n\n\n\n<li>efeito previs\u00edvel com tratamentos repetidos<\/li>\n<\/ul>\n\n\n\n<p>Na Aepril Clinics, escolhemos conscientemente tratamentos de grau farmac\u00eautico para oferecer aos nossos clientes resultados seguros e naturais.<\/p>\n<\/div><\/div>\n\n<div style=\"height:100px\" aria-hidden=\"true\" class=\"wp-block-spacer\"><\/div>\n\n<div class=\"wp-block-columns is-layout-flex wp-container-core-columns-is-layout-28f84493 wp-block-columns-is-layout-flex\">\n<div class=\"wp-block-column is-layout-flow wp-block-column-is-layout-flow\">\n<h2 class=\"wp-block-heading\">Por que escolher a Aepril Clinics?<\/h2>\n\n\n\n<p>Na Aepril Clinics, a qualidade, o conforto e o seu bem-estar s\u00e3o fundamentais. Trabalhamos com as melhores marcas, como Bocouture, e as melhores agulhas para que voc\u00ea obtenha resultados naturais.  Nossos m\u00e9dicos bem treinados oferecem apenas tratamentos comprovados e certificados e se concentram em melhorias sutis que aprimoram sua apar\u00eancia exclusiva.<\/p>\n<\/div>\n\n\n\n<div class=\"wp-block-column is-layout-flow wp-block-column-is-layout-flow\">\n<h2 class=\"wp-block-heading\">Orienta\u00e7\u00e3o pessoal e honesta<\/h2>\n\n\n\n<p>Juntos, elaboraremos um plano de tratamento que atenda \u00e0s suas necessidades e garanta uma abordagem segura e natural. Nossos m\u00e9dicos ter\u00e3o prazer em orientar voc\u00ea sobre as melhores op\u00e7\u00f5es. <\/p>\n<\/div>\n<\/div>\n\n<div class=\"wp-block-cover alignfull is-light wave\" style=\"margin-top:0;margin-bottom:0;padding-bottom:var(--wp--preset--spacing--30)\"><span aria-hidden=\"true\" class=\"wp-block-cover__background has-accent-background-color has-background-dim-100 has-background-dim\"><\/span><div class=\"wp-block-cover__inner-container has-global-padding is-layout-constrained wp-block-cover-is-layout-constrained\">\n<h2 class=\"wp-block-heading has-text-align-center\">Voc\u00ea tem d\u00favidas se a Bocouture \u00e9 a escolha certa?<\/h2>\n\n\n\n<p class=\"has-text-align-center\">Entre em contato com nossos especialistas para uma consulta sem compromisso e descubra o que podemos fazer por voc\u00ea.<\/p>\n\n\n\n<div class=\"wp-block-buttons is-content-justification-center is-layout-flex wp-container-core-buttons-is-layout-a89b3969 wp-block-buttons-is-layout-flex\">\n<div class=\"wp-block-button\"><a class=\"wp-block-button__link has-base-color has-accent-3-background-color has-text-color has-background has-link-color wp-element-button\" href=\"https:\/\/aeprilclinics.nl\/pt-br\/agende-uma-consulta-gratuita\/\">agendar consulta gratuita<\/a><\/div>\n<\/div>\n<\/div><\/div>\n\n<p><\/p>\n","protected":false},"excerpt":{"rendered":"<p>Tratamentos Bocouture na Aepril Cosmetic Clinic O que \u00e9 Bocouture? O que \u00e9 Bocouture? O Bocouture \u00e9 um tratamento com toxina botul\u00ednica tipo A usado para relaxar temporariamente os m\u00fasculos e suavizar as rugas. O produto foi desenvolvido pela empresa&#8230;<\/p>\n","protected":false},"author":14,"featured_media":8987,"parent":0,"menu_order":0,"comment_status":"closed","ping_status":"closed","template":"","meta":{"_acf_changed":false,"footnotes":""},"class_list":["post-9699","page","type-page","status-publish","has-post-thumbnail","hentry"],"acf":[],"yoast_head":"<!-- This site is optimized with the Yoast SEO plugin v27.2 - https:\/\/yoast.com\/product\/yoast-seo-wordpress\/ -->\n<title>Botox Bocouture tratamentos: naturais e profissionais - Aepril<\/title>\n<meta name=\"description\" content=\"O Bocouture \u00e9 a forma mais pura da toxina botul\u00ednica. Os tratamentos com Botox incluem linhas de express\u00e3o, rugas na testa e p\u00e9s de galinha.\" \/>\n<meta name=\"robots\" content=\"index, follow, max-snippet:-1, max-image-preview:large, max-video-preview:-1\" \/>\n<link rel=\"canonical\" href=\"https:\/\/aeprilclinics.nl\/pt-br\/botox-bocouture\/\" \/>\n<meta property=\"og:locale\" content=\"pt_BR\" \/>\n<meta property=\"og:type\" content=\"article\" \/>\n<meta property=\"og:title\" content=\"Botox Bocouture tratamentos: naturais e profissionais - Aepril\" \/>\n<meta property=\"og:description\" content=\"O Bocouture \u00e9 a forma mais pura da toxina botul\u00ednica. Os tratamentos com Botox incluem linhas de express\u00e3o, rugas na testa e p\u00e9s de galinha.\" \/>\n<meta property=\"og:url\" content=\"https:\/\/aeprilclinics.nl\/pt-br\/botox-bocouture\/\" \/>\n<meta property=\"og:site_name\" content=\"Aepril\" \/>\n<meta property=\"article:modified_time\" content=\"2026-05-16T20:18:25+00:00\" \/>\n<meta property=\"og:image\" content=\"https:\/\/aeprilclinics.nl\/wp-content\/uploads\/2025\/02\/aesthe-clinics-Final-07.png\" \/>\n\t<meta property=\"og:image:width\" content=\"6667\" \/>\n\t<meta property=\"og:image:height\" content=\"5001\" \/>\n\t<meta property=\"og:image:type\" content=\"image\/png\" \/>\n<meta name=\"twitter:card\" content=\"summary_large_image\" \/>\n<meta name=\"twitter:label1\" content=\"Est. tempo de leitura\" \/>\n\t<meta name=\"twitter:data1\" content=\"3 minutos\" \/>\n<script type=\"application\/ld+json\" class=\"yoast-schema-graph\">{\"@context\":\"https:\/\/schema.org\",\"@graph\":[{\"@type\":\"WebPage\",\"@id\":\"https:\/\/aeprilclinics.nl\/pt-br\/botox-bocouture\/\",\"url\":\"https:\/\/aeprilclinics.nl\/pt-br\/botox-bocouture\/\",\"name\":\"Botox Bocouture tratamentos: naturais e profissionais - Aepril\",\"isPartOf\":{\"@id\":\"https:\/\/aeprilclinics.nl\/pt-br\/#website\"},\"primaryImageOfPage\":{\"@id\":\"https:\/\/aeprilclinics.nl\/pt-br\/botox-bocouture\/#primaryimage\"},\"image\":{\"@id\":\"https:\/\/aeprilclinics.nl\/pt-br\/botox-bocouture\/#primaryimage\"},\"thumbnailUrl\":\"https:\/\/aeprilclinics.nl\/wp-content\/uploads\/2025\/02\/aesthe-clinics-Final-07.png\",\"datePublished\":\"2026-04-16T12:54:21+00:00\",\"dateModified\":\"2026-05-16T20:18:25+00:00\",\"description\":\"O Bocouture \u00e9 a forma mais pura da toxina botul\u00ednica. Os tratamentos com Botox incluem linhas de express\u00e3o, rugas na testa e p\u00e9s de galinha.\",\"breadcrumb\":{\"@id\":\"https:\/\/aeprilclinics.nl\/pt-br\/botox-bocouture\/#breadcrumb\"},\"inLanguage\":\"pt-BR\",\"potentialAction\":[{\"@type\":\"ReadAction\",\"target\":[\"https:\/\/aeprilclinics.nl\/pt-br\/botox-bocouture\/\"]}]},{\"@type\":\"ImageObject\",\"inLanguage\":\"pt-BR\",\"@id\":\"https:\/\/aeprilclinics.nl\/pt-br\/botox-bocouture\/#primaryimage\",\"url\":\"https:\/\/aeprilclinics.nl\/wp-content\/uploads\/2025\/02\/aesthe-clinics-Final-07.png\",\"contentUrl\":\"https:\/\/aeprilclinics.nl\/wp-content\/uploads\/2025\/02\/aesthe-clinics-Final-07.png\",\"width\":6667,\"height\":5001},{\"@type\":\"BreadcrumbList\",\"@id\":\"https:\/\/aeprilclinics.nl\/pt-br\/botox-bocouture\/#breadcrumb\",\"itemListElement\":[{\"@type\":\"ListItem\",\"position\":1,\"name\":\"Home\",\"item\":\"https:\/\/aeprilclinics.nl\/pt-br\/\"},{\"@type\":\"ListItem\",\"position\":2,\"name\":\"Botox Bocouture\"}]},{\"@type\":\"WebSite\",\"@id\":\"https:\/\/aeprilclinics.nl\/pt-br\/#website\",\"url\":\"https:\/\/aeprilclinics.nl\/pt-br\/\",\"name\":\"Aepril\",\"description\":\"\",\"potentialAction\":[{\"@type\":\"SearchAction\",\"target\":{\"@type\":\"EntryPoint\",\"urlTemplate\":\"https:\/\/aeprilclinics.nl\/pt-br\/?s={search_term_string}\"},\"query-input\":{\"@type\":\"PropertyValueSpecification\",\"valueRequired\":true,\"valueName\":\"search_term_string\"}}],\"inLanguage\":\"pt-BR\"}]}<\/script>\n<!-- \/ Yoast SEO plugin. -->","yoast_head_json":{"title":"Botox Bocouture tratamentos: naturais e profissionais - Aepril","description":"O Bocouture \u00e9 a forma mais pura da toxina botul\u00ednica. Os tratamentos com Botox incluem linhas de express\u00e3o, rugas na testa e p\u00e9s de galinha.","robots":{"index":"index","follow":"follow","max-snippet":"max-snippet:-1","max-image-preview":"max-image-preview:large","max-video-preview":"max-video-preview:-1"},"canonical":"https:\/\/aeprilclinics.nl\/pt-br\/botox-bocouture\/","og_locale":"pt_BR","og_type":"article","og_title":"Botox Bocouture tratamentos: naturais e profissionais - Aepril","og_description":"O Bocouture \u00e9 a forma mais pura da toxina botul\u00ednica. Os tratamentos com Botox incluem linhas de express\u00e3o, rugas na testa e p\u00e9s de galinha.","og_url":"https:\/\/aeprilclinics.nl\/pt-br\/botox-bocouture\/","og_site_name":"Aepril","article_modified_time":"2026-05-16T20:18:25+00:00","og_image":[{"width":6667,"height":5001,"url":"https:\/\/aeprilclinics.nl\/wp-content\/uploads\/2025\/02\/aesthe-clinics-Final-07.png","type":"image\/png"}],"twitter_card":"summary_large_image","twitter_misc":{"Est. tempo de leitura":"3 minutos"},"schema":{"@context":"https:\/\/schema.org","@graph":[{"@type":"WebPage","@id":"https:\/\/aeprilclinics.nl\/pt-br\/botox-bocouture\/","url":"https:\/\/aeprilclinics.nl\/pt-br\/botox-bocouture\/","name":"Botox Bocouture tratamentos: naturais e profissionais - Aepril","isPartOf":{"@id":"https:\/\/aeprilclinics.nl\/pt-br\/#website"},"primaryImageOfPage":{"@id":"https:\/\/aeprilclinics.nl\/pt-br\/botox-bocouture\/#primaryimage"},"image":{"@id":"https:\/\/aeprilclinics.nl\/pt-br\/botox-bocouture\/#primaryimage"},"thumbnailUrl":"https:\/\/aeprilclinics.nl\/wp-content\/uploads\/2025\/02\/aesthe-clinics-Final-07.png","datePublished":"2026-04-16T12:54:21+00:00","dateModified":"2026-05-16T20:18:25+00:00","description":"O Bocouture \u00e9 a forma mais pura da toxina botul\u00ednica. Os tratamentos com Botox incluem linhas de express\u00e3o, rugas na testa e p\u00e9s de galinha.","breadcrumb":{"@id":"https:\/\/aeprilclinics.nl\/pt-br\/botox-bocouture\/#breadcrumb"},"inLanguage":"pt-BR","potentialAction":[{"@type":"ReadAction","target":["https:\/\/aeprilclinics.nl\/pt-br\/botox-bocouture\/"]}]},{"@type":"ImageObject","inLanguage":"pt-BR","@id":"https:\/\/aeprilclinics.nl\/pt-br\/botox-bocouture\/#primaryimage","url":"https:\/\/aeprilclinics.nl\/wp-content\/uploads\/2025\/02\/aesthe-clinics-Final-07.png","contentUrl":"https:\/\/aeprilclinics.nl\/wp-content\/uploads\/2025\/02\/aesthe-clinics-Final-07.png","width":6667,"height":5001},{"@type":"BreadcrumbList","@id":"https:\/\/aeprilclinics.nl\/pt-br\/botox-bocouture\/#breadcrumb","itemListElement":[{"@type":"ListItem","position":1,"name":"Home","item":"https:\/\/aeprilclinics.nl\/pt-br\/"},{"@type":"ListItem","position":2,"name":"Botox Bocouture"}]},{"@type":"WebSite","@id":"https:\/\/aeprilclinics.nl\/pt-br\/#website","url":"https:\/\/aeprilclinics.nl\/pt-br\/","name":"Aepril","description":"","potentialAction":[{"@type":"SearchAction","target":{"@type":"EntryPoint","urlTemplate":"https:\/\/aeprilclinics.nl\/pt-br\/?s={search_term_string}"},"query-input":{"@type":"PropertyValueSpecification","valueRequired":true,"valueName":"search_term_string"}}],"inLanguage":"pt-BR"}]}},"_links":{"self":[{"href":"https:\/\/aeprilclinics.nl\/pt-br\/wp-json\/wp\/v2\/pages\/9699","targetHints":{"allow":["GET"]}}],"collection":[{"href":"https:\/\/aeprilclinics.nl\/pt-br\/wp-json\/wp\/v2\/pages"}],"about":[{"href":"https:\/\/aeprilclinics.nl\/pt-br\/wp-json\/wp\/v2\/types\/page"}],"author":[{"embeddable":true,"href":"https:\/\/aeprilclinics.nl\/pt-br\/wp-json\/wp\/v2\/users\/14"}],"replies":[{"embeddable":true,"href":"https:\/\/aeprilclinics.nl\/pt-br\/wp-json\/wp\/v2\/comments?post=9699"}],"version-history":[{"count":1,"href":"https:\/\/aeprilclinics.nl\/pt-br\/wp-json\/wp\/v2\/pages\/9699\/revisions"}],"predecessor-version":[{"id":9701,"href":"https:\/\/aeprilclinics.nl\/pt-br\/wp-json\/wp\/v2\/pages\/9699\/revisions\/9701"}],"wp:featuredmedia":[{"embeddable":true,"href":"https:\/\/aeprilclinics.nl\/pt-br\/wp-json\/wp\/v2\/media\/8987"}],"wp:attachment":[{"href":"https:\/\/aeprilclinics.nl\/pt-br\/wp-json\/wp\/v2\/media?parent=9699"}],"curies":[{"name":"wp","href":"https:\/\/api.w.org\/{rel}","templated":true}]}}