{"id":9546,"date":"2025-06-20T11:44:40","date_gmt":"2025-06-20T11:44:40","guid":{"rendered":"https:\/\/aeprilclinics.nl\/circulo-interno-da-aepril\/"},"modified":"2026-05-16T20:16:37","modified_gmt":"2026-05-16T20:16:37","slug":"circulo-interno-da-aepril","status":"publish","type":"page","link":"https:\/\/aeprilclinics.nl\/pt-br\/circulo-interno-da-aepril\/","title":{"rendered":"C\u00edrculo interno da Aepril"},"content":{"rendered":"\n<div class=\"wp-block-media-text has-media-on-the-right is-stacked-on-mobile is-image-fill-element\"><div class=\"wp-block-media-text__content\">\n<h2 class=\"wp-block-heading\">O que \u00e9 o Inner Circle?<\/h2>\n\n\n\n<p>O <em>Aepril Inner Circle<\/em> \u00e9 uma comunidade exclusiva para nossos clientes mais comprometidos. Como membro, voc\u00ea obt\u00e9m o primeiro acesso a novos tratamentos, eventos privados, descontos especiais para membros, pontos de economia para tratamentos gratuitos e dicas privilegiadas de nossos m\u00e9dicos. <\/p>\n\n\n\n<p>Criamos o Inner Circle para construir um relacionamento mais pr\u00f3ximo com nossos clientes fi\u00e9is e recompensar voc\u00ea com aten\u00e7\u00e3o, prioridade e benef\u00edcios extras &#8211; porque a verdadeira beleza n\u00e3o se resume ao exterior, mas \u00e0 conex\u00e3o, \u00e0 confian\u00e7a e ao atendimento personalizado.<\/p>\n\n\n\n<p>Voc\u00ea pode se inscrever no site ou na recep\u00e7\u00e3o de um de nossos locais.<br\/><br\/>Voc\u00ea guardou pontos do nosso programa anterior? Ent\u00e3o eles n\u00e3o ser\u00e3o mais v\u00e1lidos a partir de 1\u00ba de junho, pois nossa parceria com o programa de fidelidade foi encerrada. Oferecemos outros benef\u00edcios para nossos associados, que est\u00e3o listados abaixo.  <\/p>\n<\/div><figure class=\"wp-block-media-text__media\"><img loading=\"lazy\" decoding=\"async\" width=\"1024\" height=\"683\" src=\"https:\/\/aeprilclinics.nl\/wp-content\/uploads\/2025\/01\/BN4A9295-1024x683.jpg\" alt=\"\" class=\"wp-image-1012 size-full\" style=\"object-position:73% 58%\" srcset=\"https:\/\/aeprilclinics.nl\/wp-content\/uploads\/2025\/01\/BN4A9295-1024x683.jpg 1024w, https:\/\/aeprilclinics.nl\/wp-content\/uploads\/2025\/01\/BN4A9295-300x200.jpg 300w, https:\/\/aeprilclinics.nl\/wp-content\/uploads\/2025\/01\/BN4A9295-768x512.jpg 768w, https:\/\/aeprilclinics.nl\/wp-content\/uploads\/2025\/01\/BN4A9295-1536x1024.jpg 1536w, https:\/\/aeprilclinics.nl\/wp-content\/uploads\/2025\/01\/BN4A9295-2048x1365.jpg 2048w, https:\/\/aeprilclinics.nl\/wp-content\/uploads\/2025\/01\/BN4A9295-405x270.jpg 405w\" sizes=\"auto, (max-width: 1024px) 100vw, 1024px\" \/><\/figure><\/div>\n\n<hr class=\"wp-block-separator has-alpha-channel-opacity\"\/>\n\n<div class=\"wp-block-media-text is-stacked-on-mobile is-image-fill-element\"><figure class=\"wp-block-media-text__media\"><img loading=\"lazy\" decoding=\"async\" width=\"683\" height=\"1024\" src=\"https:\/\/aeprilclinics.nl\/wp-content\/uploads\/2025\/01\/BN4A8655-683x1024.jpg\" alt=\"\" class=\"wp-image-1007 size-full\" style=\"object-position:30% 56%\" srcset=\"https:\/\/aeprilclinics.nl\/wp-content\/uploads\/2025\/01\/BN4A8655-683x1024.jpg 683w, https:\/\/aeprilclinics.nl\/wp-content\/uploads\/2025\/01\/BN4A8655-200x300.jpg 200w, https:\/\/aeprilclinics.nl\/wp-content\/uploads\/2025\/01\/BN4A8655-768x1152.jpg 768w, https:\/\/aeprilclinics.nl\/wp-content\/uploads\/2025\/01\/BN4A8655-1024x1536.jpg 1024w, https:\/\/aeprilclinics.nl\/wp-content\/uploads\/2025\/01\/BN4A8655-1365x2048.jpg 1365w, https:\/\/aeprilclinics.nl\/wp-content\/uploads\/2025\/01\/BN4A8655-180x270.jpg 180w, https:\/\/aeprilclinics.nl\/wp-content\/uploads\/2025\/01\/BN4A8655-scaled.jpg 1707w\" sizes=\"auto, (max-width: 683px) 100vw, 683px\" \/><\/figure><div class=\"wp-block-media-text__content\">\n<h2 class=\"wp-block-heading\">Vantagens<\/h2>\n\n\n\n<h5 class=\"wp-block-heading\"><strong>Dias de modelagem e treinamento<\/strong><\/h5>\n\n\n\n<p>Acesso a tarifas com grandes descontos em dias selecionados, quando os tratamentos s\u00e3o oferecidos por m\u00e9dicos juniores ou durante o treinamento em servi\u00e7o.<\/p>\n\n\n\n<h5 class=\"wp-block-heading\"><strong>Dias de treinamento para profissionais<\/strong><\/h5>\n\n\n\n<p>Oportunidade de ser tratado durante as sess\u00f5es de educa\u00e7\u00e3o continuada de nossa equipe, com um grande desconto.<\/p>\n\n\n\n<h5 class=\"wp-block-heading\"><strong>E-mails pessoais<\/strong><\/h5>\n\n\n\n<p>Receba atualiza\u00e7\u00f5es exclusivas, acesso antecipado a novos tratamentos e produtos e ofertas adaptadas \u00e0s suas prefer\u00eancias.<\/p>\n\n\n\n<h5 class=\"wp-block-heading\"><strong>Descontos sazonais exclusivos<\/strong><\/h5>\n\n\n\n<p>Descontos em ocasi\u00f5es especiais, como Natal, Dia Internacional da Mulher, Dia das M\u00e3es e outros feriados.<\/p>\n\n\n\n<h5 class=\"wp-block-heading\"><strong>Presente de anivers\u00e1rio<\/strong><\/h5>\n\n\n\n<p>Uma surpresa personalizada no m\u00eas do seu anivers\u00e1rio &#8211; porque voc\u00ea \u00e9 o foco.<\/p>\n\n\n\n<h5 class=\"wp-block-heading\"><strong>Oferta Besties<\/strong><\/h5>\n\n\n\n<p>O Besties Deal est\u00e1 sempre dispon\u00edvel para os membros do Inner Cirle. Leve sua melhor amiga e ambas ter\u00e3o 20 euros de desconto em seu primeiro tratamento conosco. <\/p>\n<\/div><\/div>\n\n<hr class=\"wp-block-separator has-alpha-channel-opacity\"\/>\n\n    <div\n        class=\"align wp-block-mcb-mailchimp\"            id=\"mcbMailChimp-1\"  \n            data-attributes='{&quot;cId&quot;:&quot;8a3e7b89-3&quot;,&quot;config&quot;:{&quot;apiKey&quot;:&quot;&quot;,&quot;audienceId&quot;:&quot;b9993725f2&quot;,&quot;endpoint_url&quot;:&quot;https:\\\/\\\/us15.api.mailchimp.com\\\/3.0\\\/lists&quot;},&quot;content&quot;:{&quot;title&quot;:&quot;&lt;strong&gt;Meld je aan voor onze Inner Circle&lt;\\\/strong&gt;&quot;,&quot;desc&quot;:&quot;Volg het laatste nieuws, before &amp; after-resultaten, exclusieve kortingen, punten sparen en leuke cadeau&#039;s speciaal voor jou!&quot;,&quot;button&quot;:&quot;Aanmelden&quot;},&quot;message&quot;:{&quot;success&quot;:&quot;Succesvol aangemeld!&quot;,&quot;error&quot;:&quot;U bent al aangemeld!&quot;},&quot;placeholder&quot;:{&quot;fName&quot;:&quot;Voornaam&quot;,&quot;lName&quot;:&quot;Achternaam&quot;,&quot;email&quot;:&quot;Email&quot;,&quot;phoneNumber&quot;:&quot;Phone Number&quot;},&quot;theme&quot;:&quot;form3&quot;,&quot;themeAlign&quot;:{&quot;desktop&quot;:&quot;center&quot;,&quot;tablet&quot;:&quot;left&quot;,&quot;mobile&quot;:&quot;left&quot;},&quot;icon&quot;:{&quot;color&quot;:&quot;#fff&quot;},&quot;formBG&quot;:{&quot;color&quot;:&quot;rgba(255, 255, 255, 1)&quot;},&quot;fieldColors&quot;:{&quot;color&quot;:&quot;#a3a3a3&quot;,&quot;bg&quot;:&quot;#F6F2ED&quot;},&quot;btnColors&quot;:{&quot;color&quot;:&quot;#fff&quot;,&quot;bg&quot;:&quot;#D2BCA6&quot;},&quot;btnHovColors&quot;:{&quot;color&quot;:&quot;#fff&quot;,&quot;bg&quot;:&quot;#222&quot;},&quot;btnPadding&quot;:{&quot;top&quot;:&quot;8px&quot;,&quot;right&quot;:&quot;20px&quot;,&quot;bottom&quot;:&quot;8px&quot;,&quot;left&quot;:&quot;20px&quot;},&quot;btnBorder&quot;:{&quot;radius&quot;:&quot;30px&quot;},&quot;align&quot;:&quot;&quot;,&quot;elements&quot;:{&quot;title&quot;:true,&quot;desc&quot;:true,&quot;fName&quot;:true,&quot;lName&quot;:true,&quot;icon&quot;:true},&quot;layout&quot;:{&quot;placement&quot;:&quot;normal&quot;,&quot;popupTimeOut&quot;:3,&quot;cacheTimeType&quot;:&quot;day&quot;,&quot;cacheTime&quot;:30},&quot;brandLogo&quot;:{&quot;img&quot;:{&quot;url&quot;:&quot;https:\\\/\\\/b-slider.bplugins.com\\\/wp-content\\\/uploads\\\/2025\\\/11\\\/mailchip-demo-image-scaled.jpg&quot;},&quot;size&quot;:120},&quot;form4LeftImage&quot;:{&quot;type&quot;:&quot;image&quot;,&quot;image&quot;:{&quot;url&quot;:&quot;https:\\\/\\\/b-slider.bplugins.com\\\/wp-content\\\/uploads\\\/2025\\\/11\\\/mailchip-demo-image-scaled.jpg&quot;}},&quot;imgArea&quot;:{&quot;height&quot;:{&quot;desktop&quot;:&quot;200px&quot;,&quot;tablet&quot;:&quot;150px&quot;,&quot;mobile&quot;:&quot;100px&quot;}},&quot;themeWidth&quot;:{&quot;desktop&quot;:&quot;100%&quot;,&quot;tablet&quot;:&quot;100%&quot;,&quot;mobile&quot;:&quot;100%&quot;},&quot;iconBG&quot;:{&quot;color&quot;:&quot;#0575e6&quot;},&quot;titleTypo&quot;:{&quot;fontSize&quot;:{&quot;desktop&quot;:24,&quot;tablet&quot;:18,&quot;mobile&quot;:15},&quot;fontWeight&quot;:700,&quot;lineHeight&quot;:&quot;135%&quot;,&quot;textTransform&quot;:&quot;capitalize&quot;},&quot;titleColor&quot;:&quot;#000&quot;,&quot;titleMargin&quot;:{&quot;top&quot;:&quot;0px&quot;,&quot;right&quot;:&quot;0px&quot;,&quot;bottom&quot;:&quot;15px&quot;,&quot;left&quot;:&quot;0px&quot;},&quot;descTypo&quot;:{&quot;fontSize&quot;:{&quot;desktop&quot;:17,&quot;tablet&quot;:15,&quot;mobile&quot;:15},&quot;fontWeight&quot;:400,&quot;lineHeight&quot;:&quot;135%&quot;,&quot;textTransform&quot;:&quot;capitalize&quot;},&quot;descColor&quot;:&quot;#000&quot;,&quot;descMargin&quot;:{&quot;top&quot;:&quot;0px&quot;,&quot;right&quot;:&quot;0px&quot;,&quot;bottom&quot;:&quot;10px&quot;,&quot;left&quot;:&quot;0px&quot;},&quot;formPadding&quot;:{&quot;top&quot;:&quot;20px&quot;,&quot;right&quot;:&quot;20px&quot;,&quot;bottom&quot;:&quot;20px&quot;,&quot;left&quot;:&quot;20px&quot;},&quot;formBorder&quot;:{&quot;width&quot;:&quot;0px&quot;,&quot;style&quot;:&quot;solid&quot;,&quot;color&quot;:&quot;#0575e6&quot;,&quot;side&quot;:&quot;all&quot;,&quot;radius&quot;:&quot;5px&quot;},&quot;fieldTypo&quot;:{&quot;fontSize&quot;:{&quot;desktop&quot;:16,&quot;tablet&quot;:15,&quot;mobile&quot;:15},&quot;fontWeight&quot;:400,&quot;lineHeight&quot;:&quot;135%&quot;},&quot;fieldPadding&quot;:{&quot;top&quot;:&quot;2px&quot;,&quot;right&quot;:&quot;13px&quot;,&quot;bottom&quot;:&quot;2px&quot;,&quot;left&quot;:&quot;13px&quot;},&quot;fieldBorder&quot;:{&quot;radius&quot;:&quot;5px&quot;},&quot;fieldMargin&quot;:{&quot;top&quot;:&quot;0px&quot;,&quot;right&quot;:&quot;0px&quot;,&quot;bottom&quot;:&quot;10px&quot;,&quot;left&quot;:&quot;0px&quot;},&quot;btnTypo&quot;:{&quot;fontSize&quot;:{&quot;desktop&quot;:18,&quot;tablet&quot;:15,&quot;mobile&quot;:15},&quot;fontWeight&quot;:400,&quot;lineHeight&quot;:&quot;135%&quot;},&quot;btnMargin&quot;:{&quot;top&quot;:&quot;0px&quot;,&quot;right&quot;:&quot;0px&quot;,&quot;bottom&quot;:&quot;0px&quot;,&quot;left&quot;:&quot;0px&quot;},&quot;messageTypo&quot;:{&quot;fontSize&quot;:{&quot;desktop&quot;:18,&quot;tablet&quot;:15,&quot;mobile&quot;:15},&quot;fontWeight&quot;:400,&quot;lineHeight&quot;:&quot;135%&quot;},&quot;messageColors&quot;:{&quot;success&quot;:&quot;#228323&quot;,&quot;error&quot;:&quot;#f70000&quot;},&quot;popupBtn&quot;:{&quot;typo&quot;:{&quot;fontSize&quot;:{&quot;desktop&quot;:18,&quot;tablet&quot;:16,&quot;mobile&quot;:15},&quot;fontWeight&quot;:500,&quot;lineHeight&quot;:&quot;135%&quot;},&quot;colors&quot;:{&quot;color&quot;:&quot;#000&quot;,&quot;bg&quot;:&quot;#fff&quot;},&quot;hoverColors&quot;:{&quot;color&quot;:&quot;#fff&quot;,&quot;bg&quot;:&quot;#000&quot;},&quot;padding&quot;:{&quot;top&quot;:&quot;4px&quot;,&quot;right&quot;:&quot;5px&quot;,&quot;bottom&quot;:&quot;4px&quot;,&quot;left&quot;:&quot;5px&quot;},&quot;border&quot;:{&quot;width&quot;:&quot;1px&quot;,&quot;style&quot;:&quot;solid&quot;,&quot;color&quot;:&quot;#000&quot;,&quot;side&quot;:&quot;all&quot;,&quot;radius&quot;:&quot;3px&quot;},&quot;align&quot;:&quot;left&quot;,&quot;text&quot;:&quot;Subscribe&quot;},&quot;inputLabel&quot;:{&quot;typo&quot;:{&quot;fontSize&quot;:{&quot;desktop&quot;:16,&quot;tablet&quot;:15,&quot;mobile&quot;:14},&quot;fontWeight&quot;:400,&quot;lineHeight&quot;:&quot;135%&quot;},&quot;color&quot;:&quot;#000&quot;,&quot;label&quot;:true},&quot;closeBtn&quot;:{&quot;colors&quot;:{&quot;color&quot;:&quot;#fff&quot;,&quot;bg&quot;:&quot;#2355f2&quot;},&quot;size&quot;:40},&quot;modal&quot;:{&quot;width&quot;:{&quot;desktop&quot;:&quot;400px&quot;,&quot;tablet&quot;:&quot;300px&quot;,&quot;mobile&quot;:&quot;300px&quot;}}}'>\n    <\/div>\n\n    \n<hr class=\"wp-block-separator has-alpha-channel-opacity\"\/>\n\n<div class=\"wp-block-media-text has-media-on-the-right is-stacked-on-mobile is-image-fill-element\"><div class=\"wp-block-media-text__content\">\n<h2 class=\"wp-block-heading\">Condi\u00e7\u00f5es<\/h2>\n\n\n\n<p><strong>Modelos\/Treinamento<\/strong><br\/>Disponibilidade limitada, somente nos dias indicados, sempre sob a supervis\u00e3o de um profissional qualificado e experiente, n\u00e3o acumul\u00e1vel com outras promo\u00e7\u00f5es.<\/p>\n\n\n\n<p><strong>Treinamentos profissionais<\/strong><br\/>Por convite\/submiss\u00e3o. Sele\u00e7\u00e3o com base no tipo de pele ou tratamento. \u00c0s vezes, a permiss\u00e3o para usar imagens \u00e9 necess\u00e1ria para a participa\u00e7\u00e3o.  <\/p>\n\n\n\n<p><strong>Benef\u00edcios por e-mail<\/strong><br\/>Somente com um endere\u00e7o de e-mail v\u00e1lido. Voc\u00ea pode cancelar a assinatura, mas isso limita seu acesso aos benef\u00edcios. <\/p>\n\n\n\n<p><strong>Descontos sazonais<\/strong><br\/>Somente durante os per\u00edodos indicados. N\u00e3o pode ser combinado com outras promo\u00e7\u00f5es. <\/p>\n\n\n\n<p><strong>Anivers\u00e1rio<\/strong><br\/>V\u00e1lido no m\u00eas de seu nascimento. Presente sujeito a disponibilidade e registro. <\/p>\n\n\n\n<p><strong>Besties Deal <br\/><\/strong>A promo\u00e7\u00e3o \u00e9 v\u00e1lida somente para consultas agendadas ao mesmo tempo, que ocorram consecutivamente sem interrup\u00e7\u00e3o. N\u00e3o pode ser combinada com outras promo\u00e7\u00f5es. \u00c9 v\u00e1lida uma vez por pessoa, n\u00e3o podendo ser repetida.  <\/p>\n\n\n\n<p><strong>Geral<\/strong><br\/>A associa\u00e7\u00e3o \u00e9 gratuita. A Aepril Clinics se reserva o direito de ajustar ou encerrar os benef\u00edcios. O uso indevido levar\u00e1 \u00e0 exclus\u00e3o.  <\/p>\n<\/div><figure class=\"wp-block-media-text__media\"><img loading=\"lazy\" decoding=\"async\" width=\"683\" height=\"1024\" src=\"https:\/\/aeprilclinics.nl\/wp-content\/uploads\/2025\/01\/BN4A8716-683x1024.jpg\" alt=\"\" class=\"wp-image-1008 size-full\" style=\"object-position:89% 29%\" srcset=\"https:\/\/aeprilclinics.nl\/wp-content\/uploads\/2025\/01\/BN4A8716-683x1024.jpg 683w, https:\/\/aeprilclinics.nl\/wp-content\/uploads\/2025\/01\/BN4A8716-200x300.jpg 200w, https:\/\/aeprilclinics.nl\/wp-content\/uploads\/2025\/01\/BN4A8716-768x1152.jpg 768w, https:\/\/aeprilclinics.nl\/wp-content\/uploads\/2025\/01\/BN4A8716-1024x1536.jpg 1024w, https:\/\/aeprilclinics.nl\/wp-content\/uploads\/2025\/01\/BN4A8716-1365x2048.jpg 1365w, https:\/\/aeprilclinics.nl\/wp-content\/uploads\/2025\/01\/BN4A8716-180x270.jpg 180w, https:\/\/aeprilclinics.nl\/wp-content\/uploads\/2025\/01\/BN4A8716-scaled.jpg 1707w\" sizes=\"auto, (max-width: 683px) 100vw, 683px\" \/><\/figure><\/div>\n\n<hr class=\"wp-block-separator has-alpha-channel-opacity\"\/>\n\n<div class=\"wp-block-cover alignfull is-light wave\" style=\"margin-top:var(--wp--preset--spacing--60);margin-bottom:0;padding-bottom:var(--wp--preset--spacing--30)\"><span aria-hidden=\"true\" class=\"wp-block-cover__background has-accent-background-color has-background-dim-100 has-background-dim\"><\/span><div class=\"wp-block-cover__inner-container has-global-padding is-layout-constrained wp-block-cover-is-layout-constrained\">\n<h2 class=\"wp-block-heading has-text-align-center\">Seu visual, em sua melhor forma.<\/h2>\n\n\n\n<div style=\"height:15px\" aria-hidden=\"true\" class=\"wp-block-spacer\"><\/div>\n\n\n\n<div class=\"wp-block-buttons is-content-justification-center is-layout-flex wp-container-core-buttons-is-layout-a89b3969 wp-block-buttons-is-layout-flex\">\n<div class=\"wp-block-button\"><a class=\"wp-block-button__link has-base-color has-accent-3-background-color has-text-color has-background has-link-color wp-element-button\" href=\"https:\/\/aeprilclinics.nl\/pt-br\/agende-uma-consulta-gratuita\/\">Agende uma consulta gratuita<\/a><\/div>\n<\/div>\n<\/div><\/div>\n","protected":false},"excerpt":{"rendered":"<p>O que \u00e9 o Inner Circle? O Aepril Inner Circle \u00e9 uma comunidade exclusiva para nossos clientes mais comprometidos. Como membro, voc\u00ea obt\u00e9m o primeiro acesso a novos tratamentos, eventos privados, descontos especiais para membros, pontos de economia para tratamentos&#8230;<\/p>\n","protected":false},"author":14,"featured_media":0,"parent":0,"menu_order":0,"comment_status":"closed","ping_status":"closed","template":"","meta":{"_acf_changed":false,"footnotes":""},"class_list":["post-9546","page","type-page","status-publish","hentry"],"acf":[],"yoast_head":"<!-- This site is optimized with the Yoast SEO plugin v27.2 - https:\/\/yoast.com\/product\/yoast-seo-wordpress\/ -->\n<title>C\u00edrculo interno da Aepril - Aepril<\/title>\n<meta name=\"description\" content=\"Inscreva-se agora no Inner Circle da Aepril Clinics. Participe dos dias de treinamento, ganhe descontos exclusivos e brindes divertidos!\" \/>\n<meta name=\"robots\" content=\"index, follow, max-snippet:-1, max-image-preview:large, max-video-preview:-1\" \/>\n<link rel=\"canonical\" href=\"https:\/\/aeprilclinics.nl\/pt-br\/circulo-interno-da-aepril\/\" \/>\n<meta property=\"og:locale\" content=\"pt_BR\" \/>\n<meta property=\"og:type\" content=\"article\" \/>\n<meta property=\"og:title\" content=\"C\u00edrculo interno da Aepril - Aepril\" \/>\n<meta property=\"og:description\" content=\"Inscreva-se agora no Inner Circle da Aepril Clinics. Participe dos dias de treinamento, ganhe descontos exclusivos e brindes divertidos!\" \/>\n<meta property=\"og:url\" content=\"https:\/\/aeprilclinics.nl\/pt-br\/circulo-interno-da-aepril\/\" \/>\n<meta property=\"og:site_name\" content=\"Aepril\" \/>\n<meta property=\"article:modified_time\" content=\"2026-05-16T20:16:37+00:00\" \/>\n<meta property=\"og:image\" content=\"https:\/\/aeprilclinics.nl\/wp-content\/uploads\/2025\/01\/BN4A9295-scaled.jpg\" \/>\n\t<meta property=\"og:image:width\" content=\"2560\" \/>\n\t<meta property=\"og:image:height\" content=\"1707\" \/>\n\t<meta property=\"og:image:type\" content=\"image\/jpeg\" \/>\n<meta name=\"twitter:card\" content=\"summary_large_image\" \/>\n<meta name=\"twitter:label1\" content=\"Est. tempo de leitura\" \/>\n\t<meta name=\"twitter:data1\" content=\"2 minutos\" \/>\n<script type=\"application\/ld+json\" class=\"yoast-schema-graph\">{\"@context\":\"https:\/\/schema.org\",\"@graph\":[{\"@type\":\"WebPage\",\"@id\":\"https:\/\/aeprilclinics.nl\/pt-br\/circulo-interno-da-aepril\/\",\"url\":\"https:\/\/aeprilclinics.nl\/pt-br\/circulo-interno-da-aepril\/\",\"name\":\"C\u00edrculo interno da Aepril - Aepril\",\"isPartOf\":{\"@id\":\"https:\/\/aeprilclinics.nl\/pt-br\/#website\"},\"primaryImageOfPage\":{\"@id\":\"https:\/\/aeprilclinics.nl\/pt-br\/circulo-interno-da-aepril\/#primaryimage\"},\"image\":{\"@id\":\"https:\/\/aeprilclinics.nl\/pt-br\/circulo-interno-da-aepril\/#primaryimage\"},\"thumbnailUrl\":\"https:\/\/aeprilclinics.nl\/wp-content\/uploads\/2025\/01\/BN4A9295-1024x683.jpg\",\"datePublished\":\"2025-06-20T11:44:40+00:00\",\"dateModified\":\"2026-05-16T20:16:37+00:00\",\"description\":\"Inscreva-se agora no Inner Circle da Aepril Clinics. Participe dos dias de treinamento, ganhe descontos exclusivos e brindes divertidos!\",\"breadcrumb\":{\"@id\":\"https:\/\/aeprilclinics.nl\/pt-br\/circulo-interno-da-aepril\/#breadcrumb\"},\"inLanguage\":\"pt-BR\",\"potentialAction\":[{\"@type\":\"ReadAction\",\"target\":[\"https:\/\/aeprilclinics.nl\/pt-br\/circulo-interno-da-aepril\/\"]}]},{\"@type\":\"ImageObject\",\"inLanguage\":\"pt-BR\",\"@id\":\"https:\/\/aeprilclinics.nl\/pt-br\/circulo-interno-da-aepril\/#primaryimage\",\"url\":\"https:\/\/aeprilclinics.nl\/wp-content\/uploads\/2025\/01\/BN4A9295-1024x683.jpg\",\"contentUrl\":\"https:\/\/aeprilclinics.nl\/wp-content\/uploads\/2025\/01\/BN4A9295-1024x683.jpg\"},{\"@type\":\"BreadcrumbList\",\"@id\":\"https:\/\/aeprilclinics.nl\/pt-br\/circulo-interno-da-aepril\/#breadcrumb\",\"itemListElement\":[{\"@type\":\"ListItem\",\"position\":1,\"name\":\"Home\",\"item\":\"https:\/\/aeprilclinics.nl\/pt-br\/\"},{\"@type\":\"ListItem\",\"position\":2,\"name\":\"C\u00edrculo interno da Aepril\"}]},{\"@type\":\"WebSite\",\"@id\":\"https:\/\/aeprilclinics.nl\/pt-br\/#website\",\"url\":\"https:\/\/aeprilclinics.nl\/pt-br\/\",\"name\":\"Aepril\",\"description\":\"\",\"potentialAction\":[{\"@type\":\"SearchAction\",\"target\":{\"@type\":\"EntryPoint\",\"urlTemplate\":\"https:\/\/aeprilclinics.nl\/pt-br\/?s={search_term_string}\"},\"query-input\":{\"@type\":\"PropertyValueSpecification\",\"valueRequired\":true,\"valueName\":\"search_term_string\"}}],\"inLanguage\":\"pt-BR\"}]}<\/script>\n<!-- \/ Yoast SEO plugin. -->","yoast_head_json":{"title":"C\u00edrculo interno da Aepril - Aepril","description":"Inscreva-se agora no Inner Circle da Aepril Clinics. Participe dos dias de treinamento, ganhe descontos exclusivos e brindes divertidos!","robots":{"index":"index","follow":"follow","max-snippet":"max-snippet:-1","max-image-preview":"max-image-preview:large","max-video-preview":"max-video-preview:-1"},"canonical":"https:\/\/aeprilclinics.nl\/pt-br\/circulo-interno-da-aepril\/","og_locale":"pt_BR","og_type":"article","og_title":"C\u00edrculo interno da Aepril - Aepril","og_description":"Inscreva-se agora no Inner Circle da Aepril Clinics. Participe dos dias de treinamento, ganhe descontos exclusivos e brindes divertidos!","og_url":"https:\/\/aeprilclinics.nl\/pt-br\/circulo-interno-da-aepril\/","og_site_name":"Aepril","article_modified_time":"2026-05-16T20:16:37+00:00","og_image":[{"width":2560,"height":1707,"url":"https:\/\/aeprilclinics.nl\/wp-content\/uploads\/2025\/01\/BN4A9295-scaled.jpg","type":"image\/jpeg"}],"twitter_card":"summary_large_image","twitter_misc":{"Est. tempo de leitura":"2 minutos"},"schema":{"@context":"https:\/\/schema.org","@graph":[{"@type":"WebPage","@id":"https:\/\/aeprilclinics.nl\/pt-br\/circulo-interno-da-aepril\/","url":"https:\/\/aeprilclinics.nl\/pt-br\/circulo-interno-da-aepril\/","name":"C\u00edrculo interno da Aepril - Aepril","isPartOf":{"@id":"https:\/\/aeprilclinics.nl\/pt-br\/#website"},"primaryImageOfPage":{"@id":"https:\/\/aeprilclinics.nl\/pt-br\/circulo-interno-da-aepril\/#primaryimage"},"image":{"@id":"https:\/\/aeprilclinics.nl\/pt-br\/circulo-interno-da-aepril\/#primaryimage"},"thumbnailUrl":"https:\/\/aeprilclinics.nl\/wp-content\/uploads\/2025\/01\/BN4A9295-1024x683.jpg","datePublished":"2025-06-20T11:44:40+00:00","dateModified":"2026-05-16T20:16:37+00:00","description":"Inscreva-se agora no Inner Circle da Aepril Clinics. Participe dos dias de treinamento, ganhe descontos exclusivos e brindes divertidos!","breadcrumb":{"@id":"https:\/\/aeprilclinics.nl\/pt-br\/circulo-interno-da-aepril\/#breadcrumb"},"inLanguage":"pt-BR","potentialAction":[{"@type":"ReadAction","target":["https:\/\/aeprilclinics.nl\/pt-br\/circulo-interno-da-aepril\/"]}]},{"@type":"ImageObject","inLanguage":"pt-BR","@id":"https:\/\/aeprilclinics.nl\/pt-br\/circulo-interno-da-aepril\/#primaryimage","url":"https:\/\/aeprilclinics.nl\/wp-content\/uploads\/2025\/01\/BN4A9295-1024x683.jpg","contentUrl":"https:\/\/aeprilclinics.nl\/wp-content\/uploads\/2025\/01\/BN4A9295-1024x683.jpg"},{"@type":"BreadcrumbList","@id":"https:\/\/aeprilclinics.nl\/pt-br\/circulo-interno-da-aepril\/#breadcrumb","itemListElement":[{"@type":"ListItem","position":1,"name":"Home","item":"https:\/\/aeprilclinics.nl\/pt-br\/"},{"@type":"ListItem","position":2,"name":"C\u00edrculo interno da Aepril"}]},{"@type":"WebSite","@id":"https:\/\/aeprilclinics.nl\/pt-br\/#website","url":"https:\/\/aeprilclinics.nl\/pt-br\/","name":"Aepril","description":"","potentialAction":[{"@type":"SearchAction","target":{"@type":"EntryPoint","urlTemplate":"https:\/\/aeprilclinics.nl\/pt-br\/?s={search_term_string}"},"query-input":{"@type":"PropertyValueSpecification","valueRequired":true,"valueName":"search_term_string"}}],"inLanguage":"pt-BR"}]}},"_links":{"self":[{"href":"https:\/\/aeprilclinics.nl\/pt-br\/wp-json\/wp\/v2\/pages\/9546","targetHints":{"allow":["GET"]}}],"collection":[{"href":"https:\/\/aeprilclinics.nl\/pt-br\/wp-json\/wp\/v2\/pages"}],"about":[{"href":"https:\/\/aeprilclinics.nl\/pt-br\/wp-json\/wp\/v2\/types\/page"}],"author":[{"embeddable":true,"href":"https:\/\/aeprilclinics.nl\/pt-br\/wp-json\/wp\/v2\/users\/14"}],"replies":[{"embeddable":true,"href":"https:\/\/aeprilclinics.nl\/pt-br\/wp-json\/wp\/v2\/comments?post=9546"}],"version-history":[{"count":5,"href":"https:\/\/aeprilclinics.nl\/pt-br\/wp-json\/wp\/v2\/pages\/9546\/revisions"}],"predecessor-version":[{"id":9600,"href":"https:\/\/aeprilclinics.nl\/pt-br\/wp-json\/wp\/v2\/pages\/9546\/revisions\/9600"}],"wp:attachment":[{"href":"https:\/\/aeprilclinics.nl\/pt-br\/wp-json\/wp\/v2\/media?parent=9546"}],"curies":[{"name":"wp","href":"https:\/\/api.w.org\/{rel}","templated":true}]}}