{"id":9528,"date":"2025-01-21T15:48:32","date_gmt":"2025-01-21T15:48:32","guid":{"rendered":"https:\/\/aeprilclinics.nl\/contato\/"},"modified":"2026-05-16T20:15:36","modified_gmt":"2026-05-16T20:15:36","slug":"contato","status":"publish","type":"page","link":"https:\/\/aeprilclinics.nl\/pt-br\/contato\/","title":{"rendered":"Contato"},"content":{"rendered":"\n<div class=\"wp-block-columns is-layout-flex wp-container-core-columns-is-layout-28f84493 wp-block-columns-is-layout-flex\">\n<div class=\"wp-block-column is-layout-flow wp-block-column-is-layout-flow\">\n<h5 class=\"wp-block-heading\">Contato<\/h5>\n\n\n\n<h2 class=\"wp-block-heading\">Entre em contato conosco<\/h2>\n\n\n\n<p>Voc\u00ea ainda tem d\u00favidas ou deseja marcar uma consulta? Fique \u00e0 vontade para entrar em contato conosco! Estamos \u00e0 sua disposi\u00e7\u00e3o de segunda a sexta-feira, das 09:00 \u00e0s 18:00. Para emerg\u00eancias, ligue para o nosso n\u00famero de emerg\u00eancia em.   <\/p>\n\n\n\n<p>  (dispon\u00edvel 24 horas por dia, 7 dias por semana).<\/p>\n\n\n\n<div class=\"wp-block-columns is-not-stacked-on-mobile is-layout-flex wp-container-core-columns-is-layout-28f84493 wp-block-columns-is-layout-flex\">\n<div class=\"wp-block-column is-layout-flow wp-block-column-is-layout-flow\" style=\"flex-basis:25px\">\n<p><i class=\"fas fa-phone\"><\/i><br \/><\/p>\n<\/div>\n\n\n\n<div class=\"wp-block-column is-layout-flow wp-block-column-is-layout-flow\">\n<p><a href=\"tel:+31623209253\">+31 (0) 6 23 20 92 53<\/a><\/p>\n<\/div>\n<\/div>\n\n\n\n<div class=\"wp-block-columns is-not-stacked-on-mobile is-layout-flex wp-container-core-columns-is-layout-28f84493 wp-block-columns-is-layout-flex\">\n<div class=\"wp-block-column is-layout-flow wp-block-column-is-layout-flow\" style=\"flex-basis:25px\">\n<i class=\"fas fa-envelope\"><\/i>\n<\/div>\n\n\n\n<div class=\"wp-block-column is-layout-flow wp-block-column-is-layout-flow\">\n<p><a href=\"mailto:contact@aeprilclinics.nl\">receptie@aeprilclinics.nl<\/a><\/p>\n<\/div>\n<\/div>\n\n\n\n<p style=\"margin-top:var(--wp--preset--spacing--30);margin-bottom:var(--wp--preset--spacing--30)\"><strong>Somente para casos urgentes, ligue para voc\u00ea: <a href=\"tel:0613398171\">+31 (0)6 13 39 81 71<\/a><\/strong><\/p>\n\n\n\n<p>Acessibilidade da cl\u00ednica de est\u00e9tica Hengelo: <br \/>\ud83d\ude97 De carro: H\u00e1 um amplo estacionamento pago ou com cart\u00e3o azul em frente \u00e0 cl\u00ednica, na Drienerstraat 41.<\/p>\n\n\n\n<p>De transporte p\u00fablico: da esta\u00e7\u00e3o central de Hengelo, voc\u00ea est\u00e1 a cerca de 500 metros (5 minutos) a p\u00e9 da Drienerstraat 41.<br \/><br \/><\/p>\n\n\n\n<h3 class=\"wp-block-heading\" style=\"margin-top:var(--wp--preset--spacing--40)\">Siga-nos<\/h3>\n\n\n\n<p class=\"has-xx-large-font-size\"><a href=\"https:\/\/www.facebook.com\/aeprilclinics\"><i class=\"fab fa-square-facebook\"><\/i><\/a> <a href=\"https:\/\/www.instagram.com\/aepril_clinics\"><i class=\"fab fa-square-instagram\"><\/i><\/a> <a href=\"https:\/\/wa.me\/31623209253\"><i class=\"fab fa-square-whatsapp\"><\/i><\/a><\/p>\n<\/div>\n\n\n\n<div class=\"wp-block-column is-layout-flow wp-block-column-is-layout-flow\">\n<div style=\"height:100%;border:0;display:inline-block;overflow:hidden;border-radius:15px\"><iframe loading=\"lazy\" src=\"https:\/\/www.google.com\/maps\/d\/embed?mid=1ic6jBaVaE--aY8NmJJvGDbxEtxAWzlg&amp;hl=nl&amp;ehbc=2E312F&amp;noprof=1\" width=\"1920\" height=\"600\" allowfullscreen=\"\"><\/iframe><\/div>\n<\/div>\n<\/div>\n\n<div class=\"wp-block-cover alignfull is-light wave\" style=\"margin-top:var(--wp--preset--spacing--60);margin-bottom:0;padding-bottom:var(--wp--preset--spacing--30)\"><span aria-hidden=\"true\" class=\"wp-block-cover__background has-accent-background-color has-background-dim-100 has-background-dim\"><\/span><div class=\"wp-block-cover__inner-container has-global-padding is-layout-constrained wp-block-cover-is-layout-constrained\">\n<h2 class=\"wp-block-heading has-text-align-center\">Descubra o poder de sua beleza.<\/h2>\n\n\n\n<div style=\"height:15px\" aria-hidden=\"true\" class=\"wp-block-spacer\"><\/div>\n\n\n\n<div class=\"wp-block-buttons is-content-justification-center is-layout-flex wp-container-core-buttons-is-layout-a89b3969 wp-block-buttons-is-layout-flex\">\n<div class=\"wp-block-button\"><a class=\"wp-block-button__link has-base-color has-accent-3-background-color has-text-color has-background has-link-color wp-element-button\" href=\"https:\/\/aeprilclinics.nl\/pt-br\/agende-uma-consulta-gratuita\/\">Agende uma consulta gratuita<\/a><\/div>\n<\/div>\n<\/div><\/div>\n","protected":false},"excerpt":{"rendered":"<p>Contato Entre em contato conosco Voc\u00ea ainda tem d\u00favidas ou deseja marcar uma consulta? Fique \u00e0 vontade para entrar em contato conosco! Estamos \u00e0 sua disposi\u00e7\u00e3o de segunda a sexta-feira, das 09:00 \u00e0s 18:00. Para emerg\u00eancias, ligue para o nosso&#8230;<\/p>\n","protected":false},"author":10,"featured_media":8987,"parent":0,"menu_order":0,"comment_status":"closed","ping_status":"closed","template":"","meta":{"_acf_changed":false,"footnotes":""},"class_list":["post-9528","page","type-page","status-publish","has-post-thumbnail","hentry"],"acf":[],"yoast_head":"<!-- This site is optimized with the Yoast SEO plugin v27.2 - https:\/\/yoast.com\/product\/yoast-seo-wordpress\/ -->\n<title>Contato - Aepril<\/title>\n<meta name=\"description\" content=\"Voc\u00ea tem d\u00favidas sobre o tratamento ou sobre como marcar uma consulta? Entre em contato com a Aepril Clinics - teremos prazer em ajudar voc\u00ea.\" \/>\n<meta name=\"robots\" content=\"index, follow, max-snippet:-1, max-image-preview:large, max-video-preview:-1\" \/>\n<link rel=\"canonical\" href=\"https:\/\/aeprilclinics.nl\/pt-br\/contato\/\" \/>\n<meta property=\"og:locale\" content=\"pt_BR\" \/>\n<meta property=\"og:type\" content=\"article\" \/>\n<meta property=\"og:title\" content=\"Contato - Aepril\" \/>\n<meta property=\"og:description\" content=\"Voc\u00ea tem d\u00favidas sobre o tratamento ou sobre como marcar uma consulta? Entre em contato com a Aepril Clinics - teremos prazer em ajudar voc\u00ea.\" \/>\n<meta property=\"og:url\" content=\"https:\/\/aeprilclinics.nl\/pt-br\/contato\/\" \/>\n<meta property=\"og:site_name\" content=\"Aepril\" \/>\n<meta property=\"article:modified_time\" content=\"2026-05-16T20:15:36+00:00\" \/>\n<meta property=\"og:image\" content=\"https:\/\/aeprilclinics.nl\/wp-content\/uploads\/2025\/02\/aesthe-clinics-Final-07.png\" \/>\n\t<meta property=\"og:image:width\" content=\"6667\" \/>\n\t<meta property=\"og:image:height\" content=\"5001\" \/>\n\t<meta property=\"og:image:type\" content=\"image\/png\" \/>\n<meta name=\"twitter:card\" content=\"summary_large_image\" \/>\n<meta name=\"twitter:label1\" content=\"Est. tempo de leitura\" \/>\n\t<meta name=\"twitter:data1\" content=\"1 minuto\" \/>\n<script type=\"application\/ld+json\" class=\"yoast-schema-graph\">{\"@context\":\"https:\/\/schema.org\",\"@graph\":[{\"@type\":\"WebPage\",\"@id\":\"https:\/\/aeprilclinics.nl\/pt-br\/contato\/\",\"url\":\"https:\/\/aeprilclinics.nl\/pt-br\/contato\/\",\"name\":\"Contato - Aepril\",\"isPartOf\":{\"@id\":\"https:\/\/aeprilclinics.nl\/pt-br\/#website\"},\"primaryImageOfPage\":{\"@id\":\"https:\/\/aeprilclinics.nl\/pt-br\/contato\/#primaryimage\"},\"image\":{\"@id\":\"https:\/\/aeprilclinics.nl\/pt-br\/contato\/#primaryimage\"},\"thumbnailUrl\":\"https:\/\/aeprilclinics.nl\/wp-content\/uploads\/2025\/02\/aesthe-clinics-Final-07.png\",\"datePublished\":\"2025-01-21T15:48:32+00:00\",\"dateModified\":\"2026-05-16T20:15:36+00:00\",\"description\":\"Voc\u00ea tem d\u00favidas sobre o tratamento ou sobre como marcar uma consulta? Entre em contato com a Aepril Clinics - teremos prazer em ajudar voc\u00ea.\",\"breadcrumb\":{\"@id\":\"https:\/\/aeprilclinics.nl\/pt-br\/contato\/#breadcrumb\"},\"inLanguage\":\"pt-BR\",\"potentialAction\":[{\"@type\":\"ReadAction\",\"target\":[\"https:\/\/aeprilclinics.nl\/pt-br\/contato\/\"]}]},{\"@type\":\"ImageObject\",\"inLanguage\":\"pt-BR\",\"@id\":\"https:\/\/aeprilclinics.nl\/pt-br\/contato\/#primaryimage\",\"url\":\"https:\/\/aeprilclinics.nl\/wp-content\/uploads\/2025\/02\/aesthe-clinics-Final-07.png\",\"contentUrl\":\"https:\/\/aeprilclinics.nl\/wp-content\/uploads\/2025\/02\/aesthe-clinics-Final-07.png\",\"width\":6667,\"height\":5001},{\"@type\":\"BreadcrumbList\",\"@id\":\"https:\/\/aeprilclinics.nl\/pt-br\/contato\/#breadcrumb\",\"itemListElement\":[{\"@type\":\"ListItem\",\"position\":1,\"name\":\"Home\",\"item\":\"https:\/\/aeprilclinics.nl\/pt-br\/\"},{\"@type\":\"ListItem\",\"position\":2,\"name\":\"Contato\"}]},{\"@type\":\"WebSite\",\"@id\":\"https:\/\/aeprilclinics.nl\/pt-br\/#website\",\"url\":\"https:\/\/aeprilclinics.nl\/pt-br\/\",\"name\":\"Aepril\",\"description\":\"\",\"potentialAction\":[{\"@type\":\"SearchAction\",\"target\":{\"@type\":\"EntryPoint\",\"urlTemplate\":\"https:\/\/aeprilclinics.nl\/pt-br\/?s={search_term_string}\"},\"query-input\":{\"@type\":\"PropertyValueSpecification\",\"valueRequired\":true,\"valueName\":\"search_term_string\"}}],\"inLanguage\":\"pt-BR\"}]}<\/script>\n<!-- \/ Yoast SEO plugin. -->","yoast_head_json":{"title":"Contato - Aepril","description":"Voc\u00ea tem d\u00favidas sobre o tratamento ou sobre como marcar uma consulta? Entre em contato com a Aepril Clinics - teremos prazer em ajudar voc\u00ea.","robots":{"index":"index","follow":"follow","max-snippet":"max-snippet:-1","max-image-preview":"max-image-preview:large","max-video-preview":"max-video-preview:-1"},"canonical":"https:\/\/aeprilclinics.nl\/pt-br\/contato\/","og_locale":"pt_BR","og_type":"article","og_title":"Contato - Aepril","og_description":"Voc\u00ea tem d\u00favidas sobre o tratamento ou sobre como marcar uma consulta? Entre em contato com a Aepril Clinics - teremos prazer em ajudar voc\u00ea.","og_url":"https:\/\/aeprilclinics.nl\/pt-br\/contato\/","og_site_name":"Aepril","article_modified_time":"2026-05-16T20:15:36+00:00","og_image":[{"width":6667,"height":5001,"url":"https:\/\/aeprilclinics.nl\/wp-content\/uploads\/2025\/02\/aesthe-clinics-Final-07.png","type":"image\/png"}],"twitter_card":"summary_large_image","twitter_misc":{"Est. tempo de leitura":"1 minuto"},"schema":{"@context":"https:\/\/schema.org","@graph":[{"@type":"WebPage","@id":"https:\/\/aeprilclinics.nl\/pt-br\/contato\/","url":"https:\/\/aeprilclinics.nl\/pt-br\/contato\/","name":"Contato - Aepril","isPartOf":{"@id":"https:\/\/aeprilclinics.nl\/pt-br\/#website"},"primaryImageOfPage":{"@id":"https:\/\/aeprilclinics.nl\/pt-br\/contato\/#primaryimage"},"image":{"@id":"https:\/\/aeprilclinics.nl\/pt-br\/contato\/#primaryimage"},"thumbnailUrl":"https:\/\/aeprilclinics.nl\/wp-content\/uploads\/2025\/02\/aesthe-clinics-Final-07.png","datePublished":"2025-01-21T15:48:32+00:00","dateModified":"2026-05-16T20:15:36+00:00","description":"Voc\u00ea tem d\u00favidas sobre o tratamento ou sobre como marcar uma consulta? Entre em contato com a Aepril Clinics - teremos prazer em ajudar voc\u00ea.","breadcrumb":{"@id":"https:\/\/aeprilclinics.nl\/pt-br\/contato\/#breadcrumb"},"inLanguage":"pt-BR","potentialAction":[{"@type":"ReadAction","target":["https:\/\/aeprilclinics.nl\/pt-br\/contato\/"]}]},{"@type":"ImageObject","inLanguage":"pt-BR","@id":"https:\/\/aeprilclinics.nl\/pt-br\/contato\/#primaryimage","url":"https:\/\/aeprilclinics.nl\/wp-content\/uploads\/2025\/02\/aesthe-clinics-Final-07.png","contentUrl":"https:\/\/aeprilclinics.nl\/wp-content\/uploads\/2025\/02\/aesthe-clinics-Final-07.png","width":6667,"height":5001},{"@type":"BreadcrumbList","@id":"https:\/\/aeprilclinics.nl\/pt-br\/contato\/#breadcrumb","itemListElement":[{"@type":"ListItem","position":1,"name":"Home","item":"https:\/\/aeprilclinics.nl\/pt-br\/"},{"@type":"ListItem","position":2,"name":"Contato"}]},{"@type":"WebSite","@id":"https:\/\/aeprilclinics.nl\/pt-br\/#website","url":"https:\/\/aeprilclinics.nl\/pt-br\/","name":"Aepril","description":"","potentialAction":[{"@type":"SearchAction","target":{"@type":"EntryPoint","urlTemplate":"https:\/\/aeprilclinics.nl\/pt-br\/?s={search_term_string}"},"query-input":{"@type":"PropertyValueSpecification","valueRequired":true,"valueName":"search_term_string"}}],"inLanguage":"pt-BR"}]}},"_links":{"self":[{"href":"https:\/\/aeprilclinics.nl\/pt-br\/wp-json\/wp\/v2\/pages\/9528","targetHints":{"allow":["GET"]}}],"collection":[{"href":"https:\/\/aeprilclinics.nl\/pt-br\/wp-json\/wp\/v2\/pages"}],"about":[{"href":"https:\/\/aeprilclinics.nl\/pt-br\/wp-json\/wp\/v2\/types\/page"}],"author":[{"embeddable":true,"href":"https:\/\/aeprilclinics.nl\/pt-br\/wp-json\/wp\/v2\/users\/10"}],"replies":[{"embeddable":true,"href":"https:\/\/aeprilclinics.nl\/pt-br\/wp-json\/wp\/v2\/comments?post=9528"}],"version-history":[{"count":2,"href":"https:\/\/aeprilclinics.nl\/pt-br\/wp-json\/wp\/v2\/pages\/9528\/revisions"}],"predecessor-version":[{"id":9535,"href":"https:\/\/aeprilclinics.nl\/pt-br\/wp-json\/wp\/v2\/pages\/9528\/revisions\/9535"}],"wp:featuredmedia":[{"embeddable":true,"href":"https:\/\/aeprilclinics.nl\/pt-br\/wp-json\/wp\/v2\/media\/8987"}],"wp:attachment":[{"href":"https:\/\/aeprilclinics.nl\/pt-br\/wp-json\/wp\/v2\/media?parent=9528"}],"curies":[{"name":"wp","href":"https:\/\/api.w.org\/{rel}","templated":true}]}}