{"id":9384,"date":"2025-01-21T15:48:32","date_gmt":"2025-01-21T15:48:32","guid":{"rendered":"https:\/\/aeprilclinics.nl\/sobre-nos\/"},"modified":"2026-05-16T20:15:23","modified_gmt":"2026-05-16T20:15:23","slug":"sobre-nos","status":"publish","type":"page","link":"https:\/\/aeprilclinics.nl\/pt-br\/sobre-nos\/","title":{"rendered":"Sobre n\u00f3s"},"content":{"rendered":"","protected":false},"excerpt":{"rendered":"","protected":false},"author":10,"featured_media":8987,"parent":0,"menu_order":0,"comment_status":"closed","ping_status":"closed","template":"","meta":{"_acf_changed":false,"footnotes":""},"class_list":["post-9384","page","type-page","status-publish","has-post-thumbnail","hentry"],"acf":[],"yoast_head":"<!-- This site is optimized with the Yoast SEO plugin v27.2 - https:\/\/yoast.com\/product\/yoast-seo-wordpress\/ -->\n<title>Sobre n\u00f3s: conhe\u00e7a Aepril<\/title>\n<meta name=\"description\" content=\"Conhe\u00e7a a cl\u00ednica de est\u00e9tica Aepril Clinics em Hengelo. Para voc\u00ea, a qualidade, o cuidado pessoal e a beleza natural s\u00e3o nossos pilares.\" \/>\n<meta name=\"robots\" content=\"index, follow, max-snippet:-1, max-image-preview:large, max-video-preview:-1\" \/>\n<link rel=\"canonical\" href=\"https:\/\/aeprilclinics.nl\/pt-br\/sobre-nos\/\" \/>\n<meta property=\"og:locale\" content=\"pt_BR\" \/>\n<meta property=\"og:type\" content=\"article\" \/>\n<meta property=\"og:title\" content=\"Sobre n\u00f3s: conhe\u00e7a Aepril\" \/>\n<meta property=\"og:description\" content=\"Conhe\u00e7a a cl\u00ednica de est\u00e9tica Aepril Clinics em Hengelo. Para voc\u00ea, a qualidade, o cuidado pessoal e a beleza natural s\u00e3o nossos pilares.\" \/>\n<meta property=\"og:url\" content=\"https:\/\/aeprilclinics.nl\/pt-br\/sobre-nos\/\" \/>\n<meta property=\"og:site_name\" content=\"Aepril\" \/>\n<meta property=\"article:modified_time\" content=\"2026-05-16T20:15:23+00:00\" \/>\n<meta property=\"og:image\" content=\"https:\/\/aeprilclinics.nl\/wp-content\/uploads\/2025\/02\/aesthe-clinics-Final-07.png\" \/>\n\t<meta property=\"og:image:width\" content=\"6667\" \/>\n\t<meta property=\"og:image:height\" content=\"5001\" \/>\n\t<meta property=\"og:image:type\" content=\"image\/png\" \/>\n<meta name=\"twitter:card\" content=\"summary_large_image\" \/>\n<script type=\"application\/ld+json\" class=\"yoast-schema-graph\">{\"@context\":\"https:\/\/schema.org\",\"@graph\":[{\"@type\":\"WebPage\",\"@id\":\"https:\/\/aeprilclinics.nl\/pt-br\/sobre-nos\/\",\"url\":\"https:\/\/aeprilclinics.nl\/pt-br\/sobre-nos\/\",\"name\":\"Sobre n\u00f3s: conhe\u00e7a Aepril\",\"isPartOf\":{\"@id\":\"https:\/\/aeprilclinics.nl\/pt-br\/#website\"},\"primaryImageOfPage\":{\"@id\":\"https:\/\/aeprilclinics.nl\/pt-br\/sobre-nos\/#primaryimage\"},\"image\":{\"@id\":\"https:\/\/aeprilclinics.nl\/pt-br\/sobre-nos\/#primaryimage\"},\"thumbnailUrl\":\"https:\/\/aeprilclinics.nl\/wp-content\/uploads\/2025\/02\/aesthe-clinics-Final-07.png\",\"datePublished\":\"2025-01-21T15:48:32+00:00\",\"dateModified\":\"2026-05-16T20:15:23+00:00\",\"description\":\"Conhe\u00e7a a cl\u00ednica de est\u00e9tica Aepril Clinics em Hengelo. Para voc\u00ea, a qualidade, o cuidado pessoal e a beleza natural s\u00e3o nossos pilares.\",\"breadcrumb\":{\"@id\":\"https:\/\/aeprilclinics.nl\/pt-br\/sobre-nos\/#breadcrumb\"},\"inLanguage\":\"pt-BR\",\"potentialAction\":[{\"@type\":\"ReadAction\",\"target\":[\"https:\/\/aeprilclinics.nl\/pt-br\/sobre-nos\/\"]}]},{\"@type\":\"ImageObject\",\"inLanguage\":\"pt-BR\",\"@id\":\"https:\/\/aeprilclinics.nl\/pt-br\/sobre-nos\/#primaryimage\",\"url\":\"https:\/\/aeprilclinics.nl\/wp-content\/uploads\/2025\/02\/aesthe-clinics-Final-07.png\",\"contentUrl\":\"https:\/\/aeprilclinics.nl\/wp-content\/uploads\/2025\/02\/aesthe-clinics-Final-07.png\",\"width\":6667,\"height\":5001},{\"@type\":\"BreadcrumbList\",\"@id\":\"https:\/\/aeprilclinics.nl\/pt-br\/sobre-nos\/#breadcrumb\",\"itemListElement\":[{\"@type\":\"ListItem\",\"position\":1,\"name\":\"Home\",\"item\":\"https:\/\/aeprilclinics.nl\/pt-br\/\"},{\"@type\":\"ListItem\",\"position\":2,\"name\":\"Sobre n\u00f3s\"}]},{\"@type\":\"WebSite\",\"@id\":\"https:\/\/aeprilclinics.nl\/pt-br\/#website\",\"url\":\"https:\/\/aeprilclinics.nl\/pt-br\/\",\"name\":\"Aepril\",\"description\":\"\",\"potentialAction\":[{\"@type\":\"SearchAction\",\"target\":{\"@type\":\"EntryPoint\",\"urlTemplate\":\"https:\/\/aeprilclinics.nl\/pt-br\/?s={search_term_string}\"},\"query-input\":{\"@type\":\"PropertyValueSpecification\",\"valueRequired\":true,\"valueName\":\"search_term_string\"}}],\"inLanguage\":\"pt-BR\"}]}<\/script>\n<!-- \/ Yoast SEO plugin. -->","yoast_head_json":{"title":"Sobre n\u00f3s: conhe\u00e7a Aepril","description":"Conhe\u00e7a a cl\u00ednica de est\u00e9tica Aepril Clinics em Hengelo. Para voc\u00ea, a qualidade, o cuidado pessoal e a beleza natural s\u00e3o nossos pilares.","robots":{"index":"index","follow":"follow","max-snippet":"max-snippet:-1","max-image-preview":"max-image-preview:large","max-video-preview":"max-video-preview:-1"},"canonical":"https:\/\/aeprilclinics.nl\/pt-br\/sobre-nos\/","og_locale":"pt_BR","og_type":"article","og_title":"Sobre n\u00f3s: conhe\u00e7a Aepril","og_description":"Conhe\u00e7a a cl\u00ednica de est\u00e9tica Aepril Clinics em Hengelo. Para voc\u00ea, a qualidade, o cuidado pessoal e a beleza natural s\u00e3o nossos pilares.","og_url":"https:\/\/aeprilclinics.nl\/pt-br\/sobre-nos\/","og_site_name":"Aepril","article_modified_time":"2026-05-16T20:15:23+00:00","og_image":[{"width":6667,"height":5001,"url":"https:\/\/aeprilclinics.nl\/wp-content\/uploads\/2025\/02\/aesthe-clinics-Final-07.png","type":"image\/png"}],"twitter_card":"summary_large_image","schema":{"@context":"https:\/\/schema.org","@graph":[{"@type":"WebPage","@id":"https:\/\/aeprilclinics.nl\/pt-br\/sobre-nos\/","url":"https:\/\/aeprilclinics.nl\/pt-br\/sobre-nos\/","name":"Sobre n\u00f3s: conhe\u00e7a Aepril","isPartOf":{"@id":"https:\/\/aeprilclinics.nl\/pt-br\/#website"},"primaryImageOfPage":{"@id":"https:\/\/aeprilclinics.nl\/pt-br\/sobre-nos\/#primaryimage"},"image":{"@id":"https:\/\/aeprilclinics.nl\/pt-br\/sobre-nos\/#primaryimage"},"thumbnailUrl":"https:\/\/aeprilclinics.nl\/wp-content\/uploads\/2025\/02\/aesthe-clinics-Final-07.png","datePublished":"2025-01-21T15:48:32+00:00","dateModified":"2026-05-16T20:15:23+00:00","description":"Conhe\u00e7a a cl\u00ednica de est\u00e9tica Aepril Clinics em Hengelo. Para voc\u00ea, a qualidade, o cuidado pessoal e a beleza natural s\u00e3o nossos pilares.","breadcrumb":{"@id":"https:\/\/aeprilclinics.nl\/pt-br\/sobre-nos\/#breadcrumb"},"inLanguage":"pt-BR","potentialAction":[{"@type":"ReadAction","target":["https:\/\/aeprilclinics.nl\/pt-br\/sobre-nos\/"]}]},{"@type":"ImageObject","inLanguage":"pt-BR","@id":"https:\/\/aeprilclinics.nl\/pt-br\/sobre-nos\/#primaryimage","url":"https:\/\/aeprilclinics.nl\/wp-content\/uploads\/2025\/02\/aesthe-clinics-Final-07.png","contentUrl":"https:\/\/aeprilclinics.nl\/wp-content\/uploads\/2025\/02\/aesthe-clinics-Final-07.png","width":6667,"height":5001},{"@type":"BreadcrumbList","@id":"https:\/\/aeprilclinics.nl\/pt-br\/sobre-nos\/#breadcrumb","itemListElement":[{"@type":"ListItem","position":1,"name":"Home","item":"https:\/\/aeprilclinics.nl\/pt-br\/"},{"@type":"ListItem","position":2,"name":"Sobre n\u00f3s"}]},{"@type":"WebSite","@id":"https:\/\/aeprilclinics.nl\/pt-br\/#website","url":"https:\/\/aeprilclinics.nl\/pt-br\/","name":"Aepril","description":"","potentialAction":[{"@type":"SearchAction","target":{"@type":"EntryPoint","urlTemplate":"https:\/\/aeprilclinics.nl\/pt-br\/?s={search_term_string}"},"query-input":{"@type":"PropertyValueSpecification","valueRequired":true,"valueName":"search_term_string"}}],"inLanguage":"pt-BR"}]}},"_links":{"self":[{"href":"https:\/\/aeprilclinics.nl\/pt-br\/wp-json\/wp\/v2\/pages\/9384","targetHints":{"allow":["GET"]}}],"collection":[{"href":"https:\/\/aeprilclinics.nl\/pt-br\/wp-json\/wp\/v2\/pages"}],"about":[{"href":"https:\/\/aeprilclinics.nl\/pt-br\/wp-json\/wp\/v2\/types\/page"}],"author":[{"embeddable":true,"href":"https:\/\/aeprilclinics.nl\/pt-br\/wp-json\/wp\/v2\/users\/10"}],"replies":[{"embeddable":true,"href":"https:\/\/aeprilclinics.nl\/pt-br\/wp-json\/wp\/v2\/comments?post=9384"}],"version-history":[{"count":1,"href":"https:\/\/aeprilclinics.nl\/pt-br\/wp-json\/wp\/v2\/pages\/9384\/revisions"}],"predecessor-version":[{"id":9513,"href":"https:\/\/aeprilclinics.nl\/pt-br\/wp-json\/wp\/v2\/pages\/9384\/revisions\/9513"}],"wp:featuredmedia":[{"embeddable":true,"href":"https:\/\/aeprilclinics.nl\/pt-br\/wp-json\/wp\/v2\/media\/8987"}],"wp:attachment":[{"href":"https:\/\/aeprilclinics.nl\/pt-br\/wp-json\/wp\/v2\/media?parent=9384"}],"curies":[{"name":"wp","href":"https:\/\/api.w.org\/{rel}","templated":true}]}}