{"id":9307,"date":"2025-10-07T20:32:34","date_gmt":"2025-10-07T20:32:34","guid":{"rendered":"https:\/\/aeprilclinics.nl\/cartoes-presente\/"},"modified":"2026-05-16T20:19:28","modified_gmt":"2026-05-16T20:19:28","slug":"cartoes-presente","status":"publish","type":"page","link":"https:\/\/aeprilclinics.nl\/pt-br\/cartoes-presente\/","title":{"rendered":"Cart\u00f5es-presente"},"content":{"rendered":"\n<p>Surpreenda algu\u00e9m pr\u00f3ximo a voc\u00ea com um cart\u00e3o-presente da Aepril Clinics, o melhor presente que voc\u00ea pode dar \u00e9 a autoconfian\u00e7a.  <\/p>\n\n<p>A pessoa para quem voc\u00ea comprou o seu giftcard receber\u00e1 o giftcard digitalmente pelo correio com instru\u00e7\u00f5es para resgat\u00e1-lo em uma de nossas lojas. Certifique-se de que essa pessoa traga o giftcard impresso ou digital no celular; o c\u00f3digo no giftcard \u00e9 necess\u00e1rio para resgatar o cr\u00e9dito. <\/p>\n\n<p>Leia <a href=\"https:\/\/aeprilclinics.nl\/pt-br\/condicoes\/\">todos os termos e condi\u00e7\u00f5es<\/a> dos cart\u00f5es-presente da Aepril Clinics aqui e use <a href=\"https:\/\/aeprilclinics.nl\/pt-br\/agende-uma-consulta-gratuita\/\">esta p\u00e1gina <\/a>para marcar sua consulta e resgatar seu cart\u00e3o-presente.<\/p>\n\n<p>Voc\u00ea tamb\u00e9m pode <a href=\"https:\/\/aeprilclinics.nl\/pt-br\/contato\/\">entrar em contato<\/a> conosco para obter mais informa\u00e7\u00f5es sobre nossos Gift Cards.<br \/><\/p>\n\n<!-- Clinicminds Gift Card Store begin -->\n<div class=\"clinicminds-gift-card-frame\" data-frame-url=\"https:\/\/clinic.gift\/aesthe-clinic\"><\/div>\n\n<!-- Clinicminds Gift Card Store end -->\n\n<p><\/p>\n","protected":false},"excerpt":{"rendered":"<p>Surpreenda algu\u00e9m pr\u00f3ximo a voc\u00ea com um cart\u00e3o-presente da Aepril Clinics, o melhor presente que voc\u00ea pode dar \u00e9 a autoconfian\u00e7a. A pessoa para quem voc\u00ea comprou o seu giftcard receber\u00e1 o giftcard digitalmente pelo correio com instru\u00e7\u00f5es para resgat\u00e1-lo&#8230;<\/p>\n","protected":false},"author":14,"featured_media":0,"parent":0,"menu_order":0,"comment_status":"closed","ping_status":"closed","template":"","meta":{"_acf_changed":false,"footnotes":""},"class_list":["post-9307","page","type-page","status-publish","hentry"],"acf":[],"yoast_head":"<!-- This site is optimized with the Yoast SEO plugin v27.2 - https:\/\/yoast.com\/product\/yoast-seo-wordpress\/ -->\n<title>Cart\u00f5es-presente: d\u00ea a beleza como um presente - Aepril<\/title>\n<meta name=\"description\" content=\"Voc\u00ea est\u00e1 procurando um presente original? D\u00ea um cart\u00e3o-presente das Cl\u00ednicas Aepril: a surpresa perfeita para a beleza, o relaxamento e o autocuidado.\" \/>\n<meta name=\"robots\" content=\"index, follow, max-snippet:-1, max-image-preview:large, max-video-preview:-1\" \/>\n<link rel=\"canonical\" href=\"https:\/\/aeprilclinics.nl\/pt-br\/cartoes-presente\/\" \/>\n<meta property=\"og:locale\" content=\"pt_BR\" \/>\n<meta property=\"og:type\" content=\"article\" \/>\n<meta property=\"og:title\" content=\"Cart\u00f5es-presente: d\u00ea a beleza como um presente - Aepril\" \/>\n<meta property=\"og:description\" content=\"Voc\u00ea est\u00e1 procurando um presente original? D\u00ea um cart\u00e3o-presente das Cl\u00ednicas Aepril: a surpresa perfeita para a beleza, o relaxamento e o autocuidado.\" \/>\n<meta property=\"og:url\" content=\"https:\/\/aeprilclinics.nl\/pt-br\/cartoes-presente\/\" \/>\n<meta property=\"og:site_name\" content=\"Aepril\" \/>\n<meta property=\"article:modified_time\" content=\"2026-05-16T20:19:28+00:00\" \/>\n<meta name=\"twitter:card\" content=\"summary_large_image\" \/>\n<meta name=\"twitter:label1\" content=\"Est. tempo de leitura\" \/>\n\t<meta name=\"twitter:data1\" content=\"1 minuto\" \/>\n<script type=\"application\/ld+json\" class=\"yoast-schema-graph\">{\"@context\":\"https:\/\/schema.org\",\"@graph\":[{\"@type\":\"WebPage\",\"@id\":\"https:\/\/aeprilclinics.nl\/pt-br\/cartoes-presente\/\",\"url\":\"https:\/\/aeprilclinics.nl\/pt-br\/cartoes-presente\/\",\"name\":\"Cart\u00f5es-presente: d\u00ea a beleza como um presente - Aepril\",\"isPartOf\":{\"@id\":\"https:\/\/aeprilclinics.nl\/pt-br\/#website\"},\"datePublished\":\"2025-10-07T20:32:34+00:00\",\"dateModified\":\"2026-05-16T20:19:28+00:00\",\"description\":\"Voc\u00ea est\u00e1 procurando um presente original? D\u00ea um cart\u00e3o-presente das Cl\u00ednicas Aepril: a surpresa perfeita para a beleza, o relaxamento e o autocuidado.\",\"breadcrumb\":{\"@id\":\"https:\/\/aeprilclinics.nl\/pt-br\/cartoes-presente\/#breadcrumb\"},\"inLanguage\":\"pt-BR\",\"potentialAction\":[{\"@type\":\"ReadAction\",\"target\":[\"https:\/\/aeprilclinics.nl\/pt-br\/cartoes-presente\/\"]}]},{\"@type\":\"BreadcrumbList\",\"@id\":\"https:\/\/aeprilclinics.nl\/pt-br\/cartoes-presente\/#breadcrumb\",\"itemListElement\":[{\"@type\":\"ListItem\",\"position\":1,\"name\":\"Home\",\"item\":\"https:\/\/aeprilclinics.nl\/pt-br\/\"},{\"@type\":\"ListItem\",\"position\":2,\"name\":\"Cart\u00f5es-presente\"}]},{\"@type\":\"WebSite\",\"@id\":\"https:\/\/aeprilclinics.nl\/pt-br\/#website\",\"url\":\"https:\/\/aeprilclinics.nl\/pt-br\/\",\"name\":\"Aepril\",\"description\":\"\",\"potentialAction\":[{\"@type\":\"SearchAction\",\"target\":{\"@type\":\"EntryPoint\",\"urlTemplate\":\"https:\/\/aeprilclinics.nl\/pt-br\/?s={search_term_string}\"},\"query-input\":{\"@type\":\"PropertyValueSpecification\",\"valueRequired\":true,\"valueName\":\"search_term_string\"}}],\"inLanguage\":\"pt-BR\"}]}<\/script>\n<!-- \/ Yoast SEO plugin. -->","yoast_head_json":{"title":"Cart\u00f5es-presente: d\u00ea a beleza como um presente - Aepril","description":"Voc\u00ea est\u00e1 procurando um presente original? D\u00ea um cart\u00e3o-presente das Cl\u00ednicas Aepril: a surpresa perfeita para a beleza, o relaxamento e o autocuidado.","robots":{"index":"index","follow":"follow","max-snippet":"max-snippet:-1","max-image-preview":"max-image-preview:large","max-video-preview":"max-video-preview:-1"},"canonical":"https:\/\/aeprilclinics.nl\/pt-br\/cartoes-presente\/","og_locale":"pt_BR","og_type":"article","og_title":"Cart\u00f5es-presente: d\u00ea a beleza como um presente - Aepril","og_description":"Voc\u00ea est\u00e1 procurando um presente original? D\u00ea um cart\u00e3o-presente das Cl\u00ednicas Aepril: a surpresa perfeita para a beleza, o relaxamento e o autocuidado.","og_url":"https:\/\/aeprilclinics.nl\/pt-br\/cartoes-presente\/","og_site_name":"Aepril","article_modified_time":"2026-05-16T20:19:28+00:00","twitter_card":"summary_large_image","twitter_misc":{"Est. tempo de leitura":"1 minuto"},"schema":{"@context":"https:\/\/schema.org","@graph":[{"@type":"WebPage","@id":"https:\/\/aeprilclinics.nl\/pt-br\/cartoes-presente\/","url":"https:\/\/aeprilclinics.nl\/pt-br\/cartoes-presente\/","name":"Cart\u00f5es-presente: d\u00ea a beleza como um presente - Aepril","isPartOf":{"@id":"https:\/\/aeprilclinics.nl\/pt-br\/#website"},"datePublished":"2025-10-07T20:32:34+00:00","dateModified":"2026-05-16T20:19:28+00:00","description":"Voc\u00ea est\u00e1 procurando um presente original? D\u00ea um cart\u00e3o-presente das Cl\u00ednicas Aepril: a surpresa perfeita para a beleza, o relaxamento e o autocuidado.","breadcrumb":{"@id":"https:\/\/aeprilclinics.nl\/pt-br\/cartoes-presente\/#breadcrumb"},"inLanguage":"pt-BR","potentialAction":[{"@type":"ReadAction","target":["https:\/\/aeprilclinics.nl\/pt-br\/cartoes-presente\/"]}]},{"@type":"BreadcrumbList","@id":"https:\/\/aeprilclinics.nl\/pt-br\/cartoes-presente\/#breadcrumb","itemListElement":[{"@type":"ListItem","position":1,"name":"Home","item":"https:\/\/aeprilclinics.nl\/pt-br\/"},{"@type":"ListItem","position":2,"name":"Cart\u00f5es-presente"}]},{"@type":"WebSite","@id":"https:\/\/aeprilclinics.nl\/pt-br\/#website","url":"https:\/\/aeprilclinics.nl\/pt-br\/","name":"Aepril","description":"","potentialAction":[{"@type":"SearchAction","target":{"@type":"EntryPoint","urlTemplate":"https:\/\/aeprilclinics.nl\/pt-br\/?s={search_term_string}"},"query-input":{"@type":"PropertyValueSpecification","valueRequired":true,"valueName":"search_term_string"}}],"inLanguage":"pt-BR"}]}},"_links":{"self":[{"href":"https:\/\/aeprilclinics.nl\/pt-br\/wp-json\/wp\/v2\/pages\/9307","targetHints":{"allow":["GET"]}}],"collection":[{"href":"https:\/\/aeprilclinics.nl\/pt-br\/wp-json\/wp\/v2\/pages"}],"about":[{"href":"https:\/\/aeprilclinics.nl\/pt-br\/wp-json\/wp\/v2\/types\/page"}],"author":[{"embeddable":true,"href":"https:\/\/aeprilclinics.nl\/pt-br\/wp-json\/wp\/v2\/users\/14"}],"replies":[{"embeddable":true,"href":"https:\/\/aeprilclinics.nl\/pt-br\/wp-json\/wp\/v2\/comments?post=9307"}],"version-history":[{"count":4,"href":"https:\/\/aeprilclinics.nl\/pt-br\/wp-json\/wp\/v2\/pages\/9307\/revisions"}],"predecessor-version":[{"id":9887,"href":"https:\/\/aeprilclinics.nl\/pt-br\/wp-json\/wp\/v2\/pages\/9307\/revisions\/9887"}],"wp:attachment":[{"href":"https:\/\/aeprilclinics.nl\/pt-br\/wp-json\/wp\/v2\/media?parent=9307"}],"curies":[{"name":"wp","href":"https:\/\/api.w.org\/{rel}","templated":true}]}}