{"id":9268,"date":"2026-03-12T08:46:48","date_gmt":"2026-03-12T08:46:48","guid":{"rendered":"https:\/\/aeprilclinics.nl\/academia-aepril\/"},"modified":"2026-05-16T20:20:24","modified_gmt":"2026-05-16T20:20:24","slug":"academia-aepril","status":"publish","type":"page","link":"https:\/\/aeprilclinics.nl\/pt-br\/academia-aepril\/","title":{"rendered":"Academia Aepril"},"content":{"rendered":"\n<div class=\"wp-block-media-text has-media-on-the-right is-stacked-on-mobile is-image-fill-element\"><div class=\"wp-block-media-text__content\">\n<h2 class=\"wp-block-heading\">O que \u00e9 a Academia Aepril?<\/h2>\n\n\n\n<p>Nas Cl\u00ednicas Aepril, a qualidade \u00e9 fundamental. Por meio da <strong>Aepril<\/strong> Academy, treinamos nossos m\u00e9dicos internamente sob a orienta\u00e7\u00e3o de um m\u00e9dico especialista em cosm\u00e9ticos   <strong>Drs. Elnaz Alagha <\/strong>.  <\/p>\n\n\n\n<p>Durante esse programa de treinamento, os m\u00e9dicos s\u00e3o intensamente supervisionados e trabalham sob rigorosa fiscaliza\u00e7\u00e3o. Todo o treinamento \u00e9 realizado de acordo com as diretrizes do <strong>IGJ (Healthcare and Youth Inspectorate)<\/strong> e do <strong>NVCG<\/strong>.   <br\/><br\/>Isso garante que cada tratamento atenda aos mais altos padr\u00f5es m\u00e9dicos e \u00e9ticos. Seguran\u00e7a, precis\u00e3o e resultados naturais est\u00e3o sempre em primeiro lugar. <br\/><br\/>PS: No momento, estamos procurando m\u00e9dicos e profissionais da \u00e1rea de cosm\u00e9ticos para nossa cl\u00ednica em Utrecht e Hengelo.  <br\/><a href=\"https:\/\/aeprilclinics.nl\/pt-br\/trabalhando-na-aepril\/\" type=\"page\" id=\"1063\">Clique aqui para saber mais.<\/a><\/p>\n<\/div><figure class=\"wp-block-media-text__media\"><img loading=\"lazy\" decoding=\"async\" width=\"1024\" height=\"871\" src=\"https:\/\/aeprilclinics.nl\/wp-content\/uploads\/2025\/06\/Screenshot-2025-06-11-at-09.13.41-1024x871.png\" alt=\"\" class=\"wp-image-2886 size-full\" style=\"object-position:50% 50%\" srcset=\"https:\/\/aeprilclinics.nl\/wp-content\/uploads\/2025\/06\/Screenshot-2025-06-11-at-09.13.41-1024x871.png 1024w, https:\/\/aeprilclinics.nl\/wp-content\/uploads\/2025\/06\/Screenshot-2025-06-11-at-09.13.41-300x255.png 300w, https:\/\/aeprilclinics.nl\/wp-content\/uploads\/2025\/06\/Screenshot-2025-06-11-at-09.13.41-768x653.png 768w, https:\/\/aeprilclinics.nl\/wp-content\/uploads\/2025\/06\/Screenshot-2025-06-11-at-09.13.41-318x270.png 318w, https:\/\/aeprilclinics.nl\/wp-content\/uploads\/2025\/06\/Screenshot-2025-06-11-at-09.13.41.png 1056w\" sizes=\"auto, (max-width: 1024px) 100vw, 1024px\" \/><\/figure><\/div>\n\n<div style=\"height:100px\" aria-hidden=\"true\" class=\"wp-block-spacer\"><\/div>\n\n<div class=\"wp-block-media-text is-stacked-on-mobile is-image-fill-element\"><figure class=\"wp-block-media-text__media\"><img loading=\"lazy\" decoding=\"async\" width=\"683\" height=\"1024\" src=\"https:\/\/aeprilclinics.nl\/wp-content\/uploads\/2025\/01\/BN4A0034-1-1-683x1024.jpg\" alt=\"\" class=\"wp-image-1009 size-full\" style=\"object-position:50% 50%\" srcset=\"https:\/\/aeprilclinics.nl\/wp-content\/uploads\/2025\/01\/BN4A0034-1-1-683x1024.jpg 683w, https:\/\/aeprilclinics.nl\/wp-content\/uploads\/2025\/01\/BN4A0034-1-1-200x300.jpg 200w, https:\/\/aeprilclinics.nl\/wp-content\/uploads\/2025\/01\/BN4A0034-1-1-768x1152.jpg 768w, https:\/\/aeprilclinics.nl\/wp-content\/uploads\/2025\/01\/BN4A0034-1-1-1024x1536.jpg 1024w, https:\/\/aeprilclinics.nl\/wp-content\/uploads\/2025\/01\/BN4A0034-1-1-1365x2048.jpg 1365w, https:\/\/aeprilclinics.nl\/wp-content\/uploads\/2025\/01\/BN4A0034-1-1-180x270.jpg 180w, https:\/\/aeprilclinics.nl\/wp-content\/uploads\/2025\/01\/BN4A0034-1-1-scaled.jpg 1707w\" sizes=\"auto, (max-width: 683px) 100vw, 683px\" \/><\/figure><div class=\"wp-block-media-text__content\">\n<h2 class=\"wp-block-heading\">Treinamento interno<\/h2>\n\n\n\n<p>Na Aepril Academy, organizamos v\u00e1rios momentos de treinamento ao longo do ano. Um programa de treinamento na Aepril Academy dura, em m\u00e9dia, 3 meses e os m\u00e9dicos tamb\u00e9m trabalham sob supervis\u00e3o por um per\u00edodo posterior, o que \u00e9 substancialmente mais longo do que a m\u00e9dia dos treinadores na Holanda. Isso se deve ao fato de valorizarmos n\u00e3o apenas o conhecimento, mas tamb\u00e9m a autoconfian\u00e7a do m\u00e9dico.  <br\/><br\/>Entre outras coisas, os m\u00e9dicos participam de dias te\u00f3ricos, dias de treinamento, workshops e treinamento pr\u00e1tico, nos quais desenvolvem t\u00e9cnicas.  <br\/><br\/>Al\u00e9m disso, s\u00e3o realizados eventos regulares e sess\u00f5es de treinamento especializado para aprofundar o conhecimento e introduzir novos m\u00e9todos de tratamento. Durante esses treinamentos, a experi\u00eancia pr\u00e1tica \u00e9 fundamental, com os m\u00e9dicos trabalhando sob supervis\u00e3o para aperfei\u00e7oar suas habilidades.   <br\/><br\/>\u00c9 assim que garantimos que nossa equipe continue a crescer e se desenvolver continuamente.<\/p>\n<\/div><\/div>\n\n<div style=\"height:100px\" aria-hidden=\"true\" class=\"wp-block-spacer\"><\/div>\n\n<div class=\"wp-block-media-text has-media-on-the-right is-stacked-on-mobile is-image-fill-element\"><div class=\"wp-block-media-text__content\">\n<h2 class=\"wp-block-heading\">Nossos parceiros<\/h2>\n\n\n\n<p>A Aepril Academy tamb\u00e9m colabora com as principais empresas farmac\u00eauticas e de est\u00e9tica, como a <a href=\"https:\/\/merzaesthetics.nl\/\">Merz Aesthetics<\/a>, <a href=\"https:\/\/www.ibsaderma.nl\/nl\/\">IBSA,<\/a> <a href=\"https:\/\/www.cromapharma.com\/nl\/\">Croma Pharma<\/a> e <a href=\"https:\/\/www.galderma.com\/benelux\">Galderma.<\/a> <br\/><br\/>Essas colabora\u00e7\u00f5es nos mant\u00eam a par dos mais recentes desenvolvimentos em medicina cosm\u00e9tica. Al\u00e9m dos cursos de treinamento, tamb\u00e9m organizamos momentos de teste, exames pr\u00e1ticos e treinamento de habilidades para garantir o n\u00edvel de nossos m\u00e9dicos.   <br\/><br\/>Dessa forma, a Aepril Clinics continua investindo em conhecimento, inova\u00e7\u00e3o e qualidade. Como cliente, voc\u00ea perceber\u00e1 isso nos tratamentos seguros e nos resultados consistentes e de alta qualidade. <br\/><br\/><\/p>\n<\/div><figure class=\"wp-block-media-text__media\"><img loading=\"lazy\" decoding=\"async\" width=\"683\" height=\"1024\" src=\"https:\/\/aeprilclinics.nl\/wp-content\/uploads\/2025\/01\/BN4A8716-683x1024.jpg\" alt=\"\" class=\"wp-image-1008 size-full\" style=\"object-position:89% 29%\" srcset=\"https:\/\/aeprilclinics.nl\/wp-content\/uploads\/2025\/01\/BN4A8716-683x1024.jpg 683w, https:\/\/aeprilclinics.nl\/wp-content\/uploads\/2025\/01\/BN4A8716-200x300.jpg 200w, https:\/\/aeprilclinics.nl\/wp-content\/uploads\/2025\/01\/BN4A8716-768x1152.jpg 768w, https:\/\/aeprilclinics.nl\/wp-content\/uploads\/2025\/01\/BN4A8716-1024x1536.jpg 1024w, https:\/\/aeprilclinics.nl\/wp-content\/uploads\/2025\/01\/BN4A8716-1365x2048.jpg 1365w, https:\/\/aeprilclinics.nl\/wp-content\/uploads\/2025\/01\/BN4A8716-180x270.jpg 180w, https:\/\/aeprilclinics.nl\/wp-content\/uploads\/2025\/01\/BN4A8716-scaled.jpg 1707w\" sizes=\"auto, (max-width: 683px) 100vw, 683px\" \/><\/figure><\/div>\n\n<hr class=\"wp-block-separator has-alpha-channel-opacity\"\/>\n\n<div class=\"wp-block-cover alignfull is-light wave\" style=\"margin-top:var(--wp--preset--spacing--60);margin-bottom:0;padding-bottom:var(--wp--preset--spacing--30)\"><span aria-hidden=\"true\" class=\"wp-block-cover__background has-accent-background-color has-background-dim-100 has-background-dim\"><\/span><div class=\"wp-block-cover__inner-container has-global-padding is-layout-constrained wp-block-cover-is-layout-constrained\">\n<h2 class=\"wp-block-heading has-text-align-center\">Seu visual, em sua melhor forma.<\/h2>\n\n\n\n<div style=\"height:15px\" aria-hidden=\"true\" class=\"wp-block-spacer\"><\/div>\n\n\n\n<div class=\"wp-block-buttons is-content-justification-center is-layout-flex wp-container-core-buttons-is-layout-a89b3969 wp-block-buttons-is-layout-flex\">\n<div class=\"wp-block-button\"><a class=\"wp-block-button__link has-base-color has-accent-3-background-color has-text-color has-background has-link-color wp-element-button\" href=\"https:\/\/aeprilclinics.nl\/pt-br\/agende-uma-consulta-gratuita\/\">Agende uma consulta gratuita<\/a><\/div>\n<\/div>\n<\/div><\/div>\n\n<p><\/p>\n","protected":false},"excerpt":{"rendered":"<p>O que \u00e9 a Academia Aepril? Nas Cl\u00ednicas Aepril, a qualidade \u00e9 fundamental. Por meio da Aepril Academy, treinamos nossos m\u00e9dicos internamente sob a orienta\u00e7\u00e3o de um m\u00e9dico especialista em cosm\u00e9ticos Drs. Elnaz Alagha . Durante esse programa de treinamento,&#8230;<\/p>\n","protected":false},"author":14,"featured_media":0,"parent":0,"menu_order":0,"comment_status":"closed","ping_status":"closed","template":"","meta":{"_acf_changed":false,"footnotes":""},"class_list":["post-9268","page","type-page","status-publish","hentry"],"acf":[],"yoast_head":"<!-- This site is optimized with the Yoast SEO plugin v27.2 - https:\/\/yoast.com\/product\/yoast-seo-wordpress\/ -->\n<title>Academia Aepril - Aepril<\/title>\n<meta name=\"robots\" content=\"index, follow, max-snippet:-1, max-image-preview:large, max-video-preview:-1\" \/>\n<link rel=\"canonical\" href=\"https:\/\/aeprilclinics.nl\/pt-br\/academia-aepril\/\" \/>\n<meta property=\"og:locale\" content=\"pt_BR\" \/>\n<meta property=\"og:type\" content=\"article\" \/>\n<meta property=\"og:title\" content=\"Academia Aepril - Aepril\" \/>\n<meta property=\"og:description\" content=\"O que \u00e9 a Academia Aepril? Nas Cl\u00ednicas Aepril, a qualidade \u00e9 fundamental. Por meio da Aepril Academy, treinamos nossos m\u00e9dicos internamente sob a orienta\u00e7\u00e3o de um m\u00e9dico especialista em cosm\u00e9ticos Drs. Elnaz Alagha . Durante esse programa de treinamento,...\" \/>\n<meta property=\"og:url\" content=\"https:\/\/aeprilclinics.nl\/pt-br\/academia-aepril\/\" \/>\n<meta property=\"og:site_name\" content=\"Aepril\" \/>\n<meta property=\"article:modified_time\" content=\"2026-05-16T20:20:24+00:00\" \/>\n<meta property=\"og:image\" content=\"https:\/\/aeprilclinics.nl\/wp-content\/uploads\/2025\/06\/Screenshot-2025-06-11-at-09.13.41.png\" \/>\n\t<meta property=\"og:image:width\" content=\"1056\" \/>\n\t<meta property=\"og:image:height\" content=\"898\" \/>\n\t<meta property=\"og:image:type\" content=\"image\/png\" \/>\n<meta name=\"twitter:card\" content=\"summary_large_image\" \/>\n<meta name=\"twitter:label1\" content=\"Est. tempo de leitura\" \/>\n\t<meta name=\"twitter:data1\" content=\"2 minutos\" \/>\n<script type=\"application\/ld+json\" class=\"yoast-schema-graph\">{\"@context\":\"https:\/\/schema.org\",\"@graph\":[{\"@type\":\"WebPage\",\"@id\":\"https:\/\/aeprilclinics.nl\/pt-br\/academia-aepril\/\",\"url\":\"https:\/\/aeprilclinics.nl\/pt-br\/academia-aepril\/\",\"name\":\"Academia Aepril - Aepril\",\"isPartOf\":{\"@id\":\"https:\/\/aeprilclinics.nl\/pt-br\/#website\"},\"primaryImageOfPage\":{\"@id\":\"https:\/\/aeprilclinics.nl\/pt-br\/academia-aepril\/#primaryimage\"},\"image\":{\"@id\":\"https:\/\/aeprilclinics.nl\/pt-br\/academia-aepril\/#primaryimage\"},\"thumbnailUrl\":\"https:\/\/aeprilclinics.nl\/wp-content\/uploads\/2025\/06\/Screenshot-2025-06-11-at-09.13.41-1024x871.png\",\"datePublished\":\"2026-03-12T08:46:48+00:00\",\"dateModified\":\"2026-05-16T20:20:24+00:00\",\"breadcrumb\":{\"@id\":\"https:\/\/aeprilclinics.nl\/pt-br\/academia-aepril\/#breadcrumb\"},\"inLanguage\":\"pt-BR\",\"potentialAction\":[{\"@type\":\"ReadAction\",\"target\":[\"https:\/\/aeprilclinics.nl\/pt-br\/academia-aepril\/\"]}]},{\"@type\":\"ImageObject\",\"inLanguage\":\"pt-BR\",\"@id\":\"https:\/\/aeprilclinics.nl\/pt-br\/academia-aepril\/#primaryimage\",\"url\":\"https:\/\/aeprilclinics.nl\/wp-content\/uploads\/2025\/06\/Screenshot-2025-06-11-at-09.13.41-1024x871.png\",\"contentUrl\":\"https:\/\/aeprilclinics.nl\/wp-content\/uploads\/2025\/06\/Screenshot-2025-06-11-at-09.13.41-1024x871.png\"},{\"@type\":\"BreadcrumbList\",\"@id\":\"https:\/\/aeprilclinics.nl\/pt-br\/academia-aepril\/#breadcrumb\",\"itemListElement\":[{\"@type\":\"ListItem\",\"position\":1,\"name\":\"Home\",\"item\":\"https:\/\/aeprilclinics.nl\/pt-br\/\"},{\"@type\":\"ListItem\",\"position\":2,\"name\":\"Academia Aepril\"}]},{\"@type\":\"WebSite\",\"@id\":\"https:\/\/aeprilclinics.nl\/pt-br\/#website\",\"url\":\"https:\/\/aeprilclinics.nl\/pt-br\/\",\"name\":\"Aepril\",\"description\":\"\",\"potentialAction\":[{\"@type\":\"SearchAction\",\"target\":{\"@type\":\"EntryPoint\",\"urlTemplate\":\"https:\/\/aeprilclinics.nl\/pt-br\/?s={search_term_string}\"},\"query-input\":{\"@type\":\"PropertyValueSpecification\",\"valueRequired\":true,\"valueName\":\"search_term_string\"}}],\"inLanguage\":\"pt-BR\"}]}<\/script>\n<!-- \/ Yoast SEO plugin. -->","yoast_head_json":{"title":"Academia Aepril - Aepril","robots":{"index":"index","follow":"follow","max-snippet":"max-snippet:-1","max-image-preview":"max-image-preview:large","max-video-preview":"max-video-preview:-1"},"canonical":"https:\/\/aeprilclinics.nl\/pt-br\/academia-aepril\/","og_locale":"pt_BR","og_type":"article","og_title":"Academia Aepril - Aepril","og_description":"O que \u00e9 a Academia Aepril? Nas Cl\u00ednicas Aepril, a qualidade \u00e9 fundamental. Por meio da Aepril Academy, treinamos nossos m\u00e9dicos internamente sob a orienta\u00e7\u00e3o de um m\u00e9dico especialista em cosm\u00e9ticos Drs. Elnaz Alagha . Durante esse programa de treinamento,...","og_url":"https:\/\/aeprilclinics.nl\/pt-br\/academia-aepril\/","og_site_name":"Aepril","article_modified_time":"2026-05-16T20:20:24+00:00","og_image":[{"width":1056,"height":898,"url":"https:\/\/aeprilclinics.nl\/wp-content\/uploads\/2025\/06\/Screenshot-2025-06-11-at-09.13.41.png","type":"image\/png"}],"twitter_card":"summary_large_image","twitter_misc":{"Est. tempo de leitura":"2 minutos"},"schema":{"@context":"https:\/\/schema.org","@graph":[{"@type":"WebPage","@id":"https:\/\/aeprilclinics.nl\/pt-br\/academia-aepril\/","url":"https:\/\/aeprilclinics.nl\/pt-br\/academia-aepril\/","name":"Academia Aepril - Aepril","isPartOf":{"@id":"https:\/\/aeprilclinics.nl\/pt-br\/#website"},"primaryImageOfPage":{"@id":"https:\/\/aeprilclinics.nl\/pt-br\/academia-aepril\/#primaryimage"},"image":{"@id":"https:\/\/aeprilclinics.nl\/pt-br\/academia-aepril\/#primaryimage"},"thumbnailUrl":"https:\/\/aeprilclinics.nl\/wp-content\/uploads\/2025\/06\/Screenshot-2025-06-11-at-09.13.41-1024x871.png","datePublished":"2026-03-12T08:46:48+00:00","dateModified":"2026-05-16T20:20:24+00:00","breadcrumb":{"@id":"https:\/\/aeprilclinics.nl\/pt-br\/academia-aepril\/#breadcrumb"},"inLanguage":"pt-BR","potentialAction":[{"@type":"ReadAction","target":["https:\/\/aeprilclinics.nl\/pt-br\/academia-aepril\/"]}]},{"@type":"ImageObject","inLanguage":"pt-BR","@id":"https:\/\/aeprilclinics.nl\/pt-br\/academia-aepril\/#primaryimage","url":"https:\/\/aeprilclinics.nl\/wp-content\/uploads\/2025\/06\/Screenshot-2025-06-11-at-09.13.41-1024x871.png","contentUrl":"https:\/\/aeprilclinics.nl\/wp-content\/uploads\/2025\/06\/Screenshot-2025-06-11-at-09.13.41-1024x871.png"},{"@type":"BreadcrumbList","@id":"https:\/\/aeprilclinics.nl\/pt-br\/academia-aepril\/#breadcrumb","itemListElement":[{"@type":"ListItem","position":1,"name":"Home","item":"https:\/\/aeprilclinics.nl\/pt-br\/"},{"@type":"ListItem","position":2,"name":"Academia Aepril"}]},{"@type":"WebSite","@id":"https:\/\/aeprilclinics.nl\/pt-br\/#website","url":"https:\/\/aeprilclinics.nl\/pt-br\/","name":"Aepril","description":"","potentialAction":[{"@type":"SearchAction","target":{"@type":"EntryPoint","urlTemplate":"https:\/\/aeprilclinics.nl\/pt-br\/?s={search_term_string}"},"query-input":{"@type":"PropertyValueSpecification","valueRequired":true,"valueName":"search_term_string"}}],"inLanguage":"pt-BR"}]}},"_links":{"self":[{"href":"https:\/\/aeprilclinics.nl\/pt-br\/wp-json\/wp\/v2\/pages\/9268","targetHints":{"allow":["GET"]}}],"collection":[{"href":"https:\/\/aeprilclinics.nl\/pt-br\/wp-json\/wp\/v2\/pages"}],"about":[{"href":"https:\/\/aeprilclinics.nl\/pt-br\/wp-json\/wp\/v2\/types\/page"}],"author":[{"embeddable":true,"href":"https:\/\/aeprilclinics.nl\/pt-br\/wp-json\/wp\/v2\/users\/14"}],"replies":[{"embeddable":true,"href":"https:\/\/aeprilclinics.nl\/pt-br\/wp-json\/wp\/v2\/comments?post=9268"}],"version-history":[{"count":2,"href":"https:\/\/aeprilclinics.nl\/pt-br\/wp-json\/wp\/v2\/pages\/9268\/revisions"}],"predecessor-version":[{"id":10082,"href":"https:\/\/aeprilclinics.nl\/pt-br\/wp-json\/wp\/v2\/pages\/9268\/revisions\/10082"}],"wp:attachment":[{"href":"https:\/\/aeprilclinics.nl\/pt-br\/wp-json\/wp\/v2\/media?parent=9268"}],"curies":[{"name":"wp","href":"https:\/\/api.w.org\/{rel}","templated":true}]}}