{"id":9055,"date":"2025-01-21T16:17:31","date_gmt":"2025-01-21T16:17:31","guid":{"rendered":"https:\/\/aeprilclinics.nl\/nossa-politica-de-reclamacoes\/"},"modified":"2026-05-16T20:09:38","modified_gmt":"2026-05-16T20:09:38","slug":"nossa-politica-de-reclamacoes","status":"publish","type":"page","link":"https:\/\/aeprilclinics.nl\/pt-br\/nossa-politica-de-reclamacoes\/","title":{"rendered":"Nossa pol\u00edtica de reclama\u00e7\u00f5es"},"content":{"rendered":"\n<h1 class=\"wp-block-heading\">Uma reclama\u00e7\u00e3o sobre seu m\u00e9dico<\/h1>\n\n<h3 class=\"wp-block-heading\">Voc\u00ea tem uma reclama\u00e7\u00e3o sobre seu m\u00e9dico. E agora? <\/h3>\n\n<p>Um bom relacionamento entre voc\u00ea e seu m\u00e9dico \u00e9 importante. \u00c0s vezes, infelizmente, acontecem coisas que atrapalham esse relacionamento. Voc\u00ea est\u00e1 insatisfeito, tem uma reclama\u00e7\u00e3o. Este folheto fornece informa\u00e7\u00f5es sobre o que voc\u00ea pode fazer se tiver um problema com seu m\u00e9dico. Voc\u00ea pode ler sobre as op\u00e7\u00f5es para resolver sua reclama\u00e7\u00e3o e como ela \u00e9 tratada no procedimento de reclama\u00e7\u00f5es do DOKh.    <\/p>\n\n<h3 class=\"wp-block-heading\">Sair juntos<\/h3>\n\n<p>Primeiro, tente discutir e resolver o problema em uma conversa pessoal com seu m\u00e9dico. Se isso n\u00e3o der certo, seu m\u00e9dico colocar\u00e1 voc\u00ea em contato com o Oficial de Reclama\u00e7\u00f5es da DOKh. Voc\u00ea tamb\u00e9m pode entrar em contato diretamente com a DOKh.  <\/p>\n\n<h3 class=\"wp-block-heading\">Recebimento de reclama\u00e7\u00f5es<\/h3>\n\n<p>O diretor de reclama\u00e7\u00f5es da DOKh \u00e9 independente e trabalhar\u00e1 com voc\u00ea para resolver a sua reclama\u00e7\u00e3o. No prazo de uma semana ap\u00f3s o DOKh tomar conhecimento da sua reclama\u00e7\u00e3o, o respons\u00e1vel por reclama\u00e7\u00f5es entrar\u00e1 em contato com voc\u00ea. <\/p>\n\n<p>O Diretor de Reclama\u00e7\u00f5es tentar\u00e1 mediar a reclama\u00e7\u00e3o se voc\u00ea estiver disposto a faz\u00ea-lo.<\/p>\n\n<h3 class=\"wp-block-heading\">Media\u00e7\u00e3o de reclama\u00e7\u00f5es<\/h3>\n\n<p>Muitas reclama\u00e7\u00f5es podem ser resolvidas em uma conversa (telef\u00f4nica). Durante as conversas de media\u00e7\u00e3o, voc\u00ea e seu m\u00e9dico ter\u00e3o a oportunidade de explicar o(s) evento(s). \u00c0 medida que a compreens\u00e3o m\u00fatua aumenta, muitas vezes surge novamente uma situa\u00e7\u00e3o vi\u00e1vel. O objetivo final da media\u00e7\u00e3o \u00e9 restaurar o relacionamento entre voc\u00ea e seu m\u00e9dico.   <\/p>\n\n<h3 class=\"wp-block-heading\">Julgamento formulado pelo m\u00e9dico<\/h3>\n\n<p>Para concluir o processo de reclama\u00e7\u00e3o, o m\u00e9dico \u00e9 obrigado a informar voc\u00ea sobre o julgamento dele em at\u00e9 6 semanas ap\u00f3s a apresenta\u00e7\u00e3o da reclama\u00e7\u00e3o. Um parecer significa declarar por escrito quais decis\u00f5es ele tomou sobre e como resultado da reclama\u00e7\u00e3o e quais medidas, se houver, ser\u00e3o tomadas. O per\u00edodo de 6 semanas pode ser estendido por no m\u00e1ximo quatro semanas, se voc\u00ea for informado a tempo.  <\/p>\n\n<p>Se ambas as partes estiverem satisfeitas com o veredicto, a reclama\u00e7\u00e3o ser\u00e1 resolvida. Se voc\u00ea n\u00e3o estiver satisfeito e quiser continuar com o procedimento de reclama\u00e7\u00f5es, isso \u00e9 uma disputa. Ap\u00f3s o julgamento, voc\u00ea tem 6 meses para decidir se deseja enviar a disputa para a Autoridade de Disputas.  <\/p>\n\n<h3 class=\"wp-block-heading\">Regras do jogo<\/h3>\n\n<ul class=\"wp-block-list\">\n<li>A ajuda do Complaints Officer, a media\u00e7\u00e3o de reclama\u00e7\u00f5es e o tratamento de reclama\u00e7\u00f5es s\u00e3o gratuitos para voc\u00ea.<\/li>\n\n\n\n<li>A media\u00e7\u00e3o \u00e9 bem-sucedida somente quando ambas as partes concordam com isso.<\/li>\n\n\n\n<li>A media\u00e7\u00e3o \u00e9 baseada no respeito e na confian\u00e7a m\u00fatuos.<\/li>\n\n\n\n<li>Todos os envolvidos no processo tratam sua privacidade com o m\u00e1ximo cuidado e t\u00eam o dever de confidencialidade.<\/li>\n\n\n\n<li>O procedimento completo de reclama\u00e7\u00f5es pode ser baixado abaixo.<\/li>\n<\/ul>\n\n<h3 class=\"wp-block-heading\">Observa\u00e7\u00e3o: reclama\u00e7\u00e3o sobre o m\u00e9dico de sa\u00fade e seguran\u00e7a ocupacional<\/h3>\n\n<p>De acordo com o Artigo 1(4) da Wkkgz, o Procedimento de Reclama\u00e7\u00f5es e Disputas n\u00e3o se aplica ao aconselhamento sobre aus\u00eancias. No entanto, a Se\u00e7\u00e3o 14(2)(h) da Lei de Condi\u00e7\u00f5es de Trabalho afirma que &#8220;o m\u00e9dico da empresa tem um procedimento adequado para lidar com reclama\u00e7\u00f5es&#8221;. <\/p>\n\n<p>Para ser claro: o DOKh oferece seu esquema de reclama\u00e7\u00f5es, incluindo o Oficial de Reclama\u00e7\u00f5es, tamb\u00e9m para aconselhamento de aus\u00eancia. No entanto, ap\u00f3s o processo de tratamento de reclama\u00e7\u00f5es, o caminho para o \u00d3rg\u00e3o de Resolu\u00e7\u00e3o de Disputas n\u00e3o est\u00e1 aberto.  <\/p>\n\n<p>Se voc\u00ea tiver alguma d\u00favida sobre isso, entre em contato com Femke Moerbeek<a href=\"mailto:fmoerbeek@dokh.nl\">(fmoerbeek@dokh.nl)<\/a>.<\/p>\n\n<h3 class=\"wp-block-heading\">Voc\u00ea n\u00e3o consegue chegar a um acordo com o Oficial de Reclama\u00e7\u00f5es?<\/h3>\n\n<p>Se, apesar das conversas de media\u00e7\u00e3o, voc\u00ea n\u00e3o conseguir chegar a uma solu\u00e7\u00e3o, o Oficial de Reclama\u00e7\u00f5es o ajudar\u00e1 na pr\u00f3xima etapa. Sua reclama\u00e7\u00e3o ent\u00e3o se tornar\u00e1 uma disputa. Para obter mais informa\u00e7\u00f5es sobre esse assunto, consulte as informa\u00e7\u00f5es em nosso site e o folheto Voc\u00ea tem uma disputa com seu m\u00e9dico.  <\/p>\n\n<p>NB: O apresentador de uma disputa est\u00e1 ciente de que o procedimento perante o \u00f3rg\u00e3o de arbitragem tem o car\u00e1ter de uma opini\u00e3o vinculativa (artigo 20 Wkkgz). Ao submeter a disputa, o apresentador concorda volunt\u00e1ria e inequivocamente que o \u00f3rg\u00e3o de disputa resolver\u00e1 a disputa por meio de um parecer vinculativo e poder\u00e1 conceder indeniza\u00e7\u00f5es de at\u00e9 \u20ac 25.000,00. Assim, o remetente renuncia ao seu direito de submeter a disputa (tamb\u00e9m) ao tribunal estabelecido por lei.  <\/p>\n\n<p><br\/>Funda\u00e7\u00e3o DOKh<br\/>Departamento de Reclama\u00e7\u00f5es e Disputas<br\/>Robijnstraat 6<br\/>1812 RB ALKMAAR<br\/>Tel: 072-520 83 25 (diariamente das 9h00 \u00e0s 15h00)<br\/>E-mail: <a href=\"mailto:klachtenengeschillen@dokh.nl\" target=\"_blank\" rel=\"noreferrer noopener\">klachtenengeschillen@dokh.nl<\/a><br\/>Site: <a href=\"http:\/\/www.dokh.nl\/\" target=\"_blank\" rel=\"noreferrer noopener\">www.dokh.nl<\/a><\/p>\n\n<p><\/p>\n\n<h3 class=\"wp-block-heading\">Voc\u00ea tem uma reclama\u00e7\u00e3o sobre seu m\u00e9dico. E agora?  Procedimento de reclama\u00e7\u00f5es do DOKh<\/h3>\n\n<p>Um bom relacionamento entre voc\u00ea e seu m\u00e9dico \u00e9 importante. \u00c0s vezes, infelizmente, acontecem coisas que atrapalham esse relacionamento. Voc\u00ea est\u00e1 insatisfeito, tem uma reclama\u00e7\u00e3o. Este folheto fornece informa\u00e7\u00f5es sobre o que voc\u00ea pode fazer se tiver um problema com seu m\u00e9dico. Voc\u00ea pode ler sobre as op\u00e7\u00f5es para resolver sua reclama\u00e7\u00e3o e como ela \u00e9 tratada no procedimento de reclama\u00e7\u00f5es do DOKh.    <\/p>\n\n<h3 class=\"wp-block-heading\">Sair juntos<\/h3>\n\n<p>Primeiro, tente discutir e resolver o problema em uma conversa pessoal com seu m\u00e9dico. Se isso n\u00e3o der certo, seu m\u00e9dico colocar\u00e1 voc\u00ea em contato com o Oficial de Reclama\u00e7\u00f5es da DOKh. Voc\u00ea tamb\u00e9m pode entrar em contato diretamente com a DOKh.  <\/p>\n\n<h3 class=\"wp-block-heading\">Recebimento de reclama\u00e7\u00f5es<\/h3>\n\n<p>O diretor de reclama\u00e7\u00f5es da DOKh \u00e9 independente e trabalhar\u00e1 com voc\u00ea para resolver a sua reclama\u00e7\u00e3o. No prazo de uma semana ap\u00f3s o DOKh tomar conhecimento da sua reclama\u00e7\u00e3o, o respons\u00e1vel por reclama\u00e7\u00f5es entrar\u00e1 em contato com voc\u00ea. <\/p>\n\n<p>O Diretor de Reclama\u00e7\u00f5es tentar\u00e1 mediar a reclama\u00e7\u00e3o se voc\u00ea estiver disposto a faz\u00ea-lo.<\/p>\n\n<h3 class=\"wp-block-heading\">Media\u00e7\u00e3o de reclama\u00e7\u00f5es<\/h3>\n\n<p>Muitas reclama\u00e7\u00f5es podem ser resolvidas em uma conversa (telef\u00f4nica). Durante as conversas de media\u00e7\u00e3o, voc\u00ea e seu m\u00e9dico ter\u00e3o a oportunidade de explicar o(s) evento(s). \u00c0 medida que a compreens\u00e3o m\u00fatua aumenta, muitas vezes surge novamente uma situa\u00e7\u00e3o vi\u00e1vel. O objetivo final da media\u00e7\u00e3o \u00e9 restaurar o relacionamento entre voc\u00ea e seu m\u00e9dico.   <\/p>\n\n<h3 class=\"wp-block-heading\">Julgamento formulado pelo m\u00e9dico<\/h3>\n\n<p>Para concluir o processo de reclama\u00e7\u00e3o, o m\u00e9dico \u00e9 obrigado a informar voc\u00ea sobre o julgamento dele em at\u00e9 6 semanas ap\u00f3s a apresenta\u00e7\u00e3o da reclama\u00e7\u00e3o. Um parecer significa declarar por escrito quais decis\u00f5es ele tomou sobre e como resultado da reclama\u00e7\u00e3o e quais medidas, se houver, ser\u00e3o tomadas. O per\u00edodo de 6 semanas pode ser estendido por no m\u00e1ximo quatro semanas, se voc\u00ea for informado a tempo.  <\/p>\n\n<p>Se ambas as partes estiverem satisfeitas com o veredicto, a reclama\u00e7\u00e3o ser\u00e1 resolvida. Se voc\u00ea n\u00e3o estiver satisfeito e quiser continuar com o procedimento de reclama\u00e7\u00f5es, isso \u00e9 uma disputa. Ap\u00f3s o julgamento, voc\u00ea tem 6 meses para decidir se deseja enviar a disputa para a Autoridade de Disputas.  <\/p>\n\n<h3 class=\"wp-block-heading\">Regras do jogo<\/h3>\n\n<ul class=\"wp-block-list\">\n<li>A ajuda do Complaints Officer, a media\u00e7\u00e3o de reclama\u00e7\u00f5es e o tratamento de reclama\u00e7\u00f5es s\u00e3o gratuitos para voc\u00ea.<\/li>\n\n\n\n<li>A media\u00e7\u00e3o \u00e9 bem-sucedida somente quando ambas as partes concordam com isso.<\/li>\n\n\n\n<li>A media\u00e7\u00e3o \u00e9 baseada no respeito e na confian\u00e7a m\u00fatuos.<\/li>\n\n\n\n<li>Todos os envolvidos no processo tratam sua privacidade com o m\u00e1ximo cuidado e t\u00eam o dever de confidencialidade.<\/li>\n\n\n\n<li>O procedimento completo de reclama\u00e7\u00f5es pode ser baixado abaixo.<\/li>\n<\/ul>\n\n<h3 class=\"wp-block-heading\">Observa\u00e7\u00e3o: reclama\u00e7\u00e3o sobre o m\u00e9dico de sa\u00fade e seguran\u00e7a ocupacional<\/h3>\n\n<p>De acordo com o Artigo 1(4) da Wkkgz, o Procedimento de Reclama\u00e7\u00f5es e Disputas n\u00e3o se aplica ao aconselhamento sobre aus\u00eancias. No entanto, a Se\u00e7\u00e3o 14(2)(h) da Lei de Condi\u00e7\u00f5es de Trabalho afirma que &#8220;o m\u00e9dico da empresa tem um procedimento adequado para lidar com reclama\u00e7\u00f5es&#8221;. <\/p>\n\n<p>Para ser claro: o DOKh oferece seu esquema de reclama\u00e7\u00f5es, incluindo o Oficial de Reclama\u00e7\u00f5es, tamb\u00e9m para aconselhamento de aus\u00eancia. No entanto, ap\u00f3s o processo de tratamento de reclama\u00e7\u00f5es, o caminho para o \u00d3rg\u00e3o de Resolu\u00e7\u00e3o de Disputas n\u00e3o est\u00e1 aberto.  <\/p>\n\n<p>Se voc\u00ea tiver alguma d\u00favida sobre isso, entre em contato com Femke Moerbeek<a href=\"mailto:fmoerbeek@dokh.nl\">(fmoerbeek@dokh.nl)<\/a>.<\/p>\n\n<h3 class=\"wp-block-heading\">Voc\u00ea n\u00e3o consegue chegar a um acordo com o Oficial de Reclama\u00e7\u00f5es?<\/h3>\n\n<p>Se, apesar das conversas de media\u00e7\u00e3o, voc\u00ea n\u00e3o conseguir chegar a uma solu\u00e7\u00e3o, o Oficial de Reclama\u00e7\u00f5es o ajudar\u00e1 na pr\u00f3xima etapa. Sua reclama\u00e7\u00e3o ent\u00e3o se tornar\u00e1 uma disputa. Para obter mais informa\u00e7\u00f5es sobre esse assunto, consulte as informa\u00e7\u00f5es em nosso site e o folheto Voc\u00ea tem uma disputa com seu m\u00e9dico.  <\/p>\n\n<p>NB: O apresentador de uma disputa est\u00e1 ciente de que o procedimento perante o \u00f3rg\u00e3o de arbitragem tem o car\u00e1ter de uma opini\u00e3o vinculativa (artigo 20 Wkkgz). Ao submeter a disputa, o apresentador concorda volunt\u00e1ria e inequivocamente que o \u00f3rg\u00e3o de disputa resolver\u00e1 a disputa por meio de um parecer vinculativo e poder\u00e1 conceder indeniza\u00e7\u00f5es de at\u00e9 \u20ac 25.000,00. Assim, o remetente renuncia ao seu direito de submeter a disputa (tamb\u00e9m) ao tribunal estabelecido por lei.  <\/p>\n\n<p><br\/>Funda\u00e7\u00e3o DOKh<br\/>Departamento de Reclama\u00e7\u00f5es e Disputas<br\/>Robijnstraat 6<br\/>1812 RB ALKMAAR<br\/>Tel: 072-520 83 25 (diariamente das 9h00 \u00e0s 15h00)<br\/>E-mail: <a href=\"mailto:klachtenengeschillen@dokh.nl\" target=\"_blank\" rel=\"noreferrer noopener\">klachtenengeschillen@dokh.nl<\/a><br\/>Site: <a href=\"http:\/\/www.dokh.nl\/\" target=\"_blank\" rel=\"noreferrer noopener\">www.dokh.nl<\/a><\/p>\n\n<p><\/p>\n\n<div class=\"wp-block-cover alignfull is-light wave\" style=\"margin-top:var(--wp--preset--spacing--60);margin-bottom:0;padding-bottom:var(--wp--preset--spacing--30)\"><span aria-hidden=\"true\" class=\"wp-block-cover__background has-accent-background-color has-background-dim-100 has-background-dim\"><\/span><div class=\"wp-block-cover__inner-container has-global-padding is-layout-constrained wp-block-cover-is-layout-constrained\">\n<h2 class=\"wp-block-heading has-text-align-center\">Deixe sua beleza natural brilhar.<\/h2>\n\n\n\n<div style=\"height:15px\" aria-hidden=\"true\" class=\"wp-block-spacer\"><\/div>\n\n\n\n<div class=\"wp-block-buttons is-content-justification-center is-layout-flex wp-container-core-buttons-is-layout-a89b3969 wp-block-buttons-is-layout-flex\">\n<div class=\"wp-block-button\"><a class=\"wp-block-button__link has-base-color has-accent-3-background-color has-text-color has-background has-link-color wp-element-button\">Agende uma consulta gratuita<\/a><\/div>\n<\/div>\n<\/div><\/div>\n","protected":false},"excerpt":{"rendered":"<p>Uma reclama\u00e7\u00e3o sobre seu m\u00e9dico Voc\u00ea tem uma reclama\u00e7\u00e3o sobre seu m\u00e9dico. E agora? Um bom relacionamento entre voc\u00ea e seu m\u00e9dico \u00e9 importante. \u00c0s vezes, infelizmente, acontecem coisas que atrapalham esse relacionamento. Voc\u00ea est\u00e1 insatisfeito, tem uma reclama\u00e7\u00e3o. Este&#8230;<\/p>\n","protected":false},"author":10,"featured_media":8987,"parent":0,"menu_order":0,"comment_status":"closed","ping_status":"closed","template":"","meta":{"_acf_changed":false,"footnotes":""},"class_list":["post-9055","page","type-page","status-publish","has-post-thumbnail","hentry"],"acf":[],"yoast_head":"<!-- This site is optimized with the Yoast SEO plugin v27.2 - https:\/\/yoast.com\/product\/yoast-seo-wordpress\/ -->\n<title>Nossa pol\u00edtica de reclama\u00e7\u00f5es - Aepril<\/title>\n<meta name=\"description\" content=\"N\u00f3s nos esfor\u00e7amos para oferecer a voc\u00ea o melhor atendimento. Voc\u00ea tem alguma reclama\u00e7\u00e3o? Leia aqui como garantimos a transpar\u00eancia e a qualidade nas Cl\u00ednicas Aepril.\" \/>\n<meta name=\"robots\" content=\"index, follow, max-snippet:-1, max-image-preview:large, max-video-preview:-1\" \/>\n<link rel=\"canonical\" href=\"https:\/\/aeprilclinics.nl\/pt-br\/nossa-politica-de-reclamacoes\/\" \/>\n<meta property=\"og:locale\" content=\"pt_BR\" \/>\n<meta property=\"og:type\" content=\"article\" \/>\n<meta property=\"og:title\" content=\"Nossa pol\u00edtica de reclama\u00e7\u00f5es - Aepril\" \/>\n<meta property=\"og:description\" content=\"N\u00f3s nos esfor\u00e7amos para oferecer a voc\u00ea o melhor atendimento. Voc\u00ea tem alguma reclama\u00e7\u00e3o? Leia aqui como garantimos a transpar\u00eancia e a qualidade nas Cl\u00ednicas Aepril.\" \/>\n<meta property=\"og:url\" content=\"https:\/\/aeprilclinics.nl\/pt-br\/nossa-politica-de-reclamacoes\/\" \/>\n<meta property=\"og:site_name\" content=\"Aepril\" \/>\n<meta property=\"article:modified_time\" content=\"2026-05-16T20:09:38+00:00\" \/>\n<meta property=\"og:image\" content=\"https:\/\/aeprilclinics.nl\/wp-content\/uploads\/2025\/02\/aesthe-clinics-Final-07.png\" \/>\n\t<meta property=\"og:image:width\" content=\"6667\" \/>\n\t<meta property=\"og:image:height\" content=\"5001\" \/>\n\t<meta property=\"og:image:type\" content=\"image\/png\" \/>\n<meta name=\"twitter:card\" content=\"summary_large_image\" \/>\n<meta name=\"twitter:label1\" content=\"Est. tempo de leitura\" \/>\n\t<meta name=\"twitter:data1\" content=\"8 minutos\" \/>\n<script type=\"application\/ld+json\" class=\"yoast-schema-graph\">{\"@context\":\"https:\/\/schema.org\",\"@graph\":[{\"@type\":\"WebPage\",\"@id\":\"https:\/\/aeprilclinics.nl\/pt-br\/nossa-politica-de-reclamacoes\/\",\"url\":\"https:\/\/aeprilclinics.nl\/pt-br\/nossa-politica-de-reclamacoes\/\",\"name\":\"Nossa pol\u00edtica de reclama\u00e7\u00f5es - Aepril\",\"isPartOf\":{\"@id\":\"https:\/\/aeprilclinics.nl\/pt-br\/#website\"},\"primaryImageOfPage\":{\"@id\":\"https:\/\/aeprilclinics.nl\/pt-br\/nossa-politica-de-reclamacoes\/#primaryimage\"},\"image\":{\"@id\":\"https:\/\/aeprilclinics.nl\/pt-br\/nossa-politica-de-reclamacoes\/#primaryimage\"},\"thumbnailUrl\":\"https:\/\/aeprilclinics.nl\/wp-content\/uploads\/2025\/02\/aesthe-clinics-Final-07.png\",\"datePublished\":\"2025-01-21T16:17:31+00:00\",\"dateModified\":\"2026-05-16T20:09:38+00:00\",\"description\":\"N\u00f3s nos esfor\u00e7amos para oferecer a voc\u00ea o melhor atendimento. Voc\u00ea tem alguma reclama\u00e7\u00e3o? Leia aqui como garantimos a transpar\u00eancia e a qualidade nas Cl\u00ednicas Aepril.\",\"breadcrumb\":{\"@id\":\"https:\/\/aeprilclinics.nl\/pt-br\/nossa-politica-de-reclamacoes\/#breadcrumb\"},\"inLanguage\":\"pt-BR\",\"potentialAction\":[{\"@type\":\"ReadAction\",\"target\":[\"https:\/\/aeprilclinics.nl\/pt-br\/nossa-politica-de-reclamacoes\/\"]}]},{\"@type\":\"ImageObject\",\"inLanguage\":\"pt-BR\",\"@id\":\"https:\/\/aeprilclinics.nl\/pt-br\/nossa-politica-de-reclamacoes\/#primaryimage\",\"url\":\"https:\/\/aeprilclinics.nl\/wp-content\/uploads\/2025\/02\/aesthe-clinics-Final-07.png\",\"contentUrl\":\"https:\/\/aeprilclinics.nl\/wp-content\/uploads\/2025\/02\/aesthe-clinics-Final-07.png\",\"width\":6667,\"height\":5001},{\"@type\":\"BreadcrumbList\",\"@id\":\"https:\/\/aeprilclinics.nl\/pt-br\/nossa-politica-de-reclamacoes\/#breadcrumb\",\"itemListElement\":[{\"@type\":\"ListItem\",\"position\":1,\"name\":\"Home\",\"item\":\"https:\/\/aeprilclinics.nl\/pt-br\/\"},{\"@type\":\"ListItem\",\"position\":2,\"name\":\"Nossa pol\u00edtica de reclama\u00e7\u00f5es\"}]},{\"@type\":\"WebSite\",\"@id\":\"https:\/\/aeprilclinics.nl\/pt-br\/#website\",\"url\":\"https:\/\/aeprilclinics.nl\/pt-br\/\",\"name\":\"Aepril\",\"description\":\"\",\"potentialAction\":[{\"@type\":\"SearchAction\",\"target\":{\"@type\":\"EntryPoint\",\"urlTemplate\":\"https:\/\/aeprilclinics.nl\/pt-br\/?s={search_term_string}\"},\"query-input\":{\"@type\":\"PropertyValueSpecification\",\"valueRequired\":true,\"valueName\":\"search_term_string\"}}],\"inLanguage\":\"pt-BR\"}]}<\/script>\n<!-- \/ Yoast SEO plugin. -->","yoast_head_json":{"title":"Nossa pol\u00edtica de reclama\u00e7\u00f5es - Aepril","description":"N\u00f3s nos esfor\u00e7amos para oferecer a voc\u00ea o melhor atendimento. Voc\u00ea tem alguma reclama\u00e7\u00e3o? Leia aqui como garantimos a transpar\u00eancia e a qualidade nas Cl\u00ednicas Aepril.","robots":{"index":"index","follow":"follow","max-snippet":"max-snippet:-1","max-image-preview":"max-image-preview:large","max-video-preview":"max-video-preview:-1"},"canonical":"https:\/\/aeprilclinics.nl\/pt-br\/nossa-politica-de-reclamacoes\/","og_locale":"pt_BR","og_type":"article","og_title":"Nossa pol\u00edtica de reclama\u00e7\u00f5es - Aepril","og_description":"N\u00f3s nos esfor\u00e7amos para oferecer a voc\u00ea o melhor atendimento. Voc\u00ea tem alguma reclama\u00e7\u00e3o? Leia aqui como garantimos a transpar\u00eancia e a qualidade nas Cl\u00ednicas Aepril.","og_url":"https:\/\/aeprilclinics.nl\/pt-br\/nossa-politica-de-reclamacoes\/","og_site_name":"Aepril","article_modified_time":"2026-05-16T20:09:38+00:00","og_image":[{"width":6667,"height":5001,"url":"https:\/\/aeprilclinics.nl\/wp-content\/uploads\/2025\/02\/aesthe-clinics-Final-07.png","type":"image\/png"}],"twitter_card":"summary_large_image","twitter_misc":{"Est. tempo de leitura":"8 minutos"},"schema":{"@context":"https:\/\/schema.org","@graph":[{"@type":"WebPage","@id":"https:\/\/aeprilclinics.nl\/pt-br\/nossa-politica-de-reclamacoes\/","url":"https:\/\/aeprilclinics.nl\/pt-br\/nossa-politica-de-reclamacoes\/","name":"Nossa pol\u00edtica de reclama\u00e7\u00f5es - Aepril","isPartOf":{"@id":"https:\/\/aeprilclinics.nl\/pt-br\/#website"},"primaryImageOfPage":{"@id":"https:\/\/aeprilclinics.nl\/pt-br\/nossa-politica-de-reclamacoes\/#primaryimage"},"image":{"@id":"https:\/\/aeprilclinics.nl\/pt-br\/nossa-politica-de-reclamacoes\/#primaryimage"},"thumbnailUrl":"https:\/\/aeprilclinics.nl\/wp-content\/uploads\/2025\/02\/aesthe-clinics-Final-07.png","datePublished":"2025-01-21T16:17:31+00:00","dateModified":"2026-05-16T20:09:38+00:00","description":"N\u00f3s nos esfor\u00e7amos para oferecer a voc\u00ea o melhor atendimento. Voc\u00ea tem alguma reclama\u00e7\u00e3o? Leia aqui como garantimos a transpar\u00eancia e a qualidade nas Cl\u00ednicas Aepril.","breadcrumb":{"@id":"https:\/\/aeprilclinics.nl\/pt-br\/nossa-politica-de-reclamacoes\/#breadcrumb"},"inLanguage":"pt-BR","potentialAction":[{"@type":"ReadAction","target":["https:\/\/aeprilclinics.nl\/pt-br\/nossa-politica-de-reclamacoes\/"]}]},{"@type":"ImageObject","inLanguage":"pt-BR","@id":"https:\/\/aeprilclinics.nl\/pt-br\/nossa-politica-de-reclamacoes\/#primaryimage","url":"https:\/\/aeprilclinics.nl\/wp-content\/uploads\/2025\/02\/aesthe-clinics-Final-07.png","contentUrl":"https:\/\/aeprilclinics.nl\/wp-content\/uploads\/2025\/02\/aesthe-clinics-Final-07.png","width":6667,"height":5001},{"@type":"BreadcrumbList","@id":"https:\/\/aeprilclinics.nl\/pt-br\/nossa-politica-de-reclamacoes\/#breadcrumb","itemListElement":[{"@type":"ListItem","position":1,"name":"Home","item":"https:\/\/aeprilclinics.nl\/pt-br\/"},{"@type":"ListItem","position":2,"name":"Nossa pol\u00edtica de reclama\u00e7\u00f5es"}]},{"@type":"WebSite","@id":"https:\/\/aeprilclinics.nl\/pt-br\/#website","url":"https:\/\/aeprilclinics.nl\/pt-br\/","name":"Aepril","description":"","potentialAction":[{"@type":"SearchAction","target":{"@type":"EntryPoint","urlTemplate":"https:\/\/aeprilclinics.nl\/pt-br\/?s={search_term_string}"},"query-input":{"@type":"PropertyValueSpecification","valueRequired":true,"valueName":"search_term_string"}}],"inLanguage":"pt-BR"}]}},"_links":{"self":[{"href":"https:\/\/aeprilclinics.nl\/pt-br\/wp-json\/wp\/v2\/pages\/9055","targetHints":{"allow":["GET"]}}],"collection":[{"href":"https:\/\/aeprilclinics.nl\/pt-br\/wp-json\/wp\/v2\/pages"}],"about":[{"href":"https:\/\/aeprilclinics.nl\/pt-br\/wp-json\/wp\/v2\/types\/page"}],"author":[{"embeddable":true,"href":"https:\/\/aeprilclinics.nl\/pt-br\/wp-json\/wp\/v2\/users\/10"}],"replies":[{"embeddable":true,"href":"https:\/\/aeprilclinics.nl\/pt-br\/wp-json\/wp\/v2\/comments?post=9055"}],"version-history":[{"count":1,"href":"https:\/\/aeprilclinics.nl\/pt-br\/wp-json\/wp\/v2\/pages\/9055\/revisions"}],"predecessor-version":[{"id":9056,"href":"https:\/\/aeprilclinics.nl\/pt-br\/wp-json\/wp\/v2\/pages\/9055\/revisions\/9056"}],"wp:featuredmedia":[{"embeddable":true,"href":"https:\/\/aeprilclinics.nl\/pt-br\/wp-json\/wp\/v2\/media\/8987"}],"wp:attachment":[{"href":"https:\/\/aeprilclinics.nl\/pt-br\/wp-json\/wp\/v2\/media?parent=9055"}],"curies":[{"name":"wp","href":"https:\/\/api.w.org\/{rel}","templated":true}]}}