{"id":10275,"date":"2026-04-16T13:06:19","date_gmt":"2026-04-16T13:06:19","guid":{"rendered":"https:\/\/aeprilclinics.nl\/croma-pharma\/"},"modified":"2026-05-16T20:26:56","modified_gmt":"2026-05-16T20:26:56","slug":"croma-pharma","status":"publish","type":"page","link":"https:\/\/aeprilclinics.nl\/pt-br\/croma-pharma\/","title":{"rendered":"Croma Pharma"},"content":{"rendered":"\n<div class=\"wp-block-media-text has-media-on-the-right is-stacked-on-mobile is-image-fill-element\" style=\"margin-bottom:var(--wp--preset--spacing--60)\"><div class=\"wp-block-media-text__content\">\n<h5 class=\"wp-block-heading\">Croma Pharma nas Cl\u00ednicas Aepril<\/h5>\n\n\n\n<h2 class=\"wp-block-heading\">O que \u00e9 a Croma Pharma?<\/h2>\n\n\n\n<p>A Croma-Pharma \u00e9 uma empresa farmac\u00eautica internacional especializada em est\u00e9tica m\u00e9dica. A empresa foi fundada na \u00c1ustria e se tornou um dos principais fabricantes de injet\u00e1veis est\u00e9ticos e produtos para melhorar a pele. <\/p>\n\n\n\n<p>A Croma Pharma desenvolve e fabrica preenchedores, estimulantes da pele e produtos regenerativos para a pele, entre outros, que s\u00e3o usados por m\u00e9dicos e cl\u00ednicas em todo o mundo. Os produtos s\u00e3o conhecidos por sua alta qualidade, padr\u00f5es rigorosos de produ\u00e7\u00e3o farmac\u00eautica e efic\u00e1cia com base cient\u00edfica. <\/p>\n\n\n\n<p>Na Aepril Cosmetic Clinic, trabalhamos com produtos da Croma Pharma e <strong>sempre<\/strong> compramos <strong>diretamente do fabricante farmac\u00eautico<\/strong>, sem intermedi\u00e1rios. Isso nos permite garantir totalmente a autenticidade, a qualidade e a rastreabilidade de nossos produtos. <\/p>\n<\/div><figure class=\"wp-block-media-text__media\"><img loading=\"lazy\" decoding=\"async\" width=\"683\" height=\"1024\" src=\"https:\/\/aeprilclinics.nl\/wp-content\/uploads\/2025\/01\/BN4A7674-Verbeterd-NR-683x1024.jpg\" alt=\"\" class=\"wp-image-914 size-full\" style=\"object-position:50% 50%\" srcset=\"https:\/\/aeprilclinics.nl\/wp-content\/uploads\/2025\/01\/BN4A7674-Verbeterd-NR-683x1024.jpg 683w, https:\/\/aeprilclinics.nl\/wp-content\/uploads\/2025\/01\/BN4A7674-Verbeterd-NR-200x300.jpg 200w, https:\/\/aeprilclinics.nl\/wp-content\/uploads\/2025\/01\/BN4A7674-Verbeterd-NR-768x1152.jpg 768w, https:\/\/aeprilclinics.nl\/wp-content\/uploads\/2025\/01\/BN4A7674-Verbeterd-NR-1024x1536.jpg 1024w, https:\/\/aeprilclinics.nl\/wp-content\/uploads\/2025\/01\/BN4A7674-Verbeterd-NR-1365x2048.jpg 1365w, https:\/\/aeprilclinics.nl\/wp-content\/uploads\/2025\/01\/BN4A7674-Verbeterd-NR-180x270.jpg 180w, https:\/\/aeprilclinics.nl\/wp-content\/uploads\/2025\/01\/BN4A7674-Verbeterd-NR-scaled.jpg 1706w\" sizes=\"auto, (max-width: 683px) 100vw, 683px\" \/><\/figure><\/div>\n\n<div class=\"wp-block-cover alignfull is-light\" style=\"margin-top:var(--wp--preset--spacing--60);margin-bottom:var(--wp--preset--spacing--60)\"><span aria-hidden=\"true\" class=\"wp-block-cover__background has-accent-2-background-color has-background-dim-100 has-background-dim\"><\/span><div class=\"wp-block-cover__inner-container has-global-padding is-layout-constrained wp-block-cover-is-layout-constrained\">\n<h5 class=\"wp-block-heading has-text-align-center\">Informa\u00e7\u00f5es<\/h5>\n\n\n\n<h2 class=\"wp-block-heading has-text-align-center\">Informa\u00e7\u00f5es sobre nossos tratamentos da Croma Pharma<\/h2>\n\n\n\n<div class=\"wp-block-columns is-layout-flex wp-container-core-columns-is-layout-b0bab6eb wp-block-columns-is-layout-flex\" style=\"margin-top:var(--wp--preset--spacing--40);margin-bottom:var(--wp--preset--spacing--40)\">\n<div class=\"wp-block-column is-layout-flow wp-block-column-is-layout-flow\">\n<div class=\"wp-block-columns is-not-stacked-on-mobile is-layout-flex wp-container-core-columns-is-layout-28f84493 wp-block-columns-is-layout-flex\">\n<div class=\"wp-block-column is-layout-flow wp-block-column-is-layout-flow\" style=\"flex-basis:50px\">\n<figure class=\"wp-block-image size-full\"><img loading=\"lazy\" decoding=\"async\" width=\"300\" height=\"315\" src=\"https:\/\/aeprilclinics.nl\/wp-content\/uploads\/2025\/01\/icon-merk.png\" alt=\"\" class=\"wp-image-1001\" srcset=\"https:\/\/aeprilclinics.nl\/wp-content\/uploads\/2025\/01\/icon-merk.png 300w, https:\/\/aeprilclinics.nl\/wp-content\/uploads\/2025\/01\/icon-merk-286x300.png 286w, https:\/\/aeprilclinics.nl\/wp-content\/uploads\/2025\/01\/icon-merk-257x270.png 257w\" sizes=\"auto, (max-width: 300px) 100vw, 300px\" \/><\/figure>\n<\/div>\n\n\n\n<div class=\"wp-block-column is-layout-flow wp-block-column-is-layout-flow\">\n<h3 class=\"wp-block-heading\">Marca:<\/h3>\n\n\n\n<p>Intensificador de pele polif\u00edlica<\/p>\n<\/div>\n<\/div>\n<\/div>\n\n\n\n<div class=\"wp-block-column is-layout-flow wp-block-column-is-layout-flow\">\n<div class=\"wp-block-columns is-not-stacked-on-mobile is-layout-flex wp-container-core-columns-is-layout-28f84493 wp-block-columns-is-layout-flex\">\n<div class=\"wp-block-column is-layout-flow wp-block-column-is-layout-flow\" style=\"flex-basis:50px\">\n<figure class=\"wp-block-image size-full\"><img loading=\"lazy\" decoding=\"async\" width=\"300\" height=\"315\" src=\"https:\/\/aeprilclinics.nl\/wp-content\/uploads\/2025\/01\/icon-prijs.png\" alt=\"\" class=\"wp-image-1004\" srcset=\"https:\/\/aeprilclinics.nl\/wp-content\/uploads\/2025\/01\/icon-prijs.png 300w, https:\/\/aeprilclinics.nl\/wp-content\/uploads\/2025\/01\/icon-prijs-286x300.png 286w, https:\/\/aeprilclinics.nl\/wp-content\/uploads\/2025\/01\/icon-prijs-257x270.png 257w\" sizes=\"auto, (max-width: 300px) 100vw, 300px\" \/><\/figure>\n<\/div>\n\n\n\n<div class=\"wp-block-column is-layout-flow wp-block-column-is-layout-flow\">\n<h3 class=\"wp-block-heading\">Informa\u00e7\u00f5es<\/h3>\n\n\n\n<p><a href=\"https:\/\/aeprilclinics.nl\/pt-br\/melhoria-da-pele\/polyphil-salmon-dna-tratamento-facial\/\" id=\"4868\">Leia sobre o Polyhil Face aqui<br \/><\/a><a href=\"https:\/\/aeprilclinics.nl\/pt-br\/melhoria-da-pele\/polyphil-salmon-dna-tratamento-dos-olhos\/\" id=\"1484\">Leia sobre Olhos Polifil\u00e9ticos<br \/><\/a><a href=\"https:\/\/aeprilclinics.nl\/pt-br\/melhoria-da-pele\/polyphil-salmon-dna-tratamento-capilar\/\" id=\"4873\">Leia sobre o cabelo polif\u00edlico aqui<\/a><\/p>\n\n\n\n<p><a href=\"https:\/\/aeprilclinics.nl\/pt-br\/tarifas\/\">Veja todos os pre\u00e7os aqui<\/a><br \/><br \/><\/p>\n<\/div>\n<\/div>\n<\/div>\n<\/div>\n<\/div><\/div>\n\n<div class=\"wp-block-columns is-layout-flex wp-container-core-columns-is-layout-28f84493 wp-block-columns-is-layout-flex\">\n<div class=\"wp-block-column is-layout-flow wp-block-column-is-layout-flow\">\n<h2 class=\"wp-block-heading\">Produtos da Croma Pharma<\/h2>\n\n\n\n<p>A Croma Pharma desenvolve v\u00e1rios produtos que s\u00e3o usados em todo o mundo na est\u00e9tica m\u00e9dica e no aprimoramento da pele. Um exemplo bem conhecido \u00e9: <\/p>\n\n\n\n<ul class=\"wp-block-list\">\n<li>Olhos PhilArt<\/li>\n\n\n\n<li>Rosto PhilArt<\/li>\n\n\n\n<li>Cabelo Philart<\/li>\n<\/ul>\n\n\n\n<p>O PhilArt \u00e9 um tratamento regenerativo baseado em polinucleot\u00eddeos que ajuda a melhorar a qualidade da pele, hidrata a pele e estimula o processo de reparo natural da pele.<\/p>\n\n\n\n<p>Os produtos Croma s\u00e3o usados por m\u00e9dicos em todo o mundo por sua seguran\u00e7a comprovada e resultados naturais.<\/p>\n<\/div>\n<\/div>\n\n<div style=\"height:100px\" aria-hidden=\"true\" class=\"wp-block-spacer\"><\/div>\n\n<div class=\"wp-block-media-text is-stacked-on-mobile is-image-fill-element\"><figure class=\"wp-block-media-text__media\"><img loading=\"lazy\" decoding=\"async\" width=\"683\" height=\"1024\" src=\"https:\/\/aeprilclinics.nl\/wp-content\/uploads\/2025\/01\/BN4A9197-683x1024.jpg\" alt=\"\" class=\"wp-image-1015 size-full\" style=\"object-position:50% 50%\" srcset=\"https:\/\/aeprilclinics.nl\/wp-content\/uploads\/2025\/01\/BN4A9197-683x1024.jpg 683w, https:\/\/aeprilclinics.nl\/wp-content\/uploads\/2025\/01\/BN4A9197-200x300.jpg 200w, https:\/\/aeprilclinics.nl\/wp-content\/uploads\/2025\/01\/BN4A9197-768x1152.jpg 768w, https:\/\/aeprilclinics.nl\/wp-content\/uploads\/2025\/01\/BN4A9197-1024x1536.jpg 1024w, https:\/\/aeprilclinics.nl\/wp-content\/uploads\/2025\/01\/BN4A9197-1365x2048.jpg 1365w, https:\/\/aeprilclinics.nl\/wp-content\/uploads\/2025\/01\/BN4A9197-180x270.jpg 180w, https:\/\/aeprilclinics.nl\/wp-content\/uploads\/2025\/01\/BN4A9197-scaled.jpg 1707w\" sizes=\"auto, (max-width: 683px) 100vw, 683px\" \/><\/figure><div class=\"wp-block-media-text__content\">\n<h5 class=\"wp-block-heading\">Por que trabalhamos com a Croma<\/h5>\n\n\n\n<h2 class=\"wp-block-heading\">Por que escolher os produtos da Croma Pharma?<\/h2>\n\n\n\n<p>A Croma Pharma est\u00e1 entre as principais empresas de est\u00e9tica m\u00e9dica. Seus produtos s\u00e3o desenvolvidos com base em pesquisas cient\u00edficas e estudos cl\u00ednicos. <\/p>\n\n\n\n<p>Os benef\u00edcios dos produtos Croma incluem:<\/p>\n\n\n\n<ul class=\"wp-block-list\">\n<li>padr\u00f5es de produ\u00e7\u00e3o farmac\u00eautica<\/li>\n\n\n\n<li>alta pureza do produto<\/li>\n\n\n\n<li>efeito clinicamente pesquisado<\/li>\n\n\n\n<li>aprimoramento natural da pele<\/li>\n\n\n\n<li>usado por m\u00e9dicos em todo o mundo<\/li>\n<\/ul>\n\n\n\n<p>Na Aepril Clinics, escolhemos conscientemente esse grau farmac\u00eautico para oferecer aos nossos clientes tratamentos seguros e eficazes.<\/p>\n<\/div><\/div>\n\n<div style=\"height:100px\" aria-hidden=\"true\" class=\"wp-block-spacer\"><\/div>\n\n<div class=\"wp-block-columns is-layout-flex wp-container-core-columns-is-layout-28f84493 wp-block-columns-is-layout-flex\">\n<div class=\"wp-block-column is-layout-flow wp-block-column-is-layout-flow\">\n<h2 class=\"wp-block-heading\">Por que escolher a Aepril Clinics?<\/h2>\n\n\n\n<p>Na Aepril Clinics, a qualidade, o conforto e o seu bem-estar s\u00e3o fundamentais. Nossos m\u00e9dicos bem treinados oferecem apenas tratamentos comprovados e certificados e se concentram em melhorias sutis que aprimoram sua apar\u00eancia \u00fanica. <\/p>\n<\/div>\n\n\n\n<div class=\"wp-block-column is-layout-flow wp-block-column-is-layout-flow\">\n<h2 class=\"wp-block-heading\">Orienta\u00e7\u00e3o pessoal e honesta<\/h2>\n\n\n\n<p>Juntos, elaboraremos um plano de tratamento que atenda \u00e0s suas necessidades e garanta uma abordagem segura e natural. Nossos m\u00e9dicos ter\u00e3o prazer em orientar voc\u00ea sobre as melhores op\u00e7\u00f5es. <\/p>\n<\/div>\n<\/div>\n\n<div style=\"height:100px\" aria-hidden=\"true\" class=\"wp-block-spacer\"><\/div>\n\n<div class=\"wp-block-cover alignfull is-light wave\" style=\"margin-top:0;margin-bottom:0;padding-bottom:var(--wp--preset--spacing--30)\"><span aria-hidden=\"true\" class=\"wp-block-cover__background has-accent-background-color has-background-dim-100 has-background-dim\"><\/span><div class=\"wp-block-cover__inner-container has-global-padding is-layout-constrained wp-block-cover-is-layout-constrained\">\n<h2 class=\"wp-block-heading has-text-align-center\">Voc\u00ea tem d\u00favidas se os tratamentos da Croma s\u00e3o a escolha certa?<\/h2>\n\n\n\n<p class=\"has-text-align-center\">Entre em contato com nossos especialistas para uma consulta sem compromisso e descubra o que podemos fazer por voc\u00ea.<\/p>\n\n\n\n<div class=\"wp-block-buttons is-content-justification-center is-layout-flex wp-container-core-buttons-is-layout-a89b3969 wp-block-buttons-is-layout-flex\">\n<div class=\"wp-block-button\"><a class=\"wp-block-button__link has-base-color has-accent-3-background-color has-text-color has-background has-link-color wp-element-button\" href=\"https:\/\/aeprilclinics.nl\/pt-br\/agende-uma-consulta-gratuita\/\">agendar consulta gratuita<\/a><\/div>\n<\/div>\n<\/div><\/div>\n\n<p><\/p>\n","protected":false},"excerpt":{"rendered":"<p>Croma Pharma nas Cl\u00ednicas Aepril O que \u00e9 a Croma Pharma? A Croma-Pharma \u00e9 uma empresa farmac\u00eautica internacional especializada em est\u00e9tica m\u00e9dica. A empresa foi fundada na \u00c1ustria e se tornou um dos principais fabricantes de injet\u00e1veis est\u00e9ticos e produtos&#8230;<\/p>\n","protected":false},"author":14,"featured_media":8987,"parent":0,"menu_order":0,"comment_status":"closed","ping_status":"closed","template":"","meta":{"_acf_changed":false,"footnotes":""},"class_list":["post-10275","page","type-page","status-publish","has-post-thumbnail","hentry"],"acf":[],"yoast_head":"<!-- This site is optimized with the Yoast SEO plugin v27.2 - https:\/\/yoast.com\/product\/yoast-seo-wordpress\/ -->\n<title>Croma Pharma em Aepril Cl\u00ednicas<\/title>\n<meta name=\"description\" content=\"A Croma Pharma \u00e9 l\u00edder no setor de preenchedores e intensificadores de pele para medicina est\u00e9tica. Trabalhamos com a Croma para que voc\u00ea obtenha os melhores resultados.\" \/>\n<meta name=\"robots\" content=\"index, follow, max-snippet:-1, max-image-preview:large, max-video-preview:-1\" \/>\n<link rel=\"canonical\" href=\"https:\/\/aeprilclinics.nl\/pt-br\/croma-pharma\/\" \/>\n<meta property=\"og:locale\" content=\"pt_BR\" \/>\n<meta property=\"og:type\" content=\"article\" \/>\n<meta property=\"og:title\" content=\"Croma Pharma em Aepril Cl\u00ednicas\" \/>\n<meta property=\"og:description\" content=\"A Croma Pharma \u00e9 l\u00edder no setor de preenchedores e intensificadores de pele para medicina est\u00e9tica. Trabalhamos com a Croma para que voc\u00ea obtenha os melhores resultados.\" \/>\n<meta property=\"og:url\" content=\"https:\/\/aeprilclinics.nl\/pt-br\/croma-pharma\/\" \/>\n<meta property=\"og:site_name\" content=\"Aepril\" \/>\n<meta property=\"article:modified_time\" content=\"2026-05-16T20:26:56+00:00\" \/>\n<meta property=\"og:image\" content=\"https:\/\/aeprilclinics.nl\/wp-content\/uploads\/2025\/02\/aesthe-clinics-Final-07.png\" \/>\n\t<meta property=\"og:image:width\" content=\"6667\" \/>\n\t<meta property=\"og:image:height\" content=\"5001\" \/>\n\t<meta property=\"og:image:type\" content=\"image\/png\" \/>\n<meta name=\"twitter:card\" content=\"summary_large_image\" \/>\n<meta name=\"twitter:label1\" content=\"Est. tempo de leitura\" \/>\n\t<meta name=\"twitter:data1\" content=\"2 minutos\" \/>\n<script type=\"application\/ld+json\" class=\"yoast-schema-graph\">{\"@context\":\"https:\/\/schema.org\",\"@graph\":[{\"@type\":\"WebPage\",\"@id\":\"https:\/\/aeprilclinics.nl\/pt-br\/croma-pharma\/\",\"url\":\"https:\/\/aeprilclinics.nl\/pt-br\/croma-pharma\/\",\"name\":\"Croma Pharma em Aepril Cl\u00ednicas\",\"isPartOf\":{\"@id\":\"https:\/\/aeprilclinics.nl\/pt-br\/#website\"},\"primaryImageOfPage\":{\"@id\":\"https:\/\/aeprilclinics.nl\/pt-br\/croma-pharma\/#primaryimage\"},\"image\":{\"@id\":\"https:\/\/aeprilclinics.nl\/pt-br\/croma-pharma\/#primaryimage\"},\"thumbnailUrl\":\"https:\/\/aeprilclinics.nl\/wp-content\/uploads\/2025\/02\/aesthe-clinics-Final-07.png\",\"datePublished\":\"2026-04-16T13:06:19+00:00\",\"dateModified\":\"2026-05-16T20:26:56+00:00\",\"description\":\"A Croma Pharma \u00e9 l\u00edder no setor de preenchedores e intensificadores de pele para medicina est\u00e9tica. Trabalhamos com a Croma para que voc\u00ea obtenha os melhores resultados.\",\"breadcrumb\":{\"@id\":\"https:\/\/aeprilclinics.nl\/pt-br\/croma-pharma\/#breadcrumb\"},\"inLanguage\":\"pt-BR\",\"potentialAction\":[{\"@type\":\"ReadAction\",\"target\":[\"https:\/\/aeprilclinics.nl\/pt-br\/croma-pharma\/\"]}]},{\"@type\":\"ImageObject\",\"inLanguage\":\"pt-BR\",\"@id\":\"https:\/\/aeprilclinics.nl\/pt-br\/croma-pharma\/#primaryimage\",\"url\":\"https:\/\/aeprilclinics.nl\/wp-content\/uploads\/2025\/02\/aesthe-clinics-Final-07.png\",\"contentUrl\":\"https:\/\/aeprilclinics.nl\/wp-content\/uploads\/2025\/02\/aesthe-clinics-Final-07.png\",\"width\":6667,\"height\":5001},{\"@type\":\"BreadcrumbList\",\"@id\":\"https:\/\/aeprilclinics.nl\/pt-br\/croma-pharma\/#breadcrumb\",\"itemListElement\":[{\"@type\":\"ListItem\",\"position\":1,\"name\":\"Home\",\"item\":\"https:\/\/aeprilclinics.nl\/pt-br\/\"},{\"@type\":\"ListItem\",\"position\":2,\"name\":\"Croma Pharma\"}]},{\"@type\":\"WebSite\",\"@id\":\"https:\/\/aeprilclinics.nl\/pt-br\/#website\",\"url\":\"https:\/\/aeprilclinics.nl\/pt-br\/\",\"name\":\"Aepril\",\"description\":\"\",\"potentialAction\":[{\"@type\":\"SearchAction\",\"target\":{\"@type\":\"EntryPoint\",\"urlTemplate\":\"https:\/\/aeprilclinics.nl\/pt-br\/?s={search_term_string}\"},\"query-input\":{\"@type\":\"PropertyValueSpecification\",\"valueRequired\":true,\"valueName\":\"search_term_string\"}}],\"inLanguage\":\"pt-BR\"}]}<\/script>\n<!-- \/ Yoast SEO plugin. -->","yoast_head_json":{"title":"Croma Pharma em Aepril Cl\u00ednicas","description":"A Croma Pharma \u00e9 l\u00edder no setor de preenchedores e intensificadores de pele para medicina est\u00e9tica. Trabalhamos com a Croma para que voc\u00ea obtenha os melhores resultados.","robots":{"index":"index","follow":"follow","max-snippet":"max-snippet:-1","max-image-preview":"max-image-preview:large","max-video-preview":"max-video-preview:-1"},"canonical":"https:\/\/aeprilclinics.nl\/pt-br\/croma-pharma\/","og_locale":"pt_BR","og_type":"article","og_title":"Croma Pharma em Aepril Cl\u00ednicas","og_description":"A Croma Pharma \u00e9 l\u00edder no setor de preenchedores e intensificadores de pele para medicina est\u00e9tica. Trabalhamos com a Croma para que voc\u00ea obtenha os melhores resultados.","og_url":"https:\/\/aeprilclinics.nl\/pt-br\/croma-pharma\/","og_site_name":"Aepril","article_modified_time":"2026-05-16T20:26:56+00:00","og_image":[{"width":6667,"height":5001,"url":"https:\/\/aeprilclinics.nl\/wp-content\/uploads\/2025\/02\/aesthe-clinics-Final-07.png","type":"image\/png"}],"twitter_card":"summary_large_image","twitter_misc":{"Est. tempo de leitura":"2 minutos"},"schema":{"@context":"https:\/\/schema.org","@graph":[{"@type":"WebPage","@id":"https:\/\/aeprilclinics.nl\/pt-br\/croma-pharma\/","url":"https:\/\/aeprilclinics.nl\/pt-br\/croma-pharma\/","name":"Croma Pharma em Aepril Cl\u00ednicas","isPartOf":{"@id":"https:\/\/aeprilclinics.nl\/pt-br\/#website"},"primaryImageOfPage":{"@id":"https:\/\/aeprilclinics.nl\/pt-br\/croma-pharma\/#primaryimage"},"image":{"@id":"https:\/\/aeprilclinics.nl\/pt-br\/croma-pharma\/#primaryimage"},"thumbnailUrl":"https:\/\/aeprilclinics.nl\/wp-content\/uploads\/2025\/02\/aesthe-clinics-Final-07.png","datePublished":"2026-04-16T13:06:19+00:00","dateModified":"2026-05-16T20:26:56+00:00","description":"A Croma Pharma \u00e9 l\u00edder no setor de preenchedores e intensificadores de pele para medicina est\u00e9tica. Trabalhamos com a Croma para que voc\u00ea obtenha os melhores resultados.","breadcrumb":{"@id":"https:\/\/aeprilclinics.nl\/pt-br\/croma-pharma\/#breadcrumb"},"inLanguage":"pt-BR","potentialAction":[{"@type":"ReadAction","target":["https:\/\/aeprilclinics.nl\/pt-br\/croma-pharma\/"]}]},{"@type":"ImageObject","inLanguage":"pt-BR","@id":"https:\/\/aeprilclinics.nl\/pt-br\/croma-pharma\/#primaryimage","url":"https:\/\/aeprilclinics.nl\/wp-content\/uploads\/2025\/02\/aesthe-clinics-Final-07.png","contentUrl":"https:\/\/aeprilclinics.nl\/wp-content\/uploads\/2025\/02\/aesthe-clinics-Final-07.png","width":6667,"height":5001},{"@type":"BreadcrumbList","@id":"https:\/\/aeprilclinics.nl\/pt-br\/croma-pharma\/#breadcrumb","itemListElement":[{"@type":"ListItem","position":1,"name":"Home","item":"https:\/\/aeprilclinics.nl\/pt-br\/"},{"@type":"ListItem","position":2,"name":"Croma Pharma"}]},{"@type":"WebSite","@id":"https:\/\/aeprilclinics.nl\/pt-br\/#website","url":"https:\/\/aeprilclinics.nl\/pt-br\/","name":"Aepril","description":"","potentialAction":[{"@type":"SearchAction","target":{"@type":"EntryPoint","urlTemplate":"https:\/\/aeprilclinics.nl\/pt-br\/?s={search_term_string}"},"query-input":{"@type":"PropertyValueSpecification","valueRequired":true,"valueName":"search_term_string"}}],"inLanguage":"pt-BR"}]}},"_links":{"self":[{"href":"https:\/\/aeprilclinics.nl\/pt-br\/wp-json\/wp\/v2\/pages\/10275","targetHints":{"allow":["GET"]}}],"collection":[{"href":"https:\/\/aeprilclinics.nl\/pt-br\/wp-json\/wp\/v2\/pages"}],"about":[{"href":"https:\/\/aeprilclinics.nl\/pt-br\/wp-json\/wp\/v2\/types\/page"}],"author":[{"embeddable":true,"href":"https:\/\/aeprilclinics.nl\/pt-br\/wp-json\/wp\/v2\/users\/14"}],"replies":[{"embeddable":true,"href":"https:\/\/aeprilclinics.nl\/pt-br\/wp-json\/wp\/v2\/comments?post=10275"}],"version-history":[{"count":4,"href":"https:\/\/aeprilclinics.nl\/pt-br\/wp-json\/wp\/v2\/pages\/10275\/revisions"}],"predecessor-version":[{"id":10495,"href":"https:\/\/aeprilclinics.nl\/pt-br\/wp-json\/wp\/v2\/pages\/10275\/revisions\/10495"}],"wp:featuredmedia":[{"embeddable":true,"href":"https:\/\/aeprilclinics.nl\/pt-br\/wp-json\/wp\/v2\/media\/8987"}],"wp:attachment":[{"href":"https:\/\/aeprilclinics.nl\/pt-br\/wp-json\/wp\/v2\/media?parent=10275"}],"curies":[{"name":"wp","href":"https:\/\/api.w.org\/{rel}","templated":true}]}}