{"id":10008,"date":"2025-01-22T13:49:37","date_gmt":"2025-01-22T13:49:37","guid":{"rendered":"https:\/\/aeprilclinics.nl\/trabalhando-na-aepril\/"},"modified":"2026-05-16T20:24:48","modified_gmt":"2026-05-16T20:24:48","slug":"trabalhando-na-aepril","status":"publish","type":"page","link":"https:\/\/aeprilclinics.nl\/pt-br\/trabalhando-na-aepril\/","title":{"rendered":"Trabalhando na Aepril"},"content":{"rendered":"\n<div class=\"wp-block-media-text is-stacked-on-mobile\"><figure class=\"wp-block-media-text__media\"><video controls src=\"https:\/\/aeprilclinics.nl\/wp-content\/uploads\/2026\/04\/1775472991341028.mp4\"><\/video><\/figure><div class=\"wp-block-media-text__content\">\n<p>Prezado m\u00e9dico,<br \/><br \/>Eu poderia escrever aqui um texto muito longo e objetivo sobre por que voc\u00ea deve trabalhar conosco. Sobre a cultura, as condi\u00e7\u00f5es, o treinamento e todas as outras coisas que fazem parte disso. <br \/><br \/>Mas, sinceramente&#8230; o mais importante \u00e9 bem simples. Voc\u00ea \u00e9 apaixonado pelo seu trabalho e gosta de trabalhar com seus colegas? Porque na Aepril Clinics, achamos que isso \u00e9 o mais importante.<br \/><br \/>Basta assistir ao v\u00eddeo abaixo e decidir por si mesmo se voc\u00ea acha que se encaixaria conosco. Voc\u00ea gostaria de trabalhar conosco? Ent\u00e3o fique \u00e0 vontade para entrar em contato conosco.  <br \/><br \/>No momento, estamos procurando v\u00e1rios m\u00e9dicos para nossas cl\u00ednicas em Utrecht e Hengelo. Quem sabe voc\u00ea n\u00e3o toma uma x\u00edcara de caf\u00e9 conosco em breve? <\/p>\n\n\n\n<p>Com amor, <br \/><br \/>Doutor Elnaz<br \/>Fundador das cl\u00ednicas Aepril<\/p>\n<\/div><\/div>\n\n<div style=\"height:50px\" aria-hidden=\"true\" class=\"wp-block-spacer\"><\/div>\n\n<div class=\"wp-block-media-text has-media-on-the-right is-stacked-on-mobile is-image-fill-element\"><div class=\"wp-block-media-text__content\">\n<h5 class=\"wp-block-heading\">Vagas<\/h5>\n\n\n\n<h3 class=\"wp-block-heading\">Vagas em aberto<\/h3>\n\n\n\n<div style=\"height:15px\" aria-hidden=\"true\" class=\"wp-block-spacer\"><\/div>\n\n\n\n<p><span class=\"wp-rich-text-font-awesome-icon wp-font-awesome-icon\"><\/span> <a href=\"https:\/\/aeprilclinics.nl\/pt-br\/trabalhando-na-aepril\/vaga-de-medico-cosmetico-em-hengelo\/\" id=\"5734\">Vaga de m\u00e9dico cosm\u00e9tico em Hengelo<\/a><\/p>\n\n\n\n<p><span class=\"wp-rich-text-font-awesome-icon wp-font-awesome-icon\"><\/span> <a href=\"https:\/\/aeprilclinics.nl\/pt-br\/trabalhando-na-aepril\/vaga-de-medico-cosmetico-em-utrecht\/\" id=\"https:\/\/aeprilclinics.nl\/werken-bij-aepril\/vacature-cosmetisch-arts-utrecht\/\">Vaga de m\u00e9dico cosm\u00e9tico em Utrecht<\/a><\/p>\n\n\n\n<p><span class=\"wp-rich-text-font-awesome-icon wp-font-awesome-icon\"><\/span> <a href=\"https:\/\/aeprilclinics.nl\/pt-br\/vaga-de-controlador-financeiro\/\" id=\"5718\">Vaga de controlador financeiro<\/a><\/p>\n\n\n\n<p><span class=\"wp-rich-text-font-awesome-icon wp-font-awesome-icon\"><\/span><a href=\"https:\/\/aeprilclinics.nl\/pt-br\/trabalhando-na-aepril\/vaga-de-recepcionista-em-utrecht\/\" id=\"https:\/\/aeprilclinics.nl\/werken-bij-aepril\/vacature-gastvrouw-utrecht\/\">  Vaga de recepcionista em Utrecht<br \/><\/a><\/p>\n\n\n\n<p style=\"margin-top:var(--wp--preset--spacing--40)\"><strong>Voc\u00ea tem d\u00favidas sobre as vagas?<\/strong><br \/>Em caso de d\u00favidas sobre uma vaga, entre em contato conosco diretamente usando os detalhes abaixo:<\/p>\n\n\n\n<div class=\"wp-block-columns is-not-stacked-on-mobile is-layout-flex wp-container-core-columns-is-layout-f0342b05 wp-block-columns-is-layout-flex\" style=\"margin-top:0;margin-bottom:0\">\n<div class=\"wp-block-column is-layout-flow wp-block-column-is-layout-flow\" style=\"flex-basis:20px\">\n<i class=\"fas fa-phone\"><\/i>\n<\/div>\n\n\n\n<div class=\"wp-block-column is-layout-flow wp-block-column-is-layout-flow\">\n<p>06-23209253<\/p>\n<\/div>\n<\/div>\n\n\n\n<div class=\"wp-block-columns is-not-stacked-on-mobile is-layout-flex wp-container-core-columns-is-layout-f0342b05 wp-block-columns-is-layout-flex\" style=\"margin-top:0;margin-bottom:0\">\n<div class=\"wp-block-column is-layout-flow wp-block-column-is-layout-flow\" style=\"flex-basis:20px\">\n<i class=\"fas fa-envelope\"><\/i>\n<\/div>\n\n\n\n<div class=\"wp-block-column is-layout-flow wp-block-column-is-layout-flow\">\n<p><a href=\"mailto:contact@aeprilclinics.nl\">receptie@aeprilclinics.nl<\/a><\/p>\n<\/div>\n<\/div>\n<\/div><figure class=\"wp-block-media-text__media\"><img loading=\"lazy\" decoding=\"async\" width=\"768\" height=\"1024\" src=\"https:\/\/aeprilclinics.nl\/wp-content\/uploads\/2025\/11\/IMG_8606-768x1024.jpg\" alt=\"\" class=\"wp-image-4254 size-full\" style=\"object-position:50% 50%\" srcset=\"https:\/\/aeprilclinics.nl\/wp-content\/uploads\/2025\/11\/IMG_8606-768x1024.jpg 768w, https:\/\/aeprilclinics.nl\/wp-content\/uploads\/2025\/11\/IMG_8606-225x300.jpg 225w, https:\/\/aeprilclinics.nl\/wp-content\/uploads\/2025\/11\/IMG_8606-1152x1536.jpg 1152w, https:\/\/aeprilclinics.nl\/wp-content\/uploads\/2025\/11\/IMG_8606-1536x2048.jpg 1536w, https:\/\/aeprilclinics.nl\/wp-content\/uploads\/2025\/11\/IMG_8606-203x270.jpg 203w, https:\/\/aeprilclinics.nl\/wp-content\/uploads\/2025\/11\/IMG_8606-scaled.jpg 1920w\" sizes=\"auto, (max-width: 768px) 100vw, 768px\" \/><\/figure><\/div>\n\n<div style=\"height:50px\" aria-hidden=\"true\" class=\"wp-block-spacer\"><\/div>\n\n<div class=\"wp-block-media-text is-stacked-on-mobile is-image-fill-element\"><figure class=\"wp-block-media-text__media\"><img loading=\"lazy\" decoding=\"async\" width=\"1024\" height=\"768\" src=\"https:\/\/aeprilclinics.nl\/wp-content\/uploads\/2025\/09\/IMG_7809-1024x768.jpeg\" alt=\"\" class=\"wp-image-3741 size-full\" style=\"object-position:50% 50%\" srcset=\"https:\/\/aeprilclinics.nl\/wp-content\/uploads\/2025\/09\/IMG_7809-1024x768.jpeg 1024w, https:\/\/aeprilclinics.nl\/wp-content\/uploads\/2025\/09\/IMG_7809-300x225.jpeg 300w, https:\/\/aeprilclinics.nl\/wp-content\/uploads\/2025\/09\/IMG_7809-768x576.jpeg 768w, https:\/\/aeprilclinics.nl\/wp-content\/uploads\/2025\/09\/IMG_7809-1536x1152.jpeg 1536w, https:\/\/aeprilclinics.nl\/wp-content\/uploads\/2025\/09\/IMG_7809-2048x1536.jpeg 2048w, https:\/\/aeprilclinics.nl\/wp-content\/uploads\/2025\/09\/IMG_7809-360x270.jpeg 360w\" sizes=\"auto, (max-width: 1024px) 100vw, 1024px\" \/><\/figure><div class=\"wp-block-media-text__content\">\n<h5 class=\"wp-block-heading\">Sobre n\u00f3s<\/h5>\n\n\n\n<h2 class=\"wp-block-heading\">Cl\u00ednica de Cosm\u00e9ticos Aepril<\/h2>\n\n\n\n<p>A Aepril Cosmetic Clinic \u00e9 uma cl\u00ednica moderna com filiais em <a href=\"https:\/\/aeprilclinics.nl\/pt-br\/clinica-hengelo\/\" id=\"3336\">Hengelo<\/a> e <a href=\"https:\/\/aeprilclinics.nl\/pt-br\/clinica-utrecht\/\" id=\"3390\">Utrecht<\/a>, especializada em tratamentos cosm\u00e9ticos e em uma experi\u00eancia de alta qualidade para o cliente. Em pouco tempo, constru\u00edmos uma posi\u00e7\u00e3o forte, com quase 100 avalia\u00e7\u00f5es perfeitas em nove meses. Queremos continuar esse crescimento, juntamente com nossa equipe.  <\/p>\n\n\n\n<p>Liderados pelo Dr. Elnaz Alagha, nos concentramos em botox, preenchimentos e v\u00e1rios tratamentos de pele. O que nos diferencia \u00e9 a combina\u00e7\u00e3o de qualidade, transpar\u00eancia e uma abordagem pessoal. Dedicamos tempo a cada cliente, somos honestos em nossas orienta\u00e7\u00f5es e adotamos conscientemente uma abordagem sutil, em que os resultados naturais s\u00e3o fundamentais. Menos \u00e9 mais.   <\/p>\n<\/div><\/div>\n\n<div style=\"height:50px\" aria-hidden=\"true\" class=\"wp-block-spacer\"><\/div>\n\n<div class=\"wp-block-media-text has-media-on-the-right is-stacked-on-mobile is-image-fill-element\"><div class=\"wp-block-media-text__content\">\n<h5 class=\"wp-block-heading\">Nossa equipe<\/h5>\n\n\n\n<h2 class=\"wp-block-heading\">Bem-vindo \u00e0 nossa equipe!<\/h2>\n\n\n\n<p>A Aepril Clinics \u00e9 uma cl\u00ednica l\u00edder na \u00e1rea de injet\u00e1veis e tratamentos cosm\u00e9ticos na Holanda. Nossos especialistas combinam experi\u00eancia e paix\u00e3o para obter resultados de alta qualidade para nossos clientes. <\/p>\n\n\n\n<p>Com escrit\u00f3rios em Hengelo e Utrecht e uma reputa\u00e7\u00e3o forte e crescente, oferecemos um ambiente de trabalho inspirador em que o profissionalismo e o desenvolvimento pessoal s\u00e3o fundamentais. Trabalhamos em um ambiente seguro e diversificado, onde sua opini\u00e3o \u00e9 valorizada e voc\u00ea pode contribuir ativamente para consultas e tratamentos.  Nada \u00e9 mais importante do que a nossa equipe: almo\u00e7amos juntos, comemoramos os sucessos e investimos regularmente em educa\u00e7\u00e3o conjunta por meio de cursos e confer\u00eancias, inclusive no exterior.<\/p>\n\n\n\n<p>Conosco, n\u00e3o se trata de n\u00fameros, mas de qualidade. Voc\u00ea tem tempo para consultas cuidadosas e planos de tratamento abrangentes, o que lhe permite criar uma conex\u00e3o real com os clientes e trabalhar com prazer e satisfa\u00e7\u00e3o. <\/p>\n\n\n\n<p>O que pedimos de voc\u00ea \u00e9 paix\u00e3o pela cosmetologia, interesse genu\u00edno pelos clientes e suas hist\u00f3rias e a ambi\u00e7\u00e3o de se desenvolver ainda mais em sua profiss\u00e3o todos os dias.<\/p>\n<\/div><figure class=\"wp-block-media-text__media\"><img loading=\"lazy\" decoding=\"async\" width=\"1024\" height=\"1024\" src=\"https:\/\/aeprilclinics.nl\/wp-content\/uploads\/2025\/12\/Ontwerp-zonder-titel-1024x1024.png\" alt=\"\" class=\"wp-image-4546 size-full\" style=\"object-position:50% 50%\" srcset=\"https:\/\/aeprilclinics.nl\/wp-content\/uploads\/2025\/12\/Ontwerp-zonder-titel-1024x1024.png 1024w, https:\/\/aeprilclinics.nl\/wp-content\/uploads\/2025\/12\/Ontwerp-zonder-titel-300x300.png 300w, https:\/\/aeprilclinics.nl\/wp-content\/uploads\/2025\/12\/Ontwerp-zonder-titel-150x150.png 150w, https:\/\/aeprilclinics.nl\/wp-content\/uploads\/2025\/12\/Ontwerp-zonder-titel-768x767.png 768w, https:\/\/aeprilclinics.nl\/wp-content\/uploads\/2025\/12\/Ontwerp-zonder-titel-270x270.png 270w, https:\/\/aeprilclinics.nl\/wp-content\/uploads\/2025\/12\/Ontwerp-zonder-titel.png 1440w\" sizes=\"auto, (max-width: 1024px) 100vw, 1024px\" \/><\/figure><\/div>\n\n<hr class=\"wp-block-separator has-alpha-channel-opacity\" \/>\n\n<div class=\"wp-block-cover alignfull is-light wave\" style=\"margin-top:var(--wp--preset--spacing--60);margin-bottom:0;padding-bottom:var(--wp--preset--spacing--30)\"><span aria-hidden=\"true\" class=\"wp-block-cover__background has-accent-background-color has-background-dim-100 has-background-dim\"><\/span><div class=\"wp-block-cover__inner-container has-global-padding is-layout-constrained wp-block-cover-is-layout-constrained\">\n<h2 class=\"wp-block-heading has-text-align-center\">Sua pr\u00f3xima etapa come\u00e7a aqui.<\/h2>\n\n\n\n<div style=\"height:15px\" aria-hidden=\"true\" class=\"wp-block-spacer\"><\/div>\n\n\n\n<div class=\"wp-block-buttons is-content-justification-center is-layout-flex wp-container-core-buttons-is-layout-a89b3969 wp-block-buttons-is-layout-flex\">\n<div class=\"wp-block-button\"><a class=\"wp-block-button__link has-base-color has-accent-3-background-color has-text-color has-background has-link-color wp-element-button\" href=\"mailto:contact@aeprilclinics.nl\">Candidatar-se a um emprego na Aepril<\/a><\/div>\n<\/div>\n<\/div><\/div>\n","protected":false},"excerpt":{"rendered":"<p>Prezado m\u00e9dico, Eu poderia escrever aqui um texto muito longo e objetivo sobre por que voc\u00ea deve trabalhar conosco. Sobre a cultura, as condi\u00e7\u00f5es, o treinamento e todas as outras coisas que fazem parte disso. Mas, sinceramente&#8230; o mais importante&#8230;<\/p>\n","protected":false},"author":10,"featured_media":8987,"parent":0,"menu_order":0,"comment_status":"closed","ping_status":"closed","template":"","meta":{"_acf_changed":false,"footnotes":""},"class_list":["post-10008","page","type-page","status-publish","has-post-thumbnail","hentry"],"acf":[],"yoast_head":"<!-- This site is optimized with the Yoast SEO plugin v27.2 - https:\/\/yoast.com\/product\/yoast-seo-wordpress\/ -->\n<title>Trabalhando na Aepril: vagas em cl\u00ednicas Aepril<\/title>\n<meta name=\"description\" content=\"Voc\u00ea quer trabalhar em uma cl\u00ednica de ponta? Confira aqui nossas vagas e fa\u00e7a parte da cl\u00ednica de est\u00e9tica Aepril Clinics.\" \/>\n<meta name=\"robots\" content=\"index, follow, max-snippet:-1, max-image-preview:large, max-video-preview:-1\" \/>\n<link rel=\"canonical\" href=\"https:\/\/aeprilclinics.nl\/pt-br\/trabalhando-na-aepril\/\" \/>\n<meta property=\"og:locale\" content=\"pt_BR\" \/>\n<meta property=\"og:type\" content=\"article\" \/>\n<meta property=\"og:title\" content=\"Trabalhando na Aepril: vagas em cl\u00ednicas Aepril\" \/>\n<meta property=\"og:description\" content=\"Voc\u00ea quer trabalhar em uma cl\u00ednica de ponta? Confira aqui nossas vagas e fa\u00e7a parte da cl\u00ednica de est\u00e9tica Aepril Clinics.\" \/>\n<meta property=\"og:url\" content=\"https:\/\/aeprilclinics.nl\/pt-br\/trabalhando-na-aepril\/\" \/>\n<meta property=\"og:site_name\" content=\"Aepril\" \/>\n<meta property=\"article:modified_time\" content=\"2026-05-16T20:24:48+00:00\" \/>\n<meta property=\"og:image\" content=\"https:\/\/aeprilclinics.nl\/wp-content\/uploads\/2025\/02\/aesthe-clinics-Final-07.png\" \/>\n\t<meta property=\"og:image:width\" content=\"6667\" \/>\n\t<meta property=\"og:image:height\" content=\"5001\" \/>\n\t<meta property=\"og:image:type\" content=\"image\/png\" \/>\n<meta name=\"twitter:card\" content=\"summary_large_image\" \/>\n<meta name=\"twitter:label1\" content=\"Est. tempo de leitura\" \/>\n\t<meta name=\"twitter:data1\" content=\"3 minutos\" \/>\n<script type=\"application\/ld+json\" class=\"yoast-schema-graph\">{\"@context\":\"https:\/\/schema.org\",\"@graph\":[{\"@type\":\"WebPage\",\"@id\":\"https:\/\/aeprilclinics.nl\/pt-br\/trabalhando-na-aepril\/\",\"url\":\"https:\/\/aeprilclinics.nl\/pt-br\/trabalhando-na-aepril\/\",\"name\":\"Trabalhando na Aepril: vagas em cl\u00ednicas Aepril\",\"isPartOf\":{\"@id\":\"https:\/\/aeprilclinics.nl\/pt-br\/#website\"},\"primaryImageOfPage\":{\"@id\":\"https:\/\/aeprilclinics.nl\/pt-br\/trabalhando-na-aepril\/#primaryimage\"},\"image\":{\"@id\":\"https:\/\/aeprilclinics.nl\/pt-br\/trabalhando-na-aepril\/#primaryimage\"},\"thumbnailUrl\":\"https:\/\/aeprilclinics.nl\/wp-content\/uploads\/2025\/02\/aesthe-clinics-Final-07.png\",\"datePublished\":\"2025-01-22T13:49:37+00:00\",\"dateModified\":\"2026-05-16T20:24:48+00:00\",\"description\":\"Voc\u00ea quer trabalhar em uma cl\u00ednica de ponta? Confira aqui nossas vagas e fa\u00e7a parte da cl\u00ednica de est\u00e9tica Aepril Clinics.\",\"breadcrumb\":{\"@id\":\"https:\/\/aeprilclinics.nl\/pt-br\/trabalhando-na-aepril\/#breadcrumb\"},\"inLanguage\":\"pt-BR\",\"potentialAction\":[{\"@type\":\"ReadAction\",\"target\":[\"https:\/\/aeprilclinics.nl\/pt-br\/trabalhando-na-aepril\/\"]}]},{\"@type\":\"ImageObject\",\"inLanguage\":\"pt-BR\",\"@id\":\"https:\/\/aeprilclinics.nl\/pt-br\/trabalhando-na-aepril\/#primaryimage\",\"url\":\"https:\/\/aeprilclinics.nl\/wp-content\/uploads\/2025\/02\/aesthe-clinics-Final-07.png\",\"contentUrl\":\"https:\/\/aeprilclinics.nl\/wp-content\/uploads\/2025\/02\/aesthe-clinics-Final-07.png\",\"width\":6667,\"height\":5001},{\"@type\":\"BreadcrumbList\",\"@id\":\"https:\/\/aeprilclinics.nl\/pt-br\/trabalhando-na-aepril\/#breadcrumb\",\"itemListElement\":[{\"@type\":\"ListItem\",\"position\":1,\"name\":\"Home\",\"item\":\"https:\/\/aeprilclinics.nl\/pt-br\/\"},{\"@type\":\"ListItem\",\"position\":2,\"name\":\"Trabalhando na Aepril\"}]},{\"@type\":\"WebSite\",\"@id\":\"https:\/\/aeprilclinics.nl\/pt-br\/#website\",\"url\":\"https:\/\/aeprilclinics.nl\/pt-br\/\",\"name\":\"Aepril\",\"description\":\"\",\"potentialAction\":[{\"@type\":\"SearchAction\",\"target\":{\"@type\":\"EntryPoint\",\"urlTemplate\":\"https:\/\/aeprilclinics.nl\/pt-br\/?s={search_term_string}\"},\"query-input\":{\"@type\":\"PropertyValueSpecification\",\"valueRequired\":true,\"valueName\":\"search_term_string\"}}],\"inLanguage\":\"pt-BR\"}]}<\/script>\n<!-- \/ Yoast SEO plugin. -->","yoast_head_json":{"title":"Trabalhando na Aepril: vagas em cl\u00ednicas Aepril","description":"Voc\u00ea quer trabalhar em uma cl\u00ednica de ponta? Confira aqui nossas vagas e fa\u00e7a parte da cl\u00ednica de est\u00e9tica Aepril Clinics.","robots":{"index":"index","follow":"follow","max-snippet":"max-snippet:-1","max-image-preview":"max-image-preview:large","max-video-preview":"max-video-preview:-1"},"canonical":"https:\/\/aeprilclinics.nl\/pt-br\/trabalhando-na-aepril\/","og_locale":"pt_BR","og_type":"article","og_title":"Trabalhando na Aepril: vagas em cl\u00ednicas Aepril","og_description":"Voc\u00ea quer trabalhar em uma cl\u00ednica de ponta? Confira aqui nossas vagas e fa\u00e7a parte da cl\u00ednica de est\u00e9tica Aepril Clinics.","og_url":"https:\/\/aeprilclinics.nl\/pt-br\/trabalhando-na-aepril\/","og_site_name":"Aepril","article_modified_time":"2026-05-16T20:24:48+00:00","og_image":[{"width":6667,"height":5001,"url":"https:\/\/aeprilclinics.nl\/wp-content\/uploads\/2025\/02\/aesthe-clinics-Final-07.png","type":"image\/png"}],"twitter_card":"summary_large_image","twitter_misc":{"Est. tempo de leitura":"3 minutos"},"schema":{"@context":"https:\/\/schema.org","@graph":[{"@type":"WebPage","@id":"https:\/\/aeprilclinics.nl\/pt-br\/trabalhando-na-aepril\/","url":"https:\/\/aeprilclinics.nl\/pt-br\/trabalhando-na-aepril\/","name":"Trabalhando na Aepril: vagas em cl\u00ednicas Aepril","isPartOf":{"@id":"https:\/\/aeprilclinics.nl\/pt-br\/#website"},"primaryImageOfPage":{"@id":"https:\/\/aeprilclinics.nl\/pt-br\/trabalhando-na-aepril\/#primaryimage"},"image":{"@id":"https:\/\/aeprilclinics.nl\/pt-br\/trabalhando-na-aepril\/#primaryimage"},"thumbnailUrl":"https:\/\/aeprilclinics.nl\/wp-content\/uploads\/2025\/02\/aesthe-clinics-Final-07.png","datePublished":"2025-01-22T13:49:37+00:00","dateModified":"2026-05-16T20:24:48+00:00","description":"Voc\u00ea quer trabalhar em uma cl\u00ednica de ponta? Confira aqui nossas vagas e fa\u00e7a parte da cl\u00ednica de est\u00e9tica Aepril Clinics.","breadcrumb":{"@id":"https:\/\/aeprilclinics.nl\/pt-br\/trabalhando-na-aepril\/#breadcrumb"},"inLanguage":"pt-BR","potentialAction":[{"@type":"ReadAction","target":["https:\/\/aeprilclinics.nl\/pt-br\/trabalhando-na-aepril\/"]}]},{"@type":"ImageObject","inLanguage":"pt-BR","@id":"https:\/\/aeprilclinics.nl\/pt-br\/trabalhando-na-aepril\/#primaryimage","url":"https:\/\/aeprilclinics.nl\/wp-content\/uploads\/2025\/02\/aesthe-clinics-Final-07.png","contentUrl":"https:\/\/aeprilclinics.nl\/wp-content\/uploads\/2025\/02\/aesthe-clinics-Final-07.png","width":6667,"height":5001},{"@type":"BreadcrumbList","@id":"https:\/\/aeprilclinics.nl\/pt-br\/trabalhando-na-aepril\/#breadcrumb","itemListElement":[{"@type":"ListItem","position":1,"name":"Home","item":"https:\/\/aeprilclinics.nl\/pt-br\/"},{"@type":"ListItem","position":2,"name":"Trabalhando na Aepril"}]},{"@type":"WebSite","@id":"https:\/\/aeprilclinics.nl\/pt-br\/#website","url":"https:\/\/aeprilclinics.nl\/pt-br\/","name":"Aepril","description":"","potentialAction":[{"@type":"SearchAction","target":{"@type":"EntryPoint","urlTemplate":"https:\/\/aeprilclinics.nl\/pt-br\/?s={search_term_string}"},"query-input":{"@type":"PropertyValueSpecification","valueRequired":true,"valueName":"search_term_string"}}],"inLanguage":"pt-BR"}]}},"_links":{"self":[{"href":"https:\/\/aeprilclinics.nl\/pt-br\/wp-json\/wp\/v2\/pages\/10008","targetHints":{"allow":["GET"]}}],"collection":[{"href":"https:\/\/aeprilclinics.nl\/pt-br\/wp-json\/wp\/v2\/pages"}],"about":[{"href":"https:\/\/aeprilclinics.nl\/pt-br\/wp-json\/wp\/v2\/types\/page"}],"author":[{"embeddable":true,"href":"https:\/\/aeprilclinics.nl\/pt-br\/wp-json\/wp\/v2\/users\/10"}],"replies":[{"embeddable":true,"href":"https:\/\/aeprilclinics.nl\/pt-br\/wp-json\/wp\/v2\/comments?post=10008"}],"version-history":[{"count":5,"href":"https:\/\/aeprilclinics.nl\/pt-br\/wp-json\/wp\/v2\/pages\/10008\/revisions"}],"predecessor-version":[{"id":10372,"href":"https:\/\/aeprilclinics.nl\/pt-br\/wp-json\/wp\/v2\/pages\/10008\/revisions\/10372"}],"wp:featuredmedia":[{"embeddable":true,"href":"https:\/\/aeprilclinics.nl\/pt-br\/wp-json\/wp\/v2\/media\/8987"}],"wp:attachment":[{"href":"https:\/\/aeprilclinics.nl\/pt-br\/wp-json\/wp\/v2\/media?parent=10008"}],"curies":[{"name":"wp","href":"https:\/\/api.w.org\/{rel}","templated":true}]}}