{"id":9703,"date":"2026-04-16T12:54:38","date_gmt":"2026-04-16T12:54:38","guid":{"rendered":"https:\/\/aeprilclinics.nl\/table-a-poisson\/"},"modified":"2026-05-16T20:27:11","modified_gmt":"2026-05-16T20:27:11","slug":"table-a-poisson","status":"publish","type":"page","link":"https:\/\/aeprilclinics.nl\/fr\/table-a-poisson\/","title":{"rendered":"Table \u00e0 poisson"},"content":{"rendered":"\n<div class=\"wp-block-media-text has-media-on-the-right is-stacked-on-mobile is-image-fill-element\" style=\"margin-bottom:var(--wp--preset--spacing--60)\"><div class=\"wp-block-media-text__content\">\n<h5 class=\"wp-block-heading\">Traitements de table \u00e0 poisson aux Cliniques Aepril<\/h5>\n\n\n\n<h2 class=\"wp-block-heading\">Qu&rsquo;est-ce que Vistabel ?<\/h2>\n\n\n\n<p>Vistabel est un traitement \u00e0 base de toxine botulique de type A utilis\u00e9 pour d\u00e9tendre temporairement les muscles et att\u00e9nuer les rides. Le produit est d\u00e9velopp\u00e9 par la soci\u00e9t\u00e9 pharmaceutique internationale AbbVie et fait partie des produits \u00e0 base de toxine botulique les plus connus et les plus utilis\u00e9s dans le monde. <\/p>\n\n\n\n<p>Vistabel est principalement utilis\u00e9 pour les rides dynamiques caus\u00e9es par l&rsquo;activit\u00e9 musculaire, telles que les rides du lion, les rides du front et les pattes d&rsquo;oie. En relaxant temporairement les muscles, la peau devient plus lisse et donne une apparence plus fra\u00eeche et plus repos\u00e9e. <\/p>\n\n\n\n<p>Chez Aepril Cosmetic Clinic, nous travaillons avec Vistabel et achetons <strong>toujours directement aupr\u00e8s du fabricant pharmaceutique<\/strong>, sans interm\u00e9diaire. Cela nous permet de garantir pleinement l&rsquo;authenticit\u00e9, la qualit\u00e9 et la tra\u00e7abilit\u00e9 de nos produits. <\/p>\n<\/div><figure class=\"wp-block-media-text__media\"><img loading=\"lazy\" decoding=\"async\" width=\"683\" height=\"1024\" src=\"https:\/\/aeprilclinics.nl\/wp-content\/uploads\/2025\/01\/BN4A7674-Verbeterd-NR-683x1024.jpg\" alt=\"\" class=\"wp-image-914 size-full\" style=\"object-position:50% 50%\" srcset=\"https:\/\/aeprilclinics.nl\/wp-content\/uploads\/2025\/01\/BN4A7674-Verbeterd-NR-683x1024.jpg 683w, https:\/\/aeprilclinics.nl\/wp-content\/uploads\/2025\/01\/BN4A7674-Verbeterd-NR-200x300.jpg 200w, https:\/\/aeprilclinics.nl\/wp-content\/uploads\/2025\/01\/BN4A7674-Verbeterd-NR-768x1152.jpg 768w, https:\/\/aeprilclinics.nl\/wp-content\/uploads\/2025\/01\/BN4A7674-Verbeterd-NR-1024x1536.jpg 1024w, https:\/\/aeprilclinics.nl\/wp-content\/uploads\/2025\/01\/BN4A7674-Verbeterd-NR-1365x2048.jpg 1365w, https:\/\/aeprilclinics.nl\/wp-content\/uploads\/2025\/01\/BN4A7674-Verbeterd-NR-180x270.jpg 180w, https:\/\/aeprilclinics.nl\/wp-content\/uploads\/2025\/01\/BN4A7674-Verbeterd-NR-scaled.jpg 1706w\" sizes=\"auto, (max-width: 683px) 100vw, 683px\" \/><\/figure><\/div>\n\n<div class=\"wp-block-cover alignfull is-light\" style=\"margin-top:var(--wp--preset--spacing--60);margin-bottom:var(--wp--preset--spacing--60)\"><span aria-hidden=\"true\" class=\"wp-block-cover__background has-accent-2-background-color has-background-dim-100 has-background-dim\"><\/span><div class=\"wp-block-cover__inner-container has-global-padding is-layout-constrained wp-block-cover-is-layout-constrained\">\n<h5 class=\"wp-block-heading has-text-align-center\">Informations<\/h5>\n\n\n\n<h2 class=\"wp-block-heading has-text-align-center\">Informations sur nos traitements de table pour poissons<\/h2>\n\n\n\n<div class=\"wp-block-columns is-layout-flex wp-container-core-columns-is-layout-b0bab6eb wp-block-columns-is-layout-flex\" style=\"margin-top:var(--wp--preset--spacing--40);margin-bottom:var(--wp--preset--spacing--40)\">\n<div class=\"wp-block-column is-layout-flow wp-block-column-is-layout-flow\">\n<div class=\"wp-block-columns is-not-stacked-on-mobile is-layout-flex wp-container-core-columns-is-layout-28f84493 wp-block-columns-is-layout-flex\">\n<div class=\"wp-block-column is-layout-flow wp-block-column-is-layout-flow\" style=\"flex-basis:50px\">\n<figure class=\"wp-block-image size-full\"><img loading=\"lazy\" decoding=\"async\" width=\"300\" height=\"315\" src=\"https:\/\/aeprilclinics.nl\/wp-content\/uploads\/2025\/01\/icon-merk.png\" alt=\"\" class=\"wp-image-1001\" srcset=\"https:\/\/aeprilclinics.nl\/wp-content\/uploads\/2025\/01\/icon-merk.png 300w, https:\/\/aeprilclinics.nl\/wp-content\/uploads\/2025\/01\/icon-merk-286x300.png 286w, https:\/\/aeprilclinics.nl\/wp-content\/uploads\/2025\/01\/icon-merk-257x270.png 257w\" sizes=\"auto, (max-width: 300px) 100vw, 300px\" \/><\/figure>\n<\/div>\n\n\n\n<div class=\"wp-block-column is-layout-flow wp-block-column-is-layout-flow\">\n<h3 class=\"wp-block-heading\">Marque :<\/h3>\n\n\n\n<p>Table \u00e0 poisson<\/p>\n<\/div>\n<\/div>\n<\/div>\n\n\n\n<div class=\"wp-block-column is-layout-flow wp-block-column-is-layout-flow\">\n<div class=\"wp-block-columns is-not-stacked-on-mobile is-layout-flex wp-container-core-columns-is-layout-28f84493 wp-block-columns-is-layout-flex\">\n<div class=\"wp-block-column is-layout-flow wp-block-column-is-layout-flow\" style=\"flex-basis:50px\">\n<figure class=\"wp-block-image size-full\"><img loading=\"lazy\" decoding=\"async\" width=\"61\" height=\"64\" src=\"https:\/\/aeprilclinics.nl\/wp-content\/uploads\/2025\/01\/icon-resultaat.png\" alt=\"\" class=\"wp-image-1003\" \/><\/figure>\n<\/div>\n\n\n\n<div class=\"wp-block-column is-layout-flow wp-block-column-is-layout-flow\">\n<h3 class=\"wp-block-heading\">Info<\/h3>\n\n\n\n<p><a href=\"https:\/\/aeprilclinics.nl\/fr\/botox\/traitement-botox-1-zone-vistabel\/\" id=\"4954\">En savoir plus sur les traitements des tables \u00e0 poissons<\/a><\/p>\n<\/div>\n<\/div>\n<\/div>\n<\/div>\n<\/div><\/div>\n\n<div class=\"wp-block-columns is-layout-flex wp-container-core-columns-is-layout-28f84493 wp-block-columns-is-layout-flex\">\n<div class=\"wp-block-column is-layout-flow wp-block-column-is-layout-flow\">\n<h2 class=\"wp-block-heading\">Table \u00e0 poisson aux Cliniques Aepril<\/h2>\n\n\n\n<p>Chez Aepril Clinics, la s\u00e9curit\u00e9 passe avant tout. C&rsquo;est pourquoi nous n&rsquo;utilisons que des produits \u00e0 base de toxine botulique provenant de fabricants pharmaceutiques renomm\u00e9s tels qu&rsquo;AbbVie. <\/p>\n\n\n\n<p>Comme nous achetons directement aupr\u00e8s du fabricant, nous savons exactement d&rsquo;o\u00f9 viennent nos produits et comment ils sont fabriqu\u00e9s. Cela signifie que nos clients sont toujours trait\u00e9s avec des produits originaux fabriqu\u00e9s selon des normes de qualit\u00e9 pharmaceutiques strictes. <\/p>\n\n\n\n<p>En outre, nous travaillons avec des partenaires pharmaceutiques dans les domaines suivants<\/p>\n\n\n\n<ul class=\"wp-block-list\">\n<li>cours de m\u00e9decine<\/li>\n\n\n\n<li>\u00e9ducation au produit<\/li>\n\n\n\n<li>protocoles de traitement<\/li>\n\n\n\n<li>l&rsquo;assurance qualit\u00e9<\/li>\n<\/ul>\n\n\n\n<p>Nos m\u00e9decins sont ainsi constamment inform\u00e9s des derniers d\u00e9veloppements en mati\u00e8re d&rsquo;esth\u00e9tique m\u00e9dicale.<\/p>\n<\/div>\n<\/div>\n\n<div style=\"height:100px\" aria-hidden=\"true\" class=\"wp-block-spacer\"><\/div>\n\n<div class=\"wp-block-media-text is-stacked-on-mobile is-image-fill-element\"><figure class=\"wp-block-media-text__media\"><img loading=\"lazy\" decoding=\"async\" width=\"683\" height=\"1024\" src=\"https:\/\/aeprilclinics.nl\/wp-content\/uploads\/2025\/01\/BN4A9197-683x1024.jpg\" alt=\"\" class=\"wp-image-1015 size-full\" style=\"object-position:50% 50%\" srcset=\"https:\/\/aeprilclinics.nl\/wp-content\/uploads\/2025\/01\/BN4A9197-683x1024.jpg 683w, https:\/\/aeprilclinics.nl\/wp-content\/uploads\/2025\/01\/BN4A9197-200x300.jpg 200w, https:\/\/aeprilclinics.nl\/wp-content\/uploads\/2025\/01\/BN4A9197-768x1152.jpg 768w, https:\/\/aeprilclinics.nl\/wp-content\/uploads\/2025\/01\/BN4A9197-1024x1536.jpg 1024w, https:\/\/aeprilclinics.nl\/wp-content\/uploads\/2025\/01\/BN4A9197-1365x2048.jpg 1365w, https:\/\/aeprilclinics.nl\/wp-content\/uploads\/2025\/01\/BN4A9197-180x270.jpg 180w, https:\/\/aeprilclinics.nl\/wp-content\/uploads\/2025\/01\/BN4A9197-scaled.jpg 1707w\" sizes=\"auto, (max-width: 683px) 100vw, 683px\" \/><\/figure><div class=\"wp-block-media-text__content\">\n<h5 class=\"wp-block-heading\">Pourquoi Vistabel ?<\/h5>\n\n\n\n<h2 class=\"wp-block-heading\">Pourquoi choisir Vistabel ?<\/h2>\n\n\n\n<h2 class=\"wp-block-heading\">Pourquoi choisir Vistabel ?<\/h2>\n\n\n\n<p>Vistabel est l&rsquo;un des traitements \u00e0 base de toxine botulique les plus \u00e9tudi\u00e9s et les plus utilis\u00e9s dans le monde. Gr\u00e2ce \u00e0 des \u00e9tudes cliniques approfondies et \u00e0 des ann\u00e9es d&rsquo;application m\u00e9dicale, la s\u00e9curit\u00e9 et l&rsquo;efficacit\u00e9 du produit sont bien \u00e9tablies. <\/p>\n\n\n\n<p>Les avantages de Vistabel sont les suivants<\/p>\n\n\n\n<ul class=\"wp-block-list\">\n<li>qualit\u00e9 des produits pharmaceutiques<\/li>\n\n\n\n<li>des r\u00e9sultats hautement pr\u00e9visibles<\/li>\n\n\n\n<li>utilis\u00e9 par des m\u00e9decins du monde entier<\/li>\n\n\n\n<li>\u00e9tudi\u00e9e de mani\u00e8re approfondie sur le plan clinique<\/li>\n\n\n\n<li>adoucissement naturel des rides<\/li>\n<\/ul>\n\n\n\n<p>Chez Aepril Clinics, nous choisissons d\u00e9lib\u00e9r\u00e9ment des traitements de qualit\u00e9 pharmaceutique pour offrir \u00e0 nos clients des r\u00e9sultats s\u00fbrs et naturels.<\/p>\n<\/div><\/div>\n\n<div style=\"height:100px\" aria-hidden=\"true\" class=\"wp-block-spacer\"><\/div>\n\n<div class=\"wp-block-columns is-layout-flex wp-container-core-columns-is-layout-28f84493 wp-block-columns-is-layout-flex\">\n<div class=\"wp-block-column is-layout-flow wp-block-column-is-layout-flow\">\n<h2 class=\"wp-block-heading\">Pourquoi choisir Aepril Clinics ?<\/h2>\n\n\n\n<p>Chez Aepril Clinics, la qualit\u00e9, le confort et votre bien-\u00eatre sont essentiels. Nous travaillons avec des marques de premier plan telles que Vistabel et les aiguilles les plus fines pour des r\u00e9sultats naturels. Nos m\u00e9decins bien form\u00e9s n&rsquo;offrent que des traitements \u00e9prouv\u00e9s et certifi\u00e9s et se concentrent sur des am\u00e9liorations subtiles qui mettent en valeur votre apparence unique.  <\/p>\n<\/div>\n\n\n\n<div class=\"wp-block-column is-layout-flow wp-block-column-is-layout-flow\">\n<h2 class=\"wp-block-heading\">Des conseils personnalis\u00e9s et honn\u00eates<\/h2>\n\n\n\n<p>Ensemble, nous \u00e9tablirons un plan de traitement adapt\u00e9 \u00e0 vos besoins et garantissant une approche s\u00fbre et naturelle. Nos m\u00e9decins se feront un plaisir de vous conseiller sur les meilleures options. <\/p>\n<\/div>\n<\/div>\n\n<div class=\"wp-block-cover alignfull is-light wave\" style=\"margin-top:0;margin-bottom:0;padding-bottom:var(--wp--preset--spacing--30)\"><span aria-hidden=\"true\" class=\"wp-block-cover__background has-accent-background-color has-background-dim-100 has-background-dim\"><\/span><div class=\"wp-block-cover__inner-container has-global-padding is-layout-constrained wp-block-cover-is-layout-constrained\">\n<h2 class=\"wp-block-heading has-text-align-center\">Vous ne savez pas si Vistabel est le bon choix ?<\/h2>\n\n\n\n<p class=\"has-text-align-center\">Contactez nos sp\u00e9cialistes pour une consultation sans engagement et d\u00e9couvrez ce que nous pouvons faire pour vous.<\/p>\n\n\n\n<div class=\"wp-block-buttons is-content-justification-center is-layout-flex wp-container-core-buttons-is-layout-a89b3969 wp-block-buttons-is-layout-flex\">\n<div class=\"wp-block-button\"><a class=\"wp-block-button__link has-base-color has-accent-3-background-color has-text-color has-background has-link-color wp-element-button\" href=\"https:\/\/aeprilclinics.nl\/fr\/reservez-une-consultation-gratuite\/\">R\u00e9servez une consultation gratuite<\/a><\/div>\n<\/div>\n<\/div><\/div>\n\n<p><\/p>\n","protected":false},"excerpt":{"rendered":"<p>Traitements de table \u00e0 poisson aux Cliniques Aepril Qu&rsquo;est-ce que Vistabel ? Vistabel est un traitement \u00e0 base de toxine botulique de type A utilis\u00e9 pour d\u00e9tendre temporairement les muscles et att\u00e9nuer les rides. Le produit est d\u00e9velopp\u00e9 par la&#8230;<\/p>\n","protected":false},"author":14,"featured_media":8996,"parent":0,"menu_order":0,"comment_status":"closed","ping_status":"closed","template":"","meta":{"_acf_changed":false,"footnotes":""},"class_list":["post-9703","page","type-page","status-publish","has-post-thumbnail","hentry"],"acf":[],"yoast_head":"<!-- This site is optimized with the Yoast SEO plugin v27.2 - https:\/\/yoast.com\/product\/yoast-seo-wordpress\/ -->\n<title>Table \u00e0 poisson - Aepril Cliniques<\/title>\n<meta name=\"description\" content=\"Vistabel est un relaxant musculaire qui aide \u00e0 att\u00e9nuer les rides et \u00e0 soulager la pression. Disponible aupr\u00e8s des cliniques Aepril.\" \/>\n<meta name=\"robots\" content=\"index, follow, max-snippet:-1, max-image-preview:large, max-video-preview:-1\" \/>\n<link rel=\"canonical\" href=\"https:\/\/aeprilclinics.nl\/fr\/table-a-poisson\/\" \/>\n<meta property=\"og:locale\" content=\"fr_FR\" \/>\n<meta property=\"og:type\" content=\"article\" \/>\n<meta property=\"og:title\" content=\"Table \u00e0 poisson - Aepril Cliniques\" \/>\n<meta property=\"og:description\" content=\"Vistabel est un relaxant musculaire qui aide \u00e0 att\u00e9nuer les rides et \u00e0 soulager la pression. Disponible aupr\u00e8s des cliniques Aepril.\" \/>\n<meta property=\"og:url\" content=\"https:\/\/aeprilclinics.nl\/fr\/table-a-poisson\/\" \/>\n<meta property=\"og:site_name\" content=\"Aepril\" \/>\n<meta property=\"article:modified_time\" content=\"2026-05-16T20:27:11+00:00\" \/>\n<meta property=\"og:image\" content=\"https:\/\/aeprilclinics.nl\/wp-content\/uploads\/2025\/02\/aesthe-clinics-Final-07.png\" \/>\n\t<meta property=\"og:image:width\" content=\"6667\" \/>\n\t<meta property=\"og:image:height\" content=\"5001\" \/>\n\t<meta property=\"og:image:type\" content=\"image\/png\" \/>\n<meta name=\"twitter:card\" content=\"summary_large_image\" \/>\n<meta name=\"twitter:label1\" content=\"Dur\u00e9e de lecture estim\u00e9e\" \/>\n\t<meta name=\"twitter:data1\" content=\"3 minutes\" \/>\n<script type=\"application\/ld+json\" class=\"yoast-schema-graph\">{\"@context\":\"https:\/\/schema.org\",\"@graph\":[{\"@type\":\"WebPage\",\"@id\":\"https:\/\/aeprilclinics.nl\/fr\/table-a-poisson\/\",\"url\":\"https:\/\/aeprilclinics.nl\/fr\/table-a-poisson\/\",\"name\":\"Table \u00e0 poisson - Aepril Cliniques\",\"isPartOf\":{\"@id\":\"https:\/\/aeprilclinics.nl\/fr\/#website\"},\"primaryImageOfPage\":{\"@id\":\"https:\/\/aeprilclinics.nl\/fr\/table-a-poisson\/#primaryimage\"},\"image\":{\"@id\":\"https:\/\/aeprilclinics.nl\/fr\/table-a-poisson\/#primaryimage\"},\"thumbnailUrl\":\"https:\/\/aeprilclinics.nl\/wp-content\/uploads\/2025\/02\/aesthe-clinics-Final-07.png\",\"datePublished\":\"2026-04-16T12:54:38+00:00\",\"dateModified\":\"2026-05-16T20:27:11+00:00\",\"description\":\"Vistabel est un relaxant musculaire qui aide \u00e0 att\u00e9nuer les rides et \u00e0 soulager la pression. Disponible aupr\u00e8s des cliniques Aepril.\",\"breadcrumb\":{\"@id\":\"https:\/\/aeprilclinics.nl\/fr\/table-a-poisson\/#breadcrumb\"},\"inLanguage\":\"fr-FR\",\"potentialAction\":[{\"@type\":\"ReadAction\",\"target\":[\"https:\/\/aeprilclinics.nl\/fr\/table-a-poisson\/\"]}]},{\"@type\":\"ImageObject\",\"inLanguage\":\"fr-FR\",\"@id\":\"https:\/\/aeprilclinics.nl\/fr\/table-a-poisson\/#primaryimage\",\"url\":\"https:\/\/aeprilclinics.nl\/wp-content\/uploads\/2025\/02\/aesthe-clinics-Final-07.png\",\"contentUrl\":\"https:\/\/aeprilclinics.nl\/wp-content\/uploads\/2025\/02\/aesthe-clinics-Final-07.png\",\"width\":6667,\"height\":5001},{\"@type\":\"BreadcrumbList\",\"@id\":\"https:\/\/aeprilclinics.nl\/fr\/table-a-poisson\/#breadcrumb\",\"itemListElement\":[{\"@type\":\"ListItem\",\"position\":1,\"name\":\"Home\",\"item\":\"https:\/\/aeprilclinics.nl\/fr\/\"},{\"@type\":\"ListItem\",\"position\":2,\"name\":\"Table \u00e0 poisson\"}]},{\"@type\":\"WebSite\",\"@id\":\"https:\/\/aeprilclinics.nl\/fr\/#website\",\"url\":\"https:\/\/aeprilclinics.nl\/fr\/\",\"name\":\"Aepril\",\"description\":\"\",\"potentialAction\":[{\"@type\":\"SearchAction\",\"target\":{\"@type\":\"EntryPoint\",\"urlTemplate\":\"https:\/\/aeprilclinics.nl\/fr\/?s={search_term_string}\"},\"query-input\":{\"@type\":\"PropertyValueSpecification\",\"valueRequired\":true,\"valueName\":\"search_term_string\"}}],\"inLanguage\":\"fr-FR\"}]}<\/script>\n<!-- \/ Yoast SEO plugin. -->","yoast_head_json":{"title":"Table \u00e0 poisson - Aepril Cliniques","description":"Vistabel est un relaxant musculaire qui aide \u00e0 att\u00e9nuer les rides et \u00e0 soulager la pression. Disponible aupr\u00e8s des cliniques Aepril.","robots":{"index":"index","follow":"follow","max-snippet":"max-snippet:-1","max-image-preview":"max-image-preview:large","max-video-preview":"max-video-preview:-1"},"canonical":"https:\/\/aeprilclinics.nl\/fr\/table-a-poisson\/","og_locale":"fr_FR","og_type":"article","og_title":"Table \u00e0 poisson - Aepril Cliniques","og_description":"Vistabel est un relaxant musculaire qui aide \u00e0 att\u00e9nuer les rides et \u00e0 soulager la pression. Disponible aupr\u00e8s des cliniques Aepril.","og_url":"https:\/\/aeprilclinics.nl\/fr\/table-a-poisson\/","og_site_name":"Aepril","article_modified_time":"2026-05-16T20:27:11+00:00","og_image":[{"width":6667,"height":5001,"url":"https:\/\/aeprilclinics.nl\/wp-content\/uploads\/2025\/02\/aesthe-clinics-Final-07.png","type":"image\/png"}],"twitter_card":"summary_large_image","twitter_misc":{"Dur\u00e9e de lecture estim\u00e9e":"3 minutes"},"schema":{"@context":"https:\/\/schema.org","@graph":[{"@type":"WebPage","@id":"https:\/\/aeprilclinics.nl\/fr\/table-a-poisson\/","url":"https:\/\/aeprilclinics.nl\/fr\/table-a-poisson\/","name":"Table \u00e0 poisson - Aepril Cliniques","isPartOf":{"@id":"https:\/\/aeprilclinics.nl\/fr\/#website"},"primaryImageOfPage":{"@id":"https:\/\/aeprilclinics.nl\/fr\/table-a-poisson\/#primaryimage"},"image":{"@id":"https:\/\/aeprilclinics.nl\/fr\/table-a-poisson\/#primaryimage"},"thumbnailUrl":"https:\/\/aeprilclinics.nl\/wp-content\/uploads\/2025\/02\/aesthe-clinics-Final-07.png","datePublished":"2026-04-16T12:54:38+00:00","dateModified":"2026-05-16T20:27:11+00:00","description":"Vistabel est un relaxant musculaire qui aide \u00e0 att\u00e9nuer les rides et \u00e0 soulager la pression. Disponible aupr\u00e8s des cliniques Aepril.","breadcrumb":{"@id":"https:\/\/aeprilclinics.nl\/fr\/table-a-poisson\/#breadcrumb"},"inLanguage":"fr-FR","potentialAction":[{"@type":"ReadAction","target":["https:\/\/aeprilclinics.nl\/fr\/table-a-poisson\/"]}]},{"@type":"ImageObject","inLanguage":"fr-FR","@id":"https:\/\/aeprilclinics.nl\/fr\/table-a-poisson\/#primaryimage","url":"https:\/\/aeprilclinics.nl\/wp-content\/uploads\/2025\/02\/aesthe-clinics-Final-07.png","contentUrl":"https:\/\/aeprilclinics.nl\/wp-content\/uploads\/2025\/02\/aesthe-clinics-Final-07.png","width":6667,"height":5001},{"@type":"BreadcrumbList","@id":"https:\/\/aeprilclinics.nl\/fr\/table-a-poisson\/#breadcrumb","itemListElement":[{"@type":"ListItem","position":1,"name":"Home","item":"https:\/\/aeprilclinics.nl\/fr\/"},{"@type":"ListItem","position":2,"name":"Table \u00e0 poisson"}]},{"@type":"WebSite","@id":"https:\/\/aeprilclinics.nl\/fr\/#website","url":"https:\/\/aeprilclinics.nl\/fr\/","name":"Aepril","description":"","potentialAction":[{"@type":"SearchAction","target":{"@type":"EntryPoint","urlTemplate":"https:\/\/aeprilclinics.nl\/fr\/?s={search_term_string}"},"query-input":{"@type":"PropertyValueSpecification","valueRequired":true,"valueName":"search_term_string"}}],"inLanguage":"fr-FR"}]}},"_links":{"self":[{"href":"https:\/\/aeprilclinics.nl\/fr\/wp-json\/wp\/v2\/pages\/9703","targetHints":{"allow":["GET"]}}],"collection":[{"href":"https:\/\/aeprilclinics.nl\/fr\/wp-json\/wp\/v2\/pages"}],"about":[{"href":"https:\/\/aeprilclinics.nl\/fr\/wp-json\/wp\/v2\/types\/page"}],"author":[{"embeddable":true,"href":"https:\/\/aeprilclinics.nl\/fr\/wp-json\/wp\/v2\/users\/14"}],"replies":[{"embeddable":true,"href":"https:\/\/aeprilclinics.nl\/fr\/wp-json\/wp\/v2\/comments?post=9703"}],"version-history":[{"count":2,"href":"https:\/\/aeprilclinics.nl\/fr\/wp-json\/wp\/v2\/pages\/9703\/revisions"}],"predecessor-version":[{"id":10510,"href":"https:\/\/aeprilclinics.nl\/fr\/wp-json\/wp\/v2\/pages\/9703\/revisions\/10510"}],"wp:featuredmedia":[{"embeddable":true,"href":"https:\/\/aeprilclinics.nl\/fr\/wp-json\/wp\/v2\/media\/8996"}],"wp:attachment":[{"href":"https:\/\/aeprilclinics.nl\/fr\/wp-json\/wp\/v2\/media?parent=9703"}],"curies":[{"name":"wp","href":"https:\/\/api.w.org\/{rel}","templated":true}]}}