{"id":9465,"date":"2025-06-20T11:44:40","date_gmt":"2025-06-20T11:44:40","guid":{"rendered":"https:\/\/aeprilclinics.nl\/cercle-interieur-daepril\/"},"modified":"2026-05-16T20:16:30","modified_gmt":"2026-05-16T20:16:30","slug":"cercle-interieur-daepril","status":"publish","type":"page","link":"https:\/\/aeprilclinics.nl\/fr\/cercle-interieur-daepril\/","title":{"rendered":"Cercle int\u00e9rieur d&rsquo;Aepril"},"content":{"rendered":"\n<div class=\"wp-block-media-text has-media-on-the-right is-stacked-on-mobile is-image-fill-element\"><div class=\"wp-block-media-text__content\">\n<h2 class=\"wp-block-heading\">Qu&rsquo;est-ce que le cercle int\u00e9rieur ?<\/h2>\n\n\n\n<p>Le <em>Cercle Int\u00e9rieur Aepril<\/em> est une communaut\u00e9 exclusive pour nos clients les plus engag\u00e9s. En tant que membre, vous b\u00e9n\u00e9ficiez d&rsquo;un acc\u00e8s privil\u00e9gi\u00e9 aux nouveaux traitements, \u00e0 des \u00e9v\u00e9nements priv\u00e9s, \u00e0 des r\u00e9ductions sp\u00e9ciales pour les membres, \u00e0 des points d&rsquo;\u00e9pargne pour des traitements gratuits et \u00e0 des conseils d&rsquo;initi\u00e9s de la part de nos m\u00e9decins. <\/p>\n\n\n\n<p>Nous avons cr\u00e9\u00e9 le cercle int\u00e9rieur afin d&rsquo;\u00e9tablir une relation plus \u00e9troite avec nos clients fid\u00e8les et de vous r\u00e9compenser par une attention, une priorit\u00e9 et des avantages suppl\u00e9mentaires &#8211; parce que la vraie beaut\u00e9 n&rsquo;est pas seulement une question d&rsquo;apparence, mais aussi de connexion, de confiance et de soins personnalis\u00e9s.<\/p>\n\n\n\n<p>Vous pouvez vous inscrire sur le site web ou \u00e0 la r\u00e9ception de l&rsquo;un de nos sites.<br\/><br\/>Vous avez conserv\u00e9 des points de notre ancien programme ? Dans ce cas, ils ne seront plus valables \u00e0 partir du 1er juin, car notre partenariat avec le programme de fid\u00e9lisation a pris fin. Nous offrons d&rsquo;autres avantages \u00e0 nos membres, qui sont \u00e9num\u00e9r\u00e9s ci-dessous.  <\/p>\n<\/div><figure class=\"wp-block-media-text__media\"><img loading=\"lazy\" decoding=\"async\" width=\"1024\" height=\"683\" src=\"https:\/\/aeprilclinics.nl\/wp-content\/uploads\/2025\/01\/BN4A9295-1024x683.jpg\" alt=\"\" class=\"wp-image-1012 size-full\" style=\"object-position:73% 58%\" srcset=\"https:\/\/aeprilclinics.nl\/wp-content\/uploads\/2025\/01\/BN4A9295-1024x683.jpg 1024w, https:\/\/aeprilclinics.nl\/wp-content\/uploads\/2025\/01\/BN4A9295-300x200.jpg 300w, https:\/\/aeprilclinics.nl\/wp-content\/uploads\/2025\/01\/BN4A9295-768x512.jpg 768w, https:\/\/aeprilclinics.nl\/wp-content\/uploads\/2025\/01\/BN4A9295-1536x1024.jpg 1536w, https:\/\/aeprilclinics.nl\/wp-content\/uploads\/2025\/01\/BN4A9295-2048x1365.jpg 2048w, https:\/\/aeprilclinics.nl\/wp-content\/uploads\/2025\/01\/BN4A9295-405x270.jpg 405w\" sizes=\"auto, (max-width: 1024px) 100vw, 1024px\" \/><\/figure><\/div>\n\n<hr class=\"wp-block-separator has-alpha-channel-opacity\"\/>\n\n<div class=\"wp-block-media-text is-stacked-on-mobile is-image-fill-element\"><figure class=\"wp-block-media-text__media\"><img loading=\"lazy\" decoding=\"async\" width=\"683\" height=\"1024\" src=\"https:\/\/aeprilclinics.nl\/wp-content\/uploads\/2025\/01\/BN4A8655-683x1024.jpg\" alt=\"\" class=\"wp-image-1007 size-full\" style=\"object-position:30% 56%\" srcset=\"https:\/\/aeprilclinics.nl\/wp-content\/uploads\/2025\/01\/BN4A8655-683x1024.jpg 683w, https:\/\/aeprilclinics.nl\/wp-content\/uploads\/2025\/01\/BN4A8655-200x300.jpg 200w, https:\/\/aeprilclinics.nl\/wp-content\/uploads\/2025\/01\/BN4A8655-768x1152.jpg 768w, https:\/\/aeprilclinics.nl\/wp-content\/uploads\/2025\/01\/BN4A8655-1024x1536.jpg 1024w, https:\/\/aeprilclinics.nl\/wp-content\/uploads\/2025\/01\/BN4A8655-1365x2048.jpg 1365w, https:\/\/aeprilclinics.nl\/wp-content\/uploads\/2025\/01\/BN4A8655-180x270.jpg 180w, https:\/\/aeprilclinics.nl\/wp-content\/uploads\/2025\/01\/BN4A8655-scaled.jpg 1707w\" sizes=\"auto, (max-width: 683px) 100vw, 683px\" \/><\/figure><div class=\"wp-block-media-text__content\">\n<h2 class=\"wp-block-heading\">Avantages<\/h2>\n\n\n\n<h5 class=\"wp-block-heading\"><strong>Journ\u00e9es de mod\u00e9lisation et de formation<\/strong><\/h5>\n\n\n\n<p>Acc\u00e8s \u00e0 des tarifs fortement r\u00e9duits certains jours o\u00f9 les traitements sont dispens\u00e9s par des m\u00e9decins d\u00e9butants ou pendant la formation en cours d&#8217;emploi.<\/p>\n\n\n\n<h5 class=\"wp-block-heading\"><strong>Journ\u00e9es de formation pour les professionnels<\/strong><\/h5>\n\n\n\n<p>Possibilit\u00e9 d&rsquo;\u00eatre trait\u00e9 lors des sessions de formation continue de notre \u00e9quipe, \u00e0 un tarif fortement r\u00e9duit.<\/p>\n\n\n\n<h5 class=\"wp-block-heading\"><strong>Courriels personnels<\/strong><\/h5>\n\n\n\n<p>Recevez des mises \u00e0 jour exclusives, un acc\u00e8s anticip\u00e9 aux nouveaux traitements et produits, et des offres adapt\u00e9es \u00e0 vos pr\u00e9f\u00e9rences.<\/p>\n\n\n\n<h5 class=\"wp-block-heading\"><strong>R\u00e9ductions saisonni\u00e8res exclusives<\/strong><\/h5>\n\n\n\n<p>R\u00e9ductions lors d&rsquo;occasions sp\u00e9ciales telles que No\u00ebl, la Journ\u00e9e internationale de la femme, la F\u00eate des m\u00e8res et d&rsquo;autres f\u00eates.<\/p>\n\n\n\n<h5 class=\"wp-block-heading\"><strong>Cadeau d&rsquo;anniversaire<\/strong><\/h5>\n\n\n\n<p>Une surprise personnalis\u00e9e le mois de votre anniversaire &#8211; parce que vous \u00eates au centre de l&rsquo;attention.<\/p>\n\n\n\n<h5 class=\"wp-block-heading\"><strong>March\u00e9 de l&rsquo;amiti\u00e9<\/strong><\/h5>\n\n\n\n<p>L&rsquo;offre Besties Deal est toujours disponible pour les membres du cercle int\u00e9rieur. Emmenez votre meilleure amie et b\u00e9n\u00e9ficiez toutes les deux d&rsquo;une r\u00e9duction de 20 euros sur votre premier traitement chez nous. <\/p>\n<\/div><\/div>\n\n<hr class=\"wp-block-separator has-alpha-channel-opacity\"\/>\n\n    <div\n        class=\"align wp-block-mcb-mailchimp\"            id=\"mcbMailChimp-1\"  \n            data-attributes='{&quot;cId&quot;:&quot;8a3e7b89-3&quot;,&quot;config&quot;:{&quot;apiKey&quot;:&quot;&quot;,&quot;audienceId&quot;:&quot;b9993725f2&quot;,&quot;endpoint_url&quot;:&quot;https:\\\/\\\/us15.api.mailchimp.com\\\/3.0\\\/lists&quot;},&quot;content&quot;:{&quot;title&quot;:&quot;&lt;strong&gt;Meld je aan voor onze Inner Circle&lt;\\\/strong&gt;&quot;,&quot;desc&quot;:&quot;Volg het laatste nieuws, before &amp; after-resultaten, exclusieve kortingen, punten sparen en leuke cadeau&#039;s speciaal voor jou!&quot;,&quot;button&quot;:&quot;Aanmelden&quot;},&quot;message&quot;:{&quot;success&quot;:&quot;Succesvol aangemeld!&quot;,&quot;error&quot;:&quot;U bent al aangemeld!&quot;},&quot;placeholder&quot;:{&quot;fName&quot;:&quot;Voornaam&quot;,&quot;lName&quot;:&quot;Achternaam&quot;,&quot;email&quot;:&quot;Email&quot;,&quot;phoneNumber&quot;:&quot;Phone Number&quot;},&quot;theme&quot;:&quot;form3&quot;,&quot;themeAlign&quot;:{&quot;desktop&quot;:&quot;center&quot;,&quot;tablet&quot;:&quot;left&quot;,&quot;mobile&quot;:&quot;left&quot;},&quot;icon&quot;:{&quot;color&quot;:&quot;#fff&quot;},&quot;formBG&quot;:{&quot;color&quot;:&quot;rgba(255, 255, 255, 1)&quot;},&quot;fieldColors&quot;:{&quot;color&quot;:&quot;#a3a3a3&quot;,&quot;bg&quot;:&quot;#F6F2ED&quot;},&quot;btnColors&quot;:{&quot;color&quot;:&quot;#fff&quot;,&quot;bg&quot;:&quot;#D2BCA6&quot;},&quot;btnHovColors&quot;:{&quot;color&quot;:&quot;#fff&quot;,&quot;bg&quot;:&quot;#222&quot;},&quot;btnPadding&quot;:{&quot;top&quot;:&quot;8px&quot;,&quot;right&quot;:&quot;20px&quot;,&quot;bottom&quot;:&quot;8px&quot;,&quot;left&quot;:&quot;20px&quot;},&quot;btnBorder&quot;:{&quot;radius&quot;:&quot;30px&quot;},&quot;align&quot;:&quot;&quot;,&quot;elements&quot;:{&quot;title&quot;:true,&quot;desc&quot;:true,&quot;fName&quot;:true,&quot;lName&quot;:true,&quot;icon&quot;:true},&quot;layout&quot;:{&quot;placement&quot;:&quot;normal&quot;,&quot;popupTimeOut&quot;:3,&quot;cacheTimeType&quot;:&quot;day&quot;,&quot;cacheTime&quot;:30},&quot;brandLogo&quot;:{&quot;img&quot;:{&quot;url&quot;:&quot;https:\\\/\\\/b-slider.bplugins.com\\\/wp-content\\\/uploads\\\/2025\\\/11\\\/mailchip-demo-image-scaled.jpg&quot;},&quot;size&quot;:120},&quot;form4LeftImage&quot;:{&quot;type&quot;:&quot;image&quot;,&quot;image&quot;:{&quot;url&quot;:&quot;https:\\\/\\\/b-slider.bplugins.com\\\/wp-content\\\/uploads\\\/2025\\\/11\\\/mailchip-demo-image-scaled.jpg&quot;}},&quot;imgArea&quot;:{&quot;height&quot;:{&quot;desktop&quot;:&quot;200px&quot;,&quot;tablet&quot;:&quot;150px&quot;,&quot;mobile&quot;:&quot;100px&quot;}},&quot;themeWidth&quot;:{&quot;desktop&quot;:&quot;100%&quot;,&quot;tablet&quot;:&quot;100%&quot;,&quot;mobile&quot;:&quot;100%&quot;},&quot;iconBG&quot;:{&quot;color&quot;:&quot;#0575e6&quot;},&quot;titleTypo&quot;:{&quot;fontSize&quot;:{&quot;desktop&quot;:24,&quot;tablet&quot;:18,&quot;mobile&quot;:15},&quot;fontWeight&quot;:700,&quot;lineHeight&quot;:&quot;135%&quot;,&quot;textTransform&quot;:&quot;capitalize&quot;},&quot;titleColor&quot;:&quot;#000&quot;,&quot;titleMargin&quot;:{&quot;top&quot;:&quot;0px&quot;,&quot;right&quot;:&quot;0px&quot;,&quot;bottom&quot;:&quot;15px&quot;,&quot;left&quot;:&quot;0px&quot;},&quot;descTypo&quot;:{&quot;fontSize&quot;:{&quot;desktop&quot;:17,&quot;tablet&quot;:15,&quot;mobile&quot;:15},&quot;fontWeight&quot;:400,&quot;lineHeight&quot;:&quot;135%&quot;,&quot;textTransform&quot;:&quot;capitalize&quot;},&quot;descColor&quot;:&quot;#000&quot;,&quot;descMargin&quot;:{&quot;top&quot;:&quot;0px&quot;,&quot;right&quot;:&quot;0px&quot;,&quot;bottom&quot;:&quot;10px&quot;,&quot;left&quot;:&quot;0px&quot;},&quot;formPadding&quot;:{&quot;top&quot;:&quot;20px&quot;,&quot;right&quot;:&quot;20px&quot;,&quot;bottom&quot;:&quot;20px&quot;,&quot;left&quot;:&quot;20px&quot;},&quot;formBorder&quot;:{&quot;width&quot;:&quot;0px&quot;,&quot;style&quot;:&quot;solid&quot;,&quot;color&quot;:&quot;#0575e6&quot;,&quot;side&quot;:&quot;all&quot;,&quot;radius&quot;:&quot;5px&quot;},&quot;fieldTypo&quot;:{&quot;fontSize&quot;:{&quot;desktop&quot;:16,&quot;tablet&quot;:15,&quot;mobile&quot;:15},&quot;fontWeight&quot;:400,&quot;lineHeight&quot;:&quot;135%&quot;},&quot;fieldPadding&quot;:{&quot;top&quot;:&quot;2px&quot;,&quot;right&quot;:&quot;13px&quot;,&quot;bottom&quot;:&quot;2px&quot;,&quot;left&quot;:&quot;13px&quot;},&quot;fieldBorder&quot;:{&quot;radius&quot;:&quot;5px&quot;},&quot;fieldMargin&quot;:{&quot;top&quot;:&quot;0px&quot;,&quot;right&quot;:&quot;0px&quot;,&quot;bottom&quot;:&quot;10px&quot;,&quot;left&quot;:&quot;0px&quot;},&quot;btnTypo&quot;:{&quot;fontSize&quot;:{&quot;desktop&quot;:18,&quot;tablet&quot;:15,&quot;mobile&quot;:15},&quot;fontWeight&quot;:400,&quot;lineHeight&quot;:&quot;135%&quot;},&quot;btnMargin&quot;:{&quot;top&quot;:&quot;0px&quot;,&quot;right&quot;:&quot;0px&quot;,&quot;bottom&quot;:&quot;0px&quot;,&quot;left&quot;:&quot;0px&quot;},&quot;messageTypo&quot;:{&quot;fontSize&quot;:{&quot;desktop&quot;:18,&quot;tablet&quot;:15,&quot;mobile&quot;:15},&quot;fontWeight&quot;:400,&quot;lineHeight&quot;:&quot;135%&quot;},&quot;messageColors&quot;:{&quot;success&quot;:&quot;#228323&quot;,&quot;error&quot;:&quot;#f70000&quot;},&quot;popupBtn&quot;:{&quot;typo&quot;:{&quot;fontSize&quot;:{&quot;desktop&quot;:18,&quot;tablet&quot;:16,&quot;mobile&quot;:15},&quot;fontWeight&quot;:500,&quot;lineHeight&quot;:&quot;135%&quot;},&quot;colors&quot;:{&quot;color&quot;:&quot;#000&quot;,&quot;bg&quot;:&quot;#fff&quot;},&quot;hoverColors&quot;:{&quot;color&quot;:&quot;#fff&quot;,&quot;bg&quot;:&quot;#000&quot;},&quot;padding&quot;:{&quot;top&quot;:&quot;4px&quot;,&quot;right&quot;:&quot;5px&quot;,&quot;bottom&quot;:&quot;4px&quot;,&quot;left&quot;:&quot;5px&quot;},&quot;border&quot;:{&quot;width&quot;:&quot;1px&quot;,&quot;style&quot;:&quot;solid&quot;,&quot;color&quot;:&quot;#000&quot;,&quot;side&quot;:&quot;all&quot;,&quot;radius&quot;:&quot;3px&quot;},&quot;align&quot;:&quot;left&quot;,&quot;text&quot;:&quot;Subscribe&quot;},&quot;inputLabel&quot;:{&quot;typo&quot;:{&quot;fontSize&quot;:{&quot;desktop&quot;:16,&quot;tablet&quot;:15,&quot;mobile&quot;:14},&quot;fontWeight&quot;:400,&quot;lineHeight&quot;:&quot;135%&quot;},&quot;color&quot;:&quot;#000&quot;,&quot;label&quot;:true},&quot;closeBtn&quot;:{&quot;colors&quot;:{&quot;color&quot;:&quot;#fff&quot;,&quot;bg&quot;:&quot;#2355f2&quot;},&quot;size&quot;:40},&quot;modal&quot;:{&quot;width&quot;:{&quot;desktop&quot;:&quot;400px&quot;,&quot;tablet&quot;:&quot;300px&quot;,&quot;mobile&quot;:&quot;300px&quot;}}}'>\n    <\/div>\n\n    \n<hr class=\"wp-block-separator has-alpha-channel-opacity\"\/>\n\n<div class=\"wp-block-media-text has-media-on-the-right is-stacked-on-mobile is-image-fill-element\"><div class=\"wp-block-media-text__content\">\n<h2 class=\"wp-block-heading\">Conditions<\/h2>\n\n\n\n<p><strong>Mod\u00e8les\/formation<\/strong><br\/>Disponibilit\u00e9 limit\u00e9e, uniquement aux jours indiqu\u00e9s, toujours sous la supervision d&rsquo;un praticien comp\u00e9tent et exp\u00e9riment\u00e9, non cumulable avec d&rsquo;autres promotions.<\/p>\n\n\n\n<p><strong>Formations professionnelles<\/strong><br\/>Sur invitation\/soumission. La s\u00e9lection est bas\u00e9e sur le type de peau ou le traitement. L&rsquo;autorisation d&rsquo;utiliser des images est parfois n\u00e9cessaire pour participer.  <\/p>\n\n\n\n<p><strong>Avantages par e-mail<\/strong><br\/>Uniquement avec une adresse e-mail valide. Le d\u00e9sabonnement est possible, mais il limite votre acc\u00e8s aux avantages. <\/p>\n\n\n\n<p><strong>R\u00e9ductions saisonni\u00e8res<\/strong><br\/>Uniquement pendant les p\u00e9riodes indiqu\u00e9es. Non cumulable avec d&rsquo;autres promotions. <\/p>\n\n\n\n<p><strong>Anniversaire<\/strong><br\/>Valable pendant votre mois de naissance. Cadeau soumis \u00e0 disponibilit\u00e9 et enregistrement. <\/p>\n\n\n\n<p><strong>Besties Deal <br\/><\/strong>La promotion n&rsquo;est valable que pour des rendez-vous pris en m\u00eame temps et se d\u00e9roulant cons\u00e9cutivement sans interruption. Non cumulable avec d&rsquo;autres promotions. Valable une fois par personne, non r\u00e9p\u00e9table.  <\/p>\n\n\n\n<p><strong>G\u00e9n\u00e9ralit\u00e9s<\/strong><br\/>L&rsquo;adh\u00e9sion est gratuite. Les Cliniques Aepril se r\u00e9servent le droit d&rsquo;adapter ou de supprimer les avantages. Toute utilisation abusive entra\u00eene l&rsquo;exclusion.  <\/p>\n<\/div><figure class=\"wp-block-media-text__media\"><img loading=\"lazy\" decoding=\"async\" width=\"683\" height=\"1024\" src=\"https:\/\/aeprilclinics.nl\/wp-content\/uploads\/2025\/01\/BN4A8716-683x1024.jpg\" alt=\"\" class=\"wp-image-1008 size-full\" style=\"object-position:89% 29%\" srcset=\"https:\/\/aeprilclinics.nl\/wp-content\/uploads\/2025\/01\/BN4A8716-683x1024.jpg 683w, https:\/\/aeprilclinics.nl\/wp-content\/uploads\/2025\/01\/BN4A8716-200x300.jpg 200w, https:\/\/aeprilclinics.nl\/wp-content\/uploads\/2025\/01\/BN4A8716-768x1152.jpg 768w, https:\/\/aeprilclinics.nl\/wp-content\/uploads\/2025\/01\/BN4A8716-1024x1536.jpg 1024w, https:\/\/aeprilclinics.nl\/wp-content\/uploads\/2025\/01\/BN4A8716-1365x2048.jpg 1365w, https:\/\/aeprilclinics.nl\/wp-content\/uploads\/2025\/01\/BN4A8716-180x270.jpg 180w, https:\/\/aeprilclinics.nl\/wp-content\/uploads\/2025\/01\/BN4A8716-scaled.jpg 1707w\" sizes=\"auto, (max-width: 683px) 100vw, 683px\" \/><\/figure><\/div>\n\n<hr class=\"wp-block-separator has-alpha-channel-opacity\"\/>\n\n<div class=\"wp-block-cover alignfull is-light wave\" style=\"margin-top:var(--wp--preset--spacing--60);margin-bottom:0;padding-bottom:var(--wp--preset--spacing--30)\"><span aria-hidden=\"true\" class=\"wp-block-cover__background has-accent-background-color has-background-dim-100 has-background-dim\"><\/span><div class=\"wp-block-cover__inner-container has-global-padding is-layout-constrained wp-block-cover-is-layout-constrained\">\n<h2 class=\"wp-block-heading has-text-align-center\">Votre look, dans toute sa splendeur.<\/h2>\n\n\n\n<div style=\"height:15px\" aria-hidden=\"true\" class=\"wp-block-spacer\"><\/div>\n\n\n\n<div class=\"wp-block-buttons is-content-justification-center is-layout-flex wp-container-core-buttons-is-layout-a89b3969 wp-block-buttons-is-layout-flex\">\n<div class=\"wp-block-button\"><a class=\"wp-block-button__link has-base-color has-accent-3-background-color has-text-color has-background has-link-color wp-element-button\" href=\"https:\/\/aeprilclinics.nl\/fr\/reservez-une-consultation-gratuite\/\">R\u00e9servez une consultation gratuite<\/a><\/div>\n<\/div>\n<\/div><\/div>\n","protected":false},"excerpt":{"rendered":"<p>Qu&rsquo;est-ce que le cercle int\u00e9rieur ? Le Cercle Int\u00e9rieur Aepril est une communaut\u00e9 exclusive pour nos clients les plus engag\u00e9s. En tant que membre, vous b\u00e9n\u00e9ficiez d&rsquo;un acc\u00e8s privil\u00e9gi\u00e9 aux nouveaux traitements, \u00e0 des \u00e9v\u00e9nements priv\u00e9s, \u00e0 des r\u00e9ductions sp\u00e9ciales&#8230;<\/p>\n","protected":false},"author":14,"featured_media":0,"parent":0,"menu_order":0,"comment_status":"closed","ping_status":"closed","template":"","meta":{"_acf_changed":false,"footnotes":""},"class_list":["post-9465","page","type-page","status-publish","hentry"],"acf":[],"yoast_head":"<!-- This site is optimized with the Yoast SEO plugin v27.2 - https:\/\/yoast.com\/product\/yoast-seo-wordpress\/ -->\n<title>Cercle int\u00e9rieur d&#039;Aepril - Aepril<\/title>\n<meta name=\"description\" content=\"Inscrivez-vous d\u00e8s maintenant au Cercle Int\u00e9rieur d&#039;Aepril Clinics. Participez aux journ\u00e9es de formation, obtenez des r\u00e9ductions exclusives et des cadeaux amusants de notre part !\" \/>\n<meta name=\"robots\" content=\"index, follow, max-snippet:-1, max-image-preview:large, max-video-preview:-1\" \/>\n<link rel=\"canonical\" href=\"https:\/\/aeprilclinics.nl\/fr\/cercle-interieur-daepril\/\" \/>\n<meta property=\"og:locale\" content=\"fr_FR\" \/>\n<meta property=\"og:type\" content=\"article\" \/>\n<meta property=\"og:title\" content=\"Cercle int\u00e9rieur d&#039;Aepril - Aepril\" \/>\n<meta property=\"og:description\" content=\"Inscrivez-vous d\u00e8s maintenant au Cercle Int\u00e9rieur d&#039;Aepril Clinics. Participez aux journ\u00e9es de formation, obtenez des r\u00e9ductions exclusives et des cadeaux amusants de notre part !\" \/>\n<meta property=\"og:url\" content=\"https:\/\/aeprilclinics.nl\/fr\/cercle-interieur-daepril\/\" \/>\n<meta property=\"og:site_name\" content=\"Aepril\" \/>\n<meta property=\"article:modified_time\" content=\"2026-05-16T20:16:30+00:00\" \/>\n<meta property=\"og:image\" content=\"https:\/\/aeprilclinics.nl\/wp-content\/uploads\/2025\/01\/BN4A9295-scaled.jpg\" \/>\n\t<meta property=\"og:image:width\" content=\"2560\" \/>\n\t<meta property=\"og:image:height\" content=\"1707\" \/>\n\t<meta property=\"og:image:type\" content=\"image\/jpeg\" \/>\n<meta name=\"twitter:card\" content=\"summary_large_image\" \/>\n<meta name=\"twitter:label1\" content=\"Dur\u00e9e de lecture estim\u00e9e\" \/>\n\t<meta name=\"twitter:data1\" content=\"3 minutes\" \/>\n<script type=\"application\/ld+json\" class=\"yoast-schema-graph\">{\"@context\":\"https:\/\/schema.org\",\"@graph\":[{\"@type\":\"WebPage\",\"@id\":\"https:\/\/aeprilclinics.nl\/fr\/cercle-interieur-daepril\/\",\"url\":\"https:\/\/aeprilclinics.nl\/fr\/cercle-interieur-daepril\/\",\"name\":\"Cercle int\u00e9rieur d'Aepril - Aepril\",\"isPartOf\":{\"@id\":\"https:\/\/aeprilclinics.nl\/fr\/#website\"},\"primaryImageOfPage\":{\"@id\":\"https:\/\/aeprilclinics.nl\/fr\/cercle-interieur-daepril\/#primaryimage\"},\"image\":{\"@id\":\"https:\/\/aeprilclinics.nl\/fr\/cercle-interieur-daepril\/#primaryimage\"},\"thumbnailUrl\":\"https:\/\/aeprilclinics.nl\/wp-content\/uploads\/2025\/01\/BN4A9295-1024x683.jpg\",\"datePublished\":\"2025-06-20T11:44:40+00:00\",\"dateModified\":\"2026-05-16T20:16:30+00:00\",\"description\":\"Inscrivez-vous d\u00e8s maintenant au Cercle Int\u00e9rieur d'Aepril Clinics. Participez aux journ\u00e9es de formation, obtenez des r\u00e9ductions exclusives et des cadeaux amusants de notre part !\",\"breadcrumb\":{\"@id\":\"https:\/\/aeprilclinics.nl\/fr\/cercle-interieur-daepril\/#breadcrumb\"},\"inLanguage\":\"fr-FR\",\"potentialAction\":[{\"@type\":\"ReadAction\",\"target\":[\"https:\/\/aeprilclinics.nl\/fr\/cercle-interieur-daepril\/\"]}]},{\"@type\":\"ImageObject\",\"inLanguage\":\"fr-FR\",\"@id\":\"https:\/\/aeprilclinics.nl\/fr\/cercle-interieur-daepril\/#primaryimage\",\"url\":\"https:\/\/aeprilclinics.nl\/wp-content\/uploads\/2025\/01\/BN4A9295-1024x683.jpg\",\"contentUrl\":\"https:\/\/aeprilclinics.nl\/wp-content\/uploads\/2025\/01\/BN4A9295-1024x683.jpg\"},{\"@type\":\"BreadcrumbList\",\"@id\":\"https:\/\/aeprilclinics.nl\/fr\/cercle-interieur-daepril\/#breadcrumb\",\"itemListElement\":[{\"@type\":\"ListItem\",\"position\":1,\"name\":\"Home\",\"item\":\"https:\/\/aeprilclinics.nl\/fr\/\"},{\"@type\":\"ListItem\",\"position\":2,\"name\":\"Cercle int\u00e9rieur d&#8217;Aepril\"}]},{\"@type\":\"WebSite\",\"@id\":\"https:\/\/aeprilclinics.nl\/fr\/#website\",\"url\":\"https:\/\/aeprilclinics.nl\/fr\/\",\"name\":\"Aepril\",\"description\":\"\",\"potentialAction\":[{\"@type\":\"SearchAction\",\"target\":{\"@type\":\"EntryPoint\",\"urlTemplate\":\"https:\/\/aeprilclinics.nl\/fr\/?s={search_term_string}\"},\"query-input\":{\"@type\":\"PropertyValueSpecification\",\"valueRequired\":true,\"valueName\":\"search_term_string\"}}],\"inLanguage\":\"fr-FR\"}]}<\/script>\n<!-- \/ Yoast SEO plugin. -->","yoast_head_json":{"title":"Cercle int\u00e9rieur d'Aepril - Aepril","description":"Inscrivez-vous d\u00e8s maintenant au Cercle Int\u00e9rieur d'Aepril Clinics. Participez aux journ\u00e9es de formation, obtenez des r\u00e9ductions exclusives et des cadeaux amusants de notre part !","robots":{"index":"index","follow":"follow","max-snippet":"max-snippet:-1","max-image-preview":"max-image-preview:large","max-video-preview":"max-video-preview:-1"},"canonical":"https:\/\/aeprilclinics.nl\/fr\/cercle-interieur-daepril\/","og_locale":"fr_FR","og_type":"article","og_title":"Cercle int\u00e9rieur d'Aepril - Aepril","og_description":"Inscrivez-vous d\u00e8s maintenant au Cercle Int\u00e9rieur d'Aepril Clinics. Participez aux journ\u00e9es de formation, obtenez des r\u00e9ductions exclusives et des cadeaux amusants de notre part !","og_url":"https:\/\/aeprilclinics.nl\/fr\/cercle-interieur-daepril\/","og_site_name":"Aepril","article_modified_time":"2026-05-16T20:16:30+00:00","og_image":[{"width":2560,"height":1707,"url":"https:\/\/aeprilclinics.nl\/wp-content\/uploads\/2025\/01\/BN4A9295-scaled.jpg","type":"image\/jpeg"}],"twitter_card":"summary_large_image","twitter_misc":{"Dur\u00e9e de lecture estim\u00e9e":"3 minutes"},"schema":{"@context":"https:\/\/schema.org","@graph":[{"@type":"WebPage","@id":"https:\/\/aeprilclinics.nl\/fr\/cercle-interieur-daepril\/","url":"https:\/\/aeprilclinics.nl\/fr\/cercle-interieur-daepril\/","name":"Cercle int\u00e9rieur d'Aepril - Aepril","isPartOf":{"@id":"https:\/\/aeprilclinics.nl\/fr\/#website"},"primaryImageOfPage":{"@id":"https:\/\/aeprilclinics.nl\/fr\/cercle-interieur-daepril\/#primaryimage"},"image":{"@id":"https:\/\/aeprilclinics.nl\/fr\/cercle-interieur-daepril\/#primaryimage"},"thumbnailUrl":"https:\/\/aeprilclinics.nl\/wp-content\/uploads\/2025\/01\/BN4A9295-1024x683.jpg","datePublished":"2025-06-20T11:44:40+00:00","dateModified":"2026-05-16T20:16:30+00:00","description":"Inscrivez-vous d\u00e8s maintenant au Cercle Int\u00e9rieur d'Aepril Clinics. Participez aux journ\u00e9es de formation, obtenez des r\u00e9ductions exclusives et des cadeaux amusants de notre part !","breadcrumb":{"@id":"https:\/\/aeprilclinics.nl\/fr\/cercle-interieur-daepril\/#breadcrumb"},"inLanguage":"fr-FR","potentialAction":[{"@type":"ReadAction","target":["https:\/\/aeprilclinics.nl\/fr\/cercle-interieur-daepril\/"]}]},{"@type":"ImageObject","inLanguage":"fr-FR","@id":"https:\/\/aeprilclinics.nl\/fr\/cercle-interieur-daepril\/#primaryimage","url":"https:\/\/aeprilclinics.nl\/wp-content\/uploads\/2025\/01\/BN4A9295-1024x683.jpg","contentUrl":"https:\/\/aeprilclinics.nl\/wp-content\/uploads\/2025\/01\/BN4A9295-1024x683.jpg"},{"@type":"BreadcrumbList","@id":"https:\/\/aeprilclinics.nl\/fr\/cercle-interieur-daepril\/#breadcrumb","itemListElement":[{"@type":"ListItem","position":1,"name":"Home","item":"https:\/\/aeprilclinics.nl\/fr\/"},{"@type":"ListItem","position":2,"name":"Cercle int\u00e9rieur d&#8217;Aepril"}]},{"@type":"WebSite","@id":"https:\/\/aeprilclinics.nl\/fr\/#website","url":"https:\/\/aeprilclinics.nl\/fr\/","name":"Aepril","description":"","potentialAction":[{"@type":"SearchAction","target":{"@type":"EntryPoint","urlTemplate":"https:\/\/aeprilclinics.nl\/fr\/?s={search_term_string}"},"query-input":{"@type":"PropertyValueSpecification","valueRequired":true,"valueName":"search_term_string"}}],"inLanguage":"fr-FR"}]}},"_links":{"self":[{"href":"https:\/\/aeprilclinics.nl\/fr\/wp-json\/wp\/v2\/pages\/9465","targetHints":{"allow":["GET"]}}],"collection":[{"href":"https:\/\/aeprilclinics.nl\/fr\/wp-json\/wp\/v2\/pages"}],"about":[{"href":"https:\/\/aeprilclinics.nl\/fr\/wp-json\/wp\/v2\/types\/page"}],"author":[{"embeddable":true,"href":"https:\/\/aeprilclinics.nl\/fr\/wp-json\/wp\/v2\/users\/14"}],"replies":[{"embeddable":true,"href":"https:\/\/aeprilclinics.nl\/fr\/wp-json\/wp\/v2\/comments?post=9465"}],"version-history":[{"count":5,"href":"https:\/\/aeprilclinics.nl\/fr\/wp-json\/wp\/v2\/pages\/9465\/revisions"}],"predecessor-version":[{"id":9596,"href":"https:\/\/aeprilclinics.nl\/fr\/wp-json\/wp\/v2\/pages\/9465\/revisions\/9596"}],"wp:attachment":[{"href":"https:\/\/aeprilclinics.nl\/fr\/wp-json\/wp\/v2\/media?parent=9465"}],"curies":[{"name":"wp","href":"https:\/\/api.w.org\/{rel}","templated":true}]}}