{"id":9285,"date":"2025-10-07T20:32:34","date_gmt":"2025-10-07T20:32:34","guid":{"rendered":"https:\/\/aeprilclinics.nl\/cartes-cadeaux\/"},"modified":"2026-05-16T20:19:28","modified_gmt":"2026-05-16T20:19:28","slug":"cartes-cadeaux","status":"publish","type":"page","link":"https:\/\/aeprilclinics.nl\/fr\/cartes-cadeaux\/","title":{"rendered":"Cartes-cadeaux"},"content":{"rendered":"\n<p>Surprenez un proche avec une carte cadeau des Cliniques Aepril, le plus beau cadeau que vous puissiez offrir est la confiance en soi.  <\/p>\n\n<p>La personne pour laquelle vous achetez votre carte-cadeau recevra la carte-cadeau num\u00e9rique par courrier avec les instructions pour l&rsquo;\u00e9changer dans l&rsquo;un de nos \u00e9tablissements. Veillez \u00e0 ce que cette personne apporte la carte-cadeau imprim\u00e9e ou num\u00e9ris\u00e9e sur son t\u00e9l\u00e9phone, car le code figurant sur la carte-cadeau est n\u00e9cessaire pour \u00e9changer le cr\u00e9dit. <\/p>\n\n<p>Lisez <a href=\"https:\/\/aeprilclinics.nl\/fr\/conditions\/\">toutes les conditions<\/a> des cartes-cadeaux des cliniques Aepril ici et utilisez <a href=\"https:\/\/aeprilclinics.nl\/fr\/reservez-une-consultation-gratuite\/\">cette page <\/a>pour prendre rendez-vous afin d&rsquo;utiliser votre carte-cadeau.<\/p>\n\n<p>Vous pouvez \u00e9galement nous <a href=\"https:\/\/aeprilclinics.nl\/fr\/contact\/\">contacter<\/a> pour toute question concernant nos cartes-cadeaux.<br \/><\/p>\n\n<!-- Clinicminds Gift Card Store begin -->\n<div class=\"clinicminds-gift-card-frame\" data-frame-url=\"https:\/\/clinic.gift\/aesthe-clinic\"><\/div>\n\n<!-- Clinicminds Gift Card Store end -->\n\n<p><\/p>\n","protected":false},"excerpt":{"rendered":"<p>Surprenez un proche avec une carte cadeau des Cliniques Aepril, le plus beau cadeau que vous puissiez offrir est la confiance en soi. La personne pour laquelle vous achetez votre carte-cadeau recevra la carte-cadeau num\u00e9rique par courrier avec les instructions&#8230;<\/p>\n","protected":false},"author":14,"featured_media":0,"parent":0,"menu_order":0,"comment_status":"closed","ping_status":"closed","template":"","meta":{"_acf_changed":false,"footnotes":""},"class_list":["post-9285","page","type-page","status-publish","hentry"],"acf":[],"yoast_head":"<!-- This site is optimized with the Yoast SEO plugin v27.2 - https:\/\/yoast.com\/product\/yoast-seo-wordpress\/ -->\n<title>Cartes-cadeaux : give beauty as a gift - Aepril:::::::::::: :.<\/title>\n<meta name=\"description\" content=\"Vous cherchez un cadeau original ? Offrez une carte-cadeau des Cliniques Aepril : la surprise parfaite pour la beaut\u00e9, la d\u00e9tente et le soin de soi.\" \/>\n<meta name=\"robots\" content=\"index, follow, max-snippet:-1, max-image-preview:large, max-video-preview:-1\" \/>\n<link rel=\"canonical\" href=\"https:\/\/aeprilclinics.nl\/fr\/cartes-cadeaux\/\" \/>\n<meta property=\"og:locale\" content=\"fr_FR\" \/>\n<meta property=\"og:type\" content=\"article\" \/>\n<meta property=\"og:title\" content=\"Cartes-cadeaux : give beauty as a gift - Aepril:::::::::::: :.\" \/>\n<meta property=\"og:description\" content=\"Vous cherchez un cadeau original ? Offrez une carte-cadeau des Cliniques Aepril : la surprise parfaite pour la beaut\u00e9, la d\u00e9tente et le soin de soi.\" \/>\n<meta property=\"og:url\" content=\"https:\/\/aeprilclinics.nl\/fr\/cartes-cadeaux\/\" \/>\n<meta property=\"og:site_name\" content=\"Aepril\" \/>\n<meta property=\"article:modified_time\" content=\"2026-05-16T20:19:28+00:00\" \/>\n<meta name=\"twitter:card\" content=\"summary_large_image\" \/>\n<meta name=\"twitter:label1\" content=\"Dur\u00e9e de lecture estim\u00e9e\" \/>\n\t<meta name=\"twitter:data1\" content=\"1 minute\" \/>\n<script type=\"application\/ld+json\" class=\"yoast-schema-graph\">{\"@context\":\"https:\/\/schema.org\",\"@graph\":[{\"@type\":\"WebPage\",\"@id\":\"https:\/\/aeprilclinics.nl\/fr\/cartes-cadeaux\/\",\"url\":\"https:\/\/aeprilclinics.nl\/fr\/cartes-cadeaux\/\",\"name\":\"Cartes-cadeaux : give beauty as a gift - Aepril:::::::::::: :.\",\"isPartOf\":{\"@id\":\"https:\/\/aeprilclinics.nl\/fr\/#website\"},\"datePublished\":\"2025-10-07T20:32:34+00:00\",\"dateModified\":\"2026-05-16T20:19:28+00:00\",\"description\":\"Vous cherchez un cadeau original ? Offrez une carte-cadeau des Cliniques Aepril : la surprise parfaite pour la beaut\u00e9, la d\u00e9tente et le soin de soi.\",\"breadcrumb\":{\"@id\":\"https:\/\/aeprilclinics.nl\/fr\/cartes-cadeaux\/#breadcrumb\"},\"inLanguage\":\"fr-FR\",\"potentialAction\":[{\"@type\":\"ReadAction\",\"target\":[\"https:\/\/aeprilclinics.nl\/fr\/cartes-cadeaux\/\"]}]},{\"@type\":\"BreadcrumbList\",\"@id\":\"https:\/\/aeprilclinics.nl\/fr\/cartes-cadeaux\/#breadcrumb\",\"itemListElement\":[{\"@type\":\"ListItem\",\"position\":1,\"name\":\"Home\",\"item\":\"https:\/\/aeprilclinics.nl\/fr\/\"},{\"@type\":\"ListItem\",\"position\":2,\"name\":\"Cartes-cadeaux\"}]},{\"@type\":\"WebSite\",\"@id\":\"https:\/\/aeprilclinics.nl\/fr\/#website\",\"url\":\"https:\/\/aeprilclinics.nl\/fr\/\",\"name\":\"Aepril\",\"description\":\"\",\"potentialAction\":[{\"@type\":\"SearchAction\",\"target\":{\"@type\":\"EntryPoint\",\"urlTemplate\":\"https:\/\/aeprilclinics.nl\/fr\/?s={search_term_string}\"},\"query-input\":{\"@type\":\"PropertyValueSpecification\",\"valueRequired\":true,\"valueName\":\"search_term_string\"}}],\"inLanguage\":\"fr-FR\"}]}<\/script>\n<!-- \/ Yoast SEO plugin. -->","yoast_head_json":{"title":"Cartes-cadeaux : give beauty as a gift - Aepril:::::::::::: :.","description":"Vous cherchez un cadeau original ? Offrez une carte-cadeau des Cliniques Aepril : la surprise parfaite pour la beaut\u00e9, la d\u00e9tente et le soin de soi.","robots":{"index":"index","follow":"follow","max-snippet":"max-snippet:-1","max-image-preview":"max-image-preview:large","max-video-preview":"max-video-preview:-1"},"canonical":"https:\/\/aeprilclinics.nl\/fr\/cartes-cadeaux\/","og_locale":"fr_FR","og_type":"article","og_title":"Cartes-cadeaux : give beauty as a gift - Aepril:::::::::::: :.","og_description":"Vous cherchez un cadeau original ? Offrez une carte-cadeau des Cliniques Aepril : la surprise parfaite pour la beaut\u00e9, la d\u00e9tente et le soin de soi.","og_url":"https:\/\/aeprilclinics.nl\/fr\/cartes-cadeaux\/","og_site_name":"Aepril","article_modified_time":"2026-05-16T20:19:28+00:00","twitter_card":"summary_large_image","twitter_misc":{"Dur\u00e9e de lecture estim\u00e9e":"1 minute"},"schema":{"@context":"https:\/\/schema.org","@graph":[{"@type":"WebPage","@id":"https:\/\/aeprilclinics.nl\/fr\/cartes-cadeaux\/","url":"https:\/\/aeprilclinics.nl\/fr\/cartes-cadeaux\/","name":"Cartes-cadeaux : give beauty as a gift - Aepril:::::::::::: :.","isPartOf":{"@id":"https:\/\/aeprilclinics.nl\/fr\/#website"},"datePublished":"2025-10-07T20:32:34+00:00","dateModified":"2026-05-16T20:19:28+00:00","description":"Vous cherchez un cadeau original ? Offrez une carte-cadeau des Cliniques Aepril : la surprise parfaite pour la beaut\u00e9, la d\u00e9tente et le soin de soi.","breadcrumb":{"@id":"https:\/\/aeprilclinics.nl\/fr\/cartes-cadeaux\/#breadcrumb"},"inLanguage":"fr-FR","potentialAction":[{"@type":"ReadAction","target":["https:\/\/aeprilclinics.nl\/fr\/cartes-cadeaux\/"]}]},{"@type":"BreadcrumbList","@id":"https:\/\/aeprilclinics.nl\/fr\/cartes-cadeaux\/#breadcrumb","itemListElement":[{"@type":"ListItem","position":1,"name":"Home","item":"https:\/\/aeprilclinics.nl\/fr\/"},{"@type":"ListItem","position":2,"name":"Cartes-cadeaux"}]},{"@type":"WebSite","@id":"https:\/\/aeprilclinics.nl\/fr\/#website","url":"https:\/\/aeprilclinics.nl\/fr\/","name":"Aepril","description":"","potentialAction":[{"@type":"SearchAction","target":{"@type":"EntryPoint","urlTemplate":"https:\/\/aeprilclinics.nl\/fr\/?s={search_term_string}"},"query-input":{"@type":"PropertyValueSpecification","valueRequired":true,"valueName":"search_term_string"}}],"inLanguage":"fr-FR"}]}},"_links":{"self":[{"href":"https:\/\/aeprilclinics.nl\/fr\/wp-json\/wp\/v2\/pages\/9285","targetHints":{"allow":["GET"]}}],"collection":[{"href":"https:\/\/aeprilclinics.nl\/fr\/wp-json\/wp\/v2\/pages"}],"about":[{"href":"https:\/\/aeprilclinics.nl\/fr\/wp-json\/wp\/v2\/types\/page"}],"author":[{"embeddable":true,"href":"https:\/\/aeprilclinics.nl\/fr\/wp-json\/wp\/v2\/users\/14"}],"replies":[{"embeddable":true,"href":"https:\/\/aeprilclinics.nl\/fr\/wp-json\/wp\/v2\/comments?post=9285"}],"version-history":[{"count":2,"href":"https:\/\/aeprilclinics.nl\/fr\/wp-json\/wp\/v2\/pages\/9285\/revisions"}],"predecessor-version":[{"id":9886,"href":"https:\/\/aeprilclinics.nl\/fr\/wp-json\/wp\/v2\/pages\/9285\/revisions\/9886"}],"wp:attachment":[{"href":"https:\/\/aeprilclinics.nl\/fr\/wp-json\/wp\/v2\/media?parent=9285"}],"curies":[{"name":"wp","href":"https:\/\/api.w.org\/{rel}","templated":true}]}}