{"id":9246,"date":"2026-03-12T08:46:48","date_gmt":"2026-03-12T08:46:48","guid":{"rendered":"https:\/\/aeprilclinics.nl\/academie-aepril\/"},"modified":"2026-05-16T20:20:24","modified_gmt":"2026-05-16T20:20:24","slug":"academie-aepril","status":"publish","type":"page","link":"https:\/\/aeprilclinics.nl\/fr\/academie-aepril\/","title":{"rendered":"Acad\u00e9mie Aepril"},"content":{"rendered":"\n<div class=\"wp-block-media-text has-media-on-the-right is-stacked-on-mobile is-image-fill-element\"><div class=\"wp-block-media-text__content\">\n<h2 class=\"wp-block-heading\">Qu&rsquo;est-ce que l&rsquo;Acad\u00e9mie Aepril ?<\/h2>\n\n\n\n<p>Chez Aepril Clinics, la qualit\u00e9 est essentielle. Gr\u00e2ce \u00e0 l&rsquo;<strong>Aepril<\/strong> Academy, nous formons nos m\u00e9decins en interne sous la direction d&rsquo;un m\u00e9decin esth\u00e9tique.   <strong>Drs Elnaz Alagha <\/strong>.  <\/p>\n\n\n\n<p>Au cours de ce programme de formation, les m\u00e9decins sont intensivement encadr\u00e9s et travaillent sous une stricte surveillance. Toute la formation se d\u00e9roule selon les directives de l&rsquo;<strong>IGJ (Inspection de la sant\u00e9 et de la jeunesse)<\/strong> et de la <strong>NVCG<\/strong>.   <br\/><br\/>Cela garantit que chaque traitement r\u00e9pond aux normes m\u00e9dicales et \u00e9thiques les plus \u00e9lev\u00e9es. La s\u00e9curit\u00e9, la pr\u00e9cision et les r\u00e9sultats naturels sont toujours au premier plan. <br\/><br\/>PS : Nous recherchons actuellement des m\u00e9decins et des praticiens en esth\u00e9tique pour nos cliniques d&rsquo;Utrecht et de Hengelo.  <br\/><a href=\"https:\/\/aeprilclinics.nl\/fr\/travailler-chez-aepril\/\" type=\"page\" id=\"1063\">Cliquez ici pour en savoir plus.<\/a><\/p>\n<\/div><figure class=\"wp-block-media-text__media\"><img loading=\"lazy\" decoding=\"async\" width=\"1024\" height=\"871\" src=\"https:\/\/aeprilclinics.nl\/wp-content\/uploads\/2025\/06\/Screenshot-2025-06-11-at-09.13.41-1024x871.png\" alt=\"\" class=\"wp-image-2886 size-full\" style=\"object-position:50% 50%\" srcset=\"https:\/\/aeprilclinics.nl\/wp-content\/uploads\/2025\/06\/Screenshot-2025-06-11-at-09.13.41-1024x871.png 1024w, https:\/\/aeprilclinics.nl\/wp-content\/uploads\/2025\/06\/Screenshot-2025-06-11-at-09.13.41-300x255.png 300w, https:\/\/aeprilclinics.nl\/wp-content\/uploads\/2025\/06\/Screenshot-2025-06-11-at-09.13.41-768x653.png 768w, https:\/\/aeprilclinics.nl\/wp-content\/uploads\/2025\/06\/Screenshot-2025-06-11-at-09.13.41-318x270.png 318w, https:\/\/aeprilclinics.nl\/wp-content\/uploads\/2025\/06\/Screenshot-2025-06-11-at-09.13.41.png 1056w\" sizes=\"auto, (max-width: 1024px) 100vw, 1024px\" \/><\/figure><\/div>\n\n<div style=\"height:100px\" aria-hidden=\"true\" class=\"wp-block-spacer\"><\/div>\n\n<div class=\"wp-block-media-text is-stacked-on-mobile is-image-fill-element\"><figure class=\"wp-block-media-text__media\"><img loading=\"lazy\" decoding=\"async\" width=\"683\" height=\"1024\" src=\"https:\/\/aeprilclinics.nl\/wp-content\/uploads\/2025\/01\/BN4A0034-1-1-683x1024.jpg\" alt=\"\" class=\"wp-image-1009 size-full\" style=\"object-position:50% 50%\" srcset=\"https:\/\/aeprilclinics.nl\/wp-content\/uploads\/2025\/01\/BN4A0034-1-1-683x1024.jpg 683w, https:\/\/aeprilclinics.nl\/wp-content\/uploads\/2025\/01\/BN4A0034-1-1-200x300.jpg 200w, https:\/\/aeprilclinics.nl\/wp-content\/uploads\/2025\/01\/BN4A0034-1-1-768x1152.jpg 768w, https:\/\/aeprilclinics.nl\/wp-content\/uploads\/2025\/01\/BN4A0034-1-1-1024x1536.jpg 1024w, https:\/\/aeprilclinics.nl\/wp-content\/uploads\/2025\/01\/BN4A0034-1-1-1365x2048.jpg 1365w, https:\/\/aeprilclinics.nl\/wp-content\/uploads\/2025\/01\/BN4A0034-1-1-180x270.jpg 180w, https:\/\/aeprilclinics.nl\/wp-content\/uploads\/2025\/01\/BN4A0034-1-1-scaled.jpg 1707w\" sizes=\"auto, (max-width: 683px) 100vw, 683px\" \/><\/figure><div class=\"wp-block-media-text__content\">\n<h2 class=\"wp-block-heading\">Formation interne<\/h2>\n\n\n\n<p>Au sein de l&rsquo;Aepril Academy, nous organisons divers moments de formation tout au long de l&rsquo;ann\u00e9e. Un programme de formation \u00e0 l&rsquo;Aepril Academy dure en moyenne 3 mois et les m\u00e9decins travaillent ensuite sous supervision, ce qui est nettement plus long que la moyenne des formateurs aux Pays-Bas. Cela s&rsquo;explique par le fait que nous accordons de l&rsquo;importance non seulement aux connaissances, mais aussi \u00e0 la confiance en soi du m\u00e9decin.  <br\/><br\/>Les m\u00e9decins participent notamment \u00e0 des journ\u00e9es th\u00e9oriques, des journ\u00e9es de formation, des ateliers et des formations pratiques au cours desquelles ils perfectionnent leurs techniques.  <br\/><br\/>En outre, des \u00e9v\u00e9nements r\u00e9guliers et des sessions de formation sp\u00e9cialis\u00e9e sont organis\u00e9s pour approfondir les connaissances et introduire de nouvelles m\u00e9thodes de traitement. Au cours de ces formations, l&rsquo;exp\u00e9rience pratique est essentielle, les m\u00e9decins travaillant sous supervision pour affiner leurs comp\u00e9tences.   <br\/><br\/>C&rsquo;est ainsi que nous nous assurons que notre \u00e9quipe continue \u00e0 grandir et \u00e0 se d\u00e9velopper en permanence.<\/p>\n<\/div><\/div>\n\n<div style=\"height:100px\" aria-hidden=\"true\" class=\"wp-block-spacer\"><\/div>\n\n<div class=\"wp-block-media-text has-media-on-the-right is-stacked-on-mobile is-image-fill-element\"><div class=\"wp-block-media-text__content\">\n<h2 class=\"wp-block-heading\">Nos partenaires<\/h2>\n\n\n\n<p>L&rsquo;Acad\u00e9mie Aepril collabore \u00e9galement avec des entreprises pharmaceutiques et esth\u00e9tiques de premier plan telles que <a href=\"https:\/\/merzaesthetics.nl\/\">Merz Aesthetics<\/a>, <a href=\"https:\/\/www.ibsaderma.nl\/nl\/\">IBSA,<\/a> <a href=\"https:\/\/www.cromapharma.com\/nl\/\">Croma Pharma<\/a> et <a href=\"https:\/\/www.galderma.com\/benelux\">Galderma<\/a>. <br\/><br\/>Ces collaborations nous permettent de nous tenir au courant des derniers d\u00e9veloppements en mati\u00e8re de m\u00e9decine esth\u00e9tique. Outre les cours de formation, nous organisons \u00e9galement des moments de test, des examens pratiques et des formations pour assurer le niveau de nos m\u00e9decins.   <br\/><br\/>Aepril Clinics continue ainsi \u00e0 investir dans la connaissance, l&rsquo;innovation et la qualit\u00e9. En tant que client, vous le constaterez par des traitements s\u00fbrs et des r\u00e9sultats constants et de grande qualit\u00e9. <br\/><br\/><\/p>\n<\/div><figure class=\"wp-block-media-text__media\"><img loading=\"lazy\" decoding=\"async\" width=\"683\" height=\"1024\" src=\"https:\/\/aeprilclinics.nl\/wp-content\/uploads\/2025\/01\/BN4A8716-683x1024.jpg\" alt=\"\" class=\"wp-image-1008 size-full\" style=\"object-position:89% 29%\" srcset=\"https:\/\/aeprilclinics.nl\/wp-content\/uploads\/2025\/01\/BN4A8716-683x1024.jpg 683w, https:\/\/aeprilclinics.nl\/wp-content\/uploads\/2025\/01\/BN4A8716-200x300.jpg 200w, https:\/\/aeprilclinics.nl\/wp-content\/uploads\/2025\/01\/BN4A8716-768x1152.jpg 768w, https:\/\/aeprilclinics.nl\/wp-content\/uploads\/2025\/01\/BN4A8716-1024x1536.jpg 1024w, https:\/\/aeprilclinics.nl\/wp-content\/uploads\/2025\/01\/BN4A8716-1365x2048.jpg 1365w, https:\/\/aeprilclinics.nl\/wp-content\/uploads\/2025\/01\/BN4A8716-180x270.jpg 180w, https:\/\/aeprilclinics.nl\/wp-content\/uploads\/2025\/01\/BN4A8716-scaled.jpg 1707w\" sizes=\"auto, (max-width: 683px) 100vw, 683px\" \/><\/figure><\/div>\n\n<hr class=\"wp-block-separator has-alpha-channel-opacity\"\/>\n\n<div class=\"wp-block-cover alignfull is-light wave\" style=\"margin-top:var(--wp--preset--spacing--60);margin-bottom:0;padding-bottom:var(--wp--preset--spacing--30)\"><span aria-hidden=\"true\" class=\"wp-block-cover__background has-accent-background-color has-background-dim-100 has-background-dim\"><\/span><div class=\"wp-block-cover__inner-container has-global-padding is-layout-constrained wp-block-cover-is-layout-constrained\">\n<h2 class=\"wp-block-heading has-text-align-center\">Votre look, dans toute sa splendeur.<\/h2>\n\n\n\n<div style=\"height:15px\" aria-hidden=\"true\" class=\"wp-block-spacer\"><\/div>\n\n\n\n<div class=\"wp-block-buttons is-content-justification-center is-layout-flex wp-container-core-buttons-is-layout-a89b3969 wp-block-buttons-is-layout-flex\">\n<div class=\"wp-block-button\"><a class=\"wp-block-button__link has-base-color has-accent-3-background-color has-text-color has-background has-link-color wp-element-button\" href=\"https:\/\/aeprilclinics.nl\/fr\/reservez-une-consultation-gratuite\/\">R\u00e9servez une consultation gratuite<\/a><\/div>\n<\/div>\n<\/div><\/div>\n\n<p><\/p>\n","protected":false},"excerpt":{"rendered":"<p>Qu&rsquo;est-ce que l&rsquo;Acad\u00e9mie Aepril ? Chez Aepril Clinics, la qualit\u00e9 est essentielle. Gr\u00e2ce \u00e0 l&rsquo;Aepril Academy, nous formons nos m\u00e9decins en interne sous la direction d&rsquo;un m\u00e9decin esth\u00e9tique. Drs Elnaz Alagha . Au cours de ce programme de formation, les&#8230;<\/p>\n","protected":false},"author":14,"featured_media":0,"parent":0,"menu_order":0,"comment_status":"closed","ping_status":"closed","template":"","meta":{"_acf_changed":false,"footnotes":""},"class_list":["post-9246","page","type-page","status-publish","hentry"],"acf":[],"yoast_head":"<!-- This site is optimized with the Yoast SEO plugin v27.2 - https:\/\/yoast.com\/product\/yoast-seo-wordpress\/ -->\n<title>Acad\u00e9mie Aepril - Aepril<\/title>\n<meta name=\"robots\" content=\"index, follow, max-snippet:-1, max-image-preview:large, max-video-preview:-1\" \/>\n<link rel=\"canonical\" href=\"https:\/\/aeprilclinics.nl\/fr\/academie-aepril\/\" \/>\n<meta property=\"og:locale\" content=\"fr_FR\" \/>\n<meta property=\"og:type\" content=\"article\" \/>\n<meta property=\"og:title\" content=\"Acad\u00e9mie Aepril - Aepril\" \/>\n<meta property=\"og:description\" content=\"Qu&rsquo;est-ce que l&rsquo;Acad\u00e9mie Aepril ? Chez Aepril Clinics, la qualit\u00e9 est essentielle. Gr\u00e2ce \u00e0 l&rsquo;Aepril Academy, nous formons nos m\u00e9decins en interne sous la direction d&rsquo;un m\u00e9decin esth\u00e9tique. Drs Elnaz Alagha . Au cours de ce programme de formation, les...\" \/>\n<meta property=\"og:url\" content=\"https:\/\/aeprilclinics.nl\/fr\/academie-aepril\/\" \/>\n<meta property=\"og:site_name\" content=\"Aepril\" \/>\n<meta property=\"article:modified_time\" content=\"2026-05-16T20:20:24+00:00\" \/>\n<meta property=\"og:image\" content=\"https:\/\/aeprilclinics.nl\/wp-content\/uploads\/2025\/06\/Screenshot-2025-06-11-at-09.13.41.png\" \/>\n\t<meta property=\"og:image:width\" content=\"1056\" \/>\n\t<meta property=\"og:image:height\" content=\"898\" \/>\n\t<meta property=\"og:image:type\" content=\"image\/png\" \/>\n<meta name=\"twitter:card\" content=\"summary_large_image\" \/>\n<meta name=\"twitter:label1\" content=\"Dur\u00e9e de lecture estim\u00e9e\" \/>\n\t<meta name=\"twitter:data1\" content=\"2 minutes\" \/>\n<script type=\"application\/ld+json\" class=\"yoast-schema-graph\">{\"@context\":\"https:\/\/schema.org\",\"@graph\":[{\"@type\":\"WebPage\",\"@id\":\"https:\/\/aeprilclinics.nl\/fr\/academie-aepril\/\",\"url\":\"https:\/\/aeprilclinics.nl\/fr\/academie-aepril\/\",\"name\":\"Acad\u00e9mie Aepril - Aepril\",\"isPartOf\":{\"@id\":\"https:\/\/aeprilclinics.nl\/fr\/#website\"},\"primaryImageOfPage\":{\"@id\":\"https:\/\/aeprilclinics.nl\/fr\/academie-aepril\/#primaryimage\"},\"image\":{\"@id\":\"https:\/\/aeprilclinics.nl\/fr\/academie-aepril\/#primaryimage\"},\"thumbnailUrl\":\"https:\/\/aeprilclinics.nl\/wp-content\/uploads\/2025\/06\/Screenshot-2025-06-11-at-09.13.41-1024x871.png\",\"datePublished\":\"2026-03-12T08:46:48+00:00\",\"dateModified\":\"2026-05-16T20:20:24+00:00\",\"breadcrumb\":{\"@id\":\"https:\/\/aeprilclinics.nl\/fr\/academie-aepril\/#breadcrumb\"},\"inLanguage\":\"fr-FR\",\"potentialAction\":[{\"@type\":\"ReadAction\",\"target\":[\"https:\/\/aeprilclinics.nl\/fr\/academie-aepril\/\"]}]},{\"@type\":\"ImageObject\",\"inLanguage\":\"fr-FR\",\"@id\":\"https:\/\/aeprilclinics.nl\/fr\/academie-aepril\/#primaryimage\",\"url\":\"https:\/\/aeprilclinics.nl\/wp-content\/uploads\/2025\/06\/Screenshot-2025-06-11-at-09.13.41-1024x871.png\",\"contentUrl\":\"https:\/\/aeprilclinics.nl\/wp-content\/uploads\/2025\/06\/Screenshot-2025-06-11-at-09.13.41-1024x871.png\"},{\"@type\":\"BreadcrumbList\",\"@id\":\"https:\/\/aeprilclinics.nl\/fr\/academie-aepril\/#breadcrumb\",\"itemListElement\":[{\"@type\":\"ListItem\",\"position\":1,\"name\":\"Home\",\"item\":\"https:\/\/aeprilclinics.nl\/fr\/\"},{\"@type\":\"ListItem\",\"position\":2,\"name\":\"Acad\u00e9mie Aepril\"}]},{\"@type\":\"WebSite\",\"@id\":\"https:\/\/aeprilclinics.nl\/fr\/#website\",\"url\":\"https:\/\/aeprilclinics.nl\/fr\/\",\"name\":\"Aepril\",\"description\":\"\",\"potentialAction\":[{\"@type\":\"SearchAction\",\"target\":{\"@type\":\"EntryPoint\",\"urlTemplate\":\"https:\/\/aeprilclinics.nl\/fr\/?s={search_term_string}\"},\"query-input\":{\"@type\":\"PropertyValueSpecification\",\"valueRequired\":true,\"valueName\":\"search_term_string\"}}],\"inLanguage\":\"fr-FR\"}]}<\/script>\n<!-- \/ Yoast SEO plugin. -->","yoast_head_json":{"title":"Acad\u00e9mie Aepril - Aepril","robots":{"index":"index","follow":"follow","max-snippet":"max-snippet:-1","max-image-preview":"max-image-preview:large","max-video-preview":"max-video-preview:-1"},"canonical":"https:\/\/aeprilclinics.nl\/fr\/academie-aepril\/","og_locale":"fr_FR","og_type":"article","og_title":"Acad\u00e9mie Aepril - Aepril","og_description":"Qu&rsquo;est-ce que l&rsquo;Acad\u00e9mie Aepril ? Chez Aepril Clinics, la qualit\u00e9 est essentielle. Gr\u00e2ce \u00e0 l&rsquo;Aepril Academy, nous formons nos m\u00e9decins en interne sous la direction d&rsquo;un m\u00e9decin esth\u00e9tique. Drs Elnaz Alagha . Au cours de ce programme de formation, les...","og_url":"https:\/\/aeprilclinics.nl\/fr\/academie-aepril\/","og_site_name":"Aepril","article_modified_time":"2026-05-16T20:20:24+00:00","og_image":[{"width":1056,"height":898,"url":"https:\/\/aeprilclinics.nl\/wp-content\/uploads\/2025\/06\/Screenshot-2025-06-11-at-09.13.41.png","type":"image\/png"}],"twitter_card":"summary_large_image","twitter_misc":{"Dur\u00e9e de lecture estim\u00e9e":"2 minutes"},"schema":{"@context":"https:\/\/schema.org","@graph":[{"@type":"WebPage","@id":"https:\/\/aeprilclinics.nl\/fr\/academie-aepril\/","url":"https:\/\/aeprilclinics.nl\/fr\/academie-aepril\/","name":"Acad\u00e9mie Aepril - Aepril","isPartOf":{"@id":"https:\/\/aeprilclinics.nl\/fr\/#website"},"primaryImageOfPage":{"@id":"https:\/\/aeprilclinics.nl\/fr\/academie-aepril\/#primaryimage"},"image":{"@id":"https:\/\/aeprilclinics.nl\/fr\/academie-aepril\/#primaryimage"},"thumbnailUrl":"https:\/\/aeprilclinics.nl\/wp-content\/uploads\/2025\/06\/Screenshot-2025-06-11-at-09.13.41-1024x871.png","datePublished":"2026-03-12T08:46:48+00:00","dateModified":"2026-05-16T20:20:24+00:00","breadcrumb":{"@id":"https:\/\/aeprilclinics.nl\/fr\/academie-aepril\/#breadcrumb"},"inLanguage":"fr-FR","potentialAction":[{"@type":"ReadAction","target":["https:\/\/aeprilclinics.nl\/fr\/academie-aepril\/"]}]},{"@type":"ImageObject","inLanguage":"fr-FR","@id":"https:\/\/aeprilclinics.nl\/fr\/academie-aepril\/#primaryimage","url":"https:\/\/aeprilclinics.nl\/wp-content\/uploads\/2025\/06\/Screenshot-2025-06-11-at-09.13.41-1024x871.png","contentUrl":"https:\/\/aeprilclinics.nl\/wp-content\/uploads\/2025\/06\/Screenshot-2025-06-11-at-09.13.41-1024x871.png"},{"@type":"BreadcrumbList","@id":"https:\/\/aeprilclinics.nl\/fr\/academie-aepril\/#breadcrumb","itemListElement":[{"@type":"ListItem","position":1,"name":"Home","item":"https:\/\/aeprilclinics.nl\/fr\/"},{"@type":"ListItem","position":2,"name":"Acad\u00e9mie Aepril"}]},{"@type":"WebSite","@id":"https:\/\/aeprilclinics.nl\/fr\/#website","url":"https:\/\/aeprilclinics.nl\/fr\/","name":"Aepril","description":"","potentialAction":[{"@type":"SearchAction","target":{"@type":"EntryPoint","urlTemplate":"https:\/\/aeprilclinics.nl\/fr\/?s={search_term_string}"},"query-input":{"@type":"PropertyValueSpecification","valueRequired":true,"valueName":"search_term_string"}}],"inLanguage":"fr-FR"}]}},"_links":{"self":[{"href":"https:\/\/aeprilclinics.nl\/fr\/wp-json\/wp\/v2\/pages\/9246","targetHints":{"allow":["GET"]}}],"collection":[{"href":"https:\/\/aeprilclinics.nl\/fr\/wp-json\/wp\/v2\/pages"}],"about":[{"href":"https:\/\/aeprilclinics.nl\/fr\/wp-json\/wp\/v2\/types\/page"}],"author":[{"embeddable":true,"href":"https:\/\/aeprilclinics.nl\/fr\/wp-json\/wp\/v2\/users\/14"}],"replies":[{"embeddable":true,"href":"https:\/\/aeprilclinics.nl\/fr\/wp-json\/wp\/v2\/comments?post=9246"}],"version-history":[{"count":4,"href":"https:\/\/aeprilclinics.nl\/fr\/wp-json\/wp\/v2\/pages\/9246\/revisions"}],"predecessor-version":[{"id":10083,"href":"https:\/\/aeprilclinics.nl\/fr\/wp-json\/wp\/v2\/pages\/9246\/revisions\/10083"}],"wp:attachment":[{"href":"https:\/\/aeprilclinics.nl\/fr\/wp-json\/wp\/v2\/media?parent=9246"}],"curies":[{"name":"wp","href":"https:\/\/api.w.org\/{rel}","templated":true}]}}