{"id":9087,"date":"2025-01-21T16:17:31","date_gmt":"2025-01-21T16:17:31","guid":{"rendered":"https:\/\/aeprilclinics.nl\/notre-politique-en-matiere-de-plaintes\/"},"modified":"2026-05-16T20:10:00","modified_gmt":"2026-05-16T20:10:00","slug":"notre-politique-en-matiere-de-plaintes","status":"publish","type":"page","link":"https:\/\/aeprilclinics.nl\/fr\/notre-politique-en-matiere-de-plaintes\/","title":{"rendered":"Notre politique en mati\u00e8re de plaintes"},"content":{"rendered":"\n<h1 class=\"wp-block-heading\">Une plainte concernant votre m\u00e9decin<\/h1>\n\n<h3 class=\"wp-block-heading\">Vous avez une plainte \u00e0 formuler \u00e0 l&rsquo;encontre de votre m\u00e9decin. Que se passe-t-il maintenant ? <\/h3>\n\n<p>Une bonne relation entre vous et votre m\u00e9decin est importante. Parfois, malheureusement, des \u00e9v\u00e9nements viennent perturber cette relation. Vous n&rsquo;\u00eates pas satisfait, vous avez une plainte \u00e0 formuler. Cette brochure vous informe sur ce que vous pouvez faire si vous avez un probl\u00e8me avec votre m\u00e9decin. Vous y trouverez des informations sur les possibilit\u00e9s de r\u00e9solution de votre probl\u00e8me et sur le traitement de votre plainte dans le cadre de la proc\u00e9dure de traitement des plaintes de DOKh.    <\/p>\n\n<h3 class=\"wp-block-heading\">Sortir ensemble<\/h3>\n\n<p>Tout d&rsquo;abord, essayez de discuter et de r\u00e9soudre le probl\u00e8me lors d&rsquo;un entretien personnel avec votre m\u00e9decin. En cas d&rsquo;\u00e9chec, votre m\u00e9decin vous mettra en contact avec le responsable des plaintes de DOKh. Vous pouvez \u00e9galement contacter directement DOKh.  <\/p>\n\n<h3 class=\"wp-block-heading\">R\u00e9ception des plaintes<\/h3>\n\n<p>Le responsable des plaintes de DOKh est ind\u00e9pendant et travaillera avec vous pour r\u00e9soudre votre plainte. Le responsable des plaintes vous contactera dans un d\u00e9lai d&rsquo;une semaine \u00e0 compter de la date \u00e0 laquelle DOKh a pris connaissance de votre plainte. <\/p>\n\n<p>Le responsable des plaintes tentera une m\u00e9diation si vous \u00eates dispos\u00e9 \u00e0 le faire.<\/p>\n\n<h3 class=\"wp-block-heading\">M\u00e9diation des plaintes<\/h3>\n\n<p>De nombreuses plaintes peuvent \u00eatre r\u00e9solues au cours d&rsquo;un entretien (t\u00e9l\u00e9phonique). Lors des entretiens de m\u00e9diation, vous et votre m\u00e9decin aurez l&rsquo;occasion d&rsquo;expliquer le(s) \u00e9v\u00e9nement(s). Au fur et \u00e0 mesure que la compr\u00e9hension mutuelle s&rsquo;accro\u00eet, il arrive souvent qu&rsquo;une situation acceptable se pr\u00e9sente \u00e0 nouveau. Le but ultime de la m\u00e9diation est de r\u00e9tablir la relation entre vous et votre m\u00e9decin.   <\/p>\n\n<h3 class=\"wp-block-heading\">Jugement formul\u00e9 par le m\u00e9decin<\/h3>\n\n<p>Pour compl\u00e9ter la proc\u00e9dure de plainte, le m\u00e9decin est tenu de vous informer de son avis dans les 6 semaines suivant le d\u00e9p\u00f4t de la plainte. Un avis consiste \u00e0 indiquer par \u00e9crit les d\u00e9cisions qu&rsquo;il a prises au sujet et \u00e0 la suite de la plainte, ainsi que les mesures qui seront prises, le cas \u00e9ch\u00e9ant. Le d\u00e9lai de six semaines peut \u00eatre prolong\u00e9 de quatre semaines au maximum si vous \u00eates inform\u00e9 \u00e0 temps.  <\/p>\n\n<p>Si les deux parties sont satisfaites du verdict, la plainte est r\u00e9gl\u00e9e. Si vous n&rsquo;\u00eates pas satisfait et que vous souhaitez poursuivre la proc\u00e9dure de r\u00e9clamation, il s&rsquo;agit d&rsquo;un litige. Apr\u00e8s le jugement, vous disposez de 6 mois pour d\u00e9cider si vous souhaitez soumettre le litige \u00e0 l&rsquo;Autorit\u00e9 de r\u00e8glement des litiges.  <\/p>\n\n<h3 class=\"wp-block-heading\">R\u00e8gles du jeu<\/h3>\n\n<ul class=\"wp-block-list\">\n<li>L&rsquo;aide du responsable des plaintes, la m\u00e9diation et le traitement des plaintes sont gratuits pour vous.<\/li>\n\n\n\n<li>La m\u00e9diation n&rsquo;est efficace que si les deux parties sont d&rsquo;accord sur ce point.<\/li>\n\n\n\n<li>La m\u00e9diation est bas\u00e9e sur le respect et la confiance mutuels.<\/li>\n\n\n\n<li>Toutes les personnes impliqu\u00e9es dans le processus traitent votre vie priv\u00e9e avec le plus grand soin et ont un devoir de confidentialit\u00e9.<\/li>\n\n\n\n<li>La proc\u00e9dure de plainte compl\u00e8te peut \u00eatre t\u00e9l\u00e9charg\u00e9e ci-dessous.<\/li>\n<\/ul>\n\n<h3 class=\"wp-block-heading\">Note : plainte concernant le m\u00e9decin charg\u00e9 de la sant\u00e9 et de la s\u00e9curit\u00e9 au travail<\/h3>\n\n<p>Conform\u00e9ment \u00e0 l&rsquo;article 1, paragraphe 4, de la Wkkgz, la proc\u00e9dure de r\u00e9clamation et de litige ne s&rsquo;applique pas aux conseils en mati\u00e8re d&rsquo;absence. Toutefois, l&rsquo;article 14, paragraphe 2, point h), de la loi sur les conditions de travail stipule que \u00ab\u00a0le m\u00e9decin du travail dispose d&rsquo;une proc\u00e9dure ad\u00e9quate pour traiter les plaintes\u00a0\u00bb. <\/p>\n\n<p>Pour \u00eatre clair : la DOKh propose son syst\u00e8me de r\u00e9clamation, y compris un responsable des r\u00e9clamations, \u00e9galement pour le conseil en mati\u00e8re d&rsquo;absence. Toutefois, \u00e0 l&rsquo;issue de la proc\u00e9dure de traitement des plaintes, la voie vers l&rsquo;organe de r\u00e9solution des litiges n&rsquo;est pas ouverte.  <\/p>\n\n<p>Si vous avez des questions \u00e0 ce sujet, veuillez contacter Femke Moerbeek<a href=\"mailto:fmoerbeek@dokh.nl\">(fmoerbeek@dokh.nl).<\/a><\/p>\n\n<h3 class=\"wp-block-heading\">Vous ne parvenez pas \u00e0 trouver un accord avec le responsable des plaintes ?<\/h3>\n\n<p>Si, malgr\u00e9 les entretiens de m\u00e9diation, vous ne parvenez pas \u00e0 trouver une solution, le responsable des plaintes vous aidera \u00e0 franchir l&rsquo;\u00e9tape suivante. Votre plainte devient alors un litige. Pour plus d&rsquo;informations \u00e0 ce sujet, veuillez consulter les informations sur notre site web et le d\u00e9pliant Vous avez un litige avec votre m\u00e9decin.  <\/p>\n\n<p>NB : L&rsquo;auteur d&rsquo;un litige est conscient du fait que la proc\u00e9dure devant l&rsquo;organe d&rsquo;arbitrage a le caract\u00e8re d&rsquo;un avis contraignant (article 20 Wkkgz). En soumettant le litige, l&rsquo;auteur accepte volontairement et sans ambigu\u00eft\u00e9 que l&rsquo;organe d&rsquo;arbitrage r\u00e8gle le litige par le biais d&rsquo;un avis contraignant et qu&rsquo;il puisse accorder des dommages-int\u00e9r\u00eats d&rsquo;un montant maximum de 25 000,00 euros. L&rsquo;auteur renonce ainsi \u00e0 son droit de soumettre le litige (\u00e9galement) au tribunal \u00e9tabli par la loi.  <\/p>\n\n<p><br\/>Fondation DOKh<br\/>Service des plaintes et litiges<br\/>Robijnstraat 6<br\/>1812 RB ALKMAAR<br\/>Tel : 072-520 83 25 (tous les jours de 9h00 \u00e0 15h00)<br\/>E-mail : <a href=\"mailto:klachtenengeschillen@dokh.nl\" target=\"_blank\" rel=\"noreferrer noopener\">klachtenengeschillen@dokh.nl<\/a><br\/>Website : <a href=\"http:\/\/www.dokh.nl\/\" target=\"_blank\" rel=\"noreferrer noopener\">www.dokh.nl<\/a><\/p>\n\n<p><\/p>\n\n<h3 class=\"wp-block-heading\">Vous avez une plainte \u00e0 formuler \u00e0 l&rsquo;encontre de votre m\u00e9decin. Que se passe-t-il maintenant ?  Proc\u00e9dure de r\u00e9clamation DOKh<\/h3>\n\n<p>Une bonne relation entre vous et votre m\u00e9decin est importante. Parfois, malheureusement, des \u00e9v\u00e9nements viennent perturber cette relation. Vous n&rsquo;\u00eates pas satisfait, vous avez une plainte \u00e0 formuler. Cette brochure vous informe sur ce que vous pouvez faire si vous avez un probl\u00e8me avec votre m\u00e9decin. Vous y trouverez des informations sur les possibilit\u00e9s de r\u00e9solution de votre probl\u00e8me et sur le traitement de votre plainte dans le cadre de la proc\u00e9dure de traitement des plaintes de DOKh.    <\/p>\n\n<h3 class=\"wp-block-heading\">Sortir ensemble<\/h3>\n\n<p>Tout d&rsquo;abord, essayez de discuter et de r\u00e9soudre le probl\u00e8me lors d&rsquo;un entretien personnel avec votre m\u00e9decin. En cas d&rsquo;\u00e9chec, votre m\u00e9decin vous mettra en contact avec le responsable des plaintes de DOKh. Vous pouvez \u00e9galement contacter directement DOKh.  <\/p>\n\n<h3 class=\"wp-block-heading\">R\u00e9ception des plaintes<\/h3>\n\n<p>Le responsable des plaintes de DOKh est ind\u00e9pendant et travaillera avec vous pour r\u00e9soudre votre plainte. Le responsable des plaintes vous contactera dans un d\u00e9lai d&rsquo;une semaine \u00e0 compter de la date \u00e0 laquelle DOKh a pris connaissance de votre plainte. <\/p>\n\n<p>Le responsable des plaintes tentera une m\u00e9diation si vous \u00eates dispos\u00e9 \u00e0 le faire.<\/p>\n\n<h3 class=\"wp-block-heading\">M\u00e9diation des plaintes<\/h3>\n\n<p>De nombreuses plaintes peuvent \u00eatre r\u00e9solues au cours d&rsquo;un entretien (t\u00e9l\u00e9phonique). Lors des entretiens de m\u00e9diation, vous et votre m\u00e9decin aurez l&rsquo;occasion d&rsquo;expliquer le(s) \u00e9v\u00e9nement(s). Au fur et \u00e0 mesure que la compr\u00e9hension mutuelle s&rsquo;accro\u00eet, il arrive souvent qu&rsquo;une situation acceptable se pr\u00e9sente \u00e0 nouveau. Le but ultime de la m\u00e9diation est de r\u00e9tablir la relation entre vous et votre m\u00e9decin.   <\/p>\n\n<h3 class=\"wp-block-heading\">Jugement formul\u00e9 par le m\u00e9decin<\/h3>\n\n<p>Pour compl\u00e9ter la proc\u00e9dure de plainte, le m\u00e9decin est tenu de vous informer de son avis dans les 6 semaines suivant le d\u00e9p\u00f4t de la plainte. Un avis consiste \u00e0 indiquer par \u00e9crit les d\u00e9cisions qu&rsquo;il a prises au sujet et \u00e0 la suite de la plainte, ainsi que les mesures qui seront prises, le cas \u00e9ch\u00e9ant. Le d\u00e9lai de six semaines peut \u00eatre prolong\u00e9 de quatre semaines au maximum si vous \u00eates inform\u00e9 \u00e0 temps.  <\/p>\n\n<p>Si les deux parties sont satisfaites du verdict, la plainte est r\u00e9gl\u00e9e. Si vous n&rsquo;\u00eates pas satisfait et que vous souhaitez poursuivre la proc\u00e9dure de r\u00e9clamation, il s&rsquo;agit d&rsquo;un litige. Apr\u00e8s le jugement, vous disposez de 6 mois pour d\u00e9cider si vous souhaitez soumettre le litige \u00e0 l&rsquo;Autorit\u00e9 de r\u00e8glement des litiges.  <\/p>\n\n<h3 class=\"wp-block-heading\">R\u00e8gles du jeu<\/h3>\n\n<ul class=\"wp-block-list\">\n<li>L&rsquo;aide du responsable des plaintes, la m\u00e9diation et le traitement des plaintes sont gratuits pour vous.<\/li>\n\n\n\n<li>La m\u00e9diation n&rsquo;est efficace que si les deux parties sont d&rsquo;accord sur ce point.<\/li>\n\n\n\n<li>La m\u00e9diation est bas\u00e9e sur le respect et la confiance mutuels.<\/li>\n\n\n\n<li>Toutes les personnes impliqu\u00e9es dans le processus traitent votre vie priv\u00e9e avec le plus grand soin et ont un devoir de confidentialit\u00e9.<\/li>\n\n\n\n<li>La proc\u00e9dure de plainte compl\u00e8te peut \u00eatre t\u00e9l\u00e9charg\u00e9e ci-dessous.<\/li>\n<\/ul>\n\n<h3 class=\"wp-block-heading\">Note : plainte concernant le m\u00e9decin charg\u00e9 de la sant\u00e9 et de la s\u00e9curit\u00e9 au travail<\/h3>\n\n<p>Conform\u00e9ment \u00e0 l&rsquo;article 1, paragraphe 4, de la Wkkgz, la proc\u00e9dure de r\u00e9clamation et de litige ne s&rsquo;applique pas aux conseils en mati\u00e8re d&rsquo;absence. Toutefois, l&rsquo;article 14, paragraphe 2, point h), de la loi sur les conditions de travail stipule que \u00ab\u00a0le m\u00e9decin du travail dispose d&rsquo;une proc\u00e9dure ad\u00e9quate pour traiter les plaintes\u00a0\u00bb. <\/p>\n\n<p>Pour \u00eatre clair : la DOKh propose son syst\u00e8me de r\u00e9clamation, y compris un responsable des r\u00e9clamations, \u00e9galement pour le conseil en mati\u00e8re d&rsquo;absence. Toutefois, \u00e0 l&rsquo;issue de la proc\u00e9dure de traitement des plaintes, la voie vers l&rsquo;organe de r\u00e9solution des litiges n&rsquo;est pas ouverte.  <\/p>\n\n<p>Si vous avez des questions \u00e0 ce sujet, veuillez contacter Femke Moerbeek<a href=\"mailto:fmoerbeek@dokh.nl\">(fmoerbeek@dokh.nl).<\/a><\/p>\n\n<h3 class=\"wp-block-heading\">Vous ne parvenez pas \u00e0 trouver un accord avec le responsable des plaintes ?<\/h3>\n\n<p>Si, malgr\u00e9 les entretiens de m\u00e9diation, vous ne parvenez pas \u00e0 trouver une solution, le responsable des plaintes vous aidera \u00e0 franchir l&rsquo;\u00e9tape suivante. Votre plainte devient alors un litige. Pour plus d&rsquo;informations \u00e0 ce sujet, veuillez consulter les informations sur notre site web et le d\u00e9pliant Vous avez un litige avec votre m\u00e9decin.  <\/p>\n\n<p>NB : L&rsquo;auteur d&rsquo;un litige est conscient du fait que la proc\u00e9dure devant l&rsquo;organe d&rsquo;arbitrage a le caract\u00e8re d&rsquo;un avis contraignant (article 20 Wkkgz). En soumettant le litige, l&rsquo;auteur accepte volontairement et sans ambigu\u00eft\u00e9 que l&rsquo;organe d&rsquo;arbitrage r\u00e8gle le litige par le biais d&rsquo;un avis contraignant et qu&rsquo;il puisse accorder des dommages-int\u00e9r\u00eats d&rsquo;un montant maximum de 25 000,00 euros. L&rsquo;auteur renonce ainsi \u00e0 son droit de soumettre le litige (\u00e9galement) au tribunal \u00e9tabli par la loi.  <\/p>\n\n<p><br\/>Fondation DOKh<br\/>Service des plaintes et litiges<br\/>Robijnstraat 6<br\/>1812 RB ALKMAAR<br\/>Tel : 072-520 83 25 (tous les jours de 9h00 \u00e0 15h00)<br\/>E-mail : <a href=\"mailto:klachtenengeschillen@dokh.nl\" target=\"_blank\" rel=\"noreferrer noopener\">klachtenengeschillen@dokh.nl<\/a><br\/>Website : <a href=\"http:\/\/www.dokh.nl\/\" target=\"_blank\" rel=\"noreferrer noopener\">www.dokh.nl<\/a><\/p>\n\n<p><\/p>\n\n<div class=\"wp-block-cover alignfull is-light wave\" style=\"margin-top:var(--wp--preset--spacing--60);margin-bottom:0;padding-bottom:var(--wp--preset--spacing--30)\"><span aria-hidden=\"true\" class=\"wp-block-cover__background has-accent-background-color has-background-dim-100 has-background-dim\"><\/span><div class=\"wp-block-cover__inner-container has-global-padding is-layout-constrained wp-block-cover-is-layout-constrained\">\n<h2 class=\"wp-block-heading has-text-align-center\">Laissez briller votre beaut\u00e9 naturelle.<\/h2>\n\n\n\n<div style=\"height:15px\" aria-hidden=\"true\" class=\"wp-block-spacer\"><\/div>\n\n\n\n<div class=\"wp-block-buttons is-content-justification-center is-layout-flex wp-container-core-buttons-is-layout-a89b3969 wp-block-buttons-is-layout-flex\">\n<div class=\"wp-block-button\"><a class=\"wp-block-button__link has-base-color has-accent-3-background-color has-text-color has-background has-link-color wp-element-button\">R\u00e9servez une consultation gratuite<\/a><\/div>\n<\/div>\n<\/div><\/div>\n","protected":false},"excerpt":{"rendered":"<p>Une plainte concernant votre m\u00e9decin Vous avez une plainte \u00e0 formuler \u00e0 l&rsquo;encontre de votre m\u00e9decin. Que se passe-t-il maintenant ? Une bonne relation entre vous et votre m\u00e9decin est importante. Parfois, malheureusement, des \u00e9v\u00e9nements viennent perturber cette relation. Vous&#8230;<\/p>\n","protected":false},"author":10,"featured_media":8996,"parent":0,"menu_order":0,"comment_status":"closed","ping_status":"closed","template":"","meta":{"_acf_changed":false,"footnotes":""},"class_list":["post-9087","page","type-page","status-publish","has-post-thumbnail","hentry"],"acf":[],"yoast_head":"<!-- This site is optimized with the Yoast SEO plugin v27.2 - https:\/\/yoast.com\/product\/yoast-seo-wordpress\/ -->\n<title>Notre politique en mati\u00e8re de plaintes - Aepril<\/title>\n<meta name=\"description\" content=\"Nous nous effor\u00e7ons de fournir les meilleurs soins. Vous avez une plainte \u00e0 formuler ? Lisez ici comment nous assurons la transparence et la qualit\u00e9 au sein des cliniques Aepril.\" \/>\n<meta name=\"robots\" content=\"index, follow, max-snippet:-1, max-image-preview:large, max-video-preview:-1\" \/>\n<link rel=\"canonical\" href=\"https:\/\/aeprilclinics.nl\/fr\/notre-politique-en-matiere-de-plaintes\/\" \/>\n<meta property=\"og:locale\" content=\"fr_FR\" \/>\n<meta property=\"og:type\" content=\"article\" \/>\n<meta property=\"og:title\" content=\"Notre politique en mati\u00e8re de plaintes - Aepril\" \/>\n<meta property=\"og:description\" content=\"Nous nous effor\u00e7ons de fournir les meilleurs soins. Vous avez une plainte \u00e0 formuler ? Lisez ici comment nous assurons la transparence et la qualit\u00e9 au sein des cliniques Aepril.\" \/>\n<meta property=\"og:url\" content=\"https:\/\/aeprilclinics.nl\/fr\/notre-politique-en-matiere-de-plaintes\/\" \/>\n<meta property=\"og:site_name\" content=\"Aepril\" \/>\n<meta property=\"article:modified_time\" content=\"2026-05-16T20:10:00+00:00\" \/>\n<meta property=\"og:image\" content=\"https:\/\/aeprilclinics.nl\/wp-content\/uploads\/2025\/02\/aesthe-clinics-Final-07.png\" \/>\n\t<meta property=\"og:image:width\" content=\"6667\" \/>\n\t<meta property=\"og:image:height\" content=\"5001\" \/>\n\t<meta property=\"og:image:type\" content=\"image\/png\" \/>\n<meta name=\"twitter:card\" content=\"summary_large_image\" \/>\n<meta name=\"twitter:label1\" content=\"Dur\u00e9e de lecture estim\u00e9e\" \/>\n\t<meta name=\"twitter:data1\" content=\"8 minutes\" \/>\n<script type=\"application\/ld+json\" class=\"yoast-schema-graph\">{\"@context\":\"https:\/\/schema.org\",\"@graph\":[{\"@type\":\"WebPage\",\"@id\":\"https:\/\/aeprilclinics.nl\/fr\/notre-politique-en-matiere-de-plaintes\/\",\"url\":\"https:\/\/aeprilclinics.nl\/fr\/notre-politique-en-matiere-de-plaintes\/\",\"name\":\"Notre politique en mati\u00e8re de plaintes - Aepril\",\"isPartOf\":{\"@id\":\"https:\/\/aeprilclinics.nl\/fr\/#website\"},\"primaryImageOfPage\":{\"@id\":\"https:\/\/aeprilclinics.nl\/fr\/notre-politique-en-matiere-de-plaintes\/#primaryimage\"},\"image\":{\"@id\":\"https:\/\/aeprilclinics.nl\/fr\/notre-politique-en-matiere-de-plaintes\/#primaryimage\"},\"thumbnailUrl\":\"https:\/\/aeprilclinics.nl\/wp-content\/uploads\/2025\/02\/aesthe-clinics-Final-07.png\",\"datePublished\":\"2025-01-21T16:17:31+00:00\",\"dateModified\":\"2026-05-16T20:10:00+00:00\",\"description\":\"Nous nous effor\u00e7ons de fournir les meilleurs soins. Vous avez une plainte \u00e0 formuler ? Lisez ici comment nous assurons la transparence et la qualit\u00e9 au sein des cliniques Aepril.\",\"breadcrumb\":{\"@id\":\"https:\/\/aeprilclinics.nl\/fr\/notre-politique-en-matiere-de-plaintes\/#breadcrumb\"},\"inLanguage\":\"fr-FR\",\"potentialAction\":[{\"@type\":\"ReadAction\",\"target\":[\"https:\/\/aeprilclinics.nl\/fr\/notre-politique-en-matiere-de-plaintes\/\"]}]},{\"@type\":\"ImageObject\",\"inLanguage\":\"fr-FR\",\"@id\":\"https:\/\/aeprilclinics.nl\/fr\/notre-politique-en-matiere-de-plaintes\/#primaryimage\",\"url\":\"https:\/\/aeprilclinics.nl\/wp-content\/uploads\/2025\/02\/aesthe-clinics-Final-07.png\",\"contentUrl\":\"https:\/\/aeprilclinics.nl\/wp-content\/uploads\/2025\/02\/aesthe-clinics-Final-07.png\",\"width\":6667,\"height\":5001},{\"@type\":\"BreadcrumbList\",\"@id\":\"https:\/\/aeprilclinics.nl\/fr\/notre-politique-en-matiere-de-plaintes\/#breadcrumb\",\"itemListElement\":[{\"@type\":\"ListItem\",\"position\":1,\"name\":\"Home\",\"item\":\"https:\/\/aeprilclinics.nl\/fr\/\"},{\"@type\":\"ListItem\",\"position\":2,\"name\":\"Notre politique en mati\u00e8re de plaintes\"}]},{\"@type\":\"WebSite\",\"@id\":\"https:\/\/aeprilclinics.nl\/fr\/#website\",\"url\":\"https:\/\/aeprilclinics.nl\/fr\/\",\"name\":\"Aepril\",\"description\":\"\",\"potentialAction\":[{\"@type\":\"SearchAction\",\"target\":{\"@type\":\"EntryPoint\",\"urlTemplate\":\"https:\/\/aeprilclinics.nl\/fr\/?s={search_term_string}\"},\"query-input\":{\"@type\":\"PropertyValueSpecification\",\"valueRequired\":true,\"valueName\":\"search_term_string\"}}],\"inLanguage\":\"fr-FR\"}]}<\/script>\n<!-- \/ Yoast SEO plugin. -->","yoast_head_json":{"title":"Notre politique en mati\u00e8re de plaintes - Aepril","description":"Nous nous effor\u00e7ons de fournir les meilleurs soins. Vous avez une plainte \u00e0 formuler ? Lisez ici comment nous assurons la transparence et la qualit\u00e9 au sein des cliniques Aepril.","robots":{"index":"index","follow":"follow","max-snippet":"max-snippet:-1","max-image-preview":"max-image-preview:large","max-video-preview":"max-video-preview:-1"},"canonical":"https:\/\/aeprilclinics.nl\/fr\/notre-politique-en-matiere-de-plaintes\/","og_locale":"fr_FR","og_type":"article","og_title":"Notre politique en mati\u00e8re de plaintes - Aepril","og_description":"Nous nous effor\u00e7ons de fournir les meilleurs soins. Vous avez une plainte \u00e0 formuler ? Lisez ici comment nous assurons la transparence et la qualit\u00e9 au sein des cliniques Aepril.","og_url":"https:\/\/aeprilclinics.nl\/fr\/notre-politique-en-matiere-de-plaintes\/","og_site_name":"Aepril","article_modified_time":"2026-05-16T20:10:00+00:00","og_image":[{"width":6667,"height":5001,"url":"https:\/\/aeprilclinics.nl\/wp-content\/uploads\/2025\/02\/aesthe-clinics-Final-07.png","type":"image\/png"}],"twitter_card":"summary_large_image","twitter_misc":{"Dur\u00e9e de lecture estim\u00e9e":"8 minutes"},"schema":{"@context":"https:\/\/schema.org","@graph":[{"@type":"WebPage","@id":"https:\/\/aeprilclinics.nl\/fr\/notre-politique-en-matiere-de-plaintes\/","url":"https:\/\/aeprilclinics.nl\/fr\/notre-politique-en-matiere-de-plaintes\/","name":"Notre politique en mati\u00e8re de plaintes - Aepril","isPartOf":{"@id":"https:\/\/aeprilclinics.nl\/fr\/#website"},"primaryImageOfPage":{"@id":"https:\/\/aeprilclinics.nl\/fr\/notre-politique-en-matiere-de-plaintes\/#primaryimage"},"image":{"@id":"https:\/\/aeprilclinics.nl\/fr\/notre-politique-en-matiere-de-plaintes\/#primaryimage"},"thumbnailUrl":"https:\/\/aeprilclinics.nl\/wp-content\/uploads\/2025\/02\/aesthe-clinics-Final-07.png","datePublished":"2025-01-21T16:17:31+00:00","dateModified":"2026-05-16T20:10:00+00:00","description":"Nous nous effor\u00e7ons de fournir les meilleurs soins. Vous avez une plainte \u00e0 formuler ? Lisez ici comment nous assurons la transparence et la qualit\u00e9 au sein des cliniques Aepril.","breadcrumb":{"@id":"https:\/\/aeprilclinics.nl\/fr\/notre-politique-en-matiere-de-plaintes\/#breadcrumb"},"inLanguage":"fr-FR","potentialAction":[{"@type":"ReadAction","target":["https:\/\/aeprilclinics.nl\/fr\/notre-politique-en-matiere-de-plaintes\/"]}]},{"@type":"ImageObject","inLanguage":"fr-FR","@id":"https:\/\/aeprilclinics.nl\/fr\/notre-politique-en-matiere-de-plaintes\/#primaryimage","url":"https:\/\/aeprilclinics.nl\/wp-content\/uploads\/2025\/02\/aesthe-clinics-Final-07.png","contentUrl":"https:\/\/aeprilclinics.nl\/wp-content\/uploads\/2025\/02\/aesthe-clinics-Final-07.png","width":6667,"height":5001},{"@type":"BreadcrumbList","@id":"https:\/\/aeprilclinics.nl\/fr\/notre-politique-en-matiere-de-plaintes\/#breadcrumb","itemListElement":[{"@type":"ListItem","position":1,"name":"Home","item":"https:\/\/aeprilclinics.nl\/fr\/"},{"@type":"ListItem","position":2,"name":"Notre politique en mati\u00e8re de plaintes"}]},{"@type":"WebSite","@id":"https:\/\/aeprilclinics.nl\/fr\/#website","url":"https:\/\/aeprilclinics.nl\/fr\/","name":"Aepril","description":"","potentialAction":[{"@type":"SearchAction","target":{"@type":"EntryPoint","urlTemplate":"https:\/\/aeprilclinics.nl\/fr\/?s={search_term_string}"},"query-input":{"@type":"PropertyValueSpecification","valueRequired":true,"valueName":"search_term_string"}}],"inLanguage":"fr-FR"}]}},"_links":{"self":[{"href":"https:\/\/aeprilclinics.nl\/fr\/wp-json\/wp\/v2\/pages\/9087","targetHints":{"allow":["GET"]}}],"collection":[{"href":"https:\/\/aeprilclinics.nl\/fr\/wp-json\/wp\/v2\/pages"}],"about":[{"href":"https:\/\/aeprilclinics.nl\/fr\/wp-json\/wp\/v2\/types\/page"}],"author":[{"embeddable":true,"href":"https:\/\/aeprilclinics.nl\/fr\/wp-json\/wp\/v2\/users\/10"}],"replies":[{"embeddable":true,"href":"https:\/\/aeprilclinics.nl\/fr\/wp-json\/wp\/v2\/comments?post=9087"}],"version-history":[{"count":1,"href":"https:\/\/aeprilclinics.nl\/fr\/wp-json\/wp\/v2\/pages\/9087\/revisions"}],"predecessor-version":[{"id":9089,"href":"https:\/\/aeprilclinics.nl\/fr\/wp-json\/wp\/v2\/pages\/9087\/revisions\/9089"}],"wp:featuredmedia":[{"embeddable":true,"href":"https:\/\/aeprilclinics.nl\/fr\/wp-json\/wp\/v2\/media\/8996"}],"wp:attachment":[{"href":"https:\/\/aeprilclinics.nl\/fr\/wp-json\/wp\/v2\/media?parent=9087"}],"curies":[{"name":"wp","href":"https:\/\/api.w.org\/{rel}","templated":true}]}}