{"id":10311,"date":"2026-04-16T13:06:19","date_gmt":"2026-04-16T13:06:19","guid":{"rendered":"https:\/\/aeprilclinics.nl\/croma-pharma\/"},"modified":"2026-05-16T21:02:55","modified_gmt":"2026-05-16T21:02:55","slug":"croma-pharma","status":"publish","type":"page","link":"https:\/\/aeprilclinics.nl\/fr\/croma-pharma\/","title":{"rendered":"Croma Pharma"},"content":{"rendered":"\n<div class=\"wp-block-media-text has-media-on-the-right is-stacked-on-mobile is-image-fill-element\" style=\"margin-bottom:var(--wp--preset--spacing--60)\"><div class=\"wp-block-media-text__content\">\n<h5 class=\"wp-block-heading\">Croma Pharma aux cliniques Aepril<\/h5>\n\n\n\n<h2 class=\"wp-block-heading\">Qu&rsquo;est-ce que Croma Pharma ?<\/h2>\n\n\n\n<p>Croma-Pharma est une entreprise pharmaceutique internationale sp\u00e9cialis\u00e9e dans l&rsquo;esth\u00e9tique m\u00e9dicale. Fond\u00e9e en Autriche, l&rsquo;entreprise est devenue l&rsquo;un des principaux fabricants de produits injectables \u00e0 vis\u00e9e esth\u00e9tique et de produits d&rsquo;am\u00e9lioration de la peau. <\/p>\n\n\n\n<p>Croma Pharma d\u00e9veloppe et fabrique des produits de comblement, des stimulants cutan\u00e9s et des produits r\u00e9g\u00e9n\u00e9ratifs pour la peau, entre autres, qui sont utilis\u00e9s par des m\u00e9decins et des cliniques dans le monde entier. Les produits sont r\u00e9put\u00e9s pour leur haute qualit\u00e9, leurs normes de production pharmaceutique strictes et leur efficacit\u00e9 scientifiquement prouv\u00e9e. <\/p>\n\n\n\n<p>Chez Aepril Cosmetic Clinic, nous travaillons avec les produits Croma Pharma et nous achetons <strong>toujours directement aupr\u00e8s du fabricant pharmaceutique<\/strong>, sans interm\u00e9diaire. Cela nous permet de garantir pleinement l&rsquo;authenticit\u00e9, la qualit\u00e9 et la tra\u00e7abilit\u00e9 de nos produits. <\/p>\n<\/div><figure class=\"wp-block-media-text__media\"><img loading=\"lazy\" decoding=\"async\" width=\"683\" height=\"1024\" src=\"https:\/\/aeprilclinics.nl\/wp-content\/uploads\/2025\/01\/BN4A7674-Verbeterd-NR-683x1024.jpg\" alt=\"\" class=\"wp-image-914 size-full\" style=\"object-position:50% 50%\" srcset=\"https:\/\/aeprilclinics.nl\/wp-content\/uploads\/2025\/01\/BN4A7674-Verbeterd-NR-683x1024.jpg 683w, https:\/\/aeprilclinics.nl\/wp-content\/uploads\/2025\/01\/BN4A7674-Verbeterd-NR-200x300.jpg 200w, https:\/\/aeprilclinics.nl\/wp-content\/uploads\/2025\/01\/BN4A7674-Verbeterd-NR-768x1152.jpg 768w, https:\/\/aeprilclinics.nl\/wp-content\/uploads\/2025\/01\/BN4A7674-Verbeterd-NR-1024x1536.jpg 1024w, https:\/\/aeprilclinics.nl\/wp-content\/uploads\/2025\/01\/BN4A7674-Verbeterd-NR-1365x2048.jpg 1365w, https:\/\/aeprilclinics.nl\/wp-content\/uploads\/2025\/01\/BN4A7674-Verbeterd-NR-180x270.jpg 180w, https:\/\/aeprilclinics.nl\/wp-content\/uploads\/2025\/01\/BN4A7674-Verbeterd-NR-scaled.jpg 1706w\" sizes=\"auto, (max-width: 683px) 100vw, 683px\" \/><\/figure><\/div>\n\n<div class=\"wp-block-cover alignfull is-light\" style=\"margin-top:var(--wp--preset--spacing--60);margin-bottom:var(--wp--preset--spacing--60)\"><span aria-hidden=\"true\" class=\"wp-block-cover__background has-accent-2-background-color has-background-dim-100 has-background-dim\"><\/span><div class=\"wp-block-cover__inner-container has-global-padding is-layout-constrained wp-block-cover-is-layout-constrained\">\n<h5 class=\"wp-block-heading has-text-align-center\">Informations<\/h5>\n\n\n\n<h2 class=\"wp-block-heading has-text-align-center\">Informations sur nos traitements Croma Pharma<\/h2>\n\n\n\n<div class=\"wp-block-columns is-layout-flex wp-container-core-columns-is-layout-b0bab6eb wp-block-columns-is-layout-flex\" style=\"margin-top:var(--wp--preset--spacing--40);margin-bottom:var(--wp--preset--spacing--40)\">\n<div class=\"wp-block-column is-layout-flow wp-block-column-is-layout-flow\">\n<div class=\"wp-block-columns is-not-stacked-on-mobile is-layout-flex wp-container-core-columns-is-layout-28f84493 wp-block-columns-is-layout-flex\">\n<div class=\"wp-block-column is-layout-flow wp-block-column-is-layout-flow\" style=\"flex-basis:50px\">\n<figure class=\"wp-block-image size-full\"><img loading=\"lazy\" decoding=\"async\" width=\"300\" height=\"315\" src=\"https:\/\/aeprilclinics.nl\/wp-content\/uploads\/2025\/01\/icon-merk.png\" alt=\"\" class=\"wp-image-1001\" srcset=\"https:\/\/aeprilclinics.nl\/wp-content\/uploads\/2025\/01\/icon-merk.png 300w, https:\/\/aeprilclinics.nl\/wp-content\/uploads\/2025\/01\/icon-merk-286x300.png 286w, https:\/\/aeprilclinics.nl\/wp-content\/uploads\/2025\/01\/icon-merk-257x270.png 257w\" sizes=\"auto, (max-width: 300px) 100vw, 300px\" \/><\/figure>\n<\/div>\n\n\n\n<div class=\"wp-block-column is-layout-flow wp-block-column-is-layout-flow\">\n<h3 class=\"wp-block-heading\">Marque :<\/h3>\n\n\n\n<p>Booster de peau polyphile<\/p>\n<\/div>\n<\/div>\n<\/div>\n\n\n\n<div class=\"wp-block-column is-layout-flow wp-block-column-is-layout-flow\">\n<div class=\"wp-block-columns is-not-stacked-on-mobile is-layout-flex wp-container-core-columns-is-layout-28f84493 wp-block-columns-is-layout-flex\">\n<div class=\"wp-block-column is-layout-flow wp-block-column-is-layout-flow\" style=\"flex-basis:50px\">\n<figure class=\"wp-block-image size-full\"><img loading=\"lazy\" decoding=\"async\" width=\"300\" height=\"315\" src=\"https:\/\/aeprilclinics.nl\/wp-content\/uploads\/2025\/01\/icon-prijs.png\" alt=\"\" class=\"wp-image-1004\" srcset=\"https:\/\/aeprilclinics.nl\/wp-content\/uploads\/2025\/01\/icon-prijs.png 300w, https:\/\/aeprilclinics.nl\/wp-content\/uploads\/2025\/01\/icon-prijs-286x300.png 286w, https:\/\/aeprilclinics.nl\/wp-content\/uploads\/2025\/01\/icon-prijs-257x270.png 257w\" sizes=\"auto, (max-width: 300px) 100vw, 300px\" \/><\/figure>\n<\/div>\n\n\n\n<div class=\"wp-block-column is-layout-flow wp-block-column-is-layout-flow\">\n<h3 class=\"wp-block-heading\">Info<\/h3>\n\n\n\n<p><a href=\"https:\/\/aeprilclinics.nl\/fr\/amelioration-de-la-peau\/adn-de-saumon-polyphile-traitement-du-visage\/\" id=\"4868\">Lisez \u00e0 propos de Polyhil Face ici<br \/><\/a><a href=\"https:\/\/aeprilclinics.nl\/fr\/amelioration-de-la-peau\/adn-de-saumon-polyphile-traitement-des-yeux\/\" id=\"1484\">Lisez \u00e0 propos de Polyphil Eyes<br \/><\/a><a href=\"https:\/\/aeprilclinics.nl\/fr\/amelioration-de-la-peau\/polyphil-salmon-dna-traitement-des-cheveux\/\" id=\"4873\">Lisez \u00e0 propos de Polyphil Hair ici<\/a><\/p>\n\n\n\n<p><a href=\"https:\/\/aeprilclinics.nl\/fr\/tarifs\/\">Voir tous les prix ici<\/a><br \/><br \/><\/p>\n<\/div>\n<\/div>\n<\/div>\n<\/div>\n<\/div><\/div>\n\n<div class=\"wp-block-columns is-layout-flex wp-container-core-columns-is-layout-28f84493 wp-block-columns-is-layout-flex\">\n<div class=\"wp-block-column is-layout-flow wp-block-column-is-layout-flow\">\n<h2 class=\"wp-block-heading\">Produits de Croma Pharma<\/h2>\n\n\n\n<p>Croma Pharma d\u00e9veloppe divers produits qui sont utilis\u00e9s dans le monde entier dans le domaine de l&rsquo;esth\u00e9tique m\u00e9dicale et de l&rsquo;am\u00e9lioration de la peau. Un exemple bien connu est : <\/p>\n\n\n\n<ul class=\"wp-block-list\">\n<li>PhilArt Eyes<\/li>\n\n\n\n<li>PhilArt Face<\/li>\n\n\n\n<li>Philart Hair<\/li>\n<\/ul>\n\n\n\n<p>PhilArt est un traitement r\u00e9g\u00e9n\u00e9rateur \u00e0 base de polynucl\u00e9otides qui contribue \u00e0 am\u00e9liorer la qualit\u00e9 de la peau, \u00e0 l&rsquo;hydrater et \u00e0 stimuler son processus naturel de r\u00e9paration.<\/p>\n\n\n\n<p>Les produits Croma sont utilis\u00e9s par des m\u00e9decins du monde entier pour leur s\u00e9curit\u00e9 prouv\u00e9e et leurs r\u00e9sultats naturels.<\/p>\n<\/div>\n<\/div>\n\n<div style=\"height:100px\" aria-hidden=\"true\" class=\"wp-block-spacer\"><\/div>\n\n<div class=\"wp-block-media-text is-stacked-on-mobile is-image-fill-element\"><figure class=\"wp-block-media-text__media\"><img loading=\"lazy\" decoding=\"async\" width=\"683\" height=\"1024\" src=\"https:\/\/aeprilclinics.nl\/wp-content\/uploads\/2025\/01\/BN4A9197-683x1024.jpg\" alt=\"\" class=\"wp-image-1015 size-full\" style=\"object-position:50% 50%\" srcset=\"https:\/\/aeprilclinics.nl\/wp-content\/uploads\/2025\/01\/BN4A9197-683x1024.jpg 683w, https:\/\/aeprilclinics.nl\/wp-content\/uploads\/2025\/01\/BN4A9197-200x300.jpg 200w, https:\/\/aeprilclinics.nl\/wp-content\/uploads\/2025\/01\/BN4A9197-768x1152.jpg 768w, https:\/\/aeprilclinics.nl\/wp-content\/uploads\/2025\/01\/BN4A9197-1024x1536.jpg 1024w, https:\/\/aeprilclinics.nl\/wp-content\/uploads\/2025\/01\/BN4A9197-1365x2048.jpg 1365w, https:\/\/aeprilclinics.nl\/wp-content\/uploads\/2025\/01\/BN4A9197-180x270.jpg 180w, https:\/\/aeprilclinics.nl\/wp-content\/uploads\/2025\/01\/BN4A9197-scaled.jpg 1707w\" sizes=\"auto, (max-width: 683px) 100vw, 683px\" \/><\/figure><div class=\"wp-block-media-text__content\">\n<h5 class=\"wp-block-heading\">Pourquoi nous travaillons avec Croma<\/h5>\n\n\n\n<h2 class=\"wp-block-heading\">Pourquoi choisir les produits de Croma Pharma ?<\/h2>\n\n\n\n<p>Croma Pharma fait partie des entreprises leaders dans le domaine de l&rsquo;esth\u00e9tique m\u00e9dicale. Ses produits sont d\u00e9velopp\u00e9s sur la base de recherches scientifiques et d&rsquo;\u00e9tudes cliniques. <\/p>\n\n\n\n<p>Les avantages des produits Croma sont les suivants<\/p>\n\n\n\n<ul class=\"wp-block-list\">\n<li>normes de production pharmaceutique<\/li>\n\n\n\n<li>une grande puret\u00e9 du produit<\/li>\n\n\n\n<li>Effet cliniquement \u00e9tudi\u00e9<\/li>\n\n\n\n<li>am\u00e9lioration naturelle de la peau<\/li>\n\n\n\n<li>utilis\u00e9 par des m\u00e9decins du monde entier<\/li>\n<\/ul>\n\n\n\n<p>Chez Aepril Clinics, nous choisissons d\u00e9lib\u00e9r\u00e9ment cette qualit\u00e9 pharmaceutique pour offrir \u00e0 nos clients des traitements s\u00fbrs et efficaces.<\/p>\n<\/div><\/div>\n\n<div style=\"height:100px\" aria-hidden=\"true\" class=\"wp-block-spacer\"><\/div>\n\n<div class=\"wp-block-columns is-layout-flex wp-container-core-columns-is-layout-28f84493 wp-block-columns-is-layout-flex\">\n<div class=\"wp-block-column is-layout-flow wp-block-column-is-layout-flow\">\n<h2 class=\"wp-block-heading\">Pourquoi choisir Aepril Clinics ?<\/h2>\n\n\n\n<p>Aux cliniques Aepril, la qualit\u00e9, le confort et votre bien-\u00eatre sont essentiels. Nos m\u00e9decins bien form\u00e9s n&rsquo;offrent que des traitements \u00e9prouv\u00e9s et certifi\u00e9s et se concentrent sur des am\u00e9liorations subtiles qui mettent en valeur votre apparence unique. <\/p>\n<\/div>\n\n\n\n<div class=\"wp-block-column is-layout-flow wp-block-column-is-layout-flow\">\n<h2 class=\"wp-block-heading\">Des conseils personnalis\u00e9s et honn\u00eates<\/h2>\n\n\n\n<p>Ensemble, nous \u00e9tablirons un plan de traitement adapt\u00e9 \u00e0 vos besoins et garantissant une approche s\u00fbre et naturelle. Nos m\u00e9decins se feront un plaisir de vous conseiller sur les meilleures options. <\/p>\n<\/div>\n<\/div>\n\n<div style=\"height:100px\" aria-hidden=\"true\" class=\"wp-block-spacer\"><\/div>\n\n<div class=\"wp-block-cover alignfull is-light wave\" style=\"margin-top:0;margin-bottom:0;padding-bottom:var(--wp--preset--spacing--30)\"><span aria-hidden=\"true\" class=\"wp-block-cover__background has-accent-background-color has-background-dim-100 has-background-dim\"><\/span><div class=\"wp-block-cover__inner-container has-global-padding is-layout-constrained wp-block-cover-is-layout-constrained\">\n<h2 class=\"wp-block-heading has-text-align-center\">Vous doutez que les traitements de Croma soient le bon choix ?<\/h2>\n\n\n\n<p class=\"has-text-align-center\">Contactez nos sp\u00e9cialistes pour une consultation sans engagement et d\u00e9couvrez ce que nous pouvons faire pour vous.<\/p>\n\n\n\n<div class=\"wp-block-buttons is-content-justification-center is-layout-flex wp-container-core-buttons-is-layout-a89b3969 wp-block-buttons-is-layout-flex\">\n<div class=\"wp-block-button\"><a class=\"wp-block-button__link has-base-color has-accent-3-background-color has-text-color has-background has-link-color wp-element-button\" href=\"https:\/\/aeprilclinics.nl\/fr\/reservez-une-consultation-gratuite\/\">R\u00e9servez une consultation gratuite<\/a><\/div>\n<\/div>\n<\/div><\/div>\n\n<p><\/p>\n","protected":false},"excerpt":{"rendered":"<p>Croma Pharma aux cliniques Aepril Qu&rsquo;est-ce que Croma Pharma ? Croma-Pharma est une entreprise pharmaceutique internationale sp\u00e9cialis\u00e9e dans l&rsquo;esth\u00e9tique m\u00e9dicale. Fond\u00e9e en Autriche, l&rsquo;entreprise est devenue l&rsquo;un des principaux fabricants de produits injectables \u00e0 vis\u00e9e esth\u00e9tique et de produits d&rsquo;am\u00e9lioration&#8230;<\/p>\n","protected":false},"author":14,"featured_media":8996,"parent":0,"menu_order":0,"comment_status":"closed","ping_status":"closed","template":"","meta":{"_acf_changed":false,"footnotes":""},"class_list":["post-10311","page","type-page","status-publish","has-post-thumbnail","hentry"],"acf":[],"yoast_head":"<!-- This site is optimized with the Yoast SEO plugin v27.2 - https:\/\/yoast.com\/product\/yoast-seo-wordpress\/ -->\n<title>Croma Pharma at Aepril Clinics<\/title>\n<meta name=\"description\" content=\"Croma Pharma est un leader dans le domaine des produits de comblement et des stimulants cutan\u00e9s pour la m\u00e9decine esth\u00e9tique. Nous travaillons avec Croma pour obtenir les meilleurs r\u00e9sultats.\" \/>\n<meta name=\"robots\" content=\"index, follow, max-snippet:-1, max-image-preview:large, max-video-preview:-1\" \/>\n<link rel=\"canonical\" href=\"https:\/\/aeprilclinics.nl\/fr\/croma-pharma\/\" \/>\n<meta property=\"og:locale\" content=\"fr_FR\" \/>\n<meta property=\"og:type\" content=\"article\" \/>\n<meta property=\"og:title\" content=\"Croma Pharma at Aepril Clinics\" \/>\n<meta property=\"og:description\" content=\"Croma Pharma est un leader dans le domaine des produits de comblement et des stimulants cutan\u00e9s pour la m\u00e9decine esth\u00e9tique. Nous travaillons avec Croma pour obtenir les meilleurs r\u00e9sultats.\" \/>\n<meta property=\"og:url\" content=\"https:\/\/aeprilclinics.nl\/fr\/croma-pharma\/\" \/>\n<meta property=\"og:site_name\" content=\"Aepril\" \/>\n<meta property=\"article:modified_time\" content=\"2026-05-16T21:02:55+00:00\" \/>\n<meta property=\"og:image\" content=\"https:\/\/aeprilclinics.nl\/wp-content\/uploads\/2025\/02\/aesthe-clinics-Final-07.png\" \/>\n\t<meta property=\"og:image:width\" content=\"6667\" \/>\n\t<meta property=\"og:image:height\" content=\"5001\" \/>\n\t<meta property=\"og:image:type\" content=\"image\/png\" \/>\n<meta name=\"twitter:card\" content=\"summary_large_image\" \/>\n<meta name=\"twitter:label1\" content=\"Dur\u00e9e de lecture estim\u00e9e\" \/>\n\t<meta name=\"twitter:data1\" content=\"3 minutes\" \/>\n<script type=\"application\/ld+json\" class=\"yoast-schema-graph\">{\"@context\":\"https:\/\/schema.org\",\"@graph\":[{\"@type\":\"WebPage\",\"@id\":\"https:\/\/aeprilclinics.nl\/fr\/croma-pharma\/\",\"url\":\"https:\/\/aeprilclinics.nl\/fr\/croma-pharma\/\",\"name\":\"Croma Pharma at Aepril Clinics\",\"isPartOf\":{\"@id\":\"https:\/\/aeprilclinics.nl\/fr\/#website\"},\"primaryImageOfPage\":{\"@id\":\"https:\/\/aeprilclinics.nl\/fr\/croma-pharma\/#primaryimage\"},\"image\":{\"@id\":\"https:\/\/aeprilclinics.nl\/fr\/croma-pharma\/#primaryimage\"},\"thumbnailUrl\":\"https:\/\/aeprilclinics.nl\/wp-content\/uploads\/2025\/02\/aesthe-clinics-Final-07.png\",\"datePublished\":\"2026-04-16T13:06:19+00:00\",\"dateModified\":\"2026-05-16T21:02:55+00:00\",\"description\":\"Croma Pharma est un leader dans le domaine des produits de comblement et des stimulants cutan\u00e9s pour la m\u00e9decine esth\u00e9tique. Nous travaillons avec Croma pour obtenir les meilleurs r\u00e9sultats.\",\"breadcrumb\":{\"@id\":\"https:\/\/aeprilclinics.nl\/fr\/croma-pharma\/#breadcrumb\"},\"inLanguage\":\"fr-FR\",\"potentialAction\":[{\"@type\":\"ReadAction\",\"target\":[\"https:\/\/aeprilclinics.nl\/fr\/croma-pharma\/\"]}]},{\"@type\":\"ImageObject\",\"inLanguage\":\"fr-FR\",\"@id\":\"https:\/\/aeprilclinics.nl\/fr\/croma-pharma\/#primaryimage\",\"url\":\"https:\/\/aeprilclinics.nl\/wp-content\/uploads\/2025\/02\/aesthe-clinics-Final-07.png\",\"contentUrl\":\"https:\/\/aeprilclinics.nl\/wp-content\/uploads\/2025\/02\/aesthe-clinics-Final-07.png\",\"width\":6667,\"height\":5001},{\"@type\":\"BreadcrumbList\",\"@id\":\"https:\/\/aeprilclinics.nl\/fr\/croma-pharma\/#breadcrumb\",\"itemListElement\":[{\"@type\":\"ListItem\",\"position\":1,\"name\":\"Home\",\"item\":\"https:\/\/aeprilclinics.nl\/fr\/\"},{\"@type\":\"ListItem\",\"position\":2,\"name\":\"Croma Pharma\"}]},{\"@type\":\"WebSite\",\"@id\":\"https:\/\/aeprilclinics.nl\/fr\/#website\",\"url\":\"https:\/\/aeprilclinics.nl\/fr\/\",\"name\":\"Aepril\",\"description\":\"\",\"potentialAction\":[{\"@type\":\"SearchAction\",\"target\":{\"@type\":\"EntryPoint\",\"urlTemplate\":\"https:\/\/aeprilclinics.nl\/fr\/?s={search_term_string}\"},\"query-input\":{\"@type\":\"PropertyValueSpecification\",\"valueRequired\":true,\"valueName\":\"search_term_string\"}}],\"inLanguage\":\"fr-FR\"}]}<\/script>\n<!-- \/ Yoast SEO plugin. -->","yoast_head_json":{"title":"Croma Pharma at Aepril Clinics","description":"Croma Pharma est un leader dans le domaine des produits de comblement et des stimulants cutan\u00e9s pour la m\u00e9decine esth\u00e9tique. Nous travaillons avec Croma pour obtenir les meilleurs r\u00e9sultats.","robots":{"index":"index","follow":"follow","max-snippet":"max-snippet:-1","max-image-preview":"max-image-preview:large","max-video-preview":"max-video-preview:-1"},"canonical":"https:\/\/aeprilclinics.nl\/fr\/croma-pharma\/","og_locale":"fr_FR","og_type":"article","og_title":"Croma Pharma at Aepril Clinics","og_description":"Croma Pharma est un leader dans le domaine des produits de comblement et des stimulants cutan\u00e9s pour la m\u00e9decine esth\u00e9tique. Nous travaillons avec Croma pour obtenir les meilleurs r\u00e9sultats.","og_url":"https:\/\/aeprilclinics.nl\/fr\/croma-pharma\/","og_site_name":"Aepril","article_modified_time":"2026-05-16T21:02:55+00:00","og_image":[{"width":6667,"height":5001,"url":"https:\/\/aeprilclinics.nl\/wp-content\/uploads\/2025\/02\/aesthe-clinics-Final-07.png","type":"image\/png"}],"twitter_card":"summary_large_image","twitter_misc":{"Dur\u00e9e de lecture estim\u00e9e":"3 minutes"},"schema":{"@context":"https:\/\/schema.org","@graph":[{"@type":"WebPage","@id":"https:\/\/aeprilclinics.nl\/fr\/croma-pharma\/","url":"https:\/\/aeprilclinics.nl\/fr\/croma-pharma\/","name":"Croma Pharma at Aepril Clinics","isPartOf":{"@id":"https:\/\/aeprilclinics.nl\/fr\/#website"},"primaryImageOfPage":{"@id":"https:\/\/aeprilclinics.nl\/fr\/croma-pharma\/#primaryimage"},"image":{"@id":"https:\/\/aeprilclinics.nl\/fr\/croma-pharma\/#primaryimage"},"thumbnailUrl":"https:\/\/aeprilclinics.nl\/wp-content\/uploads\/2025\/02\/aesthe-clinics-Final-07.png","datePublished":"2026-04-16T13:06:19+00:00","dateModified":"2026-05-16T21:02:55+00:00","description":"Croma Pharma est un leader dans le domaine des produits de comblement et des stimulants cutan\u00e9s pour la m\u00e9decine esth\u00e9tique. Nous travaillons avec Croma pour obtenir les meilleurs r\u00e9sultats.","breadcrumb":{"@id":"https:\/\/aeprilclinics.nl\/fr\/croma-pharma\/#breadcrumb"},"inLanguage":"fr-FR","potentialAction":[{"@type":"ReadAction","target":["https:\/\/aeprilclinics.nl\/fr\/croma-pharma\/"]}]},{"@type":"ImageObject","inLanguage":"fr-FR","@id":"https:\/\/aeprilclinics.nl\/fr\/croma-pharma\/#primaryimage","url":"https:\/\/aeprilclinics.nl\/wp-content\/uploads\/2025\/02\/aesthe-clinics-Final-07.png","contentUrl":"https:\/\/aeprilclinics.nl\/wp-content\/uploads\/2025\/02\/aesthe-clinics-Final-07.png","width":6667,"height":5001},{"@type":"BreadcrumbList","@id":"https:\/\/aeprilclinics.nl\/fr\/croma-pharma\/#breadcrumb","itemListElement":[{"@type":"ListItem","position":1,"name":"Home","item":"https:\/\/aeprilclinics.nl\/fr\/"},{"@type":"ListItem","position":2,"name":"Croma Pharma"}]},{"@type":"WebSite","@id":"https:\/\/aeprilclinics.nl\/fr\/#website","url":"https:\/\/aeprilclinics.nl\/fr\/","name":"Aepril","description":"","potentialAction":[{"@type":"SearchAction","target":{"@type":"EntryPoint","urlTemplate":"https:\/\/aeprilclinics.nl\/fr\/?s={search_term_string}"},"query-input":{"@type":"PropertyValueSpecification","valueRequired":true,"valueName":"search_term_string"}}],"inLanguage":"fr-FR"}]}},"_links":{"self":[{"href":"https:\/\/aeprilclinics.nl\/fr\/wp-json\/wp\/v2\/pages\/10311","targetHints":{"allow":["GET"]}}],"collection":[{"href":"https:\/\/aeprilclinics.nl\/fr\/wp-json\/wp\/v2\/pages"}],"about":[{"href":"https:\/\/aeprilclinics.nl\/fr\/wp-json\/wp\/v2\/types\/page"}],"author":[{"embeddable":true,"href":"https:\/\/aeprilclinics.nl\/fr\/wp-json\/wp\/v2\/users\/14"}],"replies":[{"embeddable":true,"href":"https:\/\/aeprilclinics.nl\/fr\/wp-json\/wp\/v2\/comments?post=10311"}],"version-history":[{"count":4,"href":"https:\/\/aeprilclinics.nl\/fr\/wp-json\/wp\/v2\/pages\/10311\/revisions"}],"predecessor-version":[{"id":11319,"href":"https:\/\/aeprilclinics.nl\/fr\/wp-json\/wp\/v2\/pages\/10311\/revisions\/11319"}],"wp:featuredmedia":[{"embeddable":true,"href":"https:\/\/aeprilclinics.nl\/fr\/wp-json\/wp\/v2\/media\/8996"}],"wp:attachment":[{"href":"https:\/\/aeprilclinics.nl\/fr\/wp-json\/wp\/v2\/media?parent=10311"}],"curies":[{"name":"wp","href":"https:\/\/api.w.org\/{rel}","templated":true}]}}