{"id":10040,"date":"2025-01-22T13:49:37","date_gmt":"2025-01-22T13:49:37","guid":{"rendered":"https:\/\/aeprilclinics.nl\/travailler-chez-aepril\/"},"modified":"2026-05-16T21:02:42","modified_gmt":"2026-05-16T21:02:42","slug":"travailler-chez-aepril","status":"publish","type":"page","link":"https:\/\/aeprilclinics.nl\/fr\/travailler-chez-aepril\/","title":{"rendered":"Travailler chez Aepril"},"content":{"rendered":"\n<div class=\"wp-block-media-text is-stacked-on-mobile\"><figure class=\"wp-block-media-text__media\"><video controls src=\"https:\/\/aeprilclinics.nl\/wp-content\/uploads\/2026\/04\/1775472991341028.mp4\"><\/video><\/figure><div class=\"wp-block-media-text__content\">\n<p>Cher docteur,<br \/><br \/>Je pourrais \u00e9crire un tr\u00e8s long texte sur les raisons pour lesquelles vous devriez travailler avec nous. Sur la culture, les conditions, la formation et toutes les autres choses qui vont avec. <br \/><br \/>Mais honn\u00eatement&#8230; la chose la plus importante est en fait tr\u00e8s simple. \u00cates-vous passionn\u00e9 par votre travail et aimez-vous travailler avec vos coll\u00e8gues ? Car chez Aepril Clinics, nous pensons que c&rsquo;est le plus important.<br \/><br \/>Regardez la vid\u00e9o ci-dessous et d\u00e9cidez par vous-m\u00eame si vous pensez que vous seriez \u00e0 votre place chez nous. Vous souhaitez travailler avec nous ? N&rsquo;h\u00e9sitez pas \u00e0 nous contacter.  <br \/><br \/>Nous recherchons actuellement plusieurs m\u00e9decins pour nos cliniques d&rsquo;Utrecht et de Hengelo. Qui sait, nous prendrons peut-\u00eatre bient\u00f4t un caf\u00e9 ensemble ! <\/p>\n\n\n\n<p>Love, <br \/><br \/>Docteur Elnaz<br \/>Fondateur des cliniques Aepril<\/p>\n<\/div><\/div>\n\n<div style=\"height:50px\" aria-hidden=\"true\" class=\"wp-block-spacer\"><\/div>\n\n<div class=\"wp-block-media-text has-media-on-the-right is-stacked-on-mobile is-image-fill-element\"><div class=\"wp-block-media-text__content\">\n<h5 class=\"wp-block-heading\">Postes vacants<\/h5>\n\n\n\n<h3 class=\"wp-block-heading\">Postes vacants<\/h3>\n\n\n\n<div style=\"height:15px\" aria-hidden=\"true\" class=\"wp-block-spacer\"><\/div>\n\n\n\n<p><span class=\"wp-rich-text-font-awesome-icon wp-font-awesome-icon\"><\/span> <a href=\"https:\/\/aeprilclinics.nl\/fr\/poste-vacant-de-medecin-esthetique-hengelo\/\" id=\"5734\">Poste vacant de m\u00e9decin esth\u00e9tique Hengelo<\/a><\/p>\n\n\n\n<p><span class=\"wp-rich-text-font-awesome-icon wp-font-awesome-icon\"><\/span> <a href=\"https:\/\/aeprilclinics.nl\/fr\/travailler-chez-aepril\/poste-vacant-de-medecin-esthetique-utrecht\/\" id=\"https:\/\/aeprilclinics.nl\/werken-bij-aepril\/vacature-cosmetisch-arts-utrecht\/\">Poste vacant de m\u00e9decin esth\u00e9tique Utrecht<\/a><\/p>\n\n\n\n<p><span class=\"wp-rich-text-font-awesome-icon wp-font-awesome-icon\"><\/span> <a href=\"https:\/\/aeprilclinics.nl\/fr\/travailler-chez-aepril\/poste-vacant-de-controleur-financier\/\" id=\"5718\">Poste vacant de contr\u00f4leur financier<\/a><\/p>\n\n\n\n<p><span class=\"wp-rich-text-font-awesome-icon wp-font-awesome-icon\"><\/span><a href=\"https:\/\/aeprilclinics.nl\/fr\/travailler-chez-aepril\/poste-vacant-dhotesse-a-utrecht\/\" id=\"https:\/\/aeprilclinics.nl\/werken-bij-aepril\/vacature-gastvrouw-utrecht\/\">  Poste d&rsquo;h\u00f4tesse vacant Utrecht<br \/><\/a><\/p>\n\n\n\n<p style=\"margin-top:var(--wp--preset--spacing--40)\"><strong>Des questions sur les postes vacants ?<\/strong><br \/>Pour toute question concernant un poste vacant, veuillez nous contacter directement en utilisant les coordonn\u00e9es ci-dessous :<\/p>\n\n\n\n<div class=\"wp-block-columns is-not-stacked-on-mobile is-layout-flex wp-container-core-columns-is-layout-f0342b05 wp-block-columns-is-layout-flex\" style=\"margin-top:0;margin-bottom:0\">\n<div class=\"wp-block-column is-layout-flow wp-block-column-is-layout-flow\" style=\"flex-basis:20px\">\n<i class=\"fas fa-phone\"><\/i>\n<\/div>\n\n\n\n<div class=\"wp-block-column is-layout-flow wp-block-column-is-layout-flow\">\n<p>06-23209253<\/p>\n<\/div>\n<\/div>\n\n\n\n<div class=\"wp-block-columns is-not-stacked-on-mobile is-layout-flex wp-container-core-columns-is-layout-f0342b05 wp-block-columns-is-layout-flex\" style=\"margin-top:0;margin-bottom:0\">\n<div class=\"wp-block-column is-layout-flow wp-block-column-is-layout-flow\" style=\"flex-basis:20px\">\n<i class=\"fas fa-envelope\"><\/i>\n<\/div>\n\n\n\n<div class=\"wp-block-column is-layout-flow wp-block-column-is-layout-flow\">\n<p><a href=\"mailto:contact@aeprilclinics.nl\">receptie@aeprilclinics.nl<\/a><\/p>\n<\/div>\n<\/div>\n<\/div><figure class=\"wp-block-media-text__media\"><img loading=\"lazy\" decoding=\"async\" width=\"768\" height=\"1024\" src=\"https:\/\/aeprilclinics.nl\/wp-content\/uploads\/2025\/11\/IMG_8606-768x1024.jpg\" alt=\"\" class=\"wp-image-4254 size-full\" style=\"object-position:50% 50%\" srcset=\"https:\/\/aeprilclinics.nl\/wp-content\/uploads\/2025\/11\/IMG_8606-768x1024.jpg 768w, https:\/\/aeprilclinics.nl\/wp-content\/uploads\/2025\/11\/IMG_8606-225x300.jpg 225w, https:\/\/aeprilclinics.nl\/wp-content\/uploads\/2025\/11\/IMG_8606-1152x1536.jpg 1152w, https:\/\/aeprilclinics.nl\/wp-content\/uploads\/2025\/11\/IMG_8606-1536x2048.jpg 1536w, https:\/\/aeprilclinics.nl\/wp-content\/uploads\/2025\/11\/IMG_8606-203x270.jpg 203w, https:\/\/aeprilclinics.nl\/wp-content\/uploads\/2025\/11\/IMG_8606-scaled.jpg 1920w\" sizes=\"auto, (max-width: 768px) 100vw, 768px\" \/><\/figure><\/div>\n\n<div style=\"height:50px\" aria-hidden=\"true\" class=\"wp-block-spacer\"><\/div>\n\n<div class=\"wp-block-media-text is-stacked-on-mobile is-image-fill-element\"><figure class=\"wp-block-media-text__media\"><img loading=\"lazy\" decoding=\"async\" width=\"1024\" height=\"768\" src=\"https:\/\/aeprilclinics.nl\/wp-content\/uploads\/2025\/09\/IMG_7809-1024x768.jpeg\" alt=\"\" class=\"wp-image-3741 size-full\" style=\"object-position:50% 50%\" srcset=\"https:\/\/aeprilclinics.nl\/wp-content\/uploads\/2025\/09\/IMG_7809-1024x768.jpeg 1024w, https:\/\/aeprilclinics.nl\/wp-content\/uploads\/2025\/09\/IMG_7809-300x225.jpeg 300w, https:\/\/aeprilclinics.nl\/wp-content\/uploads\/2025\/09\/IMG_7809-768x576.jpeg 768w, https:\/\/aeprilclinics.nl\/wp-content\/uploads\/2025\/09\/IMG_7809-1536x1152.jpeg 1536w, https:\/\/aeprilclinics.nl\/wp-content\/uploads\/2025\/09\/IMG_7809-2048x1536.jpeg 2048w, https:\/\/aeprilclinics.nl\/wp-content\/uploads\/2025\/09\/IMG_7809-360x270.jpeg 360w\" sizes=\"auto, (max-width: 1024px) 100vw, 1024px\" \/><\/figure><div class=\"wp-block-media-text__content\">\n<h5 class=\"wp-block-heading\">A propos de nous<\/h5>\n\n\n\n<h2 class=\"wp-block-heading\">Clinique esth\u00e9tique Aepril<\/h2>\n\n\n\n<p>Aepril Cosmetic Clinic est une clinique moderne avec des succursales \u00e0 <a href=\"https:\/\/aeprilclinics.nl\/fr\/clinique-de-hengelo\/\" id=\"3336\">Hengelo<\/a> et <a href=\"https:\/\/aeprilclinics.nl\/fr\/clinique-utrecht\/\" id=\"3390\">Utrecht<\/a>, sp\u00e9cialis\u00e9e dans les traitements cosm\u00e9tiques et l&rsquo;exp\u00e9rience client de haute qualit\u00e9. En peu de temps, nous avons acquis une position solide, avec pr\u00e8s de 100 \u00e9valuations parfaites en l&rsquo;espace de neuf mois. Nous souhaitons poursuivre cette croissance avec notre \u00e9quipe.  <\/p>\n\n\n\n<p>Dirig\u00e9s par le Dr Elnaz Alagha, nous nous concentrons sur le botox, les produits de comblement et divers traitements de la peau. Ce qui nous distingue, c&rsquo;est la combinaison de la qualit\u00e9, de la transparence et d&rsquo;une approche personnelle. Nous prenons du temps pour chaque client, nous sommes honn\u00eates dans nos conseils et nous adoptons consciemment une approche subtile o\u00f9 les r\u00e9sultats naturels sont primordiaux. Moins, c&rsquo;est plus.   <\/p>\n<\/div><\/div>\n\n<div style=\"height:50px\" aria-hidden=\"true\" class=\"wp-block-spacer\"><\/div>\n\n<div class=\"wp-block-media-text has-media-on-the-right is-stacked-on-mobile is-image-fill-element\"><div class=\"wp-block-media-text__content\">\n<h5 class=\"wp-block-heading\">notre \u00e9quipe<\/h5>\n\n\n\n<h2 class=\"wp-block-heading\">Bienvenue dans notre \u00e9quipe !<\/h2>\n\n\n\n<p>Aepril Clinics est une clinique leader dans le domaine des produits injectables et des traitements cosm\u00e9tiques aux Pays-Bas. Nos sp\u00e9cialistes combinent expertise et passion pour obtenir des r\u00e9sultats de haute qualit\u00e9 pour nos clients. <\/p>\n\n\n\n<p>Avec des bureaux \u00e0 Hengelo et Utrecht et une r\u00e9putation solide et croissante, nous offrons un environnement de travail stimulant o\u00f9 le professionnalisme et le d\u00e9veloppement personnel sont essentiels. Nous travaillons dans un environnement s\u00fbr et diversifi\u00e9 o\u00f9 votre contribution est appr\u00e9ci\u00e9e et o\u00f9 vous pouvez participer activement aux consultations et aux traitements.  Rien n&rsquo;est plus important que notre \u00e9quipe : nous d\u00e9jeunons ensemble, nous c\u00e9l\u00e9brons les succ\u00e8s et nous investissons r\u00e9guli\u00e8rement dans la formation commune par le biais de cours et de conf\u00e9rences, y compris \u00e0 l&rsquo;\u00e9tranger.<\/p>\n\n\n\n<p>Chez nous, ce ne sont pas les chiffres qui comptent, mais la qualit\u00e9. Vous disposez de temps pour des consultations approfondies et des plans de traitement complets, ce qui vous permet d&rsquo;\u00e9tablir un v\u00e9ritable lien avec vos clients et de travailler avec plaisir et satisfaction. <\/p>\n\n\n\n<p>Ce que nous vous demandons, c&rsquo;est de la passion pour la cosm\u00e9tologie, un v\u00e9ritable int\u00e9r\u00eat pour les clients et leurs histoires et l&rsquo;ambition de vous perfectionner chaque jour dans votre profession.<\/p>\n<\/div><figure class=\"wp-block-media-text__media\"><img loading=\"lazy\" decoding=\"async\" width=\"1024\" height=\"1024\" src=\"https:\/\/aeprilclinics.nl\/wp-content\/uploads\/2025\/12\/Ontwerp-zonder-titel-1024x1024.png\" alt=\"\" class=\"wp-image-4546 size-full\" style=\"object-position:50% 50%\" srcset=\"https:\/\/aeprilclinics.nl\/wp-content\/uploads\/2025\/12\/Ontwerp-zonder-titel-1024x1024.png 1024w, https:\/\/aeprilclinics.nl\/wp-content\/uploads\/2025\/12\/Ontwerp-zonder-titel-300x300.png 300w, https:\/\/aeprilclinics.nl\/wp-content\/uploads\/2025\/12\/Ontwerp-zonder-titel-150x150.png 150w, https:\/\/aeprilclinics.nl\/wp-content\/uploads\/2025\/12\/Ontwerp-zonder-titel-768x767.png 768w, https:\/\/aeprilclinics.nl\/wp-content\/uploads\/2025\/12\/Ontwerp-zonder-titel-270x270.png 270w, https:\/\/aeprilclinics.nl\/wp-content\/uploads\/2025\/12\/Ontwerp-zonder-titel.png 1440w\" sizes=\"auto, (max-width: 1024px) 100vw, 1024px\" \/><\/figure><\/div>\n\n<hr class=\"wp-block-separator has-alpha-channel-opacity\" \/>\n\n<div class=\"wp-block-cover alignfull is-light wave\" style=\"margin-top:var(--wp--preset--spacing--60);margin-bottom:0;padding-bottom:var(--wp--preset--spacing--30)\"><span aria-hidden=\"true\" class=\"wp-block-cover__background has-accent-background-color has-background-dim-100 has-background-dim\"><\/span><div class=\"wp-block-cover__inner-container has-global-padding is-layout-constrained wp-block-cover-is-layout-constrained\">\n<h2 class=\"wp-block-heading has-text-align-center\">Votre prochaine \u00e9tape commence ici.<\/h2>\n\n\n\n<div style=\"height:15px\" aria-hidden=\"true\" class=\"wp-block-spacer\"><\/div>\n\n\n\n<div class=\"wp-block-buttons is-content-justification-center is-layout-flex wp-container-core-buttons-is-layout-a89b3969 wp-block-buttons-is-layout-flex\">\n<div class=\"wp-block-button\"><a class=\"wp-block-button__link has-base-color has-accent-3-background-color has-text-color has-background has-link-color wp-element-button\" href=\"mailto:contact@aeprilclinics.nl\">Postuler \u00e0 un emploi chez Aepril<\/a><\/div>\n<\/div>\n<\/div><\/div>\n","protected":false},"excerpt":{"rendered":"<p>Cher docteur, Je pourrais \u00e9crire un tr\u00e8s long texte sur les raisons pour lesquelles vous devriez travailler avec nous. Sur la culture, les conditions, la formation et toutes les autres choses qui vont avec. Mais honn\u00eatement&#8230; la chose la plus&#8230;<\/p>\n","protected":false},"author":10,"featured_media":8996,"parent":0,"menu_order":0,"comment_status":"closed","ping_status":"closed","template":"","meta":{"_acf_changed":false,"footnotes":""},"class_list":["post-10040","page","type-page","status-publish","has-post-thumbnail","hentry"],"acf":[],"yoast_head":"<!-- This site is optimized with the Yoast SEO plugin v27.2 - https:\/\/yoast.com\/product\/yoast-seo-wordpress\/ -->\n<title>Travailler chez Aepril : postes vacants dans les cliniques Aepril.<\/title>\n<meta name=\"description\" content=\"Vous souhaitez travailler dans une clinique de premier plan ? Consultez nos offres d&#039;emploi ici et devenez membre de la clinique esth\u00e9tique Aepril Clinics.\" \/>\n<meta name=\"robots\" content=\"index, follow, max-snippet:-1, max-image-preview:large, max-video-preview:-1\" \/>\n<link rel=\"canonical\" href=\"https:\/\/aeprilclinics.nl\/fr\/travailler-chez-aepril\/\" \/>\n<meta property=\"og:locale\" content=\"fr_FR\" \/>\n<meta property=\"og:type\" content=\"article\" \/>\n<meta property=\"og:title\" content=\"Travailler chez Aepril : postes vacants dans les cliniques Aepril.\" \/>\n<meta property=\"og:description\" content=\"Vous souhaitez travailler dans une clinique de premier plan ? Consultez nos offres d&#039;emploi ici et devenez membre de la clinique esth\u00e9tique Aepril Clinics.\" \/>\n<meta property=\"og:url\" content=\"https:\/\/aeprilclinics.nl\/fr\/travailler-chez-aepril\/\" \/>\n<meta property=\"og:site_name\" content=\"Aepril\" \/>\n<meta property=\"article:modified_time\" content=\"2026-05-16T21:02:42+00:00\" \/>\n<meta property=\"og:image\" content=\"https:\/\/aeprilclinics.nl\/wp-content\/uploads\/2025\/02\/aesthe-clinics-Final-07.png\" \/>\n\t<meta property=\"og:image:width\" content=\"6667\" \/>\n\t<meta property=\"og:image:height\" content=\"5001\" \/>\n\t<meta property=\"og:image:type\" content=\"image\/png\" \/>\n<meta name=\"twitter:card\" content=\"summary_large_image\" \/>\n<meta name=\"twitter:label1\" content=\"Dur\u00e9e de lecture estim\u00e9e\" \/>\n\t<meta name=\"twitter:data1\" content=\"3 minutes\" \/>\n<script type=\"application\/ld+json\" class=\"yoast-schema-graph\">{\"@context\":\"https:\/\/schema.org\",\"@graph\":[{\"@type\":\"WebPage\",\"@id\":\"https:\/\/aeprilclinics.nl\/fr\/travailler-chez-aepril\/\",\"url\":\"https:\/\/aeprilclinics.nl\/fr\/travailler-chez-aepril\/\",\"name\":\"Travailler chez Aepril : postes vacants dans les cliniques Aepril.\",\"isPartOf\":{\"@id\":\"https:\/\/aeprilclinics.nl\/fr\/#website\"},\"primaryImageOfPage\":{\"@id\":\"https:\/\/aeprilclinics.nl\/fr\/travailler-chez-aepril\/#primaryimage\"},\"image\":{\"@id\":\"https:\/\/aeprilclinics.nl\/fr\/travailler-chez-aepril\/#primaryimage\"},\"thumbnailUrl\":\"https:\/\/aeprilclinics.nl\/wp-content\/uploads\/2025\/02\/aesthe-clinics-Final-07.png\",\"datePublished\":\"2025-01-22T13:49:37+00:00\",\"dateModified\":\"2026-05-16T21:02:42+00:00\",\"description\":\"Vous souhaitez travailler dans une clinique de premier plan ? Consultez nos offres d'emploi ici et devenez membre de la clinique esth\u00e9tique Aepril Clinics.\",\"breadcrumb\":{\"@id\":\"https:\/\/aeprilclinics.nl\/fr\/travailler-chez-aepril\/#breadcrumb\"},\"inLanguage\":\"fr-FR\",\"potentialAction\":[{\"@type\":\"ReadAction\",\"target\":[\"https:\/\/aeprilclinics.nl\/fr\/travailler-chez-aepril\/\"]}]},{\"@type\":\"ImageObject\",\"inLanguage\":\"fr-FR\",\"@id\":\"https:\/\/aeprilclinics.nl\/fr\/travailler-chez-aepril\/#primaryimage\",\"url\":\"https:\/\/aeprilclinics.nl\/wp-content\/uploads\/2025\/02\/aesthe-clinics-Final-07.png\",\"contentUrl\":\"https:\/\/aeprilclinics.nl\/wp-content\/uploads\/2025\/02\/aesthe-clinics-Final-07.png\",\"width\":6667,\"height\":5001},{\"@type\":\"BreadcrumbList\",\"@id\":\"https:\/\/aeprilclinics.nl\/fr\/travailler-chez-aepril\/#breadcrumb\",\"itemListElement\":[{\"@type\":\"ListItem\",\"position\":1,\"name\":\"Home\",\"item\":\"https:\/\/aeprilclinics.nl\/fr\/\"},{\"@type\":\"ListItem\",\"position\":2,\"name\":\"Travailler chez Aepril\"}]},{\"@type\":\"WebSite\",\"@id\":\"https:\/\/aeprilclinics.nl\/fr\/#website\",\"url\":\"https:\/\/aeprilclinics.nl\/fr\/\",\"name\":\"Aepril\",\"description\":\"\",\"potentialAction\":[{\"@type\":\"SearchAction\",\"target\":{\"@type\":\"EntryPoint\",\"urlTemplate\":\"https:\/\/aeprilclinics.nl\/fr\/?s={search_term_string}\"},\"query-input\":{\"@type\":\"PropertyValueSpecification\",\"valueRequired\":true,\"valueName\":\"search_term_string\"}}],\"inLanguage\":\"fr-FR\"}]}<\/script>\n<!-- \/ Yoast SEO plugin. -->","yoast_head_json":{"title":"Travailler chez Aepril : postes vacants dans les cliniques Aepril.","description":"Vous souhaitez travailler dans une clinique de premier plan ? Consultez nos offres d'emploi ici et devenez membre de la clinique esth\u00e9tique Aepril Clinics.","robots":{"index":"index","follow":"follow","max-snippet":"max-snippet:-1","max-image-preview":"max-image-preview:large","max-video-preview":"max-video-preview:-1"},"canonical":"https:\/\/aeprilclinics.nl\/fr\/travailler-chez-aepril\/","og_locale":"fr_FR","og_type":"article","og_title":"Travailler chez Aepril : postes vacants dans les cliniques Aepril.","og_description":"Vous souhaitez travailler dans une clinique de premier plan ? Consultez nos offres d'emploi ici et devenez membre de la clinique esth\u00e9tique Aepril Clinics.","og_url":"https:\/\/aeprilclinics.nl\/fr\/travailler-chez-aepril\/","og_site_name":"Aepril","article_modified_time":"2026-05-16T21:02:42+00:00","og_image":[{"width":6667,"height":5001,"url":"https:\/\/aeprilclinics.nl\/wp-content\/uploads\/2025\/02\/aesthe-clinics-Final-07.png","type":"image\/png"}],"twitter_card":"summary_large_image","twitter_misc":{"Dur\u00e9e de lecture estim\u00e9e":"3 minutes"},"schema":{"@context":"https:\/\/schema.org","@graph":[{"@type":"WebPage","@id":"https:\/\/aeprilclinics.nl\/fr\/travailler-chez-aepril\/","url":"https:\/\/aeprilclinics.nl\/fr\/travailler-chez-aepril\/","name":"Travailler chez Aepril : postes vacants dans les cliniques Aepril.","isPartOf":{"@id":"https:\/\/aeprilclinics.nl\/fr\/#website"},"primaryImageOfPage":{"@id":"https:\/\/aeprilclinics.nl\/fr\/travailler-chez-aepril\/#primaryimage"},"image":{"@id":"https:\/\/aeprilclinics.nl\/fr\/travailler-chez-aepril\/#primaryimage"},"thumbnailUrl":"https:\/\/aeprilclinics.nl\/wp-content\/uploads\/2025\/02\/aesthe-clinics-Final-07.png","datePublished":"2025-01-22T13:49:37+00:00","dateModified":"2026-05-16T21:02:42+00:00","description":"Vous souhaitez travailler dans une clinique de premier plan ? Consultez nos offres d'emploi ici et devenez membre de la clinique esth\u00e9tique Aepril Clinics.","breadcrumb":{"@id":"https:\/\/aeprilclinics.nl\/fr\/travailler-chez-aepril\/#breadcrumb"},"inLanguage":"fr-FR","potentialAction":[{"@type":"ReadAction","target":["https:\/\/aeprilclinics.nl\/fr\/travailler-chez-aepril\/"]}]},{"@type":"ImageObject","inLanguage":"fr-FR","@id":"https:\/\/aeprilclinics.nl\/fr\/travailler-chez-aepril\/#primaryimage","url":"https:\/\/aeprilclinics.nl\/wp-content\/uploads\/2025\/02\/aesthe-clinics-Final-07.png","contentUrl":"https:\/\/aeprilclinics.nl\/wp-content\/uploads\/2025\/02\/aesthe-clinics-Final-07.png","width":6667,"height":5001},{"@type":"BreadcrumbList","@id":"https:\/\/aeprilclinics.nl\/fr\/travailler-chez-aepril\/#breadcrumb","itemListElement":[{"@type":"ListItem","position":1,"name":"Home","item":"https:\/\/aeprilclinics.nl\/fr\/"},{"@type":"ListItem","position":2,"name":"Travailler chez Aepril"}]},{"@type":"WebSite","@id":"https:\/\/aeprilclinics.nl\/fr\/#website","url":"https:\/\/aeprilclinics.nl\/fr\/","name":"Aepril","description":"","potentialAction":[{"@type":"SearchAction","target":{"@type":"EntryPoint","urlTemplate":"https:\/\/aeprilclinics.nl\/fr\/?s={search_term_string}"},"query-input":{"@type":"PropertyValueSpecification","valueRequired":true,"valueName":"search_term_string"}}],"inLanguage":"fr-FR"}]}},"_links":{"self":[{"href":"https:\/\/aeprilclinics.nl\/fr\/wp-json\/wp\/v2\/pages\/10040","targetHints":{"allow":["GET"]}}],"collection":[{"href":"https:\/\/aeprilclinics.nl\/fr\/wp-json\/wp\/v2\/pages"}],"about":[{"href":"https:\/\/aeprilclinics.nl\/fr\/wp-json\/wp\/v2\/types\/page"}],"author":[{"embeddable":true,"href":"https:\/\/aeprilclinics.nl\/fr\/wp-json\/wp\/v2\/users\/10"}],"replies":[{"embeddable":true,"href":"https:\/\/aeprilclinics.nl\/fr\/wp-json\/wp\/v2\/comments?post=10040"}],"version-history":[{"count":6,"href":"https:\/\/aeprilclinics.nl\/fr\/wp-json\/wp\/v2\/pages\/10040\/revisions"}],"predecessor-version":[{"id":11312,"href":"https:\/\/aeprilclinics.nl\/fr\/wp-json\/wp\/v2\/pages\/10040\/revisions\/11312"}],"wp:featuredmedia":[{"embeddable":true,"href":"https:\/\/aeprilclinics.nl\/fr\/wp-json\/wp\/v2\/media\/8996"}],"wp:attachment":[{"href":"https:\/\/aeprilclinics.nl\/fr\/wp-json\/wp\/v2\/media?parent=10040"}],"curies":[{"name":"wp","href":"https:\/\/api.w.org\/{rel}","templated":true}]}}