{"id":10014,"date":"2025-01-22T13:49:37","date_gmt":"2025-01-22T13:49:37","guid":{"rendered":"https:\/\/aeprilclinics.nl\/localisation-des-sites\/"},"modified":"2026-05-16T20:20:23","modified_gmt":"2026-05-16T20:20:23","slug":"localisation-des-sites","status":"publish","type":"page","link":"https:\/\/aeprilclinics.nl\/fr\/localisation-des-sites\/","title":{"rendered":"Localisation des sites"},"content":{"rendered":"\n<h2 class=\"wp-block-heading has-text-align-center\">Nos implantations<\/h2>\n\n<p class=\"has-text-align-center\">Nous sommes actuellement bas\u00e9s \u00e0 Hengelo OV et Utrecht. Gardez un \u0153il sur cette page \u00e0<br\/>pour des mises \u00e0 jour sur une clinique pr\u00e8s de chez vous ! <\/p>\n\n<div class=\"wp-block-buttons is-content-justification-center is-layout-flex wp-container-core-buttons-is-layout-a89b3969 wp-block-buttons-is-layout-flex\"><\/div>\n\n<div class=\"wp-block-columns is-layout-flex wp-container-core-columns-is-layout-0806ab5c wp-block-columns-is-layout-flex\" style=\"margin-top:var(--wp--preset--spacing--30);margin-bottom:var(--wp--preset--spacing--30)\">\n<div class=\"wp-block-column is-layout-flow wp-block-column-is-layout-flow\">\n<div class=\"wp-block-cover is-light has-custom-content-position is-position-bottom-center has-aspect-ratio\" style=\"border-radius:15px;padding-top:0;padding-right:0;padding-bottom:0;padding-left:0;aspect-ratio:9\/16;min-height:unset;\"><img loading=\"lazy\" decoding=\"async\" width=\"1707\" height=\"2560\" class=\"wp-block-cover__image-background wp-image-879\" alt=\"\" src=\"https:\/\/aeprilclinics.nl\/wp-content\/uploads\/2025\/01\/BN4A7377-scaled.jpg\" style=\"object-position:45% 100%\" data-object-fit=\"cover\" data-object-position=\"45% 100%\" srcset=\"https:\/\/aeprilclinics.nl\/wp-content\/uploads\/2025\/01\/BN4A7377-scaled.jpg 1707w, https:\/\/aeprilclinics.nl\/wp-content\/uploads\/2025\/01\/BN4A7377-200x300.jpg 200w, https:\/\/aeprilclinics.nl\/wp-content\/uploads\/2025\/01\/BN4A7377-683x1024.jpg 683w, https:\/\/aeprilclinics.nl\/wp-content\/uploads\/2025\/01\/BN4A7377-768x1152.jpg 768w, https:\/\/aeprilclinics.nl\/wp-content\/uploads\/2025\/01\/BN4A7377-1024x1536.jpg 1024w, https:\/\/aeprilclinics.nl\/wp-content\/uploads\/2025\/01\/BN4A7377-1365x2048.jpg 1365w, https:\/\/aeprilclinics.nl\/wp-content\/uploads\/2025\/01\/BN4A7377-180x270.jpg 180w\" sizes=\"auto, (max-width: 1707px) 100vw, 1707px\" \/><span aria-hidden=\"true\" class=\"wp-block-cover__background has-background-dim-0 has-background-dim\" style=\"background-color:#c0b3a9\"><\/span><div class=\"wp-block-cover__inner-container has-global-padding is-layout-constrained wp-container-core-cover-is-layout-639b5052 wp-block-cover-is-layout-constrained\">\n<div class=\"wp-block-cover aligncenter is-light has-accent-3-color has-text-color has-link-color wp-elements-ad203ad35b0d9e9ff83fb77b1bf12560\" style=\"padding-top:var(--wp--preset--spacing--30);padding-right:var(--wp--preset--spacing--30);padding-bottom:var(--wp--preset--spacing--30);padding-left:var(--wp--preset--spacing--30);min-height:50px;aspect-ratio:unset;\"><span aria-hidden=\"true\" class=\"wp-block-cover__background has-accent-2-background-color has-background-dim-100 has-background-dim\"><\/span><div class=\"wp-block-cover__inner-container has-global-padding is-layout-constrained wp-container-core-cover-is-layout-80fb368b wp-block-cover-is-layout-constrained\">\n<h3 class=\"wp-block-heading\"><a href=\"https:\/\/aeprilclinics.nl\/fr\/clinique-de-hengelo\/\">Hengelo OV<\/a><\/h3>\n\n\n\n<p style=\"font-size:13px\"><i class=\"fas fa-phone\"><\/i> <a href=\"tel:+31623209253\">+31623209253<\/a><br\/><i class=\"fas fa-envelope\"><\/i> <a href=\"mailto:contact@aeprilclinics.nl\">receptie@aeprilclinics.nl<\/a><br\/><i class=\"fas fa-location-dot\"><\/i> Drienerstraat 41, Hengelo OV<br\/><a href=\"https:\/\/aeprilclinics.nl\/fr\/reservez-une-consultation-gratuite\/\">R\u00e9servez votre consultation gratuite \u00e0 Hengelo ici<\/a><\/p>\n<\/div><\/div>\n<\/div><\/div>\n<\/div>\n\n\n\n<div class=\"wp-block-column is-layout-flow wp-block-column-is-layout-flow\">\n<div class=\"wp-block-group has-global-padding is-layout-constrained wp-block-group-is-layout-constrained\">\n<div class=\"wp-block-group has-global-padding is-layout-constrained wp-block-group-is-layout-constrained\">\n<div class=\"wp-block-cover is-light has-custom-content-position is-position-bottom-center has-aspect-ratio\" style=\"border-radius:15px;padding-top:0;padding-right:0;padding-bottom:0;padding-left:0;aspect-ratio:9\/16;min-height:unset;\"><img loading=\"lazy\" decoding=\"async\" width=\"768\" height=\"1024\" class=\"wp-block-cover__image-background wp-image-4265 size-large\" alt=\"\" src=\"https:\/\/aeprilclinics.nl\/wp-content\/uploads\/2025\/11\/IMG_8606-1-768x1024.jpg\" data-object-fit=\"cover\" srcset=\"https:\/\/aeprilclinics.nl\/wp-content\/uploads\/2025\/11\/IMG_8606-1-768x1024.jpg 768w, https:\/\/aeprilclinics.nl\/wp-content\/uploads\/2025\/11\/IMG_8606-1-225x300.jpg 225w, https:\/\/aeprilclinics.nl\/wp-content\/uploads\/2025\/11\/IMG_8606-1-1152x1536.jpg 1152w, https:\/\/aeprilclinics.nl\/wp-content\/uploads\/2025\/11\/IMG_8606-1-1536x2048.jpg 1536w, https:\/\/aeprilclinics.nl\/wp-content\/uploads\/2025\/11\/IMG_8606-1-203x270.jpg 203w, https:\/\/aeprilclinics.nl\/wp-content\/uploads\/2025\/11\/IMG_8606-1-scaled.jpg 1920w\" sizes=\"auto, (max-width: 768px) 100vw, 768px\" \/><span aria-hidden=\"true\" class=\"wp-block-cover__background has-background-dim-0 has-background-dim\" style=\"background-color:#957e62\"><\/span><div class=\"wp-block-cover__inner-container has-global-padding is-layout-constrained wp-container-core-cover-is-layout-77f18168 wp-block-cover-is-layout-constrained\">\n<div class=\"wp-block-cover aligncenter is-light has-accent-3-color has-text-color has-link-color wp-elements-a35b9bedf8e779ed8824eac3211a0ccb\" style=\"padding-top:var(--wp--preset--spacing--30);padding-right:var(--wp--preset--spacing--30);padding-bottom:var(--wp--preset--spacing--30);padding-left:var(--wp--preset--spacing--30);min-height:50px;aspect-ratio:unset;\"><span aria-hidden=\"true\" class=\"wp-block-cover__background has-accent-2-background-color has-background-dim-100 has-background-dim\"><\/span><div class=\"wp-block-cover__inner-container has-global-padding is-layout-constrained wp-container-core-cover-is-layout-80fb368b wp-block-cover-is-layout-constrained\">\n<h3 class=\"wp-block-heading\"><a href=\"https:\/\/aeprilclinics.nl\/fr\/clinique-utrecht\/\">Utrecht<\/a><\/h3>\n\n\n\n<p style=\"font-size:13px\"><i class=\"fas fa-phone\"><\/i> <a href=\"tel:+31623209253\">+31623209253<\/a><br\/><i class=\"fas fa-envelope\"><\/i> <a href=\"mailto:contact@aeprilclinics.nl\">receptie@aeprilclinics.nl<\/a><br\/><i class=\"fas fa-location-dot\"><\/i> Amsterdamsestraatweg 717-719, Utrecht<br\/><a href=\"https:\/\/aeprilclinics.nl\/fr\/reservez-une-consultation-gratuite\/\">R\u00e9servez votre consultation gratuite \u00e0 Utrecht ici<\/a><\/p>\n<\/div><\/div>\n<\/div><\/div>\n<\/div>\n<\/div>\n<\/div>\n\n\n\n<div class=\"wp-block-column is-layout-flow wp-block-column-is-layout-flow\">\n<div class=\"wp-block-cover is-light has-custom-content-position is-position-bottom-center has-aspect-ratio\" style=\"border-radius:15px;padding-top:0;padding-right:0;padding-bottom:0;padding-left:0;aspect-ratio:9\/16;min-height:unset;\"><img loading=\"lazy\" decoding=\"async\" width=\"768\" height=\"1024\" class=\"wp-block-cover__image-background wp-image-3749 size-large\" alt=\"\" src=\"https:\/\/aeprilclinics.nl\/wp-content\/uploads\/2025\/09\/IMG_7817-768x1024.jpeg\" style=\"object-position:50% 70%\" data-object-fit=\"cover\" data-object-position=\"50% 70%\" srcset=\"https:\/\/aeprilclinics.nl\/wp-content\/uploads\/2025\/09\/IMG_7817-768x1024.jpeg 768w, https:\/\/aeprilclinics.nl\/wp-content\/uploads\/2025\/09\/IMG_7817-225x300.jpeg 225w, https:\/\/aeprilclinics.nl\/wp-content\/uploads\/2025\/09\/IMG_7817-1152x1536.jpeg 1152w, https:\/\/aeprilclinics.nl\/wp-content\/uploads\/2025\/09\/IMG_7817-1536x2048.jpeg 1536w, https:\/\/aeprilclinics.nl\/wp-content\/uploads\/2025\/09\/IMG_7817-203x270.jpeg 203w, https:\/\/aeprilclinics.nl\/wp-content\/uploads\/2025\/09\/IMG_7817-scaled.jpeg 1920w\" sizes=\"auto, (max-width: 768px) 100vw, 768px\" \/><span aria-hidden=\"true\" class=\"wp-block-cover__background has-background-dim\" style=\"background-color:#928b80\"><\/span><div class=\"wp-block-cover__inner-container has-global-padding is-layout-constrained wp-container-core-cover-is-layout-639b5052 wp-block-cover-is-layout-constrained\">\n<div class=\"wp-block-cover aligncenter is-light has-accent-3-color has-text-color has-link-color wp-elements-33353893b83febdac97b9869c3b29395\" style=\"padding-top:var(--wp--preset--spacing--30);padding-right:var(--wp--preset--spacing--30);padding-bottom:var(--wp--preset--spacing--30);padding-left:var(--wp--preset--spacing--30);min-height:50px;aspect-ratio:unset;\"><span aria-hidden=\"true\" class=\"wp-block-cover__background has-accent-2-background-color has-background-dim-100 has-background-dim\"><\/span><div class=\"wp-block-cover__inner-container has-global-padding is-layout-constrained wp-container-core-cover-is-layout-80fb368b wp-block-cover-is-layout-constrained\">\n<h3 class=\"wp-block-heading\">Nous annoncerons bient\u00f4t de nouveaux lieux d&rsquo;accueil !<\/h3>\n\n\n\n<div style=\"height:75px\" aria-hidden=\"true\" class=\"wp-block-spacer\"><\/div>\n<\/div><\/div>\n<\/div><\/div>\n<\/div>\n<\/div>\n\n<div class=\"wp-block-cover alignfull is-light wave\" style=\"margin-top:var(--wp--preset--spacing--60);margin-bottom:0;padding-bottom:var(--wp--preset--spacing--30)\"><span aria-hidden=\"true\" class=\"wp-block-cover__background has-accent-background-color has-background-dim-100 has-background-dim\"><\/span><div class=\"wp-block-cover__inner-container has-global-padding is-layout-constrained wp-block-cover-is-layout-constrained\">\n<h2 class=\"wp-block-heading has-text-align-center\">Mettez en valeur votre beaut\u00e9 naturelle.<\/h2>\n\n\n\n<div style=\"height:15px\" aria-hidden=\"true\" class=\"wp-block-spacer\"><\/div>\n\n\n\n<div class=\"wp-block-buttons is-content-justification-center is-layout-flex wp-container-core-buttons-is-layout-a89b3969 wp-block-buttons-is-layout-flex\">\n<div class=\"wp-block-button\"><a class=\"wp-block-button__link has-base-color has-accent-3-background-color has-text-color has-background has-link-color wp-element-button\" href=\"https:\/\/aeprilclinics.nl\/fr\/reservez-une-consultation-gratuite\/\">R\u00e9servez une consultation gratuite<\/a><\/div>\n<\/div>\n<\/div><\/div>\n","protected":false},"excerpt":{"rendered":"<p>Nos implantations Nous sommes actuellement bas\u00e9s \u00e0 Hengelo OV et Utrecht. Gardez un \u0153il sur cette page \u00e0pour des mises \u00e0 jour sur une clinique pr\u00e8s de chez vous !<\/p>\n","protected":false},"author":10,"featured_media":8996,"parent":0,"menu_order":0,"comment_status":"closed","ping_status":"closed","template":"","meta":{"_acf_changed":false,"footnotes":""},"class_list":["post-10014","page","type-page","status-publish","has-post-thumbnail","hentry"],"acf":[],"yoast_head":"<!-- This site is optimized with the Yoast SEO plugin v27.2 - https:\/\/yoast.com\/product\/yoast-seo-wordpress\/ -->\n<title>Localisation des sites - Aepril<\/title>\n<meta name=\"description\" content=\"Aepril Clinics, situ\u00e9 \u00e0 Hengelo - Overijssel, est l&#039;endroit id\u00e9al pour les traitements professionnels de la peau et la perfection esth\u00e9tique. Prenez rendez-vous d\u00e8s maintenant !\" \/>\n<meta name=\"robots\" content=\"index, follow, max-snippet:-1, max-image-preview:large, max-video-preview:-1\" \/>\n<link rel=\"canonical\" href=\"https:\/\/aeprilclinics.nl\/fr\/localisation-des-sites\/\" \/>\n<meta property=\"og:locale\" content=\"fr_FR\" \/>\n<meta property=\"og:type\" content=\"article\" \/>\n<meta property=\"og:title\" content=\"Localisation des sites - Aepril\" \/>\n<meta property=\"og:description\" content=\"Aepril Clinics, situ\u00e9 \u00e0 Hengelo - Overijssel, est l&#039;endroit id\u00e9al pour les traitements professionnels de la peau et la perfection esth\u00e9tique. Prenez rendez-vous d\u00e8s maintenant !\" \/>\n<meta property=\"og:url\" content=\"https:\/\/aeprilclinics.nl\/fr\/localisation-des-sites\/\" \/>\n<meta property=\"og:site_name\" content=\"Aepril\" \/>\n<meta property=\"article:modified_time\" content=\"2026-05-16T20:20:23+00:00\" \/>\n<meta property=\"og:image\" content=\"https:\/\/aeprilclinics.nl\/wp-content\/uploads\/2025\/02\/aesthe-clinics-Final-07.png\" \/>\n\t<meta property=\"og:image:width\" content=\"6667\" \/>\n\t<meta property=\"og:image:height\" content=\"5001\" \/>\n\t<meta property=\"og:image:type\" content=\"image\/png\" \/>\n<meta name=\"twitter:card\" content=\"summary_large_image\" \/>\n<meta name=\"twitter:label1\" content=\"Dur\u00e9e de lecture estim\u00e9e\" \/>\n\t<meta name=\"twitter:data1\" content=\"1 minute\" \/>\n<script type=\"application\/ld+json\" class=\"yoast-schema-graph\">{\"@context\":\"https:\/\/schema.org\",\"@graph\":[{\"@type\":\"WebPage\",\"@id\":\"https:\/\/aeprilclinics.nl\/fr\/localisation-des-sites\/\",\"url\":\"https:\/\/aeprilclinics.nl\/fr\/localisation-des-sites\/\",\"name\":\"Localisation des sites - Aepril\",\"isPartOf\":{\"@id\":\"https:\/\/aeprilclinics.nl\/fr\/#website\"},\"primaryImageOfPage\":{\"@id\":\"https:\/\/aeprilclinics.nl\/fr\/localisation-des-sites\/#primaryimage\"},\"image\":{\"@id\":\"https:\/\/aeprilclinics.nl\/fr\/localisation-des-sites\/#primaryimage\"},\"thumbnailUrl\":\"https:\/\/aeprilclinics.nl\/wp-content\/uploads\/2025\/02\/aesthe-clinics-Final-07.png\",\"datePublished\":\"2025-01-22T13:49:37+00:00\",\"dateModified\":\"2026-05-16T20:20:23+00:00\",\"description\":\"Aepril Clinics, situ\u00e9 \u00e0 Hengelo - Overijssel, est l'endroit id\u00e9al pour les traitements professionnels de la peau et la perfection esth\u00e9tique. Prenez rendez-vous d\u00e8s maintenant !\",\"breadcrumb\":{\"@id\":\"https:\/\/aeprilclinics.nl\/fr\/localisation-des-sites\/#breadcrumb\"},\"inLanguage\":\"fr-FR\",\"potentialAction\":[{\"@type\":\"ReadAction\",\"target\":[\"https:\/\/aeprilclinics.nl\/fr\/localisation-des-sites\/\"]}]},{\"@type\":\"ImageObject\",\"inLanguage\":\"fr-FR\",\"@id\":\"https:\/\/aeprilclinics.nl\/fr\/localisation-des-sites\/#primaryimage\",\"url\":\"https:\/\/aeprilclinics.nl\/wp-content\/uploads\/2025\/02\/aesthe-clinics-Final-07.png\",\"contentUrl\":\"https:\/\/aeprilclinics.nl\/wp-content\/uploads\/2025\/02\/aesthe-clinics-Final-07.png\",\"width\":6667,\"height\":5001},{\"@type\":\"BreadcrumbList\",\"@id\":\"https:\/\/aeprilclinics.nl\/fr\/localisation-des-sites\/#breadcrumb\",\"itemListElement\":[{\"@type\":\"ListItem\",\"position\":1,\"name\":\"Home\",\"item\":\"https:\/\/aeprilclinics.nl\/fr\/\"},{\"@type\":\"ListItem\",\"position\":2,\"name\":\"Localisation des sites\"}]},{\"@type\":\"WebSite\",\"@id\":\"https:\/\/aeprilclinics.nl\/fr\/#website\",\"url\":\"https:\/\/aeprilclinics.nl\/fr\/\",\"name\":\"Aepril\",\"description\":\"\",\"potentialAction\":[{\"@type\":\"SearchAction\",\"target\":{\"@type\":\"EntryPoint\",\"urlTemplate\":\"https:\/\/aeprilclinics.nl\/fr\/?s={search_term_string}\"},\"query-input\":{\"@type\":\"PropertyValueSpecification\",\"valueRequired\":true,\"valueName\":\"search_term_string\"}}],\"inLanguage\":\"fr-FR\"}]}<\/script>\n<!-- \/ Yoast SEO plugin. -->","yoast_head_json":{"title":"Localisation des sites - Aepril","description":"Aepril Clinics, situ\u00e9 \u00e0 Hengelo - Overijssel, est l'endroit id\u00e9al pour les traitements professionnels de la peau et la perfection esth\u00e9tique. Prenez rendez-vous d\u00e8s maintenant !","robots":{"index":"index","follow":"follow","max-snippet":"max-snippet:-1","max-image-preview":"max-image-preview:large","max-video-preview":"max-video-preview:-1"},"canonical":"https:\/\/aeprilclinics.nl\/fr\/localisation-des-sites\/","og_locale":"fr_FR","og_type":"article","og_title":"Localisation des sites - Aepril","og_description":"Aepril Clinics, situ\u00e9 \u00e0 Hengelo - Overijssel, est l'endroit id\u00e9al pour les traitements professionnels de la peau et la perfection esth\u00e9tique. Prenez rendez-vous d\u00e8s maintenant !","og_url":"https:\/\/aeprilclinics.nl\/fr\/localisation-des-sites\/","og_site_name":"Aepril","article_modified_time":"2026-05-16T20:20:23+00:00","og_image":[{"width":6667,"height":5001,"url":"https:\/\/aeprilclinics.nl\/wp-content\/uploads\/2025\/02\/aesthe-clinics-Final-07.png","type":"image\/png"}],"twitter_card":"summary_large_image","twitter_misc":{"Dur\u00e9e de lecture estim\u00e9e":"1 minute"},"schema":{"@context":"https:\/\/schema.org","@graph":[{"@type":"WebPage","@id":"https:\/\/aeprilclinics.nl\/fr\/localisation-des-sites\/","url":"https:\/\/aeprilclinics.nl\/fr\/localisation-des-sites\/","name":"Localisation des sites - Aepril","isPartOf":{"@id":"https:\/\/aeprilclinics.nl\/fr\/#website"},"primaryImageOfPage":{"@id":"https:\/\/aeprilclinics.nl\/fr\/localisation-des-sites\/#primaryimage"},"image":{"@id":"https:\/\/aeprilclinics.nl\/fr\/localisation-des-sites\/#primaryimage"},"thumbnailUrl":"https:\/\/aeprilclinics.nl\/wp-content\/uploads\/2025\/02\/aesthe-clinics-Final-07.png","datePublished":"2025-01-22T13:49:37+00:00","dateModified":"2026-05-16T20:20:23+00:00","description":"Aepril Clinics, situ\u00e9 \u00e0 Hengelo - Overijssel, est l'endroit id\u00e9al pour les traitements professionnels de la peau et la perfection esth\u00e9tique. Prenez rendez-vous d\u00e8s maintenant !","breadcrumb":{"@id":"https:\/\/aeprilclinics.nl\/fr\/localisation-des-sites\/#breadcrumb"},"inLanguage":"fr-FR","potentialAction":[{"@type":"ReadAction","target":["https:\/\/aeprilclinics.nl\/fr\/localisation-des-sites\/"]}]},{"@type":"ImageObject","inLanguage":"fr-FR","@id":"https:\/\/aeprilclinics.nl\/fr\/localisation-des-sites\/#primaryimage","url":"https:\/\/aeprilclinics.nl\/wp-content\/uploads\/2025\/02\/aesthe-clinics-Final-07.png","contentUrl":"https:\/\/aeprilclinics.nl\/wp-content\/uploads\/2025\/02\/aesthe-clinics-Final-07.png","width":6667,"height":5001},{"@type":"BreadcrumbList","@id":"https:\/\/aeprilclinics.nl\/fr\/localisation-des-sites\/#breadcrumb","itemListElement":[{"@type":"ListItem","position":1,"name":"Home","item":"https:\/\/aeprilclinics.nl\/fr\/"},{"@type":"ListItem","position":2,"name":"Localisation des sites"}]},{"@type":"WebSite","@id":"https:\/\/aeprilclinics.nl\/fr\/#website","url":"https:\/\/aeprilclinics.nl\/fr\/","name":"Aepril","description":"","potentialAction":[{"@type":"SearchAction","target":{"@type":"EntryPoint","urlTemplate":"https:\/\/aeprilclinics.nl\/fr\/?s={search_term_string}"},"query-input":{"@type":"PropertyValueSpecification","valueRequired":true,"valueName":"search_term_string"}}],"inLanguage":"fr-FR"}]}},"_links":{"self":[{"href":"https:\/\/aeprilclinics.nl\/fr\/wp-json\/wp\/v2\/pages\/10014","targetHints":{"allow":["GET"]}}],"collection":[{"href":"https:\/\/aeprilclinics.nl\/fr\/wp-json\/wp\/v2\/pages"}],"about":[{"href":"https:\/\/aeprilclinics.nl\/fr\/wp-json\/wp\/v2\/types\/page"}],"author":[{"embeddable":true,"href":"https:\/\/aeprilclinics.nl\/fr\/wp-json\/wp\/v2\/users\/10"}],"replies":[{"embeddable":true,"href":"https:\/\/aeprilclinics.nl\/fr\/wp-json\/wp\/v2\/comments?post=10014"}],"version-history":[{"count":3,"href":"https:\/\/aeprilclinics.nl\/fr\/wp-json\/wp\/v2\/pages\/10014\/revisions"}],"predecessor-version":[{"id":10057,"href":"https:\/\/aeprilclinics.nl\/fr\/wp-json\/wp\/v2\/pages\/10014\/revisions\/10057"}],"wp:featuredmedia":[{"embeddable":true,"href":"https:\/\/aeprilclinics.nl\/fr\/wp-json\/wp\/v2\/media\/8996"}],"wp:attachment":[{"href":"https:\/\/aeprilclinics.nl\/fr\/wp-json\/wp\/v2\/media?parent=10014"}],"curies":[{"name":"wp","href":"https:\/\/api.w.org\/{rel}","templated":true}]}}