{"id":8917,"date":"2025-01-21T16:17:31","date_gmt":"2025-01-21T16:17:31","guid":{"rendered":"https:\/\/aeprilclinics.nl\/nuestra-politica-de-reclamaciones\/"},"modified":"2026-05-16T13:50:16","modified_gmt":"2026-05-16T13:50:16","slug":"nuestra-politica-de-reclamaciones","status":"publish","type":"page","link":"https:\/\/aeprilclinics.nl\/es\/nuestra-politica-de-reclamaciones\/","title":{"rendered":"Nuestra pol\u00edtica de reclamaciones"},"content":{"rendered":"\n<h1 class=\"wp-block-heading\">Una queja sobre tu m\u00e9dico<\/h1>\n\n<h3 class=\"wp-block-heading\">Tienes una queja sobre tu m\u00e9dico. \u00bfY ahora qu\u00e9? <\/h3>\n\n<p>Una buena relaci\u00f3n entre t\u00fa y tu m\u00e9dico es importante. A veces, por desgracia, ocurren cosas que perturban esta relaci\u00f3n. No est\u00e1s satisfecho, tienes una queja. Este folleto te informa sobre lo que puedes hacer si tienes un problema con tu m\u00e9dico. Puedes leer sobre las opciones para resolver tu queja y c\u00f3mo se tramita tu queja dentro del procedimiento de quejas DOKh.    <\/p>\n\n<h3 class=\"wp-block-heading\">Salir juntos<\/h3>\n\n<p>En primer lugar, intenta discutir y resolver el problema en una conversaci\u00f3n personal con tu m\u00e9dico. Si esto falla, tu m\u00e9dico te pondr\u00e1 en contacto con el responsable de reclamaciones de DOKh. Tambi\u00e9n puedes ponerte en contacto directamente con DOKh.  <\/p>\n\n<h3 class=\"wp-block-heading\">Recepci\u00f3n de quejas<\/h3>\n\n<p>El Responsable de Quejas de DOKh es independiente y trabajar\u00e1 contigo para resolver tu queja. En el plazo de 1 semana desde que DOKh tenga conocimiento de tu queja, el Responsable de Quejas se pondr\u00e1 en contacto contigo. <\/p>\n\n<p>El Responsable de Quejas intentar\u00e1 mediar en la queja si est\u00e1s dispuesto a hacerlo.<\/p>\n\n<h3 class=\"wp-block-heading\">Mediaci\u00f3n en reclamaciones<\/h3>\n\n<p>Muchas reclamaciones pueden resolverse en una conversaci\u00f3n (telef\u00f3nica). Durante las conversaciones de mediaci\u00f3n, t\u00fa y tu m\u00e9dico tendr\u00e9is la oportunidad de explicar el suceso o sucesos. A medida que crece la comprensi\u00f3n mutua, suele volver a surgir una situaci\u00f3n viable. El objetivo \u00faltimo de la mediaci\u00f3n es restablecer la relaci\u00f3n entre tu m\u00e9dico y t\u00fa.   <\/p>\n\n<h3 class=\"wp-block-heading\">Juicio formulado por el m\u00e9dico<\/h3>\n\n<p>Para completar el proceso de reclamaci\u00f3n, el m\u00e9dico est\u00e1 obligado a informarte de su dictamen en el plazo de 6 semanas desde la presentaci\u00f3n de la reclamaci\u00f3n. Un dictamen significa declarar por escrito qu\u00e9 decisiones ha tomado sobre la queja y como consecuencia de ella, y qu\u00e9 medida(s), en su caso, se tomar\u00e1n. El plazo de 6 semanas puede ampliarse un m\u00e1ximo de 4 semanas, si se te informa a tiempo.  <\/p>\n\n<p>Si ambas partes est\u00e1n satisfechas con el veredicto, la reclamaci\u00f3n queda resuelta. Si no est\u00e1s satisfecho y deseas continuar con el procedimiento de reclamaci\u00f3n, se trata de un litigio. Despu\u00e9s de la sentencia, tienes 6 meses para decidir si quieres someter el litigio a la Autoridad de Controversias.  <\/p>\n\n<h3 class=\"wp-block-heading\">Reglas del juego<\/h3>\n\n<ul class=\"wp-block-list\">\n<li>La ayuda del Encargado de Reclamaciones, la mediaci\u00f3n en las reclamaciones y la tramitaci\u00f3n de \u00e9stas son gratuitas para ti.<\/li>\n\n\n\n<li>La mediaci\u00f3n s\u00f3lo tiene \u00e9xito cuando ambas partes est\u00e1n de acuerdo.<\/li>\n\n\n\n<li>La mediaci\u00f3n se basa en el respeto y la confianza mutuos.<\/li>\n\n\n\n<li>Todas las personas implicadas en el proceso tratan tu intimidad con el m\u00e1ximo cuidado y tienen el deber de confidencialidad.<\/li>\n\n\n\n<li>A continuaci\u00f3n puedes descargarte el procedimiento de reclamaci\u00f3n completo.<\/li>\n<\/ul>\n\n<h3 class=\"wp-block-heading\">Nota: queja sobre el m\u00e9dico de salud y seguridad en el trabajo<\/h3>\n\n<p>Seg\u00fan el art\u00edculo 1.4 de la Wkkgz, el Procedimiento de Quejas y Conflictos no se aplica al asesoramiento sobre ausencias. Sin embargo, el Art\u00edculo 14(2)(h) de la Ley de Condiciones de Trabajo establece que \u00abel m\u00e9dico de empresa dispone de un procedimiento adecuado para tramitar las reclamaciones\u00bb. <\/p>\n\n<p>Para que quede claro: DOKh ofrece su sistema de reclamaciones, incluido el Oficial de Reclamaciones, tambi\u00e9n para el asesoramiento en caso de ausencia. Sin embargo, tras el proceso de tramitaci\u00f3n de quejas, no est\u00e1 abierta la v\u00eda al \u00d3rgano de Resoluci\u00f3n de Disputas.  <\/p>\n\n<p>Si tienes alguna pregunta al respecto, ponte en contacto con Femke Moerbeek<a href=\"mailto:fmoerbeek@dokh.nl\">(fmoerbeek@dokh.nl)<\/a>.<\/p>\n\n<h3 class=\"wp-block-heading\">\u00bfNo puedes llegar a un acuerdo con el Responsable de reclamaciones?<\/h3>\n\n<p>Si, a pesar de las conversaciones de mediaci\u00f3n, no puedes llegar a una soluci\u00f3n, el Responsable de Reclamaciones te apoyar\u00e1 en cualquier paso siguiente. Tu queja se convierte entonces en un litigio. Para m\u00e1s informaci\u00f3n sobre este tema, consulta la informaci\u00f3n de nuestro sitio web y el folleto Tienes un conflicto con tu m\u00e9dico.  <\/p>\n\n<p>NB: El remitente de un litigio es consciente de que el procedimiento ante el \u00f3rgano de arbitraje tiene car\u00e1cter de dictamen vinculante (art\u00edculo 20 Wkkgz). Al presentar el litigio, el litigante acepta voluntariamente y sin ambig\u00fcedades que el \u00f3rgano arbitral resuelva el litigio mediante un dictamen vinculante y pueda conceder una indemnizaci\u00f3n por da\u00f1os y perjuicios de hasta 25.000,00 euros. De este modo, el remitente renuncia a su derecho a someter la disputa (tambi\u00e9n) al tribunal establecido por la ley.  <\/p>\n\n<p><br\/>Fundaci\u00f3n DOKh<br\/>Departamento de Quejas y Reclamaciones<br\/>Robijnstraat 6<br\/>1812 RB ALKMAAR<br\/>Tel: 072-520 83 25 (todos los d\u00edas de 9.00 a 15.00)<br\/>Correo electr\u00f3nico: <a href=\"mailto:klachtenengeschillen@dokh.nl\" target=\"_blank\" rel=\"noreferrer noopener\">klachtenengeschillen@dokh.nl<\/a><br\/>P\u00e1gina web: <a href=\"http:\/\/www.dokh.nl\/\" target=\"_blank\" rel=\"noreferrer noopener\">www.dokh.nl<\/a><\/p>\n\n<p><\/p>\n\n<h3 class=\"wp-block-heading\">Tienes una queja sobre tu m\u00e9dico. \u00bfY ahora qu\u00e9?  Procedimiento de reclamaci\u00f3n DOKh<\/h3>\n\n<p>Una buena relaci\u00f3n entre t\u00fa y tu m\u00e9dico es importante. A veces, por desgracia, ocurren cosas que perturban esta relaci\u00f3n. No est\u00e1s satisfecho, tienes una queja. Este folleto te informa sobre lo que puedes hacer si tienes un problema con tu m\u00e9dico. Puedes leer sobre las opciones para resolver tu queja y c\u00f3mo se tramita tu queja dentro del procedimiento de quejas DOKh.    <\/p>\n\n<h3 class=\"wp-block-heading\">Salir juntos<\/h3>\n\n<p>En primer lugar, intenta discutir y resolver el problema en una conversaci\u00f3n personal con tu m\u00e9dico. Si esto falla, tu m\u00e9dico te pondr\u00e1 en contacto con el responsable de reclamaciones de DOKh. Tambi\u00e9n puedes ponerte en contacto directamente con DOKh.  <\/p>\n\n<h3 class=\"wp-block-heading\">Recepci\u00f3n de quejas<\/h3>\n\n<p>El Responsable de Quejas de DOKh es independiente y trabajar\u00e1 contigo para resolver tu queja. En el plazo de 1 semana desde que DOKh tenga conocimiento de tu queja, el Responsable de Quejas se pondr\u00e1 en contacto contigo. <\/p>\n\n<p>El Responsable de Quejas intentar\u00e1 mediar en la queja si est\u00e1s dispuesto a hacerlo.<\/p>\n\n<h3 class=\"wp-block-heading\">Mediaci\u00f3n en reclamaciones<\/h3>\n\n<p>Muchas reclamaciones pueden resolverse en una conversaci\u00f3n (telef\u00f3nica). Durante las conversaciones de mediaci\u00f3n, t\u00fa y tu m\u00e9dico tendr\u00e9is la oportunidad de explicar el suceso o sucesos. A medida que crece la comprensi\u00f3n mutua, suele volver a surgir una situaci\u00f3n viable. El objetivo \u00faltimo de la mediaci\u00f3n es restablecer la relaci\u00f3n entre tu m\u00e9dico y t\u00fa.   <\/p>\n\n<h3 class=\"wp-block-heading\">Juicio formulado por el m\u00e9dico<\/h3>\n\n<p>Para completar el proceso de reclamaci\u00f3n, el m\u00e9dico est\u00e1 obligado a informarte de su dictamen en el plazo de 6 semanas desde la presentaci\u00f3n de la reclamaci\u00f3n. Un dictamen significa declarar por escrito qu\u00e9 decisiones ha tomado sobre la queja y como consecuencia de ella, y qu\u00e9 medida(s), en su caso, se tomar\u00e1n. El plazo de 6 semanas puede ampliarse un m\u00e1ximo de 4 semanas, si se te informa a tiempo.  <\/p>\n\n<p>Si ambas partes est\u00e1n satisfechas con el veredicto, la reclamaci\u00f3n queda resuelta. Si no est\u00e1s satisfecho y deseas continuar con el procedimiento de reclamaci\u00f3n, se trata de un litigio. Despu\u00e9s de la sentencia, tienes 6 meses para decidir si quieres someter el litigio a la Autoridad de Controversias.  <\/p>\n\n<h3 class=\"wp-block-heading\">Reglas del juego<\/h3>\n\n<ul class=\"wp-block-list\">\n<li>La ayuda del Encargado de Reclamaciones, la mediaci\u00f3n en las reclamaciones y la tramitaci\u00f3n de \u00e9stas son gratuitas para ti.<\/li>\n\n\n\n<li>La mediaci\u00f3n s\u00f3lo tiene \u00e9xito cuando ambas partes est\u00e1n de acuerdo.<\/li>\n\n\n\n<li>La mediaci\u00f3n se basa en el respeto y la confianza mutuos.<\/li>\n\n\n\n<li>Todas las personas implicadas en el proceso tratan tu intimidad con el m\u00e1ximo cuidado y tienen el deber de confidencialidad.<\/li>\n\n\n\n<li>A continuaci\u00f3n puedes descargarte el procedimiento de reclamaci\u00f3n completo.<\/li>\n<\/ul>\n\n<h3 class=\"wp-block-heading\">Nota: queja sobre el m\u00e9dico de salud y seguridad en el trabajo<\/h3>\n\n<p>Seg\u00fan el art\u00edculo 1.4 de la Wkkgz, el Procedimiento de Quejas y Conflictos no se aplica al asesoramiento sobre ausencias. Sin embargo, el Art\u00edculo 14(2)(h) de la Ley de Condiciones de Trabajo establece que \u00abel m\u00e9dico de empresa dispone de un procedimiento adecuado para tramitar las reclamaciones\u00bb. <\/p>\n\n<p>Para que quede claro: DOKh ofrece su sistema de reclamaciones, incluido el Oficial de Reclamaciones, tambi\u00e9n para el asesoramiento en caso de ausencia. Sin embargo, tras el proceso de tramitaci\u00f3n de quejas, no est\u00e1 abierta la v\u00eda al \u00d3rgano de Resoluci\u00f3n de Disputas.  <\/p>\n\n<p>Si tienes alguna pregunta al respecto, ponte en contacto con Femke Moerbeek<a href=\"mailto:fmoerbeek@dokh.nl\">(fmoerbeek@dokh.nl)<\/a>.<\/p>\n\n<h3 class=\"wp-block-heading\">\u00bfNo puedes llegar a un acuerdo con el Responsable de reclamaciones?<\/h3>\n\n<p>Si, a pesar de las conversaciones de mediaci\u00f3n, no puedes llegar a una soluci\u00f3n, el Responsable de Reclamaciones te apoyar\u00e1 en cualquier paso siguiente. Tu queja se convierte entonces en un litigio. Para m\u00e1s informaci\u00f3n sobre este tema, consulta la informaci\u00f3n de nuestro sitio web y el folleto Tienes un conflicto con tu m\u00e9dico.  <\/p>\n\n<p>NB: El remitente de un litigio es consciente de que el procedimiento ante el \u00f3rgano de arbitraje tiene car\u00e1cter de dictamen vinculante (art\u00edculo 20 Wkkgz). Al presentar el litigio, el litigante acepta voluntariamente y sin ambig\u00fcedades que el \u00f3rgano arbitral resuelva el litigio mediante un dictamen vinculante y pueda conceder una indemnizaci\u00f3n por da\u00f1os y perjuicios de hasta 25.000,00 euros. De este modo, el remitente renuncia a su derecho a someter la disputa (tambi\u00e9n) al tribunal establecido por la ley.  <\/p>\n\n<p><br\/>Fundaci\u00f3n DOKh<br\/>Departamento de Quejas y Reclamaciones<br\/>Robijnstraat 6<br\/>1812 RB ALKMAAR<br\/>Tel: 072-520 83 25 (todos los d\u00edas de 9.00 a 15.00)<br\/>Correo electr\u00f3nico: <a href=\"mailto:klachtenengeschillen@dokh.nl\" target=\"_blank\" rel=\"noreferrer noopener\">klachtenengeschillen@dokh.nl<\/a><br\/>P\u00e1gina web: <a href=\"http:\/\/www.dokh.nl\/\" target=\"_blank\" rel=\"noreferrer noopener\">www.dokh.nl<\/a><\/p>\n\n<p><\/p>\n\n<div class=\"wp-block-cover alignfull is-light wave\" style=\"margin-top:var(--wp--preset--spacing--60);margin-bottom:0;padding-bottom:var(--wp--preset--spacing--30)\"><span aria-hidden=\"true\" class=\"wp-block-cover__background has-accent-background-color has-background-dim-100 has-background-dim\"><\/span><div class=\"wp-block-cover__inner-container has-global-padding is-layout-constrained wp-block-cover-is-layout-constrained\">\n<h2 class=\"wp-block-heading has-text-align-center\">Deja que brille tu belleza natural.<\/h2>\n\n\n\n<div style=\"height:15px\" aria-hidden=\"true\" class=\"wp-block-spacer\"><\/div>\n\n\n\n<div class=\"wp-block-buttons is-content-justification-center is-layout-flex wp-container-core-buttons-is-layout-a89b3969 wp-block-buttons-is-layout-flex\">\n<div class=\"wp-block-button\"><a class=\"wp-block-button__link has-base-color has-accent-3-background-color has-text-color has-background has-link-color wp-element-button\">Reserva una consulta gratuita<\/a><\/div>\n<\/div>\n<\/div><\/div>\n","protected":false},"excerpt":{"rendered":"<p>Una queja sobre tu m\u00e9dico Tienes una queja sobre tu m\u00e9dico. \u00bfY ahora qu\u00e9? Una buena relaci\u00f3n entre t\u00fa y tu m\u00e9dico es importante. A veces, por desgracia, ocurren cosas que perturban esta relaci\u00f3n. No est\u00e1s satisfecho, tienes una queja&#8230;.<\/p>\n","protected":false},"author":10,"featured_media":6393,"parent":0,"menu_order":0,"comment_status":"closed","ping_status":"closed","template":"","meta":{"_acf_changed":false,"footnotes":""},"class_list":["post-8917","page","type-page","status-publish","has-post-thumbnail","hentry"],"acf":[],"yoast_head":"<!-- This site is optimized with the Yoast SEO plugin v27.2 - https:\/\/yoast.com\/product\/yoast-seo-wordpress\/ -->\n<title>Nuestra pol\u00edtica de reclamaciones - Aepril<\/title>\n<meta name=\"description\" content=\"Nos esforzamos por ofrecer la mejor atenci\u00f3n. \u00bfTienes alguna queja? Lee aqu\u00ed c\u00f3mo garantizamos la transparencia y la calidad en las Cl\u00ednicas Aepril.\" \/>\n<meta name=\"robots\" content=\"index, follow, max-snippet:-1, max-image-preview:large, max-video-preview:-1\" \/>\n<link rel=\"canonical\" href=\"https:\/\/aeprilclinics.nl\/es\/nuestra-politica-de-reclamaciones\/\" \/>\n<meta property=\"og:locale\" content=\"es_ES\" \/>\n<meta property=\"og:type\" content=\"article\" \/>\n<meta property=\"og:title\" content=\"Nuestra pol\u00edtica de reclamaciones - Aepril\" \/>\n<meta property=\"og:description\" content=\"Nos esforzamos por ofrecer la mejor atenci\u00f3n. \u00bfTienes alguna queja? Lee aqu\u00ed c\u00f3mo garantizamos la transparencia y la calidad en las Cl\u00ednicas Aepril.\" \/>\n<meta property=\"og:url\" content=\"https:\/\/aeprilclinics.nl\/es\/nuestra-politica-de-reclamaciones\/\" \/>\n<meta property=\"og:site_name\" content=\"Aepril\" \/>\n<meta property=\"article:modified_time\" content=\"2026-05-16T13:50:16+00:00\" \/>\n<meta property=\"og:image\" content=\"https:\/\/aeprilclinics.nl\/wp-content\/uploads\/2025\/02\/aesthe-clinics-Final-07.png\" \/>\n\t<meta property=\"og:image:width\" content=\"6667\" \/>\n\t<meta property=\"og:image:height\" content=\"5001\" \/>\n\t<meta property=\"og:image:type\" content=\"image\/png\" \/>\n<meta name=\"twitter:card\" content=\"summary_large_image\" \/>\n<meta name=\"twitter:label1\" content=\"Tiempo de lectura\" \/>\n\t<meta name=\"twitter:data1\" content=\"8 minutos\" \/>\n<script type=\"application\/ld+json\" class=\"yoast-schema-graph\">{\"@context\":\"https:\/\/schema.org\",\"@graph\":[{\"@type\":\"WebPage\",\"@id\":\"https:\/\/aeprilclinics.nl\/es\/nuestra-politica-de-reclamaciones\/\",\"url\":\"https:\/\/aeprilclinics.nl\/es\/nuestra-politica-de-reclamaciones\/\",\"name\":\"Nuestra pol\u00edtica de reclamaciones - Aepril\",\"isPartOf\":{\"@id\":\"https:\/\/aeprilclinics.nl\/es\/#website\"},\"primaryImageOfPage\":{\"@id\":\"https:\/\/aeprilclinics.nl\/es\/nuestra-politica-de-reclamaciones\/#primaryimage\"},\"image\":{\"@id\":\"https:\/\/aeprilclinics.nl\/es\/nuestra-politica-de-reclamaciones\/#primaryimage\"},\"thumbnailUrl\":\"https:\/\/aeprilclinics.nl\/wp-content\/uploads\/2025\/02\/aesthe-clinics-Final-07.png\",\"datePublished\":\"2025-01-21T16:17:31+00:00\",\"dateModified\":\"2026-05-16T13:50:16+00:00\",\"description\":\"Nos esforzamos por ofrecer la mejor atenci\u00f3n. \u00bfTienes alguna queja? Lee aqu\u00ed c\u00f3mo garantizamos la transparencia y la calidad en las Cl\u00ednicas Aepril.\",\"breadcrumb\":{\"@id\":\"https:\/\/aeprilclinics.nl\/es\/nuestra-politica-de-reclamaciones\/#breadcrumb\"},\"inLanguage\":\"es\",\"potentialAction\":[{\"@type\":\"ReadAction\",\"target\":[\"https:\/\/aeprilclinics.nl\/es\/nuestra-politica-de-reclamaciones\/\"]}]},{\"@type\":\"ImageObject\",\"inLanguage\":\"es\",\"@id\":\"https:\/\/aeprilclinics.nl\/es\/nuestra-politica-de-reclamaciones\/#primaryimage\",\"url\":\"https:\/\/aeprilclinics.nl\/wp-content\/uploads\/2025\/02\/aesthe-clinics-Final-07.png\",\"contentUrl\":\"https:\/\/aeprilclinics.nl\/wp-content\/uploads\/2025\/02\/aesthe-clinics-Final-07.png\",\"width\":6667,\"height\":5001},{\"@type\":\"BreadcrumbList\",\"@id\":\"https:\/\/aeprilclinics.nl\/es\/nuestra-politica-de-reclamaciones\/#breadcrumb\",\"itemListElement\":[{\"@type\":\"ListItem\",\"position\":1,\"name\":\"Home\",\"item\":\"https:\/\/aeprilclinics.nl\/es\/\"},{\"@type\":\"ListItem\",\"position\":2,\"name\":\"Nuestra pol\u00edtica de reclamaciones\"}]},{\"@type\":\"WebSite\",\"@id\":\"https:\/\/aeprilclinics.nl\/es\/#website\",\"url\":\"https:\/\/aeprilclinics.nl\/es\/\",\"name\":\"Aepril\",\"description\":\"\",\"potentialAction\":[{\"@type\":\"SearchAction\",\"target\":{\"@type\":\"EntryPoint\",\"urlTemplate\":\"https:\/\/aeprilclinics.nl\/es\/?s={search_term_string}\"},\"query-input\":{\"@type\":\"PropertyValueSpecification\",\"valueRequired\":true,\"valueName\":\"search_term_string\"}}],\"inLanguage\":\"es\"}]}<\/script>\n<!-- \/ Yoast SEO plugin. -->","yoast_head_json":{"title":"Nuestra pol\u00edtica de reclamaciones - Aepril","description":"Nos esforzamos por ofrecer la mejor atenci\u00f3n. \u00bfTienes alguna queja? Lee aqu\u00ed c\u00f3mo garantizamos la transparencia y la calidad en las Cl\u00ednicas Aepril.","robots":{"index":"index","follow":"follow","max-snippet":"max-snippet:-1","max-image-preview":"max-image-preview:large","max-video-preview":"max-video-preview:-1"},"canonical":"https:\/\/aeprilclinics.nl\/es\/nuestra-politica-de-reclamaciones\/","og_locale":"es_ES","og_type":"article","og_title":"Nuestra pol\u00edtica de reclamaciones - Aepril","og_description":"Nos esforzamos por ofrecer la mejor atenci\u00f3n. \u00bfTienes alguna queja? Lee aqu\u00ed c\u00f3mo garantizamos la transparencia y la calidad en las Cl\u00ednicas Aepril.","og_url":"https:\/\/aeprilclinics.nl\/es\/nuestra-politica-de-reclamaciones\/","og_site_name":"Aepril","article_modified_time":"2026-05-16T13:50:16+00:00","og_image":[{"width":6667,"height":5001,"url":"https:\/\/aeprilclinics.nl\/wp-content\/uploads\/2025\/02\/aesthe-clinics-Final-07.png","type":"image\/png"}],"twitter_card":"summary_large_image","twitter_misc":{"Tiempo de lectura":"8 minutos"},"schema":{"@context":"https:\/\/schema.org","@graph":[{"@type":"WebPage","@id":"https:\/\/aeprilclinics.nl\/es\/nuestra-politica-de-reclamaciones\/","url":"https:\/\/aeprilclinics.nl\/es\/nuestra-politica-de-reclamaciones\/","name":"Nuestra pol\u00edtica de reclamaciones - Aepril","isPartOf":{"@id":"https:\/\/aeprilclinics.nl\/es\/#website"},"primaryImageOfPage":{"@id":"https:\/\/aeprilclinics.nl\/es\/nuestra-politica-de-reclamaciones\/#primaryimage"},"image":{"@id":"https:\/\/aeprilclinics.nl\/es\/nuestra-politica-de-reclamaciones\/#primaryimage"},"thumbnailUrl":"https:\/\/aeprilclinics.nl\/wp-content\/uploads\/2025\/02\/aesthe-clinics-Final-07.png","datePublished":"2025-01-21T16:17:31+00:00","dateModified":"2026-05-16T13:50:16+00:00","description":"Nos esforzamos por ofrecer la mejor atenci\u00f3n. \u00bfTienes alguna queja? Lee aqu\u00ed c\u00f3mo garantizamos la transparencia y la calidad en las Cl\u00ednicas Aepril.","breadcrumb":{"@id":"https:\/\/aeprilclinics.nl\/es\/nuestra-politica-de-reclamaciones\/#breadcrumb"},"inLanguage":"es","potentialAction":[{"@type":"ReadAction","target":["https:\/\/aeprilclinics.nl\/es\/nuestra-politica-de-reclamaciones\/"]}]},{"@type":"ImageObject","inLanguage":"es","@id":"https:\/\/aeprilclinics.nl\/es\/nuestra-politica-de-reclamaciones\/#primaryimage","url":"https:\/\/aeprilclinics.nl\/wp-content\/uploads\/2025\/02\/aesthe-clinics-Final-07.png","contentUrl":"https:\/\/aeprilclinics.nl\/wp-content\/uploads\/2025\/02\/aesthe-clinics-Final-07.png","width":6667,"height":5001},{"@type":"BreadcrumbList","@id":"https:\/\/aeprilclinics.nl\/es\/nuestra-politica-de-reclamaciones\/#breadcrumb","itemListElement":[{"@type":"ListItem","position":1,"name":"Home","item":"https:\/\/aeprilclinics.nl\/es\/"},{"@type":"ListItem","position":2,"name":"Nuestra pol\u00edtica de reclamaciones"}]},{"@type":"WebSite","@id":"https:\/\/aeprilclinics.nl\/es\/#website","url":"https:\/\/aeprilclinics.nl\/es\/","name":"Aepril","description":"","potentialAction":[{"@type":"SearchAction","target":{"@type":"EntryPoint","urlTemplate":"https:\/\/aeprilclinics.nl\/es\/?s={search_term_string}"},"query-input":{"@type":"PropertyValueSpecification","valueRequired":true,"valueName":"search_term_string"}}],"inLanguage":"es"}]}},"_links":{"self":[{"href":"https:\/\/aeprilclinics.nl\/es\/wp-json\/wp\/v2\/pages\/8917","targetHints":{"allow":["GET"]}}],"collection":[{"href":"https:\/\/aeprilclinics.nl\/es\/wp-json\/wp\/v2\/pages"}],"about":[{"href":"https:\/\/aeprilclinics.nl\/es\/wp-json\/wp\/v2\/types\/page"}],"author":[{"embeddable":true,"href":"https:\/\/aeprilclinics.nl\/es\/wp-json\/wp\/v2\/users\/10"}],"replies":[{"embeddable":true,"href":"https:\/\/aeprilclinics.nl\/es\/wp-json\/wp\/v2\/comments?post=8917"}],"version-history":[{"count":5,"href":"https:\/\/aeprilclinics.nl\/es\/wp-json\/wp\/v2\/pages\/8917\/revisions"}],"predecessor-version":[{"id":8932,"href":"https:\/\/aeprilclinics.nl\/es\/wp-json\/wp\/v2\/pages\/8917\/revisions\/8932"}],"wp:featuredmedia":[{"embeddable":true,"href":"https:\/\/aeprilclinics.nl\/es\/wp-json\/wp\/v2\/media\/6393"}],"wp:attachment":[{"href":"https:\/\/aeprilclinics.nl\/es\/wp-json\/wp\/v2\/media?parent=8917"}],"curies":[{"name":"wp","href":"https:\/\/api.w.org\/{rel}","templated":true}]}}