{"id":8845,"date":"2025-01-22T13:21:16","date_gmt":"2025-01-22T13:21:16","guid":{"rendered":"https:\/\/aeprilclinics.nl\/nuestra-historia\/"},"modified":"2026-05-16T13:50:28","modified_gmt":"2026-05-16T13:50:28","slug":"nuestra-historia","status":"publish","type":"page","link":"https:\/\/aeprilclinics.nl\/es\/nuestra-historia\/","title":{"rendered":"Nuestra historia"},"content":{"rendered":"\n<div class=\"wp-block-media-text has-media-on-the-right is-stacked-on-mobile is-image-fill-element\"><div class=\"wp-block-media-text__content\">\n<h5 class=\"wp-block-heading\">Antecedentes<\/h5>\n\n\n\n<h2 class=\"wp-block-heading\">Nuestra historia<\/h2>\n\n\n\n<p>Somos Bahman Zarghami y Elnaz Alagha. Socios en la vida y en nuestra pasi\u00f3n por la medicina est\u00e9tica. Lo que nos impulsa no es s\u00f3lo el amor por nuestra profesi\u00f3n, sino sobre todo el impacto que podemos tener en la autoestima de las personas. Creemos que la belleza no consiste en la perfecci\u00f3n, sino en el equilibrio, el resplandor natural y el realce de los rasgos \u00fanicos de cada uno.   <\/p>\n\n\n\n<p>Durante nuestros a\u00f1os en la industria cosm\u00e9tica, vimos que muchas cl\u00ednicas se centran en tratamientos r\u00e1pidos sin atenci\u00f3n personal. Los clientes no siempre reciben un asesoramiento sincero, y los resultados no siempre est\u00e1n a la altura de sus expectativas. Esto ten\u00eda que cambiar. Por eso decidimos fundar juntos nuestra propia cl\u00ednica. Un lugar donde primen el trato personal, la honestidad y la atenci\u00f3n de alta calidad.    <\/p>\n\n\n\n<p>Con nosotros, no se trata s\u00f3lo de un tratamiento, sino de una experiencia. Nos tomamos el tiempo necesario para escuchar, identificar los deseos y crear un plan de tratamiento a medida. Nuestro objetivo es hacer que las personas sean m\u00e1s bellas de forma natural, sin perder su aspecto \u00fanico.  <\/p>\n\n\n\n<p>Nuestra misi\u00f3n es clara: mejorar el mundo de la cosm\u00e9tica mediante la transparencia, la calidad y el cuidado genuino de nuestros clientes. Esto no es s\u00f3lo un negocio para nosotros, es nuestra pasi\u00f3n, nuestra profesi\u00f3n y nuestra forma de contribuir al bienestar y la seguridad en uno mismo de los dem\u00e1s. <\/p>\n\n\n\n<p>Y lo hacemos juntos, con amor.<\/p>\n<\/div><figure class=\"wp-block-media-text__media\"><img loading=\"lazy\" decoding=\"async\" width=\"683\" height=\"1024\" src=\"https:\/\/aeprilclinics.nl\/wp-content\/uploads\/2025\/01\/BN4A9197-683x1024.jpg\" alt=\"\" class=\"wp-image-1015 size-full\" style=\"object-position:50% 50%\" srcset=\"https:\/\/aeprilclinics.nl\/wp-content\/uploads\/2025\/01\/BN4A9197-683x1024.jpg 683w, https:\/\/aeprilclinics.nl\/wp-content\/uploads\/2025\/01\/BN4A9197-200x300.jpg 200w, https:\/\/aeprilclinics.nl\/wp-content\/uploads\/2025\/01\/BN4A9197-768x1152.jpg 768w, https:\/\/aeprilclinics.nl\/wp-content\/uploads\/2025\/01\/BN4A9197-1024x1536.jpg 1024w, https:\/\/aeprilclinics.nl\/wp-content\/uploads\/2025\/01\/BN4A9197-1365x2048.jpg 1365w, https:\/\/aeprilclinics.nl\/wp-content\/uploads\/2025\/01\/BN4A9197-180x270.jpg 180w, https:\/\/aeprilclinics.nl\/wp-content\/uploads\/2025\/01\/BN4A9197-scaled.jpg 1707w\" sizes=\"auto, (max-width: 683px) 100vw, 683px\" \/><\/figure><\/div>\n\n<hr class=\"wp-block-separator has-alpha-channel-opacity\"\/>\n\n<div class=\"wp-block-media-text is-stacked-on-mobile is-image-fill-element\"><figure class=\"wp-block-media-text__media\"><img loading=\"lazy\" decoding=\"async\" width=\"683\" height=\"1024\" src=\"https:\/\/aeprilclinics.nl\/wp-content\/uploads\/2025\/01\/BN4A8397-Verbeterd-NR-683x1024.jpg\" alt=\"\" class=\"wp-image-1048 size-full\" style=\"object-position:50% 50%\" srcset=\"https:\/\/aeprilclinics.nl\/wp-content\/uploads\/2025\/01\/BN4A8397-Verbeterd-NR-683x1024.jpg 683w, https:\/\/aeprilclinics.nl\/wp-content\/uploads\/2025\/01\/BN4A8397-Verbeterd-NR-200x300.jpg 200w, https:\/\/aeprilclinics.nl\/wp-content\/uploads\/2025\/01\/BN4A8397-Verbeterd-NR-768x1152.jpg 768w, https:\/\/aeprilclinics.nl\/wp-content\/uploads\/2025\/01\/BN4A8397-Verbeterd-NR-1024x1536.jpg 1024w, https:\/\/aeprilclinics.nl\/wp-content\/uploads\/2025\/01\/BN4A8397-Verbeterd-NR-1365x2048.jpg 1365w, https:\/\/aeprilclinics.nl\/wp-content\/uploads\/2025\/01\/BN4A8397-Verbeterd-NR-180x270.jpg 180w, https:\/\/aeprilclinics.nl\/wp-content\/uploads\/2025\/01\/BN4A8397-Verbeterd-NR-scaled.jpg 1707w\" sizes=\"auto, (max-width: 683px) 100vw, 683px\" \/><\/figure><div class=\"wp-block-media-text__content\">\n<h5 class=\"wp-block-heading\">Nuestra visi\u00f3n<\/h5>\n\n\n\n<h2 class=\"wp-block-heading\">Lo que defendemos<\/h2>\n\n\n\n<p>Nuestra cl\u00ednica se basa en tres pilares fundamentales que definen todo lo que hacemos:<\/p>\n\n\n\n<p><strong>Amor<\/strong><br\/>En Cl\u00ednicas Aepril tratamos a cada cliente con aut\u00e9ntica atenci\u00f3n y calidez. El amor por nuestra profesi\u00f3n y el amor por nuestros clientes est\u00e1n en el coraz\u00f3n de cada tratamiento. Lo experimentas desde la entrada hasta la cita de revisi\u00f3n.  <\/p>\n\n\n\n<p><strong>Dedicaci\u00f3n<\/strong><br\/>Nos esforzamos por alcanzar la perfecci\u00f3n en la atenci\u00f3n y los resultados. Nuestra dedicaci\u00f3n se refleja en una formaci\u00f3n y educaci\u00f3n regulares, sin concesiones en la calidad de los productos y las herramientas, y en un enfoque personal que mejora un poco cada d\u00eda. <\/p>\n\n\n\n<p><strong>Bienestar<\/strong><br\/>Creemos que la belleza interior y exterior deben estar equilibradas y te guiamos de forma segura y respetuosa hacia una versi\u00f3n naturalmente bella de ti misma. A veces ning\u00fan tratamiento, es el mejor tratamiento y siempre actuaremos en tu bienestar. <\/p>\n<\/div><\/div>\n\n<div class=\"wp-block-cover alignfull is-light\" style=\"margin-top:var(--wp--preset--spacing--60);margin-bottom:var(--wp--preset--spacing--60)\"><span aria-hidden=\"true\" class=\"wp-block-cover__background has-accent-2-background-color has-background-dim-100 has-background-dim\"><\/span><div class=\"wp-block-cover__inner-container has-global-padding is-layout-constrained wp-block-cover-is-layout-constrained\">\n<div class=\"wp-block-media-text is-stacked-on-mobile is-image-fill-element\"><figure class=\"wp-block-media-text__media\"><img loading=\"lazy\" decoding=\"async\" width=\"683\" height=\"1024\" src=\"https:\/\/aeprilclinics.nl\/wp-content\/uploads\/2025\/01\/BN4A0034-1-683x1024.jpg\" alt=\"\" class=\"wp-image-990 size-full\" style=\"object-position:50% 50%\" srcset=\"https:\/\/aeprilclinics.nl\/wp-content\/uploads\/2025\/01\/BN4A0034-1-683x1024.jpg 683w, https:\/\/aeprilclinics.nl\/wp-content\/uploads\/2025\/01\/BN4A0034-1-200x300.jpg 200w, https:\/\/aeprilclinics.nl\/wp-content\/uploads\/2025\/01\/BN4A0034-1-768x1152.jpg 768w, https:\/\/aeprilclinics.nl\/wp-content\/uploads\/2025\/01\/BN4A0034-1-1024x1536.jpg 1024w, https:\/\/aeprilclinics.nl\/wp-content\/uploads\/2025\/01\/BN4A0034-1-1365x2048.jpg 1365w, https:\/\/aeprilclinics.nl\/wp-content\/uploads\/2025\/01\/BN4A0034-1-180x270.jpg 180w, https:\/\/aeprilclinics.nl\/wp-content\/uploads\/2025\/01\/BN4A0034-1-scaled.jpg 1707w\" sizes=\"auto, (max-width: 683px) 100vw, 683px\" \/><\/figure><div class=\"wp-block-media-text__content\">\n<h2 class=\"wp-block-heading\">Fundaci\u00f3n Persigue tus Sue\u00f1os<\/h2>\n\n\n\n<p>La diferencia entre los hijos de padres con estudios altos y bajos se ha duplicado en los \u00faltimos 15 a\u00f1os (fuente: CPB). Adem\u00e1s, los ni\u00f1os de las ciudades con una renta media m\u00e1s alta tienen hasta tres veces m\u00e1s probabilidades de recibir un consejo de HAVO+ (kansenkaart.nl). Esta creciente desigualdad afecta a millones de ni\u00f1os en Holanda.  <\/p>\n\n\n\n<p>La Fundaci\u00f3n Persigue tus Sue\u00f1os, creada actualmente por nuestros fundadores, el Dr. Elnaz y Bahman Zarghami, es una organizaci\u00f3n sin \u00e1nimo de lucro con una poderosa misi\u00f3n: apoyar a j\u00f3venes desfavorecidos de entre 12 y 22 a\u00f1os para que alcancen sus sue\u00f1os \u00abimposibles\u00bb. La fundaci\u00f3n tambi\u00e9n pretende sensibilizar a los profesionales de la educaci\u00f3n y a los padres\/cuidadores para que puedan guiar mejor a los j\u00f3venes en el desarrollo de sus talentos y la consecuci\u00f3n de sus objetivos, por grandes que sean. <\/p>\n\n\n\n<p>Cl\u00ednicas Aepril ser\u00e1 un orgulloso patrocinador principal de la fundaci\u00f3n. Con cada tratamiento al que te sometas con nosotros, contribuyes a hacer realidad los sue\u00f1os de ni\u00f1os desfavorecidos. Juntos, estamos construyendo un futuro lleno de igualdad de oportunidades para los sue\u00f1os de todos los ni\u00f1os.  <\/p>\n<\/div><\/div>\n<\/div><\/div>\n\n<h2 class=\"wp-block-heading has-text-align-center\">Medios de comunicaci\u00f3n<\/h2>\n\n<p class=\"has-text-align-center\">La doctora Elnaz ha vivido un viaje \u00fanico en su carrera y regularmente<br\/>le pide que hable en escuelas o eventos para<br\/>inspirar a otros estudiantes a seguir sus sue\u00f1os. Lee m\u00e1s sobre su historia a continuaci\u00f3n<br\/>en una de sus apariciones ante los medios de comunicaci\u00f3n. <\/p>\n\n<p class=\"has-text-align-center\">Su historia de perseverancia, concentraci\u00f3n y ambici\u00f3n son los pilares de las Cl\u00ednicas Aepril.<\/p>\n\r\n\r\r\n<style>\r\r\n\r\r\n    \/*Used to keep captions inside the visible area*\/\r\r\n    #foogallery-gallery-1052 .foo-item {\r\r\n        max-height: 150px;\r\r\n    }\r\r\n\r\r\n    #foogallery-gallery-1052.border-style-inset a::after {\r\r\n        box-shadow: inset 0 0 20px #000;\r\r\n        -moz-box-shadow: inset 0 0 20px #000;\r\r\n        -webkit-box-shadow: inset 0 0 calc(150)px\/4 rgba(0,0,0,0.8);\r\r\n    }\r\r\n<\/style>\r\r\n\r\r\n<div id=\"foogallery-gallery-1052\" class=\"foogallery foogallery-container foogallery-owl-carousel foogallery-lightbox-foogallery owl-carousel \">\r\r\n\r\r\n    \r\n        <div class=\"foo-item\" >\r\r\n            <a  href=\"https:\/\/www.ad.nl\/binnenland\/elnaz-29-startte-op-het-vmbo-kader-nu-is-ze-arts-zon-citoscore-is-niet-het-einde-van-je-reis~a9c77e4d1\/?referrer=https%3A%2F%2Fwww.google.com%2F\" data-attachment-id=\"1060\" data-type=\"iframe\"><img loading=\"lazy\" decoding=\"async\"  src=\"https:\/\/aeprilclinics.nl\/wp-content\/uploads\/cache\/2025\/01\/New_Logo_AD-removebg-preview-1\/270999162.png\" width=\"150\" height=\"150\" class=\"skip-lazy\" \/><\/a>\r\n\r\r\n        <\/div>\r\r\n\r\r\n    \r\n        <div class=\"foo-item\" >\r\r\n            <a  href=\"https:\/\/www.rtl.nl\/nieuws\/artikel\/5429767\/elnaz-begon-op-vmbo-kader-maar-nu-dokter-ik-zou-vwo-niet-aankunnen\" data-attachment-id=\"1054\" data-type=\"iframe\"><img loading=\"lazy\" decoding=\"async\"  src=\"https:\/\/aeprilclinics.nl\/wp-content\/uploads\/cache\/2025\/01\/rtl-group-marketing-report-removebg-preview-300x133-1\/717196156.png\" width=\"150\" height=\"150\" class=\"skip-lazy\" \/><\/a>\r\n\r\r\n        <\/div>\r\r\n\r\r\n    \r\n        <div class=\"foo-item\" >\r\r\n            <a  href=\"https:\/\/www.metronieuws.nl\/in-het-nieuws\/binnenland\/2023\/02\/elnaz-alagha-vmbo-kader-arts-geneeskunde\/\" data-attachment-id=\"1059\" data-type=\"iframe\"><img loading=\"lazy\" decoding=\"async\"  src=\"https:\/\/aeprilclinics.nl\/wp-content\/uploads\/cache\/2025\/01\/metro-logo-300x85-1\/305672462.png\" width=\"150\" height=\"150\" class=\"skip-lazy\" \/><\/a>\r\n\r\r\n        <\/div>\r\r\n\r\r\n    \r\n        <div class=\"foo-item\" >\r\r\n            <a  href=\"https:\/\/www.linda.nl\/persoonlijk\/elnaz-alagha-vmbo-kader-arts-dromen-waarmaken\/\" data-attachment-id=\"1055\" data-type=\"iframe\"><img loading=\"lazy\" decoding=\"async\"  src=\"https:\/\/aeprilclinics.nl\/wp-content\/uploads\/cache\/2025\/01\/01linda-300x188-1\/3291633963.png\" width=\"150\" height=\"150\" class=\"skip-lazy\" \/><\/a>\r\n\r\r\n        <\/div>\r\r\n\r\r\n    \r\n        <div class=\"foo-item\" >\r\r\n            <a  href=\"https:\/\/www.nporadio1.nl\/fragmenten\/humberto\/3aeae6b0-9d85-458c-966b-9ff9e7c465f4\/2023-02-10-van-vmbo-kader-naar-arts\" target=\"_blank\" data-attachment-id=\"1053\" data-type=\"iframe\"><img loading=\"lazy\" decoding=\"async\"  src=\"https:\/\/aeprilclinics.nl\/wp-content\/uploads\/cache\/2025\/01\/NPO_Radio_1_logo_2014_svg-300x203-1\/27550376.png\" width=\"150\" height=\"150\" class=\"skip-lazy\" \/><\/a>\r\n\r\r\n        <\/div>\r\r\n\r\r\n    \r\n        <div class=\"foo-item\" >\r\r\n            <a  href=\"https:\/\/fhm.nl\/entertainment\/twee-experts-over-de-booming-trend-waarom-mannen-steeds-vaker-voor-cosmetische-ingrepen-kiezen\" data-attachment-id=\"2859\" data-type=\"iframe\"><img loading=\"lazy\" decoding=\"async\"  src=\"https:\/\/aeprilclinics.nl\/wp-content\/uploads\/cache\/2025\/01\/images-1\/2325955454.png\" width=\"150\" height=\"150\" class=\"skip-lazy\" \/><\/a>\r\n\r\r\n        <\/div>\r\r\n\r\r\n    \r\n        <div class=\"foo-item\" >\r\r\n            <a  href=\"https:\/\/www.funx.nl\/fragmenten\/gilly\/9cc14a42-4adf-47ec-bc75-1c785a698cee\/2024-08-13-dokter-elnaz-over-de-pillen-voor-grotere-billen-van-selma-omari\" data-attachment-id=\"1058\" data-type=\"iframe\"><img loading=\"lazy\" decoding=\"async\"  src=\"https:\/\/aeprilclinics.nl\/wp-content\/uploads\/cache\/2025\/01\/c300\/358260454.webp\" width=\"150\" height=\"150\" class=\"skip-lazy\" \/><\/a>\r\n\r\r\n        <\/div>\r\r\n\r\r\n    \r\n        <div class=\"foo-item\" >\r\r\n            <a  href=\"https:\/\/www.amsterdamumc.org\/nl\/vandaag\/elnaz-alagha-begon-met-vmbo-kader-nu-is-ze-arts.htm\" data-attachment-id=\"1056\" data-type=\"iframe\"><img loading=\"lazy\" decoding=\"async\"  src=\"https:\/\/aeprilclinics.nl\/wp-content\/uploads\/cache\/2025\/01\/56566395\/4123700876.png\" width=\"150\" height=\"150\" class=\"skip-lazy\" \/><\/a>\r\n\r\r\n        <\/div>\r\r\n\r\r\n    \r\n        <div class=\"foo-item\" >\r\r\n            <a  href=\"https:\/\/www.tubantia.nl\/enschede\/cosmetische-ingrepen-razend-populair-in-twente-misstanden-nemen-toe~a3903977\/\" data-attachment-id=\"3279\" data-type=\"iframe\"><img loading=\"lazy\" decoding=\"async\"  src=\"https:\/\/aeprilclinics.nl\/wp-content\/uploads\/cache\/2025\/01\/Screenshot-2025-08-07-at-15_50_24\/2096432909.png\" width=\"150\" height=\"150\" class=\"skip-lazy\" \/><\/a>\r\n\r\r\n        <\/div>\r\r\n\r\r\n    \r\n        <div class=\"foo-item\" >\r\r\n            <a  href=\"https:\/\/www.gelderlander.nl\/bronckhorst\/een-lage-citoscore-twijfelende-leraren-en-vmbo-k-advies-tegen-de-verwachtingen-in-lukte-het-elnaz-toch-om-dokter-te-worden~a3a710ce\/\" data-attachment-id=\"1057\" data-type=\"iframe\"><img loading=\"lazy\" decoding=\"async\"  src=\"https:\/\/aeprilclinics.nl\/wp-content\/uploads\/cache\/2025\/01\/123921055630eb56a4931ec8fc996fc7-removebg-preview\/4052178750.png\" width=\"150\" height=\"150\" class=\"skip-lazy\" \/><\/a>\r\n\r\r\n        <\/div>\r\r\n\r\r\n    \r\n        <div class=\"foo-item\" >\r\r\n            <a  href=\"https:\/\/www.tubantia.nl\/wierden\/ze-wilde-een-subtiele-ingreep-maar-kreeg-knakworstlippen-enola-24-doet-haar-verhaal~a32821da\/\" data-attachment-id=\"1745\" data-type=\"iframe\"><img loading=\"lazy\" decoding=\"async\"  src=\"https:\/\/aeprilclinics.nl\/wp-content\/uploads\/cache\/2025\/01\/images\/3100455892.png\" width=\"150\" height=\"150\" class=\"skip-lazy\" \/><\/a>\r\n\r\r\n        <\/div>\r\r\n\r\r\n    \r\n        <div class=\"foo-item\" >\r\r\n            <a  href=\"https:\/\/www.destentor.nl\/hengelo\/blind-door-fillers-of-hangende-oogleden-van-botox-zo-voorkom-je-dat-volgens-hengelose-arts-elnaz~a17b6fd3\/\" data-attachment-id=\"3277\" data-type=\"iframe\"><img loading=\"lazy\" decoding=\"async\"  src=\"https:\/\/aeprilclinics.nl\/wp-content\/uploads\/cache\/2025\/01\/Screenshot-2025-08-07-at-15_46_41\/2456805264.png\" width=\"150\" height=\"150\" class=\"skip-lazy\" \/><\/a>\r\n\r\r\n        <\/div>\r\r\n\r\r\n    \r\n<\/div>\r\r\n\r\r\n<script>\r\r\n    \/* The Owl Initialization Script\r\r\n    \/* The first lines conditionally show the slide animation *\/\r\r\n    jQuery(window).on(\"load\", function(){\r\r\n        var $galleryContainer = jQuery( '#foogallery-gallery-1052' );\r\r\n        var $containerID = '#foogallery-gallery-1052';\r\r\n\r\r\n        jQuery(document).on('keydown', function( event ) { \/\/attach event listener\r\r\n            if (event.keyCode == 37) {\r\r\n                $galleryContainer.trigger('prev.owl')\r\r\n            }\r\r\n            if (event.keyCode == 39) {\r\r\n                $galleryContainer.trigger('next.owl')\r\r\n            }\r\r\n        });\r\r\n\r\r\n        \r\n\r\r\n        $galleryContainer.owlCarousel({\r\r\n            \r\n            items: 8,\r\r\n            nav: false,\r\r\n            margin: 10,\r\r\n            loop:true,\r\r\n            autoplay: false,\r\r\n            autoplaySpeed: 4000,\r\r\n            smartSpeed:250,\r\r\n            navSpeed: 1250,\r\r\n            navText: ['prev', 'next'],\r\r\n            autoplayHoverPause: true,\r\r\n            lazyLoad: 1,\r\r\n            autoWidth: 0,\r\r\n            \r\n            URLhashListener: false,\r\r\n            startPosition: 'URLHash',\r\r\n            dots: false,\r\r\n            \r\n            responsiveClass: true,\r\r\n            responsive:{\r\r\n                0:{\r\r\n                    items: 4,\r\r\n                },\r\r\n                480:{\r\r\n                    items: 6,\r\r\n                },\r\r\n                960:{\r\r\n                    items: 8,\r\r\n                }\r\r\n            },\r\r\n\r\r\n            \r\n            \r\n        });\r\r\n    });\r\r\n<\/script>\n<div class=\"wp-block-cover alignfull is-light wave\" style=\"margin-top:var(--wp--preset--spacing--60);margin-bottom:0;padding-bottom:var(--wp--preset--spacing--30)\"><span aria-hidden=\"true\" class=\"wp-block-cover__background has-accent-background-color has-background-dim-100 has-background-dim\"><\/span><div class=\"wp-block-cover__inner-container has-global-padding is-layout-constrained wp-block-cover-is-layout-constrained\">\n<h2 class=\"wp-block-heading has-text-align-center\">Tu look, en su m\u00e1xima expresi\u00f3n.<\/h2>\n\n\n\n<div style=\"height:15px\" aria-hidden=\"true\" class=\"wp-block-spacer\"><\/div>\n\n\n\n<div class=\"wp-block-buttons is-content-justification-center is-layout-flex wp-container-core-buttons-is-layout-a89b3969 wp-block-buttons-is-layout-flex\">\n<div class=\"wp-block-button\"><a class=\"wp-block-button__link has-base-color has-accent-3-background-color has-text-color has-background has-link-color wp-element-button\" href=\"https:\/\/aeprilclinics.nl\/es\/reserva-una-consulta-gratuita\/\">pedir cita<\/a><\/div>\n<\/div>\n<\/div><\/div>\n","protected":false},"excerpt":{"rendered":"<p>Antecedentes Nuestra historia Somos Bahman Zarghami y Elnaz Alagha. Socios en la vida y en nuestra pasi\u00f3n por la medicina est\u00e9tica. Lo que nos impulsa no es s\u00f3lo el amor por nuestra profesi\u00f3n, sino sobre todo el impacto que podemos&#8230;<\/p>\n","protected":false},"author":10,"featured_media":6393,"parent":0,"menu_order":0,"comment_status":"closed","ping_status":"closed","template":"","meta":{"_acf_changed":false,"footnotes":""},"class_list":["post-8845","page","type-page","status-publish","has-post-thumbnail","hentry"],"acf":[],"yoast_head":"<!-- This site is optimized with the Yoast SEO plugin v27.2 - https:\/\/yoast.com\/product\/yoast-seo-wordpress\/ -->\n<title>Nuestra historia: conocer<\/title>\n<meta name=\"description\" content=\"Descubre nuestra pasi\u00f3n y experiencia: lee la historia de Cl\u00ednicas Aepril. Combinamos experiencia e innovaci\u00f3n para obtener los mejores resultados.\" \/>\n<meta name=\"robots\" content=\"index, follow, max-snippet:-1, max-image-preview:large, max-video-preview:-1\" \/>\n<link rel=\"canonical\" href=\"https:\/\/aeprilclinics.nl\/es\/nuestra-historia\/\" \/>\n<meta property=\"og:locale\" content=\"es_ES\" \/>\n<meta property=\"og:type\" content=\"article\" \/>\n<meta property=\"og:title\" content=\"Nuestra historia: conocer\" \/>\n<meta property=\"og:description\" content=\"Descubre nuestra pasi\u00f3n y experiencia: lee la historia de Cl\u00ednicas Aepril. Combinamos experiencia e innovaci\u00f3n para obtener los mejores resultados.\" \/>\n<meta property=\"og:url\" content=\"https:\/\/aeprilclinics.nl\/es\/nuestra-historia\/\" \/>\n<meta property=\"og:site_name\" content=\"Aepril\" \/>\n<meta property=\"article:modified_time\" content=\"2026-05-16T13:50:28+00:00\" \/>\n<meta property=\"og:image\" content=\"https:\/\/aeprilclinics.nl\/wp-content\/uploads\/2025\/02\/aesthe-clinics-Final-07.png\" \/>\n\t<meta property=\"og:image:width\" content=\"6667\" \/>\n\t<meta property=\"og:image:height\" content=\"5001\" \/>\n\t<meta property=\"og:image:type\" content=\"image\/png\" \/>\n<meta name=\"twitter:card\" content=\"summary_large_image\" \/>\n<meta name=\"twitter:label1\" content=\"Tiempo de lectura\" \/>\n\t<meta name=\"twitter:data1\" content=\"4 minutos\" \/>\n<script type=\"application\/ld+json\" class=\"yoast-schema-graph\">{\"@context\":\"https:\/\/schema.org\",\"@graph\":[{\"@type\":\"WebPage\",\"@id\":\"https:\/\/aeprilclinics.nl\/es\/nuestra-historia\/\",\"url\":\"https:\/\/aeprilclinics.nl\/es\/nuestra-historia\/\",\"name\":\"Nuestra historia: conocer\",\"isPartOf\":{\"@id\":\"https:\/\/aeprilclinics.nl\/es\/#website\"},\"primaryImageOfPage\":{\"@id\":\"https:\/\/aeprilclinics.nl\/es\/nuestra-historia\/#primaryimage\"},\"image\":{\"@id\":\"https:\/\/aeprilclinics.nl\/es\/nuestra-historia\/#primaryimage\"},\"thumbnailUrl\":\"https:\/\/aeprilclinics.nl\/wp-content\/uploads\/2025\/02\/aesthe-clinics-Final-07.png\",\"datePublished\":\"2025-01-22T13:21:16+00:00\",\"dateModified\":\"2026-05-16T13:50:28+00:00\",\"description\":\"Descubre nuestra pasi\u00f3n y experiencia: lee la historia de Cl\u00ednicas Aepril. Combinamos experiencia e innovaci\u00f3n para obtener los mejores resultados.\",\"breadcrumb\":{\"@id\":\"https:\/\/aeprilclinics.nl\/es\/nuestra-historia\/#breadcrumb\"},\"inLanguage\":\"es\",\"potentialAction\":[{\"@type\":\"ReadAction\",\"target\":[\"https:\/\/aeprilclinics.nl\/es\/nuestra-historia\/\"]}]},{\"@type\":\"ImageObject\",\"inLanguage\":\"es\",\"@id\":\"https:\/\/aeprilclinics.nl\/es\/nuestra-historia\/#primaryimage\",\"url\":\"https:\/\/aeprilclinics.nl\/wp-content\/uploads\/2025\/02\/aesthe-clinics-Final-07.png\",\"contentUrl\":\"https:\/\/aeprilclinics.nl\/wp-content\/uploads\/2025\/02\/aesthe-clinics-Final-07.png\",\"width\":6667,\"height\":5001},{\"@type\":\"BreadcrumbList\",\"@id\":\"https:\/\/aeprilclinics.nl\/es\/nuestra-historia\/#breadcrumb\",\"itemListElement\":[{\"@type\":\"ListItem\",\"position\":1,\"name\":\"Home\",\"item\":\"https:\/\/aeprilclinics.nl\/es\/\"},{\"@type\":\"ListItem\",\"position\":2,\"name\":\"Nuestra historia\"}]},{\"@type\":\"WebSite\",\"@id\":\"https:\/\/aeprilclinics.nl\/es\/#website\",\"url\":\"https:\/\/aeprilclinics.nl\/es\/\",\"name\":\"Aepril\",\"description\":\"\",\"potentialAction\":[{\"@type\":\"SearchAction\",\"target\":{\"@type\":\"EntryPoint\",\"urlTemplate\":\"https:\/\/aeprilclinics.nl\/es\/?s={search_term_string}\"},\"query-input\":{\"@type\":\"PropertyValueSpecification\",\"valueRequired\":true,\"valueName\":\"search_term_string\"}}],\"inLanguage\":\"es\"}]}<\/script>\n<!-- \/ Yoast SEO plugin. -->","yoast_head_json":{"title":"Nuestra historia: conocer","description":"Descubre nuestra pasi\u00f3n y experiencia: lee la historia de Cl\u00ednicas Aepril. Combinamos experiencia e innovaci\u00f3n para obtener los mejores resultados.","robots":{"index":"index","follow":"follow","max-snippet":"max-snippet:-1","max-image-preview":"max-image-preview:large","max-video-preview":"max-video-preview:-1"},"canonical":"https:\/\/aeprilclinics.nl\/es\/nuestra-historia\/","og_locale":"es_ES","og_type":"article","og_title":"Nuestra historia: conocer","og_description":"Descubre nuestra pasi\u00f3n y experiencia: lee la historia de Cl\u00ednicas Aepril. Combinamos experiencia e innovaci\u00f3n para obtener los mejores resultados.","og_url":"https:\/\/aeprilclinics.nl\/es\/nuestra-historia\/","og_site_name":"Aepril","article_modified_time":"2026-05-16T13:50:28+00:00","og_image":[{"width":6667,"height":5001,"url":"https:\/\/aeprilclinics.nl\/wp-content\/uploads\/2025\/02\/aesthe-clinics-Final-07.png","type":"image\/png"}],"twitter_card":"summary_large_image","twitter_misc":{"Tiempo de lectura":"4 minutos"},"schema":{"@context":"https:\/\/schema.org","@graph":[{"@type":"WebPage","@id":"https:\/\/aeprilclinics.nl\/es\/nuestra-historia\/","url":"https:\/\/aeprilclinics.nl\/es\/nuestra-historia\/","name":"Nuestra historia: conocer","isPartOf":{"@id":"https:\/\/aeprilclinics.nl\/es\/#website"},"primaryImageOfPage":{"@id":"https:\/\/aeprilclinics.nl\/es\/nuestra-historia\/#primaryimage"},"image":{"@id":"https:\/\/aeprilclinics.nl\/es\/nuestra-historia\/#primaryimage"},"thumbnailUrl":"https:\/\/aeprilclinics.nl\/wp-content\/uploads\/2025\/02\/aesthe-clinics-Final-07.png","datePublished":"2025-01-22T13:21:16+00:00","dateModified":"2026-05-16T13:50:28+00:00","description":"Descubre nuestra pasi\u00f3n y experiencia: lee la historia de Cl\u00ednicas Aepril. Combinamos experiencia e innovaci\u00f3n para obtener los mejores resultados.","breadcrumb":{"@id":"https:\/\/aeprilclinics.nl\/es\/nuestra-historia\/#breadcrumb"},"inLanguage":"es","potentialAction":[{"@type":"ReadAction","target":["https:\/\/aeprilclinics.nl\/es\/nuestra-historia\/"]}]},{"@type":"ImageObject","inLanguage":"es","@id":"https:\/\/aeprilclinics.nl\/es\/nuestra-historia\/#primaryimage","url":"https:\/\/aeprilclinics.nl\/wp-content\/uploads\/2025\/02\/aesthe-clinics-Final-07.png","contentUrl":"https:\/\/aeprilclinics.nl\/wp-content\/uploads\/2025\/02\/aesthe-clinics-Final-07.png","width":6667,"height":5001},{"@type":"BreadcrumbList","@id":"https:\/\/aeprilclinics.nl\/es\/nuestra-historia\/#breadcrumb","itemListElement":[{"@type":"ListItem","position":1,"name":"Home","item":"https:\/\/aeprilclinics.nl\/es\/"},{"@type":"ListItem","position":2,"name":"Nuestra historia"}]},{"@type":"WebSite","@id":"https:\/\/aeprilclinics.nl\/es\/#website","url":"https:\/\/aeprilclinics.nl\/es\/","name":"Aepril","description":"","potentialAction":[{"@type":"SearchAction","target":{"@type":"EntryPoint","urlTemplate":"https:\/\/aeprilclinics.nl\/es\/?s={search_term_string}"},"query-input":{"@type":"PropertyValueSpecification","valueRequired":true,"valueName":"search_term_string"}}],"inLanguage":"es"}]}},"_links":{"self":[{"href":"https:\/\/aeprilclinics.nl\/es\/wp-json\/wp\/v2\/pages\/8845","targetHints":{"allow":["GET"]}}],"collection":[{"href":"https:\/\/aeprilclinics.nl\/es\/wp-json\/wp\/v2\/pages"}],"about":[{"href":"https:\/\/aeprilclinics.nl\/es\/wp-json\/wp\/v2\/types\/page"}],"author":[{"embeddable":true,"href":"https:\/\/aeprilclinics.nl\/es\/wp-json\/wp\/v2\/users\/10"}],"replies":[{"embeddable":true,"href":"https:\/\/aeprilclinics.nl\/es\/wp-json\/wp\/v2\/comments?post=8845"}],"version-history":[{"count":4,"href":"https:\/\/aeprilclinics.nl\/es\/wp-json\/wp\/v2\/pages\/8845\/revisions"}],"predecessor-version":[{"id":8905,"href":"https:\/\/aeprilclinics.nl\/es\/wp-json\/wp\/v2\/pages\/8845\/revisions\/8905"}],"wp:featuredmedia":[{"embeddable":true,"href":"https:\/\/aeprilclinics.nl\/es\/wp-json\/wp\/v2\/media\/6393"}],"wp:attachment":[{"href":"https:\/\/aeprilclinics.nl\/es\/wp-json\/wp\/v2\/media?parent=8845"}],"curies":[{"name":"wp","href":"https:\/\/api.w.org\/{rel}","templated":true}]}}