{"id":7536,"date":"2026-04-16T12:54:21","date_gmt":"2026-04-16T12:54:21","guid":{"rendered":"https:\/\/aeprilclinics.nl\/bocouture-botox\/"},"modified":"2026-05-13T09:12:50","modified_gmt":"2026-05-13T09:12:50","slug":"bocouture-botox","status":"publish","type":"page","link":"https:\/\/aeprilclinics.nl\/es\/bocouture-botox\/","title":{"rendered":"Bocouture Botox"},"content":{"rendered":"\n<div class=\"wp-block-media-text has-media-on-the-right is-stacked-on-mobile is-image-fill-element\" style=\"margin-bottom:var(--wp--preset--spacing--60)\"><div class=\"wp-block-media-text__content\">\n<h5 class=\"wp-block-heading\">Tratamientos Bocouture en la Cl\u00ednica Est\u00e9tica Aepril<\/h5>\n\n\n\n<h2 class=\"wp-block-heading\">\u00bfQu\u00e9 es Bocouture?<\/h2>\n\n\n\n<p>\u00bfQu\u00e9 es Bocouture?<\/p>\n\n\n\n<p>Bocouture es un tratamiento con toxina botul\u00ednica de tipo A que se utiliza para relajar temporalmente los m\u00fasculos y suavizar las arrugas. El producto ha sido desarrollado por la empresa farmac\u00e9utica internacional Merz Pharma y se utiliza en todo el mundo en est\u00e9tica m\u00e9dica. <\/p>\n\n\n\n<p>Bocouture es conocida como una de las <strong>formulaciones de toxina botul\u00ednica m\u00e1s puras<\/strong>, porque no contiene prote\u00ednas complejas. Como resultado, s\u00f3lo contiene el principio activo, lo que puede contribuir a unos resultados predecibles y a un menor riesgo de formaci\u00f3n de anticuerpos con los tratamientos repetidos. <\/p>\n\n\n\n<p>Al relajar temporalmente los m\u00fasculos, se suavizan las arrugas din\u00e1micas, es decir, las causadas por el movimiento muscular. Esto crea un aspecto m\u00e1s fresco y relajado, sin perder la expresi\u00f3n natural del rostro. <\/p>\n\n\n\n<p>En la Cl\u00ednica Est\u00e9tica Aepril trabajamos con Bocouture y <strong>siempre<\/strong> compramos <strong>directamente al fabricante farmac\u00e9utico<\/strong>, sin intermediarios. Esto nos permite garantizar plenamente la autenticidad, calidad y trazabilidad de nuestros productos. <\/p>\n<\/div><figure class=\"wp-block-media-text__media\"><img loading=\"lazy\" decoding=\"async\" width=\"683\" height=\"1024\" src=\"https:\/\/aeprilclinics.nl\/wp-content\/uploads\/2025\/01\/BN4A7674-Verbeterd-NR-683x1024.jpg\" alt=\"\" class=\"wp-image-914 size-full\" style=\"object-position:50% 50%\" srcset=\"https:\/\/aeprilclinics.nl\/wp-content\/uploads\/2025\/01\/BN4A7674-Verbeterd-NR-683x1024.jpg 683w, https:\/\/aeprilclinics.nl\/wp-content\/uploads\/2025\/01\/BN4A7674-Verbeterd-NR-200x300.jpg 200w, https:\/\/aeprilclinics.nl\/wp-content\/uploads\/2025\/01\/BN4A7674-Verbeterd-NR-768x1152.jpg 768w, https:\/\/aeprilclinics.nl\/wp-content\/uploads\/2025\/01\/BN4A7674-Verbeterd-NR-1024x1536.jpg 1024w, https:\/\/aeprilclinics.nl\/wp-content\/uploads\/2025\/01\/BN4A7674-Verbeterd-NR-1365x2048.jpg 1365w, https:\/\/aeprilclinics.nl\/wp-content\/uploads\/2025\/01\/BN4A7674-Verbeterd-NR-180x270.jpg 180w, https:\/\/aeprilclinics.nl\/wp-content\/uploads\/2025\/01\/BN4A7674-Verbeterd-NR-scaled.jpg 1706w\" sizes=\"auto, (max-width: 683px) 100vw, 683px\" \/><\/figure><\/div>\n\n<div class=\"wp-block-cover alignfull is-light\" style=\"margin-top:var(--wp--preset--spacing--60);margin-bottom:var(--wp--preset--spacing--60)\"><span aria-hidden=\"true\" class=\"wp-block-cover__background has-accent-2-background-color has-background-dim-100 has-background-dim\"><\/span><div class=\"wp-block-cover__inner-container has-global-padding is-layout-constrained wp-block-cover-is-layout-constrained\">\n<h5 class=\"wp-block-heading has-text-align-center\">Informaci\u00f3n<\/h5>\n\n\n\n<h2 class=\"wp-block-heading has-text-align-center\">Informaci\u00f3n sobre nuestros tratamientos Bocouture<\/h2>\n\n\n\n<div class=\"wp-block-columns is-layout-flex wp-container-core-columns-is-layout-b0bab6eb wp-block-columns-is-layout-flex\" style=\"margin-top:var(--wp--preset--spacing--40);margin-bottom:var(--wp--preset--spacing--40)\">\n<div class=\"wp-block-column is-layout-flow wp-block-column-is-layout-flow\">\n<div class=\"wp-block-columns is-not-stacked-on-mobile is-layout-flex wp-container-core-columns-is-layout-28f84493 wp-block-columns-is-layout-flex\">\n<div class=\"wp-block-column is-layout-flow wp-block-column-is-layout-flow\" style=\"flex-basis:50px\">\n<figure class=\"wp-block-image size-full\"><img loading=\"lazy\" decoding=\"async\" width=\"300\" height=\"315\" src=\"https:\/\/aeprilclinics.nl\/wp-content\/uploads\/2025\/01\/icon-merk.png\" alt=\"\" class=\"wp-image-1001\" srcset=\"https:\/\/aeprilclinics.nl\/wp-content\/uploads\/2025\/01\/icon-merk.png 300w, https:\/\/aeprilclinics.nl\/wp-content\/uploads\/2025\/01\/icon-merk-286x300.png 286w, https:\/\/aeprilclinics.nl\/wp-content\/uploads\/2025\/01\/icon-merk-257x270.png 257w\" sizes=\"auto, (max-width: 300px) 100vw, 300px\" \/><\/figure>\n<\/div>\n\n\n\n<div class=\"wp-block-column is-layout-flow wp-block-column-is-layout-flow\">\n<h3 class=\"wp-block-heading\">Marca:<\/h3>\n\n\n\n<p>Bocouture  <\/p>\n<\/div>\n<\/div>\n<\/div>\n\n\n\n<div class=\"wp-block-column is-layout-flow wp-block-column-is-layout-flow\">\n<div class=\"wp-block-columns is-not-stacked-on-mobile is-layout-flex wp-container-core-columns-is-layout-28f84493 wp-block-columns-is-layout-flex\">\n<div class=\"wp-block-column is-layout-flow wp-block-column-is-layout-flow\" style=\"flex-basis:50px\">\n<figure class=\"wp-block-image size-full\"><img loading=\"lazy\" decoding=\"async\" width=\"300\" height=\"315\" src=\"https:\/\/aeprilclinics.nl\/wp-content\/uploads\/2025\/01\/icon-behandeltijd.png\" alt=\"\" class=\"wp-image-1002\" srcset=\"https:\/\/aeprilclinics.nl\/wp-content\/uploads\/2025\/01\/icon-behandeltijd.png 300w, https:\/\/aeprilclinics.nl\/wp-content\/uploads\/2025\/01\/icon-behandeltijd-286x300.png 286w, https:\/\/aeprilclinics.nl\/wp-content\/uploads\/2025\/01\/icon-behandeltijd-257x270.png 257w\" sizes=\"auto, (max-width: 300px) 100vw, 300px\" \/><\/figure>\n<\/div>\n\n\n\n<div class=\"wp-block-column is-layout-flow wp-block-column-is-layout-flow\">\n<h3 class=\"wp-block-heading\">Tiempo de tratamiento<\/h3>\n\n\n\n<p>10-20 minutos<\/p>\n<\/div>\n<\/div>\n<\/div>\n\n\n\n<div class=\"wp-block-column is-layout-flow wp-block-column-is-layout-flow\">\n<div class=\"wp-block-columns is-not-stacked-on-mobile is-layout-flex wp-container-core-columns-is-layout-28f84493 wp-block-columns-is-layout-flex\">\n<div class=\"wp-block-column is-layout-flow wp-block-column-is-layout-flow\" style=\"flex-basis:50px\">\n<figure class=\"wp-block-image size-full\"><img loading=\"lazy\" decoding=\"async\" width=\"61\" height=\"64\" src=\"https:\/\/aeprilclinics.nl\/wp-content\/uploads\/2025\/01\/icon-resultaat.png\" alt=\"\" class=\"wp-image-1003\"\/><\/figure>\n<\/div>\n\n\n\n<div class=\"wp-block-column is-layout-flow wp-block-column-is-layout-flow\">\n<h3 class=\"wp-block-heading\">Resultado<\/h3>\n\n\n\n<p>2-6 meses<\/p>\n<\/div>\n<\/div>\n<\/div>\n\n\n\n<div class=\"wp-block-column is-layout-flow wp-block-column-is-layout-flow\">\n<div class=\"wp-block-columns is-not-stacked-on-mobile is-layout-flex wp-container-core-columns-is-layout-28f84493 wp-block-columns-is-layout-flex\">\n<div class=\"wp-block-column is-layout-flow wp-block-column-is-layout-flow\" style=\"flex-basis:50px\">\n<figure class=\"wp-block-image size-full\"><img loading=\"lazy\" decoding=\"async\" width=\"300\" height=\"315\" src=\"https:\/\/aeprilclinics.nl\/wp-content\/uploads\/2025\/01\/icon-prijs.png\" alt=\"\" class=\"wp-image-1004\" srcset=\"https:\/\/aeprilclinics.nl\/wp-content\/uploads\/2025\/01\/icon-prijs.png 300w, https:\/\/aeprilclinics.nl\/wp-content\/uploads\/2025\/01\/icon-prijs-286x300.png 286w, https:\/\/aeprilclinics.nl\/wp-content\/uploads\/2025\/01\/icon-prijs-257x270.png 257w\" sizes=\"auto, (max-width: 300px) 100vw, 300px\" \/><\/figure>\n<\/div>\n\n\n\n<div class=\"wp-block-column is-layout-flow wp-block-column-is-layout-flow\">\n<h3 class=\"wp-block-heading\">Precio<\/h3>\n\n\n\n<ul class=\"wp-block-list\">\n<li>Media zona: 95<\/li>\n\n\n\n<li>1 zona: 130,- \u20ac<br\/>2 zonas: 230,- \u20ac<br\/>3 zonas: 330,- \u20ac<br\/>*Recargo hombres 20,- \u20ac por zona.<\/li>\n<\/ul>\n\n\n\n<p><a href=\"https:\/\/aeprilclinics.nl\/es\/tarifas\/\">Ver todos los precios aqu\u00ed<\/a><br\/><br\/><\/p>\n<\/div>\n<\/div>\n<\/div>\n<\/div>\n<\/div><\/div>\n\n<div class=\"wp-block-columns is-layout-flex wp-container-core-columns-is-layout-28f84493 wp-block-columns-is-layout-flex\">\n<div class=\"wp-block-column is-layout-flow wp-block-column-is-layout-flow\">\n<h2 class=\"wp-block-heading\">Bocouture en Cl\u00ednicas Aepril<\/h2>\n\n\n\n<p>En Cl\u00ednicas Aepril, la seguridad es siempre lo primero. Por eso s\u00f3lo trabajamos con productos de toxina botul\u00ednica de fabricantes farmac\u00e9uticos de renombre, como Merz Pharma. <\/p>\n\n\n\n<p>Como compramos directamente al fabricante, sabemos exactamente de d\u00f3nde proceden nuestros productos y c\u00f3mo se fabrican. Esto significa que nuestros clientes siempre reciben productos originales fabricados bajo estrictas normas de calidad farmac\u00e9utica. <\/p>\n\n\n\n<p>Tambi\u00e9n trabajamos con socios farmac\u00e9uticos como Merz en las \u00e1reas de:<\/p>\n\n\n\n<ul class=\"wp-block-list\">\n<li>cursos m\u00e9dicos<\/li>\n\n\n\n<li>formaci\u00f3n sobre productos<\/li>\n\n\n\n<li>protocolos de tratamiento<\/li>\n\n\n\n<li>garant\u00eda de calidad<\/li>\n<\/ul>\n\n\n\n<p>Esto mantiene a nuestros m\u00e9dicos constantemente al d\u00eda de los \u00faltimos avances en est\u00e9tica m\u00e9dica.<\/p>\n<\/div>\n<\/div>\n\n<div style=\"height:100px\" aria-hidden=\"true\" class=\"wp-block-spacer\"><\/div>\n\n<div class=\"wp-block-media-text is-stacked-on-mobile is-image-fill-element\"><figure class=\"wp-block-media-text__media\"><img loading=\"lazy\" decoding=\"async\" width=\"683\" height=\"1024\" src=\"https:\/\/aeprilclinics.nl\/wp-content\/uploads\/2025\/01\/BN4A9197-683x1024.jpg\" alt=\"\" class=\"wp-image-1015 size-full\" style=\"object-position:50% 50%\" srcset=\"https:\/\/aeprilclinics.nl\/wp-content\/uploads\/2025\/01\/BN4A9197-683x1024.jpg 683w, https:\/\/aeprilclinics.nl\/wp-content\/uploads\/2025\/01\/BN4A9197-200x300.jpg 200w, https:\/\/aeprilclinics.nl\/wp-content\/uploads\/2025\/01\/BN4A9197-768x1152.jpg 768w, https:\/\/aeprilclinics.nl\/wp-content\/uploads\/2025\/01\/BN4A9197-1024x1536.jpg 1024w, https:\/\/aeprilclinics.nl\/wp-content\/uploads\/2025\/01\/BN4A9197-1365x2048.jpg 1365w, https:\/\/aeprilclinics.nl\/wp-content\/uploads\/2025\/01\/BN4A9197-180x270.jpg 180w, https:\/\/aeprilclinics.nl\/wp-content\/uploads\/2025\/01\/BN4A9197-scaled.jpg 1707w\" sizes=\"auto, (max-width: 683px) 100vw, 683px\" \/><\/figure><div class=\"wp-block-media-text__content\">\n<h5 class=\"wp-block-heading\">Por qu\u00e9 bocouture<\/h5>\n\n\n\n<h2 class=\"wp-block-heading\">\u00bfPor qu\u00e9 elegir Bocouture?<\/h2>\n\n\n\n<p>Bocouture es uno de los tratamientos con toxina botul\u00ednica m\u00e1s modernos dentro de la est\u00e9tica m\u00e9dica. Gracias a su formulaci\u00f3n purificada, ofrece una eficacia muy constante y fiable. <\/p>\n\n\n\n<p>Entre las ventajas de Bocouture se incluyen:<\/p>\n\n\n\n<ul class=\"wp-block-list\">\n<li>formulaci\u00f3n muy pura<\/li>\n\n\n\n<li>sin prote\u00ednas complejas<\/li>\n\n\n\n<li>resultados naturales y sutiles<\/li>\n\n\n\n<li>investigado cl\u00ednicamente y utilizado en todo el mundo<\/li>\n\n\n\n<li>efecto predecible con tratamientos repetidos<\/li>\n<\/ul>\n\n\n\n<p>En Cl\u00ednicas Aepril, elegimos conscientemente tratamientos de calidad farmac\u00e9utica para ofrecer a nuestros clientes resultados seguros y naturales.<\/p>\n<\/div><\/div>\n\n<div style=\"height:100px\" aria-hidden=\"true\" class=\"wp-block-spacer\"><\/div>\n\n<div class=\"wp-block-columns is-layout-flex wp-container-core-columns-is-layout-28f84493 wp-block-columns-is-layout-flex\">\n<div class=\"wp-block-column is-layout-flow wp-block-column-is-layout-flow\">\n<h2 class=\"wp-block-heading\">\u00bfPor qu\u00e9 elegir Cl\u00ednicas Aepril?<\/h2>\n\n\n\n<p>En Cl\u00ednicas Aepril, la calidad, la comodidad y tu bienestar son fundamentales. Trabajamos con las mejores marcas, como Bocouture, y las agujas m\u00e1s finas para obtener resultados naturales. Nuestros m\u00e9dicos bien formados s\u00f3lo ofrecen tratamientos probados y certificados, y se centran en mejoras sutiles que realzan tu aspecto \u00fanico.  <\/p>\n<\/div>\n\n\n\n<div class=\"wp-block-column is-layout-flow wp-block-column-is-layout-flow\">\n<h2 class=\"wp-block-heading\">Asesoramiento personal y honesto<\/h2>\n\n\n\n<p>Juntos, elaboraremos un plan de tratamiento que se adapte a tus necesidades y garantice un enfoque seguro y natural. Nuestros m\u00e9dicos estar\u00e1n encantados de aconsejarte sobre las mejores opciones. <\/p>\n<\/div>\n<\/div>\n\n<div class=\"wp-block-cover alignfull is-light wave\" style=\"margin-top:0;margin-bottom:0;padding-bottom:var(--wp--preset--spacing--30)\"><span aria-hidden=\"true\" class=\"wp-block-cover__background has-accent-background-color has-background-dim-100 has-background-dim\"><\/span><div class=\"wp-block-cover__inner-container has-global-padding is-layout-constrained wp-block-cover-is-layout-constrained\">\n<h2 class=\"wp-block-heading has-text-align-center\">\u00bfDudas de si Bocouture es la elecci\u00f3n correcta?<\/h2>\n\n\n\n<p class=\"has-text-align-center\">Ponte en contacto con nuestros especialistas para una consulta sin compromiso y descubre lo que podemos hacer por ti.<\/p>\n\n\n\n<div class=\"wp-block-buttons is-content-justification-center is-layout-flex wp-container-core-buttons-is-layout-a89b3969 wp-block-buttons-is-layout-flex\">\n<div class=\"wp-block-button\"><a class=\"wp-block-button__link has-base-color has-accent-3-background-color has-text-color has-background has-link-color wp-element-button\" href=\"https:\/\/aeprilclinics.nl\/es\/reserva-una-consulta-gratuita\/\">reservar consulta gratuita<\/a><\/div>\n<\/div>\n<\/div><\/div>\n\n<p><\/p>\n","protected":false},"excerpt":{"rendered":"<p>Tratamientos Bocouture en la Cl\u00ednica Est\u00e9tica Aepril \u00bfQu\u00e9 es Bocouture? \u00bfQu\u00e9 es Bocouture? Bocouture es un tratamiento con toxina botul\u00ednica de tipo A que se utiliza para relajar temporalmente los m\u00fasculos y suavizar las arrugas. El producto ha sido desarrollado&#8230;<\/p>\n","protected":false},"author":14,"featured_media":6393,"parent":0,"menu_order":0,"comment_status":"closed","ping_status":"closed","template":"","meta":{"_acf_changed":false,"footnotes":""},"class_list":["post-7536","page","type-page","status-publish","has-post-thumbnail","hentry"],"acf":[],"yoast_head":"<!-- This site is optimized with the Yoast SEO plugin v27.2 - https:\/\/yoast.com\/product\/yoast-seo-wordpress\/ -->\n<title>Bocouture Botox tratamientos: naturales y profesionales - Aepril<\/title>\n<meta name=\"description\" content=\"Bocouture es la forma m\u00e1s pura de toxina botul\u00ednica. Los tratamientos con Botox incluyen las arrugas del entrecejo, las arrugas de la frente y las patas de gallo.\" \/>\n<meta name=\"robots\" content=\"index, follow, max-snippet:-1, max-image-preview:large, max-video-preview:-1\" \/>\n<link rel=\"canonical\" href=\"https:\/\/aeprilclinics.nl\/es\/bocouture-botox\/\" \/>\n<meta property=\"og:locale\" content=\"es_ES\" \/>\n<meta property=\"og:type\" content=\"article\" \/>\n<meta property=\"og:title\" content=\"Bocouture Botox tratamientos: naturales y profesionales - Aepril\" \/>\n<meta property=\"og:description\" content=\"Bocouture es la forma m\u00e1s pura de toxina botul\u00ednica. Los tratamientos con Botox incluyen las arrugas del entrecejo, las arrugas de la frente y las patas de gallo.\" \/>\n<meta property=\"og:url\" content=\"https:\/\/aeprilclinics.nl\/es\/bocouture-botox\/\" \/>\n<meta property=\"og:site_name\" content=\"Aepril\" \/>\n<meta property=\"article:modified_time\" content=\"2026-05-13T09:12:50+00:00\" \/>\n<meta property=\"og:image\" content=\"https:\/\/aeprilclinics.nl\/wp-content\/uploads\/2025\/02\/aesthe-clinics-Final-07.png\" \/>\n\t<meta property=\"og:image:width\" content=\"6667\" \/>\n\t<meta property=\"og:image:height\" content=\"5001\" \/>\n\t<meta property=\"og:image:type\" content=\"image\/png\" \/>\n<meta name=\"twitter:card\" content=\"summary_large_image\" \/>\n<meta name=\"twitter:label1\" content=\"Tiempo de lectura\" \/>\n\t<meta name=\"twitter:data1\" content=\"3 minutos\" \/>\n<script type=\"application\/ld+json\" class=\"yoast-schema-graph\">{\"@context\":\"https:\/\/schema.org\",\"@graph\":[{\"@type\":\"WebPage\",\"@id\":\"https:\/\/aeprilclinics.nl\/es\/bocouture-botox\/\",\"url\":\"https:\/\/aeprilclinics.nl\/es\/bocouture-botox\/\",\"name\":\"Bocouture Botox tratamientos: naturales y profesionales - Aepril\",\"isPartOf\":{\"@id\":\"https:\/\/aeprilclinics.nl\/es\/#website\"},\"primaryImageOfPage\":{\"@id\":\"https:\/\/aeprilclinics.nl\/es\/bocouture-botox\/#primaryimage\"},\"image\":{\"@id\":\"https:\/\/aeprilclinics.nl\/es\/bocouture-botox\/#primaryimage\"},\"thumbnailUrl\":\"https:\/\/aeprilclinics.nl\/wp-content\/uploads\/2025\/02\/aesthe-clinics-Final-07.png\",\"datePublished\":\"2026-04-16T12:54:21+00:00\",\"dateModified\":\"2026-05-13T09:12:50+00:00\",\"description\":\"Bocouture es la forma m\u00e1s pura de toxina botul\u00ednica. Los tratamientos con Botox incluyen las arrugas del entrecejo, las arrugas de la frente y las patas de gallo.\",\"breadcrumb\":{\"@id\":\"https:\/\/aeprilclinics.nl\/es\/bocouture-botox\/#breadcrumb\"},\"inLanguage\":\"es\",\"potentialAction\":[{\"@type\":\"ReadAction\",\"target\":[\"https:\/\/aeprilclinics.nl\/es\/bocouture-botox\/\"]}]},{\"@type\":\"ImageObject\",\"inLanguage\":\"es\",\"@id\":\"https:\/\/aeprilclinics.nl\/es\/bocouture-botox\/#primaryimage\",\"url\":\"https:\/\/aeprilclinics.nl\/wp-content\/uploads\/2025\/02\/aesthe-clinics-Final-07.png\",\"contentUrl\":\"https:\/\/aeprilclinics.nl\/wp-content\/uploads\/2025\/02\/aesthe-clinics-Final-07.png\",\"width\":6667,\"height\":5001},{\"@type\":\"BreadcrumbList\",\"@id\":\"https:\/\/aeprilclinics.nl\/es\/bocouture-botox\/#breadcrumb\",\"itemListElement\":[{\"@type\":\"ListItem\",\"position\":1,\"name\":\"Home\",\"item\":\"https:\/\/aeprilclinics.nl\/es\/\"},{\"@type\":\"ListItem\",\"position\":2,\"name\":\"Bocouture Botox\"}]},{\"@type\":\"WebSite\",\"@id\":\"https:\/\/aeprilclinics.nl\/es\/#website\",\"url\":\"https:\/\/aeprilclinics.nl\/es\/\",\"name\":\"Aepril\",\"description\":\"\",\"potentialAction\":[{\"@type\":\"SearchAction\",\"target\":{\"@type\":\"EntryPoint\",\"urlTemplate\":\"https:\/\/aeprilclinics.nl\/es\/?s={search_term_string}\"},\"query-input\":{\"@type\":\"PropertyValueSpecification\",\"valueRequired\":true,\"valueName\":\"search_term_string\"}}],\"inLanguage\":\"es\"}]}<\/script>\n<!-- \/ Yoast SEO plugin. -->","yoast_head_json":{"title":"Bocouture Botox tratamientos: naturales y profesionales - Aepril","description":"Bocouture es la forma m\u00e1s pura de toxina botul\u00ednica. Los tratamientos con Botox incluyen las arrugas del entrecejo, las arrugas de la frente y las patas de gallo.","robots":{"index":"index","follow":"follow","max-snippet":"max-snippet:-1","max-image-preview":"max-image-preview:large","max-video-preview":"max-video-preview:-1"},"canonical":"https:\/\/aeprilclinics.nl\/es\/bocouture-botox\/","og_locale":"es_ES","og_type":"article","og_title":"Bocouture Botox tratamientos: naturales y profesionales - Aepril","og_description":"Bocouture es la forma m\u00e1s pura de toxina botul\u00ednica. Los tratamientos con Botox incluyen las arrugas del entrecejo, las arrugas de la frente y las patas de gallo.","og_url":"https:\/\/aeprilclinics.nl\/es\/bocouture-botox\/","og_site_name":"Aepril","article_modified_time":"2026-05-13T09:12:50+00:00","og_image":[{"width":6667,"height":5001,"url":"https:\/\/aeprilclinics.nl\/wp-content\/uploads\/2025\/02\/aesthe-clinics-Final-07.png","type":"image\/png"}],"twitter_card":"summary_large_image","twitter_misc":{"Tiempo de lectura":"3 minutos"},"schema":{"@context":"https:\/\/schema.org","@graph":[{"@type":"WebPage","@id":"https:\/\/aeprilclinics.nl\/es\/bocouture-botox\/","url":"https:\/\/aeprilclinics.nl\/es\/bocouture-botox\/","name":"Bocouture Botox tratamientos: naturales y profesionales - Aepril","isPartOf":{"@id":"https:\/\/aeprilclinics.nl\/es\/#website"},"primaryImageOfPage":{"@id":"https:\/\/aeprilclinics.nl\/es\/bocouture-botox\/#primaryimage"},"image":{"@id":"https:\/\/aeprilclinics.nl\/es\/bocouture-botox\/#primaryimage"},"thumbnailUrl":"https:\/\/aeprilclinics.nl\/wp-content\/uploads\/2025\/02\/aesthe-clinics-Final-07.png","datePublished":"2026-04-16T12:54:21+00:00","dateModified":"2026-05-13T09:12:50+00:00","description":"Bocouture es la forma m\u00e1s pura de toxina botul\u00ednica. Los tratamientos con Botox incluyen las arrugas del entrecejo, las arrugas de la frente y las patas de gallo.","breadcrumb":{"@id":"https:\/\/aeprilclinics.nl\/es\/bocouture-botox\/#breadcrumb"},"inLanguage":"es","potentialAction":[{"@type":"ReadAction","target":["https:\/\/aeprilclinics.nl\/es\/bocouture-botox\/"]}]},{"@type":"ImageObject","inLanguage":"es","@id":"https:\/\/aeprilclinics.nl\/es\/bocouture-botox\/#primaryimage","url":"https:\/\/aeprilclinics.nl\/wp-content\/uploads\/2025\/02\/aesthe-clinics-Final-07.png","contentUrl":"https:\/\/aeprilclinics.nl\/wp-content\/uploads\/2025\/02\/aesthe-clinics-Final-07.png","width":6667,"height":5001},{"@type":"BreadcrumbList","@id":"https:\/\/aeprilclinics.nl\/es\/bocouture-botox\/#breadcrumb","itemListElement":[{"@type":"ListItem","position":1,"name":"Home","item":"https:\/\/aeprilclinics.nl\/es\/"},{"@type":"ListItem","position":2,"name":"Bocouture Botox"}]},{"@type":"WebSite","@id":"https:\/\/aeprilclinics.nl\/es\/#website","url":"https:\/\/aeprilclinics.nl\/es\/","name":"Aepril","description":"","potentialAction":[{"@type":"SearchAction","target":{"@type":"EntryPoint","urlTemplate":"https:\/\/aeprilclinics.nl\/es\/?s={search_term_string}"},"query-input":{"@type":"PropertyValueSpecification","valueRequired":true,"valueName":"search_term_string"}}],"inLanguage":"es"}]}},"_links":{"self":[{"href":"https:\/\/aeprilclinics.nl\/es\/wp-json\/wp\/v2\/pages\/7536","targetHints":{"allow":["GET"]}}],"collection":[{"href":"https:\/\/aeprilclinics.nl\/es\/wp-json\/wp\/v2\/pages"}],"about":[{"href":"https:\/\/aeprilclinics.nl\/es\/wp-json\/wp\/v2\/types\/page"}],"author":[{"embeddable":true,"href":"https:\/\/aeprilclinics.nl\/es\/wp-json\/wp\/v2\/users\/14"}],"replies":[{"embeddable":true,"href":"https:\/\/aeprilclinics.nl\/es\/wp-json\/wp\/v2\/comments?post=7536"}],"version-history":[{"count":1,"href":"https:\/\/aeprilclinics.nl\/es\/wp-json\/wp\/v2\/pages\/7536\/revisions"}],"predecessor-version":[{"id":7537,"href":"https:\/\/aeprilclinics.nl\/es\/wp-json\/wp\/v2\/pages\/7536\/revisions\/7537"}],"wp:featuredmedia":[{"embeddable":true,"href":"https:\/\/aeprilclinics.nl\/es\/wp-json\/wp\/v2\/media\/6393"}],"wp:attachment":[{"href":"https:\/\/aeprilclinics.nl\/es\/wp-json\/wp\/v2\/media?parent=7536"}],"curies":[{"name":"wp","href":"https:\/\/api.w.org\/{rel}","templated":true}]}}