{"id":7524,"date":"2026-04-16T13:02:02","date_gmt":"2026-04-16T13:02:02","guid":{"rendered":"https:\/\/aeprilclinics.nl\/rellenos-aliaxin\/"},"modified":"2026-05-13T09:12:50","modified_gmt":"2026-05-13T09:12:50","slug":"rellenos-aliaxin","status":"publish","type":"page","link":"https:\/\/aeprilclinics.nl\/es\/rellenos-aliaxin\/","title":{"rendered":"Rellenos Aliaxin"},"content":{"rendered":"\n<div class=\"wp-block-media-text has-media-on-the-right is-stacked-on-mobile is-image-fill-element\" style=\"margin-bottom:var(--wp--preset--spacing--60)\"><div class=\"wp-block-media-text__content\">\n<h5 class=\"wp-block-heading\">Aliaxin en Cl\u00ednicas Aepril<\/h5>\n\n\n\n<h2 class=\"wp-block-heading\">Qu\u00e9 es Aliaxin<\/h2>\n\n\n\n<p>\u00bfQu\u00e9 es Aliaxin?<\/p>\n\n\n\n<p>Aliaxin es una l\u00ednea avanzada de rellenos de \u00e1cido hialur\u00f3nico desarrollada por la empresa farmac\u00e9utica suiza IBSA Derma. Los rellenos est\u00e1n dise\u00f1ados para restaurar el volumen, mejorar el contorno facial y favorecer la calidad de la piel de forma natural. <\/p>\n\n\n\n<p>Los rellenos Aliaxin se producen con un \u00e1cido hialur\u00f3nico de gran pureza y una tecnolog\u00eda de fabricaci\u00f3n innovadora que garantiza una integraci\u00f3n natural en el tejido. Como resultado, los rellenos se mueven armoniosamente con la expresi\u00f3n facial y dan un resultado sutil y natural. <\/p>\n\n\n\n<p>En la Cl\u00ednica Est\u00e9tica Aepril trabajamos con rellenos Aliaxin y <strong>siempre<\/strong> compramos <strong>directamente al fabricante farmac\u00e9utico<\/strong>, sin intermediarios. Esto nos permite garantizar plenamente la autenticidad, calidad y trazabilidad de nuestros productos. <\/p>\n<\/div><figure class=\"wp-block-media-text__media\"><img loading=\"lazy\" decoding=\"async\" width=\"683\" height=\"1024\" src=\"https:\/\/aeprilclinics.nl\/wp-content\/uploads\/2025\/01\/BN4A7674-Verbeterd-NR-683x1024.jpg\" alt=\"\" class=\"wp-image-914 size-full\" style=\"object-position:50% 50%\" srcset=\"https:\/\/aeprilclinics.nl\/wp-content\/uploads\/2025\/01\/BN4A7674-Verbeterd-NR-683x1024.jpg 683w, https:\/\/aeprilclinics.nl\/wp-content\/uploads\/2025\/01\/BN4A7674-Verbeterd-NR-200x300.jpg 200w, https:\/\/aeprilclinics.nl\/wp-content\/uploads\/2025\/01\/BN4A7674-Verbeterd-NR-768x1152.jpg 768w, https:\/\/aeprilclinics.nl\/wp-content\/uploads\/2025\/01\/BN4A7674-Verbeterd-NR-1024x1536.jpg 1024w, https:\/\/aeprilclinics.nl\/wp-content\/uploads\/2025\/01\/BN4A7674-Verbeterd-NR-1365x2048.jpg 1365w, https:\/\/aeprilclinics.nl\/wp-content\/uploads\/2025\/01\/BN4A7674-Verbeterd-NR-180x270.jpg 180w, https:\/\/aeprilclinics.nl\/wp-content\/uploads\/2025\/01\/BN4A7674-Verbeterd-NR-scaled.jpg 1706w\" sizes=\"auto, (max-width: 683px) 100vw, 683px\" \/><\/figure><\/div>\n\n<div class=\"wp-block-cover alignfull is-light\" style=\"margin-top:var(--wp--preset--spacing--60);margin-bottom:var(--wp--preset--spacing--60)\"><span aria-hidden=\"true\" class=\"wp-block-cover__background has-accent-2-background-color has-background-dim-100 has-background-dim\"><\/span><div class=\"wp-block-cover__inner-container has-global-padding is-layout-constrained wp-block-cover-is-layout-constrained\">\n<h5 class=\"wp-block-heading has-text-align-center\">Informaci\u00f3n<\/h5>\n\n\n\n<h2 class=\"wp-block-heading has-text-align-center\">Informaci\u00f3n sobre nuestros tratamientos de Botox<\/h2>\n\n\n\n<div class=\"wp-block-columns is-layout-flex wp-container-core-columns-is-layout-b0bab6eb wp-block-columns-is-layout-flex\" style=\"margin-top:var(--wp--preset--spacing--40);margin-bottom:var(--wp--preset--spacing--40)\">\n<div class=\"wp-block-column is-layout-flow wp-block-column-is-layout-flow\">\n<div class=\"wp-block-columns is-not-stacked-on-mobile is-layout-flex wp-container-core-columns-is-layout-28f84493 wp-block-columns-is-layout-flex\">\n<div class=\"wp-block-column is-layout-flow wp-block-column-is-layout-flow\" style=\"flex-basis:50px\">\n<figure class=\"wp-block-image size-full\"><img loading=\"lazy\" decoding=\"async\" width=\"300\" height=\"315\" src=\"https:\/\/aeprilclinics.nl\/wp-content\/uploads\/2025\/01\/icon-merk.png\" alt=\"\" class=\"wp-image-1001\" srcset=\"https:\/\/aeprilclinics.nl\/wp-content\/uploads\/2025\/01\/icon-merk.png 300w, https:\/\/aeprilclinics.nl\/wp-content\/uploads\/2025\/01\/icon-merk-286x300.png 286w, https:\/\/aeprilclinics.nl\/wp-content\/uploads\/2025\/01\/icon-merk-257x270.png 257w\" sizes=\"auto, (max-width: 300px) 100vw, 300px\" \/><\/figure>\n<\/div>\n\n\n\n<div class=\"wp-block-column is-layout-flow wp-block-column-is-layout-flow\">\n<h3 class=\"wp-block-heading\">Marca:<\/h3>\n\n\n\n<p>Aliaxin<\/p>\n<\/div>\n<\/div>\n<\/div>\n\n\n\n<div class=\"wp-block-column is-layout-flow wp-block-column-is-layout-flow\">\n<div class=\"wp-block-columns is-not-stacked-on-mobile is-layout-flex wp-container-core-columns-is-layout-28f84493 wp-block-columns-is-layout-flex\">\n<div class=\"wp-block-column is-layout-flow wp-block-column-is-layout-flow\" style=\"flex-basis:50px\">\n<figure class=\"wp-block-image size-full\"><img loading=\"lazy\" decoding=\"async\" width=\"300\" height=\"315\" src=\"https:\/\/aeprilclinics.nl\/wp-content\/uploads\/2025\/01\/icon-prijs.png\" alt=\"\" class=\"wp-image-1004\" srcset=\"https:\/\/aeprilclinics.nl\/wp-content\/uploads\/2025\/01\/icon-prijs.png 300w, https:\/\/aeprilclinics.nl\/wp-content\/uploads\/2025\/01\/icon-prijs-286x300.png 286w, https:\/\/aeprilclinics.nl\/wp-content\/uploads\/2025\/01\/icon-prijs-257x270.png 257w\" sizes=\"auto, (max-width: 300px) 100vw, 300px\" \/><\/figure>\n<\/div>\n\n\n\n<div class=\"wp-block-column is-layout-flow wp-block-column-is-layout-flow\">\n<h3 class=\"wp-block-heading\">Informaci\u00f3n<\/h3>\n\n\n\n<p><a href=\"https:\/\/aeprilclinics.nl\/es\/soort-behandeling\/rellenos\/\" type=\"soort-behandeling\" id=\"29\">Lee aqu\u00ed sobre nuestros tratamientos de Relleno<\/a><br\/><\/p>\n<\/div>\n<\/div>\n<\/div>\n<\/div>\n<\/div><\/div>\n\n<div class=\"wp-block-columns is-layout-flex wp-container-core-columns-is-layout-28f84493 wp-block-columns-is-layout-flex\">\n<div class=\"wp-block-column is-layout-flow wp-block-column-is-layout-flow\">\n<h2 class=\"wp-block-heading\">Rellenos Aliaxin en Cl\u00ednicas Aepril<\/h2>\n\n\n\n<p>En Cl\u00ednicas Aepril, la seguridad es siempre lo primero. Por eso s\u00f3lo trabajamos con rellenos de fabricantes farmac\u00e9uticos de renombre, como IBSA Derma. <\/p>\n\n\n\n<p>Como compramos directamente al fabricante, sabemos exactamente de d\u00f3nde proceden nuestros productos y c\u00f3mo se producen. Esto significa que nuestros clientes siempre reciben rellenos originales producidos bajo estrictas normas de calidad farmac\u00e9utica. <\/p>\n\n\n\n<p>Tambi\u00e9n trabajamos con proveedores como IBSA Derma on:<\/p>\n\n\n\n<ul class=\"wp-block-list\">\n<li>cursos m\u00e9dicos<\/li>\n\n\n\n<li>formaci\u00f3n sobre productos<\/li>\n\n\n\n<li>protocolos de tratamiento<\/li>\n\n\n\n<li>garant\u00eda de calidad<\/li>\n<\/ul>\n\n\n\n<p>Esto mantiene a nuestros m\u00e9dicos constantemente al d\u00eda de los \u00faltimos avances en est\u00e9tica m\u00e9dica.<\/p>\n<\/div>\n<\/div>\n\n<div style=\"height:100px\" aria-hidden=\"true\" class=\"wp-block-spacer\"><\/div>\n\n<div class=\"wp-block-media-text is-stacked-on-mobile is-image-fill-element\"><figure class=\"wp-block-media-text__media\"><img loading=\"lazy\" decoding=\"async\" width=\"683\" height=\"1024\" src=\"https:\/\/aeprilclinics.nl\/wp-content\/uploads\/2025\/01\/BN4A9197-683x1024.jpg\" alt=\"\" class=\"wp-image-1015 size-full\" style=\"object-position:50% 50%\" srcset=\"https:\/\/aeprilclinics.nl\/wp-content\/uploads\/2025\/01\/BN4A9197-683x1024.jpg 683w, https:\/\/aeprilclinics.nl\/wp-content\/uploads\/2025\/01\/BN4A9197-200x300.jpg 200w, https:\/\/aeprilclinics.nl\/wp-content\/uploads\/2025\/01\/BN4A9197-768x1152.jpg 768w, https:\/\/aeprilclinics.nl\/wp-content\/uploads\/2025\/01\/BN4A9197-1024x1536.jpg 1024w, https:\/\/aeprilclinics.nl\/wp-content\/uploads\/2025\/01\/BN4A9197-1365x2048.jpg 1365w, https:\/\/aeprilclinics.nl\/wp-content\/uploads\/2025\/01\/BN4A9197-180x270.jpg 180w, https:\/\/aeprilclinics.nl\/wp-content\/uploads\/2025\/01\/BN4A9197-scaled.jpg 1707w\" sizes=\"auto, (max-width: 683px) 100vw, 683px\" \/><\/figure><div class=\"wp-block-media-text__content\">\n<h5 class=\"wp-block-heading\">\u00bfPor qu\u00e9 Aliaxin?<\/h5>\n\n\n\n<h2 class=\"wp-block-heading\">\u00bfPor qu\u00e9 elegir Aliaxin?<\/h2>\n\n\n\n<p>Los rellenos Aliaxin se han desarrollado centr\u00e1ndose en el movimiento facial natural y la integraci\u00f3n \u00f3ptima de los tejidos. Gracias a su f\u00f3rmula de \u00e1cido hialur\u00f3nico de alta calidad, estos rellenos ofrecen una correcci\u00f3n de volumen suave y natural. <\/p>\n\n\n\n<p>Los beneficios de los rellenos Aliaxin incluyen:<\/p>\n\n\n\n<ul class=\"wp-block-list\">\n<li>\u00e1cido hialur\u00f3nico de gran pureza<\/li>\n\n\n\n<li>integraci\u00f3n natural en el tejido<\/li>\n\n\n\n<li>resultados suaves y armoniosos<\/li>\n\n\n\n<li>investigado cl\u00ednicamente y utilizado en todo el mundo<\/li>\n\n\n\n<li>adecuado tanto para tratamientos sutiles como para aumentar el volumen<\/li>\n<\/ul>\n\n\n\n<p>En Cl\u00ednicas Aepril, elegimos conscientemente este grado farmac\u00e9utico para ofrecer a nuestros clientes resultados seguros y naturales.<\/p>\n<\/div><\/div>\n\n<div style=\"height:100px\" aria-hidden=\"true\" class=\"wp-block-spacer\"><\/div>\n\n<div class=\"wp-block-columns is-layout-flex wp-container-core-columns-is-layout-28f84493 wp-block-columns-is-layout-flex\">\n<div class=\"wp-block-column is-layout-flow wp-block-column-is-layout-flow\">\n<h2 class=\"wp-block-heading\">\u00bfPor qu\u00e9 elegir Cl\u00ednicas Aepril?<\/h2>\n\n\n\n<p>En Cl\u00ednicas Aepril, la calidad, la comodidad y tu bienestar son fundamentales. Trabajamos con las mejores marcas, como Aliaxin, y las agujas m\u00e1s finas para obtener resultados naturales. Nuestros m\u00e9dicos bien formados s\u00f3lo ofrecen tratamientos probados y certificados, y se centran en mejoras sutiles que realzan tu aspecto \u00fanico.  <\/p>\n<\/div>\n\n\n\n<div class=\"wp-block-column is-layout-flow wp-block-column-is-layout-flow\">\n<h2 class=\"wp-block-heading\">Asesoramiento personal y honesto<\/h2>\n\n\n\n<p>Juntos, elaboraremos un plan de tratamiento que se adapte a tus necesidades y garantice un enfoque seguro y natural. Nuestros m\u00e9dicos estar\u00e1n encantados de aconsejarte sobre las mejores opciones. <\/p>\n<\/div>\n<\/div>\n\n<div style=\"height:100px\" aria-hidden=\"true\" class=\"wp-block-spacer\"><\/div>\n\n<div class=\"wp-block-cover alignfull is-light wave\" style=\"margin-top:0;margin-bottom:0;padding-bottom:var(--wp--preset--spacing--30)\"><span aria-hidden=\"true\" class=\"wp-block-cover__background has-accent-background-color has-background-dim-100 has-background-dim\"><\/span><div class=\"wp-block-cover__inner-container has-global-padding is-layout-constrained wp-block-cover-is-layout-constrained\">\n<h2 class=\"wp-block-heading has-text-align-center\">\u00bfDudas de si el Botox es la elecci\u00f3n correcta?<\/h2>\n\n\n\n<p class=\"has-text-align-center\">Ponte en contacto con nuestros especialistas para una consulta sin compromiso y descubre lo que podemos hacer por ti.<\/p>\n\n\n\n<div class=\"wp-block-buttons is-content-justification-center is-layout-flex wp-container-core-buttons-is-layout-a89b3969 wp-block-buttons-is-layout-flex\">\n<div class=\"wp-block-button\"><a class=\"wp-block-button__link has-base-color has-accent-3-background-color has-text-color has-background has-link-color wp-element-button\" href=\"https:\/\/aeprilclinics.nl\/es\/reserva-una-consulta-gratuita\/\">reservar consulta gratuita<\/a><\/div>\n<\/div>\n<\/div><\/div>\n\n<p><\/p>\n","protected":false},"excerpt":{"rendered":"<p>Aliaxin en Cl\u00ednicas Aepril Qu\u00e9 es Aliaxin \u00bfQu\u00e9 es Aliaxin? Aliaxin es una l\u00ednea avanzada de rellenos de \u00e1cido hialur\u00f3nico desarrollada por la empresa farmac\u00e9utica suiza IBSA Derma. Los rellenos est\u00e1n dise\u00f1ados para restaurar el volumen, mejorar el contorno facial&#8230;<\/p>\n","protected":false},"author":14,"featured_media":6393,"parent":0,"menu_order":0,"comment_status":"closed","ping_status":"closed","template":"","meta":{"_acf_changed":false,"footnotes":""},"class_list":["post-7524","page","type-page","status-publish","has-post-thumbnail","hentry"],"acf":[],"yoast_head":"<!-- This site is optimized with the Yoast SEO plugin v27.2 - https:\/\/yoast.com\/product\/yoast-seo-wordpress\/ -->\n<title>Rellenos Aliaxin - Aepril Cl\u00ednicas<\/title>\n<meta name=\"description\" content=\"Aliaxin en Cl\u00ednicas Aepril es un relleno de \u00e1cido hialur\u00f3nico fino y puro para el tratamiento de las arrugas, la restauraci\u00f3n del volumen y la hidrataci\u00f3n.\" \/>\n<meta name=\"robots\" content=\"index, follow, max-snippet:-1, max-image-preview:large, max-video-preview:-1\" \/>\n<link rel=\"canonical\" href=\"https:\/\/aeprilclinics.nl\/es\/rellenos-aliaxin\/\" \/>\n<meta property=\"og:locale\" content=\"es_ES\" \/>\n<meta property=\"og:type\" content=\"article\" \/>\n<meta property=\"og:title\" content=\"Rellenos Aliaxin - Aepril Cl\u00ednicas\" \/>\n<meta property=\"og:description\" content=\"Aliaxin en Cl\u00ednicas Aepril es un relleno de \u00e1cido hialur\u00f3nico fino y puro para el tratamiento de las arrugas, la restauraci\u00f3n del volumen y la hidrataci\u00f3n.\" \/>\n<meta property=\"og:url\" content=\"https:\/\/aeprilclinics.nl\/es\/rellenos-aliaxin\/\" \/>\n<meta property=\"og:site_name\" content=\"Aepril\" \/>\n<meta property=\"article:modified_time\" content=\"2026-05-13T09:12:50+00:00\" \/>\n<meta property=\"og:image\" content=\"https:\/\/aeprilclinics.nl\/wp-content\/uploads\/2025\/02\/aesthe-clinics-Final-07.png\" \/>\n\t<meta property=\"og:image:width\" content=\"6667\" \/>\n\t<meta property=\"og:image:height\" content=\"5001\" \/>\n\t<meta property=\"og:image:type\" content=\"image\/png\" \/>\n<meta name=\"twitter:card\" content=\"summary_large_image\" \/>\n<meta name=\"twitter:label1\" content=\"Tiempo de lectura\" \/>\n\t<meta name=\"twitter:data1\" content=\"3 minutos\" \/>\n<script type=\"application\/ld+json\" class=\"yoast-schema-graph\">{\"@context\":\"https:\/\/schema.org\",\"@graph\":[{\"@type\":\"WebPage\",\"@id\":\"https:\/\/aeprilclinics.nl\/es\/rellenos-aliaxin\/\",\"url\":\"https:\/\/aeprilclinics.nl\/es\/rellenos-aliaxin\/\",\"name\":\"Rellenos Aliaxin - Aepril Cl\u00ednicas\",\"isPartOf\":{\"@id\":\"https:\/\/aeprilclinics.nl\/es\/#website\"},\"primaryImageOfPage\":{\"@id\":\"https:\/\/aeprilclinics.nl\/es\/rellenos-aliaxin\/#primaryimage\"},\"image\":{\"@id\":\"https:\/\/aeprilclinics.nl\/es\/rellenos-aliaxin\/#primaryimage\"},\"thumbnailUrl\":\"https:\/\/aeprilclinics.nl\/wp-content\/uploads\/2025\/02\/aesthe-clinics-Final-07.png\",\"datePublished\":\"2026-04-16T13:02:02+00:00\",\"dateModified\":\"2026-05-13T09:12:50+00:00\",\"description\":\"Aliaxin en Cl\u00ednicas Aepril es un relleno de \u00e1cido hialur\u00f3nico fino y puro para el tratamiento de las arrugas, la restauraci\u00f3n del volumen y la hidrataci\u00f3n.\",\"breadcrumb\":{\"@id\":\"https:\/\/aeprilclinics.nl\/es\/rellenos-aliaxin\/#breadcrumb\"},\"inLanguage\":\"es\",\"potentialAction\":[{\"@type\":\"ReadAction\",\"target\":[\"https:\/\/aeprilclinics.nl\/es\/rellenos-aliaxin\/\"]}]},{\"@type\":\"ImageObject\",\"inLanguage\":\"es\",\"@id\":\"https:\/\/aeprilclinics.nl\/es\/rellenos-aliaxin\/#primaryimage\",\"url\":\"https:\/\/aeprilclinics.nl\/wp-content\/uploads\/2025\/02\/aesthe-clinics-Final-07.png\",\"contentUrl\":\"https:\/\/aeprilclinics.nl\/wp-content\/uploads\/2025\/02\/aesthe-clinics-Final-07.png\",\"width\":6667,\"height\":5001},{\"@type\":\"BreadcrumbList\",\"@id\":\"https:\/\/aeprilclinics.nl\/es\/rellenos-aliaxin\/#breadcrumb\",\"itemListElement\":[{\"@type\":\"ListItem\",\"position\":1,\"name\":\"Home\",\"item\":\"https:\/\/aeprilclinics.nl\/es\/\"},{\"@type\":\"ListItem\",\"position\":2,\"name\":\"Rellenos Aliaxin\"}]},{\"@type\":\"WebSite\",\"@id\":\"https:\/\/aeprilclinics.nl\/es\/#website\",\"url\":\"https:\/\/aeprilclinics.nl\/es\/\",\"name\":\"Aepril\",\"description\":\"\",\"potentialAction\":[{\"@type\":\"SearchAction\",\"target\":{\"@type\":\"EntryPoint\",\"urlTemplate\":\"https:\/\/aeprilclinics.nl\/es\/?s={search_term_string}\"},\"query-input\":{\"@type\":\"PropertyValueSpecification\",\"valueRequired\":true,\"valueName\":\"search_term_string\"}}],\"inLanguage\":\"es\"}]}<\/script>\n<!-- \/ Yoast SEO plugin. -->","yoast_head_json":{"title":"Rellenos Aliaxin - Aepril Cl\u00ednicas","description":"Aliaxin en Cl\u00ednicas Aepril es un relleno de \u00e1cido hialur\u00f3nico fino y puro para el tratamiento de las arrugas, la restauraci\u00f3n del volumen y la hidrataci\u00f3n.","robots":{"index":"index","follow":"follow","max-snippet":"max-snippet:-1","max-image-preview":"max-image-preview:large","max-video-preview":"max-video-preview:-1"},"canonical":"https:\/\/aeprilclinics.nl\/es\/rellenos-aliaxin\/","og_locale":"es_ES","og_type":"article","og_title":"Rellenos Aliaxin - Aepril Cl\u00ednicas","og_description":"Aliaxin en Cl\u00ednicas Aepril es un relleno de \u00e1cido hialur\u00f3nico fino y puro para el tratamiento de las arrugas, la restauraci\u00f3n del volumen y la hidrataci\u00f3n.","og_url":"https:\/\/aeprilclinics.nl\/es\/rellenos-aliaxin\/","og_site_name":"Aepril","article_modified_time":"2026-05-13T09:12:50+00:00","og_image":[{"width":6667,"height":5001,"url":"https:\/\/aeprilclinics.nl\/wp-content\/uploads\/2025\/02\/aesthe-clinics-Final-07.png","type":"image\/png"}],"twitter_card":"summary_large_image","twitter_misc":{"Tiempo de lectura":"3 minutos"},"schema":{"@context":"https:\/\/schema.org","@graph":[{"@type":"WebPage","@id":"https:\/\/aeprilclinics.nl\/es\/rellenos-aliaxin\/","url":"https:\/\/aeprilclinics.nl\/es\/rellenos-aliaxin\/","name":"Rellenos Aliaxin - Aepril Cl\u00ednicas","isPartOf":{"@id":"https:\/\/aeprilclinics.nl\/es\/#website"},"primaryImageOfPage":{"@id":"https:\/\/aeprilclinics.nl\/es\/rellenos-aliaxin\/#primaryimage"},"image":{"@id":"https:\/\/aeprilclinics.nl\/es\/rellenos-aliaxin\/#primaryimage"},"thumbnailUrl":"https:\/\/aeprilclinics.nl\/wp-content\/uploads\/2025\/02\/aesthe-clinics-Final-07.png","datePublished":"2026-04-16T13:02:02+00:00","dateModified":"2026-05-13T09:12:50+00:00","description":"Aliaxin en Cl\u00ednicas Aepril es un relleno de \u00e1cido hialur\u00f3nico fino y puro para el tratamiento de las arrugas, la restauraci\u00f3n del volumen y la hidrataci\u00f3n.","breadcrumb":{"@id":"https:\/\/aeprilclinics.nl\/es\/rellenos-aliaxin\/#breadcrumb"},"inLanguage":"es","potentialAction":[{"@type":"ReadAction","target":["https:\/\/aeprilclinics.nl\/es\/rellenos-aliaxin\/"]}]},{"@type":"ImageObject","inLanguage":"es","@id":"https:\/\/aeprilclinics.nl\/es\/rellenos-aliaxin\/#primaryimage","url":"https:\/\/aeprilclinics.nl\/wp-content\/uploads\/2025\/02\/aesthe-clinics-Final-07.png","contentUrl":"https:\/\/aeprilclinics.nl\/wp-content\/uploads\/2025\/02\/aesthe-clinics-Final-07.png","width":6667,"height":5001},{"@type":"BreadcrumbList","@id":"https:\/\/aeprilclinics.nl\/es\/rellenos-aliaxin\/#breadcrumb","itemListElement":[{"@type":"ListItem","position":1,"name":"Home","item":"https:\/\/aeprilclinics.nl\/es\/"},{"@type":"ListItem","position":2,"name":"Rellenos Aliaxin"}]},{"@type":"WebSite","@id":"https:\/\/aeprilclinics.nl\/es\/#website","url":"https:\/\/aeprilclinics.nl\/es\/","name":"Aepril","description":"","potentialAction":[{"@type":"SearchAction","target":{"@type":"EntryPoint","urlTemplate":"https:\/\/aeprilclinics.nl\/es\/?s={search_term_string}"},"query-input":{"@type":"PropertyValueSpecification","valueRequired":true,"valueName":"search_term_string"}}],"inLanguage":"es"}]}},"_links":{"self":[{"href":"https:\/\/aeprilclinics.nl\/es\/wp-json\/wp\/v2\/pages\/7524","targetHints":{"allow":["GET"]}}],"collection":[{"href":"https:\/\/aeprilclinics.nl\/es\/wp-json\/wp\/v2\/pages"}],"about":[{"href":"https:\/\/aeprilclinics.nl\/es\/wp-json\/wp\/v2\/types\/page"}],"author":[{"embeddable":true,"href":"https:\/\/aeprilclinics.nl\/es\/wp-json\/wp\/v2\/users\/14"}],"replies":[{"embeddable":true,"href":"https:\/\/aeprilclinics.nl\/es\/wp-json\/wp\/v2\/comments?post=7524"}],"version-history":[{"count":1,"href":"https:\/\/aeprilclinics.nl\/es\/wp-json\/wp\/v2\/pages\/7524\/revisions"}],"predecessor-version":[{"id":7526,"href":"https:\/\/aeprilclinics.nl\/es\/wp-json\/wp\/v2\/pages\/7524\/revisions\/7526"}],"wp:featuredmedia":[{"embeddable":true,"href":"https:\/\/aeprilclinics.nl\/es\/wp-json\/wp\/v2\/media\/6393"}],"wp:attachment":[{"href":"https:\/\/aeprilclinics.nl\/es\/wp-json\/wp\/v2\/media?parent=7524"}],"curies":[{"name":"wp","href":"https:\/\/api.w.org\/{rel}","templated":true}]}}