{"id":6903,"date":"2026-04-07T06:54:56","date_gmt":"2026-04-07T06:54:56","guid":{"rendered":"https:\/\/aeprilclinics.nl\/socios-y-medios-de-comunicacion-de-aepril\/"},"modified":"2026-05-12T20:26:18","modified_gmt":"2026-05-12T20:26:18","slug":"socios-y-medios-de-comunicacion-de-aepril","status":"publish","type":"page","link":"https:\/\/aeprilclinics.nl\/es\/socios-y-medios-de-comunicacion-de-aepril\/","title":{"rendered":"Socios y medios de comunicaci\u00f3n de Aepril"},"content":{"rendered":"\n<div class=\"wp-block-media-text has-media-on-the-right is-stacked-on-mobile is-image-fill-element\"><div class=\"wp-block-media-text__content\">\n<h2 class=\"wp-block-heading\">Embajadores Aepril<\/h2>\n\n\n\n<p>Hoy en d\u00eda, las redes sociales desempe\u00f1an un papel importante en el modo en que la gente se informa sobre los tratamientos est\u00e9ticos.<\/p>\n\n\n\n<p>Por ello, en Cl\u00ednicas Aepril trabajamos con un n\u00famero selecto de Embajadores que valoran la transparencia, las expectativas realistas y las experiencias aut\u00e9nticas.<\/p>\n\n\n\n<p>Nuestros influenciadores son casi siempre pacientes de la cl\u00ednica. Comparten honestamente sus experiencias con su comunidad, ayudando a otros a tomar decisiones mejor informadas. <\/p>\n\n\n\n<p>Buscamos creadores que:<\/p>\n\n\n\n<ul class=\"wp-block-list\">\n<li>tener una comunidad comprometida y aut\u00e9ntica<\/li>\n\n\n\n<li>comunicar abierta y honestamente los tratamientos<\/li>\n\n\n\n<li>coinciden con la visi\u00f3n y los valores de Cl\u00ednicas Aepril<\/li>\n<\/ul>\n\n\n\n<p>Juntos, creamos contenidos <strong>informativos, transparentes y realistas<\/strong>.<\/p>\n\n\n\n<p>\u00bfEst\u00e1s interesado en formar parte de la red de Influenciadores Aepril? Entonces ponte en contacto con nosotros.<\/p>\n\n\n\n<p><br\/><\/p>\n<\/div><figure class=\"wp-block-media-text__media\"><img loading=\"lazy\" decoding=\"async\" width=\"683\" height=\"1024\" src=\"https:\/\/aeprilclinics.nl\/wp-content\/uploads\/2025\/02\/BN4A9230-683x1024.jpg\" alt=\"\" class=\"wp-image-1667 size-full\" style=\"object-position:50% 50%\" srcset=\"https:\/\/aeprilclinics.nl\/wp-content\/uploads\/2025\/02\/BN4A9230-683x1024.jpg 683w, https:\/\/aeprilclinics.nl\/wp-content\/uploads\/2025\/02\/BN4A9230-200x300.jpg 200w, https:\/\/aeprilclinics.nl\/wp-content\/uploads\/2025\/02\/BN4A9230-768x1152.jpg 768w, https:\/\/aeprilclinics.nl\/wp-content\/uploads\/2025\/02\/BN4A9230-1024x1536.jpg 1024w, https:\/\/aeprilclinics.nl\/wp-content\/uploads\/2025\/02\/BN4A9230-1365x2048.jpg 1365w, https:\/\/aeprilclinics.nl\/wp-content\/uploads\/2025\/02\/BN4A9230-180x270.jpg 180w, https:\/\/aeprilclinics.nl\/wp-content\/uploads\/2025\/02\/BN4A9230-scaled.jpg 1707w\" sizes=\"auto, (max-width: 683px) 100vw, 683px\" \/><\/figure><\/div>\n\n<div style=\"height:100px\" aria-hidden=\"true\" class=\"wp-block-spacer\"><\/div>\n\n<div class=\"wp-block-media-text is-stacked-on-mobile is-image-fill-element\"><figure class=\"wp-block-media-text__media\"><img loading=\"lazy\" decoding=\"async\" width=\"683\" height=\"1024\" src=\"https:\/\/aeprilclinics.nl\/wp-content\/uploads\/2025\/01\/BN4A0034-1-1-683x1024.jpg\" alt=\"\" class=\"wp-image-1009 size-full\" style=\"object-position:50% 50%\" srcset=\"https:\/\/aeprilclinics.nl\/wp-content\/uploads\/2025\/01\/BN4A0034-1-1-683x1024.jpg 683w, https:\/\/aeprilclinics.nl\/wp-content\/uploads\/2025\/01\/BN4A0034-1-1-200x300.jpg 200w, https:\/\/aeprilclinics.nl\/wp-content\/uploads\/2025\/01\/BN4A0034-1-1-768x1152.jpg 768w, https:\/\/aeprilclinics.nl\/wp-content\/uploads\/2025\/01\/BN4A0034-1-1-1024x1536.jpg 1024w, https:\/\/aeprilclinics.nl\/wp-content\/uploads\/2025\/01\/BN4A0034-1-1-1365x2048.jpg 1365w, https:\/\/aeprilclinics.nl\/wp-content\/uploads\/2025\/01\/BN4A0034-1-1-180x270.jpg 180w, https:\/\/aeprilclinics.nl\/wp-content\/uploads\/2025\/01\/BN4A0034-1-1-scaled.jpg 1707w\" sizes=\"auto, (max-width: 683px) 100vw, 683px\" \/><\/figure><div class=\"wp-block-media-text__content\">\n<h2 class=\"wp-block-heading\">Medios de comunicaci\u00f3n Aepril<\/h2>\n\n\n\n<p>La medicina est\u00e9tica es un campo en constante evoluci\u00f3n y regularmente objeto de debate p\u00fablico.<\/p>\n\n\n\n<p>En Cl\u00ednicas Aepril creemos que es importante mantener una conversaci\u00f3n sobre los tratamientos est\u00e9ticos basada en <strong>conocimientos m\u00e9dicos, expectativas realistas y transparencia<\/strong>.<\/p>\n\n\n\n<p>Por ello, colaboramos regularmente con medios de comunicaci\u00f3n, periodistas, podcasts y plataformas que cubren temas de medicina est\u00e9tica.<\/p>\n\n\n\n<ul class=\"wp-block-list\">\n<li>seguridad y calidad en los tratamientos est\u00e9ticos<\/li>\n\n\n\n<li>nuevos avances en medicina est\u00e9tica<\/li>\n\n\n\n<li>expectativas realistas para los pacientes<\/li>\n\n\n\n<li>tendencias y evoluci\u00f3n social del sector<\/li>\n<\/ul>\n\n\n\n<p>Para solicitar entrevistas, comentarios de expertos o colaboraciones con los medios de comunicaci\u00f3n, ponte en contacto con <a href=\"mailto:contact@aeprilclinics.nl\">contact@aeprilclinics.nl<\/a><\/p>\n\n\n\n<p>A continuaci\u00f3n encontrar\u00e1s una muestra de algunas publicaciones:<\/p>\n<\/div><\/div>\n\r\n\r\r\n<style>\r\r\n\r\r\n    \/*Used to keep captions inside the visible area*\/\r\r\n    #foogallery-gallery-1052 .foo-item {\r\r\n        max-height: 150px;\r\r\n    }\r\r\n\r\r\n    #foogallery-gallery-1052.border-style-inset a::after {\r\r\n        box-shadow: inset 0 0 20px #000;\r\r\n        -moz-box-shadow: inset 0 0 20px #000;\r\r\n        -webkit-box-shadow: inset 0 0 calc(150)px\/4 rgba(0,0,0,0.8);\r\r\n    }\r\r\n<\/style>\r\r\n\r\r\n<div id=\"foogallery-gallery-1052\" class=\"foogallery foogallery-container foogallery-owl-carousel foogallery-lightbox-foogallery owl-carousel \">\r\r\n\r\r\n    \r\n        <div class=\"foo-item\" >\r\r\n            <a  href=\"https:\/\/www.ad.nl\/binnenland\/elnaz-29-startte-op-het-vmbo-kader-nu-is-ze-arts-zon-citoscore-is-niet-het-einde-van-je-reis~a9c77e4d1\/?referrer=https%3A%2F%2Fwww.google.com%2F\" data-attachment-id=\"1060\" data-type=\"iframe\"><img loading=\"lazy\" decoding=\"async\"  src=\"https:\/\/aeprilclinics.nl\/wp-content\/uploads\/cache\/2025\/01\/New_Logo_AD-removebg-preview-1\/270999162.png\" width=\"150\" height=\"150\" class=\"skip-lazy\" \/><\/a>\r\n\r\r\n        <\/div>\r\r\n\r\r\n    \r\n        <div class=\"foo-item\" >\r\r\n            <a  href=\"https:\/\/www.rtl.nl\/nieuws\/artikel\/5429767\/elnaz-begon-op-vmbo-kader-maar-nu-dokter-ik-zou-vwo-niet-aankunnen\" data-attachment-id=\"1054\" data-type=\"iframe\"><img loading=\"lazy\" decoding=\"async\"  src=\"https:\/\/aeprilclinics.nl\/wp-content\/uploads\/cache\/2025\/01\/rtl-group-marketing-report-removebg-preview-300x133-1\/717196156.png\" width=\"150\" height=\"150\" class=\"skip-lazy\" \/><\/a>\r\n\r\r\n        <\/div>\r\r\n\r\r\n    \r\n        <div class=\"foo-item\" >\r\r\n            <a  href=\"https:\/\/www.metronieuws.nl\/in-het-nieuws\/binnenland\/2023\/02\/elnaz-alagha-vmbo-kader-arts-geneeskunde\/\" data-attachment-id=\"1059\" data-type=\"iframe\"><img loading=\"lazy\" decoding=\"async\"  src=\"https:\/\/aeprilclinics.nl\/wp-content\/uploads\/cache\/2025\/01\/metro-logo-300x85-1\/305672462.png\" width=\"150\" height=\"150\" class=\"skip-lazy\" \/><\/a>\r\n\r\r\n        <\/div>\r\r\n\r\r\n    \r\n        <div class=\"foo-item\" >\r\r\n            <a  href=\"https:\/\/www.linda.nl\/persoonlijk\/elnaz-alagha-vmbo-kader-arts-dromen-waarmaken\/\" data-attachment-id=\"1055\" data-type=\"iframe\"><img loading=\"lazy\" decoding=\"async\"  src=\"https:\/\/aeprilclinics.nl\/wp-content\/uploads\/cache\/2025\/01\/01linda-300x188-1\/3291633963.png\" width=\"150\" height=\"150\" class=\"skip-lazy\" \/><\/a>\r\n\r\r\n        <\/div>\r\r\n\r\r\n    \r\n        <div class=\"foo-item\" >\r\r\n            <a  href=\"https:\/\/www.nporadio1.nl\/fragmenten\/humberto\/3aeae6b0-9d85-458c-966b-9ff9e7c465f4\/2023-02-10-van-vmbo-kader-naar-arts\" target=\"_blank\" data-attachment-id=\"1053\" data-type=\"iframe\"><img loading=\"lazy\" decoding=\"async\"  src=\"https:\/\/aeprilclinics.nl\/wp-content\/uploads\/cache\/2025\/01\/NPO_Radio_1_logo_2014_svg-300x203-1\/27550376.png\" width=\"150\" height=\"150\" class=\"skip-lazy\" \/><\/a>\r\n\r\r\n        <\/div>\r\r\n\r\r\n    \r\n        <div class=\"foo-item\" >\r\r\n            <a  href=\"https:\/\/fhm.nl\/entertainment\/twee-experts-over-de-booming-trend-waarom-mannen-steeds-vaker-voor-cosmetische-ingrepen-kiezen\" data-attachment-id=\"2859\" data-type=\"iframe\"><img loading=\"lazy\" decoding=\"async\"  src=\"https:\/\/aeprilclinics.nl\/wp-content\/uploads\/cache\/2025\/01\/images-1\/2325955454.png\" width=\"150\" height=\"150\" class=\"skip-lazy\" \/><\/a>\r\n\r\r\n        <\/div>\r\r\n\r\r\n    \r\n        <div class=\"foo-item\" >\r\r\n            <a  href=\"https:\/\/www.funx.nl\/fragmenten\/gilly\/9cc14a42-4adf-47ec-bc75-1c785a698cee\/2024-08-13-dokter-elnaz-over-de-pillen-voor-grotere-billen-van-selma-omari\" data-attachment-id=\"1058\" data-type=\"iframe\"><img loading=\"lazy\" decoding=\"async\"  src=\"https:\/\/aeprilclinics.nl\/wp-content\/uploads\/cache\/2025\/01\/c300\/358260454.webp\" width=\"150\" height=\"150\" class=\"skip-lazy\" \/><\/a>\r\n\r\r\n        <\/div>\r\r\n\r\r\n    \r\n        <div class=\"foo-item\" >\r\r\n            <a  href=\"https:\/\/www.amsterdamumc.org\/nl\/vandaag\/elnaz-alagha-begon-met-vmbo-kader-nu-is-ze-arts.htm\" data-attachment-id=\"1056\" data-type=\"iframe\"><img loading=\"lazy\" decoding=\"async\"  src=\"https:\/\/aeprilclinics.nl\/wp-content\/uploads\/cache\/2025\/01\/56566395\/4123700876.png\" width=\"150\" height=\"150\" class=\"skip-lazy\" \/><\/a>\r\n\r\r\n        <\/div>\r\r\n\r\r\n    \r\n        <div class=\"foo-item\" >\r\r\n            <a  href=\"https:\/\/www.tubantia.nl\/enschede\/cosmetische-ingrepen-razend-populair-in-twente-misstanden-nemen-toe~a3903977\/\" data-attachment-id=\"3279\" data-type=\"iframe\"><img loading=\"lazy\" decoding=\"async\"  src=\"https:\/\/aeprilclinics.nl\/wp-content\/uploads\/cache\/2025\/01\/Screenshot-2025-08-07-at-15_50_24\/2096432909.png\" width=\"150\" height=\"150\" class=\"skip-lazy\" \/><\/a>\r\n\r\r\n        <\/div>\r\r\n\r\r\n    \r\n        <div class=\"foo-item\" >\r\r\n            <a  href=\"https:\/\/www.gelderlander.nl\/bronckhorst\/een-lage-citoscore-twijfelende-leraren-en-vmbo-k-advies-tegen-de-verwachtingen-in-lukte-het-elnaz-toch-om-dokter-te-worden~a3a710ce\/\" data-attachment-id=\"1057\" data-type=\"iframe\"><img loading=\"lazy\" decoding=\"async\"  src=\"https:\/\/aeprilclinics.nl\/wp-content\/uploads\/cache\/2025\/01\/123921055630eb56a4931ec8fc996fc7-removebg-preview\/4052178750.png\" width=\"150\" height=\"150\" class=\"skip-lazy\" \/><\/a>\r\n\r\r\n        <\/div>\r\r\n\r\r\n    \r\n        <div class=\"foo-item\" >\r\r\n            <a  href=\"https:\/\/www.tubantia.nl\/wierden\/ze-wilde-een-subtiele-ingreep-maar-kreeg-knakworstlippen-enola-24-doet-haar-verhaal~a32821da\/\" data-attachment-id=\"1745\" data-type=\"iframe\"><img loading=\"lazy\" decoding=\"async\"  src=\"https:\/\/aeprilclinics.nl\/wp-content\/uploads\/cache\/2025\/01\/images\/3100455892.png\" width=\"150\" height=\"150\" class=\"skip-lazy\" \/><\/a>\r\n\r\r\n        <\/div>\r\r\n\r\r\n    \r\n        <div class=\"foo-item\" >\r\r\n            <a  href=\"https:\/\/www.destentor.nl\/hengelo\/blind-door-fillers-of-hangende-oogleden-van-botox-zo-voorkom-je-dat-volgens-hengelose-arts-elnaz~a17b6fd3\/\" data-attachment-id=\"3277\" data-type=\"iframe\"><img loading=\"lazy\" decoding=\"async\"  src=\"https:\/\/aeprilclinics.nl\/wp-content\/uploads\/cache\/2025\/01\/Screenshot-2025-08-07-at-15_46_41\/2456805264.png\" width=\"150\" height=\"150\" class=\"skip-lazy\" \/><\/a>\r\n\r\r\n        <\/div>\r\r\n\r\r\n    \r\n<\/div>\r\r\n\r\r\n<script>\r\r\n    \/* The Owl Initialization Script\r\r\n    \/* The first lines conditionally show the slide animation *\/\r\r\n    jQuery(window).on(\"load\", function(){\r\r\n        var $galleryContainer = jQuery( '#foogallery-gallery-1052' );\r\r\n        var $containerID = '#foogallery-gallery-1052';\r\r\n\r\r\n        jQuery(document).on('keydown', function( event ) { \/\/attach event listener\r\r\n            if (event.keyCode == 37) {\r\r\n                $galleryContainer.trigger('prev.owl')\r\r\n            }\r\r\n            if (event.keyCode == 39) {\r\r\n                $galleryContainer.trigger('next.owl')\r\r\n            }\r\r\n        });\r\r\n\r\r\n        \r\n\r\r\n        $galleryContainer.owlCarousel({\r\r\n            \r\n            items: 8,\r\r\n            nav: false,\r\r\n            margin: 10,\r\r\n            loop:true,\r\r\n            autoplay: false,\r\r\n            autoplaySpeed: 4000,\r\r\n            smartSpeed:250,\r\r\n            navSpeed: 1250,\r\r\n            navText: ['prev', 'next'],\r\r\n            autoplayHoverPause: true,\r\r\n            lazyLoad: 1,\r\r\n            autoWidth: 0,\r\r\n            \r\n            URLhashListener: false,\r\r\n            startPosition: 'URLHash',\r\r\n            dots: false,\r\r\n            \r\n            responsiveClass: true,\r\r\n            responsive:{\r\r\n                0:{\r\r\n                    items: 4,\r\r\n                },\r\r\n                480:{\r\r\n                    items: 6,\r\r\n                },\r\r\n                960:{\r\r\n                    items: 8,\r\r\n                }\r\r\n            },\r\r\n\r\r\n            \r\n            \r\n        });\r\r\n    });\r\r\n<\/script>\n<div style=\"height:100px\" aria-hidden=\"true\" class=\"wp-block-spacer\"><\/div>\n\n<div class=\"wp-block-media-text has-media-on-the-right is-stacked-on-mobile is-image-fill-element\"><div class=\"wp-block-media-text__content\">\n<h2 class=\"wp-block-heading\">Socios de la marca Aepril<\/h2>\n\n\n\n<p>Adem\u00e1s de medios de comunicaci\u00f3n y creadores, Cl\u00ednicas Aepril colabora con varias marcas l\u00edderes dentro de la medicina est\u00e9tica.<\/p>\n\n\n\n<p>Estas colaboraciones nos permiten trabajar con productos de alta calidad, tratamientos innovadores y una formaci\u00f3n m\u00e9dica continua.<\/p>\n\n\n\n<ul class=\"wp-block-list\">\n<li><a href=\"https:\/\/merzaesthetics.nl\/\">Merz<\/a><\/li>\n\n\n\n<li><a href=\"https:\/\/www.ibsaderma.nl\/nl\/\">Ibsa Derma<\/a><\/li>\n\n\n\n<li><a href=\"https:\/\/www.cromapharma.com\/\">Croma<\/a><\/li>\n\n\n\n<li><a href=\"https:\/\/www.galderma.com\/\">Galderma<\/a><\/li>\n\n\n\n<li><a href=\"https:\/\/nationale-apotheek.nl\/\">Farmacia Nacional<\/a><\/li>\n<\/ul>\n\n\n\n<p>Junto con nuestros socios de marca, organizamos, entre otras cosas:<\/p>\n\n\n\n<ul class=\"wp-block-list\">\n<li>formaci\u00f3n y educaci\u00f3n<\/li>\n\n\n\n<li>campa\u00f1as conjuntas<\/li>\n\n\n\n<li>actos para pacientes y profesionales<\/li>\n<\/ul>\n\n\n\n<p>De este modo, estamos construyendo juntos un futuro en el que <strong>la calidad, la seguridad y la transparencia son fundamentales<\/strong>.<\/p>\n\n\n\n<p>\u00bfTienes un buen producto, un enfoque innovador y s<\/p>\n<\/div><figure class=\"wp-block-media-text__media\"><img loading=\"lazy\" decoding=\"async\" width=\"683\" height=\"1024\" src=\"https:\/\/aeprilclinics.nl\/wp-content\/uploads\/2026\/04\/BN4A9229-683x1024.jpg\" alt=\"\" class=\"wp-image-5700 size-full\" style=\"object-position:50% 50%\" srcset=\"https:\/\/aeprilclinics.nl\/wp-content\/uploads\/2026\/04\/BN4A9229-683x1024.jpg 683w, https:\/\/aeprilclinics.nl\/wp-content\/uploads\/2026\/04\/BN4A9229-200x300.jpg 200w, https:\/\/aeprilclinics.nl\/wp-content\/uploads\/2026\/04\/BN4A9229-768x1152.jpg 768w, https:\/\/aeprilclinics.nl\/wp-content\/uploads\/2026\/04\/BN4A9229-1024x1536.jpg 1024w, https:\/\/aeprilclinics.nl\/wp-content\/uploads\/2026\/04\/BN4A9229-1365x2048.jpg 1365w, https:\/\/aeprilclinics.nl\/wp-content\/uploads\/2026\/04\/BN4A9229-180x270.jpg 180w, https:\/\/aeprilclinics.nl\/wp-content\/uploads\/2026\/04\/BN4A9229-scaled.jpg 1707w\" sizes=\"auto, (max-width: 683px) 100vw, 683px\" \/><\/figure><\/div>\n\n<div style=\"height:100px\" aria-hidden=\"true\" class=\"wp-block-spacer\"><\/div>\n\n<div class=\"wp-block-cover alignfull is-light wave\" style=\"margin-top:var(--wp--preset--spacing--60);margin-bottom:0;padding-bottom:var(--wp--preset--spacing--30)\"><span aria-hidden=\"true\" class=\"wp-block-cover__background has-accent-background-color has-background-dim-100 has-background-dim\"><\/span><div class=\"wp-block-cover__inner-container has-global-padding is-layout-constrained wp-block-cover-is-layout-constrained\">\n<h2 class=\"wp-block-heading has-text-align-center\">Tu look, en su m\u00e1xima expresi\u00f3n.<\/h2>\n\n\n\n<div style=\"height:15px\" aria-hidden=\"true\" class=\"wp-block-spacer\"><\/div>\n\n\n\n<div class=\"wp-block-buttons is-content-justification-center is-layout-flex wp-container-core-buttons-is-layout-a89b3969 wp-block-buttons-is-layout-flex\">\n<div class=\"wp-block-button\"><a class=\"wp-block-button__link has-base-color has-accent-3-background-color has-text-color has-background has-link-color wp-element-button\" href=\"https:\/\/aeprilclinics.nl\/es\/reserva-una-consulta-gratuita\/\">Reserva una consulta gratuita<\/a><\/div>\n<\/div>\n<\/div><\/div>\n\n<p><\/p>\n","protected":false},"excerpt":{"rendered":"","protected":false},"author":14,"featured_media":0,"parent":0,"menu_order":0,"comment_status":"closed","ping_status":"closed","template":"","meta":{"_acf_changed":false,"footnotes":""},"class_list":["post-6903","page","type-page","status-publish","hentry"],"acf":[],"yoast_head":"<!-- This site is optimized with the Yoast SEO plugin v27.2 - https:\/\/yoast.com\/product\/yoast-seo-wordpress\/ -->\n<title>Socios y medios de comunicaci\u00f3n de Aepril - Aepril<\/title>\n<meta name=\"robots\" content=\"index, follow, max-snippet:-1, max-image-preview:large, max-video-preview:-1\" \/>\n<link rel=\"canonical\" href=\"https:\/\/aeprilclinics.nl\/es\/socios-y-medios-de-comunicacion-de-aepril\/\" \/>\n<meta property=\"og:locale\" content=\"es_ES\" \/>\n<meta property=\"og:type\" content=\"article\" \/>\n<meta property=\"og:title\" content=\"Socios y medios de comunicaci\u00f3n de Aepril - Aepril\" \/>\n<meta property=\"og:url\" content=\"https:\/\/aeprilclinics.nl\/es\/socios-y-medios-de-comunicacion-de-aepril\/\" \/>\n<meta property=\"og:site_name\" content=\"Aepril\" \/>\n<meta property=\"article:modified_time\" content=\"2026-05-12T20:26:18+00:00\" \/>\n<meta property=\"og:image\" content=\"https:\/\/aeprilclinics.nl\/wp-content\/uploads\/2025\/02\/BN4A9230-scaled.jpg\" \/>\n\t<meta property=\"og:image:width\" content=\"1707\" \/>\n\t<meta property=\"og:image:height\" content=\"2560\" \/>\n\t<meta property=\"og:image:type\" content=\"image\/jpeg\" \/>\n<meta name=\"twitter:card\" content=\"summary_large_image\" \/>\n<meta name=\"twitter:label1\" content=\"Tiempo de lectura\" \/>\n\t<meta name=\"twitter:data1\" content=\"2 minutos\" \/>\n<script type=\"application\/ld+json\" class=\"yoast-schema-graph\">{\"@context\":\"https:\/\/schema.org\",\"@graph\":[{\"@type\":\"WebPage\",\"@id\":\"https:\/\/aeprilclinics.nl\/es\/socios-y-medios-de-comunicacion-de-aepril\/\",\"url\":\"https:\/\/aeprilclinics.nl\/es\/socios-y-medios-de-comunicacion-de-aepril\/\",\"name\":\"Socios y medios de comunicaci\u00f3n de Aepril - Aepril\",\"isPartOf\":{\"@id\":\"https:\/\/aeprilclinics.nl\/es\/#website\"},\"primaryImageOfPage\":{\"@id\":\"https:\/\/aeprilclinics.nl\/es\/socios-y-medios-de-comunicacion-de-aepril\/#primaryimage\"},\"image\":{\"@id\":\"https:\/\/aeprilclinics.nl\/es\/socios-y-medios-de-comunicacion-de-aepril\/#primaryimage\"},\"thumbnailUrl\":\"https:\/\/aeprilclinics.nl\/wp-content\/uploads\/2025\/02\/BN4A9230-683x1024.jpg\",\"datePublished\":\"2026-04-07T06:54:56+00:00\",\"dateModified\":\"2026-05-12T20:26:18+00:00\",\"breadcrumb\":{\"@id\":\"https:\/\/aeprilclinics.nl\/es\/socios-y-medios-de-comunicacion-de-aepril\/#breadcrumb\"},\"inLanguage\":\"es\",\"potentialAction\":[{\"@type\":\"ReadAction\",\"target\":[\"https:\/\/aeprilclinics.nl\/es\/socios-y-medios-de-comunicacion-de-aepril\/\"]}]},{\"@type\":\"ImageObject\",\"inLanguage\":\"es\",\"@id\":\"https:\/\/aeprilclinics.nl\/es\/socios-y-medios-de-comunicacion-de-aepril\/#primaryimage\",\"url\":\"https:\/\/aeprilclinics.nl\/wp-content\/uploads\/2025\/02\/BN4A9230-683x1024.jpg\",\"contentUrl\":\"https:\/\/aeprilclinics.nl\/wp-content\/uploads\/2025\/02\/BN4A9230-683x1024.jpg\"},{\"@type\":\"BreadcrumbList\",\"@id\":\"https:\/\/aeprilclinics.nl\/es\/socios-y-medios-de-comunicacion-de-aepril\/#breadcrumb\",\"itemListElement\":[{\"@type\":\"ListItem\",\"position\":1,\"name\":\"Home\",\"item\":\"https:\/\/aeprilclinics.nl\/es\/\"},{\"@type\":\"ListItem\",\"position\":2,\"name\":\"Socios y medios de comunicaci\u00f3n de Aepril\"}]},{\"@type\":\"WebSite\",\"@id\":\"https:\/\/aeprilclinics.nl\/es\/#website\",\"url\":\"https:\/\/aeprilclinics.nl\/es\/\",\"name\":\"Aepril\",\"description\":\"\",\"potentialAction\":[{\"@type\":\"SearchAction\",\"target\":{\"@type\":\"EntryPoint\",\"urlTemplate\":\"https:\/\/aeprilclinics.nl\/es\/?s={search_term_string}\"},\"query-input\":{\"@type\":\"PropertyValueSpecification\",\"valueRequired\":true,\"valueName\":\"search_term_string\"}}],\"inLanguage\":\"es\"}]}<\/script>\n<!-- \/ Yoast SEO plugin. -->","yoast_head_json":{"title":"Socios y medios de comunicaci\u00f3n de Aepril - Aepril","robots":{"index":"index","follow":"follow","max-snippet":"max-snippet:-1","max-image-preview":"max-image-preview:large","max-video-preview":"max-video-preview:-1"},"canonical":"https:\/\/aeprilclinics.nl\/es\/socios-y-medios-de-comunicacion-de-aepril\/","og_locale":"es_ES","og_type":"article","og_title":"Socios y medios de comunicaci\u00f3n de Aepril - Aepril","og_url":"https:\/\/aeprilclinics.nl\/es\/socios-y-medios-de-comunicacion-de-aepril\/","og_site_name":"Aepril","article_modified_time":"2026-05-12T20:26:18+00:00","og_image":[{"width":1707,"height":2560,"url":"https:\/\/aeprilclinics.nl\/wp-content\/uploads\/2025\/02\/BN4A9230-scaled.jpg","type":"image\/jpeg"}],"twitter_card":"summary_large_image","twitter_misc":{"Tiempo de lectura":"2 minutos"},"schema":{"@context":"https:\/\/schema.org","@graph":[{"@type":"WebPage","@id":"https:\/\/aeprilclinics.nl\/es\/socios-y-medios-de-comunicacion-de-aepril\/","url":"https:\/\/aeprilclinics.nl\/es\/socios-y-medios-de-comunicacion-de-aepril\/","name":"Socios y medios de comunicaci\u00f3n de Aepril - Aepril","isPartOf":{"@id":"https:\/\/aeprilclinics.nl\/es\/#website"},"primaryImageOfPage":{"@id":"https:\/\/aeprilclinics.nl\/es\/socios-y-medios-de-comunicacion-de-aepril\/#primaryimage"},"image":{"@id":"https:\/\/aeprilclinics.nl\/es\/socios-y-medios-de-comunicacion-de-aepril\/#primaryimage"},"thumbnailUrl":"https:\/\/aeprilclinics.nl\/wp-content\/uploads\/2025\/02\/BN4A9230-683x1024.jpg","datePublished":"2026-04-07T06:54:56+00:00","dateModified":"2026-05-12T20:26:18+00:00","breadcrumb":{"@id":"https:\/\/aeprilclinics.nl\/es\/socios-y-medios-de-comunicacion-de-aepril\/#breadcrumb"},"inLanguage":"es","potentialAction":[{"@type":"ReadAction","target":["https:\/\/aeprilclinics.nl\/es\/socios-y-medios-de-comunicacion-de-aepril\/"]}]},{"@type":"ImageObject","inLanguage":"es","@id":"https:\/\/aeprilclinics.nl\/es\/socios-y-medios-de-comunicacion-de-aepril\/#primaryimage","url":"https:\/\/aeprilclinics.nl\/wp-content\/uploads\/2025\/02\/BN4A9230-683x1024.jpg","contentUrl":"https:\/\/aeprilclinics.nl\/wp-content\/uploads\/2025\/02\/BN4A9230-683x1024.jpg"},{"@type":"BreadcrumbList","@id":"https:\/\/aeprilclinics.nl\/es\/socios-y-medios-de-comunicacion-de-aepril\/#breadcrumb","itemListElement":[{"@type":"ListItem","position":1,"name":"Home","item":"https:\/\/aeprilclinics.nl\/es\/"},{"@type":"ListItem","position":2,"name":"Socios y medios de comunicaci\u00f3n de Aepril"}]},{"@type":"WebSite","@id":"https:\/\/aeprilclinics.nl\/es\/#website","url":"https:\/\/aeprilclinics.nl\/es\/","name":"Aepril","description":"","potentialAction":[{"@type":"SearchAction","target":{"@type":"EntryPoint","urlTemplate":"https:\/\/aeprilclinics.nl\/es\/?s={search_term_string}"},"query-input":{"@type":"PropertyValueSpecification","valueRequired":true,"valueName":"search_term_string"}}],"inLanguage":"es"}]}},"_links":{"self":[{"href":"https:\/\/aeprilclinics.nl\/es\/wp-json\/wp\/v2\/pages\/6903","targetHints":{"allow":["GET"]}}],"collection":[{"href":"https:\/\/aeprilclinics.nl\/es\/wp-json\/wp\/v2\/pages"}],"about":[{"href":"https:\/\/aeprilclinics.nl\/es\/wp-json\/wp\/v2\/types\/page"}],"author":[{"embeddable":true,"href":"https:\/\/aeprilclinics.nl\/es\/wp-json\/wp\/v2\/users\/14"}],"replies":[{"embeddable":true,"href":"https:\/\/aeprilclinics.nl\/es\/wp-json\/wp\/v2\/comments?post=6903"}],"version-history":[{"count":1,"href":"https:\/\/aeprilclinics.nl\/es\/wp-json\/wp\/v2\/pages\/6903\/revisions"}],"predecessor-version":[{"id":6905,"href":"https:\/\/aeprilclinics.nl\/es\/wp-json\/wp\/v2\/pages\/6903\/revisions\/6905"}],"wp:attachment":[{"href":"https:\/\/aeprilclinics.nl\/es\/wp-json\/wp\/v2\/media?parent=6903"}],"curies":[{"name":"wp","href":"https:\/\/api.w.org\/{rel}","templated":true}]}}