{"id":6894,"date":"2026-04-10T07:39:05","date_gmt":"2026-04-10T07:39:05","guid":{"rendered":"https:\/\/aeprilclinics.nl\/vacante-interventor\/"},"modified":"2026-05-12T20:26:18","modified_gmt":"2026-05-12T20:26:18","slug":"vacante-interventor","status":"publish","type":"page","link":"https:\/\/aeprilclinics.nl\/es\/vacante-interventor\/","title":{"rendered":"Vacante Interventor"},"content":{"rendered":"\n<div class=\"wp-block-media-text has-media-on-the-right is-stacked-on-mobile is-image-fill-element\"><div class=\"wp-block-media-text__content\">\n<h5 class=\"wp-block-heading\">Vacante<\/h5>\n\n\n\n<h2 class=\"wp-block-heading\">\u00bfEres el Controlador que buscamos?<\/h2>\n\n\n\n<p>\u00a1Qu\u00e9 bien que hayas aterrizado en nuestra vacante! Para reforzar nuestro equipo, buscamos un Controller que aporte estructura, visi\u00f3n de conjunto y calidad a nuestra administraci\u00f3n financiera y que tenga ganas de crecer con nuestra organizaci\u00f3n. <\/p>\n\n\n\n<p><strong>\u00bfEst\u00e1s buscando por casualidad<\/strong><\/p>\n\n\n\n<ul id=\"block-758e8c11-1699-4e99-8a3e-f3384ca1ecf1\" class=\"wp-block-list\">\n<li>Un lugar de trabajo inspirador en el coraz\u00f3n de Utrecht;<\/li>\n\n\n\n<li>Funci\u00f3n flexible y libre en nuestra organizaci\u00f3n;<\/li>\n\n\n\n<li>Cultura \u00e9tica y transparente;<\/li>\n\n\n\n<li>Ambiente de trabajo acogedor y conexi\u00f3n personal con los clientes;<\/li>\n\n\n\n<li>Un equipo abierto a tus ideas, que comparte conocimientos y competencias abiertamente en un entorno de aprendizaje seguro;<\/li>\n\n\n\n<li>Perspectivas de futuro; oportunidades de ascenso en el equipo y contrato indefinido.<\/li>\n<\/ul>\n<\/div><figure class=\"wp-block-media-text__media\"><img loading=\"lazy\" decoding=\"async\" width=\"768\" height=\"1024\" src=\"https:\/\/aeprilclinics.nl\/wp-content\/uploads\/2025\/09\/IMG_7437-768x1024.jpg\" alt=\"\" class=\"wp-image-3498 size-full\" style=\"object-position:50% 50%\" srcset=\"https:\/\/aeprilclinics.nl\/wp-content\/uploads\/2025\/09\/IMG_7437-768x1024.jpg 768w, https:\/\/aeprilclinics.nl\/wp-content\/uploads\/2025\/09\/IMG_7437-225x300.jpg 225w, https:\/\/aeprilclinics.nl\/wp-content\/uploads\/2025\/09\/IMG_7437-1152x1536.jpg 1152w, https:\/\/aeprilclinics.nl\/wp-content\/uploads\/2025\/09\/IMG_7437-1536x2048.jpg 1536w, https:\/\/aeprilclinics.nl\/wp-content\/uploads\/2025\/09\/IMG_7437-203x270.jpg 203w, https:\/\/aeprilclinics.nl\/wp-content\/uploads\/2025\/09\/IMG_7437-scaled.jpg 1920w\" sizes=\"auto, (max-width: 768px) 100vw, 768px\" \/><\/figure><\/div>\n\n<div style=\"height:50px\" aria-hidden=\"true\" class=\"wp-block-spacer\"><\/div>\n\n<div class=\"wp-block-media-text is-stacked-on-mobile is-image-fill-element\"><figure class=\"wp-block-media-text__media\"><img loading=\"lazy\" decoding=\"async\" width=\"1024\" height=\"768\" src=\"https:\/\/aeprilclinics.nl\/wp-content\/uploads\/2025\/09\/IMG_7809-1024x768.jpeg\" alt=\"\" class=\"wp-image-3741 size-full\" style=\"object-position:50% 50%\" srcset=\"https:\/\/aeprilclinics.nl\/wp-content\/uploads\/2025\/09\/IMG_7809-1024x768.jpeg 1024w, https:\/\/aeprilclinics.nl\/wp-content\/uploads\/2025\/09\/IMG_7809-300x225.jpeg 300w, https:\/\/aeprilclinics.nl\/wp-content\/uploads\/2025\/09\/IMG_7809-768x576.jpeg 768w, https:\/\/aeprilclinics.nl\/wp-content\/uploads\/2025\/09\/IMG_7809-1536x1152.jpeg 1536w, https:\/\/aeprilclinics.nl\/wp-content\/uploads\/2025\/09\/IMG_7809-2048x1536.jpeg 2048w, https:\/\/aeprilclinics.nl\/wp-content\/uploads\/2025\/09\/IMG_7809-360x270.jpeg 360w\" sizes=\"auto, (max-width: 1024px) 100vw, 1024px\" \/><\/figure><div class=\"wp-block-media-text__content\">\n<h5 class=\"wp-block-heading\">Sobre nosotros<\/h5>\n\n\n\n<h2 class=\"wp-block-heading\">Cl\u00ednica Est\u00e9tica Aepril<\/h2>\n\n\n\n<p>La Cl\u00ednica Est\u00e9tica Aepril es una cl\u00ednica de r\u00e1pido crecimiento con sucursales en <a href=\"https:\/\/aeprilclinics.nl\/es\/clinica-de-hengelo\/\" type=\"page\" id=\"3336\">Hengelo<\/a> y <a href=\"https:\/\/aeprilclinics.nl\/es\/clinica-utrecht\/\" type=\"page\" id=\"3390\">Utrecht<\/a>, centrada en tratamientos est\u00e9ticos y una experiencia de alta calidad para el cliente. En poco tiempo, nos hemos forjado una s\u00f3lida reputaci\u00f3n, con casi 100 opiniones perfectas en menos de nueve meses. Estamos deseando continuar este desarrollo con un equipo que quiera crecer con nosotros.  <\/p>\n\n\n\n<p>Dirigidos por el Dr. Elnaz Alagha, nos centramos en el botox, los rellenos y los tratamientos cut\u00e1neos. Combinamos la experiencia m\u00e9dica con un enfoque personal, centrado en el asesoramiento honesto. Miramos m\u00e1s all\u00e1 del tratamiento y nos tomamos el tiempo necesario para hacer la elecci\u00f3n correcta junto con el cliente. Optamos conscientemente por un resultado sutil que se adapte al aspecto natural. \u00a1Menos es m\u00e1s!    <\/p>\n<\/div><\/div>\n\n<div style=\"height:50px\" aria-hidden=\"true\" class=\"wp-block-spacer\"><\/div>\n\n<div class=\"wp-block-media-text has-media-on-the-right is-stacked-on-mobile is-image-fill-element\"><div class=\"wp-block-media-text__content\">\n<h5 class=\"wp-block-heading\">Experiencia y competencias<\/h5>\n\n\n\n<h2 class=\"wp-block-heading\">\u00bfA qui\u00e9n buscamos?<\/h2>\n\n\n\n<p>El 90% de los empleos en finanzas son trabajos de Excel sin impacto real. Este no. <\/p>\n\n\n\n<p>En <strong>Cl\u00ednicas Aepril <\/strong>buscamos un<strong> Controlador Financiero<\/strong> que no s\u00f3lo elabore informes, sino que <strong>ayude a construir una empresa que abre una nueva sede cada a\u00f1o.<\/strong><\/p>\n\n\n\n<p>\u00c9ste no es el t\u00edpico puesto de finanzas. Trabajar\u00e1s <strong>directamente con los fundadores<\/strong>, ver\u00e1s todos los n\u00fameros de la organizaci\u00f3n y ayudar\u00e1s a construir la estructura financiera de una cadena de cl\u00ednicas de r\u00e1pido crecimiento. <\/p>\n\n\n\n<p><strong>Esta funci\u00f3n es extremadamente pr\u00e1ctica.<\/strong><\/p>\n\n\n\n<p>No te limitas a hacer an\u00e1lisis e informes.<br\/>Tambi\u00e9n te aseguras de que lo b\u00e1sico est\u00e1 bien.<\/p>\n\n\n\n<p>Eso significa que t\u00fa tambi\u00e9n podr\u00edas:<\/p>\n\n\n\n<ul class=\"wp-block-list\">\n<li>recibos de reserva<\/li>\n\n\n\n<li>controles de existencias<\/li>\n\n\n\n<li>control de costes<\/li>\n\n\n\n<li>informa<\/li>\n\n\n\n<li>y discutiendo con los fundadores sobre el crecimiento<\/li>\n<\/ul>\n\n\n\n<p>Si s\u00f3lo quieres construir cuadros de mando desde una silla, \u00e9ste no es tu trabajo. Si <strong>quieres aprender a construir una empresa desde dentro<\/strong>, entonces s\u00ed, lo es. <\/p>\n<\/div><figure class=\"wp-block-media-text__media\"><img loading=\"lazy\" decoding=\"async\" width=\"1024\" height=\"683\" src=\"https:\/\/aeprilclinics.nl\/wp-content\/uploads\/2025\/01\/BN4A9295-1024x683.jpg\" alt=\"\" class=\"wp-image-1012 size-full\" style=\"object-position:50% 50%\" srcset=\"https:\/\/aeprilclinics.nl\/wp-content\/uploads\/2025\/01\/BN4A9295-1024x683.jpg 1024w, https:\/\/aeprilclinics.nl\/wp-content\/uploads\/2025\/01\/BN4A9295-300x200.jpg 300w, https:\/\/aeprilclinics.nl\/wp-content\/uploads\/2025\/01\/BN4A9295-768x512.jpg 768w, https:\/\/aeprilclinics.nl\/wp-content\/uploads\/2025\/01\/BN4A9295-1536x1024.jpg 1536w, https:\/\/aeprilclinics.nl\/wp-content\/uploads\/2025\/01\/BN4A9295-2048x1365.jpg 2048w, https:\/\/aeprilclinics.nl\/wp-content\/uploads\/2025\/01\/BN4A9295-405x270.jpg 405w\" sizes=\"auto, (max-width: 1024px) 100vw, 1024px\" \/><\/figure><\/div>\n\n<div style=\"height:50px\" aria-hidden=\"true\" class=\"wp-block-spacer\"><\/div>\n\n<div class=\"wp-block-media-text is-stacked-on-mobile is-image-fill-element\"><figure class=\"wp-block-media-text__media\"><img loading=\"lazy\" decoding=\"async\" width=\"768\" height=\"1024\" src=\"https:\/\/aeprilclinics.nl\/wp-content\/uploads\/2025\/11\/IMG_8558-768x1024.jpg\" alt=\"\" class=\"wp-image-4358 size-full\" style=\"object-position:50% 50%\" srcset=\"https:\/\/aeprilclinics.nl\/wp-content\/uploads\/2025\/11\/IMG_8558-768x1024.jpg 768w, https:\/\/aeprilclinics.nl\/wp-content\/uploads\/2025\/11\/IMG_8558-225x300.jpg 225w, https:\/\/aeprilclinics.nl\/wp-content\/uploads\/2025\/11\/IMG_8558-1152x1536.jpg 1152w, https:\/\/aeprilclinics.nl\/wp-content\/uploads\/2025\/11\/IMG_8558-1536x2048.jpg 1536w, https:\/\/aeprilclinics.nl\/wp-content\/uploads\/2025\/11\/IMG_8558-203x270.jpg 203w, https:\/\/aeprilclinics.nl\/wp-content\/uploads\/2025\/11\/IMG_8558-scaled.jpg 1920w\" sizes=\"auto, (max-width: 768px) 100vw, 768px\" \/><\/figure><div class=\"wp-block-media-text__content\">\n<h5 class=\"wp-block-heading\">Sobre este puesto<\/h5>\n\n\n\n<h2 class=\"wp-block-heading\">\u00bfQu\u00e9 vas a hacer?<\/h2>\n\n\n\n<p>Tu papel se sit\u00faa exactamente entre <strong>las finanzas, las operaciones y la estrategia<\/strong>.<\/p>\n\n\n\n<p><strong>Administraci\u00f3n financiera<\/strong><\/p>\n\n\n\n<ul class=\"wp-block-list\">\n<li>Entrada de recibos y facturas<\/li>\n\n\n\n<li>Mantener registros financieros<\/li>\n\n\n\n<li>Ayudar con las declaraciones de IVA<\/li>\n\n\n\n<li>Preparaci\u00f3n de las cuentas anuales<\/li>\n<\/ul>\n\n\n\n<p><strong>An\u00e1lisis e informes<\/strong><\/p>\n\n\n\n<ul class=\"wp-block-list\">\n<li>Crear informes por sucursal<\/li>\n\n\n\n<li>Informes consolidados en toda la organizaci\u00f3n<\/li>\n\n\n\n<li>An\u00e1lisis de ventas, tratamientos y m\u00e1rgenes<\/li>\n\n\n\n<li>Control de costes<\/li>\n<\/ul>\n\n\n\n<p><strong>Operativo<\/strong><\/p>\n\n\n\n<ul class=\"wp-block-list\">\n<li>Gesti\u00f3n de existencias de productos m\u00e9dicos<\/li>\n\n\n\n<li>Control de la utilizaci\u00f3n de las existencias y de las compras<\/li>\n\n\n\n<li>Detectar ineficiencias<\/li>\n<\/ul>\n\n\n\n<p><strong>Estrat\u00e9gico<\/strong><\/p>\n\n\n\n<ul class=\"wp-block-list\">\n<li>Discutir con los fundadores sobre el crecimiento<\/li>\n\n\n\n<li>Establecimiento de la estructura financiera de las nuevas cl\u00ednicas<\/li>\n\n\n\n<li>Pensar a lo largo de procesos escalables<\/li>\n<\/ul>\n<\/div><\/div>\n\n<div style=\"height:50px\" aria-hidden=\"true\" class=\"wp-block-spacer\"><\/div>\n\n<div class=\"wp-block-media-text has-media-on-the-right is-stacked-on-mobile is-image-fill-element\"><div class=\"wp-block-media-text__content\">\n<h5 class=\"wp-block-heading\">Nuestra oferta<\/h5>\n\n\n\n<h2 class=\"wp-block-heading\">\u00bfQu\u00e9 te ofrecemos?<\/h2>\n\n\n\n<ul class=\"wp-block-list\">\n<li>Empleo a tiempo parcial o construcci\u00f3n de ZZP (en consulta)<\/li>\n\n\n\n<li>Flexibilidad con posibilidad de ampliar el horario<\/li>\n\n\n\n<li>Un equipo c\u00e1lido, ambicioso y profesional<\/li>\n\n\n\n<li>Cenas de equipo, actividades y un fuerte esp\u00edritu de equipo<\/li>\n\n\n\n<li>Espacio para la formaci\u00f3n, el desarrollo y la iniciativa propia<\/li>\n\n\n\n<li>La oportunidad de crecer con Cl\u00ednicas Aepril y dejar huella<\/li>\n\n\n\n<li>Colaboraci\u00f3n directa con nuestros fundadores y especialistas fiscales experimentados<\/li>\n<\/ul>\n\n\n\n<p><strong>\u00bfTe interesa?<\/strong><br\/>Env\u00edanos tu CV y una breve motivaci\u00f3n. Estamos deseando conocerte. <\/p>\n\n\n\n<p style=\"margin-top:var(--wp--preset--spacing--40)\"><strong>\u00bfPreguntas sobre vacantes?<\/strong><br\/>Si tienes preguntas sobre una vacante, ponte en contacto con nosotros directamente utilizando los datos que figuran a continuaci\u00f3n:<\/p>\n\n\n\n<div class=\"wp-block-columns is-not-stacked-on-mobile is-layout-flex wp-container-core-columns-is-layout-f0342b05 wp-block-columns-is-layout-flex\" style=\"margin-top:0;margin-bottom:0\">\n<div class=\"wp-block-column is-layout-flow wp-block-column-is-layout-flow\" style=\"flex-basis:20px\">\n<i class=\"fas fa-phone\"><\/i>\n<\/div>\n\n\n\n<div class=\"wp-block-column is-layout-flow wp-block-column-is-layout-flow\">\n<p><a href=\"tel:0623209253\">06-23209253<\/a><\/p>\n<\/div>\n<\/div>\n\n\n\n<div class=\"wp-block-columns is-not-stacked-on-mobile is-layout-flex wp-container-core-columns-is-layout-f0342b05 wp-block-columns-is-layout-flex\" style=\"margin-top:0;margin-bottom:0\">\n<div class=\"wp-block-column is-layout-flow wp-block-column-is-layout-flow\" style=\"flex-basis:20px\">\n<i class=\"fas fa-envelope\"><\/i>\n<\/div>\n\n\n\n<div class=\"wp-block-column is-layout-flow wp-block-column-is-layout-flow\">\n<p><a href=\"mailto:contact@aeprilclinics.nl\">receptie@aeprilclinics.nl<\/a><\/p>\n<\/div>\n<\/div>\n<\/div><figure class=\"wp-block-media-text__media\"><img loading=\"lazy\" decoding=\"async\" width=\"683\" height=\"1024\" src=\"https:\/\/aeprilclinics.nl\/wp-content\/uploads\/2025\/01\/BN4A7377-683x1024.jpg\" alt=\"\" class=\"wp-image-879 size-full\" style=\"object-position:50% 50%\" srcset=\"https:\/\/aeprilclinics.nl\/wp-content\/uploads\/2025\/01\/BN4A7377-683x1024.jpg 683w, https:\/\/aeprilclinics.nl\/wp-content\/uploads\/2025\/01\/BN4A7377-200x300.jpg 200w, https:\/\/aeprilclinics.nl\/wp-content\/uploads\/2025\/01\/BN4A7377-768x1152.jpg 768w, https:\/\/aeprilclinics.nl\/wp-content\/uploads\/2025\/01\/BN4A7377-1024x1536.jpg 1024w, https:\/\/aeprilclinics.nl\/wp-content\/uploads\/2025\/01\/BN4A7377-1365x2048.jpg 1365w, https:\/\/aeprilclinics.nl\/wp-content\/uploads\/2025\/01\/BN4A7377-180x270.jpg 180w, https:\/\/aeprilclinics.nl\/wp-content\/uploads\/2025\/01\/BN4A7377-scaled.jpg 1707w\" sizes=\"auto, (max-width: 683px) 100vw, 683px\" \/><\/figure><\/div>\n\n<div style=\"height:50px\" aria-hidden=\"true\" class=\"wp-block-spacer\"><\/div>\n\n<div class=\"wp-block-media-text is-stacked-on-mobile is-image-fill-element\"><figure class=\"wp-block-media-text__media\"><img loading=\"lazy\" decoding=\"async\" width=\"1024\" height=\"1024\" src=\"https:\/\/aeprilclinics.nl\/wp-content\/uploads\/2025\/12\/Ontwerp-zonder-titel-1024x1024.png\" alt=\"\" class=\"wp-image-4546 size-full\" style=\"object-position:50% 50%\" srcset=\"https:\/\/aeprilclinics.nl\/wp-content\/uploads\/2025\/12\/Ontwerp-zonder-titel-1024x1024.png 1024w, https:\/\/aeprilclinics.nl\/wp-content\/uploads\/2025\/12\/Ontwerp-zonder-titel-300x300.png 300w, https:\/\/aeprilclinics.nl\/wp-content\/uploads\/2025\/12\/Ontwerp-zonder-titel-150x150.png 150w, https:\/\/aeprilclinics.nl\/wp-content\/uploads\/2025\/12\/Ontwerp-zonder-titel-768x767.png 768w, https:\/\/aeprilclinics.nl\/wp-content\/uploads\/2025\/12\/Ontwerp-zonder-titel-270x270.png 270w, https:\/\/aeprilclinics.nl\/wp-content\/uploads\/2025\/12\/Ontwerp-zonder-titel.png 1440w\" sizes=\"auto, (max-width: 1024px) 100vw, 1024px\" \/><\/figure><div class=\"wp-block-media-text__content\">\n<h5 class=\"wp-block-heading\">Nuestro equipo<\/h5>\n\n\n\n<h2 class=\"wp-block-heading\">\u00a1Bienvenido a nuestro equipo!<\/h2>\n\n\n\n<p><a href=\"https:\/\/aeprilclinics.nl\/ons-verhaal\/\" type=\"link\" id=\"https:\/\/aeprilclinics.nl\/ons-verhaal\/\">Aepril Clinics<\/a> es una cl\u00ednica l\u00edder en el campo de los inyectables y los tratamientos est\u00e9ticos en Holanda. Nuestros especialistas combinan experiencia y pasi\u00f3n para conseguir resultados de alta calidad para nuestros clientes. <\/p>\n\n\n\n<p>Con oficinas en Hengelo y Utrecht y una s\u00f3lida y creciente reputaci\u00f3n, ofrecemos un entorno de trabajo inspirador en el que la profesionalidad y el desarrollo personal son fundamentales. Trabajamos en un entorno seguro y diverso donde se valora tu aportaci\u00f3n y puedes contribuir activamente a las consultas y los tratamientos.  Nada es m\u00e1s importante para nosotros que <a href=\"https:\/\/aeprilclinics.nl\/team\/\" type=\"page\" id=\"1033\">nuestro equipo<\/a>: comemos juntos, celebramos los \u00e9xitos e invertimos regularmente en formaci\u00f3n conjunta mediante cursos y conferencias, incluso en el extranjero.  <\/p>\n\n\n\n<p>No nos importan los n\u00fameros, sino la calidad. Te dedicamos tiempo para consultas minuciosas y planes de tratamiento exhaustivos, lo que te permite establecer una conexi\u00f3n real con los clientes y trabajar con placer y satisfacci\u00f3n. Lo que te pedimos es pasi\u00f3n por la cosmetolog\u00eda, inter\u00e9s genuino por los clientes y sus historias y la ambici\u00f3n de desarrollarte cada d\u00eda m\u00e1s en tu profesi\u00f3n.  <\/p>\n<\/div><\/div>\n\n<div class=\"wp-block-cover alignfull is-light wave\" style=\"margin-top:var(--wp--preset--spacing--60);margin-bottom:0;padding-bottom:var(--wp--preset--spacing--30)\"><span aria-hidden=\"true\" class=\"wp-block-cover__background has-accent-background-color has-background-dim-100 has-background-dim\"><\/span><div class=\"wp-block-cover__inner-container has-global-padding is-layout-constrained wp-block-cover-is-layout-constrained\">\n<h2 class=\"wp-block-heading has-text-align-center\">Tu siguiente paso empieza aqu\u00ed.<\/h2>\n\n\n\n<div style=\"height:15px\" aria-hidden=\"true\" class=\"wp-block-spacer\"><\/div>\n\n\n\n<div class=\"wp-block-buttons is-content-justification-center is-layout-flex wp-container-core-buttons-is-layout-a89b3969 wp-block-buttons-is-layout-flex\">\n<div class=\"wp-block-button\"><a class=\"wp-block-button__link has-base-color has-accent-3-background-color has-text-color has-background has-link-color wp-element-button\" href=\"mailto:contact@aeprilclinics.nl\">Solicita un empleo en Aepril<\/a><\/div>\n<\/div>\n<\/div><\/div>\n","protected":false},"excerpt":{"rendered":"<p>Sobre nosotros Cl\u00ednica Est\u00e9tica Aepril La Cl\u00ednica Est\u00e9tica Aepril es una cl\u00ednica de r\u00e1pido crecimiento con sucursales en Hengelo y Utrecht, centrada en tratamientos est\u00e9ticos y una experiencia de alta calidad para el cliente. En poco tiempo, nos hemos forjado&#8230;<\/p>\n","protected":false},"author":14,"featured_media":6393,"parent":0,"menu_order":0,"comment_status":"closed","ping_status":"closed","template":"","meta":{"_acf_changed":false,"footnotes":""},"class_list":["post-6894","page","type-page","status-publish","has-post-thumbnail","hentry"],"acf":[],"yoast_head":"<!-- This site is optimized with the Yoast SEO plugin v27.2 - https:\/\/yoast.com\/product\/yoast-seo-wordpress\/ -->\n<title>Vacante Interventor: trabajando en Aepril.<\/title>\n<meta name=\"description\" content=\"\u00bfQuieres trabajar en una cl\u00ednica l\u00edder? Consulta el Vacante Interventor y forma parte de la cl\u00ednica est\u00e9tica Cl\u00ednicas Aepril.\" \/>\n<meta name=\"robots\" content=\"index, follow, max-snippet:-1, max-image-preview:large, max-video-preview:-1\" \/>\n<link rel=\"canonical\" href=\"https:\/\/aeprilclinics.nl\/es\/vacante-interventor\/\" \/>\n<meta property=\"og:locale\" content=\"es_ES\" \/>\n<meta property=\"og:type\" content=\"article\" \/>\n<meta property=\"og:title\" content=\"Vacante Interventor: trabajando en Aepril.\" \/>\n<meta property=\"og:description\" content=\"\u00bfQuieres trabajar en una cl\u00ednica l\u00edder? Consulta el Vacante Interventor y forma parte de la cl\u00ednica est\u00e9tica Cl\u00ednicas Aepril.\" \/>\n<meta property=\"og:url\" content=\"https:\/\/aeprilclinics.nl\/es\/vacante-interventor\/\" \/>\n<meta property=\"og:site_name\" content=\"Aepril\" \/>\n<meta property=\"article:modified_time\" content=\"2026-05-12T20:26:18+00:00\" \/>\n<meta property=\"og:image\" content=\"https:\/\/aeprilclinics.nl\/wp-content\/uploads\/2025\/02\/aesthe-clinics-Final-07.png\" \/>\n\t<meta property=\"og:image:width\" content=\"6667\" \/>\n\t<meta property=\"og:image:height\" content=\"5001\" \/>\n\t<meta property=\"og:image:type\" content=\"image\/png\" \/>\n<meta name=\"twitter:card\" content=\"summary_large_image\" \/>\n<meta name=\"twitter:label1\" content=\"Tiempo de lectura\" \/>\n\t<meta name=\"twitter:data1\" content=\"4 minutos\" \/>\n<script type=\"application\/ld+json\" class=\"yoast-schema-graph\">{\"@context\":\"https:\/\/schema.org\",\"@graph\":[{\"@type\":\"WebPage\",\"@id\":\"https:\/\/aeprilclinics.nl\/es\/vacante-interventor\/\",\"url\":\"https:\/\/aeprilclinics.nl\/es\/vacante-interventor\/\",\"name\":\"Vacante Interventor: trabajando en Aepril.\",\"isPartOf\":{\"@id\":\"https:\/\/aeprilclinics.nl\/es\/#website\"},\"primaryImageOfPage\":{\"@id\":\"https:\/\/aeprilclinics.nl\/es\/vacante-interventor\/#primaryimage\"},\"image\":{\"@id\":\"https:\/\/aeprilclinics.nl\/es\/vacante-interventor\/#primaryimage\"},\"thumbnailUrl\":\"https:\/\/aeprilclinics.nl\/wp-content\/uploads\/2025\/02\/aesthe-clinics-Final-07.png\",\"datePublished\":\"2026-04-10T07:39:05+00:00\",\"dateModified\":\"2026-05-12T20:26:18+00:00\",\"description\":\"\u00bfQuieres trabajar en una cl\u00ednica l\u00edder? Consulta el Vacante Interventor y forma parte de la cl\u00ednica est\u00e9tica Cl\u00ednicas Aepril.\",\"breadcrumb\":{\"@id\":\"https:\/\/aeprilclinics.nl\/es\/vacante-interventor\/#breadcrumb\"},\"inLanguage\":\"es\",\"potentialAction\":[{\"@type\":\"ReadAction\",\"target\":[\"https:\/\/aeprilclinics.nl\/es\/vacante-interventor\/\"]}]},{\"@type\":\"ImageObject\",\"inLanguage\":\"es\",\"@id\":\"https:\/\/aeprilclinics.nl\/es\/vacante-interventor\/#primaryimage\",\"url\":\"https:\/\/aeprilclinics.nl\/wp-content\/uploads\/2025\/02\/aesthe-clinics-Final-07.png\",\"contentUrl\":\"https:\/\/aeprilclinics.nl\/wp-content\/uploads\/2025\/02\/aesthe-clinics-Final-07.png\",\"width\":6667,\"height\":5001},{\"@type\":\"BreadcrumbList\",\"@id\":\"https:\/\/aeprilclinics.nl\/es\/vacante-interventor\/#breadcrumb\",\"itemListElement\":[{\"@type\":\"ListItem\",\"position\":1,\"name\":\"Home\",\"item\":\"https:\/\/aeprilclinics.nl\/es\/\"},{\"@type\":\"ListItem\",\"position\":2,\"name\":\"Vacante Interventor\"}]},{\"@type\":\"WebSite\",\"@id\":\"https:\/\/aeprilclinics.nl\/es\/#website\",\"url\":\"https:\/\/aeprilclinics.nl\/es\/\",\"name\":\"Aepril\",\"description\":\"\",\"potentialAction\":[{\"@type\":\"SearchAction\",\"target\":{\"@type\":\"EntryPoint\",\"urlTemplate\":\"https:\/\/aeprilclinics.nl\/es\/?s={search_term_string}\"},\"query-input\":{\"@type\":\"PropertyValueSpecification\",\"valueRequired\":true,\"valueName\":\"search_term_string\"}}],\"inLanguage\":\"es\"}]}<\/script>\n<!-- \/ Yoast SEO plugin. -->","yoast_head_json":{"title":"Vacante Interventor: trabajando en Aepril.","description":"\u00bfQuieres trabajar en una cl\u00ednica l\u00edder? Consulta el Vacante Interventor y forma parte de la cl\u00ednica est\u00e9tica Cl\u00ednicas Aepril.","robots":{"index":"index","follow":"follow","max-snippet":"max-snippet:-1","max-image-preview":"max-image-preview:large","max-video-preview":"max-video-preview:-1"},"canonical":"https:\/\/aeprilclinics.nl\/es\/vacante-interventor\/","og_locale":"es_ES","og_type":"article","og_title":"Vacante Interventor: trabajando en Aepril.","og_description":"\u00bfQuieres trabajar en una cl\u00ednica l\u00edder? Consulta el Vacante Interventor y forma parte de la cl\u00ednica est\u00e9tica Cl\u00ednicas Aepril.","og_url":"https:\/\/aeprilclinics.nl\/es\/vacante-interventor\/","og_site_name":"Aepril","article_modified_time":"2026-05-12T20:26:18+00:00","og_image":[{"width":6667,"height":5001,"url":"https:\/\/aeprilclinics.nl\/wp-content\/uploads\/2025\/02\/aesthe-clinics-Final-07.png","type":"image\/png"}],"twitter_card":"summary_large_image","twitter_misc":{"Tiempo de lectura":"4 minutos"},"schema":{"@context":"https:\/\/schema.org","@graph":[{"@type":"WebPage","@id":"https:\/\/aeprilclinics.nl\/es\/vacante-interventor\/","url":"https:\/\/aeprilclinics.nl\/es\/vacante-interventor\/","name":"Vacante Interventor: trabajando en Aepril.","isPartOf":{"@id":"https:\/\/aeprilclinics.nl\/es\/#website"},"primaryImageOfPage":{"@id":"https:\/\/aeprilclinics.nl\/es\/vacante-interventor\/#primaryimage"},"image":{"@id":"https:\/\/aeprilclinics.nl\/es\/vacante-interventor\/#primaryimage"},"thumbnailUrl":"https:\/\/aeprilclinics.nl\/wp-content\/uploads\/2025\/02\/aesthe-clinics-Final-07.png","datePublished":"2026-04-10T07:39:05+00:00","dateModified":"2026-05-12T20:26:18+00:00","description":"\u00bfQuieres trabajar en una cl\u00ednica l\u00edder? Consulta el Vacante Interventor y forma parte de la cl\u00ednica est\u00e9tica Cl\u00ednicas Aepril.","breadcrumb":{"@id":"https:\/\/aeprilclinics.nl\/es\/vacante-interventor\/#breadcrumb"},"inLanguage":"es","potentialAction":[{"@type":"ReadAction","target":["https:\/\/aeprilclinics.nl\/es\/vacante-interventor\/"]}]},{"@type":"ImageObject","inLanguage":"es","@id":"https:\/\/aeprilclinics.nl\/es\/vacante-interventor\/#primaryimage","url":"https:\/\/aeprilclinics.nl\/wp-content\/uploads\/2025\/02\/aesthe-clinics-Final-07.png","contentUrl":"https:\/\/aeprilclinics.nl\/wp-content\/uploads\/2025\/02\/aesthe-clinics-Final-07.png","width":6667,"height":5001},{"@type":"BreadcrumbList","@id":"https:\/\/aeprilclinics.nl\/es\/vacante-interventor\/#breadcrumb","itemListElement":[{"@type":"ListItem","position":1,"name":"Home","item":"https:\/\/aeprilclinics.nl\/es\/"},{"@type":"ListItem","position":2,"name":"Vacante Interventor"}]},{"@type":"WebSite","@id":"https:\/\/aeprilclinics.nl\/es\/#website","url":"https:\/\/aeprilclinics.nl\/es\/","name":"Aepril","description":"","potentialAction":[{"@type":"SearchAction","target":{"@type":"EntryPoint","urlTemplate":"https:\/\/aeprilclinics.nl\/es\/?s={search_term_string}"},"query-input":{"@type":"PropertyValueSpecification","valueRequired":true,"valueName":"search_term_string"}}],"inLanguage":"es"}]}},"_links":{"self":[{"href":"https:\/\/aeprilclinics.nl\/es\/wp-json\/wp\/v2\/pages\/6894","targetHints":{"allow":["GET"]}}],"collection":[{"href":"https:\/\/aeprilclinics.nl\/es\/wp-json\/wp\/v2\/pages"}],"about":[{"href":"https:\/\/aeprilclinics.nl\/es\/wp-json\/wp\/v2\/types\/page"}],"author":[{"embeddable":true,"href":"https:\/\/aeprilclinics.nl\/es\/wp-json\/wp\/v2\/users\/14"}],"replies":[{"embeddable":true,"href":"https:\/\/aeprilclinics.nl\/es\/wp-json\/wp\/v2\/comments?post=6894"}],"version-history":[{"count":1,"href":"https:\/\/aeprilclinics.nl\/es\/wp-json\/wp\/v2\/pages\/6894\/revisions"}],"predecessor-version":[{"id":6896,"href":"https:\/\/aeprilclinics.nl\/es\/wp-json\/wp\/v2\/pages\/6894\/revisions\/6896"}],"wp:featuredmedia":[{"embeddable":true,"href":"https:\/\/aeprilclinics.nl\/es\/wp-json\/wp\/v2\/media\/6393"}],"wp:attachment":[{"href":"https:\/\/aeprilclinics.nl\/es\/wp-json\/wp\/v2\/media?parent=6894"}],"curies":[{"name":"wp","href":"https:\/\/api.w.org\/{rel}","templated":true}]}}