{"id":6893,"date":"2026-04-16T13:05:47","date_gmt":"2026-04-16T13:05:47","guid":{"rendered":"https:\/\/aeprilclinics.nl\/rellenos-teosales\/"},"modified":"2026-05-13T09:08:27","modified_gmt":"2026-05-13T09:08:27","slug":"rellenos-teosales","status":"publish","type":"page","link":"https:\/\/aeprilclinics.nl\/es\/rellenos-teosales\/","title":{"rendered":"Rellenos Teosales"},"content":{"rendered":"\n<div class=\"wp-block-media-text has-media-on-the-right is-stacked-on-mobile is-image-fill-element\" style=\"margin-bottom:var(--wp--preset--spacing--60)\"><div class=\"wp-block-media-text__content\">\n<h5 class=\"wp-block-heading\">Teosyal en Cl\u00ednicas Aepril<\/h5>\n\n\n\n<h2 class=\"wp-block-heading\">\u00bfQu\u00e9 es el Teosyal?<\/h2>\n\n\n\n<p>Teosyal es una l\u00ednea de rellenos de \u00e1cido hialur\u00f3nico de alta calidad desarrollada por la empresa farmac\u00e9utica suiza Teoxane. Los rellenos est\u00e1n especialmente dise\u00f1ados para tratamientos est\u00e9ticos seguros y naturales del rostro. <\/p>\n\n\n\n<p>Los m\u00e9dicos de todo el mundo utilizan los rellenos Teosyal para restaurar el volumen, suavizar las arrugas y mejorar la calidad de la piel. Los productos son conocidos por su gran pureza, estabilidad y resultados predecibles. <\/p>\n\n\n\n<p>En la Cl\u00ednica Est\u00e9tica Aepril trabajamos con rellenos Teosyal y <strong>siempre<\/strong> compramos <strong>directamente al fabricante farmac\u00e9utico<\/strong>, sin intermediarios. Esto nos permite garantizar plenamente la autenticidad, calidad y trazabilidad de nuestros productos. <\/p>\n<\/div><figure class=\"wp-block-media-text__media\"><img loading=\"lazy\" decoding=\"async\" width=\"683\" height=\"1024\" src=\"https:\/\/aeprilclinics.nl\/wp-content\/uploads\/2025\/01\/BN4A7674-Verbeterd-NR-683x1024.jpg\" alt=\"\" class=\"wp-image-914 size-full\" style=\"object-position:50% 50%\" srcset=\"https:\/\/aeprilclinics.nl\/wp-content\/uploads\/2025\/01\/BN4A7674-Verbeterd-NR-683x1024.jpg 683w, https:\/\/aeprilclinics.nl\/wp-content\/uploads\/2025\/01\/BN4A7674-Verbeterd-NR-200x300.jpg 200w, https:\/\/aeprilclinics.nl\/wp-content\/uploads\/2025\/01\/BN4A7674-Verbeterd-NR-768x1152.jpg 768w, https:\/\/aeprilclinics.nl\/wp-content\/uploads\/2025\/01\/BN4A7674-Verbeterd-NR-1024x1536.jpg 1024w, https:\/\/aeprilclinics.nl\/wp-content\/uploads\/2025\/01\/BN4A7674-Verbeterd-NR-1365x2048.jpg 1365w, https:\/\/aeprilclinics.nl\/wp-content\/uploads\/2025\/01\/BN4A7674-Verbeterd-NR-180x270.jpg 180w, https:\/\/aeprilclinics.nl\/wp-content\/uploads\/2025\/01\/BN4A7674-Verbeterd-NR-scaled.jpg 1706w\" sizes=\"auto, (max-width: 683px) 100vw, 683px\" \/><\/figure><\/div>\n\n<div class=\"wp-block-cover alignfull is-light\" style=\"margin-top:var(--wp--preset--spacing--60);margin-bottom:var(--wp--preset--spacing--60)\"><span aria-hidden=\"true\" class=\"wp-block-cover__background has-accent-2-background-color has-background-dim-100 has-background-dim\"><\/span><div class=\"wp-block-cover__inner-container has-global-padding is-layout-constrained wp-block-cover-is-layout-constrained\">\n<h5 class=\"wp-block-heading has-text-align-center\">Informaci\u00f3n<\/h5>\n\n\n\n<h2 class=\"wp-block-heading has-text-align-center\">Informaci\u00f3n sobre nuestros tratamientos de Botox<\/h2>\n\n\n\n<div class=\"wp-block-columns is-layout-flex wp-container-core-columns-is-layout-b0bab6eb wp-block-columns-is-layout-flex\" style=\"margin-top:var(--wp--preset--spacing--40);margin-bottom:var(--wp--preset--spacing--40)\">\n<div class=\"wp-block-column is-layout-flow wp-block-column-is-layout-flow\">\n<div class=\"wp-block-columns is-not-stacked-on-mobile is-layout-flex wp-container-core-columns-is-layout-28f84493 wp-block-columns-is-layout-flex\">\n<div class=\"wp-block-column is-layout-flow wp-block-column-is-layout-flow\" style=\"flex-basis:50px\">\n<figure class=\"wp-block-image size-full\"><img loading=\"lazy\" decoding=\"async\" width=\"300\" height=\"315\" src=\"https:\/\/aeprilclinics.nl\/wp-content\/uploads\/2025\/01\/icon-merk.png\" alt=\"\" class=\"wp-image-1001\" srcset=\"https:\/\/aeprilclinics.nl\/wp-content\/uploads\/2025\/01\/icon-merk.png 300w, https:\/\/aeprilclinics.nl\/wp-content\/uploads\/2025\/01\/icon-merk-286x300.png 286w, https:\/\/aeprilclinics.nl\/wp-content\/uploads\/2025\/01\/icon-merk-257x270.png 257w\" sizes=\"auto, (max-width: 300px) 100vw, 300px\" \/><\/figure>\n<\/div>\n\n\n\n<div class=\"wp-block-column is-layout-flow wp-block-column-is-layout-flow\">\n<h3 class=\"wp-block-heading\">Marca:<\/h3>\n\n\n\n<p>Rellenos Teosales<\/p>\n<\/div>\n<\/div>\n<\/div>\n\n\n\n<div class=\"wp-block-column is-layout-flow wp-block-column-is-layout-flow\">\n<div class=\"wp-block-columns is-not-stacked-on-mobile is-layout-flex wp-container-core-columns-is-layout-28f84493 wp-block-columns-is-layout-flex\">\n<div class=\"wp-block-column is-layout-flow wp-block-column-is-layout-flow\" style=\"flex-basis:50px\">\n<figure class=\"wp-block-image size-full\"><img loading=\"lazy\" decoding=\"async\" width=\"61\" height=\"64\" src=\"https:\/\/aeprilclinics.nl\/wp-content\/uploads\/2025\/01\/icon-resultaat.png\" alt=\"\" class=\"wp-image-1003\"\/><\/figure>\n<\/div>\n\n\n\n<div class=\"wp-block-column is-layout-flow wp-block-column-is-layout-flow\">\n<h3 class=\"wp-block-heading\">Informaci\u00f3n<\/h3>\n\n\n\n<p><a href=\"https:\/\/aeprilclinics.nl\/es\/rellenos\/tratamiento-de-relleno-traanguts\/\" type=\"behandeling\" id=\"1418\">M\u00e1s informaci\u00f3n sobre el tratamiento Traangoten<\/a><\/p>\n<\/div>\n<\/div>\n<\/div>\n<\/div>\n<\/div><\/div>\n\n<div class=\"wp-block-columns is-layout-flex wp-container-core-columns-is-layout-28f84493 wp-block-columns-is-layout-flex\">\n<div class=\"wp-block-column is-layout-flow wp-block-column-is-layout-flow\">\n<h2 class=\"wp-block-heading\">Rellenos de teosial en Cl\u00ednicas Aepril<\/h2>\n\n\n\n<p>En Cl\u00ednicas Aepril, la seguridad es siempre lo primero. Por eso s\u00f3lo trabajamos con rellenos de fabricantes farmac\u00e9uticos de renombre, como Teoxane. <\/p>\n\n\n\n<p>Como compramos directamente al fabricante, sabemos exactamente de d\u00f3nde proceden nuestros productos y c\u00f3mo se producen. Esto significa que nuestros clientes siempre reciben rellenos originales producidos bajo estrictas normas de calidad farmac\u00e9utica. <\/p>\n\n\n\n<p>Tambi\u00e9n trabajamos con proveedores como Teoxane en:<\/p>\n\n\n\n<ul class=\"wp-block-list\">\n<li>cursos m\u00e9dicos<\/li>\n\n\n\n<li>formaci\u00f3n sobre productos<\/li>\n\n\n\n<li>protocolos de tratamiento<\/li>\n\n\n\n<li>garant\u00eda de calidad<\/li>\n<\/ul>\n\n\n\n<p>Esto mantiene a nuestros m\u00e9dicos constantemente al d\u00eda de los \u00faltimos avances en est\u00e9tica m\u00e9dica.<\/p>\n<\/div>\n<\/div>\n\n<div style=\"height:100px\" aria-hidden=\"true\" class=\"wp-block-spacer\"><\/div>\n\n<div class=\"wp-block-media-text is-stacked-on-mobile is-image-fill-element\"><figure class=\"wp-block-media-text__media\"><img loading=\"lazy\" decoding=\"async\" width=\"683\" height=\"1024\" src=\"https:\/\/aeprilclinics.nl\/wp-content\/uploads\/2025\/01\/BN4A9197-683x1024.jpg\" alt=\"\" class=\"wp-image-1015 size-full\" style=\"object-position:50% 50%\" srcset=\"https:\/\/aeprilclinics.nl\/wp-content\/uploads\/2025\/01\/BN4A9197-683x1024.jpg 683w, https:\/\/aeprilclinics.nl\/wp-content\/uploads\/2025\/01\/BN4A9197-200x300.jpg 200w, https:\/\/aeprilclinics.nl\/wp-content\/uploads\/2025\/01\/BN4A9197-768x1152.jpg 768w, https:\/\/aeprilclinics.nl\/wp-content\/uploads\/2025\/01\/BN4A9197-1024x1536.jpg 1024w, https:\/\/aeprilclinics.nl\/wp-content\/uploads\/2025\/01\/BN4A9197-1365x2048.jpg 1365w, https:\/\/aeprilclinics.nl\/wp-content\/uploads\/2025\/01\/BN4A9197-180x270.jpg 180w, https:\/\/aeprilclinics.nl\/wp-content\/uploads\/2025\/01\/BN4A9197-scaled.jpg 1707w\" sizes=\"auto, (max-width: 683px) 100vw, 683px\" \/><\/figure><div class=\"wp-block-media-text__content\">\n<h5 class=\"wp-block-heading\">\u00bfPor qu\u00e9 Teosyal?<\/h5>\n\n\n\n<h2 class=\"wp-block-heading\">Por qu\u00e9 elegir Teosyal<\/h2>\n\n\n\n<h2 class=\"wp-block-heading\">\u00bfPor qu\u00e9 elegir los rellenos Teosyal?<\/h2>\n\n\n\n<p>Teosyal es una de las l\u00edneas de relleno m\u00e1s avanzadas dentro de la est\u00e9tica m\u00e9dica. Gracias a la innovadora tecnolog\u00eda del \u00e1cido hialur\u00f3nico, estos rellenos se mueven de forma natural con las expresiones faciales. <\/p>\n\n\n\n<p>Entre los beneficios de los rellenos Teosyal se incluyen:<\/p>\n\n\n\n<ul class=\"wp-block-list\">\n<li>alta pureza del producto<\/li>\n\n\n\n<li>integraci\u00f3n natural en la piel<\/li>\n\n\n\n<li>resultados duraderos<\/li>\n\n\n\n<li>investigado cl\u00ednicamente y utilizado en todo el mundo<\/li>\n\n\n\n<li>adecuado para zonas din\u00e1micas como labios y conductos lagrimales<\/li>\n<\/ul>\n\n\n\n<p>En Cl\u00ednicas Aepril, elegimos conscientemente este grado farmac\u00e9utico para ofrecer a nuestros clientes resultados seguros y naturales.<\/p>\n<\/div><\/div>\n\n<div style=\"height:100px\" aria-hidden=\"true\" class=\"wp-block-spacer\"><\/div>\n\n<div class=\"wp-block-columns is-layout-flex wp-container-core-columns-is-layout-28f84493 wp-block-columns-is-layout-flex\">\n<div class=\"wp-block-column is-layout-flow wp-block-column-is-layout-flow\">\n<h2 class=\"wp-block-heading\">\u00bfPor qu\u00e9 elegir Cl\u00ednicas Aepril?<\/h2>\n\n\n\n<p>En Cl\u00ednicas Aepril, la calidad, la comodidad y tu bienestar son fundamentales. Trabajamos con las mejores marcas, como Teosyal, y las agujas m\u00e1s finas para obtener resultados naturales. Nuestros m\u00e9dicos bien formados s\u00f3lo ofrecen tratamientos probados y certificados, y se centran en mejoras sutiles que realzan tu aspecto \u00fanico.  <\/p>\n<\/div>\n\n\n\n<div class=\"wp-block-column is-layout-flow wp-block-column-is-layout-flow\">\n<h2 class=\"wp-block-heading\">Asesoramiento personal y honesto<\/h2>\n\n\n\n<p>Juntos, elaboraremos un plan de tratamiento que se adapte a tus necesidades y garantice un enfoque seguro y natural. Nuestros m\u00e9dicos estar\u00e1n encantados de aconsejarte sobre las mejores opciones. <\/p>\n<\/div>\n<\/div>\n\n<div style=\"height:100px\" aria-hidden=\"true\" class=\"wp-block-spacer\"><\/div>\n\n<div class=\"wp-block-cover alignfull is-light wave\" style=\"margin-top:0;margin-bottom:0;padding-bottom:var(--wp--preset--spacing--30)\"><span aria-hidden=\"true\" class=\"wp-block-cover__background has-accent-background-color has-background-dim-100 has-background-dim\"><\/span><div class=\"wp-block-cover__inner-container has-global-padding is-layout-constrained wp-block-cover-is-layout-constrained\">\n<h2 class=\"wp-block-heading has-text-align-center\">\u00bfDudas de si los rellenos Teosyal son la elecci\u00f3n correcta?<\/h2>\n\n\n\n<p class=\"has-text-align-center\">Ponte en contacto con nuestros especialistas para una consulta sin compromiso y descubre lo que podemos hacer por ti.<\/p>\n\n\n\n<div class=\"wp-block-buttons is-content-justification-center is-layout-flex wp-container-core-buttons-is-layout-a89b3969 wp-block-buttons-is-layout-flex\">\n<div class=\"wp-block-button\"><a class=\"wp-block-button__link has-base-color has-accent-3-background-color has-text-color has-background has-link-color wp-element-button\" href=\"https:\/\/aeprilclinics.nl\/es\/reserva-una-consulta-gratuita\/\">reservar consulta gratuita<\/a><\/div>\n<\/div>\n<\/div><\/div>\n\n<p><\/p>\n","protected":false},"excerpt":{"rendered":"<p>Teosyal en Cl\u00ednicas Aepril \u00bfQu\u00e9 es el Teosyal? Teosyal es una l\u00ednea de rellenos de \u00e1cido hialur\u00f3nico de alta calidad desarrollada por la empresa farmac\u00e9utica suiza Teoxane. Los rellenos est\u00e1n especialmente dise\u00f1ados para tratamientos est\u00e9ticos seguros y naturales del rostro&#8230;.<\/p>\n","protected":false},"author":14,"featured_media":6393,"parent":0,"menu_order":0,"comment_status":"closed","ping_status":"closed","template":"","meta":{"_acf_changed":false,"footnotes":""},"class_list":["post-6893","page","type-page","status-publish","has-post-thumbnail","hentry"],"acf":[],"yoast_head":"<!-- This site is optimized with the Yoast SEO plugin v27.2 - https:\/\/yoast.com\/product\/yoast-seo-wordpress\/ -->\n<title>Rellenos Teosales en Aepril Cl\u00ednicas<\/title>\n<meta name=\"description\" content=\"Teosyal es un relleno para diferentes partes de la cara, como los conductos lagrimales. Resultados seguros, responsables y naturales.\" \/>\n<meta name=\"robots\" content=\"index, follow, max-snippet:-1, max-image-preview:large, max-video-preview:-1\" \/>\n<link rel=\"canonical\" href=\"https:\/\/aeprilclinics.nl\/es\/rellenos-teosales\/\" \/>\n<meta property=\"og:locale\" content=\"es_ES\" \/>\n<meta property=\"og:type\" content=\"article\" \/>\n<meta property=\"og:title\" content=\"Rellenos Teosales en Aepril Cl\u00ednicas\" \/>\n<meta property=\"og:description\" content=\"Teosyal es un relleno para diferentes partes de la cara, como los conductos lagrimales. Resultados seguros, responsables y naturales.\" \/>\n<meta property=\"og:url\" content=\"https:\/\/aeprilclinics.nl\/es\/rellenos-teosales\/\" \/>\n<meta property=\"og:site_name\" content=\"Aepril\" \/>\n<meta property=\"article:modified_time\" content=\"2026-05-13T09:08:27+00:00\" \/>\n<meta property=\"og:image\" content=\"https:\/\/aeprilclinics.nl\/wp-content\/uploads\/2025\/02\/aesthe-clinics-Final-07.png\" \/>\n\t<meta property=\"og:image:width\" content=\"6667\" \/>\n\t<meta property=\"og:image:height\" content=\"5001\" \/>\n\t<meta property=\"og:image:type\" content=\"image\/png\" \/>\n<meta name=\"twitter:card\" content=\"summary_large_image\" \/>\n<meta name=\"twitter:label1\" content=\"Tiempo de lectura\" \/>\n\t<meta name=\"twitter:data1\" content=\"2 minutos\" \/>\n<script type=\"application\/ld+json\" class=\"yoast-schema-graph\">{\"@context\":\"https:\/\/schema.org\",\"@graph\":[{\"@type\":\"WebPage\",\"@id\":\"https:\/\/aeprilclinics.nl\/es\/rellenos-teosales\/\",\"url\":\"https:\/\/aeprilclinics.nl\/es\/rellenos-teosales\/\",\"name\":\"Rellenos Teosales en Aepril Cl\u00ednicas\",\"isPartOf\":{\"@id\":\"https:\/\/aeprilclinics.nl\/es\/#website\"},\"primaryImageOfPage\":{\"@id\":\"https:\/\/aeprilclinics.nl\/es\/rellenos-teosales\/#primaryimage\"},\"image\":{\"@id\":\"https:\/\/aeprilclinics.nl\/es\/rellenos-teosales\/#primaryimage\"},\"thumbnailUrl\":\"https:\/\/aeprilclinics.nl\/wp-content\/uploads\/2025\/02\/aesthe-clinics-Final-07.png\",\"datePublished\":\"2026-04-16T13:05:47+00:00\",\"dateModified\":\"2026-05-13T09:08:27+00:00\",\"description\":\"Teosyal es un relleno para diferentes partes de la cara, como los conductos lagrimales. Resultados seguros, responsables y naturales.\",\"breadcrumb\":{\"@id\":\"https:\/\/aeprilclinics.nl\/es\/rellenos-teosales\/#breadcrumb\"},\"inLanguage\":\"es\",\"potentialAction\":[{\"@type\":\"ReadAction\",\"target\":[\"https:\/\/aeprilclinics.nl\/es\/rellenos-teosales\/\"]}]},{\"@type\":\"ImageObject\",\"inLanguage\":\"es\",\"@id\":\"https:\/\/aeprilclinics.nl\/es\/rellenos-teosales\/#primaryimage\",\"url\":\"https:\/\/aeprilclinics.nl\/wp-content\/uploads\/2025\/02\/aesthe-clinics-Final-07.png\",\"contentUrl\":\"https:\/\/aeprilclinics.nl\/wp-content\/uploads\/2025\/02\/aesthe-clinics-Final-07.png\",\"width\":6667,\"height\":5001},{\"@type\":\"BreadcrumbList\",\"@id\":\"https:\/\/aeprilclinics.nl\/es\/rellenos-teosales\/#breadcrumb\",\"itemListElement\":[{\"@type\":\"ListItem\",\"position\":1,\"name\":\"Home\",\"item\":\"https:\/\/aeprilclinics.nl\/es\/\"},{\"@type\":\"ListItem\",\"position\":2,\"name\":\"Rellenos Teosales\"}]},{\"@type\":\"WebSite\",\"@id\":\"https:\/\/aeprilclinics.nl\/es\/#website\",\"url\":\"https:\/\/aeprilclinics.nl\/es\/\",\"name\":\"Aepril\",\"description\":\"\",\"potentialAction\":[{\"@type\":\"SearchAction\",\"target\":{\"@type\":\"EntryPoint\",\"urlTemplate\":\"https:\/\/aeprilclinics.nl\/es\/?s={search_term_string}\"},\"query-input\":{\"@type\":\"PropertyValueSpecification\",\"valueRequired\":true,\"valueName\":\"search_term_string\"}}],\"inLanguage\":\"es\"}]}<\/script>\n<!-- \/ Yoast SEO plugin. -->","yoast_head_json":{"title":"Rellenos Teosales en Aepril Cl\u00ednicas","description":"Teosyal es un relleno para diferentes partes de la cara, como los conductos lagrimales. Resultados seguros, responsables y naturales.","robots":{"index":"index","follow":"follow","max-snippet":"max-snippet:-1","max-image-preview":"max-image-preview:large","max-video-preview":"max-video-preview:-1"},"canonical":"https:\/\/aeprilclinics.nl\/es\/rellenos-teosales\/","og_locale":"es_ES","og_type":"article","og_title":"Rellenos Teosales en Aepril Cl\u00ednicas","og_description":"Teosyal es un relleno para diferentes partes de la cara, como los conductos lagrimales. Resultados seguros, responsables y naturales.","og_url":"https:\/\/aeprilclinics.nl\/es\/rellenos-teosales\/","og_site_name":"Aepril","article_modified_time":"2026-05-13T09:08:27+00:00","og_image":[{"width":6667,"height":5001,"url":"https:\/\/aeprilclinics.nl\/wp-content\/uploads\/2025\/02\/aesthe-clinics-Final-07.png","type":"image\/png"}],"twitter_card":"summary_large_image","twitter_misc":{"Tiempo de lectura":"2 minutos"},"schema":{"@context":"https:\/\/schema.org","@graph":[{"@type":"WebPage","@id":"https:\/\/aeprilclinics.nl\/es\/rellenos-teosales\/","url":"https:\/\/aeprilclinics.nl\/es\/rellenos-teosales\/","name":"Rellenos Teosales en Aepril Cl\u00ednicas","isPartOf":{"@id":"https:\/\/aeprilclinics.nl\/es\/#website"},"primaryImageOfPage":{"@id":"https:\/\/aeprilclinics.nl\/es\/rellenos-teosales\/#primaryimage"},"image":{"@id":"https:\/\/aeprilclinics.nl\/es\/rellenos-teosales\/#primaryimage"},"thumbnailUrl":"https:\/\/aeprilclinics.nl\/wp-content\/uploads\/2025\/02\/aesthe-clinics-Final-07.png","datePublished":"2026-04-16T13:05:47+00:00","dateModified":"2026-05-13T09:08:27+00:00","description":"Teosyal es un relleno para diferentes partes de la cara, como los conductos lagrimales. Resultados seguros, responsables y naturales.","breadcrumb":{"@id":"https:\/\/aeprilclinics.nl\/es\/rellenos-teosales\/#breadcrumb"},"inLanguage":"es","potentialAction":[{"@type":"ReadAction","target":["https:\/\/aeprilclinics.nl\/es\/rellenos-teosales\/"]}]},{"@type":"ImageObject","inLanguage":"es","@id":"https:\/\/aeprilclinics.nl\/es\/rellenos-teosales\/#primaryimage","url":"https:\/\/aeprilclinics.nl\/wp-content\/uploads\/2025\/02\/aesthe-clinics-Final-07.png","contentUrl":"https:\/\/aeprilclinics.nl\/wp-content\/uploads\/2025\/02\/aesthe-clinics-Final-07.png","width":6667,"height":5001},{"@type":"BreadcrumbList","@id":"https:\/\/aeprilclinics.nl\/es\/rellenos-teosales\/#breadcrumb","itemListElement":[{"@type":"ListItem","position":1,"name":"Home","item":"https:\/\/aeprilclinics.nl\/es\/"},{"@type":"ListItem","position":2,"name":"Rellenos Teosales"}]},{"@type":"WebSite","@id":"https:\/\/aeprilclinics.nl\/es\/#website","url":"https:\/\/aeprilclinics.nl\/es\/","name":"Aepril","description":"","potentialAction":[{"@type":"SearchAction","target":{"@type":"EntryPoint","urlTemplate":"https:\/\/aeprilclinics.nl\/es\/?s={search_term_string}"},"query-input":{"@type":"PropertyValueSpecification","valueRequired":true,"valueName":"search_term_string"}}],"inLanguage":"es"}]}},"_links":{"self":[{"href":"https:\/\/aeprilclinics.nl\/es\/wp-json\/wp\/v2\/pages\/6893","targetHints":{"allow":["GET"]}}],"collection":[{"href":"https:\/\/aeprilclinics.nl\/es\/wp-json\/wp\/v2\/pages"}],"about":[{"href":"https:\/\/aeprilclinics.nl\/es\/wp-json\/wp\/v2\/types\/page"}],"author":[{"embeddable":true,"href":"https:\/\/aeprilclinics.nl\/es\/wp-json\/wp\/v2\/users\/14"}],"replies":[{"embeddable":true,"href":"https:\/\/aeprilclinics.nl\/es\/wp-json\/wp\/v2\/comments?post=6893"}],"version-history":[{"count":2,"href":"https:\/\/aeprilclinics.nl\/es\/wp-json\/wp\/v2\/pages\/6893\/revisions"}],"predecessor-version":[{"id":7301,"href":"https:\/\/aeprilclinics.nl\/es\/wp-json\/wp\/v2\/pages\/6893\/revisions\/7301"}],"wp:featuredmedia":[{"embeddable":true,"href":"https:\/\/aeprilclinics.nl\/es\/wp-json\/wp\/v2\/media\/6393"}],"wp:attachment":[{"href":"https:\/\/aeprilclinics.nl\/es\/wp-json\/wp\/v2\/media?parent=6893"}],"curies":[{"name":"wp","href":"https:\/\/api.w.org\/{rel}","templated":true}]}}