{"id":6888,"date":"2026-04-16T13:06:19","date_gmt":"2026-04-16T13:06:19","guid":{"rendered":"https:\/\/aeprilclinics.nl\/croma-pharma\/"},"modified":"2026-05-13T09:07:52","modified_gmt":"2026-05-13T09:07:52","slug":"croma-pharma","status":"publish","type":"page","link":"https:\/\/aeprilclinics.nl\/es\/croma-pharma\/","title":{"rendered":"Croma Pharma"},"content":{"rendered":"\n<div class=\"wp-block-media-text has-media-on-the-right is-stacked-on-mobile is-image-fill-element\" style=\"margin-bottom:var(--wp--preset--spacing--60)\"><div class=\"wp-block-media-text__content\">\n<h5 class=\"wp-block-heading\">Croma Pharma en Cl\u00ednicas Aepril<\/h5>\n\n\n\n<h2 class=\"wp-block-heading\">\u00bfQu\u00e9 es Croma Pharma?<\/h2>\n\n\n\n<p>Croma-Pharma es una empresa farmac\u00e9utica internacional especializada en est\u00e9tica m\u00e9dica. La empresa se fund\u00f3 en Austria y se ha convertido en uno de los principales fabricantes de inyectables est\u00e9ticos y productos para mejorar la piel. <\/p>\n\n\n\n<p>Croma Pharma desarrolla y fabrica rellenos, potenciadores cut\u00e1neos y productos regeneradores de la piel, entre otros, que utilizan m\u00e9dicos y cl\u00ednicas de todo el mundo. Los productos son conocidos por su alta calidad, sus estrictas normas de producci\u00f3n farmac\u00e9utica y su eficacia con base cient\u00edfica. <\/p>\n\n\n\n<p>En la Cl\u00ednica Est\u00e9tica Aepril trabajamos con productos Croma Pharma y <strong>siempre<\/strong> compramos <strong>directamente al fabricante farmac\u00e9utico<\/strong>, sin intermediarios. Esto nos permite garantizar plenamente la autenticidad, calidad y trazabilidad de nuestros productos. <\/p>\n<\/div><figure class=\"wp-block-media-text__media\"><img loading=\"lazy\" decoding=\"async\" width=\"683\" height=\"1024\" src=\"https:\/\/aeprilclinics.nl\/wp-content\/uploads\/2025\/01\/BN4A7674-Verbeterd-NR-683x1024.jpg\" alt=\"\" class=\"wp-image-914 size-full\" style=\"object-position:50% 50%\" srcset=\"https:\/\/aeprilclinics.nl\/wp-content\/uploads\/2025\/01\/BN4A7674-Verbeterd-NR-683x1024.jpg 683w, https:\/\/aeprilclinics.nl\/wp-content\/uploads\/2025\/01\/BN4A7674-Verbeterd-NR-200x300.jpg 200w, https:\/\/aeprilclinics.nl\/wp-content\/uploads\/2025\/01\/BN4A7674-Verbeterd-NR-768x1152.jpg 768w, https:\/\/aeprilclinics.nl\/wp-content\/uploads\/2025\/01\/BN4A7674-Verbeterd-NR-1024x1536.jpg 1024w, https:\/\/aeprilclinics.nl\/wp-content\/uploads\/2025\/01\/BN4A7674-Verbeterd-NR-1365x2048.jpg 1365w, https:\/\/aeprilclinics.nl\/wp-content\/uploads\/2025\/01\/BN4A7674-Verbeterd-NR-180x270.jpg 180w, https:\/\/aeprilclinics.nl\/wp-content\/uploads\/2025\/01\/BN4A7674-Verbeterd-NR-scaled.jpg 1706w\" sizes=\"auto, (max-width: 683px) 100vw, 683px\" \/><\/figure><\/div>\n\n<div class=\"wp-block-cover alignfull is-light\" style=\"margin-top:var(--wp--preset--spacing--60);margin-bottom:var(--wp--preset--spacing--60)\"><span aria-hidden=\"true\" class=\"wp-block-cover__background has-accent-2-background-color has-background-dim-100 has-background-dim\"><\/span><div class=\"wp-block-cover__inner-container has-global-padding is-layout-constrained wp-block-cover-is-layout-constrained\">\n<h5 class=\"wp-block-heading has-text-align-center\">Informaci\u00f3n<\/h5>\n\n\n\n<h2 class=\"wp-block-heading has-text-align-center\">Informaci\u00f3n sobre nuestros tratamientos Croma Pharma<\/h2>\n\n\n\n<div class=\"wp-block-columns is-layout-flex wp-container-core-columns-is-layout-b0bab6eb wp-block-columns-is-layout-flex\" style=\"margin-top:var(--wp--preset--spacing--40);margin-bottom:var(--wp--preset--spacing--40)\">\n<div class=\"wp-block-column is-layout-flow wp-block-column-is-layout-flow\">\n<div class=\"wp-block-columns is-not-stacked-on-mobile is-layout-flex wp-container-core-columns-is-layout-28f84493 wp-block-columns-is-layout-flex\">\n<div class=\"wp-block-column is-layout-flow wp-block-column-is-layout-flow\" style=\"flex-basis:50px\">\n<figure class=\"wp-block-image size-full\"><img loading=\"lazy\" decoding=\"async\" width=\"300\" height=\"315\" src=\"https:\/\/aeprilclinics.nl\/wp-content\/uploads\/2025\/01\/icon-merk.png\" alt=\"\" class=\"wp-image-1001\" srcset=\"https:\/\/aeprilclinics.nl\/wp-content\/uploads\/2025\/01\/icon-merk.png 300w, https:\/\/aeprilclinics.nl\/wp-content\/uploads\/2025\/01\/icon-merk-286x300.png 286w, https:\/\/aeprilclinics.nl\/wp-content\/uploads\/2025\/01\/icon-merk-257x270.png 257w\" sizes=\"auto, (max-width: 300px) 100vw, 300px\" \/><\/figure>\n<\/div>\n\n\n\n<div class=\"wp-block-column is-layout-flow wp-block-column-is-layout-flow\">\n<h3 class=\"wp-block-heading\">Marca:<\/h3>\n\n\n\n<p>Potenciador polifil\u00e9tico de la piel<\/p>\n<\/div>\n<\/div>\n<\/div>\n\n\n\n<div class=\"wp-block-column is-layout-flow wp-block-column-is-layout-flow\">\n<div class=\"wp-block-columns is-not-stacked-on-mobile is-layout-flex wp-container-core-columns-is-layout-28f84493 wp-block-columns-is-layout-flex\">\n<div class=\"wp-block-column is-layout-flow wp-block-column-is-layout-flow\" style=\"flex-basis:50px\">\n<figure class=\"wp-block-image size-full\"><img loading=\"lazy\" decoding=\"async\" width=\"300\" height=\"315\" src=\"https:\/\/aeprilclinics.nl\/wp-content\/uploads\/2025\/01\/icon-prijs.png\" alt=\"\" class=\"wp-image-1004\" srcset=\"https:\/\/aeprilclinics.nl\/wp-content\/uploads\/2025\/01\/icon-prijs.png 300w, https:\/\/aeprilclinics.nl\/wp-content\/uploads\/2025\/01\/icon-prijs-286x300.png 286w, https:\/\/aeprilclinics.nl\/wp-content\/uploads\/2025\/01\/icon-prijs-257x270.png 257w\" sizes=\"auto, (max-width: 300px) 100vw, 300px\" \/><\/figure>\n<\/div>\n\n\n\n<div class=\"wp-block-column is-layout-flow wp-block-column-is-layout-flow\">\n<h3 class=\"wp-block-heading\">Informaci\u00f3n<\/h3>\n\n\n\n<p><a href=\"https:\/\/aeprilclinics.nl\/es\/mejora-de-la-piel\/polifil-adn-salmon-tratamiento-facial\/\" type=\"behandeling\" id=\"4868\">Lee sobre Polyhil Cara aqu\u00ed<br\/><\/a><a href=\"https:\/\/aeprilclinics.nl\/es\/mejora-de-la-piel\/adn-polifilo-de-salmon-tratamiento-ocular\/\" type=\"behandeling\" id=\"1484\">Lee sobre los Ojos Polifil<br\/><\/a><a href=\"https:\/\/aeprilclinics.nl\/es\/mejora-de-la-piel\/adn-polifilo-de-salmon-tratamiento-capilar\/\" type=\"behandeling\" id=\"4873\">Lee sobre el Pelo Polifil aqu\u00ed<\/a><\/p>\n\n\n\n<p><a href=\"https:\/\/aeprilclinics.nl\/es\/tarifas\/\">Ver todos los precios aqu\u00ed<\/a><br\/><br\/><\/p>\n<\/div>\n<\/div>\n<\/div>\n<\/div>\n<\/div><\/div>\n\n<div class=\"wp-block-columns is-layout-flex wp-container-core-columns-is-layout-28f84493 wp-block-columns-is-layout-flex\">\n<div class=\"wp-block-column is-layout-flow wp-block-column-is-layout-flow\">\n<h2 class=\"wp-block-heading\">Productos de Croma Pharma<\/h2>\n\n\n\n<p>Croma Pharma desarrolla varios productos que se utilizan en todo el mundo dentro de la est\u00e9tica m\u00e9dica y la mejora de la piel. Un ejemplo muy conocido es <\/p>\n\n\n\n<ul class=\"wp-block-list\">\n<li>Ojos PhilArt<\/li>\n\n\n\n<li>Cara PhilArt<\/li>\n\n\n\n<li>Pelo Philart<\/li>\n<\/ul>\n\n\n\n<p>PhilArt es un tratamiento regenerativo a base de polinucle\u00f3tidos que ayuda a mejorar la calidad de la piel, la hidrata y estimula su proceso natural de reparaci\u00f3n.<\/p>\n\n\n\n<p>Los productos Croma son utilizados por m\u00e9dicos de todo el mundo por su seguridad demostrada y sus resultados naturales.<\/p>\n<\/div>\n<\/div>\n\n<div style=\"height:100px\" aria-hidden=\"true\" class=\"wp-block-spacer\"><\/div>\n\n<div class=\"wp-block-media-text is-stacked-on-mobile is-image-fill-element\"><figure class=\"wp-block-media-text__media\"><img loading=\"lazy\" decoding=\"async\" width=\"683\" height=\"1024\" src=\"https:\/\/aeprilclinics.nl\/wp-content\/uploads\/2025\/01\/BN4A9197-683x1024.jpg\" alt=\"\" class=\"wp-image-1015 size-full\" style=\"object-position:50% 50%\" srcset=\"https:\/\/aeprilclinics.nl\/wp-content\/uploads\/2025\/01\/BN4A9197-683x1024.jpg 683w, https:\/\/aeprilclinics.nl\/wp-content\/uploads\/2025\/01\/BN4A9197-200x300.jpg 200w, https:\/\/aeprilclinics.nl\/wp-content\/uploads\/2025\/01\/BN4A9197-768x1152.jpg 768w, https:\/\/aeprilclinics.nl\/wp-content\/uploads\/2025\/01\/BN4A9197-1024x1536.jpg 1024w, https:\/\/aeprilclinics.nl\/wp-content\/uploads\/2025\/01\/BN4A9197-1365x2048.jpg 1365w, https:\/\/aeprilclinics.nl\/wp-content\/uploads\/2025\/01\/BN4A9197-180x270.jpg 180w, https:\/\/aeprilclinics.nl\/wp-content\/uploads\/2025\/01\/BN4A9197-scaled.jpg 1707w\" sizes=\"auto, (max-width: 683px) 100vw, 683px\" \/><\/figure><div class=\"wp-block-media-text__content\">\n<h5 class=\"wp-block-heading\">Por qu\u00e9 trabajamos con Croma<\/h5>\n\n\n\n<h2 class=\"wp-block-heading\">\u00bfPor qu\u00e9 elegir los productos Croma Pharma?<\/h2>\n\n\n\n<p>Croma Pharma es una de las empresas l\u00edderes en est\u00e9tica m\u00e9dica. Sus productos se desarrollan sobre la base de la investigaci\u00f3n cient\u00edfica y los estudios cl\u00ednicos. <\/p>\n\n\n\n<p>Entre las ventajas de los productos Croma se incluyen:<\/p>\n\n\n\n<ul class=\"wp-block-list\">\n<li>normas de producci\u00f3n farmac\u00e9utica<\/li>\n\n\n\n<li>alta pureza del producto<\/li>\n\n\n\n<li>efecto cl\u00ednicamente investigado<\/li>\n\n\n\n<li>mejora natural de la piel<\/li>\n\n\n\n<li>utilizado por m\u00e9dicos de todo el mundo<\/li>\n<\/ul>\n\n\n\n<p>En Cl\u00ednicas Aepril, elegimos conscientemente este grado farmac\u00e9utico para proporcionar a nuestros clientes tratamientos seguros y eficaces.<\/p>\n<\/div><\/div>\n\n<div style=\"height:100px\" aria-hidden=\"true\" class=\"wp-block-spacer\"><\/div>\n\n<div class=\"wp-block-columns is-layout-flex wp-container-core-columns-is-layout-28f84493 wp-block-columns-is-layout-flex\">\n<div class=\"wp-block-column is-layout-flow wp-block-column-is-layout-flow\">\n<h2 class=\"wp-block-heading\">\u00bfPor qu\u00e9 elegir Cl\u00ednicas Aepril?<\/h2>\n\n\n\n<p>En Cl\u00ednicas Aepril, la calidad, la comodidad y tu bienestar son la clave. Nuestros m\u00e9dicos bien formados s\u00f3lo ofrecen tratamientos probados y certificados, y se centran en mejoras sutiles que realzan tu aspecto \u00fanico. <\/p>\n<\/div>\n\n\n\n<div class=\"wp-block-column is-layout-flow wp-block-column-is-layout-flow\">\n<h2 class=\"wp-block-heading\">Asesoramiento personal y honesto<\/h2>\n\n\n\n<p>Juntos, elaboraremos un plan de tratamiento que se adapte a tus necesidades y garantice un enfoque seguro y natural. Nuestros m\u00e9dicos estar\u00e1n encantados de aconsejarte sobre las mejores opciones. <\/p>\n<\/div>\n<\/div>\n\n<div style=\"height:100px\" aria-hidden=\"true\" class=\"wp-block-spacer\"><\/div>\n\n<div class=\"wp-block-cover alignfull is-light wave\" style=\"margin-top:0;margin-bottom:0;padding-bottom:var(--wp--preset--spacing--30)\"><span aria-hidden=\"true\" class=\"wp-block-cover__background has-accent-background-color has-background-dim-100 has-background-dim\"><\/span><div class=\"wp-block-cover__inner-container has-global-padding is-layout-constrained wp-block-cover-is-layout-constrained\">\n<h2 class=\"wp-block-heading has-text-align-center\">\u00bfDudas de si los tratamientos de Croma son la elecci\u00f3n correcta?<\/h2>\n\n\n\n<p class=\"has-text-align-center\">Ponte en contacto con nuestros especialistas para una consulta sin compromiso y descubre lo que podemos hacer por ti.<\/p>\n\n\n\n<div class=\"wp-block-buttons is-content-justification-center is-layout-flex wp-container-core-buttons-is-layout-a89b3969 wp-block-buttons-is-layout-flex\">\n<div class=\"wp-block-button\"><a class=\"wp-block-button__link has-base-color has-accent-3-background-color has-text-color has-background has-link-color wp-element-button\" href=\"https:\/\/aeprilclinics.nl\/es\/reserva-una-consulta-gratuita\/\">reservar consulta gratuita<\/a><\/div>\n<\/div>\n<\/div><\/div>\n\n<p><\/p>\n","protected":false},"excerpt":{"rendered":"<p>Croma Pharma en Cl\u00ednicas Aepril \u00bfQu\u00e9 es Croma Pharma? Croma-Pharma es una empresa farmac\u00e9utica internacional especializada en est\u00e9tica m\u00e9dica. La empresa se fund\u00f3 en Austria y se ha convertido en uno de los principales fabricantes de inyectables est\u00e9ticos y productos&#8230;<\/p>\n","protected":false},"author":14,"featured_media":6393,"parent":0,"menu_order":0,"comment_status":"closed","ping_status":"closed","template":"","meta":{"_acf_changed":false,"footnotes":""},"class_list":["post-6888","page","type-page","status-publish","has-post-thumbnail","hentry"],"acf":[],"yoast_head":"<!-- This site is optimized with the Yoast SEO plugin v27.2 - https:\/\/yoast.com\/product\/yoast-seo-wordpress\/ -->\n<title>Croma Pharma en Aepril Cl\u00ednicas<\/title>\n<meta name=\"description\" content=\"Croma Pharma es l\u00edder del sector en rellenos y potenciadores cut\u00e1neos para medicina est\u00e9tica. Trabajamos con Croma para obtener los mejores resultados.\" \/>\n<meta name=\"robots\" content=\"index, follow, max-snippet:-1, max-image-preview:large, max-video-preview:-1\" \/>\n<link rel=\"canonical\" href=\"https:\/\/aeprilclinics.nl\/es\/croma-pharma\/\" \/>\n<meta property=\"og:locale\" content=\"es_ES\" \/>\n<meta property=\"og:type\" content=\"article\" \/>\n<meta property=\"og:title\" content=\"Croma Pharma en Aepril Cl\u00ednicas\" \/>\n<meta property=\"og:description\" content=\"Croma Pharma es l\u00edder del sector en rellenos y potenciadores cut\u00e1neos para medicina est\u00e9tica. Trabajamos con Croma para obtener los mejores resultados.\" \/>\n<meta property=\"og:url\" content=\"https:\/\/aeprilclinics.nl\/es\/croma-pharma\/\" \/>\n<meta property=\"og:site_name\" content=\"Aepril\" \/>\n<meta property=\"article:modified_time\" content=\"2026-05-13T09:07:52+00:00\" \/>\n<meta property=\"og:image\" content=\"https:\/\/aeprilclinics.nl\/wp-content\/uploads\/2025\/02\/aesthe-clinics-Final-07.png\" \/>\n\t<meta property=\"og:image:width\" content=\"6667\" \/>\n\t<meta property=\"og:image:height\" content=\"5001\" \/>\n\t<meta property=\"og:image:type\" content=\"image\/png\" \/>\n<meta name=\"twitter:card\" content=\"summary_large_image\" \/>\n<meta name=\"twitter:label1\" content=\"Tiempo de lectura\" \/>\n\t<meta name=\"twitter:data1\" content=\"2 minutos\" \/>\n<script type=\"application\/ld+json\" class=\"yoast-schema-graph\">{\"@context\":\"https:\/\/schema.org\",\"@graph\":[{\"@type\":\"WebPage\",\"@id\":\"https:\/\/aeprilclinics.nl\/es\/croma-pharma\/\",\"url\":\"https:\/\/aeprilclinics.nl\/es\/croma-pharma\/\",\"name\":\"Croma Pharma en Aepril Cl\u00ednicas\",\"isPartOf\":{\"@id\":\"https:\/\/aeprilclinics.nl\/es\/#website\"},\"primaryImageOfPage\":{\"@id\":\"https:\/\/aeprilclinics.nl\/es\/croma-pharma\/#primaryimage\"},\"image\":{\"@id\":\"https:\/\/aeprilclinics.nl\/es\/croma-pharma\/#primaryimage\"},\"thumbnailUrl\":\"https:\/\/aeprilclinics.nl\/wp-content\/uploads\/2025\/02\/aesthe-clinics-Final-07.png\",\"datePublished\":\"2026-04-16T13:06:19+00:00\",\"dateModified\":\"2026-05-13T09:07:52+00:00\",\"description\":\"Croma Pharma es l\u00edder del sector en rellenos y potenciadores cut\u00e1neos para medicina est\u00e9tica. Trabajamos con Croma para obtener los mejores resultados.\",\"breadcrumb\":{\"@id\":\"https:\/\/aeprilclinics.nl\/es\/croma-pharma\/#breadcrumb\"},\"inLanguage\":\"es\",\"potentialAction\":[{\"@type\":\"ReadAction\",\"target\":[\"https:\/\/aeprilclinics.nl\/es\/croma-pharma\/\"]}]},{\"@type\":\"ImageObject\",\"inLanguage\":\"es\",\"@id\":\"https:\/\/aeprilclinics.nl\/es\/croma-pharma\/#primaryimage\",\"url\":\"https:\/\/aeprilclinics.nl\/wp-content\/uploads\/2025\/02\/aesthe-clinics-Final-07.png\",\"contentUrl\":\"https:\/\/aeprilclinics.nl\/wp-content\/uploads\/2025\/02\/aesthe-clinics-Final-07.png\",\"width\":6667,\"height\":5001},{\"@type\":\"BreadcrumbList\",\"@id\":\"https:\/\/aeprilclinics.nl\/es\/croma-pharma\/#breadcrumb\",\"itemListElement\":[{\"@type\":\"ListItem\",\"position\":1,\"name\":\"Home\",\"item\":\"https:\/\/aeprilclinics.nl\/es\/\"},{\"@type\":\"ListItem\",\"position\":2,\"name\":\"Croma Pharma\"}]},{\"@type\":\"WebSite\",\"@id\":\"https:\/\/aeprilclinics.nl\/es\/#website\",\"url\":\"https:\/\/aeprilclinics.nl\/es\/\",\"name\":\"Aepril\",\"description\":\"\",\"potentialAction\":[{\"@type\":\"SearchAction\",\"target\":{\"@type\":\"EntryPoint\",\"urlTemplate\":\"https:\/\/aeprilclinics.nl\/es\/?s={search_term_string}\"},\"query-input\":{\"@type\":\"PropertyValueSpecification\",\"valueRequired\":true,\"valueName\":\"search_term_string\"}}],\"inLanguage\":\"es\"}]}<\/script>\n<!-- \/ Yoast SEO plugin. -->","yoast_head_json":{"title":"Croma Pharma en Aepril Cl\u00ednicas","description":"Croma Pharma es l\u00edder del sector en rellenos y potenciadores cut\u00e1neos para medicina est\u00e9tica. Trabajamos con Croma para obtener los mejores resultados.","robots":{"index":"index","follow":"follow","max-snippet":"max-snippet:-1","max-image-preview":"max-image-preview:large","max-video-preview":"max-video-preview:-1"},"canonical":"https:\/\/aeprilclinics.nl\/es\/croma-pharma\/","og_locale":"es_ES","og_type":"article","og_title":"Croma Pharma en Aepril Cl\u00ednicas","og_description":"Croma Pharma es l\u00edder del sector en rellenos y potenciadores cut\u00e1neos para medicina est\u00e9tica. Trabajamos con Croma para obtener los mejores resultados.","og_url":"https:\/\/aeprilclinics.nl\/es\/croma-pharma\/","og_site_name":"Aepril","article_modified_time":"2026-05-13T09:07:52+00:00","og_image":[{"width":6667,"height":5001,"url":"https:\/\/aeprilclinics.nl\/wp-content\/uploads\/2025\/02\/aesthe-clinics-Final-07.png","type":"image\/png"}],"twitter_card":"summary_large_image","twitter_misc":{"Tiempo de lectura":"2 minutos"},"schema":{"@context":"https:\/\/schema.org","@graph":[{"@type":"WebPage","@id":"https:\/\/aeprilclinics.nl\/es\/croma-pharma\/","url":"https:\/\/aeprilclinics.nl\/es\/croma-pharma\/","name":"Croma Pharma en Aepril Cl\u00ednicas","isPartOf":{"@id":"https:\/\/aeprilclinics.nl\/es\/#website"},"primaryImageOfPage":{"@id":"https:\/\/aeprilclinics.nl\/es\/croma-pharma\/#primaryimage"},"image":{"@id":"https:\/\/aeprilclinics.nl\/es\/croma-pharma\/#primaryimage"},"thumbnailUrl":"https:\/\/aeprilclinics.nl\/wp-content\/uploads\/2025\/02\/aesthe-clinics-Final-07.png","datePublished":"2026-04-16T13:06:19+00:00","dateModified":"2026-05-13T09:07:52+00:00","description":"Croma Pharma es l\u00edder del sector en rellenos y potenciadores cut\u00e1neos para medicina est\u00e9tica. Trabajamos con Croma para obtener los mejores resultados.","breadcrumb":{"@id":"https:\/\/aeprilclinics.nl\/es\/croma-pharma\/#breadcrumb"},"inLanguage":"es","potentialAction":[{"@type":"ReadAction","target":["https:\/\/aeprilclinics.nl\/es\/croma-pharma\/"]}]},{"@type":"ImageObject","inLanguage":"es","@id":"https:\/\/aeprilclinics.nl\/es\/croma-pharma\/#primaryimage","url":"https:\/\/aeprilclinics.nl\/wp-content\/uploads\/2025\/02\/aesthe-clinics-Final-07.png","contentUrl":"https:\/\/aeprilclinics.nl\/wp-content\/uploads\/2025\/02\/aesthe-clinics-Final-07.png","width":6667,"height":5001},{"@type":"BreadcrumbList","@id":"https:\/\/aeprilclinics.nl\/es\/croma-pharma\/#breadcrumb","itemListElement":[{"@type":"ListItem","position":1,"name":"Home","item":"https:\/\/aeprilclinics.nl\/es\/"},{"@type":"ListItem","position":2,"name":"Croma Pharma"}]},{"@type":"WebSite","@id":"https:\/\/aeprilclinics.nl\/es\/#website","url":"https:\/\/aeprilclinics.nl\/es\/","name":"Aepril","description":"","potentialAction":[{"@type":"SearchAction","target":{"@type":"EntryPoint","urlTemplate":"https:\/\/aeprilclinics.nl\/es\/?s={search_term_string}"},"query-input":{"@type":"PropertyValueSpecification","valueRequired":true,"valueName":"search_term_string"}}],"inLanguage":"es"}]}},"_links":{"self":[{"href":"https:\/\/aeprilclinics.nl\/es\/wp-json\/wp\/v2\/pages\/6888","targetHints":{"allow":["GET"]}}],"collection":[{"href":"https:\/\/aeprilclinics.nl\/es\/wp-json\/wp\/v2\/pages"}],"about":[{"href":"https:\/\/aeprilclinics.nl\/es\/wp-json\/wp\/v2\/types\/page"}],"author":[{"embeddable":true,"href":"https:\/\/aeprilclinics.nl\/es\/wp-json\/wp\/v2\/users\/14"}],"replies":[{"embeddable":true,"href":"https:\/\/aeprilclinics.nl\/es\/wp-json\/wp\/v2\/comments?post=6888"}],"version-history":[{"count":3,"href":"https:\/\/aeprilclinics.nl\/es\/wp-json\/wp\/v2\/pages\/6888\/revisions"}],"predecessor-version":[{"id":7276,"href":"https:\/\/aeprilclinics.nl\/es\/wp-json\/wp\/v2\/pages\/6888\/revisions\/7276"}],"wp:featuredmedia":[{"embeddable":true,"href":"https:\/\/aeprilclinics.nl\/es\/wp-json\/wp\/v2\/media\/6393"}],"wp:attachment":[{"href":"https:\/\/aeprilclinics.nl\/es\/wp-json\/wp\/v2\/media?parent=6888"}],"curies":[{"name":"wp","href":"https:\/\/api.w.org\/{rel}","templated":true}]}}