{"id":6499,"date":"2025-06-20T11:44:40","date_gmt":"2025-06-20T11:44:40","guid":{"rendered":"https:\/\/aeprilclinics.nl\/circulo-interno-aepril\/"},"modified":"2026-05-12T20:22:20","modified_gmt":"2026-05-12T20:22:20","slug":"circulo-interno-aepril","status":"publish","type":"page","link":"https:\/\/aeprilclinics.nl\/es\/circulo-interno-aepril\/","title":{"rendered":"C\u00edrculo interno Aepril"},"content":{"rendered":"\n<div class=\"wp-block-media-text has-media-on-the-right is-stacked-on-mobile is-image-fill-element\"><div class=\"wp-block-media-text__content\">\n<h2 class=\"wp-block-heading\">Qu\u00e9 es el C\u00edrculo Interno<\/h2>\n\n\n\n<p>El <em>C\u00edrculo Interno Aepril<\/em> es una comunidad exclusiva para nuestros clientes m\u00e1s comprometidos. Como miembro, ser\u00e1s el primero en acceder a nuevos tratamientos, eventos privados, descuentos especiales para miembros, puntos de ahorro para tratamientos gratuitos y consejos privilegiados de nuestros m\u00e9dicos. <\/p>\n\n\n\n<p>Hemos creado el C\u00edrculo Interno para establecer una relaci\u00f3n m\u00e1s estrecha con nuestros clientes fieles y recompensarte con atenci\u00f3n, prioridad y ventajas adicionales, porque la verdadera belleza no consiste s\u00f3lo en el exterior, sino en la conexi\u00f3n, la confianza y la atenci\u00f3n personalizada.<\/p>\n\n\n\n<p>Puedes inscribirte en la p\u00e1gina web o en la recepci\u00f3n de una de nuestras sedes.<br\/><br\/>\u00bfGuardabas puntos de nuestro programa anterior? Entonces dejar\u00e1n de ser v\u00e1lidos a partir del 1 de junio, ya que nuestra asociaci\u00f3n con el programa de fidelizaci\u00f3n ha finalizado. Ofrecemos otras ventajas a nuestros miembros, que se enumeran a continuaci\u00f3n.  <\/p>\n<\/div><figure class=\"wp-block-media-text__media\"><img loading=\"lazy\" decoding=\"async\" width=\"1024\" height=\"683\" src=\"https:\/\/aeprilclinics.nl\/wp-content\/uploads\/2025\/01\/BN4A9295-1024x683.jpg\" alt=\"\" class=\"wp-image-1012 size-full\" style=\"object-position:73% 58%\" srcset=\"https:\/\/aeprilclinics.nl\/wp-content\/uploads\/2025\/01\/BN4A9295-1024x683.jpg 1024w, https:\/\/aeprilclinics.nl\/wp-content\/uploads\/2025\/01\/BN4A9295-300x200.jpg 300w, https:\/\/aeprilclinics.nl\/wp-content\/uploads\/2025\/01\/BN4A9295-768x512.jpg 768w, https:\/\/aeprilclinics.nl\/wp-content\/uploads\/2025\/01\/BN4A9295-1536x1024.jpg 1536w, https:\/\/aeprilclinics.nl\/wp-content\/uploads\/2025\/01\/BN4A9295-2048x1365.jpg 2048w, https:\/\/aeprilclinics.nl\/wp-content\/uploads\/2025\/01\/BN4A9295-405x270.jpg 405w\" sizes=\"auto, (max-width: 1024px) 100vw, 1024px\" \/><\/figure><\/div>\n\n<hr class=\"wp-block-separator has-alpha-channel-opacity\"\/>\n\n<div class=\"wp-block-media-text is-stacked-on-mobile is-image-fill-element\"><figure class=\"wp-block-media-text__media\"><img loading=\"lazy\" decoding=\"async\" width=\"683\" height=\"1024\" src=\"https:\/\/aeprilclinics.nl\/wp-content\/uploads\/2025\/01\/BN4A8655-683x1024.jpg\" alt=\"\" class=\"wp-image-1007 size-full\" style=\"object-position:30% 56%\" srcset=\"https:\/\/aeprilclinics.nl\/wp-content\/uploads\/2025\/01\/BN4A8655-683x1024.jpg 683w, https:\/\/aeprilclinics.nl\/wp-content\/uploads\/2025\/01\/BN4A8655-200x300.jpg 200w, https:\/\/aeprilclinics.nl\/wp-content\/uploads\/2025\/01\/BN4A8655-768x1152.jpg 768w, https:\/\/aeprilclinics.nl\/wp-content\/uploads\/2025\/01\/BN4A8655-1024x1536.jpg 1024w, https:\/\/aeprilclinics.nl\/wp-content\/uploads\/2025\/01\/BN4A8655-1365x2048.jpg 1365w, https:\/\/aeprilclinics.nl\/wp-content\/uploads\/2025\/01\/BN4A8655-180x270.jpg 180w, https:\/\/aeprilclinics.nl\/wp-content\/uploads\/2025\/01\/BN4A8655-scaled.jpg 1707w\" sizes=\"auto, (max-width: 683px) 100vw, 683px\" \/><\/figure><div class=\"wp-block-media-text__content\">\n<h2 class=\"wp-block-heading\">Ventajas<\/h2>\n\n\n\n<h5 class=\"wp-block-heading\"><strong>Jornadas de modelizaci\u00f3n y formaci\u00f3n<\/strong><\/h5>\n\n\n\n<p>Acceso a tarifas con grandes descuentos en determinados d\u00edas en los que los tratamientos los realizan m\u00e9dicos en formaci\u00f3n o durante la formaci\u00f3n en el servicio.<\/p>\n\n\n\n<h5 class=\"wp-block-heading\"><strong>Jornadas de formaci\u00f3n para profesionales<\/strong><\/h5>\n\n\n\n<p>Oportunidad de ser tratado durante las sesiones de formaci\u00f3n continua de nuestro equipo, a un precio muy reducido.<\/p>\n\n\n\n<h5 class=\"wp-block-heading\"><strong>Correos electr\u00f3nicos personales<\/strong><\/h5>\n\n\n\n<p>Recibe actualizaciones exclusivas, acceso anticipado a nuevos tratamientos y productos, y ofertas adaptadas a tus preferencias.<\/p>\n\n\n\n<h5 class=\"wp-block-heading\"><strong>Descuentos exclusivos de temporada<\/strong><\/h5>\n\n\n\n<p>Descuentos en ocasiones especiales como Navidad, D\u00eda Internacional de la Mujer, D\u00eda de la Madre y otras fiestas.<\/p>\n\n\n\n<h5 class=\"wp-block-heading\"><strong>Regalo de cumplea\u00f1os<\/strong><\/h5>\n\n\n\n<p>Una sorpresa personalizada en el mes de tu cumplea\u00f1os, porque t\u00fa eres el centro de atenci\u00f3n.<\/p>\n\n\n\n<h5 class=\"wp-block-heading\"><strong>Trato entre amigos<\/strong><\/h5>\n\n\n\n<p>La Oferta Mejores Amigas est\u00e1 siempre disponible para los Socios del C\u00edrculo Interior. Lleva m\u00e1s a tu mejor amiga y ambas obtendr\u00e9is 20 euros de descuento en vuestro primer tratamiento con nosotros. <\/p>\n<\/div><\/div>\n\n<hr class=\"wp-block-separator has-alpha-channel-opacity\"\/>\n\n    <div\n        class=\"align wp-block-mcb-mailchimp\"            id=\"mcbMailChimp-1\"  \n            data-attributes='{&quot;cId&quot;:&quot;8a3e7b89-3&quot;,&quot;config&quot;:{&quot;apiKey&quot;:&quot;&quot;,&quot;audienceId&quot;:&quot;b9993725f2&quot;,&quot;endpoint_url&quot;:&quot;https:\\\/\\\/us15.api.mailchimp.com\\\/3.0\\\/lists&quot;},&quot;content&quot;:{&quot;title&quot;:&quot;&lt;strong&gt;Meld je aan voor onze Inner Circle&lt;\\\/strong&gt;&quot;,&quot;desc&quot;:&quot;Volg het laatste nieuws, before &amp; after-resultaten, exclusieve kortingen, punten sparen en leuke cadeau&#039;s speciaal voor jou!&quot;,&quot;button&quot;:&quot;Aanmelden&quot;},&quot;message&quot;:{&quot;success&quot;:&quot;Succesvol aangemeld!&quot;,&quot;error&quot;:&quot;U bent al aangemeld!&quot;},&quot;placeholder&quot;:{&quot;fName&quot;:&quot;Voornaam&quot;,&quot;lName&quot;:&quot;Achternaam&quot;,&quot;email&quot;:&quot;Email&quot;,&quot;phoneNumber&quot;:&quot;Phone Number&quot;},&quot;theme&quot;:&quot;form3&quot;,&quot;themeAlign&quot;:{&quot;desktop&quot;:&quot;center&quot;,&quot;tablet&quot;:&quot;left&quot;,&quot;mobile&quot;:&quot;left&quot;},&quot;icon&quot;:{&quot;color&quot;:&quot;#fff&quot;},&quot;formBG&quot;:{&quot;color&quot;:&quot;rgba(255, 255, 255, 1)&quot;},&quot;fieldColors&quot;:{&quot;color&quot;:&quot;#a3a3a3&quot;,&quot;bg&quot;:&quot;#F6F2ED&quot;},&quot;btnColors&quot;:{&quot;color&quot;:&quot;#fff&quot;,&quot;bg&quot;:&quot;#D2BCA6&quot;},&quot;btnHovColors&quot;:{&quot;color&quot;:&quot;#fff&quot;,&quot;bg&quot;:&quot;#222&quot;},&quot;btnPadding&quot;:{&quot;top&quot;:&quot;8px&quot;,&quot;right&quot;:&quot;20px&quot;,&quot;bottom&quot;:&quot;8px&quot;,&quot;left&quot;:&quot;20px&quot;},&quot;btnBorder&quot;:{&quot;radius&quot;:&quot;30px&quot;},&quot;align&quot;:&quot;&quot;,&quot;elements&quot;:{&quot;title&quot;:true,&quot;desc&quot;:true,&quot;fName&quot;:true,&quot;lName&quot;:true,&quot;icon&quot;:true},&quot;layout&quot;:{&quot;placement&quot;:&quot;normal&quot;,&quot;popupTimeOut&quot;:3,&quot;cacheTimeType&quot;:&quot;day&quot;,&quot;cacheTime&quot;:30},&quot;brandLogo&quot;:{&quot;img&quot;:{&quot;url&quot;:&quot;https:\\\/\\\/b-slider.bplugins.com\\\/wp-content\\\/uploads\\\/2025\\\/11\\\/mailchip-demo-image-scaled.jpg&quot;},&quot;size&quot;:120},&quot;form4LeftImage&quot;:{&quot;type&quot;:&quot;image&quot;,&quot;image&quot;:{&quot;url&quot;:&quot;https:\\\/\\\/b-slider.bplugins.com\\\/wp-content\\\/uploads\\\/2025\\\/11\\\/mailchip-demo-image-scaled.jpg&quot;}},&quot;imgArea&quot;:{&quot;height&quot;:{&quot;desktop&quot;:&quot;200px&quot;,&quot;tablet&quot;:&quot;150px&quot;,&quot;mobile&quot;:&quot;100px&quot;}},&quot;themeWidth&quot;:{&quot;desktop&quot;:&quot;100%&quot;,&quot;tablet&quot;:&quot;100%&quot;,&quot;mobile&quot;:&quot;100%&quot;},&quot;iconBG&quot;:{&quot;color&quot;:&quot;#0575e6&quot;},&quot;titleTypo&quot;:{&quot;fontSize&quot;:{&quot;desktop&quot;:24,&quot;tablet&quot;:18,&quot;mobile&quot;:15},&quot;fontWeight&quot;:700,&quot;lineHeight&quot;:&quot;135%&quot;,&quot;textTransform&quot;:&quot;capitalize&quot;},&quot;titleColor&quot;:&quot;#000&quot;,&quot;titleMargin&quot;:{&quot;top&quot;:&quot;0px&quot;,&quot;right&quot;:&quot;0px&quot;,&quot;bottom&quot;:&quot;15px&quot;,&quot;left&quot;:&quot;0px&quot;},&quot;descTypo&quot;:{&quot;fontSize&quot;:{&quot;desktop&quot;:17,&quot;tablet&quot;:15,&quot;mobile&quot;:15},&quot;fontWeight&quot;:400,&quot;lineHeight&quot;:&quot;135%&quot;,&quot;textTransform&quot;:&quot;capitalize&quot;},&quot;descColor&quot;:&quot;#000&quot;,&quot;descMargin&quot;:{&quot;top&quot;:&quot;0px&quot;,&quot;right&quot;:&quot;0px&quot;,&quot;bottom&quot;:&quot;10px&quot;,&quot;left&quot;:&quot;0px&quot;},&quot;formPadding&quot;:{&quot;top&quot;:&quot;20px&quot;,&quot;right&quot;:&quot;20px&quot;,&quot;bottom&quot;:&quot;20px&quot;,&quot;left&quot;:&quot;20px&quot;},&quot;formBorder&quot;:{&quot;width&quot;:&quot;0px&quot;,&quot;style&quot;:&quot;solid&quot;,&quot;color&quot;:&quot;#0575e6&quot;,&quot;side&quot;:&quot;all&quot;,&quot;radius&quot;:&quot;5px&quot;},&quot;fieldTypo&quot;:{&quot;fontSize&quot;:{&quot;desktop&quot;:16,&quot;tablet&quot;:15,&quot;mobile&quot;:15},&quot;fontWeight&quot;:400,&quot;lineHeight&quot;:&quot;135%&quot;},&quot;fieldPadding&quot;:{&quot;top&quot;:&quot;2px&quot;,&quot;right&quot;:&quot;13px&quot;,&quot;bottom&quot;:&quot;2px&quot;,&quot;left&quot;:&quot;13px&quot;},&quot;fieldBorder&quot;:{&quot;radius&quot;:&quot;5px&quot;},&quot;fieldMargin&quot;:{&quot;top&quot;:&quot;0px&quot;,&quot;right&quot;:&quot;0px&quot;,&quot;bottom&quot;:&quot;10px&quot;,&quot;left&quot;:&quot;0px&quot;},&quot;btnTypo&quot;:{&quot;fontSize&quot;:{&quot;desktop&quot;:18,&quot;tablet&quot;:15,&quot;mobile&quot;:15},&quot;fontWeight&quot;:400,&quot;lineHeight&quot;:&quot;135%&quot;},&quot;btnMargin&quot;:{&quot;top&quot;:&quot;0px&quot;,&quot;right&quot;:&quot;0px&quot;,&quot;bottom&quot;:&quot;0px&quot;,&quot;left&quot;:&quot;0px&quot;},&quot;messageTypo&quot;:{&quot;fontSize&quot;:{&quot;desktop&quot;:18,&quot;tablet&quot;:15,&quot;mobile&quot;:15},&quot;fontWeight&quot;:400,&quot;lineHeight&quot;:&quot;135%&quot;},&quot;messageColors&quot;:{&quot;success&quot;:&quot;#228323&quot;,&quot;error&quot;:&quot;#f70000&quot;},&quot;popupBtn&quot;:{&quot;typo&quot;:{&quot;fontSize&quot;:{&quot;desktop&quot;:18,&quot;tablet&quot;:16,&quot;mobile&quot;:15},&quot;fontWeight&quot;:500,&quot;lineHeight&quot;:&quot;135%&quot;},&quot;colors&quot;:{&quot;color&quot;:&quot;#000&quot;,&quot;bg&quot;:&quot;#fff&quot;},&quot;hoverColors&quot;:{&quot;color&quot;:&quot;#fff&quot;,&quot;bg&quot;:&quot;#000&quot;},&quot;padding&quot;:{&quot;top&quot;:&quot;4px&quot;,&quot;right&quot;:&quot;5px&quot;,&quot;bottom&quot;:&quot;4px&quot;,&quot;left&quot;:&quot;5px&quot;},&quot;border&quot;:{&quot;width&quot;:&quot;1px&quot;,&quot;style&quot;:&quot;solid&quot;,&quot;color&quot;:&quot;#000&quot;,&quot;side&quot;:&quot;all&quot;,&quot;radius&quot;:&quot;3px&quot;},&quot;align&quot;:&quot;left&quot;,&quot;text&quot;:&quot;Subscribe&quot;},&quot;inputLabel&quot;:{&quot;typo&quot;:{&quot;fontSize&quot;:{&quot;desktop&quot;:16,&quot;tablet&quot;:15,&quot;mobile&quot;:14},&quot;fontWeight&quot;:400,&quot;lineHeight&quot;:&quot;135%&quot;},&quot;color&quot;:&quot;#000&quot;,&quot;label&quot;:true},&quot;closeBtn&quot;:{&quot;colors&quot;:{&quot;color&quot;:&quot;#fff&quot;,&quot;bg&quot;:&quot;#2355f2&quot;},&quot;size&quot;:40},&quot;modal&quot;:{&quot;width&quot;:{&quot;desktop&quot;:&quot;400px&quot;,&quot;tablet&quot;:&quot;300px&quot;,&quot;mobile&quot;:&quot;300px&quot;}}}'>\n    <\/div>\n\n    \n<hr class=\"wp-block-separator has-alpha-channel-opacity\"\/>\n\n<div class=\"wp-block-media-text has-media-on-the-right is-stacked-on-mobile is-image-fill-element\"><div class=\"wp-block-media-text__content\">\n<h2 class=\"wp-block-heading\">Condiciones<\/h2>\n\n\n\n<p><strong>Modelos\/Formaci\u00f3n<\/strong><br\/>Disponibilidad limitada, s\u00f3lo en los d\u00edas indicados, siempre bajo la supervisi\u00f3n de un profesional cualificado y experimentado, no combinable con otras promociones.<\/p>\n\n\n\n<p><strong>Formaciones profesionales<\/strong><br\/>Por invitaci\u00f3n\/solicitud. Selecci\u00f3n basada en el tipo de piel o tratamiento. A veces se requiere permiso para utilizar im\u00e1genes para participar.  <\/p>\n\n\n\n<p><strong>Beneficios por correo electr\u00f3nico<\/strong><br\/>S\u00f3lo con una direcci\u00f3n de correo electr\u00f3nico v\u00e1lida. Es posible darse de baja, pero limita tu acceso a las ventajas. <\/p>\n\n\n\n<p><strong>Descuentos de temporada<\/strong><br\/>S\u00f3lo durante los periodos indicados. No acumulable a otras promociones. <\/p>\n\n\n\n<p><strong>Cumplea\u00f1os<\/strong><br\/>V\u00e1lido en tu mes de nacimiento. Regalo sujeto a disponibilidad e inscripci\u00f3n. <\/p>\n\n\n\n<p><strong>Besties Deal <br\/><\/strong>La promoci\u00f3n s\u00f3lo es v\u00e1lida para citas reservadas al mismo tiempo, que tengan lugar consecutivamente sin interrupci\u00f3n. No se puede combinar con otras promociones. Es v\u00e1lida una vez por persona, no es repetible.  <\/p>\n\n\n\n<p><strong>General<\/strong><br\/>La afiliaci\u00f3n es gratuita. Cl\u00ednicas Aepril se reserva el derecho de ajustar o suprimir las prestaciones. El uso indebido dar\u00e1 lugar a la exclusi\u00f3n.  <\/p>\n<\/div><figure class=\"wp-block-media-text__media\"><img loading=\"lazy\" decoding=\"async\" width=\"683\" height=\"1024\" src=\"https:\/\/aeprilclinics.nl\/wp-content\/uploads\/2025\/01\/BN4A8716-683x1024.jpg\" alt=\"\" class=\"wp-image-1008 size-full\" style=\"object-position:89% 29%\" srcset=\"https:\/\/aeprilclinics.nl\/wp-content\/uploads\/2025\/01\/BN4A8716-683x1024.jpg 683w, https:\/\/aeprilclinics.nl\/wp-content\/uploads\/2025\/01\/BN4A8716-200x300.jpg 200w, https:\/\/aeprilclinics.nl\/wp-content\/uploads\/2025\/01\/BN4A8716-768x1152.jpg 768w, https:\/\/aeprilclinics.nl\/wp-content\/uploads\/2025\/01\/BN4A8716-1024x1536.jpg 1024w, https:\/\/aeprilclinics.nl\/wp-content\/uploads\/2025\/01\/BN4A8716-1365x2048.jpg 1365w, https:\/\/aeprilclinics.nl\/wp-content\/uploads\/2025\/01\/BN4A8716-180x270.jpg 180w, https:\/\/aeprilclinics.nl\/wp-content\/uploads\/2025\/01\/BN4A8716-scaled.jpg 1707w\" sizes=\"auto, (max-width: 683px) 100vw, 683px\" \/><\/figure><\/div>\n\n<hr class=\"wp-block-separator has-alpha-channel-opacity\"\/>\n\n<div class=\"wp-block-cover alignfull is-light wave\" style=\"margin-top:var(--wp--preset--spacing--60);margin-bottom:0;padding-bottom:var(--wp--preset--spacing--30)\"><span aria-hidden=\"true\" class=\"wp-block-cover__background has-accent-background-color has-background-dim-100 has-background-dim\"><\/span><div class=\"wp-block-cover__inner-container has-global-padding is-layout-constrained wp-block-cover-is-layout-constrained\">\n<h2 class=\"wp-block-heading has-text-align-center\">Tu look, en su m\u00e1xima expresi\u00f3n.<\/h2>\n\n\n\n<div style=\"height:15px\" aria-hidden=\"true\" class=\"wp-block-spacer\"><\/div>\n\n\n\n<div class=\"wp-block-buttons is-content-justification-center is-layout-flex wp-container-core-buttons-is-layout-a89b3969 wp-block-buttons-is-layout-flex\">\n<div class=\"wp-block-button\"><a class=\"wp-block-button__link has-base-color has-accent-3-background-color has-text-color has-background has-link-color wp-element-button\" href=\"https:\/\/aeprilclinics.nl\/es\/reserva-una-consulta-gratuita\/\">Reserva una consulta gratuita<\/a><\/div>\n<\/div>\n<\/div><\/div>\n","protected":false},"excerpt":{"rendered":"<p>Qu\u00e9 es el C\u00edrculo Interno El C\u00edrculo Interno Aepril es una comunidad exclusiva para nuestros clientes m\u00e1s comprometidos. Como miembro, ser\u00e1s el primero en acceder a nuevos tratamientos, eventos privados, descuentos especiales para miembros, puntos de ahorro para tratamientos gratuitos&#8230;<\/p>\n","protected":false},"author":14,"featured_media":0,"parent":0,"menu_order":0,"comment_status":"closed","ping_status":"closed","template":"","meta":{"_acf_changed":false,"footnotes":""},"class_list":["post-6499","page","type-page","status-publish","hentry"],"acf":[],"yoast_head":"<!-- This site is optimized with the Yoast SEO plugin v27.2 - https:\/\/yoast.com\/product\/yoast-seo-wordpress\/ -->\n<title>C\u00edrculo interno Aepril - Aepril<\/title>\n<meta name=\"description\" content=\"Inscr\u00edbete ahora en el C\u00edrculo Interno de Cl\u00ednicas Aepril. \u00a1Participa en jornadas de formaci\u00f3n, consigue descuentos exclusivos y regalos divertidos de nuestra parte!\" \/>\n<meta name=\"robots\" content=\"index, follow, max-snippet:-1, max-image-preview:large, max-video-preview:-1\" \/>\n<link rel=\"canonical\" href=\"https:\/\/aeprilclinics.nl\/es\/circulo-interno-aepril\/\" \/>\n<meta property=\"og:locale\" content=\"es_ES\" \/>\n<meta property=\"og:type\" content=\"article\" \/>\n<meta property=\"og:title\" content=\"C\u00edrculo interno Aepril - Aepril\" \/>\n<meta property=\"og:description\" content=\"Inscr\u00edbete ahora en el C\u00edrculo Interno de Cl\u00ednicas Aepril. \u00a1Participa en jornadas de formaci\u00f3n, consigue descuentos exclusivos y regalos divertidos de nuestra parte!\" \/>\n<meta property=\"og:url\" content=\"https:\/\/aeprilclinics.nl\/es\/circulo-interno-aepril\/\" \/>\n<meta property=\"og:site_name\" content=\"Aepril\" \/>\n<meta property=\"article:modified_time\" content=\"2026-05-12T20:22:20+00:00\" \/>\n<meta property=\"og:image\" content=\"https:\/\/aeprilclinics.nl\/wp-content\/uploads\/2025\/01\/BN4A9295-scaled.jpg\" \/>\n\t<meta property=\"og:image:width\" content=\"2560\" \/>\n\t<meta property=\"og:image:height\" content=\"1707\" \/>\n\t<meta property=\"og:image:type\" content=\"image\/jpeg\" \/>\n<meta name=\"twitter:card\" content=\"summary_large_image\" \/>\n<meta name=\"twitter:label1\" content=\"Tiempo de lectura\" \/>\n\t<meta name=\"twitter:data1\" content=\"3 minutos\" \/>\n<script type=\"application\/ld+json\" class=\"yoast-schema-graph\">{\"@context\":\"https:\/\/schema.org\",\"@graph\":[{\"@type\":\"WebPage\",\"@id\":\"https:\/\/aeprilclinics.nl\/es\/circulo-interno-aepril\/\",\"url\":\"https:\/\/aeprilclinics.nl\/es\/circulo-interno-aepril\/\",\"name\":\"C\u00edrculo interno Aepril - Aepril\",\"isPartOf\":{\"@id\":\"https:\/\/aeprilclinics.nl\/es\/#website\"},\"primaryImageOfPage\":{\"@id\":\"https:\/\/aeprilclinics.nl\/es\/circulo-interno-aepril\/#primaryimage\"},\"image\":{\"@id\":\"https:\/\/aeprilclinics.nl\/es\/circulo-interno-aepril\/#primaryimage\"},\"thumbnailUrl\":\"https:\/\/aeprilclinics.nl\/wp-content\/uploads\/2025\/01\/BN4A9295-1024x683.jpg\",\"datePublished\":\"2025-06-20T11:44:40+00:00\",\"dateModified\":\"2026-05-12T20:22:20+00:00\",\"description\":\"Inscr\u00edbete ahora en el C\u00edrculo Interno de Cl\u00ednicas Aepril. \u00a1Participa en jornadas de formaci\u00f3n, consigue descuentos exclusivos y regalos divertidos de nuestra parte!\",\"breadcrumb\":{\"@id\":\"https:\/\/aeprilclinics.nl\/es\/circulo-interno-aepril\/#breadcrumb\"},\"inLanguage\":\"es\",\"potentialAction\":[{\"@type\":\"ReadAction\",\"target\":[\"https:\/\/aeprilclinics.nl\/es\/circulo-interno-aepril\/\"]}]},{\"@type\":\"ImageObject\",\"inLanguage\":\"es\",\"@id\":\"https:\/\/aeprilclinics.nl\/es\/circulo-interno-aepril\/#primaryimage\",\"url\":\"https:\/\/aeprilclinics.nl\/wp-content\/uploads\/2025\/01\/BN4A9295-1024x683.jpg\",\"contentUrl\":\"https:\/\/aeprilclinics.nl\/wp-content\/uploads\/2025\/01\/BN4A9295-1024x683.jpg\"},{\"@type\":\"BreadcrumbList\",\"@id\":\"https:\/\/aeprilclinics.nl\/es\/circulo-interno-aepril\/#breadcrumb\",\"itemListElement\":[{\"@type\":\"ListItem\",\"position\":1,\"name\":\"Home\",\"item\":\"https:\/\/aeprilclinics.nl\/es\/\"},{\"@type\":\"ListItem\",\"position\":2,\"name\":\"C\u00edrculo interno Aepril\"}]},{\"@type\":\"WebSite\",\"@id\":\"https:\/\/aeprilclinics.nl\/es\/#website\",\"url\":\"https:\/\/aeprilclinics.nl\/es\/\",\"name\":\"Aepril\",\"description\":\"\",\"potentialAction\":[{\"@type\":\"SearchAction\",\"target\":{\"@type\":\"EntryPoint\",\"urlTemplate\":\"https:\/\/aeprilclinics.nl\/es\/?s={search_term_string}\"},\"query-input\":{\"@type\":\"PropertyValueSpecification\",\"valueRequired\":true,\"valueName\":\"search_term_string\"}}],\"inLanguage\":\"es\"}]}<\/script>\n<!-- \/ Yoast SEO plugin. -->","yoast_head_json":{"title":"C\u00edrculo interno Aepril - Aepril","description":"Inscr\u00edbete ahora en el C\u00edrculo Interno de Cl\u00ednicas Aepril. \u00a1Participa en jornadas de formaci\u00f3n, consigue descuentos exclusivos y regalos divertidos de nuestra parte!","robots":{"index":"index","follow":"follow","max-snippet":"max-snippet:-1","max-image-preview":"max-image-preview:large","max-video-preview":"max-video-preview:-1"},"canonical":"https:\/\/aeprilclinics.nl\/es\/circulo-interno-aepril\/","og_locale":"es_ES","og_type":"article","og_title":"C\u00edrculo interno Aepril - Aepril","og_description":"Inscr\u00edbete ahora en el C\u00edrculo Interno de Cl\u00ednicas Aepril. \u00a1Participa en jornadas de formaci\u00f3n, consigue descuentos exclusivos y regalos divertidos de nuestra parte!","og_url":"https:\/\/aeprilclinics.nl\/es\/circulo-interno-aepril\/","og_site_name":"Aepril","article_modified_time":"2026-05-12T20:22:20+00:00","og_image":[{"width":2560,"height":1707,"url":"https:\/\/aeprilclinics.nl\/wp-content\/uploads\/2025\/01\/BN4A9295-scaled.jpg","type":"image\/jpeg"}],"twitter_card":"summary_large_image","twitter_misc":{"Tiempo de lectura":"3 minutos"},"schema":{"@context":"https:\/\/schema.org","@graph":[{"@type":"WebPage","@id":"https:\/\/aeprilclinics.nl\/es\/circulo-interno-aepril\/","url":"https:\/\/aeprilclinics.nl\/es\/circulo-interno-aepril\/","name":"C\u00edrculo interno Aepril - Aepril","isPartOf":{"@id":"https:\/\/aeprilclinics.nl\/es\/#website"},"primaryImageOfPage":{"@id":"https:\/\/aeprilclinics.nl\/es\/circulo-interno-aepril\/#primaryimage"},"image":{"@id":"https:\/\/aeprilclinics.nl\/es\/circulo-interno-aepril\/#primaryimage"},"thumbnailUrl":"https:\/\/aeprilclinics.nl\/wp-content\/uploads\/2025\/01\/BN4A9295-1024x683.jpg","datePublished":"2025-06-20T11:44:40+00:00","dateModified":"2026-05-12T20:22:20+00:00","description":"Inscr\u00edbete ahora en el C\u00edrculo Interno de Cl\u00ednicas Aepril. \u00a1Participa en jornadas de formaci\u00f3n, consigue descuentos exclusivos y regalos divertidos de nuestra parte!","breadcrumb":{"@id":"https:\/\/aeprilclinics.nl\/es\/circulo-interno-aepril\/#breadcrumb"},"inLanguage":"es","potentialAction":[{"@type":"ReadAction","target":["https:\/\/aeprilclinics.nl\/es\/circulo-interno-aepril\/"]}]},{"@type":"ImageObject","inLanguage":"es","@id":"https:\/\/aeprilclinics.nl\/es\/circulo-interno-aepril\/#primaryimage","url":"https:\/\/aeprilclinics.nl\/wp-content\/uploads\/2025\/01\/BN4A9295-1024x683.jpg","contentUrl":"https:\/\/aeprilclinics.nl\/wp-content\/uploads\/2025\/01\/BN4A9295-1024x683.jpg"},{"@type":"BreadcrumbList","@id":"https:\/\/aeprilclinics.nl\/es\/circulo-interno-aepril\/#breadcrumb","itemListElement":[{"@type":"ListItem","position":1,"name":"Home","item":"https:\/\/aeprilclinics.nl\/es\/"},{"@type":"ListItem","position":2,"name":"C\u00edrculo interno Aepril"}]},{"@type":"WebSite","@id":"https:\/\/aeprilclinics.nl\/es\/#website","url":"https:\/\/aeprilclinics.nl\/es\/","name":"Aepril","description":"","potentialAction":[{"@type":"SearchAction","target":{"@type":"EntryPoint","urlTemplate":"https:\/\/aeprilclinics.nl\/es\/?s={search_term_string}"},"query-input":{"@type":"PropertyValueSpecification","valueRequired":true,"valueName":"search_term_string"}}],"inLanguage":"es"}]}},"_links":{"self":[{"href":"https:\/\/aeprilclinics.nl\/es\/wp-json\/wp\/v2\/pages\/6499","targetHints":{"allow":["GET"]}}],"collection":[{"href":"https:\/\/aeprilclinics.nl\/es\/wp-json\/wp\/v2\/pages"}],"about":[{"href":"https:\/\/aeprilclinics.nl\/es\/wp-json\/wp\/v2\/types\/page"}],"author":[{"embeddable":true,"href":"https:\/\/aeprilclinics.nl\/es\/wp-json\/wp\/v2\/users\/14"}],"replies":[{"embeddable":true,"href":"https:\/\/aeprilclinics.nl\/es\/wp-json\/wp\/v2\/comments?post=6499"}],"version-history":[{"count":2,"href":"https:\/\/aeprilclinics.nl\/es\/wp-json\/wp\/v2\/pages\/6499\/revisions"}],"predecessor-version":[{"id":6511,"href":"https:\/\/aeprilclinics.nl\/es\/wp-json\/wp\/v2\/pages\/6499\/revisions\/6511"}],"wp:attachment":[{"href":"https:\/\/aeprilclinics.nl\/es\/wp-json\/wp\/v2\/media?parent=6499"}],"curies":[{"name":"wp","href":"https:\/\/api.w.org\/{rel}","templated":true}]}}