{"id":6422,"date":"2025-10-07T20:32:34","date_gmt":"2025-10-07T20:32:34","guid":{"rendered":"https:\/\/aeprilclinics.nl\/tarjetas-regalo\/"},"modified":"2026-05-12T20:22:53","modified_gmt":"2026-05-12T20:22:53","slug":"tarjetas-regalo","status":"publish","type":"page","link":"https:\/\/aeprilclinics.nl\/es\/tarjetas-regalo\/","title":{"rendered":"Tarjetas regalo"},"content":{"rendered":"\n<p>Sorprende a alguien cercano con una Tarjeta Regalo de Cl\u00ednicas Aepril, el mejor regalo que puedes hacer es confianza en ti mismo.  <\/p>\n\n<p>La persona para la que compres la tarjeta regalo la recibir\u00e1 digitalmente por correo con instrucciones para canjearla en uno de nuestros locales. Aseg\u00farate de que esta persona trae la tarjeta regalo impresa o digital en el tel\u00e9fono, el c\u00f3digo de la tarjeta regalo es necesario para canjear el cr\u00e9dito. <\/p>\n\n<p>Lee aqu\u00ed <a href=\"https:\/\/aeprilclinics.nl\/voorwaarden\/\">todos los t\u00e9rminos y condiciones<\/a> de las tarjetas regalo de Cl\u00ednicas Aepril y utiliza <a href=\"https:\/\/aeprilclinics.nl\/boek-gratis-consult\/\">esta p\u00e1gina <\/a>para reservar tu cita y canjear tu tarjeta regalo.<\/p>\n\n<p>Tambi\u00e9n puedes <a href=\"https:\/\/aeprilclinics.nl\/es\/ponte-en-contacto-con\/\">ponerte en contacto con<\/a> nosotros si tienes m\u00e1s preguntas sobre nuestras Tarjetas regalo.<br\/><\/p>\n\n<!-- Clinicminds Gift Card Store begin -->\n<div class=\"clinicminds-gift-card-frame\" data-frame-url=\"https:\/\/clinic.gift\/aesthe-clinic\"><\/div>\n<script src=\"https:\/\/clinic.gift\/widget.js\" type=\"text\/javascript\"><\/script>\n<!-- Clinicminds Gift Card Store end -->\n\n<p><\/p>\n","protected":false},"excerpt":{"rendered":"<p>Sorprende a alguien cercano con una Tarjeta Regalo de Cl\u00ednicas Aepril, el mejor regalo que puedes hacer es confianza en ti mismo. La persona para la que compres la tarjeta regalo la recibir\u00e1 digitalmente por correo con instrucciones para canjearla&#8230;<\/p>\n","protected":false},"author":14,"featured_media":0,"parent":0,"menu_order":0,"comment_status":"closed","ping_status":"closed","template":"","meta":{"_acf_changed":false,"footnotes":""},"class_list":["post-6422","page","type-page","status-publish","hentry"],"acf":[],"yoast_head":"<!-- This site is optimized with the Yoast SEO plugin v27.2 - https:\/\/yoast.com\/product\/yoast-seo-wordpress\/ -->\n<title>Tarjetas regalo: regala belleza - Aepril<\/title>\n<meta name=\"description\" content=\"\u00bfBuscas un regalo original? Regala una tarjeta regalo de Cl\u00ednicas Aepril: la sorpresa perfecta para la belleza, la relajaci\u00f3n y el autocuidado.\" \/>\n<meta name=\"robots\" content=\"index, follow, max-snippet:-1, max-image-preview:large, max-video-preview:-1\" \/>\n<link rel=\"canonical\" href=\"https:\/\/aeprilclinics.nl\/es\/tarjetas-regalo\/\" \/>\n<meta property=\"og:locale\" content=\"es_ES\" \/>\n<meta property=\"og:type\" content=\"article\" \/>\n<meta property=\"og:title\" content=\"Tarjetas regalo: regala belleza - Aepril\" \/>\n<meta property=\"og:description\" content=\"\u00bfBuscas un regalo original? Regala una tarjeta regalo de Cl\u00ednicas Aepril: la sorpresa perfecta para la belleza, la relajaci\u00f3n y el autocuidado.\" \/>\n<meta property=\"og:url\" content=\"https:\/\/aeprilclinics.nl\/es\/tarjetas-regalo\/\" \/>\n<meta property=\"og:site_name\" content=\"Aepril\" \/>\n<meta property=\"article:modified_time\" content=\"2026-05-12T20:22:53+00:00\" \/>\n<meta name=\"twitter:card\" content=\"summary_large_image\" \/>\n<meta name=\"twitter:label1\" content=\"Tiempo de lectura\" \/>\n\t<meta name=\"twitter:data1\" content=\"1 minuto\" \/>\n<script type=\"application\/ld+json\" class=\"yoast-schema-graph\">{\"@context\":\"https:\/\/schema.org\",\"@graph\":[{\"@type\":\"WebPage\",\"@id\":\"https:\/\/aeprilclinics.nl\/es\/tarjetas-regalo\/\",\"url\":\"https:\/\/aeprilclinics.nl\/es\/tarjetas-regalo\/\",\"name\":\"Tarjetas regalo: regala belleza - Aepril\",\"isPartOf\":{\"@id\":\"https:\/\/aeprilclinics.nl\/es\/#website\"},\"datePublished\":\"2025-10-07T20:32:34+00:00\",\"dateModified\":\"2026-05-12T20:22:53+00:00\",\"description\":\"\u00bfBuscas un regalo original? Regala una tarjeta regalo de Cl\u00ednicas Aepril: la sorpresa perfecta para la belleza, la relajaci\u00f3n y el autocuidado.\",\"breadcrumb\":{\"@id\":\"https:\/\/aeprilclinics.nl\/es\/tarjetas-regalo\/#breadcrumb\"},\"inLanguage\":\"es\",\"potentialAction\":[{\"@type\":\"ReadAction\",\"target\":[\"https:\/\/aeprilclinics.nl\/es\/tarjetas-regalo\/\"]}]},{\"@type\":\"BreadcrumbList\",\"@id\":\"https:\/\/aeprilclinics.nl\/es\/tarjetas-regalo\/#breadcrumb\",\"itemListElement\":[{\"@type\":\"ListItem\",\"position\":1,\"name\":\"Home\",\"item\":\"https:\/\/aeprilclinics.nl\/es\/\"},{\"@type\":\"ListItem\",\"position\":2,\"name\":\"Tarjetas regalo\"}]},{\"@type\":\"WebSite\",\"@id\":\"https:\/\/aeprilclinics.nl\/es\/#website\",\"url\":\"https:\/\/aeprilclinics.nl\/es\/\",\"name\":\"Aepril\",\"description\":\"\",\"potentialAction\":[{\"@type\":\"SearchAction\",\"target\":{\"@type\":\"EntryPoint\",\"urlTemplate\":\"https:\/\/aeprilclinics.nl\/es\/?s={search_term_string}\"},\"query-input\":{\"@type\":\"PropertyValueSpecification\",\"valueRequired\":true,\"valueName\":\"search_term_string\"}}],\"inLanguage\":\"es\"}]}<\/script>\n<!-- \/ Yoast SEO plugin. -->","yoast_head_json":{"title":"Tarjetas regalo: regala belleza - Aepril","description":"\u00bfBuscas un regalo original? Regala una tarjeta regalo de Cl\u00ednicas Aepril: la sorpresa perfecta para la belleza, la relajaci\u00f3n y el autocuidado.","robots":{"index":"index","follow":"follow","max-snippet":"max-snippet:-1","max-image-preview":"max-image-preview:large","max-video-preview":"max-video-preview:-1"},"canonical":"https:\/\/aeprilclinics.nl\/es\/tarjetas-regalo\/","og_locale":"es_ES","og_type":"article","og_title":"Tarjetas regalo: regala belleza - Aepril","og_description":"\u00bfBuscas un regalo original? Regala una tarjeta regalo de Cl\u00ednicas Aepril: la sorpresa perfecta para la belleza, la relajaci\u00f3n y el autocuidado.","og_url":"https:\/\/aeprilclinics.nl\/es\/tarjetas-regalo\/","og_site_name":"Aepril","article_modified_time":"2026-05-12T20:22:53+00:00","twitter_card":"summary_large_image","twitter_misc":{"Tiempo de lectura":"1 minuto"},"schema":{"@context":"https:\/\/schema.org","@graph":[{"@type":"WebPage","@id":"https:\/\/aeprilclinics.nl\/es\/tarjetas-regalo\/","url":"https:\/\/aeprilclinics.nl\/es\/tarjetas-regalo\/","name":"Tarjetas regalo: regala belleza - Aepril","isPartOf":{"@id":"https:\/\/aeprilclinics.nl\/es\/#website"},"datePublished":"2025-10-07T20:32:34+00:00","dateModified":"2026-05-12T20:22:53+00:00","description":"\u00bfBuscas un regalo original? Regala una tarjeta regalo de Cl\u00ednicas Aepril: la sorpresa perfecta para la belleza, la relajaci\u00f3n y el autocuidado.","breadcrumb":{"@id":"https:\/\/aeprilclinics.nl\/es\/tarjetas-regalo\/#breadcrumb"},"inLanguage":"es","potentialAction":[{"@type":"ReadAction","target":["https:\/\/aeprilclinics.nl\/es\/tarjetas-regalo\/"]}]},{"@type":"BreadcrumbList","@id":"https:\/\/aeprilclinics.nl\/es\/tarjetas-regalo\/#breadcrumb","itemListElement":[{"@type":"ListItem","position":1,"name":"Home","item":"https:\/\/aeprilclinics.nl\/es\/"},{"@type":"ListItem","position":2,"name":"Tarjetas regalo"}]},{"@type":"WebSite","@id":"https:\/\/aeprilclinics.nl\/es\/#website","url":"https:\/\/aeprilclinics.nl\/es\/","name":"Aepril","description":"","potentialAction":[{"@type":"SearchAction","target":{"@type":"EntryPoint","urlTemplate":"https:\/\/aeprilclinics.nl\/es\/?s={search_term_string}"},"query-input":{"@type":"PropertyValueSpecification","valueRequired":true,"valueName":"search_term_string"}}],"inLanguage":"es"}]}},"_links":{"self":[{"href":"https:\/\/aeprilclinics.nl\/es\/wp-json\/wp\/v2\/pages\/6422","targetHints":{"allow":["GET"]}}],"collection":[{"href":"https:\/\/aeprilclinics.nl\/es\/wp-json\/wp\/v2\/pages"}],"about":[{"href":"https:\/\/aeprilclinics.nl\/es\/wp-json\/wp\/v2\/types\/page"}],"author":[{"embeddable":true,"href":"https:\/\/aeprilclinics.nl\/es\/wp-json\/wp\/v2\/users\/14"}],"replies":[{"embeddable":true,"href":"https:\/\/aeprilclinics.nl\/es\/wp-json\/wp\/v2\/comments?post=6422"}],"version-history":[{"count":2,"href":"https:\/\/aeprilclinics.nl\/es\/wp-json\/wp\/v2\/pages\/6422\/revisions"}],"predecessor-version":[{"id":6536,"href":"https:\/\/aeprilclinics.nl\/es\/wp-json\/wp\/v2\/pages\/6422\/revisions\/6536"}],"wp:attachment":[{"href":"https:\/\/aeprilclinics.nl\/es\/wp-json\/wp\/v2\/media?parent=6422"}],"curies":[{"name":"wp","href":"https:\/\/api.w.org\/{rel}","templated":true}]}}