{"id":6384,"date":"2026-03-12T08:46:48","date_gmt":"2026-03-12T08:46:48","guid":{"rendered":"https:\/\/aeprilclinics.nl\/academia-aepril\/"},"modified":"2026-05-12T20:20:03","modified_gmt":"2026-05-12T20:20:03","slug":"academia-aepril","status":"publish","type":"page","link":"https:\/\/aeprilclinics.nl\/es\/academia-aepril\/","title":{"rendered":"Academia Aepril"},"content":{"rendered":"\n<div class=\"wp-block-media-text has-media-on-the-right is-stacked-on-mobile is-image-fill-element\"><div class=\"wp-block-media-text__content\">\n<h2 class=\"wp-block-heading\">\u00bfQu\u00e9 es la Academia Aepril?<\/h2>\n\n\n\n<p>En las Cl\u00ednicas Aepril, la calidad es la clave. A trav\u00e9s de la Academia <strong>Aepril<\/strong>, formamos internamente a nuestros m\u00e9dicos bajo la direcci\u00f3n del m\u00e9dico est\u00e9tico   <strong>Drs. Elnaz Alagha <\/strong>.  <\/p>\n\n\n\n<p>Durante este programa de formaci\u00f3n, los m\u00e9dicos reciben una supervisi\u00f3n intensiva y trabajan bajo estricta vigilancia. Toda la formaci\u00f3n se lleva a cabo de acuerdo con las directrices de la <strong>IGJ (Inspecci\u00f3n de Sanidad y Juventud)<\/strong> y del <strong>NVCG<\/strong>.   <br\/><br\/>Esto garantiza que cada tratamiento cumple las normas m\u00e9dicas y \u00e9ticas m\u00e1s estrictas. La seguridad, la precisi\u00f3n y los resultados naturales son siempre lo primero. <br\/><br\/>PD: Actualmente buscamos m\u00e9dicos y profesionales est\u00e9ticos para nuestra cl\u00ednica de Utrecht y Hengelo.  <br\/><a href=\"https:\/\/aeprilclinics.nl\/werken-bij-aepril\/\" type=\"page\" id=\"1063\">Pulsa aqu\u00ed para saber m\u00e1s.<\/a><\/p>\n<\/div><figure class=\"wp-block-media-text__media\"><img loading=\"lazy\" decoding=\"async\" width=\"1024\" height=\"871\" src=\"https:\/\/aeprilclinics.nl\/wp-content\/uploads\/2025\/06\/Screenshot-2025-06-11-at-09.13.41-1024x871.png\" alt=\"\" class=\"wp-image-2886 size-full\" style=\"object-position:50% 50%\" srcset=\"https:\/\/aeprilclinics.nl\/wp-content\/uploads\/2025\/06\/Screenshot-2025-06-11-at-09.13.41-1024x871.png 1024w, https:\/\/aeprilclinics.nl\/wp-content\/uploads\/2025\/06\/Screenshot-2025-06-11-at-09.13.41-300x255.png 300w, https:\/\/aeprilclinics.nl\/wp-content\/uploads\/2025\/06\/Screenshot-2025-06-11-at-09.13.41-768x653.png 768w, https:\/\/aeprilclinics.nl\/wp-content\/uploads\/2025\/06\/Screenshot-2025-06-11-at-09.13.41-318x270.png 318w, https:\/\/aeprilclinics.nl\/wp-content\/uploads\/2025\/06\/Screenshot-2025-06-11-at-09.13.41.png 1056w\" sizes=\"auto, (max-width: 1024px) 100vw, 1024px\" \/><\/figure><\/div>\n\n<div style=\"height:100px\" aria-hidden=\"true\" class=\"wp-block-spacer\"><\/div>\n\n<div class=\"wp-block-media-text is-stacked-on-mobile is-image-fill-element\"><figure class=\"wp-block-media-text__media\"><img loading=\"lazy\" decoding=\"async\" width=\"683\" height=\"1024\" src=\"https:\/\/aeprilclinics.nl\/wp-content\/uploads\/2025\/01\/BN4A0034-1-1-683x1024.jpg\" alt=\"\" class=\"wp-image-1009 size-full\" style=\"object-position:50% 50%\" srcset=\"https:\/\/aeprilclinics.nl\/wp-content\/uploads\/2025\/01\/BN4A0034-1-1-683x1024.jpg 683w, https:\/\/aeprilclinics.nl\/wp-content\/uploads\/2025\/01\/BN4A0034-1-1-200x300.jpg 200w, https:\/\/aeprilclinics.nl\/wp-content\/uploads\/2025\/01\/BN4A0034-1-1-768x1152.jpg 768w, https:\/\/aeprilclinics.nl\/wp-content\/uploads\/2025\/01\/BN4A0034-1-1-1024x1536.jpg 1024w, https:\/\/aeprilclinics.nl\/wp-content\/uploads\/2025\/01\/BN4A0034-1-1-1365x2048.jpg 1365w, https:\/\/aeprilclinics.nl\/wp-content\/uploads\/2025\/01\/BN4A0034-1-1-180x270.jpg 180w, https:\/\/aeprilclinics.nl\/wp-content\/uploads\/2025\/01\/BN4A0034-1-1-scaled.jpg 1707w\" sizes=\"auto, (max-width: 683px) 100vw, 683px\" \/><\/figure><div class=\"wp-block-media-text__content\">\n<h2 class=\"wp-block-heading\">Formaci\u00f3n interna<\/h2>\n\n\n\n<p>En la Academia Aepril organizamos varios momentos de formaci\u00f3n a lo largo del a\u00f1o. Un programa de formaci\u00f3n en la Academia Aepril dura una media de 3 meses y los m\u00e9dicos tambi\u00e9n trabajan bajo supervisi\u00f3n durante un periodo posterior, esto es bastante m\u00e1s largo que la media de los formadores en Holanda. Esto se debe a que no s\u00f3lo valoramos los conocimientos, sino tambi\u00e9n la confianza del m\u00e9dico en s\u00ed mismo.  <br\/><br\/>Entre otras cosas, los m\u00e9dicos asisten a jornadas te\u00f3ricas, jornadas de formaci\u00f3n, talleres y formaci\u00f3n pr\u00e1ctica en los que siguen desarrollando t\u00e9cnicas.  <br\/><br\/>Adem\u00e1s, se celebran peri\u00f3dicamente actos y sesiones de formaci\u00f3n especializada para profundizar en los conocimientos e introducir nuevos m\u00e9todos de tratamiento. Durante estas formaciones, la experiencia pr\u00e1ctica es clave, y los m\u00e9dicos trabajan bajo supervisi\u00f3n para perfeccionar sus habilidades.   <br\/><br\/>As\u00ed nos aseguramos de que nuestro equipo siga creciendo y desarroll\u00e1ndose continuamente.<\/p>\n<\/div><\/div>\n\n<div style=\"height:100px\" aria-hidden=\"true\" class=\"wp-block-spacer\"><\/div>\n\n<div class=\"wp-block-media-text has-media-on-the-right is-stacked-on-mobile is-image-fill-element\"><div class=\"wp-block-media-text__content\">\n<h2 class=\"wp-block-heading\">Nuestros socios<\/h2>\n\n\n\n<p>La Academia Aepril tambi\u00e9n colabora con empresas farmac\u00e9uticas y est\u00e9ticas l\u00edderes, como <a href=\"https:\/\/merzaesthetics.nl\/\">Merz Aesthetics<\/a>, <a href=\"https:\/\/www.ibsaderma.nl\/nl\/\">IBSA,<\/a> <a href=\"https:\/\/www.cromapharma.com\/nl\/\">Croma Pharma<\/a> y <a href=\"https:\/\/www.galderma.com\/benelux\">Galderma.<\/a> <br\/><br\/>Estas colaboraciones nos mantienen al d\u00eda de los \u00faltimos avances en medicina est\u00e9tica. Adem\u00e1s de los cursos de formaci\u00f3n, tambi\u00e9n organizamos momentos de prueba, ex\u00e1menes pr\u00e1cticos y formaci\u00f3n en habilidades para garantizar el nivel de nuestros m\u00e9dicos.   <br\/><br\/>De este modo, Cl\u00ednicas Aepril sigue invirtiendo en conocimiento, innovaci\u00f3n y calidad. Como cliente, lo notar\u00e1s en tratamientos seguros y resultados constantes y de alta calidad. <br\/><br\/><\/p>\n<\/div><figure class=\"wp-block-media-text__media\"><img loading=\"lazy\" decoding=\"async\" width=\"683\" height=\"1024\" src=\"https:\/\/aeprilclinics.nl\/wp-content\/uploads\/2025\/01\/BN4A8716-683x1024.jpg\" alt=\"\" class=\"wp-image-1008 size-full\" style=\"object-position:89% 29%\" srcset=\"https:\/\/aeprilclinics.nl\/wp-content\/uploads\/2025\/01\/BN4A8716-683x1024.jpg 683w, https:\/\/aeprilclinics.nl\/wp-content\/uploads\/2025\/01\/BN4A8716-200x300.jpg 200w, https:\/\/aeprilclinics.nl\/wp-content\/uploads\/2025\/01\/BN4A8716-768x1152.jpg 768w, https:\/\/aeprilclinics.nl\/wp-content\/uploads\/2025\/01\/BN4A8716-1024x1536.jpg 1024w, https:\/\/aeprilclinics.nl\/wp-content\/uploads\/2025\/01\/BN4A8716-1365x2048.jpg 1365w, https:\/\/aeprilclinics.nl\/wp-content\/uploads\/2025\/01\/BN4A8716-180x270.jpg 180w, https:\/\/aeprilclinics.nl\/wp-content\/uploads\/2025\/01\/BN4A8716-scaled.jpg 1707w\" sizes=\"auto, (max-width: 683px) 100vw, 683px\" \/><\/figure><\/div>\n\n<hr class=\"wp-block-separator has-alpha-channel-opacity\"\/>\n\n<div class=\"wp-block-cover alignfull is-light wave\" style=\"margin-top:var(--wp--preset--spacing--60);margin-bottom:0;padding-bottom:var(--wp--preset--spacing--30)\"><span aria-hidden=\"true\" class=\"wp-block-cover__background has-accent-background-color has-background-dim-100 has-background-dim\"><\/span><div class=\"wp-block-cover__inner-container has-global-padding is-layout-constrained wp-block-cover-is-layout-constrained\">\n<h2 class=\"wp-block-heading has-text-align-center\">Tu look, en su m\u00e1xima expresi\u00f3n.<\/h2>\n\n\n\n<div style=\"height:15px\" aria-hidden=\"true\" class=\"wp-block-spacer\"><\/div>\n\n\n\n<div class=\"wp-block-buttons is-content-justification-center is-layout-flex wp-container-core-buttons-is-layout-a89b3969 wp-block-buttons-is-layout-flex\">\n<div class=\"wp-block-button\"><a class=\"wp-block-button__link has-base-color has-accent-3-background-color has-text-color has-background has-link-color wp-element-button\" href=\"https:\/\/aeprilclinics.nl\/es\/reserva-una-consulta-gratuita\/\">Reserva una consulta gratuita<\/a><\/div>\n<\/div>\n<\/div><\/div>\n\n<p><\/p>\n","protected":false},"excerpt":{"rendered":"<p>\u00bfQu\u00e9 es la Academia Aepril? En las Cl\u00ednicas Aepril, la calidad es la clave. A trav\u00e9s de la Academia Aepril, formamos internamente a nuestros m\u00e9dicos bajo la direcci\u00f3n del m\u00e9dico est\u00e9tico Drs. Elnaz Alagha . Durante este programa de formaci\u00f3n,&#8230;<\/p>\n","protected":false},"author":14,"featured_media":0,"parent":0,"menu_order":0,"comment_status":"closed","ping_status":"closed","template":"","meta":{"_acf_changed":false,"footnotes":""},"class_list":["post-6384","page","type-page","status-publish","hentry"],"acf":[],"yoast_head":"<!-- This site is optimized with the Yoast SEO plugin v27.2 - https:\/\/yoast.com\/product\/yoast-seo-wordpress\/ -->\n<title>Academia Aepril - Aepril<\/title>\n<meta name=\"robots\" content=\"index, follow, max-snippet:-1, max-image-preview:large, max-video-preview:-1\" \/>\n<link rel=\"canonical\" href=\"https:\/\/aeprilclinics.nl\/es\/academia-aepril\/\" \/>\n<meta property=\"og:locale\" content=\"es_ES\" \/>\n<meta property=\"og:type\" content=\"article\" \/>\n<meta property=\"og:title\" content=\"Academia Aepril - Aepril\" \/>\n<meta property=\"og:description\" content=\"\u00bfQu\u00e9 es la Academia Aepril? En las Cl\u00ednicas Aepril, la calidad es la clave. A trav\u00e9s de la Academia Aepril, formamos internamente a nuestros m\u00e9dicos bajo la direcci\u00f3n del m\u00e9dico est\u00e9tico Drs. Elnaz Alagha . Durante este programa de formaci\u00f3n,...\" \/>\n<meta property=\"og:url\" content=\"https:\/\/aeprilclinics.nl\/es\/academia-aepril\/\" \/>\n<meta property=\"og:site_name\" content=\"Aepril\" \/>\n<meta property=\"article:modified_time\" content=\"2026-05-12T20:20:03+00:00\" \/>\n<meta property=\"og:image\" content=\"https:\/\/aeprilclinics.nl\/wp-content\/uploads\/2025\/06\/Screenshot-2025-06-11-at-09.13.41.png\" \/>\n\t<meta property=\"og:image:width\" content=\"1056\" \/>\n\t<meta property=\"og:image:height\" content=\"898\" \/>\n\t<meta property=\"og:image:type\" content=\"image\/png\" \/>\n<meta name=\"twitter:card\" content=\"summary_large_image\" \/>\n<meta name=\"twitter:label1\" content=\"Tiempo de lectura\" \/>\n\t<meta name=\"twitter:data1\" content=\"2 minutos\" \/>\n<script type=\"application\/ld+json\" class=\"yoast-schema-graph\">{\"@context\":\"https:\/\/schema.org\",\"@graph\":[{\"@type\":\"WebPage\",\"@id\":\"https:\/\/aeprilclinics.nl\/es\/academia-aepril\/\",\"url\":\"https:\/\/aeprilclinics.nl\/es\/academia-aepril\/\",\"name\":\"Academia Aepril - Aepril\",\"isPartOf\":{\"@id\":\"https:\/\/aeprilclinics.nl\/es\/#website\"},\"primaryImageOfPage\":{\"@id\":\"https:\/\/aeprilclinics.nl\/es\/academia-aepril\/#primaryimage\"},\"image\":{\"@id\":\"https:\/\/aeprilclinics.nl\/es\/academia-aepril\/#primaryimage\"},\"thumbnailUrl\":\"https:\/\/aeprilclinics.nl\/wp-content\/uploads\/2025\/06\/Screenshot-2025-06-11-at-09.13.41-1024x871.png\",\"datePublished\":\"2026-03-12T08:46:48+00:00\",\"dateModified\":\"2026-05-12T20:20:03+00:00\",\"breadcrumb\":{\"@id\":\"https:\/\/aeprilclinics.nl\/es\/academia-aepril\/#breadcrumb\"},\"inLanguage\":\"es\",\"potentialAction\":[{\"@type\":\"ReadAction\",\"target\":[\"https:\/\/aeprilclinics.nl\/es\/academia-aepril\/\"]}]},{\"@type\":\"ImageObject\",\"inLanguage\":\"es\",\"@id\":\"https:\/\/aeprilclinics.nl\/es\/academia-aepril\/#primaryimage\",\"url\":\"https:\/\/aeprilclinics.nl\/wp-content\/uploads\/2025\/06\/Screenshot-2025-06-11-at-09.13.41-1024x871.png\",\"contentUrl\":\"https:\/\/aeprilclinics.nl\/wp-content\/uploads\/2025\/06\/Screenshot-2025-06-11-at-09.13.41-1024x871.png\"},{\"@type\":\"BreadcrumbList\",\"@id\":\"https:\/\/aeprilclinics.nl\/es\/academia-aepril\/#breadcrumb\",\"itemListElement\":[{\"@type\":\"ListItem\",\"position\":1,\"name\":\"Home\",\"item\":\"https:\/\/aeprilclinics.nl\/es\/\"},{\"@type\":\"ListItem\",\"position\":2,\"name\":\"Academia Aepril\"}]},{\"@type\":\"WebSite\",\"@id\":\"https:\/\/aeprilclinics.nl\/es\/#website\",\"url\":\"https:\/\/aeprilclinics.nl\/es\/\",\"name\":\"Aepril\",\"description\":\"\",\"potentialAction\":[{\"@type\":\"SearchAction\",\"target\":{\"@type\":\"EntryPoint\",\"urlTemplate\":\"https:\/\/aeprilclinics.nl\/es\/?s={search_term_string}\"},\"query-input\":{\"@type\":\"PropertyValueSpecification\",\"valueRequired\":true,\"valueName\":\"search_term_string\"}}],\"inLanguage\":\"es\"}]}<\/script>\n<!-- \/ Yoast SEO plugin. -->","yoast_head_json":{"title":"Academia Aepril - Aepril","robots":{"index":"index","follow":"follow","max-snippet":"max-snippet:-1","max-image-preview":"max-image-preview:large","max-video-preview":"max-video-preview:-1"},"canonical":"https:\/\/aeprilclinics.nl\/es\/academia-aepril\/","og_locale":"es_ES","og_type":"article","og_title":"Academia Aepril - Aepril","og_description":"\u00bfQu\u00e9 es la Academia Aepril? En las Cl\u00ednicas Aepril, la calidad es la clave. A trav\u00e9s de la Academia Aepril, formamos internamente a nuestros m\u00e9dicos bajo la direcci\u00f3n del m\u00e9dico est\u00e9tico Drs. Elnaz Alagha . Durante este programa de formaci\u00f3n,...","og_url":"https:\/\/aeprilclinics.nl\/es\/academia-aepril\/","og_site_name":"Aepril","article_modified_time":"2026-05-12T20:20:03+00:00","og_image":[{"width":1056,"height":898,"url":"https:\/\/aeprilclinics.nl\/wp-content\/uploads\/2025\/06\/Screenshot-2025-06-11-at-09.13.41.png","type":"image\/png"}],"twitter_card":"summary_large_image","twitter_misc":{"Tiempo de lectura":"2 minutos"},"schema":{"@context":"https:\/\/schema.org","@graph":[{"@type":"WebPage","@id":"https:\/\/aeprilclinics.nl\/es\/academia-aepril\/","url":"https:\/\/aeprilclinics.nl\/es\/academia-aepril\/","name":"Academia Aepril - Aepril","isPartOf":{"@id":"https:\/\/aeprilclinics.nl\/es\/#website"},"primaryImageOfPage":{"@id":"https:\/\/aeprilclinics.nl\/es\/academia-aepril\/#primaryimage"},"image":{"@id":"https:\/\/aeprilclinics.nl\/es\/academia-aepril\/#primaryimage"},"thumbnailUrl":"https:\/\/aeprilclinics.nl\/wp-content\/uploads\/2025\/06\/Screenshot-2025-06-11-at-09.13.41-1024x871.png","datePublished":"2026-03-12T08:46:48+00:00","dateModified":"2026-05-12T20:20:03+00:00","breadcrumb":{"@id":"https:\/\/aeprilclinics.nl\/es\/academia-aepril\/#breadcrumb"},"inLanguage":"es","potentialAction":[{"@type":"ReadAction","target":["https:\/\/aeprilclinics.nl\/es\/academia-aepril\/"]}]},{"@type":"ImageObject","inLanguage":"es","@id":"https:\/\/aeprilclinics.nl\/es\/academia-aepril\/#primaryimage","url":"https:\/\/aeprilclinics.nl\/wp-content\/uploads\/2025\/06\/Screenshot-2025-06-11-at-09.13.41-1024x871.png","contentUrl":"https:\/\/aeprilclinics.nl\/wp-content\/uploads\/2025\/06\/Screenshot-2025-06-11-at-09.13.41-1024x871.png"},{"@type":"BreadcrumbList","@id":"https:\/\/aeprilclinics.nl\/es\/academia-aepril\/#breadcrumb","itemListElement":[{"@type":"ListItem","position":1,"name":"Home","item":"https:\/\/aeprilclinics.nl\/es\/"},{"@type":"ListItem","position":2,"name":"Academia Aepril"}]},{"@type":"WebSite","@id":"https:\/\/aeprilclinics.nl\/es\/#website","url":"https:\/\/aeprilclinics.nl\/es\/","name":"Aepril","description":"","potentialAction":[{"@type":"SearchAction","target":{"@type":"EntryPoint","urlTemplate":"https:\/\/aeprilclinics.nl\/es\/?s={search_term_string}"},"query-input":{"@type":"PropertyValueSpecification","valueRequired":true,"valueName":"search_term_string"}}],"inLanguage":"es"}]}},"_links":{"self":[{"href":"https:\/\/aeprilclinics.nl\/es\/wp-json\/wp\/v2\/pages\/6384","targetHints":{"allow":["GET"]}}],"collection":[{"href":"https:\/\/aeprilclinics.nl\/es\/wp-json\/wp\/v2\/pages"}],"about":[{"href":"https:\/\/aeprilclinics.nl\/es\/wp-json\/wp\/v2\/types\/page"}],"author":[{"embeddable":true,"href":"https:\/\/aeprilclinics.nl\/es\/wp-json\/wp\/v2\/users\/14"}],"replies":[{"embeddable":true,"href":"https:\/\/aeprilclinics.nl\/es\/wp-json\/wp\/v2\/comments?post=6384"}],"version-history":[{"count":1,"href":"https:\/\/aeprilclinics.nl\/es\/wp-json\/wp\/v2\/pages\/6384\/revisions"}],"predecessor-version":[{"id":6385,"href":"https:\/\/aeprilclinics.nl\/es\/wp-json\/wp\/v2\/pages\/6384\/revisions\/6385"}],"wp:attachment":[{"href":"https:\/\/aeprilclinics.nl\/es\/wp-json\/wp\/v2\/media?parent=6384"}],"curies":[{"name":"wp","href":"https:\/\/api.w.org\/{rel}","templated":true}]}}