{"id":8888,"date":"2025-01-22T13:21:16","date_gmt":"2025-01-22T13:21:16","guid":{"rendered":"https:\/\/aeprilclinics.nl\/medizinische-informationen\/"},"modified":"2026-05-16T13:50:15","modified_gmt":"2026-05-16T13:50:15","slug":"medizinische-informationen","status":"publish","type":"page","link":"https:\/\/aeprilclinics.nl\/de\/medizinische-informationen\/","title":{"rendered":"Medizinische Informationen"},"content":{"rendered":"\n<div class=\"wp-block-media-text has-media-on-the-right is-stacked-on-mobile is-image-fill-element\"><div class=\"wp-block-media-text__content\">\n<h5 class=\"wp-block-heading\">Vertrauen Sie<\/h5>\n\n\n\n<h2 class=\"wp-block-heading\">Unsere Qualit\u00e4t, Ihr Vertrauen<\/h2>\n\n\n\n<p>Bei Aepril Clinics stehen Qualit\u00e4t und Ihr Komfort an erster Stelle. Wir sind stolz darauf, mit den besten Produkten und den neuesten Techniken der medizinischen Kosmetologie zu arbeiten. Dank unserer engen Zusammenarbeit mit f\u00fchrenden Anbietern und internationalen Akademien bleibt unser Team stets auf dem neuesten Stand der Entwicklung.  <\/p>\n\n\n\n<h3 class=\"wp-block-heading\">Warum Aepril-Kliniken w\u00e4hlen?<\/h3>\n\n\n\n<ul class=\"wp-block-list\">\n<li><strong>Hochwertige Produkte<\/strong><br\/>Wir verwenden nur hochwertige Produkte und Ger\u00e4te direkt von unseren offiziellen Hauptlieferanten <a href=\"https:\/\/merzaesthetics.nl\/\">Merz<\/a> und <a href=\"https:\/\/www.ibsaderma.nl\/nl\/products\/aliaxin\/aliaxin-gp\/#:~:text=ALIAXIN%C2%AE%20GLOBAL%20PERFORMANCE%3A%20Geschikt,bij%20uitgesprokener%20rimpels%20en%20plooien.&amp;text=Bent%20u%20een%20arts%3F,speciaal%20voor%20u%20gereserveerd%20is.\">Ibsa Derma<\/a>, um Ihnen das beste Erlebnis zu garantieren.<\/li>\n\n\n\n<li><strong>Innovative Behandlungen<\/strong> und Hilfsmittel<br\/>Unser Team ist in den neuesten Behandlungstechniken geschult und verwendet die fortschrittlichsten Technologien, darunter die d\u00fcnnsten Nadeln f\u00fcr maximalen Komfort.<\/li>\n\n\n\n<li><strong>Schmerzfrei und komfortabel<\/strong><br\/>Um Ihnen die Behandlung so angenehm wie m\u00f6glich zu gestalten, bieten wir f\u00fcr alle unsere Behandlungen eine kostenlose An\u00e4sthesie an.<\/li>\n\n\n\n<li><strong>Kompetenz und Sicherheit<\/strong><br\/>Unsere \u00c4rzte sind BIG-registriert und haben eine intensive Ausbildung an den besten internationalen Akademien im In- und Ausland absolviert. Sie befinden sich in vertrauensw\u00fcrdigen und fachkundigen H\u00e4nden. <\/li>\n\n\n\n<li><strong>Personalisierte Nachsorge<\/strong><br\/>Check-up-Termine werden von uns sehr empfohlen und sind immer kostenlos. Wir bieten au\u00dferdem eine vierw\u00f6chige Garantiezeit an, in der kleinere Anpassungen kostenlos vorgenommen werden. <\/li>\n<\/ul>\n\n\n\n<p><strong>In Notf\u00e4llen rufen Sie an<\/strong>: <a href=\"tel:0613398171\"><strong>+31(0)6 13 39 81 71<\/strong><\/a><\/p>\n<\/div><figure class=\"wp-block-media-text__media\"><img loading=\"lazy\" decoding=\"async\" width=\"683\" height=\"1024\" src=\"https:\/\/aeprilclinics.nl\/wp-content\/uploads\/2025\/01\/BN4A9197-683x1024.jpg\" alt=\"\" class=\"wp-image-1015 size-full\" style=\"object-position:50% 50%\" srcset=\"https:\/\/aeprilclinics.nl\/wp-content\/uploads\/2025\/01\/BN4A9197-683x1024.jpg 683w, https:\/\/aeprilclinics.nl\/wp-content\/uploads\/2025\/01\/BN4A9197-200x300.jpg 200w, https:\/\/aeprilclinics.nl\/wp-content\/uploads\/2025\/01\/BN4A9197-768x1152.jpg 768w, https:\/\/aeprilclinics.nl\/wp-content\/uploads\/2025\/01\/BN4A9197-1024x1536.jpg 1024w, https:\/\/aeprilclinics.nl\/wp-content\/uploads\/2025\/01\/BN4A9197-1365x2048.jpg 1365w, https:\/\/aeprilclinics.nl\/wp-content\/uploads\/2025\/01\/BN4A9197-180x270.jpg 180w, https:\/\/aeprilclinics.nl\/wp-content\/uploads\/2025\/01\/BN4A9197-scaled.jpg 1707w\" sizes=\"auto, (max-width: 683px) 100vw, 683px\" \/><\/figure><\/div>\n\n<div class=\"wp-block-cover alignfull is-light\" style=\"margin-top:var(--wp--preset--spacing--60);margin-bottom:0\"><span aria-hidden=\"true\" class=\"wp-block-cover__background has-accent-2-background-color has-background-dim-100 has-background-dim\"><\/span><div class=\"wp-block-cover__inner-container has-global-padding is-layout-constrained wp-block-cover-is-layout-constrained\">\n<div class=\"wp-block-columns is-layout-flex wp-container-core-columns-is-layout-28f84493 wp-block-columns-is-layout-flex\">\n<div class=\"wp-block-column is-layout-flow wp-block-column-is-layout-flow\">\n<p>Die Aepril-Kliniken sind Mitglied des Beschwerdeverfahrens<a href=\"https:\/\/dokh.nl\/eerste-hulp-bij\/klachten-en-geschillenregeling\/patient\/een-klacht-over-uw-arts\" target=\"_blank\" rel=\"noreferrer noopener\"> der DOKh-Stiftung.<\/a> Sie fungieren als unabh\u00e4ngiger Beschwerdebeauftragter und vermitteln zwischen dem Arzt und dem Patienten. <a href=\"https:\/\/aeprilclinics.nl\/de\/unsere-beschwerdepolitik\/\">Lesen Sie hier mehr \u00fcber unsere Beschwerdepolitik.<\/a><\/p>\n\n\n\n<p>Ein erfolgreiches Verfahren beginnt mit einem geeigneten Arzt. &#8211; NVCG<\/p>\n<\/div>\n\n\n\n<div class=\"wp-block-column is-layout-flow wp-block-column-is-layout-flow\">\n<p>In den Aepril-Kliniken arbeiten nur BIG-registrierte \u00c4rzte. Diese \u00c4rzte sind qualifiziert und hoch kompetent, um die von uns angebotenen Behandlungen durchzuf\u00fchren.   <\/p>\n\n\n\n<p>Wir folgen dem <a href=\"https:\/\/cdn1.site-media.eu\/images\/document\/7734497\/KwaliteitskaderCosmetischeZorg.pdf\" target=\"_blank\" rel=\"noreferrer noopener\">Qualit\u00e4tsrahmen der niederl\u00e4ndischen Regierung f\u00fcr die kosmetische Versorgung (PDF)<\/a> und arbeiten nach den Richtlinien der <a href=\"https:\/\/nvcg.nl\/\" target=\"_blank\" rel=\"noreferrer noopener\">Niederl\u00e4ndischen Vereinigung f\u00fcr kosmetische Medizin (NVCG).<\/a><\/p>\n<\/div>\n<\/div>\n<\/div><\/div>\n\n<hr class=\"wp-block-separator has-alpha-channel-opacity\"\/>\n\n<h2 class=\"wp-block-heading has-text-align-center\"><strong>Qualit\u00e4tsbericht Aepril Cosmetic Clinic 2025<\/strong><\/h2>\n\n<hr class=\"wp-block-separator has-alpha-channel-opacity\"\/>\n\n<h4 class=\"wp-block-heading\"><strong>1. Einf\u00fchrung<\/strong><\/h4>\n\n<p>F\u00fcr die Aepril-Kliniken ist eine sichere, fachkundige und verantwortungsvolle kosmetische Behandlung von zentraler Bedeutung. Unsere Kunden m\u00fcssen sich auf eine qualitativ hochwertige Pflege verlassen k\u00f6nnen, die von gut ausgebildeten Fachkr\u00e4ften in einer sicheren und pers\u00f6nlichen Umgebung durchgef\u00fchrt wird. <\/p>\n\n<p>Dieser Qualit\u00e4tsbericht wurde in \u00dcbereinstimmung mit dem offiziellen <a class=\"\" href=\"https:\/\/www.zorginzicht.nl\/kwaliteitsinstrumenten\/cosmetische-zorg-kwaliteitskader\">Cosmetic Care Quality Framework<\/a> erstellt und soll Transparenz dar\u00fcber schaffen, wie wir Qualit\u00e4t sicherstellen und uns kontinuierlich verbessern. Transparenz, Vertrauen und Qualit\u00e4t stehen im Mittelpunkt unserer Arbeit. <\/p>\n\n<p>Mit diesem Jahresbericht bieten wir Ihnen einen Einblick in unsere Arbeitsmethoden, Schulungen, Sicherheit und den Umgang mit Feedback. Auf diese Weise arbeiten wir heute und in Zukunft weiter an der Erreichung des h\u00f6chsten Pflegestandards. <\/p>\n\n<p><em>Dieser Bericht wurde am 30-07-2025 ver\u00f6ffentlicht und ist f\u00fcr Kunden, Regulierungsbeh\u00f6rden und andere Interessengruppen frei zug\u00e4nglich.<\/em><\/p>\n\n<h4 class=\"wp-block-heading\"><strong>2. Unsere Vision von kosmetischer Pflege<\/strong><\/h4>\n\n<p>Wir glauben, dass kosmetische Behandlungen \u00fcber das Aussehen hinausgehen. Es handelt sich um eine Form der medizinischen Versorgung, bei der Professionalit\u00e4t, ethisches Verhalten und die Sorge um das Wohlbefinden des Kunden untrennbar miteinander verbunden sind. <\/p>\n\n<p>Unser Ansatz ist ganzheitlich: Wir kombinieren hochwertige Injektionsmittel mit medizinischem Fachwissen und echter pers\u00f6nlicher Aufmerksamkeit. Manchmal bedeutet dies, dass wir von einer Behandlung abraten oder sie verschieben, wenn wir glauben, dass dies im besten Interesse des Kunden ist. <\/p>\n\n<p>Wir streben immer nat\u00fcrliche Ergebnisse an, die das Selbstvertrauen des Kunden st\u00e4rken, und keine unrealistische Perfektion.<\/p>\n\n<h4 class=\"wp-block-heading\"><strong>3. Fachwissen der Praktiker<\/strong><\/h4>\n\n<p>In den Aepril-Kliniken arbeiten nur von BIG zugelassene \u00c4rzte oder spezialisierte Krankenschwestern mit nachgewiesener Erfahrung in der kosmetischen Medizin. Neue \u00c4rzte durchlaufen ein intensives internes Trainingsprogramm unter der Leitung von Drs. Elnaz Alagha, bei dem Behandlungen nur auf der Grundlage unabh\u00e4ngiger Kriterien durchgef\u00fchrt werden:  <\/p>\n\n<ul class=\"wp-block-list\">\n<li><strong>Kompetenz:<\/strong> offizielle Registrierung und Akkreditierung<\/li>\n\n\n\n<li><strong>Kompetenz:<\/strong> nachgewiesene F\u00e4higkeiten durch praktische Ausbildung<\/li>\n\n\n\n<li><strong>Bewertung:<\/strong> interne und externe \u00dcberpr\u00fcfung der Behandlungsergebnisse<\/li>\n<\/ul>\n\n<p>Unsere Praktiker nehmen jedes Jahr an mehreren Fortbildungskursen teil, darunter:<\/p>\n\n<ul class=\"wp-block-list\">\n<li>Interne Supervisionen und Job-Shadowing-Tage<\/li>\n\n\n\n<li>Produktschulung f\u00fcr Lieferanten<\/li>\n\n\n\n<li>Internationale Konferenzen und Kurse<\/li>\n\n\n\n<li>Fallkonferenzen und Peer Reviews<\/li>\n<\/ul>\n\n<p>Diese systematische Fortbildung garantiert, dass unsere \u00c4rzte immer nach den neuesten Erkenntnissen und Techniken arbeiten. Die BIG-Codes werden bei unseren \u00c4rzten online ver\u00f6ffentlicht und k\u00f6nnen auf Anfrage von jedem eingesehen werden. <\/p>\n\n<h4 class=\"wp-block-heading\"><strong>4. Informierte Zustimmung und Konsultation<\/strong><\/h4>\n\n<p>Jeder Kunde erh\u00e4lt vor einer Behandlung, auch bei Wiederholungsbehandlungen, eine umfassende Beratung von mindestens 10 Minuten. Darin besprechen wir: <\/p>\n\n<ul class=\"wp-block-list\">\n<li>Die medizinischen und \u00e4sthetischen Bed\u00fcrfnisse des Kunden<\/li>\n\n\n\n<li>Realistische Erwartungen<\/li>\n\n\n\n<li>Behandlungsm\u00f6glichkeiten und Risiken<\/li>\n\n\n\n<li>Der medizinische Hintergrund und eventuelle Kontraindikationen<\/li>\n<\/ul>\n\n<p>Auf der Grundlage dieser Informationen wird eine informierte Entscheidung getroffen. Wir arbeiten nach dem Prinzip der <em>informierten Zustimmung<\/em> und f\u00fchren strenge Aufzeichnungen in \u00dcbereinstimmung mit den medizinischen Richtlinien. Erst wenn wir von der medizinischen und ethischen Stichhaltigkeit \u00fcberzeugt sind, gehen wir zur Behandlung \u00fcber.    <\/p>\n\n<p>Eine Behandlung wird nur dann durchgef\u00fchrt, wenn eine klare Indikation vorliegt, die dem Hilfeersuchen angemessen und medizinisch gerechtfertigt ist.<\/p>\n\n<h4 class=\"wp-block-heading\"><strong>5. Sicherheit, Hygiene<\/strong> <strong>und Komplikationen<\/strong><\/h4>\n\n<p>Hygiene und Sicherheit haben f\u00fcr uns oberste Priorit\u00e4t. Unsere Kliniken werden w\u00f6chentlich professionell gereinigt und t\u00e4glich von unserem Team selbst gewartet. Zwischen den Behandlungen wird jeder Raum gr\u00fcndlich desinfiziert.  <\/p>\n\n<p>Wir arbeiten f\u00fcr alle unsere Produkte und Werkzeuge:<\/p>\n\n<ul class=\"wp-block-list\">\n<li>Pr\u00e4vention von Infektionen<\/li>\n\n\n\n<li>Verfahren f\u00fcr Notf\u00e4lle und Komplikationen<\/li>\n\n\n\n<li>Medikamentenverwaltung und Produktlagerung<\/li>\n<\/ul>\n\n<p>Wir f\u00fchren ein Komplikationsregister und haben ein Protokoll f\u00fcr die Meldung von Ungl\u00fccksf\u00e4llen in \u00dcbereinstimmung mit dem Wkkgz.  <\/p>\n\n<p>Wir fordern jeden Kunden auf, nach 2 Wochen einen kostenlosen Kontrolltermin wahrzunehmen, um sich von einem unserer \u00c4rzte untersuchen zu lassen, unabh\u00e4ngig vom Ergebnis. So k\u00f6nnen wir Komplikationen erkennen und rechtzeitig handeln, auch wenn der Kunde nicht in der Lage ist, sie selbst zu beurteilen. <\/p>\n\n<p>Diese Protokolle werden viertelj\u00e4hrlich in Zusammenarbeit mit einem externen medizinischen Berater \u00fcberpr\u00fcft und aktualisiert. So halten wir uns an die strengsten Standards. <\/p>\n\n<p>F\u00fcr die Nachsorge und bei Komplikationen sind wir telefonisch rund um die Uhr erreichbar und das Telefon hat auch eine Reserve, falls die erste Person nicht rangehen kann. Dar\u00fcber hinaus sind wir auch \u00fcber Whatsapp erreichbar. <\/p>\n\n<h4 class=\"wp-block-heading\"><strong>6. Produkte, Werkzeuge und Qualit\u00e4t<\/strong><\/h4>\n\n<p>Was unsere Produkte betrifft, so arbeiten wir nur mit CE-zertifizierten Medikamenten, die nur auf Rezept und direkt vom Hauptlieferanten mit einer Apotheke als medizinischem Ansprechpartner erh\u00e4ltlich sind. Wir beziehen keine Produkte au\u00dferhalb Europas oder von unzuverl\u00e4ssigen und nicht zertifizierten Verkaufsstellen. <\/p>\n\n<p>Herkunft und Chargennummern werden in der Akte festgehalten, so dass alle Kunden die verwendeten Medikamente jederzeit einsichtig wiederfinden k\u00f6nnen.<\/p>\n\n<p>Wir sind nicht trendbewusst und erforschen eine neue Behandlung, Technik oder ein neues Produkt mindestens 6 Monate lang, bevor wir es anbieten. Unsere Qualit\u00e4tsstandards sind: <\/p>\n\n<ul class=\"wp-block-list\">\n<li><strong>Erfahrung auf dem Markt: <\/strong>Anzahl der Jahre, die das Produkt\/die Behandlung auf dem Markt ist<\/li>\n\n\n\n<li><strong>Europ\u00e4ische Zertifizierungen: <\/strong>Herkunftsland des Produkts\/der Behandlung<\/li>\n\n\n\n<li><strong>Evidenzbasierte Ergebnisse: <\/strong>mehrere qualitative Studien und Ergebnisse, die zeigen, dass das Produkt\/die Behandlung sicher ist und die Erwartungen erf\u00fcllt<\/li>\n<\/ul>\n\n<p>Sobald ein neues Produkt\/eine neue Behandlung in unser Angebot aufgenommen wird, wird sie nur von \u00c4rzten durchgef\u00fchrt, die daf\u00fcr kompetent und zugelassen sind.  <\/p>\n\n<h4 class=\"wp-block-heading\"><strong>7. Kundenzufriedenheit und Umgang mit Beschwerden<\/strong><\/h4>\n\n<p>Wir sind stolz auf unseren ausgezeichneten Ruf, der durch mehr als hundert positive Bewertungen auf verschiedenen Plattformen gest\u00fctzt wird. Dennoch bleiben wir wachsam und selbstkritisch.  Wir beziehen unsere Kunden regelm\u00e4\u00dfig in die Verbesserung unserer Dienstleistungen durch anonyme Umfragen oder pers\u00f6nliche Feedbackgespr\u00e4che ein.<\/p>\n\n<p>Unser Ansatz:<\/p>\n\n<ul class=\"wp-block-list\">\n<li>Regelm\u00e4\u00dfige Umfragen zur Kundenzufriedenheit<\/li>\n\n\n\n<li>Aktives Einholen von Feedback nach jeder Behandlung<\/li>\n\n\n\n<li>Interne Diskussion von Vorschl\u00e4gen und Beschwerden<\/li>\n<\/ul>\n\n<p>F\u00fcr offizielle Beschwerden sind wir der <a>DOKh &#8211; Stiftung f\u00fcr Beschwerden und Streitf\u00e4lle im Gesundheitswesen<\/a> angeschlossen. Diese externe Partei bearbeitet Beschwerden objektiv und unabh\u00e4ngig. Wir \u00fcbernehmen die Kosten f\u00fcr die Schlichtung in vollem Umfang.  <\/p>\n\n<h4 class=\"wp-block-heading\"><strong>8. Kontinuierliche Qualit\u00e4tsverbesserung<\/strong><\/h4>\n\n<p>Qualit\u00e4t ist ein kontinuierlicher Prozess. In den Aepril-Kliniken werden w\u00f6chentlich Verbesserungen vorgenommen: <\/p>\n\n<ul class=\"wp-block-list\">\n<li>Momente der Supervision und Intervision<\/li>\n\n\n\n<li>Viertelj\u00e4hrliche Treffen mit Fallbesprechung<\/li>\n\n\n\n<li>Kontinuierliche Aktualisierung der Protokolle<\/li>\n\n\n\n<li>Rechtliche Pr\u00fcfung und Beratung durch einen Fachanwalt f\u00fcr das Gesundheitswesen<\/li>\n<\/ul>\n\n<p>Wir erfassen interne Verbesserungspunkte und setzen sie schnell und strukturiert in unserer Politik und t\u00e4glichen Praxis um.<\/p>\n\n<h4 class=\"wp-block-heading\"><strong>9. Privatsph\u00e4re und Datenschutz<\/strong><\/h4>\n\n<p>Wir behandeln pers\u00f6nliche Daten mit \u00e4u\u00dferster Sorgfalt. Nur \u00c4rzte, die direkt an der Behandlung beteiligt sind, haben Zugang zu den medizinischen Unterlagen. <\/p>\n\n<p>Unser Ansatz:<\/p>\n\n<ul class=\"wp-block-list\">\n<li>Vollst\u00e4ndige AVG-konforme Richtlinie<\/li>\n\n\n\n<li>Verwendung von sicheren, zertifizierten Softwaresystemen<\/li>\n\n\n\n<li>M\u00f6glichkeit der vollst\u00e4ndigen L\u00f6schung der Daten auf Anfrage<\/li>\n\n\n\n<li>Keine Verwendung von Kundendaten f\u00fcr kommerzielle Zwecke ohne ausdr\u00fcckliche Zustimmung<\/li>\n<\/ul>\n\n<p>Patientensicherheit und Datenschutz gehen bei uns Hand in Hand.<\/p>\n\n<h4 class=\"wp-block-heading\"><strong>10. Rechtfertigung und Datum der Erstellung<\/strong><\/h4>\n\n<p>Dieser Qualit\u00e4tsbericht wurde von Dr. Elnaz Alagha, Chefarzt der Aepril Cosmetic Clinic Hengelo B.V., am <strong>30. Juli 2025<\/strong> erstellt. <\/p>\n\n<p>Der Bericht wird j\u00e4hrlich aktualisiert und alle sechs Monate intern \u00fcberpr\u00fcft.<\/p>\n\n<hr class=\"wp-block-separator has-alpha-channel-opacity\"\/>\n\n<div class=\"wp-block-cover alignfull is-light wave\" style=\"margin-top:0;margin-bottom:0;padding-bottom:var(--wp--preset--spacing--30)\"><span aria-hidden=\"true\" class=\"wp-block-cover__background has-accent-background-color has-background-dim-100 has-background-dim\"><\/span><div class=\"wp-block-cover__inner-container has-global-padding is-layout-constrained wp-block-cover-is-layout-constrained\">\n<h2 class=\"wp-block-heading has-text-align-center\">Unterstreichen Sie Ihre nat\u00fcrliche Sch\u00f6nheit.<\/h2>\n\n\n\n<div style=\"height:15px\" aria-hidden=\"true\" class=\"wp-block-spacer\"><\/div>\n\n\n\n<div class=\"wp-block-buttons is-content-justification-center is-layout-flex wp-container-core-buttons-is-layout-a89b3969 wp-block-buttons-is-layout-flex\">\n<div class=\"wp-block-button\"><a class=\"wp-block-button__link has-base-color has-accent-3-background-color has-text-color has-background has-link-color wp-element-button\" href=\"https:\/\/aeprilclinics.nl\/de\/kostenlose-beratung-buchen\/\">Kostenlose Beratung buchen<\/a><\/div>\n<\/div>\n<\/div><\/div>\n\n<p><\/p>\n","protected":false},"excerpt":{"rendered":"<p>Qualit\u00e4tsbericht Aepril Cosmetic Clinic 2025 1. Einf\u00fchrung F\u00fcr die Aepril-Kliniken ist eine sichere, fachkundige und verantwortungsvolle kosmetische Behandlung von zentraler Bedeutung. Unsere Kunden m\u00fcssen sich auf eine qualitativ hochwertige Pflege verlassen k\u00f6nnen, die von gut ausgebildeten Fachkr\u00e4ften in einer sicheren&#8230;<\/p>\n","protected":false},"author":10,"featured_media":6429,"parent":0,"menu_order":0,"comment_status":"closed","ping_status":"closed","template":"","meta":{"_acf_changed":false,"footnotes":""},"class_list":["post-8888","page","type-page","status-publish","has-post-thumbnail","hentry"],"acf":[],"yoast_head":"<!-- This site is optimized with the Yoast SEO plugin v27.2 - https:\/\/yoast.com\/product\/yoast-seo-wordpress\/ -->\n<title>Medizinische Informationen - Aepril<\/title>\n<meta name=\"description\" content=\"Lesen Sie alles \u00fcber die Sicherheit, die Methoden und den medizinischen Hintergrund unserer Behandlungen. Vertrauen Sie auf die Kompetenz der Aepril-Kliniken.\" \/>\n<meta name=\"robots\" content=\"index, follow, max-snippet:-1, max-image-preview:large, max-video-preview:-1\" \/>\n<link rel=\"canonical\" href=\"https:\/\/aeprilclinics.nl\/de\/medizinische-informationen\/\" \/>\n<meta property=\"og:locale\" content=\"de_DE\" \/>\n<meta property=\"og:type\" content=\"article\" \/>\n<meta property=\"og:title\" content=\"Medizinische Informationen - Aepril\" \/>\n<meta property=\"og:description\" content=\"Lesen Sie alles \u00fcber die Sicherheit, die Methoden und den medizinischen Hintergrund unserer Behandlungen. Vertrauen Sie auf die Kompetenz der Aepril-Kliniken.\" \/>\n<meta property=\"og:url\" content=\"https:\/\/aeprilclinics.nl\/de\/medizinische-informationen\/\" \/>\n<meta property=\"og:site_name\" content=\"Aepril\" \/>\n<meta property=\"article:modified_time\" content=\"2026-05-16T13:50:15+00:00\" \/>\n<meta property=\"og:image\" content=\"https:\/\/aeprilclinics.nl\/wp-content\/uploads\/2025\/02\/aesthe-clinics-Final-07.png\" \/>\n\t<meta property=\"og:image:width\" content=\"6667\" \/>\n\t<meta property=\"og:image:height\" content=\"5001\" \/>\n\t<meta property=\"og:image:type\" content=\"image\/png\" \/>\n<meta name=\"twitter:card\" content=\"summary_large_image\" \/>\n<meta name=\"twitter:label1\" content=\"Gesch\u00e4tzte Lesezeit\" \/>\n\t<meta name=\"twitter:data1\" content=\"7\u00a0Minuten\" \/>\n<script type=\"application\/ld+json\" class=\"yoast-schema-graph\">{\"@context\":\"https:\/\/schema.org\",\"@graph\":[{\"@type\":\"WebPage\",\"@id\":\"https:\/\/aeprilclinics.nl\/de\/medizinische-informationen\/\",\"url\":\"https:\/\/aeprilclinics.nl\/de\/medizinische-informationen\/\",\"name\":\"Medizinische Informationen - Aepril\",\"isPartOf\":{\"@id\":\"https:\/\/aeprilclinics.nl\/de\/#website\"},\"primaryImageOfPage\":{\"@id\":\"https:\/\/aeprilclinics.nl\/de\/medizinische-informationen\/#primaryimage\"},\"image\":{\"@id\":\"https:\/\/aeprilclinics.nl\/de\/medizinische-informationen\/#primaryimage\"},\"thumbnailUrl\":\"https:\/\/aeprilclinics.nl\/wp-content\/uploads\/2025\/02\/aesthe-clinics-Final-07.png\",\"datePublished\":\"2025-01-22T13:21:16+00:00\",\"dateModified\":\"2026-05-16T13:50:15+00:00\",\"description\":\"Lesen Sie alles \u00fcber die Sicherheit, die Methoden und den medizinischen Hintergrund unserer Behandlungen. Vertrauen Sie auf die Kompetenz der Aepril-Kliniken.\",\"breadcrumb\":{\"@id\":\"https:\/\/aeprilclinics.nl\/de\/medizinische-informationen\/#breadcrumb\"},\"inLanguage\":\"de\",\"potentialAction\":[{\"@type\":\"ReadAction\",\"target\":[\"https:\/\/aeprilclinics.nl\/de\/medizinische-informationen\/\"]}]},{\"@type\":\"ImageObject\",\"inLanguage\":\"de\",\"@id\":\"https:\/\/aeprilclinics.nl\/de\/medizinische-informationen\/#primaryimage\",\"url\":\"https:\/\/aeprilclinics.nl\/wp-content\/uploads\/2025\/02\/aesthe-clinics-Final-07.png\",\"contentUrl\":\"https:\/\/aeprilclinics.nl\/wp-content\/uploads\/2025\/02\/aesthe-clinics-Final-07.png\",\"width\":6667,\"height\":5001},{\"@type\":\"BreadcrumbList\",\"@id\":\"https:\/\/aeprilclinics.nl\/de\/medizinische-informationen\/#breadcrumb\",\"itemListElement\":[{\"@type\":\"ListItem\",\"position\":1,\"name\":\"Home\",\"item\":\"https:\/\/aeprilclinics.nl\/de\/\"},{\"@type\":\"ListItem\",\"position\":2,\"name\":\"Medizinische Informationen\"}]},{\"@type\":\"WebSite\",\"@id\":\"https:\/\/aeprilclinics.nl\/de\/#website\",\"url\":\"https:\/\/aeprilclinics.nl\/de\/\",\"name\":\"Aepril\",\"description\":\"\",\"potentialAction\":[{\"@type\":\"SearchAction\",\"target\":{\"@type\":\"EntryPoint\",\"urlTemplate\":\"https:\/\/aeprilclinics.nl\/de\/?s={search_term_string}\"},\"query-input\":{\"@type\":\"PropertyValueSpecification\",\"valueRequired\":true,\"valueName\":\"search_term_string\"}}],\"inLanguage\":\"de\"}]}<\/script>\n<!-- \/ Yoast SEO plugin. -->","yoast_head_json":{"title":"Medizinische Informationen - Aepril","description":"Lesen Sie alles \u00fcber die Sicherheit, die Methoden und den medizinischen Hintergrund unserer Behandlungen. Vertrauen Sie auf die Kompetenz der Aepril-Kliniken.","robots":{"index":"index","follow":"follow","max-snippet":"max-snippet:-1","max-image-preview":"max-image-preview:large","max-video-preview":"max-video-preview:-1"},"canonical":"https:\/\/aeprilclinics.nl\/de\/medizinische-informationen\/","og_locale":"de_DE","og_type":"article","og_title":"Medizinische Informationen - Aepril","og_description":"Lesen Sie alles \u00fcber die Sicherheit, die Methoden und den medizinischen Hintergrund unserer Behandlungen. Vertrauen Sie auf die Kompetenz der Aepril-Kliniken.","og_url":"https:\/\/aeprilclinics.nl\/de\/medizinische-informationen\/","og_site_name":"Aepril","article_modified_time":"2026-05-16T13:50:15+00:00","og_image":[{"width":6667,"height":5001,"url":"https:\/\/aeprilclinics.nl\/wp-content\/uploads\/2025\/02\/aesthe-clinics-Final-07.png","type":"image\/png"}],"twitter_card":"summary_large_image","twitter_misc":{"Gesch\u00e4tzte Lesezeit":"7\u00a0Minuten"},"schema":{"@context":"https:\/\/schema.org","@graph":[{"@type":"WebPage","@id":"https:\/\/aeprilclinics.nl\/de\/medizinische-informationen\/","url":"https:\/\/aeprilclinics.nl\/de\/medizinische-informationen\/","name":"Medizinische Informationen - Aepril","isPartOf":{"@id":"https:\/\/aeprilclinics.nl\/de\/#website"},"primaryImageOfPage":{"@id":"https:\/\/aeprilclinics.nl\/de\/medizinische-informationen\/#primaryimage"},"image":{"@id":"https:\/\/aeprilclinics.nl\/de\/medizinische-informationen\/#primaryimage"},"thumbnailUrl":"https:\/\/aeprilclinics.nl\/wp-content\/uploads\/2025\/02\/aesthe-clinics-Final-07.png","datePublished":"2025-01-22T13:21:16+00:00","dateModified":"2026-05-16T13:50:15+00:00","description":"Lesen Sie alles \u00fcber die Sicherheit, die Methoden und den medizinischen Hintergrund unserer Behandlungen. Vertrauen Sie auf die Kompetenz der Aepril-Kliniken.","breadcrumb":{"@id":"https:\/\/aeprilclinics.nl\/de\/medizinische-informationen\/#breadcrumb"},"inLanguage":"de","potentialAction":[{"@type":"ReadAction","target":["https:\/\/aeprilclinics.nl\/de\/medizinische-informationen\/"]}]},{"@type":"ImageObject","inLanguage":"de","@id":"https:\/\/aeprilclinics.nl\/de\/medizinische-informationen\/#primaryimage","url":"https:\/\/aeprilclinics.nl\/wp-content\/uploads\/2025\/02\/aesthe-clinics-Final-07.png","contentUrl":"https:\/\/aeprilclinics.nl\/wp-content\/uploads\/2025\/02\/aesthe-clinics-Final-07.png","width":6667,"height":5001},{"@type":"BreadcrumbList","@id":"https:\/\/aeprilclinics.nl\/de\/medizinische-informationen\/#breadcrumb","itemListElement":[{"@type":"ListItem","position":1,"name":"Home","item":"https:\/\/aeprilclinics.nl\/de\/"},{"@type":"ListItem","position":2,"name":"Medizinische Informationen"}]},{"@type":"WebSite","@id":"https:\/\/aeprilclinics.nl\/de\/#website","url":"https:\/\/aeprilclinics.nl\/de\/","name":"Aepril","description":"","potentialAction":[{"@type":"SearchAction","target":{"@type":"EntryPoint","urlTemplate":"https:\/\/aeprilclinics.nl\/de\/?s={search_term_string}"},"query-input":{"@type":"PropertyValueSpecification","valueRequired":true,"valueName":"search_term_string"}}],"inLanguage":"de"}]}},"_links":{"self":[{"href":"https:\/\/aeprilclinics.nl\/de\/wp-json\/wp\/v2\/pages\/8888","targetHints":{"allow":["GET"]}}],"collection":[{"href":"https:\/\/aeprilclinics.nl\/de\/wp-json\/wp\/v2\/pages"}],"about":[{"href":"https:\/\/aeprilclinics.nl\/de\/wp-json\/wp\/v2\/types\/page"}],"author":[{"embeddable":true,"href":"https:\/\/aeprilclinics.nl\/de\/wp-json\/wp\/v2\/users\/10"}],"replies":[{"embeddable":true,"href":"https:\/\/aeprilclinics.nl\/de\/wp-json\/wp\/v2\/comments?post=8888"}],"version-history":[{"count":4,"href":"https:\/\/aeprilclinics.nl\/de\/wp-json\/wp\/v2\/pages\/8888\/revisions"}],"predecessor-version":[{"id":8930,"href":"https:\/\/aeprilclinics.nl\/de\/wp-json\/wp\/v2\/pages\/8888\/revisions\/8930"}],"wp:featuredmedia":[{"embeddable":true,"href":"https:\/\/aeprilclinics.nl\/de\/wp-json\/wp\/v2\/media\/6429"}],"wp:attachment":[{"href":"https:\/\/aeprilclinics.nl\/de\/wp-json\/wp\/v2\/media?parent=8888"}],"curies":[{"name":"wp","href":"https:\/\/api.w.org\/{rel}","templated":true}]}}