{"id":8846,"date":"2025-01-22T13:21:16","date_gmt":"2025-01-22T13:21:16","guid":{"rendered":"https:\/\/aeprilclinics.nl\/unsere-geschichte\/"},"modified":"2026-05-16T13:50:29","modified_gmt":"2026-05-16T13:50:29","slug":"unsere-geschichte","status":"publish","type":"page","link":"https:\/\/aeprilclinics.nl\/de\/unsere-geschichte\/","title":{"rendered":"Unsere Geschichte"},"content":{"rendered":"\n<div class=\"wp-block-media-text has-media-on-the-right is-stacked-on-mobile is-image-fill-element\"><div class=\"wp-block-media-text__content\">\n<h5 class=\"wp-block-heading\">Hintergrund<\/h5>\n\n\n\n<h2 class=\"wp-block-heading\">Unsere Geschichte<\/h2>\n\n\n\n<p>Wir sind Bahman Zarghami und Elnaz Alagha. Partner im Leben und in unserer Leidenschaft f\u00fcr die kosmetische Medizin. Was uns antreibt, ist nicht nur die Liebe zu unserem Beruf, sondern vor allem der Einfluss, den wir auf das Selbstvertrauen der Menschen aus\u00fcben k\u00f6nnen. Wir glauben, dass es bei der Sch\u00f6nheit nicht um Perfektion geht, sondern um Ausgewogenheit, nat\u00fcrliche Ausstrahlung und die Hervorhebung der einzigartigen Merkmale eines Menschen.   <\/p>\n\n\n\n<p>In unseren Jahren in der Kosmetikbranche haben wir gesehen, dass sich viele Kliniken auf schnelle Behandlungen ohne pers\u00f6nliche Betreuung konzentrieren. Die Kunden erhalten nicht immer eine ehrliche Beratung, und die Ergebnisse entsprechen nicht immer ihren Erwartungen. Das musste sich \u00e4ndern. Deshalb haben wir beschlossen, gemeinsam unsere eigene Klinik zu gr\u00fcnden. Ein Ort, an dem ein pers\u00f6nlicher Ansatz, Ehrlichkeit und eine qualitativ hochwertige Behandlung an erster Stelle stehen.    <\/p>\n\n\n\n<p>Bei uns geht es nicht nur um eine Behandlung, sondern um ein Erlebnis. Wir nehmen uns die Zeit, zuzuh\u00f6ren, W\u00fcnsche zu erkennen und einen ma\u00dfgeschneiderten Behandlungsplan zu erstellen. Unser Ziel ist es, Menschen auf nat\u00fcrliche Weise sch\u00f6ner zu machen, ohne ihr einzigartiges Aussehen zu verlieren.  <\/p>\n\n\n\n<p>Unsere Mission ist klar: Wir wollen die Welt der Kosmetik durch Transparenz, Qualit\u00e4t und echte F\u00fcrsorge f\u00fcr unsere Kunden verbessern. F\u00fcr uns ist das nicht nur ein Gesch\u00e4ft, sondern unsere Leidenschaft, unser Beruf und unsere Art, zum Wohlbefinden und Selbstbewusstsein anderer beizutragen. <\/p>\n\n\n\n<p>Und wir tun es gemeinsam, mit Liebe.<\/p>\n<\/div><figure class=\"wp-block-media-text__media\"><img loading=\"lazy\" decoding=\"async\" width=\"683\" height=\"1024\" src=\"https:\/\/aeprilclinics.nl\/wp-content\/uploads\/2025\/01\/BN4A9197-683x1024.jpg\" alt=\"\" class=\"wp-image-1015 size-full\" style=\"object-position:50% 50%\" srcset=\"https:\/\/aeprilclinics.nl\/wp-content\/uploads\/2025\/01\/BN4A9197-683x1024.jpg 683w, https:\/\/aeprilclinics.nl\/wp-content\/uploads\/2025\/01\/BN4A9197-200x300.jpg 200w, https:\/\/aeprilclinics.nl\/wp-content\/uploads\/2025\/01\/BN4A9197-768x1152.jpg 768w, https:\/\/aeprilclinics.nl\/wp-content\/uploads\/2025\/01\/BN4A9197-1024x1536.jpg 1024w, https:\/\/aeprilclinics.nl\/wp-content\/uploads\/2025\/01\/BN4A9197-1365x2048.jpg 1365w, https:\/\/aeprilclinics.nl\/wp-content\/uploads\/2025\/01\/BN4A9197-180x270.jpg 180w, https:\/\/aeprilclinics.nl\/wp-content\/uploads\/2025\/01\/BN4A9197-scaled.jpg 1707w\" sizes=\"auto, (max-width: 683px) 100vw, 683px\" \/><\/figure><\/div>\n\n<hr class=\"wp-block-separator has-alpha-channel-opacity\"\/>\n\n<div class=\"wp-block-media-text is-stacked-on-mobile is-image-fill-element\"><figure class=\"wp-block-media-text__media\"><img loading=\"lazy\" decoding=\"async\" width=\"683\" height=\"1024\" src=\"https:\/\/aeprilclinics.nl\/wp-content\/uploads\/2025\/01\/BN4A8397-Verbeterd-NR-683x1024.jpg\" alt=\"\" class=\"wp-image-1048 size-full\" style=\"object-position:50% 50%\" srcset=\"https:\/\/aeprilclinics.nl\/wp-content\/uploads\/2025\/01\/BN4A8397-Verbeterd-NR-683x1024.jpg 683w, https:\/\/aeprilclinics.nl\/wp-content\/uploads\/2025\/01\/BN4A8397-Verbeterd-NR-200x300.jpg 200w, https:\/\/aeprilclinics.nl\/wp-content\/uploads\/2025\/01\/BN4A8397-Verbeterd-NR-768x1152.jpg 768w, https:\/\/aeprilclinics.nl\/wp-content\/uploads\/2025\/01\/BN4A8397-Verbeterd-NR-1024x1536.jpg 1024w, https:\/\/aeprilclinics.nl\/wp-content\/uploads\/2025\/01\/BN4A8397-Verbeterd-NR-1365x2048.jpg 1365w, https:\/\/aeprilclinics.nl\/wp-content\/uploads\/2025\/01\/BN4A8397-Verbeterd-NR-180x270.jpg 180w, https:\/\/aeprilclinics.nl\/wp-content\/uploads\/2025\/01\/BN4A8397-Verbeterd-NR-scaled.jpg 1707w\" sizes=\"auto, (max-width: 683px) 100vw, 683px\" \/><\/figure><div class=\"wp-block-media-text__content\">\n<h5 class=\"wp-block-heading\">Unsere Vision<\/h5>\n\n\n\n<h2 class=\"wp-block-heading\">Wof\u00fcr wir stehen<\/h2>\n\n\n\n<p>Unsere Klinik ruht auf drei Hauptpfeilern, die alles, was wir tun, bestimmen:<\/p>\n\n\n\n<p><strong>Liebe<\/strong><br\/>In den Aepril-Kliniken behandeln wir jeden Kunden mit echter Aufmerksamkeit und Herzlichkeit. Die Liebe zu unserem Beruf und die Liebe zu unseren Kunden stehen im Mittelpunkt jeder Behandlung. Das erleben Sie vom Eintritt bis zum Check-up-Termin.  <\/p>\n\n\n\n<p><strong>Hingabe<\/strong><br\/>Wir streben nach Perfektion in der Pflege und bei den Ergebnissen. Unser Engagement zeigt sich in regelm\u00e4\u00dfigen Schulungen und Weiterbildungen, in der Qualit\u00e4t der Produkte und Werkzeuge und in einem pers\u00f6nlichen Ansatz, der jeden Tag ein bisschen besser wird. <\/p>\n\n\n\n<p><strong>Wohlbefinden<\/strong><br\/>Wir glauben, dass das Innere und das \u00c4u\u00dfere im Gleichgewicht sein sollten und f\u00fchren Sie auf sichere und respektvolle Weise zu einer nat\u00fcrlich sch\u00f6nen Version Ihrer selbst. Manchmal ist keine Behandlung die beste Behandlung und wir werden uns immer f\u00fcr Ihr Wohlbefinden einsetzen. <\/p>\n<\/div><\/div>\n\n<div class=\"wp-block-cover alignfull is-light\" style=\"margin-top:var(--wp--preset--spacing--60);margin-bottom:var(--wp--preset--spacing--60)\"><span aria-hidden=\"true\" class=\"wp-block-cover__background has-accent-2-background-color has-background-dim-100 has-background-dim\"><\/span><div class=\"wp-block-cover__inner-container has-global-padding is-layout-constrained wp-block-cover-is-layout-constrained\">\n<div class=\"wp-block-media-text is-stacked-on-mobile is-image-fill-element\"><figure class=\"wp-block-media-text__media\"><img loading=\"lazy\" decoding=\"async\" width=\"683\" height=\"1024\" src=\"https:\/\/aeprilclinics.nl\/wp-content\/uploads\/2025\/01\/BN4A0034-1-683x1024.jpg\" alt=\"\" class=\"wp-image-990 size-full\" style=\"object-position:50% 50%\" srcset=\"https:\/\/aeprilclinics.nl\/wp-content\/uploads\/2025\/01\/BN4A0034-1-683x1024.jpg 683w, https:\/\/aeprilclinics.nl\/wp-content\/uploads\/2025\/01\/BN4A0034-1-200x300.jpg 200w, https:\/\/aeprilclinics.nl\/wp-content\/uploads\/2025\/01\/BN4A0034-1-768x1152.jpg 768w, https:\/\/aeprilclinics.nl\/wp-content\/uploads\/2025\/01\/BN4A0034-1-1024x1536.jpg 1024w, https:\/\/aeprilclinics.nl\/wp-content\/uploads\/2025\/01\/BN4A0034-1-1365x2048.jpg 1365w, https:\/\/aeprilclinics.nl\/wp-content\/uploads\/2025\/01\/BN4A0034-1-180x270.jpg 180w, https:\/\/aeprilclinics.nl\/wp-content\/uploads\/2025\/01\/BN4A0034-1-scaled.jpg 1707w\" sizes=\"auto, (max-width: 683px) 100vw, 683px\" \/><\/figure><div class=\"wp-block-media-text__content\">\n<h2 class=\"wp-block-heading\">Chase Your Dreams Stiftung<\/h2>\n\n\n\n<p>Der Unterschied zwischen Kindern von Eltern mit hohem und niedrigem Bildungsniveau hat sich in den letzten 15 Jahren verdoppelt (Quelle: CPB). Au\u00dferdem ist die Wahrscheinlichkeit, dass Kinder in St\u00e4dten mit einem h\u00f6heren Durchschnittseinkommen eine HAVO+ Beratung erhalten, bis zu dreimal h\u00f6her (kansenkaart.nl). Diese wachsende Ungleichheit betrifft Millionen von Kindern in den Niederlanden.  <\/p>\n\n\n\n<p>Die Chase Your Dreams Foundation, die derzeit von unseren Gr\u00fcndern Dr. Elnaz und Bahman Zarghami ins Leben gerufen wird, ist eine gemeinn\u00fctzige Organisation mit einer starken Mission: unterprivilegierte junge Menschen zwischen 12 und 22 Jahren dabei zu unterst\u00fctzen, ihre &#8222;unm\u00f6glichen&#8220; Tr\u00e4ume zu verwirklichen. Die Stiftung zielt auch darauf ab, das Bewusstsein von Bildungsfachleuten und Eltern\/Betreuern zu sch\u00e4rfen, damit sie junge Menschen besser dabei unterst\u00fctzen k\u00f6nnen, ihre Talente zu entwickeln und ihre Ziele zu erreichen &#8211; ganz gleich, wie gro\u00df diese auch sein m\u00f6gen. <\/p>\n\n\n\n<p>Die Aepril-Kliniken werden stolzer Hauptsponsor der Stiftung sein. Mit jeder Behandlung, der Sie sich bei uns unterziehen, tragen Sie dazu bei, die Tr\u00e4ume unterprivilegierter Kinder wahr werden zu lassen. Gemeinsam bauen wir eine Zukunft voller Chancengleichheit f\u00fcr alle Kindertr\u00e4ume.  <\/p>\n<\/div><\/div>\n<\/div><\/div>\n\n<h2 class=\"wp-block-heading has-text-align-center\">Medien<\/h2>\n\n<p class=\"has-text-align-center\">Dr. Elnaz hat in ihrer Karriere eine einzigartige Reise hinter sich und wird regelm\u00e4\u00dfig<br\/>gebeten, an Schulen oder bei Veranstaltungen zu sprechen, um<br\/>andere Sch\u00fcler zu inspirieren, ihren Tr\u00e4umen zu folgen. Lesen Sie mehr \u00fcber ihre Geschichte unter<br\/>in einem ihrer Medienauftritte. <\/p>\n\n<p class=\"has-text-align-center\">Ihre Geschichte von Beharrlichkeit, Konzentration und Ehrgeiz sind die S\u00e4ulen der Aepril-Kliniken.<\/p>\n\r\n\r\r\n<style>\r\r\n\r\r\n    \/*Used to keep captions inside the visible area*\/\r\r\n    #foogallery-gallery-1052 .foo-item {\r\r\n        max-height: 150px;\r\r\n    }\r\r\n\r\r\n    #foogallery-gallery-1052.border-style-inset a::after {\r\r\n        box-shadow: inset 0 0 20px #000;\r\r\n        -moz-box-shadow: inset 0 0 20px #000;\r\r\n        -webkit-box-shadow: inset 0 0 calc(150)px\/4 rgba(0,0,0,0.8);\r\r\n    }\r\r\n<\/style>\r\r\n\r\r\n<div id=\"foogallery-gallery-1052\" class=\"foogallery foogallery-container foogallery-owl-carousel foogallery-lightbox-foogallery owl-carousel \">\r\r\n\r\r\n    \r\n        <div class=\"foo-item\" >\r\r\n            <a  href=\"https:\/\/www.ad.nl\/binnenland\/elnaz-29-startte-op-het-vmbo-kader-nu-is-ze-arts-zon-citoscore-is-niet-het-einde-van-je-reis~a9c77e4d1\/?referrer=https%3A%2F%2Fwww.google.com%2F\" data-attachment-id=\"1060\" data-type=\"iframe\"><img loading=\"lazy\" decoding=\"async\"  src=\"https:\/\/aeprilclinics.nl\/wp-content\/uploads\/cache\/2025\/01\/New_Logo_AD-removebg-preview-1\/270999162.png\" width=\"150\" height=\"150\" class=\"skip-lazy\" \/><\/a>\r\n\r\r\n        <\/div>\r\r\n\r\r\n    \r\n        <div class=\"foo-item\" >\r\r\n            <a  href=\"https:\/\/www.rtl.nl\/nieuws\/artikel\/5429767\/elnaz-begon-op-vmbo-kader-maar-nu-dokter-ik-zou-vwo-niet-aankunnen\" data-attachment-id=\"1054\" data-type=\"iframe\"><img loading=\"lazy\" decoding=\"async\"  src=\"https:\/\/aeprilclinics.nl\/wp-content\/uploads\/cache\/2025\/01\/rtl-group-marketing-report-removebg-preview-300x133-1\/717196156.png\" width=\"150\" height=\"150\" class=\"skip-lazy\" \/><\/a>\r\n\r\r\n        <\/div>\r\r\n\r\r\n    \r\n        <div class=\"foo-item\" >\r\r\n            <a  href=\"https:\/\/www.metronieuws.nl\/in-het-nieuws\/binnenland\/2023\/02\/elnaz-alagha-vmbo-kader-arts-geneeskunde\/\" data-attachment-id=\"1059\" data-type=\"iframe\"><img loading=\"lazy\" decoding=\"async\"  src=\"https:\/\/aeprilclinics.nl\/wp-content\/uploads\/cache\/2025\/01\/metro-logo-300x85-1\/305672462.png\" width=\"150\" height=\"150\" class=\"skip-lazy\" \/><\/a>\r\n\r\r\n        <\/div>\r\r\n\r\r\n    \r\n        <div class=\"foo-item\" >\r\r\n            <a  href=\"https:\/\/www.linda.nl\/persoonlijk\/elnaz-alagha-vmbo-kader-arts-dromen-waarmaken\/\" data-attachment-id=\"1055\" data-type=\"iframe\"><img loading=\"lazy\" decoding=\"async\"  src=\"https:\/\/aeprilclinics.nl\/wp-content\/uploads\/cache\/2025\/01\/01linda-300x188-1\/3291633963.png\" width=\"150\" height=\"150\" class=\"skip-lazy\" \/><\/a>\r\n\r\r\n        <\/div>\r\r\n\r\r\n    \r\n        <div class=\"foo-item\" >\r\r\n            <a  href=\"https:\/\/www.nporadio1.nl\/fragmenten\/humberto\/3aeae6b0-9d85-458c-966b-9ff9e7c465f4\/2023-02-10-van-vmbo-kader-naar-arts\" target=\"_blank\" data-attachment-id=\"1053\" data-type=\"iframe\"><img loading=\"lazy\" decoding=\"async\"  src=\"https:\/\/aeprilclinics.nl\/wp-content\/uploads\/cache\/2025\/01\/NPO_Radio_1_logo_2014_svg-300x203-1\/27550376.png\" width=\"150\" height=\"150\" class=\"skip-lazy\" \/><\/a>\r\n\r\r\n        <\/div>\r\r\n\r\r\n    \r\n        <div class=\"foo-item\" >\r\r\n            <a  href=\"https:\/\/fhm.nl\/entertainment\/twee-experts-over-de-booming-trend-waarom-mannen-steeds-vaker-voor-cosmetische-ingrepen-kiezen\" data-attachment-id=\"2859\" data-type=\"iframe\"><img loading=\"lazy\" decoding=\"async\"  src=\"https:\/\/aeprilclinics.nl\/wp-content\/uploads\/cache\/2025\/01\/images-1\/2325955454.png\" width=\"150\" height=\"150\" class=\"skip-lazy\" \/><\/a>\r\n\r\r\n        <\/div>\r\r\n\r\r\n    \r\n        <div class=\"foo-item\" >\r\r\n            <a  href=\"https:\/\/www.funx.nl\/fragmenten\/gilly\/9cc14a42-4adf-47ec-bc75-1c785a698cee\/2024-08-13-dokter-elnaz-over-de-pillen-voor-grotere-billen-van-selma-omari\" data-attachment-id=\"1058\" data-type=\"iframe\"><img loading=\"lazy\" decoding=\"async\"  src=\"https:\/\/aeprilclinics.nl\/wp-content\/uploads\/cache\/2025\/01\/c300\/358260454.webp\" width=\"150\" height=\"150\" class=\"skip-lazy\" \/><\/a>\r\n\r\r\n        <\/div>\r\r\n\r\r\n    \r\n        <div class=\"foo-item\" >\r\r\n            <a  href=\"https:\/\/www.amsterdamumc.org\/nl\/vandaag\/elnaz-alagha-begon-met-vmbo-kader-nu-is-ze-arts.htm\" data-attachment-id=\"1056\" data-type=\"iframe\"><img loading=\"lazy\" decoding=\"async\"  src=\"https:\/\/aeprilclinics.nl\/wp-content\/uploads\/cache\/2025\/01\/56566395\/4123700876.png\" width=\"150\" height=\"150\" class=\"skip-lazy\" \/><\/a>\r\n\r\r\n        <\/div>\r\r\n\r\r\n    \r\n        <div class=\"foo-item\" >\r\r\n            <a  href=\"https:\/\/www.tubantia.nl\/enschede\/cosmetische-ingrepen-razend-populair-in-twente-misstanden-nemen-toe~a3903977\/\" data-attachment-id=\"3279\" data-type=\"iframe\"><img loading=\"lazy\" decoding=\"async\"  src=\"https:\/\/aeprilclinics.nl\/wp-content\/uploads\/cache\/2025\/01\/Screenshot-2025-08-07-at-15_50_24\/2096432909.png\" width=\"150\" height=\"150\" class=\"skip-lazy\" \/><\/a>\r\n\r\r\n        <\/div>\r\r\n\r\r\n    \r\n        <div class=\"foo-item\" >\r\r\n            <a  href=\"https:\/\/www.gelderlander.nl\/bronckhorst\/een-lage-citoscore-twijfelende-leraren-en-vmbo-k-advies-tegen-de-verwachtingen-in-lukte-het-elnaz-toch-om-dokter-te-worden~a3a710ce\/\" data-attachment-id=\"1057\" data-type=\"iframe\"><img loading=\"lazy\" decoding=\"async\"  src=\"https:\/\/aeprilclinics.nl\/wp-content\/uploads\/cache\/2025\/01\/123921055630eb56a4931ec8fc996fc7-removebg-preview\/4052178750.png\" width=\"150\" height=\"150\" class=\"skip-lazy\" \/><\/a>\r\n\r\r\n        <\/div>\r\r\n\r\r\n    \r\n        <div class=\"foo-item\" >\r\r\n            <a  href=\"https:\/\/www.tubantia.nl\/wierden\/ze-wilde-een-subtiele-ingreep-maar-kreeg-knakworstlippen-enola-24-doet-haar-verhaal~a32821da\/\" data-attachment-id=\"1745\" data-type=\"iframe\"><img loading=\"lazy\" decoding=\"async\"  src=\"https:\/\/aeprilclinics.nl\/wp-content\/uploads\/cache\/2025\/01\/images\/3100455892.png\" width=\"150\" height=\"150\" class=\"skip-lazy\" \/><\/a>\r\n\r\r\n        <\/div>\r\r\n\r\r\n    \r\n        <div class=\"foo-item\" >\r\r\n            <a  href=\"https:\/\/www.destentor.nl\/hengelo\/blind-door-fillers-of-hangende-oogleden-van-botox-zo-voorkom-je-dat-volgens-hengelose-arts-elnaz~a17b6fd3\/\" data-attachment-id=\"3277\" data-type=\"iframe\"><img loading=\"lazy\" decoding=\"async\"  src=\"https:\/\/aeprilclinics.nl\/wp-content\/uploads\/cache\/2025\/01\/Screenshot-2025-08-07-at-15_46_41\/2456805264.png\" width=\"150\" height=\"150\" class=\"skip-lazy\" \/><\/a>\r\n\r\r\n        <\/div>\r\r\n\r\r\n    \r\n<\/div>\r\r\n\r\r\n<script>\r\r\n    \/* The Owl Initialization Script\r\r\n    \/* The first lines conditionally show the slide animation *\/\r\r\n    jQuery(window).on(\"load\", function(){\r\r\n        var $galleryContainer = jQuery( '#foogallery-gallery-1052' );\r\r\n        var $containerID = '#foogallery-gallery-1052';\r\r\n\r\r\n        jQuery(document).on('keydown', function( event ) { \/\/attach event listener\r\r\n            if (event.keyCode == 37) {\r\r\n                $galleryContainer.trigger('prev.owl')\r\r\n            }\r\r\n            if (event.keyCode == 39) {\r\r\n                $galleryContainer.trigger('next.owl')\r\r\n            }\r\r\n        });\r\r\n\r\r\n        \r\n\r\r\n        $galleryContainer.owlCarousel({\r\r\n            \r\n            items: 8,\r\r\n            nav: false,\r\r\n            margin: 10,\r\r\n            loop:true,\r\r\n            autoplay: false,\r\r\n            autoplaySpeed: 4000,\r\r\n            smartSpeed:250,\r\r\n            navSpeed: 1250,\r\r\n            navText: ['prev', 'next'],\r\r\n            autoplayHoverPause: true,\r\r\n            lazyLoad: 1,\r\r\n            autoWidth: 0,\r\r\n            \r\n            URLhashListener: false,\r\r\n            startPosition: 'URLHash',\r\r\n            dots: false,\r\r\n            \r\n            responsiveClass: true,\r\r\n            responsive:{\r\r\n                0:{\r\r\n                    items: 4,\r\r\n                },\r\r\n                480:{\r\r\n                    items: 6,\r\r\n                },\r\r\n                960:{\r\r\n                    items: 8,\r\r\n                }\r\r\n            },\r\r\n\r\r\n            \r\n            \r\n        });\r\r\n    });\r\r\n<\/script>\n<div class=\"wp-block-cover alignfull is-light wave\" style=\"margin-top:var(--wp--preset--spacing--60);margin-bottom:0;padding-bottom:var(--wp--preset--spacing--30)\"><span aria-hidden=\"true\" class=\"wp-block-cover__background has-accent-background-color has-background-dim-100 has-background-dim\"><\/span><div class=\"wp-block-cover__inner-container has-global-padding is-layout-constrained wp-block-cover-is-layout-constrained\">\n<h2 class=\"wp-block-heading has-text-align-center\">Ihr Look, vom Feinsten.<\/h2>\n\n\n\n<div style=\"height:15px\" aria-hidden=\"true\" class=\"wp-block-spacer\"><\/div>\n\n\n\n<div class=\"wp-block-buttons is-content-justification-center is-layout-flex wp-container-core-buttons-is-layout-a89b3969 wp-block-buttons-is-layout-flex\">\n<div class=\"wp-block-button\"><a class=\"wp-block-button__link has-base-color has-accent-3-background-color has-text-color has-background has-link-color wp-element-button\" href=\"https:\/\/aeprilclinics.nl\/de\/kostenlose-beratung-buchen\/\">einen Termin vereinbaren<\/a><\/div>\n<\/div>\n<\/div><\/div>\n","protected":false},"excerpt":{"rendered":"<p>Hintergrund Unsere Geschichte Wir sind Bahman Zarghami und Elnaz Alagha. Partner im Leben und in unserer Leidenschaft f\u00fcr die kosmetische Medizin. Was uns antreibt, ist nicht nur die Liebe zu unserem Beruf, sondern vor allem der Einfluss, den wir auf&#8230;<\/p>\n","protected":false},"author":10,"featured_media":6429,"parent":0,"menu_order":0,"comment_status":"closed","ping_status":"closed","template":"","meta":{"_acf_changed":false,"footnotes":""},"class_list":["post-8846","page","type-page","status-publish","has-post-thumbnail","hentry"],"acf":[],"yoast_head":"<!-- This site is optimized with the Yoast SEO plugin v27.2 - https:\/\/yoast.com\/product\/yoast-seo-wordpress\/ -->\n<title>: Treffen Sie<\/title>\n<meta name=\"description\" content=\"Entdecken Sie unsere Leidenschaft und unser Know-how: Lesen Sie die Geschichte der Aepril-Kliniken. Wir kombinieren Erfahrung und Innovation f\u00fcr die besten Ergebnisse.\" \/>\n<meta name=\"robots\" content=\"index, follow, max-snippet:-1, max-image-preview:large, max-video-preview:-1\" \/>\n<link rel=\"canonical\" href=\"https:\/\/aeprilclinics.nl\/de\/unsere-geschichte\/\" \/>\n<meta property=\"og:locale\" content=\"de_DE\" \/>\n<meta property=\"og:type\" content=\"article\" \/>\n<meta property=\"og:title\" content=\": Treffen Sie\" \/>\n<meta property=\"og:description\" content=\"Entdecken Sie unsere Leidenschaft und unser Know-how: Lesen Sie die Geschichte der Aepril-Kliniken. Wir kombinieren Erfahrung und Innovation f\u00fcr die besten Ergebnisse.\" \/>\n<meta property=\"og:url\" content=\"https:\/\/aeprilclinics.nl\/de\/unsere-geschichte\/\" \/>\n<meta property=\"og:site_name\" content=\"Aepril\" \/>\n<meta property=\"article:modified_time\" content=\"2026-05-16T13:50:29+00:00\" \/>\n<meta property=\"og:image\" content=\"https:\/\/aeprilclinics.nl\/wp-content\/uploads\/2025\/02\/aesthe-clinics-Final-07.png\" \/>\n\t<meta property=\"og:image:width\" content=\"6667\" \/>\n\t<meta property=\"og:image:height\" content=\"5001\" \/>\n\t<meta property=\"og:image:type\" content=\"image\/png\" \/>\n<meta name=\"twitter:card\" content=\"summary_large_image\" \/>\n<meta name=\"twitter:label1\" content=\"Gesch\u00e4tzte Lesezeit\" \/>\n\t<meta name=\"twitter:data1\" content=\"3\u00a0Minuten\" \/>\n<script type=\"application\/ld+json\" class=\"yoast-schema-graph\">{\"@context\":\"https:\/\/schema.org\",\"@graph\":[{\"@type\":\"WebPage\",\"@id\":\"https:\/\/aeprilclinics.nl\/de\/unsere-geschichte\/\",\"url\":\"https:\/\/aeprilclinics.nl\/de\/unsere-geschichte\/\",\"name\":\": Treffen Sie\",\"isPartOf\":{\"@id\":\"https:\/\/aeprilclinics.nl\/de\/#website\"},\"primaryImageOfPage\":{\"@id\":\"https:\/\/aeprilclinics.nl\/de\/unsere-geschichte\/#primaryimage\"},\"image\":{\"@id\":\"https:\/\/aeprilclinics.nl\/de\/unsere-geschichte\/#primaryimage\"},\"thumbnailUrl\":\"https:\/\/aeprilclinics.nl\/wp-content\/uploads\/2025\/02\/aesthe-clinics-Final-07.png\",\"datePublished\":\"2025-01-22T13:21:16+00:00\",\"dateModified\":\"2026-05-16T13:50:29+00:00\",\"description\":\"Entdecken Sie unsere Leidenschaft und unser Know-how: Lesen Sie die Geschichte der Aepril-Kliniken. Wir kombinieren Erfahrung und Innovation f\u00fcr die besten Ergebnisse.\",\"breadcrumb\":{\"@id\":\"https:\/\/aeprilclinics.nl\/de\/unsere-geschichte\/#breadcrumb\"},\"inLanguage\":\"de\",\"potentialAction\":[{\"@type\":\"ReadAction\",\"target\":[\"https:\/\/aeprilclinics.nl\/de\/unsere-geschichte\/\"]}]},{\"@type\":\"ImageObject\",\"inLanguage\":\"de\",\"@id\":\"https:\/\/aeprilclinics.nl\/de\/unsere-geschichte\/#primaryimage\",\"url\":\"https:\/\/aeprilclinics.nl\/wp-content\/uploads\/2025\/02\/aesthe-clinics-Final-07.png\",\"contentUrl\":\"https:\/\/aeprilclinics.nl\/wp-content\/uploads\/2025\/02\/aesthe-clinics-Final-07.png\",\"width\":6667,\"height\":5001},{\"@type\":\"BreadcrumbList\",\"@id\":\"https:\/\/aeprilclinics.nl\/de\/unsere-geschichte\/#breadcrumb\",\"itemListElement\":[{\"@type\":\"ListItem\",\"position\":1,\"name\":\"Home\",\"item\":\"https:\/\/aeprilclinics.nl\/de\/\"},{\"@type\":\"ListItem\",\"position\":2,\"name\":\"Unsere Geschichte\"}]},{\"@type\":\"WebSite\",\"@id\":\"https:\/\/aeprilclinics.nl\/de\/#website\",\"url\":\"https:\/\/aeprilclinics.nl\/de\/\",\"name\":\"Aepril\",\"description\":\"\",\"potentialAction\":[{\"@type\":\"SearchAction\",\"target\":{\"@type\":\"EntryPoint\",\"urlTemplate\":\"https:\/\/aeprilclinics.nl\/de\/?s={search_term_string}\"},\"query-input\":{\"@type\":\"PropertyValueSpecification\",\"valueRequired\":true,\"valueName\":\"search_term_string\"}}],\"inLanguage\":\"de\"}]}<\/script>\n<!-- \/ Yoast SEO plugin. -->","yoast_head_json":{"title":": Treffen Sie","description":"Entdecken Sie unsere Leidenschaft und unser Know-how: Lesen Sie die Geschichte der Aepril-Kliniken. Wir kombinieren Erfahrung und Innovation f\u00fcr die besten Ergebnisse.","robots":{"index":"index","follow":"follow","max-snippet":"max-snippet:-1","max-image-preview":"max-image-preview:large","max-video-preview":"max-video-preview:-1"},"canonical":"https:\/\/aeprilclinics.nl\/de\/unsere-geschichte\/","og_locale":"de_DE","og_type":"article","og_title":": Treffen Sie","og_description":"Entdecken Sie unsere Leidenschaft und unser Know-how: Lesen Sie die Geschichte der Aepril-Kliniken. Wir kombinieren Erfahrung und Innovation f\u00fcr die besten Ergebnisse.","og_url":"https:\/\/aeprilclinics.nl\/de\/unsere-geschichte\/","og_site_name":"Aepril","article_modified_time":"2026-05-16T13:50:29+00:00","og_image":[{"width":6667,"height":5001,"url":"https:\/\/aeprilclinics.nl\/wp-content\/uploads\/2025\/02\/aesthe-clinics-Final-07.png","type":"image\/png"}],"twitter_card":"summary_large_image","twitter_misc":{"Gesch\u00e4tzte Lesezeit":"3\u00a0Minuten"},"schema":{"@context":"https:\/\/schema.org","@graph":[{"@type":"WebPage","@id":"https:\/\/aeprilclinics.nl\/de\/unsere-geschichte\/","url":"https:\/\/aeprilclinics.nl\/de\/unsere-geschichte\/","name":": Treffen Sie","isPartOf":{"@id":"https:\/\/aeprilclinics.nl\/de\/#website"},"primaryImageOfPage":{"@id":"https:\/\/aeprilclinics.nl\/de\/unsere-geschichte\/#primaryimage"},"image":{"@id":"https:\/\/aeprilclinics.nl\/de\/unsere-geschichte\/#primaryimage"},"thumbnailUrl":"https:\/\/aeprilclinics.nl\/wp-content\/uploads\/2025\/02\/aesthe-clinics-Final-07.png","datePublished":"2025-01-22T13:21:16+00:00","dateModified":"2026-05-16T13:50:29+00:00","description":"Entdecken Sie unsere Leidenschaft und unser Know-how: Lesen Sie die Geschichte der Aepril-Kliniken. Wir kombinieren Erfahrung und Innovation f\u00fcr die besten Ergebnisse.","breadcrumb":{"@id":"https:\/\/aeprilclinics.nl\/de\/unsere-geschichte\/#breadcrumb"},"inLanguage":"de","potentialAction":[{"@type":"ReadAction","target":["https:\/\/aeprilclinics.nl\/de\/unsere-geschichte\/"]}]},{"@type":"ImageObject","inLanguage":"de","@id":"https:\/\/aeprilclinics.nl\/de\/unsere-geschichte\/#primaryimage","url":"https:\/\/aeprilclinics.nl\/wp-content\/uploads\/2025\/02\/aesthe-clinics-Final-07.png","contentUrl":"https:\/\/aeprilclinics.nl\/wp-content\/uploads\/2025\/02\/aesthe-clinics-Final-07.png","width":6667,"height":5001},{"@type":"BreadcrumbList","@id":"https:\/\/aeprilclinics.nl\/de\/unsere-geschichte\/#breadcrumb","itemListElement":[{"@type":"ListItem","position":1,"name":"Home","item":"https:\/\/aeprilclinics.nl\/de\/"},{"@type":"ListItem","position":2,"name":"Unsere Geschichte"}]},{"@type":"WebSite","@id":"https:\/\/aeprilclinics.nl\/de\/#website","url":"https:\/\/aeprilclinics.nl\/de\/","name":"Aepril","description":"","potentialAction":[{"@type":"SearchAction","target":{"@type":"EntryPoint","urlTemplate":"https:\/\/aeprilclinics.nl\/de\/?s={search_term_string}"},"query-input":{"@type":"PropertyValueSpecification","valueRequired":true,"valueName":"search_term_string"}}],"inLanguage":"de"}]}},"_links":{"self":[{"href":"https:\/\/aeprilclinics.nl\/de\/wp-json\/wp\/v2\/pages\/8846","targetHints":{"allow":["GET"]}}],"collection":[{"href":"https:\/\/aeprilclinics.nl\/de\/wp-json\/wp\/v2\/pages"}],"about":[{"href":"https:\/\/aeprilclinics.nl\/de\/wp-json\/wp\/v2\/types\/page"}],"author":[{"embeddable":true,"href":"https:\/\/aeprilclinics.nl\/de\/wp-json\/wp\/v2\/users\/10"}],"replies":[{"embeddable":true,"href":"https:\/\/aeprilclinics.nl\/de\/wp-json\/wp\/v2\/comments?post=8846"}],"version-history":[{"count":4,"href":"https:\/\/aeprilclinics.nl\/de\/wp-json\/wp\/v2\/pages\/8846\/revisions"}],"predecessor-version":[{"id":8922,"href":"https:\/\/aeprilclinics.nl\/de\/wp-json\/wp\/v2\/pages\/8846\/revisions\/8922"}],"wp:featuredmedia":[{"embeddable":true,"href":"https:\/\/aeprilclinics.nl\/de\/wp-json\/wp\/v2\/media\/6429"}],"wp:attachment":[{"href":"https:\/\/aeprilclinics.nl\/de\/wp-json\/wp\/v2\/media?parent=8846"}],"curies":[{"name":"wp","href":"https:\/\/api.w.org\/{rel}","templated":true}]}}