{"id":7504,"date":"2026-04-16T13:05:47","date_gmt":"2026-04-16T13:05:47","guid":{"rendered":"https:\/\/aeprilclinics.nl\/teosyal-fuellstoffe\/"},"modified":"2026-05-13T09:12:15","modified_gmt":"2026-05-13T09:12:15","slug":"teosyal-fuellstoffe","status":"publish","type":"page","link":"https:\/\/aeprilclinics.nl\/de\/teosyal-fuellstoffe\/","title":{"rendered":"Teosyal-F\u00fcllstoffe"},"content":{"rendered":"\n<div class=\"wp-block-media-text has-media-on-the-right is-stacked-on-mobile is-image-fill-element\" style=\"margin-bottom:var(--wp--preset--spacing--60)\"><div class=\"wp-block-media-text__content\">\n<h5 class=\"wp-block-heading\">Teosyal in den Aepril-Kliniken<\/h5>\n\n\n\n<h2 class=\"wp-block-heading\">Was ist Teosyal?<\/h2>\n\n\n\n<p>Teosyal ist eine hochwertige Linie von Hyalurons\u00e4ure-Fillern, die vom Schweizer Pharmaunternehmen Teoxane entwickelt wurde. Die Filler wurden speziell f\u00fcr sichere und nat\u00fcrliche \u00e4sthetische Behandlungen des Gesichts entwickelt. <\/p>\n\n\n\n<p>Teosyal Filler werden von \u00c4rzten weltweit eingesetzt, um Volumen wiederherzustellen, Falten zu mildern und die Hautqualit\u00e4t zu verbessern. Die Produkte sind f\u00fcr ihre hohe Reinheit, Stabilit\u00e4t und vorhersehbaren Ergebnisse bekannt. <\/p>\n\n\n\n<p>In der Aepril Cosmetic Clinic arbeiten wir mit Teosyal Fillern und kaufen <strong>immer direkt vom pharmazeutischen Hersteller<\/strong>, ohne Zwischenh\u00e4ndler. So k\u00f6nnen wir die Echtheit, Qualit\u00e4t und R\u00fcckverfolgbarkeit unserer Produkte vollst\u00e4ndig garantieren. <\/p>\n<\/div><figure class=\"wp-block-media-text__media\"><img loading=\"lazy\" decoding=\"async\" width=\"683\" height=\"1024\" src=\"https:\/\/aeprilclinics.nl\/wp-content\/uploads\/2025\/01\/BN4A7674-Verbeterd-NR-683x1024.jpg\" alt=\"\" class=\"wp-image-914 size-full\" style=\"object-position:50% 50%\" srcset=\"https:\/\/aeprilclinics.nl\/wp-content\/uploads\/2025\/01\/BN4A7674-Verbeterd-NR-683x1024.jpg 683w, https:\/\/aeprilclinics.nl\/wp-content\/uploads\/2025\/01\/BN4A7674-Verbeterd-NR-200x300.jpg 200w, https:\/\/aeprilclinics.nl\/wp-content\/uploads\/2025\/01\/BN4A7674-Verbeterd-NR-768x1152.jpg 768w, https:\/\/aeprilclinics.nl\/wp-content\/uploads\/2025\/01\/BN4A7674-Verbeterd-NR-1024x1536.jpg 1024w, https:\/\/aeprilclinics.nl\/wp-content\/uploads\/2025\/01\/BN4A7674-Verbeterd-NR-1365x2048.jpg 1365w, https:\/\/aeprilclinics.nl\/wp-content\/uploads\/2025\/01\/BN4A7674-Verbeterd-NR-180x270.jpg 180w, https:\/\/aeprilclinics.nl\/wp-content\/uploads\/2025\/01\/BN4A7674-Verbeterd-NR-scaled.jpg 1706w\" sizes=\"auto, (max-width: 683px) 100vw, 683px\" \/><\/figure><\/div>\n\n<div class=\"wp-block-cover alignfull is-light\" style=\"margin-top:var(--wp--preset--spacing--60);margin-bottom:var(--wp--preset--spacing--60)\"><span aria-hidden=\"true\" class=\"wp-block-cover__background has-accent-2-background-color has-background-dim-100 has-background-dim\"><\/span><div class=\"wp-block-cover__inner-container has-global-padding is-layout-constrained wp-block-cover-is-layout-constrained\">\n<h5 class=\"wp-block-heading has-text-align-center\">Informationen<\/h5>\n\n\n\n<h2 class=\"wp-block-heading has-text-align-center\">Informationen \u00fcber unsere Botox-Behandlungen<\/h2>\n\n\n\n<div class=\"wp-block-columns is-layout-flex wp-container-core-columns-is-layout-b0bab6eb wp-block-columns-is-layout-flex\" style=\"margin-top:var(--wp--preset--spacing--40);margin-bottom:var(--wp--preset--spacing--40)\">\n<div class=\"wp-block-column is-layout-flow wp-block-column-is-layout-flow\">\n<div class=\"wp-block-columns is-not-stacked-on-mobile is-layout-flex wp-container-core-columns-is-layout-28f84493 wp-block-columns-is-layout-flex\">\n<div class=\"wp-block-column is-layout-flow wp-block-column-is-layout-flow\" style=\"flex-basis:50px\">\n<figure class=\"wp-block-image size-full\"><img loading=\"lazy\" decoding=\"async\" width=\"300\" height=\"315\" src=\"https:\/\/aeprilclinics.nl\/wp-content\/uploads\/2025\/01\/icon-merk.png\" alt=\"\" class=\"wp-image-1001\" srcset=\"https:\/\/aeprilclinics.nl\/wp-content\/uploads\/2025\/01\/icon-merk.png 300w, https:\/\/aeprilclinics.nl\/wp-content\/uploads\/2025\/01\/icon-merk-286x300.png 286w, https:\/\/aeprilclinics.nl\/wp-content\/uploads\/2025\/01\/icon-merk-257x270.png 257w\" sizes=\"auto, (max-width: 300px) 100vw, 300px\" \/><\/figure>\n<\/div>\n\n\n\n<div class=\"wp-block-column is-layout-flow wp-block-column-is-layout-flow\">\n<h3 class=\"wp-block-heading\">Marke:<\/h3>\n\n\n\n<p>Teosyal-F\u00fcllstoffe<\/p>\n<\/div>\n<\/div>\n<\/div>\n\n\n\n<div class=\"wp-block-column is-layout-flow wp-block-column-is-layout-flow\">\n<div class=\"wp-block-columns is-not-stacked-on-mobile is-layout-flex wp-container-core-columns-is-layout-28f84493 wp-block-columns-is-layout-flex\">\n<div class=\"wp-block-column is-layout-flow wp-block-column-is-layout-flow\" style=\"flex-basis:50px\">\n<figure class=\"wp-block-image size-full\"><img loading=\"lazy\" decoding=\"async\" width=\"61\" height=\"64\" src=\"https:\/\/aeprilclinics.nl\/wp-content\/uploads\/2025\/01\/icon-resultaat.png\" alt=\"\" class=\"wp-image-1003\"\/><\/figure>\n<\/div>\n\n\n\n<div class=\"wp-block-column is-layout-flow wp-block-column-is-layout-flow\">\n<h3 class=\"wp-block-heading\">Info<\/h3>\n\n\n\n<p><a href=\"https:\/\/aeprilclinics.nl\/de\/behandeling\/traanguts-filler-behandlung\/\" type=\"behandeling\" id=\"1418\">Lesen Sie mehr \u00fcber unsere Traangoten-Behandlung<\/a><\/p>\n<\/div>\n<\/div>\n<\/div>\n<\/div>\n<\/div><\/div>\n\n<div class=\"wp-block-columns is-layout-flex wp-container-core-columns-is-layout-28f84493 wp-block-columns-is-layout-flex\">\n<div class=\"wp-block-column is-layout-flow wp-block-column-is-layout-flow\">\n<h2 class=\"wp-block-heading\">Teosyal-F\u00fcllstoffe in den Aepril-Kliniken<\/h2>\n\n\n\n<p>Bei Aepril Clinics steht die Sicherheit immer an erster Stelle. Deshalb arbeiten wir nur mit F\u00fcllstoffen von renommierten Pharmaherstellern wie Teoxane. <\/p>\n\n\n\n<p>Da wir direkt vom Hersteller kaufen, wissen wir genau, woher unsere Produkte kommen und wie sie hergestellt werden. Das bedeutet, dass unsere Kunden immer mit Originalf\u00fcllstoffen versorgt werden, die unter strengen pharmazeutischen Qualit\u00e4tsstandards hergestellt werden. <\/p>\n\n\n\n<p>Wir arbeiten auch mit Lieferanten wie Teoxane zusammen:<\/p>\n\n\n\n<ul class=\"wp-block-list\">\n<li>medizinische Kurse<\/li>\n\n\n\n<li>Produktschulung<\/li>\n\n\n\n<li>Behandlungsprotokolle<\/li>\n\n\n\n<li>qualit\u00e4tssicherung<\/li>\n<\/ul>\n\n\n\n<p>So bleiben unsere \u00c4rzte immer auf dem neuesten Stand der Entwicklungen in der medizinischen \u00c4sthetik.<\/p>\n<\/div>\n<\/div>\n\n<div style=\"height:100px\" aria-hidden=\"true\" class=\"wp-block-spacer\"><\/div>\n\n<div class=\"wp-block-media-text is-stacked-on-mobile is-image-fill-element\"><figure class=\"wp-block-media-text__media\"><img loading=\"lazy\" decoding=\"async\" width=\"683\" height=\"1024\" src=\"https:\/\/aeprilclinics.nl\/wp-content\/uploads\/2025\/01\/BN4A9197-683x1024.jpg\" alt=\"\" class=\"wp-image-1015 size-full\" style=\"object-position:50% 50%\" srcset=\"https:\/\/aeprilclinics.nl\/wp-content\/uploads\/2025\/01\/BN4A9197-683x1024.jpg 683w, https:\/\/aeprilclinics.nl\/wp-content\/uploads\/2025\/01\/BN4A9197-200x300.jpg 200w, https:\/\/aeprilclinics.nl\/wp-content\/uploads\/2025\/01\/BN4A9197-768x1152.jpg 768w, https:\/\/aeprilclinics.nl\/wp-content\/uploads\/2025\/01\/BN4A9197-1024x1536.jpg 1024w, https:\/\/aeprilclinics.nl\/wp-content\/uploads\/2025\/01\/BN4A9197-1365x2048.jpg 1365w, https:\/\/aeprilclinics.nl\/wp-content\/uploads\/2025\/01\/BN4A9197-180x270.jpg 180w, https:\/\/aeprilclinics.nl\/wp-content\/uploads\/2025\/01\/BN4A9197-scaled.jpg 1707w\" sizes=\"auto, (max-width: 683px) 100vw, 683px\" \/><\/figure><div class=\"wp-block-media-text__content\">\n<h5 class=\"wp-block-heading\">Warum Teosyal?<\/h5>\n\n\n\n<h2 class=\"wp-block-heading\">Warum Teosyal w\u00e4hlen<\/h2>\n\n\n\n<h2 class=\"wp-block-heading\">Warum sollten Sie sich f\u00fcr Teosyal F\u00fcllstoffe entscheiden?<\/h2>\n\n\n\n<p>Teosyal geh\u00f6rt zu den fortschrittlichsten Filler-Linien in der medizinischen \u00c4sthetik. Dank der innovativen Hyalurons\u00e4ure-Technologie bewegen sich diese Filler ganz nat\u00fcrlich mit der Mimik. <\/p>\n\n\n\n<p>Zu den Vorteilen von Teosyal Fillern geh\u00f6ren:<\/p>\n\n\n\n<ul class=\"wp-block-list\">\n<li>hohe Produktreinheit<\/li>\n\n\n\n<li>nat\u00fcrliche Integration in die Haut<\/li>\n\n\n\n<li>dauerhafte Ergebnisse<\/li>\n\n\n\n<li>klinisch erforscht und weltweit eingesetzt<\/li>\n\n\n\n<li>geeignet f\u00fcr dynamische Bereiche wie Lippen und Tr\u00e4nenkan\u00e4le<\/li>\n<\/ul>\n\n\n\n<p>Bei Aepril Clinics entscheiden wir uns bewusst f\u00fcr diese pharmazeutische Qualit\u00e4t, um unseren Kunden sichere und nat\u00fcrliche Ergebnisse zu bieten.<\/p>\n<\/div><\/div>\n\n<div style=\"height:100px\" aria-hidden=\"true\" class=\"wp-block-spacer\"><\/div>\n\n<div class=\"wp-block-columns is-layout-flex wp-container-core-columns-is-layout-28f84493 wp-block-columns-is-layout-flex\">\n<div class=\"wp-block-column is-layout-flow wp-block-column-is-layout-flow\">\n<h2 class=\"wp-block-heading\">Warum Aepril-Kliniken w\u00e4hlen?<\/h2>\n\n\n\n<p>Bei Aepril Clinics stehen Qualit\u00e4t, Komfort und Ihr Wohlbefinden im Mittelpunkt. Wir arbeiten mit Top-Marken wie Teosyal und den feinsten Nadeln f\u00fcr nat\u00fcrliche Ergebnisse.  Unsere gut ausgebildeten \u00c4rzte bieten nur bew\u00e4hrte, zertifizierte Behandlungen an und konzentrieren sich auf subtile Verbesserungen, die Ihr einzigartiges Aussehen unterstreichen.<\/p>\n<\/div>\n\n\n\n<div class=\"wp-block-column is-layout-flow wp-block-column-is-layout-flow\">\n<h2 class=\"wp-block-heading\">Pers\u00f6nliche und ehrliche Beratung<\/h2>\n\n\n\n<p>Gemeinsam stellen wir einen Behandlungsplan auf, der Ihren Bed\u00fcrfnissen entspricht und einen sicheren, nat\u00fcrlichen Ansatz gew\u00e4hrleistet. Unsere \u00c4rzte beraten Sie gerne \u00fcber die besten Optionen. <\/p>\n<\/div>\n<\/div>\n\n<div style=\"height:100px\" aria-hidden=\"true\" class=\"wp-block-spacer\"><\/div>\n\n<div class=\"wp-block-cover alignfull is-light wave\" style=\"margin-top:0;margin-bottom:0;padding-bottom:var(--wp--preset--spacing--30)\"><span aria-hidden=\"true\" class=\"wp-block-cover__background has-accent-background-color has-background-dim-100 has-background-dim\"><\/span><div class=\"wp-block-cover__inner-container has-global-padding is-layout-constrained wp-block-cover-is-layout-constrained\">\n<h2 class=\"wp-block-heading has-text-align-center\">Haben Sie Zweifel, ob Teosyal Filler die richtige Wahl sind?<\/h2>\n\n\n\n<p class=\"has-text-align-center\">Kontaktieren Sie unsere Spezialisten f\u00fcr eine unverbindliche Beratung und finden Sie heraus, was wir f\u00fcr Sie tun k\u00f6nnen.<\/p>\n\n\n\n<div class=\"wp-block-buttons is-content-justification-center is-layout-flex wp-container-core-buttons-is-layout-a89b3969 wp-block-buttons-is-layout-flex\">\n<div class=\"wp-block-button\"><a class=\"wp-block-button__link has-base-color has-accent-3-background-color has-text-color has-background has-link-color wp-element-button\" href=\"https:\/\/aeprilclinics.nl\/de\/kostenlose-beratung-buchen\/\">kostenlose Beratung buchen<\/a><\/div>\n<\/div>\n<\/div><\/div>\n\n<p><\/p>\n","protected":false},"excerpt":{"rendered":"<p>Teosyal in den Aepril-Kliniken Was ist Teosyal? Teosyal ist eine hochwertige Linie von Hyalurons\u00e4ure-Fillern, die vom Schweizer Pharmaunternehmen Teoxane entwickelt wurde. Die Filler wurden speziell f\u00fcr sichere und nat\u00fcrliche \u00e4sthetische Behandlungen des Gesichts entwickelt. Teosyal Filler werden von \u00c4rzten weltweit&#8230;<\/p>\n","protected":false},"author":14,"featured_media":6429,"parent":0,"menu_order":0,"comment_status":"closed","ping_status":"closed","template":"","meta":{"_acf_changed":false,"footnotes":""},"class_list":["post-7504","page","type-page","status-publish","has-post-thumbnail","hentry"],"acf":[],"yoast_head":"<!-- This site is optimized with the Yoast SEO plugin v27.2 - https:\/\/yoast.com\/product\/yoast-seo-wordpress\/ -->\n<title>in Kliniken<\/title>\n<meta name=\"description\" content=\"Teosyal ist ein Filler f\u00fcr verschiedene Gesichtspartien wie die Tr\u00e4nenkan\u00e4le. Sichere, verantwortungsvolle und nat\u00fcrliche Ergebnisse.\" \/>\n<meta name=\"robots\" content=\"index, follow, max-snippet:-1, max-image-preview:large, max-video-preview:-1\" \/>\n<link rel=\"canonical\" href=\"https:\/\/aeprilclinics.nl\/de\/teosyal-fuellstoffe\/\" \/>\n<meta property=\"og:locale\" content=\"de_DE\" \/>\n<meta property=\"og:type\" content=\"article\" \/>\n<meta property=\"og:title\" content=\"in Kliniken\" \/>\n<meta property=\"og:description\" content=\"Teosyal ist ein Filler f\u00fcr verschiedene Gesichtspartien wie die Tr\u00e4nenkan\u00e4le. Sichere, verantwortungsvolle und nat\u00fcrliche Ergebnisse.\" \/>\n<meta property=\"og:url\" content=\"https:\/\/aeprilclinics.nl\/de\/teosyal-fuellstoffe\/\" \/>\n<meta property=\"og:site_name\" content=\"Aepril\" \/>\n<meta property=\"article:modified_time\" content=\"2026-05-13T09:12:15+00:00\" \/>\n<meta property=\"og:image\" content=\"https:\/\/aeprilclinics.nl\/wp-content\/uploads\/2025\/02\/aesthe-clinics-Final-07.png\" \/>\n\t<meta property=\"og:image:width\" content=\"6667\" \/>\n\t<meta property=\"og:image:height\" content=\"5001\" \/>\n\t<meta property=\"og:image:type\" content=\"image\/png\" \/>\n<meta name=\"twitter:card\" content=\"summary_large_image\" \/>\n<meta name=\"twitter:label1\" content=\"Gesch\u00e4tzte Lesezeit\" \/>\n\t<meta name=\"twitter:data1\" content=\"2\u00a0Minuten\" \/>\n<script type=\"application\/ld+json\" class=\"yoast-schema-graph\">{\"@context\":\"https:\/\/schema.org\",\"@graph\":[{\"@type\":\"WebPage\",\"@id\":\"https:\/\/aeprilclinics.nl\/de\/teosyal-fuellstoffe\/\",\"url\":\"https:\/\/aeprilclinics.nl\/de\/teosyal-fuellstoffe\/\",\"name\":\"in Kliniken\",\"isPartOf\":{\"@id\":\"https:\/\/aeprilclinics.nl\/de\/#website\"},\"primaryImageOfPage\":{\"@id\":\"https:\/\/aeprilclinics.nl\/de\/teosyal-fuellstoffe\/#primaryimage\"},\"image\":{\"@id\":\"https:\/\/aeprilclinics.nl\/de\/teosyal-fuellstoffe\/#primaryimage\"},\"thumbnailUrl\":\"https:\/\/aeprilclinics.nl\/wp-content\/uploads\/2025\/02\/aesthe-clinics-Final-07.png\",\"datePublished\":\"2026-04-16T13:05:47+00:00\",\"dateModified\":\"2026-05-13T09:12:15+00:00\",\"description\":\"Teosyal ist ein Filler f\u00fcr verschiedene Gesichtspartien wie die Tr\u00e4nenkan\u00e4le. Sichere, verantwortungsvolle und nat\u00fcrliche Ergebnisse.\",\"breadcrumb\":{\"@id\":\"https:\/\/aeprilclinics.nl\/de\/teosyal-fuellstoffe\/#breadcrumb\"},\"inLanguage\":\"de\",\"potentialAction\":[{\"@type\":\"ReadAction\",\"target\":[\"https:\/\/aeprilclinics.nl\/de\/teosyal-fuellstoffe\/\"]}]},{\"@type\":\"ImageObject\",\"inLanguage\":\"de\",\"@id\":\"https:\/\/aeprilclinics.nl\/de\/teosyal-fuellstoffe\/#primaryimage\",\"url\":\"https:\/\/aeprilclinics.nl\/wp-content\/uploads\/2025\/02\/aesthe-clinics-Final-07.png\",\"contentUrl\":\"https:\/\/aeprilclinics.nl\/wp-content\/uploads\/2025\/02\/aesthe-clinics-Final-07.png\",\"width\":6667,\"height\":5001},{\"@type\":\"BreadcrumbList\",\"@id\":\"https:\/\/aeprilclinics.nl\/de\/teosyal-fuellstoffe\/#breadcrumb\",\"itemListElement\":[{\"@type\":\"ListItem\",\"position\":1,\"name\":\"Home\",\"item\":\"https:\/\/aeprilclinics.nl\/de\/\"},{\"@type\":\"ListItem\",\"position\":2,\"name\":\"Teosyal-F\u00fcllstoffe\"}]},{\"@type\":\"WebSite\",\"@id\":\"https:\/\/aeprilclinics.nl\/de\/#website\",\"url\":\"https:\/\/aeprilclinics.nl\/de\/\",\"name\":\"Aepril\",\"description\":\"\",\"potentialAction\":[{\"@type\":\"SearchAction\",\"target\":{\"@type\":\"EntryPoint\",\"urlTemplate\":\"https:\/\/aeprilclinics.nl\/de\/?s={search_term_string}\"},\"query-input\":{\"@type\":\"PropertyValueSpecification\",\"valueRequired\":true,\"valueName\":\"search_term_string\"}}],\"inLanguage\":\"de\"}]}<\/script>\n<!-- \/ Yoast SEO plugin. -->","yoast_head_json":{"title":"in Kliniken","description":"Teosyal ist ein Filler f\u00fcr verschiedene Gesichtspartien wie die Tr\u00e4nenkan\u00e4le. Sichere, verantwortungsvolle und nat\u00fcrliche Ergebnisse.","robots":{"index":"index","follow":"follow","max-snippet":"max-snippet:-1","max-image-preview":"max-image-preview:large","max-video-preview":"max-video-preview:-1"},"canonical":"https:\/\/aeprilclinics.nl\/de\/teosyal-fuellstoffe\/","og_locale":"de_DE","og_type":"article","og_title":"in Kliniken","og_description":"Teosyal ist ein Filler f\u00fcr verschiedene Gesichtspartien wie die Tr\u00e4nenkan\u00e4le. Sichere, verantwortungsvolle und nat\u00fcrliche Ergebnisse.","og_url":"https:\/\/aeprilclinics.nl\/de\/teosyal-fuellstoffe\/","og_site_name":"Aepril","article_modified_time":"2026-05-13T09:12:15+00:00","og_image":[{"width":6667,"height":5001,"url":"https:\/\/aeprilclinics.nl\/wp-content\/uploads\/2025\/02\/aesthe-clinics-Final-07.png","type":"image\/png"}],"twitter_card":"summary_large_image","twitter_misc":{"Gesch\u00e4tzte Lesezeit":"2\u00a0Minuten"},"schema":{"@context":"https:\/\/schema.org","@graph":[{"@type":"WebPage","@id":"https:\/\/aeprilclinics.nl\/de\/teosyal-fuellstoffe\/","url":"https:\/\/aeprilclinics.nl\/de\/teosyal-fuellstoffe\/","name":"in Kliniken","isPartOf":{"@id":"https:\/\/aeprilclinics.nl\/de\/#website"},"primaryImageOfPage":{"@id":"https:\/\/aeprilclinics.nl\/de\/teosyal-fuellstoffe\/#primaryimage"},"image":{"@id":"https:\/\/aeprilclinics.nl\/de\/teosyal-fuellstoffe\/#primaryimage"},"thumbnailUrl":"https:\/\/aeprilclinics.nl\/wp-content\/uploads\/2025\/02\/aesthe-clinics-Final-07.png","datePublished":"2026-04-16T13:05:47+00:00","dateModified":"2026-05-13T09:12:15+00:00","description":"Teosyal ist ein Filler f\u00fcr verschiedene Gesichtspartien wie die Tr\u00e4nenkan\u00e4le. Sichere, verantwortungsvolle und nat\u00fcrliche Ergebnisse.","breadcrumb":{"@id":"https:\/\/aeprilclinics.nl\/de\/teosyal-fuellstoffe\/#breadcrumb"},"inLanguage":"de","potentialAction":[{"@type":"ReadAction","target":["https:\/\/aeprilclinics.nl\/de\/teosyal-fuellstoffe\/"]}]},{"@type":"ImageObject","inLanguage":"de","@id":"https:\/\/aeprilclinics.nl\/de\/teosyal-fuellstoffe\/#primaryimage","url":"https:\/\/aeprilclinics.nl\/wp-content\/uploads\/2025\/02\/aesthe-clinics-Final-07.png","contentUrl":"https:\/\/aeprilclinics.nl\/wp-content\/uploads\/2025\/02\/aesthe-clinics-Final-07.png","width":6667,"height":5001},{"@type":"BreadcrumbList","@id":"https:\/\/aeprilclinics.nl\/de\/teosyal-fuellstoffe\/#breadcrumb","itemListElement":[{"@type":"ListItem","position":1,"name":"Home","item":"https:\/\/aeprilclinics.nl\/de\/"},{"@type":"ListItem","position":2,"name":"Teosyal-F\u00fcllstoffe"}]},{"@type":"WebSite","@id":"https:\/\/aeprilclinics.nl\/de\/#website","url":"https:\/\/aeprilclinics.nl\/de\/","name":"Aepril","description":"","potentialAction":[{"@type":"SearchAction","target":{"@type":"EntryPoint","urlTemplate":"https:\/\/aeprilclinics.nl\/de\/?s={search_term_string}"},"query-input":{"@type":"PropertyValueSpecification","valueRequired":true,"valueName":"search_term_string"}}],"inLanguage":"de"}]}},"_links":{"self":[{"href":"https:\/\/aeprilclinics.nl\/de\/wp-json\/wp\/v2\/pages\/7504","targetHints":{"allow":["GET"]}}],"collection":[{"href":"https:\/\/aeprilclinics.nl\/de\/wp-json\/wp\/v2\/pages"}],"about":[{"href":"https:\/\/aeprilclinics.nl\/de\/wp-json\/wp\/v2\/types\/page"}],"author":[{"embeddable":true,"href":"https:\/\/aeprilclinics.nl\/de\/wp-json\/wp\/v2\/users\/14"}],"replies":[{"embeddable":true,"href":"https:\/\/aeprilclinics.nl\/de\/wp-json\/wp\/v2\/comments?post=7504"}],"version-history":[{"count":1,"href":"https:\/\/aeprilclinics.nl\/de\/wp-json\/wp\/v2\/pages\/7504\/revisions"}],"predecessor-version":[{"id":7506,"href":"https:\/\/aeprilclinics.nl\/de\/wp-json\/wp\/v2\/pages\/7504\/revisions\/7506"}],"wp:featuredmedia":[{"embeddable":true,"href":"https:\/\/aeprilclinics.nl\/de\/wp-json\/wp\/v2\/media\/6429"}],"wp:attachment":[{"href":"https:\/\/aeprilclinics.nl\/de\/wp-json\/wp\/v2\/media?parent=7504"}],"curies":[{"name":"wp","href":"https:\/\/api.w.org\/{rel}","templated":true}]}}