{"id":6908,"date":"2026-04-07T06:54:56","date_gmt":"2026-04-07T06:54:56","guid":{"rendered":"https:\/\/aeprilclinics.nl\/aepril-partner-medien\/"},"modified":"2026-05-12T20:26:18","modified_gmt":"2026-05-12T20:26:18","slug":"aepril-partner-medien","status":"publish","type":"page","link":"https:\/\/aeprilclinics.nl\/de\/aepril-partner-medien\/","title":{"rendered":"Aepril Partner &#038; Medien"},"content":{"rendered":"\n<div class=\"wp-block-media-text has-media-on-the-right is-stacked-on-mobile is-image-fill-element\"><div class=\"wp-block-media-text__content\">\n<h2 class=\"wp-block-heading\">Aepril-Botschafter<\/h2>\n\n\n\n<p>Soziale Medien spielen eine wichtige Rolle dabei, wie sich Menschen heute \u00fcber kosmetische Behandlungen informieren.<\/p>\n\n\n\n<p>In den Aepril-Kliniken arbeiten wir daher mit einer ausgew\u00e4hlten Anzahl von Botschaftern zusammen, die Wert auf Transparenz, realistische Erwartungen und authentische Erfahrungen legen.<\/p>\n\n\n\n<p>Unsere Multiplikatoren sind fast immer nur Patienten der Klinik. Sie teilen ihre Erfahrungen aufrichtig mit ihrer Gemeinschaft und helfen anderen, besser informierte Entscheidungen zu treffen. <\/p>\n\n\n\n<p>Wir suchen Sch\u00f6pfer, die:<\/p>\n\n\n\n<ul class=\"wp-block-list\">\n<li>eine engagierte und authentische Gemeinschaft haben<\/li>\n\n\n\n<li>offen und ehrlich \u00fcber Behandlungen zu kommunizieren<\/li>\n\n\n\n<li>mit der Vision und den Werten der Aepril-Kliniken \u00fcbereinstimmen<\/li>\n<\/ul>\n\n\n\n<p>Gemeinsam erstellen wir Inhalte, die <strong>informativ, transparent und realistisch<\/strong> sind.<\/p>\n\n\n\n<p>Sind Sie daran interessiert, Teil des Aepril-Influencer-Netzwerks zu werden? Dann kontaktieren Sie uns.<\/p>\n\n\n\n<p><br\/><\/p>\n<\/div><figure class=\"wp-block-media-text__media\"><img loading=\"lazy\" decoding=\"async\" width=\"683\" height=\"1024\" src=\"https:\/\/aeprilclinics.nl\/wp-content\/uploads\/2025\/02\/BN4A9230-683x1024.jpg\" alt=\"\" class=\"wp-image-1667 size-full\" style=\"object-position:50% 50%\" srcset=\"https:\/\/aeprilclinics.nl\/wp-content\/uploads\/2025\/02\/BN4A9230-683x1024.jpg 683w, https:\/\/aeprilclinics.nl\/wp-content\/uploads\/2025\/02\/BN4A9230-200x300.jpg 200w, https:\/\/aeprilclinics.nl\/wp-content\/uploads\/2025\/02\/BN4A9230-768x1152.jpg 768w, https:\/\/aeprilclinics.nl\/wp-content\/uploads\/2025\/02\/BN4A9230-1024x1536.jpg 1024w, https:\/\/aeprilclinics.nl\/wp-content\/uploads\/2025\/02\/BN4A9230-1365x2048.jpg 1365w, https:\/\/aeprilclinics.nl\/wp-content\/uploads\/2025\/02\/BN4A9230-180x270.jpg 180w, https:\/\/aeprilclinics.nl\/wp-content\/uploads\/2025\/02\/BN4A9230-scaled.jpg 1707w\" sizes=\"auto, (max-width: 683px) 100vw, 683px\" \/><\/figure><\/div>\n\n<div style=\"height:100px\" aria-hidden=\"true\" class=\"wp-block-spacer\"><\/div>\n\n<div class=\"wp-block-media-text is-stacked-on-mobile is-image-fill-element\"><figure class=\"wp-block-media-text__media\"><img loading=\"lazy\" decoding=\"async\" width=\"683\" height=\"1024\" src=\"https:\/\/aeprilclinics.nl\/wp-content\/uploads\/2025\/01\/BN4A0034-1-1-683x1024.jpg\" alt=\"\" class=\"wp-image-1009 size-full\" style=\"object-position:50% 50%\" srcset=\"https:\/\/aeprilclinics.nl\/wp-content\/uploads\/2025\/01\/BN4A0034-1-1-683x1024.jpg 683w, https:\/\/aeprilclinics.nl\/wp-content\/uploads\/2025\/01\/BN4A0034-1-1-200x300.jpg 200w, https:\/\/aeprilclinics.nl\/wp-content\/uploads\/2025\/01\/BN4A0034-1-1-768x1152.jpg 768w, https:\/\/aeprilclinics.nl\/wp-content\/uploads\/2025\/01\/BN4A0034-1-1-1024x1536.jpg 1024w, https:\/\/aeprilclinics.nl\/wp-content\/uploads\/2025\/01\/BN4A0034-1-1-1365x2048.jpg 1365w, https:\/\/aeprilclinics.nl\/wp-content\/uploads\/2025\/01\/BN4A0034-1-1-180x270.jpg 180w, https:\/\/aeprilclinics.nl\/wp-content\/uploads\/2025\/01\/BN4A0034-1-1-scaled.jpg 1707w\" sizes=\"auto, (max-width: 683px) 100vw, 683px\" \/><\/figure><div class=\"wp-block-media-text__content\">\n<h2 class=\"wp-block-heading\">Aepril Medien<\/h2>\n\n\n\n<p>Die \u00e4sthetische Medizin ist ein Bereich, der sich st\u00e4ndig weiterentwickelt und regelm\u00e4\u00dfig Gegenstand \u00f6ffentlicher Debatten ist.<\/p>\n\n\n\n<p>In den Aepril-Kliniken glauben wir, dass es wichtig ist, das Gespr\u00e4ch \u00fcber kosmetische Behandlungen auf der Grundlage von <strong>medizinischem Wissen, realistischen Erwartungen und Transparenz<\/strong> zu f\u00fchren.<\/p>\n\n\n\n<p>Deshalb arbeiten wir regelm\u00e4\u00dfig mit Medien, Journalisten, Podcasts und Plattformen zusammen, die \u00fcber Themen der \u00e4sthetischen Medizin berichten.<\/p>\n\n\n\n<ul class=\"wp-block-list\">\n<li>Sicherheit und Qualit\u00e4t bei kosmetischen Behandlungen<\/li>\n\n\n\n<li>Neue Entwicklungen in der \u00e4sthetischen Medizin<\/li>\n\n\n\n<li>realistische Erwartungen f\u00fcr Patienten<\/li>\n\n\n\n<li>Trends und gesellschaftliche Entwicklungen in der Branche<\/li>\n<\/ul>\n\n\n\n<p>F\u00fcr Interviewanfragen, Expertenkommentare oder Medienkooperationen wenden Sie sich bitte an: <a href=\"mailto:contact@aeprilclinics.nl\">contact@aeprilclinics.nl<\/a><\/p>\n\n\n\n<p>Nachstehend finden Sie eine Auswahl von Ver\u00f6ffentlichungen:<\/p>\n<\/div><\/div>\n\r\n\r\r\n<style>\r\r\n\r\r\n    \/*Used to keep captions inside the visible area*\/\r\r\n    #foogallery-gallery-1052 .foo-item {\r\r\n        max-height: 150px;\r\r\n    }\r\r\n\r\r\n    #foogallery-gallery-1052.border-style-inset a::after {\r\r\n        box-shadow: inset 0 0 20px #000;\r\r\n        -moz-box-shadow: inset 0 0 20px #000;\r\r\n        -webkit-box-shadow: inset 0 0 calc(150)px\/4 rgba(0,0,0,0.8);\r\r\n    }\r\r\n<\/style>\r\r\n\r\r\n<div id=\"foogallery-gallery-1052\" class=\"foogallery foogallery-container foogallery-owl-carousel foogallery-lightbox-foogallery owl-carousel \">\r\r\n\r\r\n    \r\n        <div class=\"foo-item\" >\r\r\n            <a  href=\"https:\/\/www.ad.nl\/binnenland\/elnaz-29-startte-op-het-vmbo-kader-nu-is-ze-arts-zon-citoscore-is-niet-het-einde-van-je-reis~a9c77e4d1\/?referrer=https%3A%2F%2Fwww.google.com%2F\" data-attachment-id=\"1060\" data-type=\"iframe\"><img loading=\"lazy\" decoding=\"async\"  src=\"https:\/\/aeprilclinics.nl\/wp-content\/uploads\/cache\/2025\/01\/New_Logo_AD-removebg-preview-1\/270999162.png\" width=\"150\" height=\"150\" class=\"skip-lazy\" \/><\/a>\r\n\r\r\n        <\/div>\r\r\n\r\r\n    \r\n        <div class=\"foo-item\" >\r\r\n            <a  href=\"https:\/\/www.rtl.nl\/nieuws\/artikel\/5429767\/elnaz-begon-op-vmbo-kader-maar-nu-dokter-ik-zou-vwo-niet-aankunnen\" data-attachment-id=\"1054\" data-type=\"iframe\"><img loading=\"lazy\" decoding=\"async\"  src=\"https:\/\/aeprilclinics.nl\/wp-content\/uploads\/cache\/2025\/01\/rtl-group-marketing-report-removebg-preview-300x133-1\/717196156.png\" width=\"150\" height=\"150\" class=\"skip-lazy\" \/><\/a>\r\n\r\r\n        <\/div>\r\r\n\r\r\n    \r\n        <div class=\"foo-item\" >\r\r\n            <a  href=\"https:\/\/www.metronieuws.nl\/in-het-nieuws\/binnenland\/2023\/02\/elnaz-alagha-vmbo-kader-arts-geneeskunde\/\" data-attachment-id=\"1059\" data-type=\"iframe\"><img loading=\"lazy\" decoding=\"async\"  src=\"https:\/\/aeprilclinics.nl\/wp-content\/uploads\/cache\/2025\/01\/metro-logo-300x85-1\/305672462.png\" width=\"150\" height=\"150\" class=\"skip-lazy\" \/><\/a>\r\n\r\r\n        <\/div>\r\r\n\r\r\n    \r\n        <div class=\"foo-item\" >\r\r\n            <a  href=\"https:\/\/www.linda.nl\/persoonlijk\/elnaz-alagha-vmbo-kader-arts-dromen-waarmaken\/\" data-attachment-id=\"1055\" data-type=\"iframe\"><img loading=\"lazy\" decoding=\"async\"  src=\"https:\/\/aeprilclinics.nl\/wp-content\/uploads\/cache\/2025\/01\/01linda-300x188-1\/3291633963.png\" width=\"150\" height=\"150\" class=\"skip-lazy\" \/><\/a>\r\n\r\r\n        <\/div>\r\r\n\r\r\n    \r\n        <div class=\"foo-item\" >\r\r\n            <a  href=\"https:\/\/www.nporadio1.nl\/fragmenten\/humberto\/3aeae6b0-9d85-458c-966b-9ff9e7c465f4\/2023-02-10-van-vmbo-kader-naar-arts\" target=\"_blank\" data-attachment-id=\"1053\" data-type=\"iframe\"><img loading=\"lazy\" decoding=\"async\"  src=\"https:\/\/aeprilclinics.nl\/wp-content\/uploads\/cache\/2025\/01\/NPO_Radio_1_logo_2014_svg-300x203-1\/27550376.png\" width=\"150\" height=\"150\" class=\"skip-lazy\" \/><\/a>\r\n\r\r\n        <\/div>\r\r\n\r\r\n    \r\n        <div class=\"foo-item\" >\r\r\n            <a  href=\"https:\/\/fhm.nl\/entertainment\/twee-experts-over-de-booming-trend-waarom-mannen-steeds-vaker-voor-cosmetische-ingrepen-kiezen\" data-attachment-id=\"2859\" data-type=\"iframe\"><img loading=\"lazy\" decoding=\"async\"  src=\"https:\/\/aeprilclinics.nl\/wp-content\/uploads\/cache\/2025\/01\/images-1\/2325955454.png\" width=\"150\" height=\"150\" class=\"skip-lazy\" \/><\/a>\r\n\r\r\n        <\/div>\r\r\n\r\r\n    \r\n        <div class=\"foo-item\" >\r\r\n            <a  href=\"https:\/\/www.funx.nl\/fragmenten\/gilly\/9cc14a42-4adf-47ec-bc75-1c785a698cee\/2024-08-13-dokter-elnaz-over-de-pillen-voor-grotere-billen-van-selma-omari\" data-attachment-id=\"1058\" data-type=\"iframe\"><img loading=\"lazy\" decoding=\"async\"  src=\"https:\/\/aeprilclinics.nl\/wp-content\/uploads\/cache\/2025\/01\/c300\/358260454.webp\" width=\"150\" height=\"150\" class=\"skip-lazy\" \/><\/a>\r\n\r\r\n        <\/div>\r\r\n\r\r\n    \r\n        <div class=\"foo-item\" >\r\r\n            <a  href=\"https:\/\/www.amsterdamumc.org\/nl\/vandaag\/elnaz-alagha-begon-met-vmbo-kader-nu-is-ze-arts.htm\" data-attachment-id=\"1056\" data-type=\"iframe\"><img loading=\"lazy\" decoding=\"async\"  src=\"https:\/\/aeprilclinics.nl\/wp-content\/uploads\/cache\/2025\/01\/56566395\/4123700876.png\" width=\"150\" height=\"150\" class=\"skip-lazy\" \/><\/a>\r\n\r\r\n        <\/div>\r\r\n\r\r\n    \r\n        <div class=\"foo-item\" >\r\r\n            <a  href=\"https:\/\/www.tubantia.nl\/enschede\/cosmetische-ingrepen-razend-populair-in-twente-misstanden-nemen-toe~a3903977\/\" data-attachment-id=\"3279\" data-type=\"iframe\"><img loading=\"lazy\" decoding=\"async\"  src=\"https:\/\/aeprilclinics.nl\/wp-content\/uploads\/cache\/2025\/01\/Screenshot-2025-08-07-at-15_50_24\/2096432909.png\" width=\"150\" height=\"150\" class=\"skip-lazy\" \/><\/a>\r\n\r\r\n        <\/div>\r\r\n\r\r\n    \r\n        <div class=\"foo-item\" >\r\r\n            <a  href=\"https:\/\/www.gelderlander.nl\/bronckhorst\/een-lage-citoscore-twijfelende-leraren-en-vmbo-k-advies-tegen-de-verwachtingen-in-lukte-het-elnaz-toch-om-dokter-te-worden~a3a710ce\/\" data-attachment-id=\"1057\" data-type=\"iframe\"><img loading=\"lazy\" decoding=\"async\"  src=\"https:\/\/aeprilclinics.nl\/wp-content\/uploads\/cache\/2025\/01\/123921055630eb56a4931ec8fc996fc7-removebg-preview\/4052178750.png\" width=\"150\" height=\"150\" class=\"skip-lazy\" \/><\/a>\r\n\r\r\n        <\/div>\r\r\n\r\r\n    \r\n        <div class=\"foo-item\" >\r\r\n            <a  href=\"https:\/\/www.tubantia.nl\/wierden\/ze-wilde-een-subtiele-ingreep-maar-kreeg-knakworstlippen-enola-24-doet-haar-verhaal~a32821da\/\" data-attachment-id=\"1745\" data-type=\"iframe\"><img loading=\"lazy\" decoding=\"async\"  src=\"https:\/\/aeprilclinics.nl\/wp-content\/uploads\/cache\/2025\/01\/images\/3100455892.png\" width=\"150\" height=\"150\" class=\"skip-lazy\" \/><\/a>\r\n\r\r\n        <\/div>\r\r\n\r\r\n    \r\n        <div class=\"foo-item\" >\r\r\n            <a  href=\"https:\/\/www.destentor.nl\/hengelo\/blind-door-fillers-of-hangende-oogleden-van-botox-zo-voorkom-je-dat-volgens-hengelose-arts-elnaz~a17b6fd3\/\" data-attachment-id=\"3277\" data-type=\"iframe\"><img loading=\"lazy\" decoding=\"async\"  src=\"https:\/\/aeprilclinics.nl\/wp-content\/uploads\/cache\/2025\/01\/Screenshot-2025-08-07-at-15_46_41\/2456805264.png\" width=\"150\" height=\"150\" class=\"skip-lazy\" \/><\/a>\r\n\r\r\n        <\/div>\r\r\n\r\r\n    \r\n<\/div>\r\r\n\r\r\n<script>\r\r\n    \/* The Owl Initialization Script\r\r\n    \/* The first lines conditionally show the slide animation *\/\r\r\n    jQuery(window).on(\"load\", function(){\r\r\n        var $galleryContainer = jQuery( '#foogallery-gallery-1052' );\r\r\n        var $containerID = '#foogallery-gallery-1052';\r\r\n\r\r\n        jQuery(document).on('keydown', function( event ) { \/\/attach event listener\r\r\n            if (event.keyCode == 37) {\r\r\n                $galleryContainer.trigger('prev.owl')\r\r\n            }\r\r\n            if (event.keyCode == 39) {\r\r\n                $galleryContainer.trigger('next.owl')\r\r\n            }\r\r\n        });\r\r\n\r\r\n        \r\n\r\r\n        $galleryContainer.owlCarousel({\r\r\n            \r\n            items: 8,\r\r\n            nav: false,\r\r\n            margin: 10,\r\r\n            loop:true,\r\r\n            autoplay: false,\r\r\n            autoplaySpeed: 4000,\r\r\n            smartSpeed:250,\r\r\n            navSpeed: 1250,\r\r\n            navText: ['prev', 'next'],\r\r\n            autoplayHoverPause: true,\r\r\n            lazyLoad: 1,\r\r\n            autoWidth: 0,\r\r\n            \r\n            URLhashListener: false,\r\r\n            startPosition: 'URLHash',\r\r\n            dots: false,\r\r\n            \r\n            responsiveClass: true,\r\r\n            responsive:{\r\r\n                0:{\r\r\n                    items: 4,\r\r\n                },\r\r\n                480:{\r\r\n                    items: 6,\r\r\n                },\r\r\n                960:{\r\r\n                    items: 8,\r\r\n                }\r\r\n            },\r\r\n\r\r\n            \r\n            \r\n        });\r\r\n    });\r\r\n<\/script>\n<div style=\"height:100px\" aria-hidden=\"true\" class=\"wp-block-spacer\"><\/div>\n\n<div class=\"wp-block-media-text has-media-on-the-right is-stacked-on-mobile is-image-fill-element\"><div class=\"wp-block-media-text__content\">\n<h2 class=\"wp-block-heading\">Aepril Markenpartner<\/h2>\n\n\n\n<p>Neben den Medien und Kreativen arbeiten die Aepril-Kliniken auch mit einer Reihe von f\u00fchrenden Marken im Bereich der \u00e4sthetischen Medizin zusammen.<\/p>\n\n\n\n<p>Diese Kooperationen erm\u00f6glichen es uns, mit hochwertigen Produkten, innovativen Behandlungen und kontinuierlicher medizinischer Weiterbildung zu arbeiten.<\/p>\n\n\n\n<ul class=\"wp-block-list\">\n<li><a href=\"https:\/\/merzaesthetics.nl\/\">Merz<\/a><\/li>\n\n\n\n<li><a href=\"https:\/\/www.ibsaderma.nl\/nl\/\">Ibsa Derma<\/a><\/li>\n\n\n\n<li><a href=\"https:\/\/www.cromapharma.com\/\">Croma<\/a><\/li>\n\n\n\n<li><a href=\"https:\/\/www.galderma.com\/\">Galderma<\/a><\/li>\n\n\n\n<li><a href=\"https:\/\/nationale-apotheek.nl\/\">Nationale Apotheke<\/a><\/li>\n<\/ul>\n\n\n\n<p>Gemeinsam mit unseren Markenpartnern veranstalten wir unter anderem:<\/p>\n\n\n\n<ul class=\"wp-block-list\">\n<li>Ausbildung und Erziehung<\/li>\n\n\n\n<li>gemeinsame Kampagnen<\/li>\n\n\n\n<li>Veranstaltungen f\u00fcr Patienten und Fachleute<\/li>\n<\/ul>\n\n\n\n<p>Auf diese Weise bauen wir gemeinsam an einer Zukunft, in der <strong>Qualit\u00e4t, Sicherheit und Transparenz im Mittelpunkt stehen<\/strong>.<\/p>\n\n\n\n<p>Haben Sie ein gutes Produkt, einen innovativen Ansatz und s<\/p>\n<\/div><figure class=\"wp-block-media-text__media\"><img loading=\"lazy\" decoding=\"async\" width=\"683\" height=\"1024\" src=\"https:\/\/aeprilclinics.nl\/wp-content\/uploads\/2026\/04\/BN4A9229-683x1024.jpg\" alt=\"\" class=\"wp-image-5700 size-full\" style=\"object-position:50% 50%\" srcset=\"https:\/\/aeprilclinics.nl\/wp-content\/uploads\/2026\/04\/BN4A9229-683x1024.jpg 683w, https:\/\/aeprilclinics.nl\/wp-content\/uploads\/2026\/04\/BN4A9229-200x300.jpg 200w, https:\/\/aeprilclinics.nl\/wp-content\/uploads\/2026\/04\/BN4A9229-768x1152.jpg 768w, https:\/\/aeprilclinics.nl\/wp-content\/uploads\/2026\/04\/BN4A9229-1024x1536.jpg 1024w, https:\/\/aeprilclinics.nl\/wp-content\/uploads\/2026\/04\/BN4A9229-1365x2048.jpg 1365w, https:\/\/aeprilclinics.nl\/wp-content\/uploads\/2026\/04\/BN4A9229-180x270.jpg 180w, https:\/\/aeprilclinics.nl\/wp-content\/uploads\/2026\/04\/BN4A9229-scaled.jpg 1707w\" sizes=\"auto, (max-width: 683px) 100vw, 683px\" \/><\/figure><\/div>\n\n<div style=\"height:100px\" aria-hidden=\"true\" class=\"wp-block-spacer\"><\/div>\n\n<div class=\"wp-block-cover alignfull is-light wave\" style=\"margin-top:var(--wp--preset--spacing--60);margin-bottom:0;padding-bottom:var(--wp--preset--spacing--30)\"><span aria-hidden=\"true\" class=\"wp-block-cover__background has-accent-background-color has-background-dim-100 has-background-dim\"><\/span><div class=\"wp-block-cover__inner-container has-global-padding is-layout-constrained wp-block-cover-is-layout-constrained\">\n<h2 class=\"wp-block-heading has-text-align-center\">Ihr Look, vom Feinsten.<\/h2>\n\n\n\n<div style=\"height:15px\" aria-hidden=\"true\" class=\"wp-block-spacer\"><\/div>\n\n\n\n<div class=\"wp-block-buttons is-content-justification-center is-layout-flex wp-container-core-buttons-is-layout-a89b3969 wp-block-buttons-is-layout-flex\">\n<div class=\"wp-block-button\"><a class=\"wp-block-button__link has-base-color has-accent-3-background-color has-text-color has-background has-link-color wp-element-button\" href=\"https:\/\/aeprilclinics.nl\/de\/kostenlose-beratung-buchen\/\">Kostenlose Beratung buchen<\/a><\/div>\n<\/div>\n<\/div><\/div>\n\n<p><\/p>\n","protected":false},"excerpt":{"rendered":"","protected":false},"author":14,"featured_media":0,"parent":0,"menu_order":0,"comment_status":"closed","ping_status":"closed","template":"","meta":{"_acf_changed":false,"footnotes":""},"class_list":["post-6908","page","type-page","status-publish","hentry"],"acf":[],"yoast_head":"<!-- This site is optimized with the Yoast SEO plugin v27.2 - https:\/\/yoast.com\/product\/yoast-seo-wordpress\/ -->\n<title>Aepril Partner &amp; Medien - Aepril<\/title>\n<meta name=\"robots\" content=\"index, follow, max-snippet:-1, max-image-preview:large, max-video-preview:-1\" \/>\n<link rel=\"canonical\" href=\"https:\/\/aeprilclinics.nl\/de\/aepril-partner-medien\/\" \/>\n<meta property=\"og:locale\" content=\"de_DE\" \/>\n<meta property=\"og:type\" content=\"article\" \/>\n<meta property=\"og:title\" content=\"Aepril Partner &amp; Medien - Aepril\" \/>\n<meta property=\"og:url\" content=\"https:\/\/aeprilclinics.nl\/de\/aepril-partner-medien\/\" \/>\n<meta property=\"og:site_name\" content=\"Aepril\" \/>\n<meta property=\"article:modified_time\" content=\"2026-05-12T20:26:18+00:00\" \/>\n<meta property=\"og:image\" content=\"https:\/\/aeprilclinics.nl\/wp-content\/uploads\/2025\/02\/BN4A9230-scaled.jpg\" \/>\n\t<meta property=\"og:image:width\" content=\"1707\" \/>\n\t<meta property=\"og:image:height\" content=\"2560\" \/>\n\t<meta property=\"og:image:type\" content=\"image\/jpeg\" \/>\n<meta name=\"twitter:card\" content=\"summary_large_image\" \/>\n<meta name=\"twitter:label1\" content=\"Gesch\u00e4tzte Lesezeit\" \/>\n\t<meta name=\"twitter:data1\" content=\"2\u00a0Minuten\" \/>\n<script type=\"application\/ld+json\" class=\"yoast-schema-graph\">{\"@context\":\"https:\/\/schema.org\",\"@graph\":[{\"@type\":\"WebPage\",\"@id\":\"https:\/\/aeprilclinics.nl\/de\/aepril-partner-medien\/\",\"url\":\"https:\/\/aeprilclinics.nl\/de\/aepril-partner-medien\/\",\"name\":\"Aepril Partner & Medien - Aepril\",\"isPartOf\":{\"@id\":\"https:\/\/aeprilclinics.nl\/de\/#website\"},\"primaryImageOfPage\":{\"@id\":\"https:\/\/aeprilclinics.nl\/de\/aepril-partner-medien\/#primaryimage\"},\"image\":{\"@id\":\"https:\/\/aeprilclinics.nl\/de\/aepril-partner-medien\/#primaryimage\"},\"thumbnailUrl\":\"https:\/\/aeprilclinics.nl\/wp-content\/uploads\/2025\/02\/BN4A9230-683x1024.jpg\",\"datePublished\":\"2026-04-07T06:54:56+00:00\",\"dateModified\":\"2026-05-12T20:26:18+00:00\",\"breadcrumb\":{\"@id\":\"https:\/\/aeprilclinics.nl\/de\/aepril-partner-medien\/#breadcrumb\"},\"inLanguage\":\"de\",\"potentialAction\":[{\"@type\":\"ReadAction\",\"target\":[\"https:\/\/aeprilclinics.nl\/de\/aepril-partner-medien\/\"]}]},{\"@type\":\"ImageObject\",\"inLanguage\":\"de\",\"@id\":\"https:\/\/aeprilclinics.nl\/de\/aepril-partner-medien\/#primaryimage\",\"url\":\"https:\/\/aeprilclinics.nl\/wp-content\/uploads\/2025\/02\/BN4A9230-683x1024.jpg\",\"contentUrl\":\"https:\/\/aeprilclinics.nl\/wp-content\/uploads\/2025\/02\/BN4A9230-683x1024.jpg\"},{\"@type\":\"BreadcrumbList\",\"@id\":\"https:\/\/aeprilclinics.nl\/de\/aepril-partner-medien\/#breadcrumb\",\"itemListElement\":[{\"@type\":\"ListItem\",\"position\":1,\"name\":\"Home\",\"item\":\"https:\/\/aeprilclinics.nl\/de\/\"},{\"@type\":\"ListItem\",\"position\":2,\"name\":\"Aepril Partner &#038; Medien\"}]},{\"@type\":\"WebSite\",\"@id\":\"https:\/\/aeprilclinics.nl\/de\/#website\",\"url\":\"https:\/\/aeprilclinics.nl\/de\/\",\"name\":\"Aepril\",\"description\":\"\",\"potentialAction\":[{\"@type\":\"SearchAction\",\"target\":{\"@type\":\"EntryPoint\",\"urlTemplate\":\"https:\/\/aeprilclinics.nl\/de\/?s={search_term_string}\"},\"query-input\":{\"@type\":\"PropertyValueSpecification\",\"valueRequired\":true,\"valueName\":\"search_term_string\"}}],\"inLanguage\":\"de\"}]}<\/script>\n<!-- \/ Yoast SEO plugin. -->","yoast_head_json":{"title":"Aepril Partner & Medien - Aepril","robots":{"index":"index","follow":"follow","max-snippet":"max-snippet:-1","max-image-preview":"max-image-preview:large","max-video-preview":"max-video-preview:-1"},"canonical":"https:\/\/aeprilclinics.nl\/de\/aepril-partner-medien\/","og_locale":"de_DE","og_type":"article","og_title":"Aepril Partner & Medien - Aepril","og_url":"https:\/\/aeprilclinics.nl\/de\/aepril-partner-medien\/","og_site_name":"Aepril","article_modified_time":"2026-05-12T20:26:18+00:00","og_image":[{"width":1707,"height":2560,"url":"https:\/\/aeprilclinics.nl\/wp-content\/uploads\/2025\/02\/BN4A9230-scaled.jpg","type":"image\/jpeg"}],"twitter_card":"summary_large_image","twitter_misc":{"Gesch\u00e4tzte Lesezeit":"2\u00a0Minuten"},"schema":{"@context":"https:\/\/schema.org","@graph":[{"@type":"WebPage","@id":"https:\/\/aeprilclinics.nl\/de\/aepril-partner-medien\/","url":"https:\/\/aeprilclinics.nl\/de\/aepril-partner-medien\/","name":"Aepril Partner & Medien - Aepril","isPartOf":{"@id":"https:\/\/aeprilclinics.nl\/de\/#website"},"primaryImageOfPage":{"@id":"https:\/\/aeprilclinics.nl\/de\/aepril-partner-medien\/#primaryimage"},"image":{"@id":"https:\/\/aeprilclinics.nl\/de\/aepril-partner-medien\/#primaryimage"},"thumbnailUrl":"https:\/\/aeprilclinics.nl\/wp-content\/uploads\/2025\/02\/BN4A9230-683x1024.jpg","datePublished":"2026-04-07T06:54:56+00:00","dateModified":"2026-05-12T20:26:18+00:00","breadcrumb":{"@id":"https:\/\/aeprilclinics.nl\/de\/aepril-partner-medien\/#breadcrumb"},"inLanguage":"de","potentialAction":[{"@type":"ReadAction","target":["https:\/\/aeprilclinics.nl\/de\/aepril-partner-medien\/"]}]},{"@type":"ImageObject","inLanguage":"de","@id":"https:\/\/aeprilclinics.nl\/de\/aepril-partner-medien\/#primaryimage","url":"https:\/\/aeprilclinics.nl\/wp-content\/uploads\/2025\/02\/BN4A9230-683x1024.jpg","contentUrl":"https:\/\/aeprilclinics.nl\/wp-content\/uploads\/2025\/02\/BN4A9230-683x1024.jpg"},{"@type":"BreadcrumbList","@id":"https:\/\/aeprilclinics.nl\/de\/aepril-partner-medien\/#breadcrumb","itemListElement":[{"@type":"ListItem","position":1,"name":"Home","item":"https:\/\/aeprilclinics.nl\/de\/"},{"@type":"ListItem","position":2,"name":"Aepril Partner &#038; Medien"}]},{"@type":"WebSite","@id":"https:\/\/aeprilclinics.nl\/de\/#website","url":"https:\/\/aeprilclinics.nl\/de\/","name":"Aepril","description":"","potentialAction":[{"@type":"SearchAction","target":{"@type":"EntryPoint","urlTemplate":"https:\/\/aeprilclinics.nl\/de\/?s={search_term_string}"},"query-input":{"@type":"PropertyValueSpecification","valueRequired":true,"valueName":"search_term_string"}}],"inLanguage":"de"}]}},"_links":{"self":[{"href":"https:\/\/aeprilclinics.nl\/de\/wp-json\/wp\/v2\/pages\/6908","targetHints":{"allow":["GET"]}}],"collection":[{"href":"https:\/\/aeprilclinics.nl\/de\/wp-json\/wp\/v2\/pages"}],"about":[{"href":"https:\/\/aeprilclinics.nl\/de\/wp-json\/wp\/v2\/types\/page"}],"author":[{"embeddable":true,"href":"https:\/\/aeprilclinics.nl\/de\/wp-json\/wp\/v2\/users\/14"}],"replies":[{"embeddable":true,"href":"https:\/\/aeprilclinics.nl\/de\/wp-json\/wp\/v2\/comments?post=6908"}],"version-history":[{"count":1,"href":"https:\/\/aeprilclinics.nl\/de\/wp-json\/wp\/v2\/pages\/6908\/revisions"}],"predecessor-version":[{"id":6910,"href":"https:\/\/aeprilclinics.nl\/de\/wp-json\/wp\/v2\/pages\/6908\/revisions\/6910"}],"wp:attachment":[{"href":"https:\/\/aeprilclinics.nl\/de\/wp-json\/wp\/v2\/media?parent=6908"}],"curies":[{"name":"wp","href":"https:\/\/api.w.org\/{rel}","templated":true}]}}