{"id":6899,"date":"2026-04-10T07:39:05","date_gmt":"2026-04-10T07:39:05","guid":{"rendered":"https:\/\/aeprilclinics.nl\/stellenangebot-financial-controller\/"},"modified":"2026-05-12T20:26:18","modified_gmt":"2026-05-12T20:26:18","slug":"stellenangebot-financial-controller","status":"publish","type":"page","link":"https:\/\/aeprilclinics.nl\/de\/stellenangebot-financial-controller\/","title":{"rendered":"Stellenangebot Financial Controller"},"content":{"rendered":"\n<div class=\"wp-block-media-text has-media-on-the-right is-stacked-on-mobile is-image-fill-element\"><div class=\"wp-block-media-text__content\">\n<h5 class=\"wp-block-heading\">Stellenausschreibung<\/h5>\n\n\n\n<h2 class=\"wp-block-heading\">Sind Sie der Controller, den wir suchen?<\/h2>\n\n\n\n<p>Wie sch\u00f6n, dass Sie bei unserer Stellenausschreibung gelandet sind! Zur Verst\u00e4rkung unseres Teams suchen wir einen Controller, der Struktur, \u00dcbersicht und Qualit\u00e4t in unsere Finanzverwaltung bringt und mit unserem Unternehmen wachsen m\u00f6chte. <\/p>\n\n\n\n<p><strong>Sind Sie zuf\u00e4llig auf der Suche nach:<\/strong><\/p>\n\n\n\n<ul id=\"block-758e8c11-1699-4e99-8a3e-f3384ca1ecf1\" class=\"wp-block-list\">\n<li>Inspirierender Arbeitsplatz im Herzen von Utrecht;<\/li>\n\n\n\n<li>Flexible und freie Rolle in unserer Organisation;<\/li>\n\n\n\n<li>Ethische und transparente Kultur;<\/li>\n\n\n\n<li>Gem\u00fctliche Arbeitsatmosph\u00e4re und pers\u00f6nlicher Kontakt zu den Kunden;<\/li>\n\n\n\n<li>Ein Team, das offen f\u00fcr Ihre Erkenntnisse ist und Wissen und Kompetenz in einer sicheren Lernumgebung offen mit Ihnen teilt;<\/li>\n\n\n\n<li>Zukunftsperspektiven; Aufstiegsm\u00f6glichkeiten im Team und unbefristeter Vertrag.<\/li>\n<\/ul>\n<\/div><figure class=\"wp-block-media-text__media\"><img loading=\"lazy\" decoding=\"async\" width=\"768\" height=\"1024\" src=\"https:\/\/aeprilclinics.nl\/wp-content\/uploads\/2025\/09\/IMG_7437-768x1024.jpg\" alt=\"\" class=\"wp-image-3498 size-full\" style=\"object-position:50% 50%\" srcset=\"https:\/\/aeprilclinics.nl\/wp-content\/uploads\/2025\/09\/IMG_7437-768x1024.jpg 768w, https:\/\/aeprilclinics.nl\/wp-content\/uploads\/2025\/09\/IMG_7437-225x300.jpg 225w, https:\/\/aeprilclinics.nl\/wp-content\/uploads\/2025\/09\/IMG_7437-1152x1536.jpg 1152w, https:\/\/aeprilclinics.nl\/wp-content\/uploads\/2025\/09\/IMG_7437-1536x2048.jpg 1536w, https:\/\/aeprilclinics.nl\/wp-content\/uploads\/2025\/09\/IMG_7437-203x270.jpg 203w, https:\/\/aeprilclinics.nl\/wp-content\/uploads\/2025\/09\/IMG_7437-scaled.jpg 1920w\" sizes=\"auto, (max-width: 768px) 100vw, 768px\" \/><\/figure><\/div>\n\n<div style=\"height:50px\" aria-hidden=\"true\" class=\"wp-block-spacer\"><\/div>\n\n<div class=\"wp-block-media-text is-stacked-on-mobile is-image-fill-element\"><figure class=\"wp-block-media-text__media\"><img loading=\"lazy\" decoding=\"async\" width=\"1024\" height=\"768\" src=\"https:\/\/aeprilclinics.nl\/wp-content\/uploads\/2025\/09\/IMG_7809-1024x768.jpeg\" alt=\"\" class=\"wp-image-3741 size-full\" style=\"object-position:50% 50%\" srcset=\"https:\/\/aeprilclinics.nl\/wp-content\/uploads\/2025\/09\/IMG_7809-1024x768.jpeg 1024w, https:\/\/aeprilclinics.nl\/wp-content\/uploads\/2025\/09\/IMG_7809-300x225.jpeg 300w, https:\/\/aeprilclinics.nl\/wp-content\/uploads\/2025\/09\/IMG_7809-768x576.jpeg 768w, https:\/\/aeprilclinics.nl\/wp-content\/uploads\/2025\/09\/IMG_7809-1536x1152.jpeg 1536w, https:\/\/aeprilclinics.nl\/wp-content\/uploads\/2025\/09\/IMG_7809-2048x1536.jpeg 2048w, https:\/\/aeprilclinics.nl\/wp-content\/uploads\/2025\/09\/IMG_7809-360x270.jpeg 360w\" sizes=\"auto, (max-width: 1024px) 100vw, 1024px\" \/><\/figure><div class=\"wp-block-media-text__content\">\n<h5 class=\"wp-block-heading\">\u00dcber uns<\/h5>\n\n\n\n<h2 class=\"wp-block-heading\">Aepril Cosmetic Klinik<\/h2>\n\n\n\n<p>Aepril Cosmetic Clinic ist eine schnell wachsende Klinik mit Niederlassungen in <a href=\"https:\/\/aeprilclinics.nl\/de\/hengelo-klinik\/\" type=\"page\" id=\"3336\">Hengelo<\/a> und <a href=\"https:\/\/aeprilclinics.nl\/de\/klinik-utrecht\/\" type=\"page\" id=\"3390\">Utrecht<\/a>, die sich auf kosmetische Behandlungen und ein hochwertiges Kundenerlebnis konzentriert. In kurzer Zeit haben wir uns einen guten Ruf erarbeitet, mit fast 100 perfekten Bewertungen in weniger als neun Monaten. Wir sind sehr daran interessiert, diese Entwicklung mit einem Team fortzusetzen, das mit uns wachsen m\u00f6chte.  <\/p>\n\n\n\n<p>Unter der Leitung von Dr. Elnaz Alagha konzentrieren wir uns auf Botox, Filler und Hautbehandlungen. Wir kombinieren medizinisches Fachwissen mit einem pers\u00f6nlichen Ansatz, bei dem eine ehrliche Beratung im Vordergrund steht. Wir schauen \u00fcber die Behandlung hinaus und nehmen uns die Zeit, gemeinsam mit dem Kunden die richtige Wahl zu treffen. Wir entscheiden uns bewusst f\u00fcr ein subtiles Ergebnis, das dem nat\u00fcrlichen Aussehen entspricht. Weniger ist mehr!    <\/p>\n<\/div><\/div>\n\n<div style=\"height:50px\" aria-hidden=\"true\" class=\"wp-block-spacer\"><\/div>\n\n<div class=\"wp-block-media-text has-media-on-the-right is-stacked-on-mobile is-image-fill-element\"><div class=\"wp-block-media-text__content\">\n<h5 class=\"wp-block-heading\">Erfahrungen und F\u00e4higkeiten<\/h5>\n\n\n\n<h2 class=\"wp-block-heading\">Nach wem suchen wir?<\/h2>\n\n\n\n<p>90% der Finanzjobs sind Excel-Arbeiten ohne wirkliche Auswirkungen. Dieser hier nicht. <\/p>\n\n\n\n<p>Wir bei <strong>Aepril Clinics <\/strong>suchen einen<strong> Financial Controller<\/strong>, der nicht nur Berichte erstellt, sondern auch <strong>beim Aufbau eines Unternehmens hilft, das jedes Jahr einen neuen Standort er\u00f6ffnet.<\/strong><\/p>\n\n\n\n<p>Dies ist keine typische Finanzfunktion. Sie arbeiten <strong>direkt mit den Gr\u00fcndern<\/strong> zusammen, sehen alle Zahlen des Unternehmens und helfen beim Aufbau der Finanzstruktur einer schnell wachsenden Klinikkette. <\/p>\n\n\n\n<p><strong>Diese Rolle ist extrem praxisorientiert.<\/strong><\/p>\n\n\n\n<p>Sie machen nicht nur Analysen und Berichte.<br\/>Sie sorgen auch daf\u00fcr, dass die Grundlagen stimmen.<\/p>\n\n\n\n<p>Das bedeutet, dass Sie das auch tun sollten:<\/p>\n\n\n\n<ul class=\"wp-block-list\">\n<li>Buchungsbelege<\/li>\n\n\n\n<li>Bestandspr\u00fcfungen<\/li>\n\n\n\n<li>Kosten\u00fcberwachung<\/li>\n\n\n\n<li>berichtet<\/li>\n\n\n\n<li>und Sparring mit den Gr\u00fcndern \u00fcber Wachstum<\/li>\n<\/ul>\n\n\n\n<p>Wenn Sie nur von einem Stuhl aus Dashboards erstellen wollen, ist dies nicht Ihr Job. Wenn Sie <strong>lernen wollen, wie man ein Unternehmen von innen heraus aufbaut<\/strong>, dann ja, dann ist es das. <\/p>\n<\/div><figure class=\"wp-block-media-text__media\"><img loading=\"lazy\" decoding=\"async\" width=\"1024\" height=\"683\" src=\"https:\/\/aeprilclinics.nl\/wp-content\/uploads\/2025\/01\/BN4A9295-1024x683.jpg\" alt=\"\" class=\"wp-image-1012 size-full\" style=\"object-position:50% 50%\" srcset=\"https:\/\/aeprilclinics.nl\/wp-content\/uploads\/2025\/01\/BN4A9295-1024x683.jpg 1024w, https:\/\/aeprilclinics.nl\/wp-content\/uploads\/2025\/01\/BN4A9295-300x200.jpg 300w, https:\/\/aeprilclinics.nl\/wp-content\/uploads\/2025\/01\/BN4A9295-768x512.jpg 768w, https:\/\/aeprilclinics.nl\/wp-content\/uploads\/2025\/01\/BN4A9295-1536x1024.jpg 1536w, https:\/\/aeprilclinics.nl\/wp-content\/uploads\/2025\/01\/BN4A9295-2048x1365.jpg 2048w, https:\/\/aeprilclinics.nl\/wp-content\/uploads\/2025\/01\/BN4A9295-405x270.jpg 405w\" sizes=\"auto, (max-width: 1024px) 100vw, 1024px\" \/><\/figure><\/div>\n\n<div style=\"height:50px\" aria-hidden=\"true\" class=\"wp-block-spacer\"><\/div>\n\n<div class=\"wp-block-media-text is-stacked-on-mobile is-image-fill-element\"><figure class=\"wp-block-media-text__media\"><img loading=\"lazy\" decoding=\"async\" width=\"768\" height=\"1024\" src=\"https:\/\/aeprilclinics.nl\/wp-content\/uploads\/2025\/11\/IMG_8558-768x1024.jpg\" alt=\"\" class=\"wp-image-4358 size-full\" style=\"object-position:50% 50%\" srcset=\"https:\/\/aeprilclinics.nl\/wp-content\/uploads\/2025\/11\/IMG_8558-768x1024.jpg 768w, https:\/\/aeprilclinics.nl\/wp-content\/uploads\/2025\/11\/IMG_8558-225x300.jpg 225w, https:\/\/aeprilclinics.nl\/wp-content\/uploads\/2025\/11\/IMG_8558-1152x1536.jpg 1152w, https:\/\/aeprilclinics.nl\/wp-content\/uploads\/2025\/11\/IMG_8558-1536x2048.jpg 1536w, https:\/\/aeprilclinics.nl\/wp-content\/uploads\/2025\/11\/IMG_8558-203x270.jpg 203w, https:\/\/aeprilclinics.nl\/wp-content\/uploads\/2025\/11\/IMG_8558-scaled.jpg 1920w\" sizes=\"auto, (max-width: 768px) 100vw, 768px\" \/><\/figure><div class=\"wp-block-media-text__content\">\n<h5 class=\"wp-block-heading\">\u00dcber diese Position<\/h5>\n\n\n\n<h2 class=\"wp-block-heading\">Was werden Sie tun?<\/h2>\n\n\n\n<p>Ihre Rolle ist genau zwischen <strong>Finanzen, Betrieb und Strategie<\/strong> angesiedelt.<\/p>\n\n\n\n<p><strong>Finanzielle Verwaltung<\/strong><\/p>\n\n\n\n<ul class=\"wp-block-list\">\n<li>Erfassung von Quittungen und Rechnungen<\/li>\n\n\n\n<li>F\u00fchren von Finanzunterlagen<\/li>\n\n\n\n<li>Hilfestellung bei der Mehrwertsteuererkl\u00e4rung<\/li>\n\n\n\n<li>Erstellung von Jahresabschl\u00fcssen<\/li>\n<\/ul>\n\n\n\n<p><strong>Analyse &amp; Berichterstattung<\/strong><\/p>\n\n\n\n<ul class=\"wp-block-list\">\n<li>Berichte pro Zweigstelle erstellen<\/li>\n\n\n\n<li>Konsolidierte Berichterstattung in der gesamten Organisation<\/li>\n\n\n\n<li>Analyse der Verk\u00e4ufe, Behandlungen und Margen<\/li>\n\n\n\n<li>Kostenkontrolle<\/li>\n<\/ul>\n\n\n\n<p><strong>Operativ<\/strong><\/p>\n\n\n\n<ul class=\"wp-block-list\">\n<li>Lagerverwaltung von medizinischen Produkten<\/li>\n\n\n\n<li>Kontrolle der Lagerauslastung und des Einkaufs<\/li>\n\n\n\n<li>Identifizierung von Ineffizienzen<\/li>\n<\/ul>\n\n\n\n<p><strong>Strategisch<\/strong><\/p>\n\n\n\n<ul class=\"wp-block-list\">\n<li>Sparring mit Gr\u00fcndern \u00fcber Wachstum<\/li>\n\n\n\n<li>Aufbau einer Finanzstruktur f\u00fcr neue Kliniken<\/li>\n\n\n\n<li>Mitdenken \u00fcber skalierbare Prozesse<\/li>\n<\/ul>\n<\/div><\/div>\n\n<div style=\"height:50px\" aria-hidden=\"true\" class=\"wp-block-spacer\"><\/div>\n\n<div class=\"wp-block-media-text has-media-on-the-right is-stacked-on-mobile is-image-fill-element\"><div class=\"wp-block-media-text__content\">\n<h5 class=\"wp-block-heading\">Unser Angebot<\/h5>\n\n\n\n<h2 class=\"wp-block-heading\">Was bieten wir Ihnen?<\/h2>\n\n\n\n<ul class=\"wp-block-list\">\n<li>Teilzeitbesch\u00e4ftigung oder ZZP-Bau (in Absprache)<\/li>\n\n\n\n<li>Flexibilit\u00e4t mit der M\u00f6glichkeit zur Verl\u00e4ngerung der Arbeitszeit<\/li>\n\n\n\n<li>Ein freundliches, ehrgeiziges und professionelles Team<\/li>\n\n\n\n<li>Teamessen, Aktivit\u00e4ten und ein starker Teamgeist<\/li>\n\n\n\n<li>Spielraum f\u00fcr Ausbildung, Entwicklung und Eigeninitiative<\/li>\n\n\n\n<li>Die Chance, mit den Aepril-Kliniken zu wachsen und etwas zu bewirken<\/li>\n\n\n\n<li>Direkte Zusammenarbeit mit unseren Gr\u00fcndern und erfahrenen Steuerspezialisten<\/li>\n<\/ul>\n\n\n\n<p><strong>Interessiert?<\/strong><br\/>Senden Sie uns Ihren Lebenslauf und eine kurze Motivation. Wir freuen uns darauf, Sie kennen zu lernen. <\/p>\n\n\n\n<p style=\"margin-top:var(--wp--preset--spacing--40)\"><strong>Haben Sie Fragen zu offenen Stellen?<\/strong><br\/>Wenn Sie Fragen zu einem Stellenangebot haben, wenden Sie sich bitte direkt an uns, indem Sie die nachstehenden Angaben verwenden:<\/p>\n\n\n\n<div class=\"wp-block-columns is-not-stacked-on-mobile is-layout-flex wp-container-core-columns-is-layout-f0342b05 wp-block-columns-is-layout-flex\" style=\"margin-top:0;margin-bottom:0\">\n<div class=\"wp-block-column is-layout-flow wp-block-column-is-layout-flow\" style=\"flex-basis:20px\">\n<i class=\"fas fa-phone\"><\/i>\n<\/div>\n\n\n\n<div class=\"wp-block-column is-layout-flow wp-block-column-is-layout-flow\">\n<p><a href=\"tel:0623209253\">06-23209253<\/a><\/p>\n<\/div>\n<\/div>\n\n\n\n<div class=\"wp-block-columns is-not-stacked-on-mobile is-layout-flex wp-container-core-columns-is-layout-f0342b05 wp-block-columns-is-layout-flex\" style=\"margin-top:0;margin-bottom:0\">\n<div class=\"wp-block-column is-layout-flow wp-block-column-is-layout-flow\" style=\"flex-basis:20px\">\n<i class=\"fas fa-envelope\"><\/i>\n<\/div>\n\n\n\n<div class=\"wp-block-column is-layout-flow wp-block-column-is-layout-flow\">\n<p><a href=\"mailto:contact@aeprilclinics.nl\">receptie@aeprilclinics.nl<\/a><\/p>\n<\/div>\n<\/div>\n<\/div><figure class=\"wp-block-media-text__media\"><img loading=\"lazy\" decoding=\"async\" width=\"683\" height=\"1024\" src=\"https:\/\/aeprilclinics.nl\/wp-content\/uploads\/2025\/01\/BN4A7377-683x1024.jpg\" alt=\"\" class=\"wp-image-879 size-full\" style=\"object-position:50% 50%\" srcset=\"https:\/\/aeprilclinics.nl\/wp-content\/uploads\/2025\/01\/BN4A7377-683x1024.jpg 683w, https:\/\/aeprilclinics.nl\/wp-content\/uploads\/2025\/01\/BN4A7377-200x300.jpg 200w, https:\/\/aeprilclinics.nl\/wp-content\/uploads\/2025\/01\/BN4A7377-768x1152.jpg 768w, https:\/\/aeprilclinics.nl\/wp-content\/uploads\/2025\/01\/BN4A7377-1024x1536.jpg 1024w, https:\/\/aeprilclinics.nl\/wp-content\/uploads\/2025\/01\/BN4A7377-1365x2048.jpg 1365w, https:\/\/aeprilclinics.nl\/wp-content\/uploads\/2025\/01\/BN4A7377-180x270.jpg 180w, https:\/\/aeprilclinics.nl\/wp-content\/uploads\/2025\/01\/BN4A7377-scaled.jpg 1707w\" sizes=\"auto, (max-width: 683px) 100vw, 683px\" \/><\/figure><\/div>\n\n<div style=\"height:50px\" aria-hidden=\"true\" class=\"wp-block-spacer\"><\/div>\n\n<div class=\"wp-block-media-text is-stacked-on-mobile is-image-fill-element\"><figure class=\"wp-block-media-text__media\"><img loading=\"lazy\" decoding=\"async\" width=\"1024\" height=\"1024\" src=\"https:\/\/aeprilclinics.nl\/wp-content\/uploads\/2025\/12\/Ontwerp-zonder-titel-1024x1024.png\" alt=\"\" class=\"wp-image-4546 size-full\" style=\"object-position:50% 50%\" srcset=\"https:\/\/aeprilclinics.nl\/wp-content\/uploads\/2025\/12\/Ontwerp-zonder-titel-1024x1024.png 1024w, https:\/\/aeprilclinics.nl\/wp-content\/uploads\/2025\/12\/Ontwerp-zonder-titel-300x300.png 300w, https:\/\/aeprilclinics.nl\/wp-content\/uploads\/2025\/12\/Ontwerp-zonder-titel-150x150.png 150w, https:\/\/aeprilclinics.nl\/wp-content\/uploads\/2025\/12\/Ontwerp-zonder-titel-768x767.png 768w, https:\/\/aeprilclinics.nl\/wp-content\/uploads\/2025\/12\/Ontwerp-zonder-titel-270x270.png 270w, https:\/\/aeprilclinics.nl\/wp-content\/uploads\/2025\/12\/Ontwerp-zonder-titel.png 1440w\" sizes=\"auto, (max-width: 1024px) 100vw, 1024px\" \/><\/figure><div class=\"wp-block-media-text__content\">\n<h5 class=\"wp-block-heading\">Unser Team<\/h5>\n\n\n\n<h2 class=\"wp-block-heading\">Willkommen in unserem Team!<\/h2>\n\n\n\n<p><a href=\"https:\/\/aeprilclinics.nl\/ons-verhaal\/\" type=\"link\" id=\"https:\/\/aeprilclinics.nl\/ons-verhaal\/\">Die Aepril-Kliniken<\/a> sind eine der f\u00fchrenden Kliniken auf dem Gebiet der Injektionsmittel und kosmetischen Behandlungen in den Niederlanden. Unsere Spezialisten kombinieren Fachwissen und Leidenschaft, um hochwertige Ergebnisse f\u00fcr unsere Kunden zu erzielen. <\/p>\n\n\n\n<p>Mit B\u00fcros in Hengelo und Utrecht und einem starken, wachsenden Ruf bieten wir ein inspirierendes Arbeitsumfeld, in dem Professionalit\u00e4t und pers\u00f6nliche Entwicklung im Vordergrund stehen. Wir arbeiten in einem sicheren und vielf\u00e4ltigen Umfeld, in dem Ihr Beitrag gesch\u00e4tzt wird und Sie aktiv zu Beratungen und Behandlungen beitragen k\u00f6nnen.  Nichts ist uns wichtiger als <a href=\"https:\/\/aeprilclinics.nl\/team\/\" type=\"page\" id=\"1033\">unser Team<\/a>: Wir essen gemeinsam zu Mittag, feiern Erfolge und investieren regelm\u00e4\u00dfig in die gemeinsame Weiterbildung durch Kurse und Konferenzen, auch im Ausland.  <\/p>\n\n\n\n<p>Bei uns geht es nicht um Zahlen, sondern um Qualit\u00e4t. Sie nehmen sich Zeit f\u00fcr sorgf\u00e4ltige Beratungsgespr\u00e4che und umfassende Behandlungspl\u00e4ne, so dass Sie eine echte Verbindung zu Ihren Kunden aufbauen und mit Freude und Zufriedenheit arbeiten k\u00f6nnen. Was wir von Ihnen erwarten, ist Leidenschaft f\u00fcr die Kosmetologie, echtes Interesse an den Kunden und ihren Geschichten und den Ehrgeiz, sich in Ihrem Beruf jeden Tag weiterzuentwickeln.  <\/p>\n<\/div><\/div>\n\n<div class=\"wp-block-cover alignfull is-light wave\" style=\"margin-top:var(--wp--preset--spacing--60);margin-bottom:0;padding-bottom:var(--wp--preset--spacing--30)\"><span aria-hidden=\"true\" class=\"wp-block-cover__background has-accent-background-color has-background-dim-100 has-background-dim\"><\/span><div class=\"wp-block-cover__inner-container has-global-padding is-layout-constrained wp-block-cover-is-layout-constrained\">\n<h2 class=\"wp-block-heading has-text-align-center\">Ihr n\u00e4chster Schritt beginnt hier.<\/h2>\n\n\n\n<div style=\"height:15px\" aria-hidden=\"true\" class=\"wp-block-spacer\"><\/div>\n\n\n\n<div class=\"wp-block-buttons is-content-justification-center is-layout-flex wp-container-core-buttons-is-layout-a89b3969 wp-block-buttons-is-layout-flex\">\n<div class=\"wp-block-button\"><a class=\"wp-block-button__link has-base-color has-accent-3-background-color has-text-color has-background has-link-color wp-element-button\" href=\"mailto:contact@aeprilclinics.nl\">Bewerben Sie sich f\u00fcr einen Job bei Aepril<\/a><\/div>\n<\/div>\n<\/div><\/div>\n","protected":false},"excerpt":{"rendered":"<p>\u00dcber uns Aepril Cosmetic Klinik Aepril Cosmetic Clinic ist eine schnell wachsende Klinik mit Niederlassungen in Hengelo und Utrecht, die sich auf kosmetische Behandlungen und ein hochwertiges Kundenerlebnis konzentriert. In kurzer Zeit haben wir uns einen guten Ruf erarbeitet, mit&#8230;<\/p>\n","protected":false},"author":14,"featured_media":6429,"parent":0,"menu_order":0,"comment_status":"closed","ping_status":"closed","template":"","meta":{"_acf_changed":false,"footnotes":""},"class_list":["post-6899","page","type-page","status-publish","has-post-thumbnail","hentry"],"acf":[],"yoast_head":"<!-- This site is optimized with the Yoast SEO plugin v27.2 - https:\/\/yoast.com\/product\/yoast-seo-wordpress\/ -->\n<title>: Arbeiten bei<\/title>\n<meta name=\"description\" content=\"M\u00f6chten Sie in einer f\u00fchrenden Klinik arbeiten? Sehen Sie sich die Stellenangebot Financial Controller an und werden Sie Teil der Sch\u00f6nheitsklinik Aepril Clinics.\" \/>\n<meta name=\"robots\" content=\"index, follow, max-snippet:-1, max-image-preview:large, max-video-preview:-1\" \/>\n<link rel=\"canonical\" href=\"https:\/\/aeprilclinics.nl\/de\/stellenangebot-financial-controller\/\" \/>\n<meta property=\"og:locale\" content=\"de_DE\" \/>\n<meta property=\"og:type\" content=\"article\" \/>\n<meta property=\"og:title\" content=\": Arbeiten bei\" \/>\n<meta property=\"og:description\" content=\"M\u00f6chten Sie in einer f\u00fchrenden Klinik arbeiten? Sehen Sie sich die Stellenangebot Financial Controller an und werden Sie Teil der Sch\u00f6nheitsklinik Aepril Clinics.\" \/>\n<meta property=\"og:url\" content=\"https:\/\/aeprilclinics.nl\/de\/stellenangebot-financial-controller\/\" \/>\n<meta property=\"og:site_name\" content=\"Aepril\" \/>\n<meta property=\"article:modified_time\" content=\"2026-05-12T20:26:18+00:00\" \/>\n<meta property=\"og:image\" content=\"https:\/\/aeprilclinics.nl\/wp-content\/uploads\/2025\/02\/aesthe-clinics-Final-07.png\" \/>\n\t<meta property=\"og:image:width\" content=\"6667\" \/>\n\t<meta property=\"og:image:height\" content=\"5001\" \/>\n\t<meta property=\"og:image:type\" content=\"image\/png\" \/>\n<meta name=\"twitter:card\" content=\"summary_large_image\" \/>\n<meta name=\"twitter:label1\" content=\"Gesch\u00e4tzte Lesezeit\" \/>\n\t<meta name=\"twitter:data1\" content=\"4\u00a0Minuten\" \/>\n<script type=\"application\/ld+json\" class=\"yoast-schema-graph\">{\"@context\":\"https:\/\/schema.org\",\"@graph\":[{\"@type\":\"WebPage\",\"@id\":\"https:\/\/aeprilclinics.nl\/de\/stellenangebot-financial-controller\/\",\"url\":\"https:\/\/aeprilclinics.nl\/de\/stellenangebot-financial-controller\/\",\"name\":\": Arbeiten bei\",\"isPartOf\":{\"@id\":\"https:\/\/aeprilclinics.nl\/de\/#website\"},\"primaryImageOfPage\":{\"@id\":\"https:\/\/aeprilclinics.nl\/de\/stellenangebot-financial-controller\/#primaryimage\"},\"image\":{\"@id\":\"https:\/\/aeprilclinics.nl\/de\/stellenangebot-financial-controller\/#primaryimage\"},\"thumbnailUrl\":\"https:\/\/aeprilclinics.nl\/wp-content\/uploads\/2025\/02\/aesthe-clinics-Final-07.png\",\"datePublished\":\"2026-04-10T07:39:05+00:00\",\"dateModified\":\"2026-05-12T20:26:18+00:00\",\"description\":\"M\u00f6chten Sie in einer f\u00fchrenden Klinik arbeiten? Sehen Sie sich die Stellenangebot Financial Controller an und werden Sie Teil der Sch\u00f6nheitsklinik Aepril Clinics.\",\"breadcrumb\":{\"@id\":\"https:\/\/aeprilclinics.nl\/de\/stellenangebot-financial-controller\/#breadcrumb\"},\"inLanguage\":\"de\",\"potentialAction\":[{\"@type\":\"ReadAction\",\"target\":[\"https:\/\/aeprilclinics.nl\/de\/stellenangebot-financial-controller\/\"]}]},{\"@type\":\"ImageObject\",\"inLanguage\":\"de\",\"@id\":\"https:\/\/aeprilclinics.nl\/de\/stellenangebot-financial-controller\/#primaryimage\",\"url\":\"https:\/\/aeprilclinics.nl\/wp-content\/uploads\/2025\/02\/aesthe-clinics-Final-07.png\",\"contentUrl\":\"https:\/\/aeprilclinics.nl\/wp-content\/uploads\/2025\/02\/aesthe-clinics-Final-07.png\",\"width\":6667,\"height\":5001},{\"@type\":\"BreadcrumbList\",\"@id\":\"https:\/\/aeprilclinics.nl\/de\/stellenangebot-financial-controller\/#breadcrumb\",\"itemListElement\":[{\"@type\":\"ListItem\",\"position\":1,\"name\":\"Home\",\"item\":\"https:\/\/aeprilclinics.nl\/de\/\"},{\"@type\":\"ListItem\",\"position\":2,\"name\":\"Stellenangebot Financial Controller\"}]},{\"@type\":\"WebSite\",\"@id\":\"https:\/\/aeprilclinics.nl\/de\/#website\",\"url\":\"https:\/\/aeprilclinics.nl\/de\/\",\"name\":\"Aepril\",\"description\":\"\",\"potentialAction\":[{\"@type\":\"SearchAction\",\"target\":{\"@type\":\"EntryPoint\",\"urlTemplate\":\"https:\/\/aeprilclinics.nl\/de\/?s={search_term_string}\"},\"query-input\":{\"@type\":\"PropertyValueSpecification\",\"valueRequired\":true,\"valueName\":\"search_term_string\"}}],\"inLanguage\":\"de\"}]}<\/script>\n<!-- \/ Yoast SEO plugin. -->","yoast_head_json":{"title":": Arbeiten bei","description":"M\u00f6chten Sie in einer f\u00fchrenden Klinik arbeiten? Sehen Sie sich die Stellenangebot Financial Controller an und werden Sie Teil der Sch\u00f6nheitsklinik Aepril Clinics.","robots":{"index":"index","follow":"follow","max-snippet":"max-snippet:-1","max-image-preview":"max-image-preview:large","max-video-preview":"max-video-preview:-1"},"canonical":"https:\/\/aeprilclinics.nl\/de\/stellenangebot-financial-controller\/","og_locale":"de_DE","og_type":"article","og_title":": Arbeiten bei","og_description":"M\u00f6chten Sie in einer f\u00fchrenden Klinik arbeiten? Sehen Sie sich die Stellenangebot Financial Controller an und werden Sie Teil der Sch\u00f6nheitsklinik Aepril Clinics.","og_url":"https:\/\/aeprilclinics.nl\/de\/stellenangebot-financial-controller\/","og_site_name":"Aepril","article_modified_time":"2026-05-12T20:26:18+00:00","og_image":[{"width":6667,"height":5001,"url":"https:\/\/aeprilclinics.nl\/wp-content\/uploads\/2025\/02\/aesthe-clinics-Final-07.png","type":"image\/png"}],"twitter_card":"summary_large_image","twitter_misc":{"Gesch\u00e4tzte Lesezeit":"4\u00a0Minuten"},"schema":{"@context":"https:\/\/schema.org","@graph":[{"@type":"WebPage","@id":"https:\/\/aeprilclinics.nl\/de\/stellenangebot-financial-controller\/","url":"https:\/\/aeprilclinics.nl\/de\/stellenangebot-financial-controller\/","name":": Arbeiten bei","isPartOf":{"@id":"https:\/\/aeprilclinics.nl\/de\/#website"},"primaryImageOfPage":{"@id":"https:\/\/aeprilclinics.nl\/de\/stellenangebot-financial-controller\/#primaryimage"},"image":{"@id":"https:\/\/aeprilclinics.nl\/de\/stellenangebot-financial-controller\/#primaryimage"},"thumbnailUrl":"https:\/\/aeprilclinics.nl\/wp-content\/uploads\/2025\/02\/aesthe-clinics-Final-07.png","datePublished":"2026-04-10T07:39:05+00:00","dateModified":"2026-05-12T20:26:18+00:00","description":"M\u00f6chten Sie in einer f\u00fchrenden Klinik arbeiten? Sehen Sie sich die Stellenangebot Financial Controller an und werden Sie Teil der Sch\u00f6nheitsklinik Aepril Clinics.","breadcrumb":{"@id":"https:\/\/aeprilclinics.nl\/de\/stellenangebot-financial-controller\/#breadcrumb"},"inLanguage":"de","potentialAction":[{"@type":"ReadAction","target":["https:\/\/aeprilclinics.nl\/de\/stellenangebot-financial-controller\/"]}]},{"@type":"ImageObject","inLanguage":"de","@id":"https:\/\/aeprilclinics.nl\/de\/stellenangebot-financial-controller\/#primaryimage","url":"https:\/\/aeprilclinics.nl\/wp-content\/uploads\/2025\/02\/aesthe-clinics-Final-07.png","contentUrl":"https:\/\/aeprilclinics.nl\/wp-content\/uploads\/2025\/02\/aesthe-clinics-Final-07.png","width":6667,"height":5001},{"@type":"BreadcrumbList","@id":"https:\/\/aeprilclinics.nl\/de\/stellenangebot-financial-controller\/#breadcrumb","itemListElement":[{"@type":"ListItem","position":1,"name":"Home","item":"https:\/\/aeprilclinics.nl\/de\/"},{"@type":"ListItem","position":2,"name":"Stellenangebot Financial Controller"}]},{"@type":"WebSite","@id":"https:\/\/aeprilclinics.nl\/de\/#website","url":"https:\/\/aeprilclinics.nl\/de\/","name":"Aepril","description":"","potentialAction":[{"@type":"SearchAction","target":{"@type":"EntryPoint","urlTemplate":"https:\/\/aeprilclinics.nl\/de\/?s={search_term_string}"},"query-input":{"@type":"PropertyValueSpecification","valueRequired":true,"valueName":"search_term_string"}}],"inLanguage":"de"}]}},"_links":{"self":[{"href":"https:\/\/aeprilclinics.nl\/de\/wp-json\/wp\/v2\/pages\/6899","targetHints":{"allow":["GET"]}}],"collection":[{"href":"https:\/\/aeprilclinics.nl\/de\/wp-json\/wp\/v2\/pages"}],"about":[{"href":"https:\/\/aeprilclinics.nl\/de\/wp-json\/wp\/v2\/types\/page"}],"author":[{"embeddable":true,"href":"https:\/\/aeprilclinics.nl\/de\/wp-json\/wp\/v2\/users\/14"}],"replies":[{"embeddable":true,"href":"https:\/\/aeprilclinics.nl\/de\/wp-json\/wp\/v2\/comments?post=6899"}],"version-history":[{"count":1,"href":"https:\/\/aeprilclinics.nl\/de\/wp-json\/wp\/v2\/pages\/6899\/revisions"}],"predecessor-version":[{"id":6900,"href":"https:\/\/aeprilclinics.nl\/de\/wp-json\/wp\/v2\/pages\/6899\/revisions\/6900"}],"wp:featuredmedia":[{"embeddable":true,"href":"https:\/\/aeprilclinics.nl\/de\/wp-json\/wp\/v2\/media\/6429"}],"wp:attachment":[{"href":"https:\/\/aeprilclinics.nl\/de\/wp-json\/wp\/v2\/media?parent=6899"}],"curies":[{"name":"wp","href":"https:\/\/api.w.org\/{rel}","templated":true}]}}