{"id":6897,"date":"2026-04-16T12:54:38","date_gmt":"2026-04-16T12:54:38","guid":{"rendered":"https:\/\/aeprilclinics.nl\/fischtisch\/"},"modified":"2026-05-13T09:05:31","modified_gmt":"2026-05-13T09:05:31","slug":"fischtisch","status":"publish","type":"page","link":"https:\/\/aeprilclinics.nl\/de\/fischtisch\/","title":{"rendered":"Fischtisch"},"content":{"rendered":"\n<div class=\"wp-block-media-text has-media-on-the-right is-stacked-on-mobile is-image-fill-element\" style=\"margin-bottom:var(--wp--preset--spacing--60)\"><div class=\"wp-block-media-text__content\">\n<h5 class=\"wp-block-heading\">Behandlungen am Fischtisch in den Aepril-Kliniken<\/h5>\n\n\n\n<h2 class=\"wp-block-heading\">Was ist Vistabel?<\/h2>\n\n\n\n<p>Vistabel ist eine Behandlung mit Botulinumtoxin Typ A, die zur vor\u00fcbergehenden Entspannung der Muskeln und zur Milderung von Falten eingesetzt wird. Das Produkt wurde vom internationalen Pharmaunternehmen AbbVie entwickelt und geh\u00f6rt zu den bekanntesten und am h\u00e4ufigsten verwendeten Botulinumtoxin-Produkten der Welt. <\/p>\n\n\n\n<p>Vistabel wird vor allem bei dynamischen Falten eingesetzt, die durch Muskelaktivit\u00e4t verursacht werden, wie z.B. Zornesfalten, Stirnfalten und Kr\u00e4henf\u00fc\u00dfe. Durch die vor\u00fcbergehende Entspannung der Muskeln wird die Haut glatter und erh\u00e4lt ein frischeres und ausgeruhteres Aussehen. <\/p>\n\n\n\n<p>Wir von Aepril Cosmetic Clinic arbeiten mit Vistabel zusammen und kaufen <strong>immer direkt beim Pharmahersteller<\/strong>, ohne Zwischenh\u00e4ndler. So k\u00f6nnen wir die Echtheit, Qualit\u00e4t und R\u00fcckverfolgbarkeit unserer Produkte vollst\u00e4ndig garantieren. <\/p>\n<\/div><figure class=\"wp-block-media-text__media\"><img loading=\"lazy\" decoding=\"async\" width=\"683\" height=\"1024\" src=\"https:\/\/aeprilclinics.nl\/wp-content\/uploads\/2025\/01\/BN4A7674-Verbeterd-NR-683x1024.jpg\" alt=\"\" class=\"wp-image-914 size-full\" style=\"object-position:50% 50%\" srcset=\"https:\/\/aeprilclinics.nl\/wp-content\/uploads\/2025\/01\/BN4A7674-Verbeterd-NR-683x1024.jpg 683w, https:\/\/aeprilclinics.nl\/wp-content\/uploads\/2025\/01\/BN4A7674-Verbeterd-NR-200x300.jpg 200w, https:\/\/aeprilclinics.nl\/wp-content\/uploads\/2025\/01\/BN4A7674-Verbeterd-NR-768x1152.jpg 768w, https:\/\/aeprilclinics.nl\/wp-content\/uploads\/2025\/01\/BN4A7674-Verbeterd-NR-1024x1536.jpg 1024w, https:\/\/aeprilclinics.nl\/wp-content\/uploads\/2025\/01\/BN4A7674-Verbeterd-NR-1365x2048.jpg 1365w, https:\/\/aeprilclinics.nl\/wp-content\/uploads\/2025\/01\/BN4A7674-Verbeterd-NR-180x270.jpg 180w, https:\/\/aeprilclinics.nl\/wp-content\/uploads\/2025\/01\/BN4A7674-Verbeterd-NR-scaled.jpg 1706w\" sizes=\"auto, (max-width: 683px) 100vw, 683px\" \/><\/figure><\/div>\n\n<div class=\"wp-block-cover alignfull is-light\" style=\"margin-top:var(--wp--preset--spacing--60);margin-bottom:var(--wp--preset--spacing--60)\"><span aria-hidden=\"true\" class=\"wp-block-cover__background has-accent-2-background-color has-background-dim-100 has-background-dim\"><\/span><div class=\"wp-block-cover__inner-container has-global-padding is-layout-constrained wp-block-cover-is-layout-constrained\">\n<h5 class=\"wp-block-heading has-text-align-center\">Informationen<\/h5>\n\n\n\n<h2 class=\"wp-block-heading has-text-align-center\">Informationen \u00fcber unsere Tischbehandlungen f\u00fcr Fische<\/h2>\n\n\n\n<div class=\"wp-block-columns is-layout-flex wp-container-core-columns-is-layout-b0bab6eb wp-block-columns-is-layout-flex\" style=\"margin-top:var(--wp--preset--spacing--40);margin-bottom:var(--wp--preset--spacing--40)\">\n<div class=\"wp-block-column is-layout-flow wp-block-column-is-layout-flow\">\n<div class=\"wp-block-columns is-not-stacked-on-mobile is-layout-flex wp-container-core-columns-is-layout-28f84493 wp-block-columns-is-layout-flex\">\n<div class=\"wp-block-column is-layout-flow wp-block-column-is-layout-flow\" style=\"flex-basis:50px\">\n<figure class=\"wp-block-image size-full\"><img loading=\"lazy\" decoding=\"async\" width=\"300\" height=\"315\" src=\"https:\/\/aeprilclinics.nl\/wp-content\/uploads\/2025\/01\/icon-merk.png\" alt=\"\" class=\"wp-image-1001\" srcset=\"https:\/\/aeprilclinics.nl\/wp-content\/uploads\/2025\/01\/icon-merk.png 300w, https:\/\/aeprilclinics.nl\/wp-content\/uploads\/2025\/01\/icon-merk-286x300.png 286w, https:\/\/aeprilclinics.nl\/wp-content\/uploads\/2025\/01\/icon-merk-257x270.png 257w\" sizes=\"auto, (max-width: 300px) 100vw, 300px\" \/><\/figure>\n<\/div>\n\n\n\n<div class=\"wp-block-column is-layout-flow wp-block-column-is-layout-flow\">\n<h3 class=\"wp-block-heading\">Marke:<\/h3>\n\n\n\n<p>Fischtisch<\/p>\n<\/div>\n<\/div>\n<\/div>\n\n\n\n<div class=\"wp-block-column is-layout-flow wp-block-column-is-layout-flow\">\n<div class=\"wp-block-columns is-not-stacked-on-mobile is-layout-flex wp-container-core-columns-is-layout-28f84493 wp-block-columns-is-layout-flex\">\n<div class=\"wp-block-column is-layout-flow wp-block-column-is-layout-flow\" style=\"flex-basis:50px\">\n<figure class=\"wp-block-image size-full\"><img loading=\"lazy\" decoding=\"async\" width=\"61\" height=\"64\" src=\"https:\/\/aeprilclinics.nl\/wp-content\/uploads\/2025\/01\/icon-resultaat.png\" alt=\"\" class=\"wp-image-1003\"\/><\/figure>\n<\/div>\n\n\n\n<div class=\"wp-block-column is-layout-flow wp-block-column-is-layout-flow\">\n<h3 class=\"wp-block-heading\">Info<\/h3>\n\n\n\n<p><a href=\"https:\/\/aeprilclinics.nl\/de\/botox\/1-zone-vistabel-botox-behandlung\/\" type=\"behandeling\" id=\"4954\">Lesen Sie mehr \u00fcber unsere Behandlungen f\u00fcr den Fischtisch<\/a><\/p>\n<\/div>\n<\/div>\n<\/div>\n<\/div>\n<\/div><\/div>\n\n<div class=\"wp-block-columns is-layout-flex wp-container-core-columns-is-layout-28f84493 wp-block-columns-is-layout-flex\">\n<div class=\"wp-block-column is-layout-flow wp-block-column-is-layout-flow\">\n<h2 class=\"wp-block-heading\">Fischtisch in den Aepril-Kliniken<\/h2>\n\n\n\n<p>Bei den Aepril-Kliniken steht die Sicherheit immer an erster Stelle. Deshalb arbeiten wir nur mit Botulinumtoxin-Produkten von renommierten Pharmaherstellern wie AbbVie. <\/p>\n\n\n\n<p>Da wir direkt vom Hersteller kaufen, wissen wir genau, woher unsere Produkte kommen und wie sie hergestellt werden. Das bedeutet, dass unsere Kunden immer mit Originalprodukten versorgt werden, die unter strengen pharmazeutischen Qualit\u00e4tsstandards hergestellt werden. <\/p>\n\n\n\n<p>Dar\u00fcber hinaus arbeiten wir mit pharmazeutischen Partnern in den Bereichen:<\/p>\n\n\n\n<ul class=\"wp-block-list\">\n<li>medizinische Kurse<\/li>\n\n\n\n<li>Produktschulung<\/li>\n\n\n\n<li>Behandlungsprotokolle<\/li>\n\n\n\n<li>qualit\u00e4tssicherung<\/li>\n<\/ul>\n\n\n\n<p>So bleiben unsere \u00c4rzte immer auf dem neuesten Stand der Entwicklungen in der medizinischen \u00c4sthetik.<\/p>\n<\/div>\n<\/div>\n\n<div style=\"height:100px\" aria-hidden=\"true\" class=\"wp-block-spacer\"><\/div>\n\n<div class=\"wp-block-media-text is-stacked-on-mobile is-image-fill-element\"><figure class=\"wp-block-media-text__media\"><img loading=\"lazy\" decoding=\"async\" width=\"683\" height=\"1024\" src=\"https:\/\/aeprilclinics.nl\/wp-content\/uploads\/2025\/01\/BN4A9197-683x1024.jpg\" alt=\"\" class=\"wp-image-1015 size-full\" style=\"object-position:50% 50%\" srcset=\"https:\/\/aeprilclinics.nl\/wp-content\/uploads\/2025\/01\/BN4A9197-683x1024.jpg 683w, https:\/\/aeprilclinics.nl\/wp-content\/uploads\/2025\/01\/BN4A9197-200x300.jpg 200w, https:\/\/aeprilclinics.nl\/wp-content\/uploads\/2025\/01\/BN4A9197-768x1152.jpg 768w, https:\/\/aeprilclinics.nl\/wp-content\/uploads\/2025\/01\/BN4A9197-1024x1536.jpg 1024w, https:\/\/aeprilclinics.nl\/wp-content\/uploads\/2025\/01\/BN4A9197-1365x2048.jpg 1365w, https:\/\/aeprilclinics.nl\/wp-content\/uploads\/2025\/01\/BN4A9197-180x270.jpg 180w, https:\/\/aeprilclinics.nl\/wp-content\/uploads\/2025\/01\/BN4A9197-scaled.jpg 1707w\" sizes=\"auto, (max-width: 683px) 100vw, 683px\" \/><\/figure><div class=\"wp-block-media-text__content\">\n<h5 class=\"wp-block-heading\">Warum Vistabel?<\/h5>\n\n\n\n<h2 class=\"wp-block-heading\">Warum Vistabel w\u00e4hlen?<\/h2>\n\n\n\n<h2 class=\"wp-block-heading\">Warum Vistabel w\u00e4hlen?<\/h2>\n\n\n\n<p>Vistabel geh\u00f6rt zu den am meisten erforschten und verwendeten Botulinumtoxin-Behandlungen weltweit. Dank umfangreicher klinischer Studien und jahrelanger medizinischer Anwendung ist die Sicherheit und Wirksamkeit des Produkts gut belegt. <\/p>\n\n\n\n<p>Zu den Vorteilen von Vistabel geh\u00f6ren:<\/p>\n\n\n\n<ul class=\"wp-block-list\">\n<li>pharmazeutische Produktqualit\u00e4t<\/li>\n\n\n\n<li>hochgradig vorhersehbare Ergebnisse<\/li>\n\n\n\n<li>von \u00c4rzten weltweit verwendet<\/li>\n\n\n\n<li>klinisch ausgiebig untersucht<\/li>\n\n\n\n<li>Nat\u00fcrliche Milderung von Falten<\/li>\n<\/ul>\n\n\n\n<p>In den Aepril Kliniken entscheiden wir uns bewusst f\u00fcr Behandlungen in pharmazeutischer Qualit\u00e4t, um unseren Kunden sichere und nat\u00fcrliche Ergebnisse zu bieten.<\/p>\n<\/div><\/div>\n\n<div style=\"height:100px\" aria-hidden=\"true\" class=\"wp-block-spacer\"><\/div>\n\n<div class=\"wp-block-columns is-layout-flex wp-container-core-columns-is-layout-28f84493 wp-block-columns-is-layout-flex\">\n<div class=\"wp-block-column is-layout-flow wp-block-column-is-layout-flow\">\n<h2 class=\"wp-block-heading\">Warum Aepril-Kliniken w\u00e4hlen?<\/h2>\n\n\n\n<p>Bei Aepril Clinics stehen Qualit\u00e4t, Komfort und Ihr Wohlbefinden im Mittelpunkt. Wir arbeiten mit Top-Marken wie Vistabel und den feinsten Nadeln f\u00fcr nat\u00fcrliche Ergebnisse.  Unsere gut ausgebildeten \u00c4rzte bieten nur bew\u00e4hrte, zertifizierte Behandlungen an und konzentrieren sich auf subtile Verbesserungen, die Ihr einzigartiges Aussehen unterstreichen.<\/p>\n<\/div>\n\n\n\n<div class=\"wp-block-column is-layout-flow wp-block-column-is-layout-flow\">\n<h2 class=\"wp-block-heading\">Pers\u00f6nliche und ehrliche Beratung<\/h2>\n\n\n\n<p>Gemeinsam stellen wir einen Behandlungsplan auf, der Ihren Bed\u00fcrfnissen entspricht und einen sicheren, nat\u00fcrlichen Ansatz gew\u00e4hrleistet. Unsere \u00c4rzte beraten Sie gerne \u00fcber die besten Optionen. <\/p>\n<\/div>\n<\/div>\n\n<div class=\"wp-block-cover alignfull is-light wave\" style=\"margin-top:0;margin-bottom:0;padding-bottom:var(--wp--preset--spacing--30)\"><span aria-hidden=\"true\" class=\"wp-block-cover__background has-accent-background-color has-background-dim-100 has-background-dim\"><\/span><div class=\"wp-block-cover__inner-container has-global-padding is-layout-constrained wp-block-cover-is-layout-constrained\">\n<h2 class=\"wp-block-heading has-text-align-center\">Sie zweifeln, ob Vistabel die richtige Wahl ist?<\/h2>\n\n\n\n<p class=\"has-text-align-center\">Kontaktieren Sie unsere Spezialisten f\u00fcr eine unverbindliche Beratung und finden Sie heraus, was wir f\u00fcr Sie tun k\u00f6nnen.<\/p>\n\n\n\n<div class=\"wp-block-buttons is-content-justification-center is-layout-flex wp-container-core-buttons-is-layout-a89b3969 wp-block-buttons-is-layout-flex\">\n<div class=\"wp-block-button\"><a class=\"wp-block-button__link has-base-color has-accent-3-background-color has-text-color has-background has-link-color wp-element-button\" href=\"https:\/\/aeprilclinics.nl\/de\/kostenlose-beratung-buchen\/\">kostenlose Beratung buchen<\/a><\/div>\n<\/div>\n<\/div><\/div>\n\n<p><\/p>\n","protected":false},"excerpt":{"rendered":"<p>Behandlungen am Fischtisch in den Aepril-Kliniken Was ist Vistabel? Vistabel ist eine Behandlung mit Botulinumtoxin Typ A, die zur vor\u00fcbergehenden Entspannung der Muskeln und zur Milderung von Falten eingesetzt wird. Das Produkt wurde vom internationalen Pharmaunternehmen AbbVie entwickelt und geh\u00f6rt&#8230;<\/p>\n","protected":false},"author":14,"featured_media":6429,"parent":0,"menu_order":0,"comment_status":"closed","ping_status":"closed","template":"","meta":{"_acf_changed":false,"footnotes":""},"class_list":["post-6897","page","type-page","status-publish","has-post-thumbnail","hentry"],"acf":[],"yoast_head":"<!-- This site is optimized with the Yoast SEO plugin v27.2 - https:\/\/yoast.com\/product\/yoast-seo-wordpress\/ -->\n<title>Fischtisch - Aepril Kliniken<\/title>\n<meta name=\"description\" content=\"Vistabel ist ein Muskelrelaxans, das hilft, Falten zu mildern und den Druck zu verringern. Erh\u00e4ltlich bei Aepril Kliniken.\" \/>\n<meta name=\"robots\" content=\"index, follow, max-snippet:-1, max-image-preview:large, max-video-preview:-1\" \/>\n<link rel=\"canonical\" href=\"https:\/\/aeprilclinics.nl\/de\/fischtisch\/\" \/>\n<meta property=\"og:locale\" content=\"de_DE\" \/>\n<meta property=\"og:type\" content=\"article\" \/>\n<meta property=\"og:title\" content=\"Fischtisch - Aepril Kliniken\" \/>\n<meta property=\"og:description\" content=\"Vistabel ist ein Muskelrelaxans, das hilft, Falten zu mildern und den Druck zu verringern. Erh\u00e4ltlich bei Aepril Kliniken.\" \/>\n<meta property=\"og:url\" content=\"https:\/\/aeprilclinics.nl\/de\/fischtisch\/\" \/>\n<meta property=\"og:site_name\" content=\"Aepril\" \/>\n<meta property=\"article:modified_time\" content=\"2026-05-13T09:05:31+00:00\" \/>\n<meta property=\"og:image\" content=\"https:\/\/aeprilclinics.nl\/wp-content\/uploads\/2025\/02\/aesthe-clinics-Final-07.png\" \/>\n\t<meta property=\"og:image:width\" content=\"6667\" \/>\n\t<meta property=\"og:image:height\" content=\"5001\" \/>\n\t<meta property=\"og:image:type\" content=\"image\/png\" \/>\n<meta name=\"twitter:card\" content=\"summary_large_image\" \/>\n<meta name=\"twitter:label1\" content=\"Gesch\u00e4tzte Lesezeit\" \/>\n\t<meta name=\"twitter:data1\" content=\"2\u00a0Minuten\" \/>\n<script type=\"application\/ld+json\" class=\"yoast-schema-graph\">{\"@context\":\"https:\/\/schema.org\",\"@graph\":[{\"@type\":\"WebPage\",\"@id\":\"https:\/\/aeprilclinics.nl\/de\/fischtisch\/\",\"url\":\"https:\/\/aeprilclinics.nl\/de\/fischtisch\/\",\"name\":\"Fischtisch - Aepril Kliniken\",\"isPartOf\":{\"@id\":\"https:\/\/aeprilclinics.nl\/de\/#website\"},\"primaryImageOfPage\":{\"@id\":\"https:\/\/aeprilclinics.nl\/de\/fischtisch\/#primaryimage\"},\"image\":{\"@id\":\"https:\/\/aeprilclinics.nl\/de\/fischtisch\/#primaryimage\"},\"thumbnailUrl\":\"https:\/\/aeprilclinics.nl\/wp-content\/uploads\/2025\/02\/aesthe-clinics-Final-07.png\",\"datePublished\":\"2026-04-16T12:54:38+00:00\",\"dateModified\":\"2026-05-13T09:05:31+00:00\",\"description\":\"Vistabel ist ein Muskelrelaxans, das hilft, Falten zu mildern und den Druck zu verringern. Erh\u00e4ltlich bei Aepril Kliniken.\",\"breadcrumb\":{\"@id\":\"https:\/\/aeprilclinics.nl\/de\/fischtisch\/#breadcrumb\"},\"inLanguage\":\"de\",\"potentialAction\":[{\"@type\":\"ReadAction\",\"target\":[\"https:\/\/aeprilclinics.nl\/de\/fischtisch\/\"]}]},{\"@type\":\"ImageObject\",\"inLanguage\":\"de\",\"@id\":\"https:\/\/aeprilclinics.nl\/de\/fischtisch\/#primaryimage\",\"url\":\"https:\/\/aeprilclinics.nl\/wp-content\/uploads\/2025\/02\/aesthe-clinics-Final-07.png\",\"contentUrl\":\"https:\/\/aeprilclinics.nl\/wp-content\/uploads\/2025\/02\/aesthe-clinics-Final-07.png\",\"width\":6667,\"height\":5001},{\"@type\":\"BreadcrumbList\",\"@id\":\"https:\/\/aeprilclinics.nl\/de\/fischtisch\/#breadcrumb\",\"itemListElement\":[{\"@type\":\"ListItem\",\"position\":1,\"name\":\"Home\",\"item\":\"https:\/\/aeprilclinics.nl\/de\/\"},{\"@type\":\"ListItem\",\"position\":2,\"name\":\"Fischtisch\"}]},{\"@type\":\"WebSite\",\"@id\":\"https:\/\/aeprilclinics.nl\/de\/#website\",\"url\":\"https:\/\/aeprilclinics.nl\/de\/\",\"name\":\"Aepril\",\"description\":\"\",\"potentialAction\":[{\"@type\":\"SearchAction\",\"target\":{\"@type\":\"EntryPoint\",\"urlTemplate\":\"https:\/\/aeprilclinics.nl\/de\/?s={search_term_string}\"},\"query-input\":{\"@type\":\"PropertyValueSpecification\",\"valueRequired\":true,\"valueName\":\"search_term_string\"}}],\"inLanguage\":\"de\"}]}<\/script>\n<!-- \/ Yoast SEO plugin. -->","yoast_head_json":{"title":"Fischtisch - Aepril Kliniken","description":"Vistabel ist ein Muskelrelaxans, das hilft, Falten zu mildern und den Druck zu verringern. Erh\u00e4ltlich bei Aepril Kliniken.","robots":{"index":"index","follow":"follow","max-snippet":"max-snippet:-1","max-image-preview":"max-image-preview:large","max-video-preview":"max-video-preview:-1"},"canonical":"https:\/\/aeprilclinics.nl\/de\/fischtisch\/","og_locale":"de_DE","og_type":"article","og_title":"Fischtisch - Aepril Kliniken","og_description":"Vistabel ist ein Muskelrelaxans, das hilft, Falten zu mildern und den Druck zu verringern. Erh\u00e4ltlich bei Aepril Kliniken.","og_url":"https:\/\/aeprilclinics.nl\/de\/fischtisch\/","og_site_name":"Aepril","article_modified_time":"2026-05-13T09:05:31+00:00","og_image":[{"width":6667,"height":5001,"url":"https:\/\/aeprilclinics.nl\/wp-content\/uploads\/2025\/02\/aesthe-clinics-Final-07.png","type":"image\/png"}],"twitter_card":"summary_large_image","twitter_misc":{"Gesch\u00e4tzte Lesezeit":"2\u00a0Minuten"},"schema":{"@context":"https:\/\/schema.org","@graph":[{"@type":"WebPage","@id":"https:\/\/aeprilclinics.nl\/de\/fischtisch\/","url":"https:\/\/aeprilclinics.nl\/de\/fischtisch\/","name":"Fischtisch - Aepril Kliniken","isPartOf":{"@id":"https:\/\/aeprilclinics.nl\/de\/#website"},"primaryImageOfPage":{"@id":"https:\/\/aeprilclinics.nl\/de\/fischtisch\/#primaryimage"},"image":{"@id":"https:\/\/aeprilclinics.nl\/de\/fischtisch\/#primaryimage"},"thumbnailUrl":"https:\/\/aeprilclinics.nl\/wp-content\/uploads\/2025\/02\/aesthe-clinics-Final-07.png","datePublished":"2026-04-16T12:54:38+00:00","dateModified":"2026-05-13T09:05:31+00:00","description":"Vistabel ist ein Muskelrelaxans, das hilft, Falten zu mildern und den Druck zu verringern. Erh\u00e4ltlich bei Aepril Kliniken.","breadcrumb":{"@id":"https:\/\/aeprilclinics.nl\/de\/fischtisch\/#breadcrumb"},"inLanguage":"de","potentialAction":[{"@type":"ReadAction","target":["https:\/\/aeprilclinics.nl\/de\/fischtisch\/"]}]},{"@type":"ImageObject","inLanguage":"de","@id":"https:\/\/aeprilclinics.nl\/de\/fischtisch\/#primaryimage","url":"https:\/\/aeprilclinics.nl\/wp-content\/uploads\/2025\/02\/aesthe-clinics-Final-07.png","contentUrl":"https:\/\/aeprilclinics.nl\/wp-content\/uploads\/2025\/02\/aesthe-clinics-Final-07.png","width":6667,"height":5001},{"@type":"BreadcrumbList","@id":"https:\/\/aeprilclinics.nl\/de\/fischtisch\/#breadcrumb","itemListElement":[{"@type":"ListItem","position":1,"name":"Home","item":"https:\/\/aeprilclinics.nl\/de\/"},{"@type":"ListItem","position":2,"name":"Fischtisch"}]},{"@type":"WebSite","@id":"https:\/\/aeprilclinics.nl\/de\/#website","url":"https:\/\/aeprilclinics.nl\/de\/","name":"Aepril","description":"","potentialAction":[{"@type":"SearchAction","target":{"@type":"EntryPoint","urlTemplate":"https:\/\/aeprilclinics.nl\/de\/?s={search_term_string}"},"query-input":{"@type":"PropertyValueSpecification","valueRequired":true,"valueName":"search_term_string"}}],"inLanguage":"de"}]}},"_links":{"self":[{"href":"https:\/\/aeprilclinics.nl\/de\/wp-json\/wp\/v2\/pages\/6897","targetHints":{"allow":["GET"]}}],"collection":[{"href":"https:\/\/aeprilclinics.nl\/de\/wp-json\/wp\/v2\/pages"}],"about":[{"href":"https:\/\/aeprilclinics.nl\/de\/wp-json\/wp\/v2\/types\/page"}],"author":[{"embeddable":true,"href":"https:\/\/aeprilclinics.nl\/de\/wp-json\/wp\/v2\/users\/14"}],"replies":[{"embeddable":true,"href":"https:\/\/aeprilclinics.nl\/de\/wp-json\/wp\/v2\/comments?post=6897"}],"version-history":[{"count":2,"href":"https:\/\/aeprilclinics.nl\/de\/wp-json\/wp\/v2\/pages\/6897\/revisions"}],"predecessor-version":[{"id":7201,"href":"https:\/\/aeprilclinics.nl\/de\/wp-json\/wp\/v2\/pages\/6897\/revisions\/7201"}],"wp:featuredmedia":[{"embeddable":true,"href":"https:\/\/aeprilclinics.nl\/de\/wp-json\/wp\/v2\/media\/6429"}],"wp:attachment":[{"href":"https:\/\/aeprilclinics.nl\/de\/wp-json\/wp\/v2\/media?parent=6897"}],"curies":[{"name":"wp","href":"https:\/\/api.w.org\/{rel}","templated":true}]}}