{"id":6530,"date":"2025-01-21T16:17:31","date_gmt":"2025-01-21T16:17:31","guid":{"rendered":"https:\/\/aeprilclinics.nl\/unsere-beschwerdepolitik\/"},"modified":"2026-05-12T20:22:53","modified_gmt":"2026-05-12T20:22:53","slug":"unsere-beschwerdepolitik","status":"publish","type":"page","link":"https:\/\/aeprilclinics.nl\/de\/unsere-beschwerdepolitik\/","title":{"rendered":"Unsere Beschwerdepolitik"},"content":{"rendered":"\n<h1 class=\"wp-block-heading\">Eine Beschwerde \u00fcber Ihren Arzt<\/h1>\n\n<h3 class=\"wp-block-heading\">Sie haben eine Beschwerde \u00fcber Ihren Arzt. Was nun? <\/h3>\n\n<p>Eine gute Beziehung zwischen Ihnen und Ihrem Arzt ist wichtig. Leider passieren manchmal Dinge, die diese Beziehung st\u00f6ren. Sie sind unzufrieden, Sie haben eine Beschwerde. In dieser Brosch\u00fcre finden Sie Informationen dar\u00fcber, was Sie tun k\u00f6nnen, wenn Sie ein Problem mit Ihrem Arzt haben. Sie k\u00f6nnen nachlesen, welche M\u00f6glichkeiten Sie haben, um Ihre Beschwerde zu l\u00f6sen und wie Ihre Beschwerde im Rahmen des DOKh-Beschwerdeverfahrens behandelt wird.    <\/p>\n\n<h3 class=\"wp-block-heading\">Gemeinsames Coming-out<\/h3>\n\n<p>Versuchen Sie zun\u00e4chst, das Problem in einem pers\u00f6nlichen Gespr\u00e4ch mit Ihrem Arzt zu besprechen und zu l\u00f6sen. Wenn dies nicht gelingt, wird Ihr Arzt Sie mit dem Beschwerdebeauftragten der DOKh in Verbindung setzen. Sie k\u00f6nnen sich auch selbst direkt an die DOKh wenden.  <\/p>\n\n<h3 class=\"wp-block-heading\">Reklamationsannahme<\/h3>\n\n<p>Der Beschwerdebeauftragte der DOKh ist unabh\u00e4ngig und wird mit Ihnen zusammenarbeiten, um Ihre Beschwerde zu l\u00f6sen. Innerhalb von 1 Woche nach Bekanntwerden Ihrer Beschwerde bei der DOKh wird sich der Beschwerdebeauftragte mit Ihnen in Verbindung setzen. <\/p>\n\n<p>Der Beschwerdebeauftragte wird versuchen, die Beschwerde zu schlichten, wenn Sie dazu bereit sind.<\/p>\n\n<h3 class=\"wp-block-heading\">Schlichtung von Reklamationen<\/h3>\n\n<p>Viele Beschwerden lassen sich in einem (telefonischen) Gespr\u00e4ch kl\u00e4ren. W\u00e4hrend des Schlichtungsgespr\u00e4chs haben Sie und Ihr Arzt die Gelegenheit, den oder die Vorf\u00e4lle zu erkl\u00e4ren. Da das gegenseitige Verst\u00e4ndnis w\u00e4chst, ergibt sich oft wieder eine tragf\u00e4hige Situation. Das letztendliche Ziel der Mediation ist die Wiederherstellung der Beziehung zwischen Ihnen und Ihrem Arzt.   <\/p>\n\n<h3 class=\"wp-block-heading\">Vom Arzt formuliertes Urteil<\/h3>\n\n<p>Um das Beschwerdeverfahren abzuschlie\u00dfen, ist der Arzt verpflichtet, Ihnen innerhalb von 6 Wochen nach Einreichung der Beschwerde seine Stellungnahme mitzuteilen. Eine Stellungnahme bedeutet, schriftlich mitzuteilen, welche Entscheidungen er \u00fcber und aufgrund der Beschwerde getroffen hat und welche Ma\u00dfnahme(n) er gegebenenfalls ergreifen wird. Die 6-Wochen-Frist kann um maximal vier Wochen verl\u00e4ngert werden, wenn Sie rechtzeitig informiert werden.  <\/p>\n\n<p>Wenn beide Parteien mit dem Urteil zufrieden sind, ist die Beschwerde damit erledigt. Wenn Sie nicht zufrieden sind und das Beschwerdeverfahren fortsetzen m\u00f6chten, handelt es sich um einen Streitfall. Nach dem Urteil haben Sie 6 Monate Zeit, um zu entscheiden, ob Sie den Streitfall der Streitbeilegungsstelle vorlegen wollen.  <\/p>\n\n<h3 class=\"wp-block-heading\">Spielregeln<\/h3>\n\n<ul class=\"wp-block-list\">\n<li>Die Unterst\u00fctzung durch den Beschwerdebeauftragten, die Vermittlung von Beschwerden und die Bearbeitung von Beschwerden sind f\u00fcr Sie kostenlos.<\/li>\n\n\n\n<li>Eine Mediation ist nur dann erfolgreich, wenn beide Parteien damit einverstanden sind.<\/li>\n\n\n\n<li>Die Mediation basiert auf gegenseitigem Respekt und Vertrauen.<\/li>\n\n\n\n<li>Alle an dem Verfahren Beteiligten behandeln Ihre Privatsph\u00e4re mit gr\u00f6\u00dfter Sorgfalt und sind zur Vertraulichkeit verpflichtet.<\/li>\n\n\n\n<li>Das vollst\u00e4ndige Beschwerdeverfahren k\u00f6nnen Sie unten herunterladen.<\/li>\n<\/ul>\n\n<h3 class=\"wp-block-heading\">Hinweis: Beschwerde \u00fcber den Arzt f\u00fcr Arbeitsmedizin und Sicherheit<\/h3>\n\n<p>Gem\u00e4\u00df Artikel 1(4) des Wkkgz gilt das Beschwerde- und Streitschlichtungsverfahren nicht f\u00fcr die Abwesenheitsberatung. In Artikel 14(2)(h) des Gesetzes \u00fcber die Arbeitsbedingungen hei\u00dft es jedoch, dass &#8222;der Betriebsarzt \u00fcber ein angemessenes Verfahren zur Behandlung von Beschwerden verf\u00fcgt&#8220;. <\/p>\n\n<p>Um es klar zu sagen: Die DOKh bietet ihr Beschwerdemanagement inkl. Beschwerdebeauftragter auch f\u00fcr die Abwesenheitsberatung an. Allerdings steht nach der Beschwerdebearbeitung der Weg zur Schlichtungsstelle nicht offen.  <\/p>\n\n<p>Wenn Sie Fragen dazu haben, wenden Sie sich bitte an Femke Moerbeek<a href=\"mailto:fmoerbeek@dokh.nl\">(fmoerbeek@dokh.nl)<\/a>.<\/p>\n\n<h3 class=\"wp-block-heading\">Sind Sie nicht in der Lage, sich mit dem Beschwerdebeauftragten zu einigen?<\/h3>\n\n<p>Wenn Sie trotz der Schlichtungsgespr\u00e4che keine L\u00f6sung erzielen k\u00f6nnen, wird der Beschwerdebeauftragte Sie bei jedem weiteren Schritt unterst\u00fctzen. Ihre Beschwerde wird dann zu einem Streitfall. Weitere Informationen zu diesem Thema finden Sie auf unserer Website und in dem Faltblatt Sie haben einen Streit mit Ihrem Arzt.  <\/p>\n\n<p>NB: Der Einreicher einer Streitigkeit ist sich bewusst, dass das Verfahren vor der Schlichtungsstelle den Charakter eines verbindlichen Gutachtens hat (Artikel 20 Wkkgz). Indem er den Streitfall einreicht, erkl\u00e4rt sich der Einreicher freiwillig und unmissverst\u00e4ndlich damit einverstanden, dass die Schlichtungsstelle den Streitfall im Wege eines verbindlichen Gutachtens regelt und einen Schadenersatz von bis zu 25.000,00 \u20ac zusprechen kann. Der Einsender verzichtet damit auf sein Recht, den Streitfall (auch) dem gesetzlich vorgesehenen Gericht vorzulegen.  <\/p>\n\n<p><br\/>Stiftung DOKh<br\/>Abteilung f\u00fcr Beschwerden und Streitigkeiten<br\/>Robijnstraat 6<br\/>1812 RB ALKMAAR<br\/>Tel: 072-520 83 25 (t\u00e4glich von 9.00-15.00)<br\/>E-Mail: <a href=\"mailto:klachtenengeschillen@dokh.nl\" target=\"_blank\" rel=\"noreferrer noopener\">klachtenengeschillen@dokh.nl<\/a><br\/>Website: <a href=\"http:\/\/www.dokh.nl\/\" target=\"_blank\" rel=\"noreferrer noopener\">www.dokh.nl<\/a><\/p>\n\n<p><\/p>\n\n<h3 class=\"wp-block-heading\">Sie haben eine Beschwerde \u00fcber Ihren Arzt. Was nun?  DOKh Beschwerdeverfahren<\/h3>\n\n<p>Eine gute Beziehung zwischen Ihnen und Ihrem Arzt ist wichtig. Leider passieren manchmal Dinge, die diese Beziehung st\u00f6ren. Sie sind unzufrieden, Sie haben eine Beschwerde. In dieser Brosch\u00fcre finden Sie Informationen dar\u00fcber, was Sie tun k\u00f6nnen, wenn Sie ein Problem mit Ihrem Arzt haben. Sie k\u00f6nnen nachlesen, welche M\u00f6glichkeiten Sie haben, um Ihre Beschwerde zu l\u00f6sen und wie Ihre Beschwerde im Rahmen des DOKh-Beschwerdeverfahrens behandelt wird.    <\/p>\n\n<h3 class=\"wp-block-heading\">Gemeinsames Coming-out<\/h3>\n\n<p>Versuchen Sie zun\u00e4chst, das Problem in einem pers\u00f6nlichen Gespr\u00e4ch mit Ihrem Arzt zu besprechen und zu l\u00f6sen. Wenn dies nicht gelingt, wird Ihr Arzt Sie mit dem Beschwerdebeauftragten der DOKh in Verbindung setzen. Sie k\u00f6nnen sich auch selbst direkt an die DOKh wenden.  <\/p>\n\n<h3 class=\"wp-block-heading\">Reklamationsannahme<\/h3>\n\n<p>Der Beschwerdebeauftragte der DOKh ist unabh\u00e4ngig und wird mit Ihnen zusammenarbeiten, um Ihre Beschwerde zu l\u00f6sen. Innerhalb von 1 Woche nach Bekanntwerden Ihrer Beschwerde bei der DOKh wird sich der Beschwerdebeauftragte mit Ihnen in Verbindung setzen. <\/p>\n\n<p>Der Beschwerdebeauftragte wird versuchen, die Beschwerde zu schlichten, wenn Sie dazu bereit sind.<\/p>\n\n<h3 class=\"wp-block-heading\">Schlichtung von Reklamationen<\/h3>\n\n<p>Viele Beschwerden lassen sich in einem (telefonischen) Gespr\u00e4ch kl\u00e4ren. W\u00e4hrend des Schlichtungsgespr\u00e4chs haben Sie und Ihr Arzt die Gelegenheit, den oder die Vorf\u00e4lle zu erkl\u00e4ren. Da das gegenseitige Verst\u00e4ndnis w\u00e4chst, ergibt sich oft wieder eine tragf\u00e4hige Situation. Das letztendliche Ziel der Mediation ist die Wiederherstellung der Beziehung zwischen Ihnen und Ihrem Arzt.   <\/p>\n\n<h3 class=\"wp-block-heading\">Vom Arzt formuliertes Urteil<\/h3>\n\n<p>Um das Beschwerdeverfahren abzuschlie\u00dfen, ist der Arzt verpflichtet, Ihnen innerhalb von 6 Wochen nach Einreichung der Beschwerde seine Stellungnahme mitzuteilen. Eine Stellungnahme bedeutet, schriftlich mitzuteilen, welche Entscheidungen er \u00fcber und aufgrund der Beschwerde getroffen hat und welche Ma\u00dfnahme(n) er gegebenenfalls ergreifen wird. Die 6-Wochen-Frist kann um maximal vier Wochen verl\u00e4ngert werden, wenn Sie rechtzeitig informiert werden.  <\/p>\n\n<p>Wenn beide Parteien mit dem Urteil zufrieden sind, ist die Beschwerde damit erledigt. Wenn Sie nicht zufrieden sind und das Beschwerdeverfahren fortsetzen m\u00f6chten, handelt es sich um einen Streitfall. Nach dem Urteil haben Sie 6 Monate Zeit, um zu entscheiden, ob Sie den Streitfall der Streitbeilegungsstelle vorlegen wollen.  <\/p>\n\n<h3 class=\"wp-block-heading\">Spielregeln<\/h3>\n\n<ul class=\"wp-block-list\">\n<li>Die Unterst\u00fctzung durch den Beschwerdebeauftragten, die Vermittlung von Beschwerden und die Bearbeitung von Beschwerden sind f\u00fcr Sie kostenlos.<\/li>\n\n\n\n<li>Eine Mediation ist nur dann erfolgreich, wenn beide Parteien damit einverstanden sind.<\/li>\n\n\n\n<li>Die Mediation basiert auf gegenseitigem Respekt und Vertrauen.<\/li>\n\n\n\n<li>Alle an dem Verfahren Beteiligten behandeln Ihre Privatsph\u00e4re mit gr\u00f6\u00dfter Sorgfalt und sind zur Vertraulichkeit verpflichtet.<\/li>\n\n\n\n<li>Das vollst\u00e4ndige Beschwerdeverfahren k\u00f6nnen Sie unten herunterladen.<\/li>\n<\/ul>\n\n<h3 class=\"wp-block-heading\">Hinweis: Beschwerde \u00fcber den Arzt f\u00fcr Arbeitsmedizin und Sicherheit<\/h3>\n\n<p>Gem\u00e4\u00df Artikel 1(4) des Wkkgz gilt das Beschwerde- und Streitschlichtungsverfahren nicht f\u00fcr die Abwesenheitsberatung. In Artikel 14(2)(h) des Gesetzes \u00fcber die Arbeitsbedingungen hei\u00dft es jedoch, dass &#8222;der Betriebsarzt \u00fcber ein angemessenes Verfahren zur Behandlung von Beschwerden verf\u00fcgt&#8220;. <\/p>\n\n<p>Um es klar zu sagen: Die DOKh bietet ihr Beschwerdemanagement inkl. Beschwerdebeauftragter auch f\u00fcr die Abwesenheitsberatung an. Allerdings steht nach der Beschwerdebearbeitung der Weg zur Schlichtungsstelle nicht offen.  <\/p>\n\n<p>Wenn Sie Fragen dazu haben, wenden Sie sich bitte an Femke Moerbeek<a href=\"mailto:fmoerbeek@dokh.nl\">(fmoerbeek@dokh.nl)<\/a>.<\/p>\n\n<h3 class=\"wp-block-heading\">Sind Sie nicht in der Lage, sich mit dem Beschwerdebeauftragten zu einigen?<\/h3>\n\n<p>Wenn Sie trotz der Schlichtungsgespr\u00e4che keine L\u00f6sung erzielen k\u00f6nnen, wird der Beschwerdebeauftragte Sie bei jedem weiteren Schritt unterst\u00fctzen. Ihre Beschwerde wird dann zu einem Streitfall. Weitere Informationen zu diesem Thema finden Sie auf unserer Website und in dem Faltblatt Sie haben einen Streit mit Ihrem Arzt.  <\/p>\n\n<p>NB: Der Einreicher einer Streitigkeit ist sich bewusst, dass das Verfahren vor der Schlichtungsstelle den Charakter eines verbindlichen Gutachtens hat (Artikel 20 Wkkgz). Indem er den Streitfall einreicht, erkl\u00e4rt sich der Einreicher freiwillig und unmissverst\u00e4ndlich damit einverstanden, dass die Schlichtungsstelle den Streitfall im Wege eines verbindlichen Gutachtens regelt und einen Schadenersatz von bis zu 25.000,00 \u20ac zusprechen kann. Der Einsender verzichtet damit auf sein Recht, den Streitfall (auch) dem gesetzlich vorgesehenen Gericht vorzulegen.  <\/p>\n\n<p><br\/>Stiftung DOKh<br\/>Abteilung f\u00fcr Beschwerden und Streitigkeiten<br\/>Robijnstraat 6<br\/>1812 RB ALKMAAR<br\/>Tel: 072-520 83 25 (t\u00e4glich von 9.00-15.00)<br\/>E-Mail: <a href=\"mailto:klachtenengeschillen@dokh.nl\" target=\"_blank\" rel=\"noreferrer noopener\">klachtenengeschillen@dokh.nl<\/a><br\/>Website: <a href=\"http:\/\/www.dokh.nl\/\" target=\"_blank\" rel=\"noreferrer noopener\">www.dokh.nl<\/a><\/p>\n\n<p><\/p>\n\n<div class=\"wp-block-cover alignfull is-light wave\" style=\"margin-top:var(--wp--preset--spacing--60);margin-bottom:0;padding-bottom:var(--wp--preset--spacing--30)\"><span aria-hidden=\"true\" class=\"wp-block-cover__background has-accent-background-color has-background-dim-100 has-background-dim\"><\/span><div class=\"wp-block-cover__inner-container has-global-padding is-layout-constrained wp-block-cover-is-layout-constrained\">\n<h2 class=\"wp-block-heading has-text-align-center\">Lassen Sie Ihre nat\u00fcrliche Sch\u00f6nheit erstrahlen.<\/h2>\n\n\n\n<div style=\"height:15px\" aria-hidden=\"true\" class=\"wp-block-spacer\"><\/div>\n\n\n\n<div class=\"wp-block-buttons is-content-justification-center is-layout-flex wp-container-core-buttons-is-layout-a89b3969 wp-block-buttons-is-layout-flex\">\n<div class=\"wp-block-button\"><a class=\"wp-block-button__link has-base-color has-accent-3-background-color has-text-color has-background has-link-color wp-element-button\">Buchen Sie eine kostenlose Beratung<\/a><\/div>\n<\/div>\n<\/div><\/div>\n","protected":false},"excerpt":{"rendered":"<p>Eine Beschwerde \u00fcber Ihren Arzt Sie haben eine Beschwerde \u00fcber Ihren Arzt. Was nun? Eine gute Beziehung zwischen Ihnen und Ihrem Arzt ist wichtig. Leider passieren manchmal Dinge, die diese Beziehung st\u00f6ren. Sie sind unzufrieden, Sie haben eine Beschwerde. In&#8230;<\/p>\n","protected":false},"author":10,"featured_media":6429,"parent":0,"menu_order":0,"comment_status":"closed","ping_status":"closed","template":"","meta":{"_acf_changed":false,"footnotes":""},"class_list":["post-6530","page","type-page","status-publish","has-post-thumbnail","hentry"],"acf":[],"yoast_head":"<!-- This site is optimized with the Yoast SEO plugin v27.2 - https:\/\/yoast.com\/product\/yoast-seo-wordpress\/ -->\n<title>Unsere Beschwerdepolitik - Aepril<\/title>\n<meta name=\"description\" content=\"Wir bem\u00fchen uns, die beste Pflege zu bieten. Haben Sie eine Beschwerde? Lesen Sie hier, wie wir in den Aepril-Kliniken f\u00fcr Transparenz und Qualit\u00e4t sorgen.\" \/>\n<meta name=\"robots\" content=\"index, follow, max-snippet:-1, max-image-preview:large, max-video-preview:-1\" \/>\n<link rel=\"canonical\" href=\"https:\/\/aeprilclinics.nl\/de\/unsere-beschwerdepolitik\/\" \/>\n<meta property=\"og:locale\" content=\"de_DE\" \/>\n<meta property=\"og:type\" content=\"article\" \/>\n<meta property=\"og:title\" content=\"Unsere Beschwerdepolitik - Aepril\" \/>\n<meta property=\"og:description\" content=\"Wir bem\u00fchen uns, die beste Pflege zu bieten. Haben Sie eine Beschwerde? Lesen Sie hier, wie wir in den Aepril-Kliniken f\u00fcr Transparenz und Qualit\u00e4t sorgen.\" \/>\n<meta property=\"og:url\" content=\"https:\/\/aeprilclinics.nl\/de\/unsere-beschwerdepolitik\/\" \/>\n<meta property=\"og:site_name\" content=\"Aepril\" \/>\n<meta property=\"article:modified_time\" content=\"2026-05-12T20:22:53+00:00\" \/>\n<meta property=\"og:image\" content=\"https:\/\/aeprilclinics.nl\/wp-content\/uploads\/2025\/02\/aesthe-clinics-Final-07.png\" \/>\n\t<meta property=\"og:image:width\" content=\"6667\" \/>\n\t<meta property=\"og:image:height\" content=\"5001\" \/>\n\t<meta property=\"og:image:type\" content=\"image\/png\" \/>\n<meta name=\"twitter:card\" content=\"summary_large_image\" \/>\n<meta name=\"twitter:label1\" content=\"Gesch\u00e4tzte Lesezeit\" \/>\n\t<meta name=\"twitter:data1\" content=\"7\u00a0Minuten\" \/>\n<script type=\"application\/ld+json\" class=\"yoast-schema-graph\">{\"@context\":\"https:\/\/schema.org\",\"@graph\":[{\"@type\":\"WebPage\",\"@id\":\"https:\/\/aeprilclinics.nl\/de\/unsere-beschwerdepolitik\/\",\"url\":\"https:\/\/aeprilclinics.nl\/de\/unsere-beschwerdepolitik\/\",\"name\":\"Unsere Beschwerdepolitik - Aepril\",\"isPartOf\":{\"@id\":\"https:\/\/aeprilclinics.nl\/de\/#website\"},\"primaryImageOfPage\":{\"@id\":\"https:\/\/aeprilclinics.nl\/de\/unsere-beschwerdepolitik\/#primaryimage\"},\"image\":{\"@id\":\"https:\/\/aeprilclinics.nl\/de\/unsere-beschwerdepolitik\/#primaryimage\"},\"thumbnailUrl\":\"https:\/\/aeprilclinics.nl\/wp-content\/uploads\/2025\/02\/aesthe-clinics-Final-07.png\",\"datePublished\":\"2025-01-21T16:17:31+00:00\",\"dateModified\":\"2026-05-12T20:22:53+00:00\",\"description\":\"Wir bem\u00fchen uns, die beste Pflege zu bieten. Haben Sie eine Beschwerde? Lesen Sie hier, wie wir in den Aepril-Kliniken f\u00fcr Transparenz und Qualit\u00e4t sorgen.\",\"breadcrumb\":{\"@id\":\"https:\/\/aeprilclinics.nl\/de\/unsere-beschwerdepolitik\/#breadcrumb\"},\"inLanguage\":\"de\",\"potentialAction\":[{\"@type\":\"ReadAction\",\"target\":[\"https:\/\/aeprilclinics.nl\/de\/unsere-beschwerdepolitik\/\"]}]},{\"@type\":\"ImageObject\",\"inLanguage\":\"de\",\"@id\":\"https:\/\/aeprilclinics.nl\/de\/unsere-beschwerdepolitik\/#primaryimage\",\"url\":\"https:\/\/aeprilclinics.nl\/wp-content\/uploads\/2025\/02\/aesthe-clinics-Final-07.png\",\"contentUrl\":\"https:\/\/aeprilclinics.nl\/wp-content\/uploads\/2025\/02\/aesthe-clinics-Final-07.png\",\"width\":6667,\"height\":5001},{\"@type\":\"BreadcrumbList\",\"@id\":\"https:\/\/aeprilclinics.nl\/de\/unsere-beschwerdepolitik\/#breadcrumb\",\"itemListElement\":[{\"@type\":\"ListItem\",\"position\":1,\"name\":\"Home\",\"item\":\"https:\/\/aeprilclinics.nl\/de\/\"},{\"@type\":\"ListItem\",\"position\":2,\"name\":\"Unsere Beschwerdepolitik\"}]},{\"@type\":\"WebSite\",\"@id\":\"https:\/\/aeprilclinics.nl\/de\/#website\",\"url\":\"https:\/\/aeprilclinics.nl\/de\/\",\"name\":\"Aepril\",\"description\":\"\",\"potentialAction\":[{\"@type\":\"SearchAction\",\"target\":{\"@type\":\"EntryPoint\",\"urlTemplate\":\"https:\/\/aeprilclinics.nl\/de\/?s={search_term_string}\"},\"query-input\":{\"@type\":\"PropertyValueSpecification\",\"valueRequired\":true,\"valueName\":\"search_term_string\"}}],\"inLanguage\":\"de\"}]}<\/script>\n<!-- \/ Yoast SEO plugin. -->","yoast_head_json":{"title":"Unsere Beschwerdepolitik - Aepril","description":"Wir bem\u00fchen uns, die beste Pflege zu bieten. Haben Sie eine Beschwerde? Lesen Sie hier, wie wir in den Aepril-Kliniken f\u00fcr Transparenz und Qualit\u00e4t sorgen.","robots":{"index":"index","follow":"follow","max-snippet":"max-snippet:-1","max-image-preview":"max-image-preview:large","max-video-preview":"max-video-preview:-1"},"canonical":"https:\/\/aeprilclinics.nl\/de\/unsere-beschwerdepolitik\/","og_locale":"de_DE","og_type":"article","og_title":"Unsere Beschwerdepolitik - Aepril","og_description":"Wir bem\u00fchen uns, die beste Pflege zu bieten. Haben Sie eine Beschwerde? Lesen Sie hier, wie wir in den Aepril-Kliniken f\u00fcr Transparenz und Qualit\u00e4t sorgen.","og_url":"https:\/\/aeprilclinics.nl\/de\/unsere-beschwerdepolitik\/","og_site_name":"Aepril","article_modified_time":"2026-05-12T20:22:53+00:00","og_image":[{"width":6667,"height":5001,"url":"https:\/\/aeprilclinics.nl\/wp-content\/uploads\/2025\/02\/aesthe-clinics-Final-07.png","type":"image\/png"}],"twitter_card":"summary_large_image","twitter_misc":{"Gesch\u00e4tzte Lesezeit":"7\u00a0Minuten"},"schema":{"@context":"https:\/\/schema.org","@graph":[{"@type":"WebPage","@id":"https:\/\/aeprilclinics.nl\/de\/unsere-beschwerdepolitik\/","url":"https:\/\/aeprilclinics.nl\/de\/unsere-beschwerdepolitik\/","name":"Unsere Beschwerdepolitik - Aepril","isPartOf":{"@id":"https:\/\/aeprilclinics.nl\/de\/#website"},"primaryImageOfPage":{"@id":"https:\/\/aeprilclinics.nl\/de\/unsere-beschwerdepolitik\/#primaryimage"},"image":{"@id":"https:\/\/aeprilclinics.nl\/de\/unsere-beschwerdepolitik\/#primaryimage"},"thumbnailUrl":"https:\/\/aeprilclinics.nl\/wp-content\/uploads\/2025\/02\/aesthe-clinics-Final-07.png","datePublished":"2025-01-21T16:17:31+00:00","dateModified":"2026-05-12T20:22:53+00:00","description":"Wir bem\u00fchen uns, die beste Pflege zu bieten. Haben Sie eine Beschwerde? Lesen Sie hier, wie wir in den Aepril-Kliniken f\u00fcr Transparenz und Qualit\u00e4t sorgen.","breadcrumb":{"@id":"https:\/\/aeprilclinics.nl\/de\/unsere-beschwerdepolitik\/#breadcrumb"},"inLanguage":"de","potentialAction":[{"@type":"ReadAction","target":["https:\/\/aeprilclinics.nl\/de\/unsere-beschwerdepolitik\/"]}]},{"@type":"ImageObject","inLanguage":"de","@id":"https:\/\/aeprilclinics.nl\/de\/unsere-beschwerdepolitik\/#primaryimage","url":"https:\/\/aeprilclinics.nl\/wp-content\/uploads\/2025\/02\/aesthe-clinics-Final-07.png","contentUrl":"https:\/\/aeprilclinics.nl\/wp-content\/uploads\/2025\/02\/aesthe-clinics-Final-07.png","width":6667,"height":5001},{"@type":"BreadcrumbList","@id":"https:\/\/aeprilclinics.nl\/de\/unsere-beschwerdepolitik\/#breadcrumb","itemListElement":[{"@type":"ListItem","position":1,"name":"Home","item":"https:\/\/aeprilclinics.nl\/de\/"},{"@type":"ListItem","position":2,"name":"Unsere Beschwerdepolitik"}]},{"@type":"WebSite","@id":"https:\/\/aeprilclinics.nl\/de\/#website","url":"https:\/\/aeprilclinics.nl\/de\/","name":"Aepril","description":"","potentialAction":[{"@type":"SearchAction","target":{"@type":"EntryPoint","urlTemplate":"https:\/\/aeprilclinics.nl\/de\/?s={search_term_string}"},"query-input":{"@type":"PropertyValueSpecification","valueRequired":true,"valueName":"search_term_string"}}],"inLanguage":"de"}]}},"_links":{"self":[{"href":"https:\/\/aeprilclinics.nl\/de\/wp-json\/wp\/v2\/pages\/6530","targetHints":{"allow":["GET"]}}],"collection":[{"href":"https:\/\/aeprilclinics.nl\/de\/wp-json\/wp\/v2\/pages"}],"about":[{"href":"https:\/\/aeprilclinics.nl\/de\/wp-json\/wp\/v2\/types\/page"}],"author":[{"embeddable":true,"href":"https:\/\/aeprilclinics.nl\/de\/wp-json\/wp\/v2\/users\/10"}],"replies":[{"embeddable":true,"href":"https:\/\/aeprilclinics.nl\/de\/wp-json\/wp\/v2\/comments?post=6530"}],"version-history":[{"count":1,"href":"https:\/\/aeprilclinics.nl\/de\/wp-json\/wp\/v2\/pages\/6530\/revisions"}],"predecessor-version":[{"id":6531,"href":"https:\/\/aeprilclinics.nl\/de\/wp-json\/wp\/v2\/pages\/6530\/revisions\/6531"}],"wp:featuredmedia":[{"embeddable":true,"href":"https:\/\/aeprilclinics.nl\/de\/wp-json\/wp\/v2\/media\/6429"}],"wp:attachment":[{"href":"https:\/\/aeprilclinics.nl\/de\/wp-json\/wp\/v2\/media?parent=6530"}],"curies":[{"name":"wp","href":"https:\/\/api.w.org\/{rel}","templated":true}]}}