{"id":6518,"date":"2025-01-21T15:48:32","date_gmt":"2025-01-21T15:48:32","guid":{"rendered":"https:\/\/aeprilclinics.nl\/kontakt\/"},"modified":"2026-05-13T15:19:18","modified_gmt":"2026-05-13T15:19:18","slug":"kontakt","status":"publish","type":"page","link":"https:\/\/aeprilclinics.nl\/de\/kontakt\/","title":{"rendered":"Kontakt"},"content":{"rendered":"\n<div class=\"wp-block-columns is-layout-flex wp-container-core-columns-is-layout-28f84493 wp-block-columns-is-layout-flex\">\n<div class=\"wp-block-column is-layout-flow wp-block-column-is-layout-flow\">\n<h5 class=\"wp-block-heading\">Kontakt<\/h5>\n\n\n\n<h2 class=\"wp-block-heading\">Kontaktieren Sie uns<\/h2>\n\n\n\n<p>Haben Sie noch Fragen oder m\u00f6chten Sie einen Termin vereinbaren? Kontaktieren Sie uns einfach! Wir sind von Montag bis Freitag von 09:00 bis 18:00 Uhr f\u00fcr Sie da. F\u00fcr Notf\u00e4lle rufen Sie bitte unsere Notfallnummer an.   <\/p>\n\n\n\n<p>  (24\/7 verf\u00fcgbar).<\/p>\n\n\n\n<div class=\"wp-block-columns is-not-stacked-on-mobile is-layout-flex wp-container-core-columns-is-layout-28f84493 wp-block-columns-is-layout-flex\">\n<div class=\"wp-block-column is-layout-flow wp-block-column-is-layout-flow\" style=\"flex-basis:25px\">\n<p><i class=\"fas fa-phone\"><\/i><br\/><\/p>\n<\/div>\n\n\n\n<div class=\"wp-block-column is-layout-flow wp-block-column-is-layout-flow\">\n<p><a href=\"tel:+31623209253\">+31 (0) 6 23 20 92 53<\/a><\/p>\n<\/div>\n<\/div>\n\n\n\n<div class=\"wp-block-columns is-not-stacked-on-mobile is-layout-flex wp-container-core-columns-is-layout-28f84493 wp-block-columns-is-layout-flex\">\n<div class=\"wp-block-column is-layout-flow wp-block-column-is-layout-flow\" style=\"flex-basis:25px\">\n<i class=\"fas fa-envelope\"><\/i>\n<\/div>\n\n\n\n<div class=\"wp-block-column is-layout-flow wp-block-column-is-layout-flow\">\n<p><a href=\"mailto:contact@aeprilclinics.nl\">receptie@aeprilclinics.nl<\/a><\/p>\n<\/div>\n<\/div>\n\n\n\n<p style=\"margin-top:var(--wp--preset--spacing--30);margin-bottom:var(--wp--preset--spacing--30)\"><strong>Nur in dringenden F\u00e4llen rufen Sie bitte an: <a href=\"tel:0613398171\">+31 (0)6 13 39 81 71<\/a><\/strong><\/p>\n\n\n\n<p>Erreichbarkeit Sch\u00f6nheitsklinik Hengelo: <br\/>\ud83d\ude97 Mit dem Auto: Vor der Klinik in der Drienerstraat 41 gibt es ausreichend kostenpflichtige Parkpl\u00e4tze oder Parkpl\u00e4tze mit blauer Karte.<\/p>\n\n\n\n<p>\ud83d\ude86 Mit \u00f6ffentlichen Verkehrsmitteln: Vom Hauptbahnhof Hengelo sind es etwa 500 Meter (5 Minuten) zu Fu\u00df bis zur Drienerstraat 41.<br\/><br\/><\/p>\n\n\n\n<h3 class=\"wp-block-heading\" style=\"margin-top:var(--wp--preset--spacing--40)\">Folgen Sie uns<\/h3>\n\n\n\n<p class=\"has-xx-large-font-size\"><a href=\"https:\/\/www.facebook.com\/aeprilclinics\"><i class=\"fab fa-square-facebook\"><\/i><\/a> <a href=\"https:\/\/www.instagram.com\/aepril_clinics\"><i class=\"fab fa-square-instagram\"><\/i><\/a> <a href=\"https:\/\/wa.me\/31623209253\"><i class=\"fab fa-square-whatsapp\"><\/i><\/a><\/p>\n<\/div>\n\n\n\n<div class=\"wp-block-column is-layout-flow wp-block-column-is-layout-flow\">\n<div style=\"height:100%; border:0; display:inline-block; overflow:hidden; border-radius:15px;\"><iframe style=\"margin-top:-70px;border:0;\" class=\"maps\" src=\"https:\/\/www.google.com\/maps\/d\/embed?mid=1ic6jBaVaE--aY8NmJJvGDbxEtxAWzlg&#038;hl=nl&#038;ehbc=2E312F&#038;noprof=1\" width=\"1920\" height=\"600\" allowfullscreen=\"\" loading=\"lazy\" referrerpolicy=\"no-referrer-when-downgrade\"><\/iframe><\/div>\n<\/div>\n<\/div>\n\n<div class=\"wp-block-cover alignfull is-light wave\" style=\"margin-top:var(--wp--preset--spacing--60);margin-bottom:0;padding-bottom:var(--wp--preset--spacing--30)\"><span aria-hidden=\"true\" class=\"wp-block-cover__background has-accent-background-color has-background-dim-100 has-background-dim\"><\/span><div class=\"wp-block-cover__inner-container has-global-padding is-layout-constrained wp-block-cover-is-layout-constrained\">\n<h2 class=\"wp-block-heading has-text-align-center\">Entdecken Sie die Kraft Ihrer Sch\u00f6nheit.<\/h2>\n\n\n\n<div style=\"height:15px\" aria-hidden=\"true\" class=\"wp-block-spacer\"><\/div>\n\n\n\n<div class=\"wp-block-buttons is-content-justification-center is-layout-flex wp-container-core-buttons-is-layout-a89b3969 wp-block-buttons-is-layout-flex\">\n<div class=\"wp-block-button\"><a class=\"wp-block-button__link has-base-color has-accent-3-background-color has-text-color has-background has-link-color wp-element-button\" href=\"https:\/\/aeprilclinics.nl\/de\/kostenlose-beratung-buchen\/\">Kostenlose Beratung buchen<\/a><\/div>\n<\/div>\n<\/div><\/div>\n","protected":false},"excerpt":{"rendered":"<p>Kontakt Kontaktieren Sie uns Haben Sie noch Fragen oder m\u00f6chten Sie einen Termin vereinbaren? Kontaktieren Sie uns einfach! Wir sind von Montag bis Freitag von 09:00 bis 18:00 Uhr f\u00fcr Sie da. F\u00fcr Notf\u00e4lle rufen Sie bitte unsere Notfallnummer an&#8230;.<\/p>\n","protected":false},"author":10,"featured_media":6429,"parent":0,"menu_order":0,"comment_status":"closed","ping_status":"closed","template":"","meta":{"_acf_changed":false,"footnotes":""},"class_list":["post-6518","page","type-page","status-publish","has-post-thumbnail","hentry"],"acf":[],"yoast_head":"<!-- This site is optimized with the Yoast SEO plugin v27.2 - https:\/\/yoast.com\/product\/yoast-seo-wordpress\/ -->\n<title>Kontakt - Aepril<\/title>\n<meta name=\"description\" content=\"Haben Sie Fragen zur Behandlung oder zur Vereinbarung eines Termins? Kontaktieren Sie die Aepril-Kliniken - wir helfen Ihnen gerne weiter.\" \/>\n<meta name=\"robots\" content=\"index, follow, max-snippet:-1, max-image-preview:large, max-video-preview:-1\" \/>\n<link rel=\"canonical\" href=\"https:\/\/aeprilclinics.nl\/de\/kontakt\/\" \/>\n<meta property=\"og:locale\" content=\"de_DE\" \/>\n<meta property=\"og:type\" content=\"article\" \/>\n<meta property=\"og:title\" content=\"Kontakt - Aepril\" \/>\n<meta property=\"og:description\" content=\"Haben Sie Fragen zur Behandlung oder zur Vereinbarung eines Termins? Kontaktieren Sie die Aepril-Kliniken - wir helfen Ihnen gerne weiter.\" \/>\n<meta property=\"og:url\" content=\"https:\/\/aeprilclinics.nl\/de\/kontakt\/\" \/>\n<meta property=\"og:site_name\" content=\"Aepril\" \/>\n<meta property=\"article:modified_time\" content=\"2026-05-13T15:19:18+00:00\" \/>\n<meta property=\"og:image\" content=\"https:\/\/aeprilclinics.nl\/wp-content\/uploads\/2025\/02\/aesthe-clinics-Final-07.png\" \/>\n\t<meta property=\"og:image:width\" content=\"6667\" \/>\n\t<meta property=\"og:image:height\" content=\"5001\" \/>\n\t<meta property=\"og:image:type\" content=\"image\/png\" \/>\n<meta name=\"twitter:card\" content=\"summary_large_image\" \/>\n<meta name=\"twitter:label1\" content=\"Gesch\u00e4tzte Lesezeit\" \/>\n\t<meta name=\"twitter:data1\" content=\"1\u00a0Minute\" \/>\n<script type=\"application\/ld+json\" class=\"yoast-schema-graph\">{\"@context\":\"https:\/\/schema.org\",\"@graph\":[{\"@type\":\"WebPage\",\"@id\":\"https:\/\/aeprilclinics.nl\/de\/kontakt\/\",\"url\":\"https:\/\/aeprilclinics.nl\/de\/kontakt\/\",\"name\":\"Kontakt - Aepril\",\"isPartOf\":{\"@id\":\"https:\/\/aeprilclinics.nl\/de\/#website\"},\"primaryImageOfPage\":{\"@id\":\"https:\/\/aeprilclinics.nl\/de\/kontakt\/#primaryimage\"},\"image\":{\"@id\":\"https:\/\/aeprilclinics.nl\/de\/kontakt\/#primaryimage\"},\"thumbnailUrl\":\"https:\/\/aeprilclinics.nl\/wp-content\/uploads\/2025\/02\/aesthe-clinics-Final-07.png\",\"datePublished\":\"2025-01-21T15:48:32+00:00\",\"dateModified\":\"2026-05-13T15:19:18+00:00\",\"description\":\"Haben Sie Fragen zur Behandlung oder zur Vereinbarung eines Termins? Kontaktieren Sie die Aepril-Kliniken - wir helfen Ihnen gerne weiter.\",\"breadcrumb\":{\"@id\":\"https:\/\/aeprilclinics.nl\/de\/kontakt\/#breadcrumb\"},\"inLanguage\":\"de\",\"potentialAction\":[{\"@type\":\"ReadAction\",\"target\":[\"https:\/\/aeprilclinics.nl\/de\/kontakt\/\"]}]},{\"@type\":\"ImageObject\",\"inLanguage\":\"de\",\"@id\":\"https:\/\/aeprilclinics.nl\/de\/kontakt\/#primaryimage\",\"url\":\"https:\/\/aeprilclinics.nl\/wp-content\/uploads\/2025\/02\/aesthe-clinics-Final-07.png\",\"contentUrl\":\"https:\/\/aeprilclinics.nl\/wp-content\/uploads\/2025\/02\/aesthe-clinics-Final-07.png\",\"width\":6667,\"height\":5001},{\"@type\":\"BreadcrumbList\",\"@id\":\"https:\/\/aeprilclinics.nl\/de\/kontakt\/#breadcrumb\",\"itemListElement\":[{\"@type\":\"ListItem\",\"position\":1,\"name\":\"Home\",\"item\":\"https:\/\/aeprilclinics.nl\/de\/\"},{\"@type\":\"ListItem\",\"position\":2,\"name\":\"Kontakt\"}]},{\"@type\":\"WebSite\",\"@id\":\"https:\/\/aeprilclinics.nl\/de\/#website\",\"url\":\"https:\/\/aeprilclinics.nl\/de\/\",\"name\":\"Aepril\",\"description\":\"\",\"potentialAction\":[{\"@type\":\"SearchAction\",\"target\":{\"@type\":\"EntryPoint\",\"urlTemplate\":\"https:\/\/aeprilclinics.nl\/de\/?s={search_term_string}\"},\"query-input\":{\"@type\":\"PropertyValueSpecification\",\"valueRequired\":true,\"valueName\":\"search_term_string\"}}],\"inLanguage\":\"de\"}]}<\/script>\n<!-- \/ Yoast SEO plugin. -->","yoast_head_json":{"title":"Kontakt - Aepril","description":"Haben Sie Fragen zur Behandlung oder zur Vereinbarung eines Termins? Kontaktieren Sie die Aepril-Kliniken - wir helfen Ihnen gerne weiter.","robots":{"index":"index","follow":"follow","max-snippet":"max-snippet:-1","max-image-preview":"max-image-preview:large","max-video-preview":"max-video-preview:-1"},"canonical":"https:\/\/aeprilclinics.nl\/de\/kontakt\/","og_locale":"de_DE","og_type":"article","og_title":"Kontakt - Aepril","og_description":"Haben Sie Fragen zur Behandlung oder zur Vereinbarung eines Termins? Kontaktieren Sie die Aepril-Kliniken - wir helfen Ihnen gerne weiter.","og_url":"https:\/\/aeprilclinics.nl\/de\/kontakt\/","og_site_name":"Aepril","article_modified_time":"2026-05-13T15:19:18+00:00","og_image":[{"width":6667,"height":5001,"url":"https:\/\/aeprilclinics.nl\/wp-content\/uploads\/2025\/02\/aesthe-clinics-Final-07.png","type":"image\/png"}],"twitter_card":"summary_large_image","twitter_misc":{"Gesch\u00e4tzte Lesezeit":"1\u00a0Minute"},"schema":{"@context":"https:\/\/schema.org","@graph":[{"@type":"WebPage","@id":"https:\/\/aeprilclinics.nl\/de\/kontakt\/","url":"https:\/\/aeprilclinics.nl\/de\/kontakt\/","name":"Kontakt - Aepril","isPartOf":{"@id":"https:\/\/aeprilclinics.nl\/de\/#website"},"primaryImageOfPage":{"@id":"https:\/\/aeprilclinics.nl\/de\/kontakt\/#primaryimage"},"image":{"@id":"https:\/\/aeprilclinics.nl\/de\/kontakt\/#primaryimage"},"thumbnailUrl":"https:\/\/aeprilclinics.nl\/wp-content\/uploads\/2025\/02\/aesthe-clinics-Final-07.png","datePublished":"2025-01-21T15:48:32+00:00","dateModified":"2026-05-13T15:19:18+00:00","description":"Haben Sie Fragen zur Behandlung oder zur Vereinbarung eines Termins? Kontaktieren Sie die Aepril-Kliniken - wir helfen Ihnen gerne weiter.","breadcrumb":{"@id":"https:\/\/aeprilclinics.nl\/de\/kontakt\/#breadcrumb"},"inLanguage":"de","potentialAction":[{"@type":"ReadAction","target":["https:\/\/aeprilclinics.nl\/de\/kontakt\/"]}]},{"@type":"ImageObject","inLanguage":"de","@id":"https:\/\/aeprilclinics.nl\/de\/kontakt\/#primaryimage","url":"https:\/\/aeprilclinics.nl\/wp-content\/uploads\/2025\/02\/aesthe-clinics-Final-07.png","contentUrl":"https:\/\/aeprilclinics.nl\/wp-content\/uploads\/2025\/02\/aesthe-clinics-Final-07.png","width":6667,"height":5001},{"@type":"BreadcrumbList","@id":"https:\/\/aeprilclinics.nl\/de\/kontakt\/#breadcrumb","itemListElement":[{"@type":"ListItem","position":1,"name":"Home","item":"https:\/\/aeprilclinics.nl\/de\/"},{"@type":"ListItem","position":2,"name":"Kontakt"}]},{"@type":"WebSite","@id":"https:\/\/aeprilclinics.nl\/de\/#website","url":"https:\/\/aeprilclinics.nl\/de\/","name":"Aepril","description":"","potentialAction":[{"@type":"SearchAction","target":{"@type":"EntryPoint","urlTemplate":"https:\/\/aeprilclinics.nl\/de\/?s={search_term_string}"},"query-input":{"@type":"PropertyValueSpecification","valueRequired":true,"valueName":"search_term_string"}}],"inLanguage":"de"}]}},"_links":{"self":[{"href":"https:\/\/aeprilclinics.nl\/de\/wp-json\/wp\/v2\/pages\/6518","targetHints":{"allow":["GET"]}}],"collection":[{"href":"https:\/\/aeprilclinics.nl\/de\/wp-json\/wp\/v2\/pages"}],"about":[{"href":"https:\/\/aeprilclinics.nl\/de\/wp-json\/wp\/v2\/types\/page"}],"author":[{"embeddable":true,"href":"https:\/\/aeprilclinics.nl\/de\/wp-json\/wp\/v2\/users\/10"}],"replies":[{"embeddable":true,"href":"https:\/\/aeprilclinics.nl\/de\/wp-json\/wp\/v2\/comments?post=6518"}],"version-history":[{"count":2,"href":"https:\/\/aeprilclinics.nl\/de\/wp-json\/wp\/v2\/pages\/6518\/revisions"}],"predecessor-version":[{"id":8427,"href":"https:\/\/aeprilclinics.nl\/de\/wp-json\/wp\/v2\/pages\/6518\/revisions\/8427"}],"wp:featuredmedia":[{"embeddable":true,"href":"https:\/\/aeprilclinics.nl\/de\/wp-json\/wp\/v2\/media\/6429"}],"wp:attachment":[{"href":"https:\/\/aeprilclinics.nl\/de\/wp-json\/wp\/v2\/media?parent=6518"}],"curies":[{"name":"wp","href":"https:\/\/api.w.org\/{rel}","templated":true}]}}