{"id":6453,"date":"2025-06-20T11:44:40","date_gmt":"2025-06-20T11:44:40","guid":{"rendered":"https:\/\/aeprilclinics.nl\/aepril-inner-circle\/"},"modified":"2026-05-13T15:21:15","modified_gmt":"2026-05-13T15:21:15","slug":"aepril-inner-circle","status":"publish","type":"page","link":"https:\/\/aeprilclinics.nl\/de\/aepril-inner-circle\/","title":{"rendered":"Aepril Inner Circle"},"content":{"rendered":"\n<div class=\"wp-block-media-text has-media-on-the-right is-stacked-on-mobile is-image-fill-element\"><div class=\"wp-block-media-text__content\">\n<h2 class=\"wp-block-heading\">Was ist der innere Kreis?<\/h2>\n\n\n\n<p>Der <em>Aepril Inner Circle<\/em> ist eine exklusive Gemeinschaft f\u00fcr unsere engagiertesten Kunden. Als Mitglied erhalten Sie als Erster Zugang zu neuen Behandlungen, privaten Veranstaltungen, speziellen Mitgliederrabatten, Sparpunkten f\u00fcr kostenlose Behandlungen und Insidertipps von unseren \u00c4rzten. <\/p>\n\n\n\n<p>Wir haben den Inner Circle ins Leben gerufen, um eine engere Beziehung zu unseren treuen Kunden aufzubauen und Sie mit zus\u00e4tzlicher Aufmerksamkeit, Priorit\u00e4t und Vorteilen zu belohnen &#8211; denn bei wahrer Sch\u00f6nheit geht es nicht nur um das \u00c4u\u00dfere, sondern um Verbindung, Vertrauen und ma\u00dfgeschneiderte Pflege.<\/p>\n\n\n\n<p>Sie k\u00f6nnen sich auf der Website oder an der Rezeption eines unserer Standorte anmelden.<br\/><br\/>Haben Sie Punkte aus unserem fr\u00fcheren Programm gespeichert? Dann sind diese ab dem 1. Juni nicht mehr g\u00fcltig, da unsere Partnerschaft mit dem Treueprogramm beendet ist. Wir bieten unseren Mitgliedern weitere Vorteile, die im Folgenden aufgef\u00fchrt sind.  <\/p>\n<\/div><figure class=\"wp-block-media-text__media\"><img loading=\"lazy\" decoding=\"async\" width=\"1024\" height=\"683\" src=\"https:\/\/aeprilclinics.nl\/wp-content\/uploads\/2025\/01\/BN4A9295-1024x683.jpg\" alt=\"\" class=\"wp-image-1012 size-full\" style=\"object-position:73% 58%\" srcset=\"https:\/\/aeprilclinics.nl\/wp-content\/uploads\/2025\/01\/BN4A9295-1024x683.jpg 1024w, https:\/\/aeprilclinics.nl\/wp-content\/uploads\/2025\/01\/BN4A9295-300x200.jpg 300w, https:\/\/aeprilclinics.nl\/wp-content\/uploads\/2025\/01\/BN4A9295-768x512.jpg 768w, https:\/\/aeprilclinics.nl\/wp-content\/uploads\/2025\/01\/BN4A9295-1536x1024.jpg 1536w, https:\/\/aeprilclinics.nl\/wp-content\/uploads\/2025\/01\/BN4A9295-2048x1365.jpg 2048w, https:\/\/aeprilclinics.nl\/wp-content\/uploads\/2025\/01\/BN4A9295-405x270.jpg 405w\" sizes=\"auto, (max-width: 1024px) 100vw, 1024px\" \/><\/figure><\/div>\n\n<hr class=\"wp-block-separator has-alpha-channel-opacity\"\/>\n\n<div class=\"wp-block-media-text is-stacked-on-mobile is-image-fill-element\"><figure class=\"wp-block-media-text__media\"><img loading=\"lazy\" decoding=\"async\" width=\"683\" height=\"1024\" src=\"https:\/\/aeprilclinics.nl\/wp-content\/uploads\/2025\/01\/BN4A8655-683x1024.jpg\" alt=\"\" class=\"wp-image-1007 size-full\" style=\"object-position:30% 56%\" srcset=\"https:\/\/aeprilclinics.nl\/wp-content\/uploads\/2025\/01\/BN4A8655-683x1024.jpg 683w, https:\/\/aeprilclinics.nl\/wp-content\/uploads\/2025\/01\/BN4A8655-200x300.jpg 200w, https:\/\/aeprilclinics.nl\/wp-content\/uploads\/2025\/01\/BN4A8655-768x1152.jpg 768w, https:\/\/aeprilclinics.nl\/wp-content\/uploads\/2025\/01\/BN4A8655-1024x1536.jpg 1024w, https:\/\/aeprilclinics.nl\/wp-content\/uploads\/2025\/01\/BN4A8655-1365x2048.jpg 1365w, https:\/\/aeprilclinics.nl\/wp-content\/uploads\/2025\/01\/BN4A8655-180x270.jpg 180w, https:\/\/aeprilclinics.nl\/wp-content\/uploads\/2025\/01\/BN4A8655-scaled.jpg 1707w\" sizes=\"auto, (max-width: 683px) 100vw, 683px\" \/><\/figure><div class=\"wp-block-media-text__content\">\n<h2 class=\"wp-block-heading\">Vorteile<\/h2>\n\n\n\n<h5 class=\"wp-block-heading\"><strong>Modellierung und Schulungstage<\/strong><\/h5>\n\n\n\n<p>Zugang zu stark erm\u00e4\u00dfigten Tarifen an ausgew\u00e4hlten Tagen, an denen Behandlungen von Assistenz\u00e4rzten oder w\u00e4hrend einer Fortbildung durchgef\u00fchrt werden.<\/p>\n\n\n\n<h5 class=\"wp-block-heading\"><strong>Schulungstage f\u00fcr Fachleute<\/strong><\/h5>\n\n\n\n<p>Sie haben die M\u00f6glichkeit, sich w\u00e4hrend der Fortbildungsveranstaltungen unseres Teams zu einem stark erm\u00e4\u00dfigten Preis behandeln zu lassen.<\/p>\n\n\n\n<h5 class=\"wp-block-heading\"><strong>Pers\u00f6nliche E-Mails<\/strong><\/h5>\n\n\n\n<p>Sie erhalten exklusive Updates, fr\u00fchzeitigen Zugang zu neuen Behandlungen und Produkten sowie auf Ihre Vorlieben zugeschnittene Angebote.<\/p>\n\n\n\n<h5 class=\"wp-block-heading\"><strong>Exklusive saisonale Rabatte<\/strong><\/h5>\n\n\n\n<p>Rabatte zu besonderen Anl\u00e4ssen wie Weihnachten, Internationaler Frauentag, Muttertag und anderen Feiertagen.<\/p>\n\n\n\n<h5 class=\"wp-block-heading\"><strong>Geburtstagsgeschenk<\/strong><\/h5>\n\n\n\n<p>Eine pers\u00f6nliche \u00dcberraschung im Monat Ihres Geburtstags &#8211; weil Sie im Mittelpunkt stehen.<\/p>\n\n\n\n<h5 class=\"wp-block-heading\"><strong>Besties Deal<\/strong><\/h5>\n\n\n\n<p>Der Besties Deal ist f\u00fcr Inner Cirle Mitglieder immer verf\u00fcgbar. Nehmen Sie Ihre beste Freundin mit und Sie erhalten beide 20 Euro Rabatt auf Ihre erste Behandlung bei uns. <\/p>\n<\/div><\/div>\n\n<hr class=\"wp-block-separator has-alpha-channel-opacity\"\/>\n\n    <div\n        class=\"align wp-block-mcb-mailchimp\"            id=\"mcbMailChimp-1\"  \n            data-attributes='{&quot;cId&quot;:&quot;8a3e7b89-3&quot;,&quot;config&quot;:{&quot;apiKey&quot;:&quot;&quot;,&quot;audienceId&quot;:&quot;b9993725f2&quot;,&quot;endpoint_url&quot;:&quot;https:\\\/\\\/us15.api.mailchimp.com\\\/3.0\\\/lists&quot;},&quot;content&quot;:{&quot;title&quot;:&quot;&lt;strong&gt;Meld je aan voor onze Inner Circle&lt;\\\/strong&gt;&quot;,&quot;desc&quot;:&quot;Volg het laatste nieuws, before &amp; after-resultaten, exclusieve kortingen, punten sparen en leuke cadeau&#039;s speciaal voor jou!&quot;,&quot;button&quot;:&quot;Aanmelden&quot;},&quot;message&quot;:{&quot;success&quot;:&quot;Succesvol aangemeld!&quot;,&quot;error&quot;:&quot;U bent al aangemeld!&quot;},&quot;placeholder&quot;:{&quot;fName&quot;:&quot;Voornaam&quot;,&quot;lName&quot;:&quot;Achternaam&quot;,&quot;email&quot;:&quot;Email&quot;,&quot;phoneNumber&quot;:&quot;Phone Number&quot;},&quot;theme&quot;:&quot;form3&quot;,&quot;themeAlign&quot;:{&quot;desktop&quot;:&quot;center&quot;,&quot;tablet&quot;:&quot;left&quot;,&quot;mobile&quot;:&quot;left&quot;},&quot;icon&quot;:{&quot;color&quot;:&quot;#fff&quot;},&quot;formBG&quot;:{&quot;color&quot;:&quot;rgba(255, 255, 255, 1)&quot;},&quot;fieldColors&quot;:{&quot;color&quot;:&quot;#a3a3a3&quot;,&quot;bg&quot;:&quot;#F6F2ED&quot;},&quot;btnColors&quot;:{&quot;color&quot;:&quot;#fff&quot;,&quot;bg&quot;:&quot;#D2BCA6&quot;},&quot;btnHovColors&quot;:{&quot;color&quot;:&quot;#fff&quot;,&quot;bg&quot;:&quot;#222&quot;},&quot;btnPadding&quot;:{&quot;top&quot;:&quot;8px&quot;,&quot;right&quot;:&quot;20px&quot;,&quot;bottom&quot;:&quot;8px&quot;,&quot;left&quot;:&quot;20px&quot;},&quot;btnBorder&quot;:{&quot;radius&quot;:&quot;30px&quot;},&quot;align&quot;:&quot;&quot;,&quot;elements&quot;:{&quot;title&quot;:true,&quot;desc&quot;:true,&quot;fName&quot;:true,&quot;lName&quot;:true,&quot;icon&quot;:true},&quot;layout&quot;:{&quot;placement&quot;:&quot;normal&quot;,&quot;popupTimeOut&quot;:3,&quot;cacheTimeType&quot;:&quot;day&quot;,&quot;cacheTime&quot;:30},&quot;brandLogo&quot;:{&quot;img&quot;:{&quot;url&quot;:&quot;https:\\\/\\\/b-slider.bplugins.com\\\/wp-content\\\/uploads\\\/2025\\\/11\\\/mailchip-demo-image-scaled.jpg&quot;},&quot;size&quot;:120},&quot;form4LeftImage&quot;:{&quot;type&quot;:&quot;image&quot;,&quot;image&quot;:{&quot;url&quot;:&quot;https:\\\/\\\/b-slider.bplugins.com\\\/wp-content\\\/uploads\\\/2025\\\/11\\\/mailchip-demo-image-scaled.jpg&quot;}},&quot;imgArea&quot;:{&quot;height&quot;:{&quot;desktop&quot;:&quot;200px&quot;,&quot;tablet&quot;:&quot;150px&quot;,&quot;mobile&quot;:&quot;100px&quot;}},&quot;themeWidth&quot;:{&quot;desktop&quot;:&quot;100%&quot;,&quot;tablet&quot;:&quot;100%&quot;,&quot;mobile&quot;:&quot;100%&quot;},&quot;iconBG&quot;:{&quot;color&quot;:&quot;#0575e6&quot;},&quot;titleTypo&quot;:{&quot;fontSize&quot;:{&quot;desktop&quot;:24,&quot;tablet&quot;:18,&quot;mobile&quot;:15},&quot;fontWeight&quot;:700,&quot;lineHeight&quot;:&quot;135%&quot;,&quot;textTransform&quot;:&quot;capitalize&quot;},&quot;titleColor&quot;:&quot;#000&quot;,&quot;titleMargin&quot;:{&quot;top&quot;:&quot;0px&quot;,&quot;right&quot;:&quot;0px&quot;,&quot;bottom&quot;:&quot;15px&quot;,&quot;left&quot;:&quot;0px&quot;},&quot;descTypo&quot;:{&quot;fontSize&quot;:{&quot;desktop&quot;:17,&quot;tablet&quot;:15,&quot;mobile&quot;:15},&quot;fontWeight&quot;:400,&quot;lineHeight&quot;:&quot;135%&quot;,&quot;textTransform&quot;:&quot;capitalize&quot;},&quot;descColor&quot;:&quot;#000&quot;,&quot;descMargin&quot;:{&quot;top&quot;:&quot;0px&quot;,&quot;right&quot;:&quot;0px&quot;,&quot;bottom&quot;:&quot;10px&quot;,&quot;left&quot;:&quot;0px&quot;},&quot;formPadding&quot;:{&quot;top&quot;:&quot;20px&quot;,&quot;right&quot;:&quot;20px&quot;,&quot;bottom&quot;:&quot;20px&quot;,&quot;left&quot;:&quot;20px&quot;},&quot;formBorder&quot;:{&quot;width&quot;:&quot;0px&quot;,&quot;style&quot;:&quot;solid&quot;,&quot;color&quot;:&quot;#0575e6&quot;,&quot;side&quot;:&quot;all&quot;,&quot;radius&quot;:&quot;5px&quot;},&quot;fieldTypo&quot;:{&quot;fontSize&quot;:{&quot;desktop&quot;:16,&quot;tablet&quot;:15,&quot;mobile&quot;:15},&quot;fontWeight&quot;:400,&quot;lineHeight&quot;:&quot;135%&quot;},&quot;fieldPadding&quot;:{&quot;top&quot;:&quot;2px&quot;,&quot;right&quot;:&quot;13px&quot;,&quot;bottom&quot;:&quot;2px&quot;,&quot;left&quot;:&quot;13px&quot;},&quot;fieldBorder&quot;:{&quot;radius&quot;:&quot;5px&quot;},&quot;fieldMargin&quot;:{&quot;top&quot;:&quot;0px&quot;,&quot;right&quot;:&quot;0px&quot;,&quot;bottom&quot;:&quot;10px&quot;,&quot;left&quot;:&quot;0px&quot;},&quot;btnTypo&quot;:{&quot;fontSize&quot;:{&quot;desktop&quot;:18,&quot;tablet&quot;:15,&quot;mobile&quot;:15},&quot;fontWeight&quot;:400,&quot;lineHeight&quot;:&quot;135%&quot;},&quot;btnMargin&quot;:{&quot;top&quot;:&quot;0px&quot;,&quot;right&quot;:&quot;0px&quot;,&quot;bottom&quot;:&quot;0px&quot;,&quot;left&quot;:&quot;0px&quot;},&quot;messageTypo&quot;:{&quot;fontSize&quot;:{&quot;desktop&quot;:18,&quot;tablet&quot;:15,&quot;mobile&quot;:15},&quot;fontWeight&quot;:400,&quot;lineHeight&quot;:&quot;135%&quot;},&quot;messageColors&quot;:{&quot;success&quot;:&quot;#228323&quot;,&quot;error&quot;:&quot;#f70000&quot;},&quot;popupBtn&quot;:{&quot;typo&quot;:{&quot;fontSize&quot;:{&quot;desktop&quot;:18,&quot;tablet&quot;:16,&quot;mobile&quot;:15},&quot;fontWeight&quot;:500,&quot;lineHeight&quot;:&quot;135%&quot;},&quot;colors&quot;:{&quot;color&quot;:&quot;#000&quot;,&quot;bg&quot;:&quot;#fff&quot;},&quot;hoverColors&quot;:{&quot;color&quot;:&quot;#fff&quot;,&quot;bg&quot;:&quot;#000&quot;},&quot;padding&quot;:{&quot;top&quot;:&quot;4px&quot;,&quot;right&quot;:&quot;5px&quot;,&quot;bottom&quot;:&quot;4px&quot;,&quot;left&quot;:&quot;5px&quot;},&quot;border&quot;:{&quot;width&quot;:&quot;1px&quot;,&quot;style&quot;:&quot;solid&quot;,&quot;color&quot;:&quot;#000&quot;,&quot;side&quot;:&quot;all&quot;,&quot;radius&quot;:&quot;3px&quot;},&quot;align&quot;:&quot;left&quot;,&quot;text&quot;:&quot;Subscribe&quot;},&quot;inputLabel&quot;:{&quot;typo&quot;:{&quot;fontSize&quot;:{&quot;desktop&quot;:16,&quot;tablet&quot;:15,&quot;mobile&quot;:14},&quot;fontWeight&quot;:400,&quot;lineHeight&quot;:&quot;135%&quot;},&quot;color&quot;:&quot;#000&quot;,&quot;label&quot;:true},&quot;closeBtn&quot;:{&quot;colors&quot;:{&quot;color&quot;:&quot;#fff&quot;,&quot;bg&quot;:&quot;#2355f2&quot;},&quot;size&quot;:40},&quot;modal&quot;:{&quot;width&quot;:{&quot;desktop&quot;:&quot;400px&quot;,&quot;tablet&quot;:&quot;300px&quot;,&quot;mobile&quot;:&quot;300px&quot;}}}'>\n    <\/div>\n\n    \n<hr class=\"wp-block-separator has-alpha-channel-opacity\"\/>\n\n<div class=\"wp-block-media-text has-media-on-the-right is-stacked-on-mobile is-image-fill-element\"><div class=\"wp-block-media-text__content\">\n<h2 class=\"wp-block-heading\">Bedingungen<\/h2>\n\n\n\n<p><strong>Modelle\/Training<\/strong><br\/>Begrenzte Verf\u00fcgbarkeit, nur an den angegebenen Tagen, immer unter Aufsicht eines qualifizierten und erfahrenen Praktikers, nicht kombinierbar mit anderen Aktionen.<\/p>\n\n\n\n<p><strong>Professionelle Schulungen<\/strong><br\/>Auf Einladung\/Einreichung. Die Auswahl basiert auf dem Hauttyp oder der Behandlung. Manchmal ist f\u00fcr die Teilnahme eine Genehmigung zur Verwendung von Bildern erforderlich.  <\/p>\n\n\n\n<p><strong>E-Mail-Vorteile<\/strong><br\/>Nur mit g\u00fcltiger E-Mail-Adresse. Das Abbestellen ist m\u00f6glich, schr\u00e4nkt aber Ihren Zugang zu den Vorteilen ein. <\/p>\n\n\n\n<p><strong>Saisonale Rabatte<\/strong><br\/>Nur w\u00e4hrend der angegebenen Zeitr\u00e4ume. Kann nicht mit anderen Aktionen kombiniert werden. <\/p>\n\n\n\n<p><strong>Geburtstag<\/strong><br\/>G\u00fcltig in Ihrem Geburtsmonat. Geschenk je nach Verf\u00fcgbarkeit und Anmeldung. <\/p>\n\n\n\n<p>Die <strong>Besties Deal <br\/><\/strong>Aktion gilt nur f\u00fcr Termine, die zur gleichen Zeit gebucht werden und ohne Unterbrechung nacheinander stattfinden. Nicht in Kombination mit anderen Sonderangeboten. Gilt einmal pro Person, nicht wiederholbar.  <\/p>\n\n\n\n<p><strong>Allgemein<\/strong><br\/>Die Mitgliedschaft ist kostenlos. Die Aepril-Kliniken behalten sich das Recht vor, Leistungen anzupassen oder zu beenden. Missbr\u00e4uchliche Nutzung f\u00fchrt zum Ausschluss.  <\/p>\n<\/div><figure class=\"wp-block-media-text__media\"><img loading=\"lazy\" decoding=\"async\" width=\"683\" height=\"1024\" src=\"https:\/\/aeprilclinics.nl\/wp-content\/uploads\/2025\/01\/BN4A8716-683x1024.jpg\" alt=\"\" class=\"wp-image-1008 size-full\" style=\"object-position:89% 29%\" srcset=\"https:\/\/aeprilclinics.nl\/wp-content\/uploads\/2025\/01\/BN4A8716-683x1024.jpg 683w, https:\/\/aeprilclinics.nl\/wp-content\/uploads\/2025\/01\/BN4A8716-200x300.jpg 200w, https:\/\/aeprilclinics.nl\/wp-content\/uploads\/2025\/01\/BN4A8716-768x1152.jpg 768w, https:\/\/aeprilclinics.nl\/wp-content\/uploads\/2025\/01\/BN4A8716-1024x1536.jpg 1024w, https:\/\/aeprilclinics.nl\/wp-content\/uploads\/2025\/01\/BN4A8716-1365x2048.jpg 1365w, https:\/\/aeprilclinics.nl\/wp-content\/uploads\/2025\/01\/BN4A8716-180x270.jpg 180w, https:\/\/aeprilclinics.nl\/wp-content\/uploads\/2025\/01\/BN4A8716-scaled.jpg 1707w\" sizes=\"auto, (max-width: 683px) 100vw, 683px\" \/><\/figure><\/div>\n\n<hr class=\"wp-block-separator has-alpha-channel-opacity\"\/>\n\n<div class=\"wp-block-cover alignfull is-light wave\" style=\"margin-top:var(--wp--preset--spacing--60);margin-bottom:0;padding-bottom:var(--wp--preset--spacing--30)\"><span aria-hidden=\"true\" class=\"wp-block-cover__background has-accent-background-color has-background-dim-100 has-background-dim\"><\/span><div class=\"wp-block-cover__inner-container has-global-padding is-layout-constrained wp-block-cover-is-layout-constrained\">\n<h2 class=\"wp-block-heading has-text-align-center\">Ihr Look, vom Feinsten.<\/h2>\n\n\n\n<div style=\"height:15px\" aria-hidden=\"true\" class=\"wp-block-spacer\"><\/div>\n\n\n\n<div class=\"wp-block-buttons is-content-justification-center is-layout-flex wp-container-core-buttons-is-layout-a89b3969 wp-block-buttons-is-layout-flex\">\n<div class=\"wp-block-button\"><a class=\"wp-block-button__link has-base-color has-accent-3-background-color has-text-color has-background has-link-color wp-element-button\" href=\"https:\/\/aeprilclinics.nl\/de\/kostenlose-beratung-buchen\/\">Kostenlose Beratung buchen<\/a><\/div>\n<\/div>\n<\/div><\/div>\n","protected":false},"excerpt":{"rendered":"<p>Was ist der innere Kreis? Der Aepril Inner Circle ist eine exklusive Gemeinschaft f\u00fcr unsere engagiertesten Kunden. Als Mitglied erhalten Sie als Erster Zugang zu neuen Behandlungen, privaten Veranstaltungen, speziellen Mitgliederrabatten, Sparpunkten f\u00fcr kostenlose Behandlungen und Insidertipps von unseren \u00c4rzten&#8230;.<\/p>\n","protected":false},"author":14,"featured_media":0,"parent":0,"menu_order":0,"comment_status":"closed","ping_status":"closed","template":"","meta":{"_acf_changed":false,"footnotes":""},"class_list":["post-6453","page","type-page","status-publish","hentry"],"acf":[],"yoast_head":"<!-- This site is optimized with the Yoast SEO plugin v27.2 - https:\/\/yoast.com\/product\/yoast-seo-wordpress\/ -->\n<title>Aepril Inner Circle - Aepril<\/title>\n<meta name=\"description\" content=\"Melden Sie sich jetzt f\u00fcr den Inner Circle von Aepril Clinics an. Nehmen Sie an Trainingstagen teil, erhalten Sie exklusive Rabatte und tolle Geschenke von uns!\" \/>\n<meta name=\"robots\" content=\"index, follow, max-snippet:-1, max-image-preview:large, max-video-preview:-1\" \/>\n<link rel=\"canonical\" href=\"https:\/\/aeprilclinics.nl\/de\/aepril-inner-circle\/\" \/>\n<meta property=\"og:locale\" content=\"de_DE\" \/>\n<meta property=\"og:type\" content=\"article\" \/>\n<meta property=\"og:title\" content=\"Aepril Inner Circle - Aepril\" \/>\n<meta property=\"og:description\" content=\"Melden Sie sich jetzt f\u00fcr den Inner Circle von Aepril Clinics an. Nehmen Sie an Trainingstagen teil, erhalten Sie exklusive Rabatte und tolle Geschenke von uns!\" \/>\n<meta property=\"og:url\" content=\"https:\/\/aeprilclinics.nl\/de\/aepril-inner-circle\/\" \/>\n<meta property=\"og:site_name\" content=\"Aepril\" \/>\n<meta property=\"article:modified_time\" content=\"2026-05-13T15:21:15+00:00\" \/>\n<meta property=\"og:image\" content=\"https:\/\/aeprilclinics.nl\/wp-content\/uploads\/2025\/01\/BN4A9295-scaled.jpg\" \/>\n\t<meta property=\"og:image:width\" content=\"2560\" \/>\n\t<meta property=\"og:image:height\" content=\"1707\" \/>\n\t<meta property=\"og:image:type\" content=\"image\/jpeg\" \/>\n<meta name=\"twitter:card\" content=\"summary_large_image\" \/>\n<meta name=\"twitter:label1\" content=\"Gesch\u00e4tzte Lesezeit\" \/>\n\t<meta name=\"twitter:data1\" content=\"2\u00a0Minuten\" \/>\n<script type=\"application\/ld+json\" class=\"yoast-schema-graph\">{\"@context\":\"https:\/\/schema.org\",\"@graph\":[{\"@type\":\"WebPage\",\"@id\":\"https:\/\/aeprilclinics.nl\/de\/aepril-inner-circle\/\",\"url\":\"https:\/\/aeprilclinics.nl\/de\/aepril-inner-circle\/\",\"name\":\"Aepril Inner Circle - Aepril\",\"isPartOf\":{\"@id\":\"https:\/\/aeprilclinics.nl\/de\/#website\"},\"primaryImageOfPage\":{\"@id\":\"https:\/\/aeprilclinics.nl\/de\/aepril-inner-circle\/#primaryimage\"},\"image\":{\"@id\":\"https:\/\/aeprilclinics.nl\/de\/aepril-inner-circle\/#primaryimage\"},\"thumbnailUrl\":\"https:\/\/aeprilclinics.nl\/wp-content\/uploads\/2025\/01\/BN4A9295-1024x683.jpg\",\"datePublished\":\"2025-06-20T11:44:40+00:00\",\"dateModified\":\"2026-05-13T15:21:15+00:00\",\"description\":\"Melden Sie sich jetzt f\u00fcr den Inner Circle von Aepril Clinics an. Nehmen Sie an Trainingstagen teil, erhalten Sie exklusive Rabatte und tolle Geschenke von uns!\",\"breadcrumb\":{\"@id\":\"https:\/\/aeprilclinics.nl\/de\/aepril-inner-circle\/#breadcrumb\"},\"inLanguage\":\"de\",\"potentialAction\":[{\"@type\":\"ReadAction\",\"target\":[\"https:\/\/aeprilclinics.nl\/de\/aepril-inner-circle\/\"]}]},{\"@type\":\"ImageObject\",\"inLanguage\":\"de\",\"@id\":\"https:\/\/aeprilclinics.nl\/de\/aepril-inner-circle\/#primaryimage\",\"url\":\"https:\/\/aeprilclinics.nl\/wp-content\/uploads\/2025\/01\/BN4A9295-1024x683.jpg\",\"contentUrl\":\"https:\/\/aeprilclinics.nl\/wp-content\/uploads\/2025\/01\/BN4A9295-1024x683.jpg\"},{\"@type\":\"BreadcrumbList\",\"@id\":\"https:\/\/aeprilclinics.nl\/de\/aepril-inner-circle\/#breadcrumb\",\"itemListElement\":[{\"@type\":\"ListItem\",\"position\":1,\"name\":\"Home\",\"item\":\"https:\/\/aeprilclinics.nl\/de\/\"},{\"@type\":\"ListItem\",\"position\":2,\"name\":\"Aepril Inner Circle\"}]},{\"@type\":\"WebSite\",\"@id\":\"https:\/\/aeprilclinics.nl\/de\/#website\",\"url\":\"https:\/\/aeprilclinics.nl\/de\/\",\"name\":\"Aepril\",\"description\":\"\",\"potentialAction\":[{\"@type\":\"SearchAction\",\"target\":{\"@type\":\"EntryPoint\",\"urlTemplate\":\"https:\/\/aeprilclinics.nl\/de\/?s={search_term_string}\"},\"query-input\":{\"@type\":\"PropertyValueSpecification\",\"valueRequired\":true,\"valueName\":\"search_term_string\"}}],\"inLanguage\":\"de\"}]}<\/script>\n<!-- \/ Yoast SEO plugin. -->","yoast_head_json":{"title":"Aepril Inner Circle - Aepril","description":"Melden Sie sich jetzt f\u00fcr den Inner Circle von Aepril Clinics an. Nehmen Sie an Trainingstagen teil, erhalten Sie exklusive Rabatte und tolle Geschenke von uns!","robots":{"index":"index","follow":"follow","max-snippet":"max-snippet:-1","max-image-preview":"max-image-preview:large","max-video-preview":"max-video-preview:-1"},"canonical":"https:\/\/aeprilclinics.nl\/de\/aepril-inner-circle\/","og_locale":"de_DE","og_type":"article","og_title":"Aepril Inner Circle - Aepril","og_description":"Melden Sie sich jetzt f\u00fcr den Inner Circle von Aepril Clinics an. Nehmen Sie an Trainingstagen teil, erhalten Sie exklusive Rabatte und tolle Geschenke von uns!","og_url":"https:\/\/aeprilclinics.nl\/de\/aepril-inner-circle\/","og_site_name":"Aepril","article_modified_time":"2026-05-13T15:21:15+00:00","og_image":[{"width":2560,"height":1707,"url":"https:\/\/aeprilclinics.nl\/wp-content\/uploads\/2025\/01\/BN4A9295-scaled.jpg","type":"image\/jpeg"}],"twitter_card":"summary_large_image","twitter_misc":{"Gesch\u00e4tzte Lesezeit":"2\u00a0Minuten"},"schema":{"@context":"https:\/\/schema.org","@graph":[{"@type":"WebPage","@id":"https:\/\/aeprilclinics.nl\/de\/aepril-inner-circle\/","url":"https:\/\/aeprilclinics.nl\/de\/aepril-inner-circle\/","name":"Aepril Inner Circle - Aepril","isPartOf":{"@id":"https:\/\/aeprilclinics.nl\/de\/#website"},"primaryImageOfPage":{"@id":"https:\/\/aeprilclinics.nl\/de\/aepril-inner-circle\/#primaryimage"},"image":{"@id":"https:\/\/aeprilclinics.nl\/de\/aepril-inner-circle\/#primaryimage"},"thumbnailUrl":"https:\/\/aeprilclinics.nl\/wp-content\/uploads\/2025\/01\/BN4A9295-1024x683.jpg","datePublished":"2025-06-20T11:44:40+00:00","dateModified":"2026-05-13T15:21:15+00:00","description":"Melden Sie sich jetzt f\u00fcr den Inner Circle von Aepril Clinics an. Nehmen Sie an Trainingstagen teil, erhalten Sie exklusive Rabatte und tolle Geschenke von uns!","breadcrumb":{"@id":"https:\/\/aeprilclinics.nl\/de\/aepril-inner-circle\/#breadcrumb"},"inLanguage":"de","potentialAction":[{"@type":"ReadAction","target":["https:\/\/aeprilclinics.nl\/de\/aepril-inner-circle\/"]}]},{"@type":"ImageObject","inLanguage":"de","@id":"https:\/\/aeprilclinics.nl\/de\/aepril-inner-circle\/#primaryimage","url":"https:\/\/aeprilclinics.nl\/wp-content\/uploads\/2025\/01\/BN4A9295-1024x683.jpg","contentUrl":"https:\/\/aeprilclinics.nl\/wp-content\/uploads\/2025\/01\/BN4A9295-1024x683.jpg"},{"@type":"BreadcrumbList","@id":"https:\/\/aeprilclinics.nl\/de\/aepril-inner-circle\/#breadcrumb","itemListElement":[{"@type":"ListItem","position":1,"name":"Home","item":"https:\/\/aeprilclinics.nl\/de\/"},{"@type":"ListItem","position":2,"name":"Aepril Inner Circle"}]},{"@type":"WebSite","@id":"https:\/\/aeprilclinics.nl\/de\/#website","url":"https:\/\/aeprilclinics.nl\/de\/","name":"Aepril","description":"","potentialAction":[{"@type":"SearchAction","target":{"@type":"EntryPoint","urlTemplate":"https:\/\/aeprilclinics.nl\/de\/?s={search_term_string}"},"query-input":{"@type":"PropertyValueSpecification","valueRequired":true,"valueName":"search_term_string"}}],"inLanguage":"de"}]}},"_links":{"self":[{"href":"https:\/\/aeprilclinics.nl\/de\/wp-json\/wp\/v2\/pages\/6453","targetHints":{"allow":["GET"]}}],"collection":[{"href":"https:\/\/aeprilclinics.nl\/de\/wp-json\/wp\/v2\/pages"}],"about":[{"href":"https:\/\/aeprilclinics.nl\/de\/wp-json\/wp\/v2\/types\/page"}],"author":[{"embeddable":true,"href":"https:\/\/aeprilclinics.nl\/de\/wp-json\/wp\/v2\/users\/14"}],"replies":[{"embeddable":true,"href":"https:\/\/aeprilclinics.nl\/de\/wp-json\/wp\/v2\/comments?post=6453"}],"version-history":[{"count":3,"href":"https:\/\/aeprilclinics.nl\/de\/wp-json\/wp\/v2\/pages\/6453\/revisions"}],"predecessor-version":[{"id":8434,"href":"https:\/\/aeprilclinics.nl\/de\/wp-json\/wp\/v2\/pages\/6453\/revisions\/8434"}],"wp:attachment":[{"href":"https:\/\/aeprilclinics.nl\/de\/wp-json\/wp\/v2\/media?parent=6453"}],"curies":[{"name":"wp","href":"https:\/\/api.w.org\/{rel}","templated":true}]}}