{"id":6426,"date":"2025-10-07T20:32:34","date_gmt":"2025-10-07T20:32:34","guid":{"rendered":"https:\/\/aeprilclinics.nl\/geschenkkarten\/"},"modified":"2026-05-12T20:22:53","modified_gmt":"2026-05-12T20:22:53","slug":"geschenkkarten","status":"publish","type":"page","link":"https:\/\/aeprilclinics.nl\/de\/geschenkkarten\/","title":{"rendered":"Geschenkkarten"},"content":{"rendered":"\n<p>\u00dcberraschen Sie jemanden, der Ihnen nahe steht, mit einem Aepril Kliniken Geschenkgutschein. Das beste Geschenk, das Sie machen k\u00f6nnen, ist Selbstvertrauen.  <\/p>\n\n<p>Die Person, f\u00fcr die Sie Ihre Geschenkkarte kaufen, erh\u00e4lt die Geschenkkarte digital per Post mit der Anweisung, sie in einer unserer Filialen einzul\u00f6sen. Vergewissern Sie sich, dass diese Person die Geschenkkarte ausgedruckt oder digital auf dem Handy mitbringt. Der Code auf der Geschenkkarte wird ben\u00f6tigt, um das Guthaben einzul\u00f6sen. <\/p>\n\n<p>Lesen Sie hier <a href=\"https:\/\/aeprilclinics.nl\/voorwaarden\/\">alle Bedingungen<\/a> der Aepril-Kliniken Geschenkkarten und nutzen Sie <a href=\"https:\/\/aeprilclinics.nl\/de\/kostenlose-beratung-buchen\/\">diese Seite <\/a>, um Ihren Termin zum Einl\u00f6sen Ihrer Geschenkkarte zu buchen.<\/p>\n\n<p>Sie k\u00f6nnen uns auch <a href=\"https:\/\/aeprilclinics.nl\/de\/kontakt\/\">kontaktieren<\/a>, wenn Sie weitere Fragen zu unseren Geschenkkarten haben.<br\/><\/p>\n\n<!-- Clinicminds Gift Card Store begin -->\n<div class=\"clinicminds-gift-card-frame\" data-frame-url=\"https:\/\/clinic.gift\/aesthe-clinic\"><\/div>\n<script src=\"https:\/\/clinic.gift\/widget.js\" type=\"text\/javascript\"><\/script>\n<!-- Clinicminds Gift Card Store end -->\n\n<p><\/p>\n","protected":false},"excerpt":{"rendered":"<p>\u00dcberraschen Sie jemanden, der Ihnen nahe steht, mit einem Aepril Kliniken Geschenkgutschein. Das beste Geschenk, das Sie machen k\u00f6nnen, ist Selbstvertrauen. Die Person, f\u00fcr die Sie Ihre Geschenkkarte kaufen, erh\u00e4lt die Geschenkkarte digital per Post mit der Anweisung, sie in&#8230;<\/p>\n","protected":false},"author":14,"featured_media":0,"parent":0,"menu_order":0,"comment_status":"closed","ping_status":"closed","template":"","meta":{"_acf_changed":false,"footnotes":""},"class_list":["post-6426","page","type-page","status-publish","hentry"],"acf":[],"yoast_head":"<!-- This site is optimized with the Yoast SEO plugin v27.2 - https:\/\/yoast.com\/product\/yoast-seo-wordpress\/ -->\n<title>Geschenkkarten: Sch\u00f6nheit verschenken -<\/title>\n<meta name=\"description\" content=\"Sie suchen nach einem originellen Geschenk? Verschenken Sie einen Geschenkgutschein der Aepril-Kliniken: die perfekte \u00dcberraschung f\u00fcr Sch\u00f6nheit, Entspannung und Selbstf\u00fcrsorge.\" \/>\n<meta name=\"robots\" content=\"index, follow, max-snippet:-1, max-image-preview:large, max-video-preview:-1\" \/>\n<link rel=\"canonical\" href=\"https:\/\/aeprilclinics.nl\/de\/geschenkkarten\/\" \/>\n<meta property=\"og:locale\" content=\"de_DE\" \/>\n<meta property=\"og:type\" content=\"article\" \/>\n<meta property=\"og:title\" content=\"Geschenkkarten: Sch\u00f6nheit verschenken -\" \/>\n<meta property=\"og:description\" content=\"Sie suchen nach einem originellen Geschenk? Verschenken Sie einen Geschenkgutschein der Aepril-Kliniken: die perfekte \u00dcberraschung f\u00fcr Sch\u00f6nheit, Entspannung und Selbstf\u00fcrsorge.\" \/>\n<meta property=\"og:url\" content=\"https:\/\/aeprilclinics.nl\/de\/geschenkkarten\/\" \/>\n<meta property=\"og:site_name\" content=\"Aepril\" \/>\n<meta property=\"article:modified_time\" content=\"2026-05-12T20:22:53+00:00\" \/>\n<meta name=\"twitter:card\" content=\"summary_large_image\" \/>\n<meta name=\"twitter:label1\" content=\"Gesch\u00e4tzte Lesezeit\" \/>\n\t<meta name=\"twitter:data1\" content=\"1\u00a0Minute\" \/>\n<script type=\"application\/ld+json\" class=\"yoast-schema-graph\">{\"@context\":\"https:\/\/schema.org\",\"@graph\":[{\"@type\":\"WebPage\",\"@id\":\"https:\/\/aeprilclinics.nl\/de\/geschenkkarten\/\",\"url\":\"https:\/\/aeprilclinics.nl\/de\/geschenkkarten\/\",\"name\":\"Geschenkkarten: Sch\u00f6nheit verschenken -\",\"isPartOf\":{\"@id\":\"https:\/\/aeprilclinics.nl\/de\/#website\"},\"datePublished\":\"2025-10-07T20:32:34+00:00\",\"dateModified\":\"2026-05-12T20:22:53+00:00\",\"description\":\"Sie suchen nach einem originellen Geschenk? Verschenken Sie einen Geschenkgutschein der Aepril-Kliniken: die perfekte \u00dcberraschung f\u00fcr Sch\u00f6nheit, Entspannung und Selbstf\u00fcrsorge.\",\"breadcrumb\":{\"@id\":\"https:\/\/aeprilclinics.nl\/de\/geschenkkarten\/#breadcrumb\"},\"inLanguage\":\"de\",\"potentialAction\":[{\"@type\":\"ReadAction\",\"target\":[\"https:\/\/aeprilclinics.nl\/de\/geschenkkarten\/\"]}]},{\"@type\":\"BreadcrumbList\",\"@id\":\"https:\/\/aeprilclinics.nl\/de\/geschenkkarten\/#breadcrumb\",\"itemListElement\":[{\"@type\":\"ListItem\",\"position\":1,\"name\":\"Home\",\"item\":\"https:\/\/aeprilclinics.nl\/de\/\"},{\"@type\":\"ListItem\",\"position\":2,\"name\":\"Geschenkkarten\"}]},{\"@type\":\"WebSite\",\"@id\":\"https:\/\/aeprilclinics.nl\/de\/#website\",\"url\":\"https:\/\/aeprilclinics.nl\/de\/\",\"name\":\"Aepril\",\"description\":\"\",\"potentialAction\":[{\"@type\":\"SearchAction\",\"target\":{\"@type\":\"EntryPoint\",\"urlTemplate\":\"https:\/\/aeprilclinics.nl\/de\/?s={search_term_string}\"},\"query-input\":{\"@type\":\"PropertyValueSpecification\",\"valueRequired\":true,\"valueName\":\"search_term_string\"}}],\"inLanguage\":\"de\"}]}<\/script>\n<!-- \/ Yoast SEO plugin. -->","yoast_head_json":{"title":"Geschenkkarten: Sch\u00f6nheit verschenken -","description":"Sie suchen nach einem originellen Geschenk? Verschenken Sie einen Geschenkgutschein der Aepril-Kliniken: die perfekte \u00dcberraschung f\u00fcr Sch\u00f6nheit, Entspannung und Selbstf\u00fcrsorge.","robots":{"index":"index","follow":"follow","max-snippet":"max-snippet:-1","max-image-preview":"max-image-preview:large","max-video-preview":"max-video-preview:-1"},"canonical":"https:\/\/aeprilclinics.nl\/de\/geschenkkarten\/","og_locale":"de_DE","og_type":"article","og_title":"Geschenkkarten: Sch\u00f6nheit verschenken -","og_description":"Sie suchen nach einem originellen Geschenk? Verschenken Sie einen Geschenkgutschein der Aepril-Kliniken: die perfekte \u00dcberraschung f\u00fcr Sch\u00f6nheit, Entspannung und Selbstf\u00fcrsorge.","og_url":"https:\/\/aeprilclinics.nl\/de\/geschenkkarten\/","og_site_name":"Aepril","article_modified_time":"2026-05-12T20:22:53+00:00","twitter_card":"summary_large_image","twitter_misc":{"Gesch\u00e4tzte Lesezeit":"1\u00a0Minute"},"schema":{"@context":"https:\/\/schema.org","@graph":[{"@type":"WebPage","@id":"https:\/\/aeprilclinics.nl\/de\/geschenkkarten\/","url":"https:\/\/aeprilclinics.nl\/de\/geschenkkarten\/","name":"Geschenkkarten: Sch\u00f6nheit verschenken -","isPartOf":{"@id":"https:\/\/aeprilclinics.nl\/de\/#website"},"datePublished":"2025-10-07T20:32:34+00:00","dateModified":"2026-05-12T20:22:53+00:00","description":"Sie suchen nach einem originellen Geschenk? Verschenken Sie einen Geschenkgutschein der Aepril-Kliniken: die perfekte \u00dcberraschung f\u00fcr Sch\u00f6nheit, Entspannung und Selbstf\u00fcrsorge.","breadcrumb":{"@id":"https:\/\/aeprilclinics.nl\/de\/geschenkkarten\/#breadcrumb"},"inLanguage":"de","potentialAction":[{"@type":"ReadAction","target":["https:\/\/aeprilclinics.nl\/de\/geschenkkarten\/"]}]},{"@type":"BreadcrumbList","@id":"https:\/\/aeprilclinics.nl\/de\/geschenkkarten\/#breadcrumb","itemListElement":[{"@type":"ListItem","position":1,"name":"Home","item":"https:\/\/aeprilclinics.nl\/de\/"},{"@type":"ListItem","position":2,"name":"Geschenkkarten"}]},{"@type":"WebSite","@id":"https:\/\/aeprilclinics.nl\/de\/#website","url":"https:\/\/aeprilclinics.nl\/de\/","name":"Aepril","description":"","potentialAction":[{"@type":"SearchAction","target":{"@type":"EntryPoint","urlTemplate":"https:\/\/aeprilclinics.nl\/de\/?s={search_term_string}"},"query-input":{"@type":"PropertyValueSpecification","valueRequired":true,"valueName":"search_term_string"}}],"inLanguage":"de"}]}},"_links":{"self":[{"href":"https:\/\/aeprilclinics.nl\/de\/wp-json\/wp\/v2\/pages\/6426","targetHints":{"allow":["GET"]}}],"collection":[{"href":"https:\/\/aeprilclinics.nl\/de\/wp-json\/wp\/v2\/pages"}],"about":[{"href":"https:\/\/aeprilclinics.nl\/de\/wp-json\/wp\/v2\/types\/page"}],"author":[{"embeddable":true,"href":"https:\/\/aeprilclinics.nl\/de\/wp-json\/wp\/v2\/users\/14"}],"replies":[{"embeddable":true,"href":"https:\/\/aeprilclinics.nl\/de\/wp-json\/wp\/v2\/comments?post=6426"}],"version-history":[{"count":2,"href":"https:\/\/aeprilclinics.nl\/de\/wp-json\/wp\/v2\/pages\/6426\/revisions"}],"predecessor-version":[{"id":6538,"href":"https:\/\/aeprilclinics.nl\/de\/wp-json\/wp\/v2\/pages\/6426\/revisions\/6538"}],"wp:attachment":[{"href":"https:\/\/aeprilclinics.nl\/de\/wp-json\/wp\/v2\/media?parent=6426"}],"curies":[{"name":"wp","href":"https:\/\/api.w.org\/{rel}","templated":true}]}}