{"id":6388,"date":"2026-03-12T08:46:48","date_gmt":"2026-03-12T08:46:48","guid":{"rendered":"https:\/\/aeprilclinics.nl\/aepril-akademie\/"},"modified":"2026-05-12T20:20:34","modified_gmt":"2026-05-12T20:20:34","slug":"aepril-akademie","status":"publish","type":"page","link":"https:\/\/aeprilclinics.nl\/de\/aepril-akademie\/","title":{"rendered":"Aepril Akademie"},"content":{"rendered":"\n<div class=\"wp-block-media-text has-media-on-the-right is-stacked-on-mobile is-image-fill-element\"><div class=\"wp-block-media-text__content\">\n<h2 class=\"wp-block-heading\">Was ist die Aepril-Akademie?<\/h2>\n\n\n\n<p>Bei den Aepril-Kliniken ist Qualit\u00e4t der Schl\u00fcssel. \u00dcber die <strong>Aepril-Akademie<\/strong> bilden wir unsere \u00c4rzte intern unter der Leitung eines Kosmetikarztes aus.   <strong>Dr. Elnaz Alagha <\/strong>.  <\/p>\n\n\n\n<p>W\u00e4hrend dieses Ausbildungsprogramms werden die \u00c4rzte intensiv betreut und arbeiten unter strenger Aufsicht. Die gesamte Ausbildung erfolgt nach den Richtlinien der <strong>IGJ (Gesundheits- und Jugendinspektion)<\/strong> und des <strong>NVCG<\/strong>.   <br\/><br\/>So wird sichergestellt, dass jede Behandlung den h\u00f6chsten medizinischen und ethischen Standards entspricht. Sicherheit, Pr\u00e4zision und nat\u00fcrliche Ergebnisse stehen immer an erster Stelle. <br\/><br\/>PS: Wir sind derzeit auf der Suche nach Kosmetik\u00e4rzten und -praktikern f\u00fcr unsere Klinik in Utrecht und Hengelo.  <br\/><a href=\"https:\/\/aeprilclinics.nl\/werken-bij-aepril\/\" type=\"page\" id=\"1063\">Klicken Sie hier f\u00fcr mehr.<\/a><\/p>\n<\/div><figure class=\"wp-block-media-text__media\"><img loading=\"lazy\" decoding=\"async\" width=\"1024\" height=\"871\" src=\"https:\/\/aeprilclinics.nl\/wp-content\/uploads\/2025\/06\/Screenshot-2025-06-11-at-09.13.41-1024x871.png\" alt=\"\" class=\"wp-image-2886 size-full\" style=\"object-position:50% 50%\" srcset=\"https:\/\/aeprilclinics.nl\/wp-content\/uploads\/2025\/06\/Screenshot-2025-06-11-at-09.13.41-1024x871.png 1024w, https:\/\/aeprilclinics.nl\/wp-content\/uploads\/2025\/06\/Screenshot-2025-06-11-at-09.13.41-300x255.png 300w, https:\/\/aeprilclinics.nl\/wp-content\/uploads\/2025\/06\/Screenshot-2025-06-11-at-09.13.41-768x653.png 768w, https:\/\/aeprilclinics.nl\/wp-content\/uploads\/2025\/06\/Screenshot-2025-06-11-at-09.13.41-318x270.png 318w, https:\/\/aeprilclinics.nl\/wp-content\/uploads\/2025\/06\/Screenshot-2025-06-11-at-09.13.41.png 1056w\" sizes=\"auto, (max-width: 1024px) 100vw, 1024px\" \/><\/figure><\/div>\n\n<div style=\"height:100px\" aria-hidden=\"true\" class=\"wp-block-spacer\"><\/div>\n\n<div class=\"wp-block-media-text is-stacked-on-mobile is-image-fill-element\"><figure class=\"wp-block-media-text__media\"><img loading=\"lazy\" decoding=\"async\" width=\"683\" height=\"1024\" src=\"https:\/\/aeprilclinics.nl\/wp-content\/uploads\/2025\/01\/BN4A0034-1-1-683x1024.jpg\" alt=\"\" class=\"wp-image-1009 size-full\" style=\"object-position:50% 50%\" srcset=\"https:\/\/aeprilclinics.nl\/wp-content\/uploads\/2025\/01\/BN4A0034-1-1-683x1024.jpg 683w, https:\/\/aeprilclinics.nl\/wp-content\/uploads\/2025\/01\/BN4A0034-1-1-200x300.jpg 200w, https:\/\/aeprilclinics.nl\/wp-content\/uploads\/2025\/01\/BN4A0034-1-1-768x1152.jpg 768w, https:\/\/aeprilclinics.nl\/wp-content\/uploads\/2025\/01\/BN4A0034-1-1-1024x1536.jpg 1024w, https:\/\/aeprilclinics.nl\/wp-content\/uploads\/2025\/01\/BN4A0034-1-1-1365x2048.jpg 1365w, https:\/\/aeprilclinics.nl\/wp-content\/uploads\/2025\/01\/BN4A0034-1-1-180x270.jpg 180w, https:\/\/aeprilclinics.nl\/wp-content\/uploads\/2025\/01\/BN4A0034-1-1-scaled.jpg 1707w\" sizes=\"auto, (max-width: 683px) 100vw, 683px\" \/><\/figure><div class=\"wp-block-media-text__content\">\n<h2 class=\"wp-block-heading\">Interne Ausbildung<\/h2>\n\n\n\n<p>Innerhalb der Aepril Academy organisieren wir das ganze Jahr \u00fcber verschiedene Fortbildungen. Ein Trainingsprogramm an der Aepril Academy dauert im Durchschnitt 3 Monate und die \u00c4rzte arbeiten auch danach noch eine Zeit lang unter Supervision, das ist wesentlich l\u00e4nger als der durchschnittliche Trainer in den Niederlanden. Das liegt daran, dass wir nicht nur Wert auf das Wissen, sondern auch auf das Selbstvertrauen des Arztes legen.  <br\/><br\/>Die \u00c4rzte nehmen unter anderem an Theorietagen, Trainingstagen, Workshops und praktischen Schulungen teil, in denen sie Techniken weiterentwickeln.  <br\/><br\/>Dar\u00fcber hinaus finden regelm\u00e4\u00dfig Veranstaltungen und spezielle Schulungen statt, um das Wissen zu vertiefen und neue Behandlungsmethoden einzuf\u00fchren. Bei diesen Schulungen steht die praktische Erfahrung im Vordergrund, wobei die \u00c4rzte unter Aufsicht arbeiten, um ihre F\u00e4higkeiten zu verfeinern.   <br\/><br\/>Auf diese Weise stellen wir sicher, dass unser Team weiter w\u00e4chst und sich kontinuierlich weiterentwickelt.<\/p>\n<\/div><\/div>\n\n<div style=\"height:100px\" aria-hidden=\"true\" class=\"wp-block-spacer\"><\/div>\n\n<div class=\"wp-block-media-text has-media-on-the-right is-stacked-on-mobile is-image-fill-element\"><div class=\"wp-block-media-text__content\">\n<h2 class=\"wp-block-heading\">Unsere Partner<\/h2>\n\n\n\n<p>Die Aepril Academy arbeitet auch mit f\u00fchrenden pharmazeutischen und \u00e4sthetischen Unternehmen wie <a href=\"https:\/\/merzaesthetics.nl\/\">Merz Aesthetics<\/a>, <a href=\"https:\/\/www.ibsaderma.nl\/nl\/\">IBSA,<\/a> <a href=\"https:\/\/www.cromapharma.com\/nl\/\">Croma Pharma<\/a> und <a href=\"https:\/\/www.galderma.com\/benelux\">Galderma zusammen .<\/a> <br\/><br\/>Durch diese Kooperationen sind wir immer auf dem neuesten Stand der kosmetischen Medizin. Neben den Fortbildungskursen organisieren wir auch Testmomente, praktische Pr\u00fcfungen und Kompetenztrainings, um das Niveau unserer \u00c4rzte zu sichern.   <br\/><br\/>Auf diese Weise investieren die Aepril-Kliniken kontinuierlich in Wissen, Innovation und Qualit\u00e4t. Als Kunde werden Sie dies an sicheren Behandlungen und konsistenten, hochwertigen Ergebnissen merken. <br\/><br\/><\/p>\n<\/div><figure class=\"wp-block-media-text__media\"><img loading=\"lazy\" decoding=\"async\" width=\"683\" height=\"1024\" src=\"https:\/\/aeprilclinics.nl\/wp-content\/uploads\/2025\/01\/BN4A8716-683x1024.jpg\" alt=\"\" class=\"wp-image-1008 size-full\" style=\"object-position:89% 29%\" srcset=\"https:\/\/aeprilclinics.nl\/wp-content\/uploads\/2025\/01\/BN4A8716-683x1024.jpg 683w, https:\/\/aeprilclinics.nl\/wp-content\/uploads\/2025\/01\/BN4A8716-200x300.jpg 200w, https:\/\/aeprilclinics.nl\/wp-content\/uploads\/2025\/01\/BN4A8716-768x1152.jpg 768w, https:\/\/aeprilclinics.nl\/wp-content\/uploads\/2025\/01\/BN4A8716-1024x1536.jpg 1024w, https:\/\/aeprilclinics.nl\/wp-content\/uploads\/2025\/01\/BN4A8716-1365x2048.jpg 1365w, https:\/\/aeprilclinics.nl\/wp-content\/uploads\/2025\/01\/BN4A8716-180x270.jpg 180w, https:\/\/aeprilclinics.nl\/wp-content\/uploads\/2025\/01\/BN4A8716-scaled.jpg 1707w\" sizes=\"auto, (max-width: 683px) 100vw, 683px\" \/><\/figure><\/div>\n\n<hr class=\"wp-block-separator has-alpha-channel-opacity\"\/>\n\n<div class=\"wp-block-cover alignfull is-light wave\" style=\"margin-top:var(--wp--preset--spacing--60);margin-bottom:0;padding-bottom:var(--wp--preset--spacing--30)\"><span aria-hidden=\"true\" class=\"wp-block-cover__background has-accent-background-color has-background-dim-100 has-background-dim\"><\/span><div class=\"wp-block-cover__inner-container has-global-padding is-layout-constrained wp-block-cover-is-layout-constrained\">\n<h2 class=\"wp-block-heading has-text-align-center\">Ihr Look, vom Feinsten.<\/h2>\n\n\n\n<div style=\"height:15px\" aria-hidden=\"true\" class=\"wp-block-spacer\"><\/div>\n\n\n\n<div class=\"wp-block-buttons is-content-justification-center is-layout-flex wp-container-core-buttons-is-layout-a89b3969 wp-block-buttons-is-layout-flex\">\n<div class=\"wp-block-button\"><a class=\"wp-block-button__link has-base-color has-accent-3-background-color has-text-color has-background has-link-color wp-element-button\" href=\"https:\/\/aeprilclinics.nl\/de\/kostenlose-beratung-buchen\/\">Kostenlose Beratung buchen<\/a><\/div>\n<\/div>\n<\/div><\/div>\n\n<p><\/p>\n","protected":false},"excerpt":{"rendered":"<p>Was ist die Aepril-Akademie? Bei den Aepril-Kliniken ist Qualit\u00e4t der Schl\u00fcssel. \u00dcber die Aepril-Akademie bilden wir unsere \u00c4rzte intern unter der Leitung eines Kosmetikarztes aus. Dr. Elnaz Alagha . W\u00e4hrend dieses Ausbildungsprogramms werden die \u00c4rzte intensiv betreut und arbeiten unter&#8230;<\/p>\n","protected":false},"author":14,"featured_media":0,"parent":0,"menu_order":0,"comment_status":"closed","ping_status":"closed","template":"","meta":{"_acf_changed":false,"footnotes":""},"class_list":["post-6388","page","type-page","status-publish","hentry"],"acf":[],"yoast_head":"<!-- This site is optimized with the Yoast SEO plugin v27.2 - https:\/\/yoast.com\/product\/yoast-seo-wordpress\/ -->\n<title>Aepril Akademie - Aepril<\/title>\n<meta name=\"robots\" content=\"index, follow, max-snippet:-1, max-image-preview:large, max-video-preview:-1\" \/>\n<link rel=\"canonical\" href=\"https:\/\/aeprilclinics.nl\/de\/aepril-akademie\/\" \/>\n<meta property=\"og:locale\" content=\"de_DE\" \/>\n<meta property=\"og:type\" content=\"article\" \/>\n<meta property=\"og:title\" content=\"Aepril Akademie - Aepril\" \/>\n<meta property=\"og:description\" content=\"Was ist die Aepril-Akademie? Bei den Aepril-Kliniken ist Qualit\u00e4t der Schl\u00fcssel. \u00dcber die Aepril-Akademie bilden wir unsere \u00c4rzte intern unter der Leitung eines Kosmetikarztes aus. Dr. Elnaz Alagha . W\u00e4hrend dieses Ausbildungsprogramms werden die \u00c4rzte intensiv betreut und arbeiten unter...\" \/>\n<meta property=\"og:url\" content=\"https:\/\/aeprilclinics.nl\/de\/aepril-akademie\/\" \/>\n<meta property=\"og:site_name\" content=\"Aepril\" \/>\n<meta property=\"article:modified_time\" content=\"2026-05-12T20:20:34+00:00\" \/>\n<meta property=\"og:image\" content=\"https:\/\/aeprilclinics.nl\/wp-content\/uploads\/2025\/06\/Screenshot-2025-06-11-at-09.13.41.png\" \/>\n\t<meta property=\"og:image:width\" content=\"1056\" \/>\n\t<meta property=\"og:image:height\" content=\"898\" \/>\n\t<meta property=\"og:image:type\" content=\"image\/png\" \/>\n<meta name=\"twitter:card\" content=\"summary_large_image\" \/>\n<meta name=\"twitter:label1\" content=\"Gesch\u00e4tzte Lesezeit\" \/>\n\t<meta name=\"twitter:data1\" content=\"2\u00a0Minuten\" \/>\n<script type=\"application\/ld+json\" class=\"yoast-schema-graph\">{\"@context\":\"https:\/\/schema.org\",\"@graph\":[{\"@type\":\"WebPage\",\"@id\":\"https:\/\/aeprilclinics.nl\/de\/aepril-akademie\/\",\"url\":\"https:\/\/aeprilclinics.nl\/de\/aepril-akademie\/\",\"name\":\"Aepril Akademie - Aepril\",\"isPartOf\":{\"@id\":\"https:\/\/aeprilclinics.nl\/de\/#website\"},\"primaryImageOfPage\":{\"@id\":\"https:\/\/aeprilclinics.nl\/de\/aepril-akademie\/#primaryimage\"},\"image\":{\"@id\":\"https:\/\/aeprilclinics.nl\/de\/aepril-akademie\/#primaryimage\"},\"thumbnailUrl\":\"https:\/\/aeprilclinics.nl\/wp-content\/uploads\/2025\/06\/Screenshot-2025-06-11-at-09.13.41-1024x871.png\",\"datePublished\":\"2026-03-12T08:46:48+00:00\",\"dateModified\":\"2026-05-12T20:20:34+00:00\",\"breadcrumb\":{\"@id\":\"https:\/\/aeprilclinics.nl\/de\/aepril-akademie\/#breadcrumb\"},\"inLanguage\":\"de\",\"potentialAction\":[{\"@type\":\"ReadAction\",\"target\":[\"https:\/\/aeprilclinics.nl\/de\/aepril-akademie\/\"]}]},{\"@type\":\"ImageObject\",\"inLanguage\":\"de\",\"@id\":\"https:\/\/aeprilclinics.nl\/de\/aepril-akademie\/#primaryimage\",\"url\":\"https:\/\/aeprilclinics.nl\/wp-content\/uploads\/2025\/06\/Screenshot-2025-06-11-at-09.13.41-1024x871.png\",\"contentUrl\":\"https:\/\/aeprilclinics.nl\/wp-content\/uploads\/2025\/06\/Screenshot-2025-06-11-at-09.13.41-1024x871.png\"},{\"@type\":\"BreadcrumbList\",\"@id\":\"https:\/\/aeprilclinics.nl\/de\/aepril-akademie\/#breadcrumb\",\"itemListElement\":[{\"@type\":\"ListItem\",\"position\":1,\"name\":\"Home\",\"item\":\"https:\/\/aeprilclinics.nl\/de\/\"},{\"@type\":\"ListItem\",\"position\":2,\"name\":\"Aepril Akademie\"}]},{\"@type\":\"WebSite\",\"@id\":\"https:\/\/aeprilclinics.nl\/de\/#website\",\"url\":\"https:\/\/aeprilclinics.nl\/de\/\",\"name\":\"Aepril\",\"description\":\"\",\"potentialAction\":[{\"@type\":\"SearchAction\",\"target\":{\"@type\":\"EntryPoint\",\"urlTemplate\":\"https:\/\/aeprilclinics.nl\/de\/?s={search_term_string}\"},\"query-input\":{\"@type\":\"PropertyValueSpecification\",\"valueRequired\":true,\"valueName\":\"search_term_string\"}}],\"inLanguage\":\"de\"}]}<\/script>\n<!-- \/ Yoast SEO plugin. -->","yoast_head_json":{"title":"Aepril Akademie - Aepril","robots":{"index":"index","follow":"follow","max-snippet":"max-snippet:-1","max-image-preview":"max-image-preview:large","max-video-preview":"max-video-preview:-1"},"canonical":"https:\/\/aeprilclinics.nl\/de\/aepril-akademie\/","og_locale":"de_DE","og_type":"article","og_title":"Aepril Akademie - Aepril","og_description":"Was ist die Aepril-Akademie? Bei den Aepril-Kliniken ist Qualit\u00e4t der Schl\u00fcssel. \u00dcber die Aepril-Akademie bilden wir unsere \u00c4rzte intern unter der Leitung eines Kosmetikarztes aus. Dr. Elnaz Alagha . W\u00e4hrend dieses Ausbildungsprogramms werden die \u00c4rzte intensiv betreut und arbeiten unter...","og_url":"https:\/\/aeprilclinics.nl\/de\/aepril-akademie\/","og_site_name":"Aepril","article_modified_time":"2026-05-12T20:20:34+00:00","og_image":[{"width":1056,"height":898,"url":"https:\/\/aeprilclinics.nl\/wp-content\/uploads\/2025\/06\/Screenshot-2025-06-11-at-09.13.41.png","type":"image\/png"}],"twitter_card":"summary_large_image","twitter_misc":{"Gesch\u00e4tzte Lesezeit":"2\u00a0Minuten"},"schema":{"@context":"https:\/\/schema.org","@graph":[{"@type":"WebPage","@id":"https:\/\/aeprilclinics.nl\/de\/aepril-akademie\/","url":"https:\/\/aeprilclinics.nl\/de\/aepril-akademie\/","name":"Aepril Akademie - Aepril","isPartOf":{"@id":"https:\/\/aeprilclinics.nl\/de\/#website"},"primaryImageOfPage":{"@id":"https:\/\/aeprilclinics.nl\/de\/aepril-akademie\/#primaryimage"},"image":{"@id":"https:\/\/aeprilclinics.nl\/de\/aepril-akademie\/#primaryimage"},"thumbnailUrl":"https:\/\/aeprilclinics.nl\/wp-content\/uploads\/2025\/06\/Screenshot-2025-06-11-at-09.13.41-1024x871.png","datePublished":"2026-03-12T08:46:48+00:00","dateModified":"2026-05-12T20:20:34+00:00","breadcrumb":{"@id":"https:\/\/aeprilclinics.nl\/de\/aepril-akademie\/#breadcrumb"},"inLanguage":"de","potentialAction":[{"@type":"ReadAction","target":["https:\/\/aeprilclinics.nl\/de\/aepril-akademie\/"]}]},{"@type":"ImageObject","inLanguage":"de","@id":"https:\/\/aeprilclinics.nl\/de\/aepril-akademie\/#primaryimage","url":"https:\/\/aeprilclinics.nl\/wp-content\/uploads\/2025\/06\/Screenshot-2025-06-11-at-09.13.41-1024x871.png","contentUrl":"https:\/\/aeprilclinics.nl\/wp-content\/uploads\/2025\/06\/Screenshot-2025-06-11-at-09.13.41-1024x871.png"},{"@type":"BreadcrumbList","@id":"https:\/\/aeprilclinics.nl\/de\/aepril-akademie\/#breadcrumb","itemListElement":[{"@type":"ListItem","position":1,"name":"Home","item":"https:\/\/aeprilclinics.nl\/de\/"},{"@type":"ListItem","position":2,"name":"Aepril Akademie"}]},{"@type":"WebSite","@id":"https:\/\/aeprilclinics.nl\/de\/#website","url":"https:\/\/aeprilclinics.nl\/de\/","name":"Aepril","description":"","potentialAction":[{"@type":"SearchAction","target":{"@type":"EntryPoint","urlTemplate":"https:\/\/aeprilclinics.nl\/de\/?s={search_term_string}"},"query-input":{"@type":"PropertyValueSpecification","valueRequired":true,"valueName":"search_term_string"}}],"inLanguage":"de"}]}},"_links":{"self":[{"href":"https:\/\/aeprilclinics.nl\/de\/wp-json\/wp\/v2\/pages\/6388","targetHints":{"allow":["GET"]}}],"collection":[{"href":"https:\/\/aeprilclinics.nl\/de\/wp-json\/wp\/v2\/pages"}],"about":[{"href":"https:\/\/aeprilclinics.nl\/de\/wp-json\/wp\/v2\/types\/page"}],"author":[{"embeddable":true,"href":"https:\/\/aeprilclinics.nl\/de\/wp-json\/wp\/v2\/users\/14"}],"replies":[{"embeddable":true,"href":"https:\/\/aeprilclinics.nl\/de\/wp-json\/wp\/v2\/comments?post=6388"}],"version-history":[{"count":1,"href":"https:\/\/aeprilclinics.nl\/de\/wp-json\/wp\/v2\/pages\/6388\/revisions"}],"predecessor-version":[{"id":6389,"href":"https:\/\/aeprilclinics.nl\/de\/wp-json\/wp\/v2\/pages\/6388\/revisions\/6389"}],"wp:attachment":[{"href":"https:\/\/aeprilclinics.nl\/de\/wp-json\/wp\/v2\/media?parent=6388"}],"curies":[{"name":"wp","href":"https:\/\/api.w.org\/{rel}","templated":true}]}}